{"id":99106,"date":"2016-07-12T20:11:18","date_gmt":"2016-07-12T18:11:18","guid":{"rendered":"https:\/\/tourtravelandmore.com\/tours\/non%20class\u00e9\/visite-privee-de-saint-sebastien-au-depart-de-bilbao\/"},"modified":"2024-02-01T19:46:33","modified_gmt":"2024-02-01T18:46:33","slug":"visite-privee-de-saint-sebastien-au-depart-de-bilbao","status":"publish","type":"product","link":"https:\/\/tourtravelandmore.com\/fr\/tours\/espagne-fr\/bilbao-fr\/toutes-les-visites-et-activites-privees-fr-6\/visite-privee-de-saint-sebastien-au-depart-de-bilbao\/","title":{"rendered":"Visite priv\u00e9e de Saint-S\u00e9bastien au d\u00e9part de Bilbao"},"content":{"rendered":"<h2><b>Circuit priv\u00e9 enrichi de Saint-S\u00e9bastien au d\u00e9part de Bilbao Description<\/b><\/h2>\n<p><span style=\"font-weight: 400;\">D\u00e9couvrez l&#8217;attrait de Saint-S\u00e9bastien, l&#8217;un des joyaux du Pays basque, gr\u00e2ce \u00e0 notre visite priv\u00e9e compl\u00e8te de Saint-S\u00e9bastien au d\u00e9part de Bilbao. Cette excursion d&#8217;une journ\u00e9e compl\u00e8te est con\u00e7ue de mani\u00e8re experte pour d\u00e9voiler la beaut\u00e9 enchanteresse, la riche histoire et la culture vibrante de Saint-S\u00e9bastien, tout en offrant le luxe et le confort d&#8217;un transport priv\u00e9 au d\u00e9part de Bilbao.<\/span><\/p>\n<p><span style=\"font-weight: 400;\">Votre voyage commence par une prise en charge pratique et luxueuse \u00e0 Bilbao, o\u00f9 notre chauffeur professionnel vous attendra. Alors que nous entamons la route panoramique vers San Sebasti\u00e1n, les paysages pittoresques de la c\u00f4te basque d\u00e9fileront devant vous, pr\u00e9parant le terrain pour une journ\u00e9e d&#8217;exploration inoubliable.<\/span><\/p>\n<p><span style=\"font-weight: 400;\">\u00c0 l&#8217;arriv\u00e9e \u00e0 Saint-S\u00e9bastien, connue pour ses plages magnifiques et son excellence culinaire, vous serez accueilli par notre guide local expert. Pendant les quatre heures suivantes, vous embarquerez pour une visite personnalis\u00e9e qui vous plongera au c\u0153ur des sites les plus embl\u00e9matiques et des tr\u00e9sors cach\u00e9s de Saint-S\u00e9bastien. La connaissance intime de notre guide et sa passion pour la ville vous feront d\u00e9couvrir les histoires et les secrets qui font de Saint-S\u00e9bastien une destination vraiment unique.<\/span><\/p>\n<p><span style=\"font-weight: 400;\">Au cours de votre visite, vous aurez la possibilit\u00e9 de faire une pause et de savourer les d\u00e9lices gastronomiques locaux, en vous laissant tenter par les c\u00e9l\u00e8bres pintxos basques ou par un repas tranquille dans l&#8217;un des restaurants renomm\u00e9s de la ville. L&#8217;excursion se terminera par un confortable retour en voiture \u00e0 Bilbao, o\u00f9 nous veillerons \u00e0 ce que vous soyez d\u00e9pos\u00e9s \u00e0 l&#8217;endroit de votre choix, qu&#8217;il s&#8217;agisse de votre h\u00f4tel, d&#8217;un point d&#8217;int\u00e9r\u00eat local ou de toute autre destination pr\u00e9f\u00e9r\u00e9e.<\/span><\/p>\n<p><span style=\"font-weight: 400;\">En parcourant les rues anim\u00e9es de San Sebasti\u00e1n avec notre guide comp\u00e9tent, chaque moment devient une occasion de d\u00e9couverte et de ravissement. De l&#8217;embl\u00e9matique Playa de la Concha, avec son \u00e9l\u00e9gante promenade et son sable immacul\u00e9, \u00e0 la beaut\u00e9 historique du Palais Miramar, chaque site offre un aper\u00e7u de l&#8217;\u00e2me de la ville. Votre visite sera parsem\u00e9e d&#8217;anecdotes et de points de vue qui vous permettront d&#8217;entrer en contact avec l&#8217;essence m\u00eame de Saint-S\u00e9bastien.<\/span><\/p>\n<p><span style=\"font-weight: 400;\">Ce voyage personnalis\u00e9 vous emm\u00e8ne \u00e9galement sur les chemins les moins fr\u00e9quent\u00e9s de la ville, o\u00f9 vous d\u00e9couvrirez des caf\u00e9s cach\u00e9s, des boutiques d&#8217;artisans et des merveilles architecturales. Le m\u00e9lange harmonieux de l&#8217;ancien et du nouveau \u00e0 Saint-S\u00e9bastien est captivant, et notre circuit vous permet de vivre cette fusion unique. Qu&#8217;il s&#8217;agisse du charme du vieux quartier des p\u00eacheurs ou de l&#8217;attrait des installations d&#8217;art contemporain, San Sebasti\u00e1n ne cesse de surprendre.<\/span><\/p>\n<h2><b>Visite priv\u00e9e de Saint-S\u00e9bastien au d\u00e9part de Bilbao | Points d&#8217;int\u00e9r\u00eat et de rep\u00e8re \u00e9largis<\/b><\/h2>\n<ul>\n<li style=\"font-weight: 400;\" aria-level=\"1\"><b>Plage de La Concha <\/b><span style=\"font-weight: 400;\">: Admirez la beaut\u00e9 de la Concha, connue comme l&#8217;une des plus belles plages urbaines d&#8217;Europe. Sa forme en croissant et ses eaux scintillantes cr\u00e9ent un d\u00e9cor de carte postale.<\/span><\/li>\n<li style=\"font-weight: 400;\" aria-level=\"1\"><b>Baie de La Concha :<\/b><span style=\"font-weight: 400;\"> d\u00e9couvrez les vues \u00e0 couper le souffle de la baie, o\u00f9 l&#8217;\u00e9l\u00e9gance de la ville rencontre la beaut\u00e9 sereine de la mer.<\/span><\/li>\n<li style=\"font-weight: 400;\" aria-level=\"1\"><b>Vieille ville (Parte Vieja) <\/b><span style=\"font-weight: 400;\">: Traversez les rues charmantes de la vieille ville, orn\u00e9es de b\u00e2timents historiques et anim\u00e9es par des bars \u00e0 pintxos, qui offrent un aper\u00e7u du riche patrimoine culinaire de Saint-S\u00e9bastien.<\/span><\/li>\n<li style=\"font-weight: 400;\" aria-level=\"1\"><b>Vues du mont Urgull :<\/b><span style=\"font-weight: 400;\"> L&#8217;ascension du mont Urgull offre une vue panoramique sur la ville, un endroit id\u00e9al pour prendre des photos m\u00e9morables.<\/span><\/li>\n<li style=\"font-weight: 400;\" aria-level=\"1\"><b>Mus\u00e9e San Telmo :<\/b><span style=\"font-weight: 400;\"> D\u00e9couvrez l&#8217;histoire et la culture basques dans ce mus\u00e9e, install\u00e9 dans un ancien couvent.<\/span><\/li>\n<li style=\"font-weight: 400;\" aria-level=\"1\"><b>Place de la Constitution <\/b><span style=\"font-weight: 400;\">: Explorez cette place anim\u00e9e, le c\u0153ur de la vieille ville, qui a une signification historique et une ambiance anim\u00e9e.<\/span><\/li>\n<li style=\"font-weight: 400;\" aria-level=\"1\"><span style=\"font-weight: 400;\">Cath\u00e9drale du Bon Pasteur de Saint-S\u00e9bastien : Admirez cette impressionnante cath\u00e9drale, merveille architecturale et phare du patrimoine spirituel de la ville.<\/span><\/li>\n<li style=\"font-weight: 400;\" aria-level=\"1\"><b>Vue sur la plage de Zurriola :<\/b><span style=\"font-weight: 400;\"> Admirez la beaut\u00e9 contrast\u00e9e de la plage de Zurriola, tr\u00e8s appr\u00e9ci\u00e9e des surfeurs et symbole du dynamisme de la ville.<\/span><\/li>\n<li style=\"font-weight: 400;\" aria-level=\"1\"><b>Basilique de Santa Maria del Coro :<\/b><span style=\"font-weight: 400;\"> Visitez cette \u00e9tonnante basilique, qui pr\u00e9sente des \u0153uvres d&#8217;art et des d\u00e9tails architecturaux exquis.<\/span><\/li>\n<li style=\"font-weight: 400;\" aria-level=\"1\"><b>Plage d&#8217;Ondarreta :<\/b><span style=\"font-weight: 400;\"> Profitez de la beaut\u00e9 tranquille de la plage d&#8217;Ondarreta, tr\u00e8s appr\u00e9ci\u00e9e des habitants et des visiteurs.<\/span><\/li>\n<li style=\"font-weight: 400;\" aria-level=\"1\"><b>Vue de l&#8217;\u00eele de Santa Clara :<\/b><span style=\"font-weight: 400;\"> Admirez la vue enchanteresse de cette \u00eele, nich\u00e9e dans la baie de La Concha, qui offre une \u00e9chapp\u00e9e sereine.<\/span><\/li>\n<li style=\"font-weight: 400;\" aria-level=\"1\"><b>Peine del Viento :<\/b><span style=\"font-weight: 400;\"> Admirez les c\u00e9l\u00e8bres sculptures d&#8217;Eduardo Chillida, qui ornent gracieusement le littoral.<\/span><\/li>\n<li style=\"font-weight: 400;\" aria-level=\"1\"><b>Mont Igeldo :<\/b><span style=\"font-weight: 400;\"> terminez votre circuit par une visite du mont Igeldo, qui offre des vues incomparables sur la baie et le paysage urbain de Saint-S\u00e9bastien.<\/span><\/li>\n<\/ul>\n<p><span style=\"font-weight: 400;\">Cette visite compl\u00e8te est con\u00e7ue pour vous laisser des souvenirs imp\u00e9rissables de la beaut\u00e9 et du charme de Saint-S\u00e9bastien. <\/span><a href=\"https:\/\/tourtravelandmore.com\/fr\/city\/espagne-fr\/bilbao-fr\/\"><span style=\"font-weight: 400;\">Ne manquez pas l&#8217;occasion d&#8217;explorer les autres circuits captivants que nous proposons \u00e0 Bilbao et au-del\u00e0, <\/span><\/a><span style=\"font-weight: 400;\">chacun promettant des exp\u00e9riences uniques et des d\u00e9couvertes personnelles.<\/span><\/p>\n","protected":false},"excerpt":{"rendered":"<p><span style=\"font-weight: 400;\">Participez \u00e0 notre visite priv\u00e9e de San Sebasti\u00e1n au d\u00e9part de Bilbao pour une exp\u00e9rience immersive au c\u0153ur de la culture basque. Explorez des plages magnifiques, la vieille ville historique, et profitez de d\u00e9lices gastronomiques, le tout dans le confort d&#8217;une visite priv\u00e9e.<\/span><\/p>\n","protected":false},"featured_media":95879,"comment_status":"open","ping_status":"closed","template":"","meta":{"_acf_changed":false},"product_brand":[],"product_cat":[4739,4738,4737,4740,3574],"product_tag":[],"class_list":{"0":"post-99106","1":"product","2":"type-product","3":"status-publish","4":"has-post-thumbnail","6":"product_cat-excursions-a-terre-privees-fr","7":"product_cat-excursions-privees-dune-journee-fr-5","8":"product_cat-toutes-les-visites-et-activites-privees-fr-6","9":"product_cat-visites-guidees-privees-fr-8","10":"product_cat-bilbao-fr","12":"first","13":"instock","14":"shipping-taxable","15":"purchasable","16":"product-type-simple"},"acf":[],"yoast_head":"<!-- This site is optimized with the Yoast SEO Premium plugin v25.3.1 (Yoast SEO v25.3.1) - https:\/\/yoast.com\/wordpress\/plugins\/seo\/ -->\n<title>D\u00e9couvrez le charme de Saint-S\u00e9bastien : Visite priv\u00e9e depuis Bilbao avec Tour Travel and More<\/title>\n<meta name=\"description\" content=\"Explorez les plages embl\u00e9matiques, les sites historiques et les d\u00e9lices culinaires de San Sebasti\u00e1n lors d&#039;une visite priv\u00e9e au d\u00e9part de Bilbao. R\u00e9servez avec Tour Travel and More pour une exp\u00e9rience inoubliable. \u2705\" \/>\n<meta name=\"robots\" content=\"index, follow, max-snippet:-1, max-image-preview:large, max-video-preview:-1\" \/>\n<link rel=\"canonical\" href=\"https:\/\/tourtravelandmore.com\/fr\/tours\/espagne-fr\/bilbao-fr\/toutes-les-visites-et-activites-privees-fr-6\/visite-privee-de-saint-sebastien-au-depart-de-bilbao\/\" \/>\n<meta property=\"og:locale\" content=\"fr_FR\" \/>\n<meta property=\"og:type\" content=\"article\" \/>\n<meta property=\"og:title\" content=\"Visite priv\u00e9e de Saint-S\u00e9bastien au d\u00e9part de Bilbao\" \/>\n<meta property=\"og:description\" content=\"Explorez les plages embl\u00e9matiques, les sites historiques et les d\u00e9lices culinaires de San Sebasti\u00e1n lors d&#039;une visite priv\u00e9e au d\u00e9part de Bilbao. R\u00e9servez avec Tour Travel and More pour une exp\u00e9rience inoubliable. \u2705\" \/>\n<meta property=\"og:url\" content=\"https:\/\/tourtravelandmore.com\/fr\/tours\/espagne-fr\/bilbao-fr\/toutes-les-visites-et-activites-privees-fr-6\/visite-privee-de-saint-sebastien-au-depart-de-bilbao\/\" \/>\n<meta property=\"og:site_name\" content=\"Tour Travel And More\" \/>\n<meta property=\"article:publisher\" content=\"https:\/\/www.facebook.com\/tourtravelandmore\/\" \/>\n<meta property=\"article:modified_time\" content=\"2024-02-01T18:46:33+00:00\" \/>\n<meta property=\"og:image\" content=\"https:\/\/tourtravelandmore.com\/wp-content\/uploads\/2016\/07\/monte-igeldo-1.jpg\" \/>\n\t<meta property=\"og:image:width\" content=\"800\" \/>\n\t<meta property=\"og:image:height\" content=\"320\" \/>\n\t<meta property=\"og:image:type\" content=\"image\/jpeg\" \/>\n<meta name=\"twitter:card\" content=\"summary_large_image\" \/>\n<meta name=\"twitter:site\" content=\"@TourTravel_More\" \/>\n<meta name=\"twitter:label1\" content=\"Dur\u00e9e de lecture estim\u00e9e\" \/>\n\t<meta name=\"twitter:data1\" content=\"4 minutes\" \/>\n<script type=\"application\/ld+json\" class=\"yoast-schema-graph\">{\"@context\":\"https:\/\/schema.org\",\"@graph\":[{\"@type\":\"WebPage\",\"@id\":\"https:\/\/tourtravelandmore.com\/fr\/tours\/espagne-fr\/bilbao-fr\/toutes-les-visites-et-activites-privees-fr-6\/visite-privee-de-saint-sebastien-au-depart-de-bilbao\/\",\"url\":\"https:\/\/tourtravelandmore.com\/fr\/tours\/espagne-fr\/bilbao-fr\/toutes-les-visites-et-activites-privees-fr-6\/visite-privee-de-saint-sebastien-au-depart-de-bilbao\/\",\"name\":\"D\u00e9couvrez le charme de Saint-S\u00e9bastien : Visite priv\u00e9e depuis Bilbao avec Tour Travel and More\",\"isPartOf\":{\"@id\":\"https:\/\/tourtravelandmore.com\/fr\/#website\"},\"primaryImageOfPage\":{\"@id\":\"https:\/\/tourtravelandmore.com\/fr\/tours\/espagne-fr\/bilbao-fr\/toutes-les-visites-et-activites-privees-fr-6\/visite-privee-de-saint-sebastien-au-depart-de-bilbao\/#primaryimage\"},\"image\":{\"@id\":\"https:\/\/tourtravelandmore.com\/fr\/tours\/espagne-fr\/bilbao-fr\/toutes-les-visites-et-activites-privees-fr-6\/visite-privee-de-saint-sebastien-au-depart-de-bilbao\/#primaryimage\"},\"thumbnailUrl\":\"https:\/\/tourtravelandmore.com\/wp-content\/uploads\/2016\/07\/monte-igeldo-1.jpg\",\"datePublished\":\"2016-07-12T18:11:18+00:00\",\"dateModified\":\"2024-02-01T18:46:33+00:00\",\"description\":\"Explorez les plages embl\u00e9matiques, les sites historiques et les d\u00e9lices culinaires de San Sebasti\u00e1n lors d'une visite priv\u00e9e au d\u00e9part de Bilbao. R\u00e9servez avec Tour Travel and More pour une exp\u00e9rience inoubliable. \u2705\",\"breadcrumb\":{\"@id\":\"https:\/\/tourtravelandmore.com\/fr\/tours\/espagne-fr\/bilbao-fr\/toutes-les-visites-et-activites-privees-fr-6\/visite-privee-de-saint-sebastien-au-depart-de-bilbao\/#breadcrumb\"},\"inLanguage\":\"fr-FR\",\"potentialAction\":[{\"@type\":\"ReadAction\",\"target\":[\"https:\/\/tourtravelandmore.com\/fr\/tours\/espagne-fr\/bilbao-fr\/toutes-les-visites-et-activites-privees-fr-6\/visite-privee-de-saint-sebastien-au-depart-de-bilbao\/\"]}]},{\"@type\":\"ImageObject\",\"inLanguage\":\"fr-FR\",\"@id\":\"https:\/\/tourtravelandmore.com\/fr\/tours\/espagne-fr\/bilbao-fr\/toutes-les-visites-et-activites-privees-fr-6\/visite-privee-de-saint-sebastien-au-depart-de-bilbao\/#primaryimage\",\"url\":\"https:\/\/tourtravelandmore.com\/wp-content\/uploads\/2016\/07\/monte-igeldo-1.jpg\",\"contentUrl\":\"https:\/\/tourtravelandmore.com\/wp-content\/uploads\/2016\/07\/monte-igeldo-1.jpg\",\"width\":800,\"height\":320},{\"@type\":\"BreadcrumbList\",\"@id\":\"https:\/\/tourtravelandmore.com\/fr\/tours\/espagne-fr\/bilbao-fr\/toutes-les-visites-et-activites-privees-fr-6\/visite-privee-de-saint-sebastien-au-depart-de-bilbao\/#breadcrumb\",\"itemListElement\":[{\"@type\":\"ListItem\",\"position\":1,\"name\":\"Home\",\"item\":\"https:\/\/tourtravelandmore.com\/fr\/\"},{\"@type\":\"ListItem\",\"position\":2,\"name\":\"Tours\",\"item\":\"https:\/\/tourtravelandmore.com\/fr\/tours\/\"},{\"@type\":\"ListItem\",\"position\":3,\"name\":\"Visite priv\u00e9e de Saint-S\u00e9bastien au d\u00e9part de Bilbao\"}]},{\"@type\":\"WebSite\",\"@id\":\"https:\/\/tourtravelandmore.com\/fr\/#website\",\"url\":\"https:\/\/tourtravelandmore.com\/fr\/\",\"name\":\"Tour Travel And More\",\"description\":\"Private sightseeing tours and luxury transfers in Spain\",\"publisher\":{\"@id\":\"https:\/\/tourtravelandmore.com\/fr\/#organization\"},\"potentialAction\":[{\"@type\":\"SearchAction\",\"target\":{\"@type\":\"EntryPoint\",\"urlTemplate\":\"https:\/\/tourtravelandmore.com\/fr\/?s={search_term_string}\"},\"query-input\":{\"@type\":\"PropertyValueSpecification\",\"valueRequired\":true,\"valueName\":\"search_term_string\"}}],\"inLanguage\":\"fr-FR\"},{\"@type\":\"Organization\",\"@id\":\"https:\/\/tourtravelandmore.com\/fr\/#organization\",\"name\":\"Tour Travel And More\",\"url\":\"https:\/\/tourtravelandmore.com\/fr\/\",\"logo\":{\"@type\":\"ImageObject\",\"inLanguage\":\"fr-FR\",\"@id\":\"https:\/\/tourtravelandmore.com\/fr\/#\/schema\/logo\/image\/\",\"url\":\"https:\/\/tourtravelandmore.com\/wp-content\/uploads\/2022\/12\/cropped-logo-cabecera-new.png\",\"contentUrl\":\"https:\/\/tourtravelandmore.com\/wp-content\/uploads\/2022\/12\/cropped-logo-cabecera-new.png\",\"width\":430,\"height\":61,\"caption\":\"Tour Travel And More\"},\"image\":{\"@id\":\"https:\/\/tourtravelandmore.com\/fr\/#\/schema\/logo\/image\/\"},\"sameAs\":[\"https:\/\/www.facebook.com\/tourtravelandmore\/\",\"https:\/\/x.com\/TourTravel_More\"]}]}<\/script>\n<!-- \/ Yoast SEO Premium plugin. -->","yoast_head_json":{"title":"D\u00e9couvrez le charme de Saint-S\u00e9bastien : Visite priv\u00e9e depuis Bilbao avec Tour Travel and More","description":"Explorez les plages embl\u00e9matiques, les sites historiques et les d\u00e9lices culinaires de San Sebasti\u00e1n lors d'une visite priv\u00e9e au d\u00e9part de Bilbao. R\u00e9servez avec Tour Travel and More pour une exp\u00e9rience inoubliable. \u2705","robots":{"index":"index","follow":"follow","max-snippet":"max-snippet:-1","max-image-preview":"max-image-preview:large","max-video-preview":"max-video-preview:-1"},"canonical":"https:\/\/tourtravelandmore.com\/fr\/tours\/espagne-fr\/bilbao-fr\/toutes-les-visites-et-activites-privees-fr-6\/visite-privee-de-saint-sebastien-au-depart-de-bilbao\/","og_locale":"fr_FR","og_type":"article","og_title":"Visite priv\u00e9e de Saint-S\u00e9bastien au d\u00e9part de Bilbao","og_description":"Explorez les plages embl\u00e9matiques, les sites historiques et les d\u00e9lices culinaires de San Sebasti\u00e1n lors d'une visite priv\u00e9e au d\u00e9part de Bilbao. R\u00e9servez avec Tour Travel and More pour une exp\u00e9rience inoubliable. \u2705","og_url":"https:\/\/tourtravelandmore.com\/fr\/tours\/espagne-fr\/bilbao-fr\/toutes-les-visites-et-activites-privees-fr-6\/visite-privee-de-saint-sebastien-au-depart-de-bilbao\/","og_site_name":"Tour Travel And More","article_publisher":"https:\/\/www.facebook.com\/tourtravelandmore\/","article_modified_time":"2024-02-01T18:46:33+00:00","og_image":[{"width":800,"height":320,"url":"https:\/\/tourtravelandmore.com\/wp-content\/uploads\/2016\/07\/monte-igeldo-1.jpg","type":"image\/jpeg"}],"twitter_card":"summary_large_image","twitter_site":"@TourTravel_More","twitter_misc":{"Dur\u00e9e de lecture estim\u00e9e":"4 minutes"},"schema":{"@context":"https:\/\/schema.org","@graph":[{"@type":"WebPage","@id":"https:\/\/tourtravelandmore.com\/fr\/tours\/espagne-fr\/bilbao-fr\/toutes-les-visites-et-activites-privees-fr-6\/visite-privee-de-saint-sebastien-au-depart-de-bilbao\/","url":"https:\/\/tourtravelandmore.com\/fr\/tours\/espagne-fr\/bilbao-fr\/toutes-les-visites-et-activites-privees-fr-6\/visite-privee-de-saint-sebastien-au-depart-de-bilbao\/","name":"D\u00e9couvrez le charme de Saint-S\u00e9bastien : Visite priv\u00e9e depuis Bilbao avec Tour Travel and More","isPartOf":{"@id":"https:\/\/tourtravelandmore.com\/fr\/#website"},"primaryImageOfPage":{"@id":"https:\/\/tourtravelandmore.com\/fr\/tours\/espagne-fr\/bilbao-fr\/toutes-les-visites-et-activites-privees-fr-6\/visite-privee-de-saint-sebastien-au-depart-de-bilbao\/#primaryimage"},"image":{"@id":"https:\/\/tourtravelandmore.com\/fr\/tours\/espagne-fr\/bilbao-fr\/toutes-les-visites-et-activites-privees-fr-6\/visite-privee-de-saint-sebastien-au-depart-de-bilbao\/#primaryimage"},"thumbnailUrl":"https:\/\/tourtravelandmore.com\/wp-content\/uploads\/2016\/07\/monte-igeldo-1.jpg","datePublished":"2016-07-12T18:11:18+00:00","dateModified":"2024-02-01T18:46:33+00:00","description":"Explorez les plages embl\u00e9matiques, les sites historiques et les d\u00e9lices culinaires de San Sebasti\u00e1n lors d'une visite priv\u00e9e au d\u00e9part de Bilbao. R\u00e9servez avec Tour Travel and More pour une exp\u00e9rience inoubliable. \u2705","breadcrumb":{"@id":"https:\/\/tourtravelandmore.com\/fr\/tours\/espagne-fr\/bilbao-fr\/toutes-les-visites-et-activites-privees-fr-6\/visite-privee-de-saint-sebastien-au-depart-de-bilbao\/#breadcrumb"},"inLanguage":"fr-FR","potentialAction":[{"@type":"ReadAction","target":["https:\/\/tourtravelandmore.com\/fr\/tours\/espagne-fr\/bilbao-fr\/toutes-les-visites-et-activites-privees-fr-6\/visite-privee-de-saint-sebastien-au-depart-de-bilbao\/"]}]},{"@type":"ImageObject","inLanguage":"fr-FR","@id":"https:\/\/tourtravelandmore.com\/fr\/tours\/espagne-fr\/bilbao-fr\/toutes-les-visites-et-activites-privees-fr-6\/visite-privee-de-saint-sebastien-au-depart-de-bilbao\/#primaryimage","url":"https:\/\/tourtravelandmore.com\/wp-content\/uploads\/2016\/07\/monte-igeldo-1.jpg","contentUrl":"https:\/\/tourtravelandmore.com\/wp-content\/uploads\/2016\/07\/monte-igeldo-1.jpg","width":800,"height":320},{"@type":"BreadcrumbList","@id":"https:\/\/tourtravelandmore.com\/fr\/tours\/espagne-fr\/bilbao-fr\/toutes-les-visites-et-activites-privees-fr-6\/visite-privee-de-saint-sebastien-au-depart-de-bilbao\/#breadcrumb","itemListElement":[{"@type":"ListItem","position":1,"name":"Home","item":"https:\/\/tourtravelandmore.com\/fr\/"},{"@type":"ListItem","position":2,"name":"Tours","item":"https:\/\/tourtravelandmore.com\/fr\/tours\/"},{"@type":"ListItem","position":3,"name":"Visite priv\u00e9e de Saint-S\u00e9bastien au d\u00e9part de Bilbao"}]},{"@type":"WebSite","@id":"https:\/\/tourtravelandmore.com\/fr\/#website","url":"https:\/\/tourtravelandmore.com\/fr\/","name":"Tour Travel And More","description":"Private sightseeing tours and luxury transfers in Spain","publisher":{"@id":"https:\/\/tourtravelandmore.com\/fr\/#organization"},"potentialAction":[{"@type":"SearchAction","target":{"@type":"EntryPoint","urlTemplate":"https:\/\/tourtravelandmore.com\/fr\/?s={search_term_string}"},"query-input":{"@type":"PropertyValueSpecification","valueRequired":true,"valueName":"search_term_string"}}],"inLanguage":"fr-FR"},{"@type":"Organization","@id":"https:\/\/tourtravelandmore.com\/fr\/#organization","name":"Tour Travel And More","url":"https:\/\/tourtravelandmore.com\/fr\/","logo":{"@type":"ImageObject","inLanguage":"fr-FR","@id":"https:\/\/tourtravelandmore.com\/fr\/#\/schema\/logo\/image\/","url":"https:\/\/tourtravelandmore.com\/wp-content\/uploads\/2022\/12\/cropped-logo-cabecera-new.png","contentUrl":"https:\/\/tourtravelandmore.com\/wp-content\/uploads\/2022\/12\/cropped-logo-cabecera-new.png","width":430,"height":61,"caption":"Tour Travel And More"},"image":{"@id":"https:\/\/tourtravelandmore.com\/fr\/#\/schema\/logo\/image\/"},"sameAs":["https:\/\/www.facebook.com\/tourtravelandmore\/","https:\/\/x.com\/TourTravel_More"]}]}},"_links":{"self":[{"href":"https:\/\/tourtravelandmore.com\/fr\/wp-json\/wp\/v2\/product\/99106","targetHints":{"allow":["GET"]}}],"collection":[{"href":"https:\/\/tourtravelandmore.com\/fr\/wp-json\/wp\/v2\/product"}],"about":[{"href":"https:\/\/tourtravelandmore.com\/fr\/wp-json\/wp\/v2\/types\/product"}],"replies":[{"embeddable":true,"href":"https:\/\/tourtravelandmore.com\/fr\/wp-json\/wp\/v2\/comments?post=99106"}],"wp:featuredmedia":[{"embeddable":true,"href":"https:\/\/tourtravelandmore.com\/fr\/wp-json\/wp\/v2\/media\/95879"}],"wp:attachment":[{"href":"https:\/\/tourtravelandmore.com\/fr\/wp-json\/wp\/v2\/media?parent=99106"}],"wp:term":[{"taxonomy":"product_brand","embeddable":true,"href":"https:\/\/tourtravelandmore.com\/fr\/wp-json\/wp\/v2\/product_brand?post=99106"},{"taxonomy":"product_cat","embeddable":true,"href":"https:\/\/tourtravelandmore.com\/fr\/wp-json\/wp\/v2\/product_cat?post=99106"},{"taxonomy":"product_tag","embeddable":true,"href":"https:\/\/tourtravelandmore.com\/fr\/wp-json\/wp\/v2\/product_tag?post=99106"}],"curies":[{"name":"wp","href":"https:\/\/api.w.org\/{rel}","templated":true}]}}