{"id":99101,"date":"2016-07-12T20:03:06","date_gmt":"2016-07-12T18:03:06","guid":{"rendered":"https:\/\/tourtravelandmore.com\/tours\/non%20class\u00e9\/visite-privee-des-pintxos-de-bilbao\/"},"modified":"2024-02-01T20:33:31","modified_gmt":"2024-02-01T19:33:31","slug":"visite-privee-des-pintxos-de-bilbao","status":"publish","type":"product","link":"https:\/\/tourtravelandmore.com\/fr\/tours\/espagne-fr\/bilbao-fr\/toutes-les-visites-et-activites-privees-fr-6\/visite-privee-des-pintxos-de-bilbao\/","title":{"rendered":"Visite priv\u00e9e de Bilbao \u00e0 la d\u00e9couverte des Pintxos"},"content":{"rendered":"<h2><b>Description de la Visite priv\u00e9e de Bilbao \u00e0 la d\u00e9couverte des Pintxos<\/b><\/h2>\n<p><span style=\"font-weight: 400;\">D\u00e9couvrez l&#8217;\u00e2me culinaire du Pays basque gr\u00e2ce \u00e0 notre visite priv\u00e9e exclusive de Bilbao Pintxos. Plongez dans une aventure gastronomique o\u00f9 chaque bouch\u00e9e raconte une histoire de tradition, d&#8217;innovation et de passion. Il ne s&#8217;agit pas d&#8217;une simple visite gastronomique, mais d&#8217;un voyage culturel \u00e0 travers les saveurs et les ar\u00f4mes qui d\u00e9finissent la sc\u00e8ne culinaire de Bilbao.<\/span><\/p>\n<p><span style=\"font-weight: 400;\">Au d\u00e9part d&#8217;un point de rencontre central \u00e0 Bilbao, ou d&#8217;une prise en charge pratique \u00e0 pied depuis votre h\u00f4tel situ\u00e9 dans le centre, votre guide expert vous conduira au c\u0153ur de la vieille ville de Bilbao. Cette exp\u00e9rience est con\u00e7ue pour solliciter tous vos sens. Tout en fl\u00e2nant dans les rues historiques, votre guide vous fera d\u00e9couvrir le riche patrimoine de Bilbao, pr\u00e9parant ainsi le terrain pour les d\u00e9lices culinaires qui vous attendent.<\/span><\/p>\n<p><span style=\"font-weight: 400;\">Cette visite priv\u00e9e de trois heures est un r\u00e9gal pour les yeux et le palais. Vous visiterez quelques-uns des bars \u00e0 pintxos les plus r\u00e9put\u00e9s de Bilbao, chacun avec son ambiance unique et ses sp\u00e9cialit\u00e9s culinaires. Des bouch\u00e9es classiques comme la tortilla de patata et le jam\u00f3n ib\u00e9rico aux cr\u00e9ations innovantes des chefs, vous savourerez une vari\u00e9t\u00e9 de saveurs qui capturent l&#8217;essence de la cuisine basque.<\/span><\/p>\n<p><span style=\"font-weight: 400;\">Chaque pintxo est accompagn\u00e9 d&#8217;une s\u00e9lection de boissons locales, ce qui permet de rehausser les saveurs et de vivre une exp\u00e9rience authentique. Votre guide, un passionn\u00e9 de cuisine locale, vous expliquera l&#8217;histoire et les ingr\u00e9dients de chaque plat, ce qui vous permettra de mieux appr\u00e9cier la gastronomie r\u00e9gionale.<\/span><\/p>\n<p><span style=\"font-weight: 400;\">Tout en savourant ces d\u00e9lices culinaires, vous explorerez \u00e9galement des sites importants tels que la cath\u00e9drale de Santiago, m\u00ealant ainsi les r\u00e9cits historiques de Bilbao \u00e0 ses traditions gastronomiques. Cette visite est plus qu&#8217;une simple d\u00e9gustation, c&#8217;est un voyage au c\u0153ur de l&#8217;identit\u00e9 culinaire et culturelle de Bilbao.<\/span><\/p>\n<p><span style=\"font-weight: 400;\">Lorsque la visite s&#8217;ach\u00e8vera dans le centre anim\u00e9 de la ville, vous aurez non seulement satisfait vos papilles gustatives, mais aussi acquis une perspective de l&#8217;int\u00e9rieur sur la culture culinaire de Bilbao. Avec notre visite priv\u00e9e des pintxos de Bilbao, vous embarquerez pour un voyage qui vous laissera des souvenirs imp\u00e9rissables et un nouvel amour pour l&#8217;art culinaire basque.<\/span><\/p>\n<p><span style=\"font-weight: 400;\">N&#8217;oubliez pas qu&#8217;il ne s&#8217;agit que d&#8217;un aper\u00e7u de ce que Bilbao a \u00e0 offrir. Pour d&#8217;autres exp\u00e9riences sur mesure et des visites priv\u00e9es \u00e0 Bilbao et ailleurs, consultez notre gamme vari\u00e9e d&#8217;offres \u00e0 Tour Travel and More. Laissez-nous vous guider vers les riches saveurs et les joyaux cach\u00e9s de Bilbao. R\u00e9servez votre visite priv\u00e9e de Bilbao Pintxos d\u00e8s aujourd&#8217;hui !<\/span><\/p>\n<h2><b>Points forts de l&#8217;excursion<\/b><\/h2>\n<p><span style=\"font-weight: 400;\">Laissez-vous s\u00e9duire par un voyage gastronomique de 3 heures au c\u0153ur de Bilbao gr\u00e2ce \u00e0 notre visite priv\u00e9e de Bilbao Pintxos. Con\u00e7ue pour ravir vos sens, cette visite comprend une s\u00e9lection de 5 \u00e0 6 pintxos exquis, parfaitement associ\u00e9s \u00e0 3 boissons rafra\u00eechissantes, servis dans trois bars distincts et renomm\u00e9s de la ville. Sous la houlette d&#8217;un guide local expert, vous d\u00e9couvrirez les secrets de la cuisine basque, les saveurs traditionnelles et les touches contemporaines qui font de chaque pintxo un chef-d&#8217;\u0153uvre culinaire unique.<\/span><\/p>\n<p><span style=\"font-weight: 400;\">Votre exp\u00e9rience est enrichie par un itin\u00e9raire personnalisable, qui vous permet d&#8217;adapter la visite \u00e0 vos int\u00e9r\u00eats et pr\u00e9f\u00e9rences culinaires. Que vous soyez un connaisseur des plats basques traditionnels ou que vous souhaitiez d\u00e9couvrir les innovations contemporaines de la cuisine locale, notre guide veillera \u00e0 ce que votre exp\u00e9rience soit personnalis\u00e9e et m\u00e9morable.<\/span><\/p>\n<p><span style=\"font-weight: 400;\">En fl\u00e2nant dans les rues anim\u00e9es du centre de Bilbao, cette confortable visite \u00e0 pied ne se contente pas de satisfaire votre palais, elle vous offre \u00e9galement une d\u00e9licieuse exploration de la riche histoire et de la culture de la ville. Plongez dans l&#8217;atmosph\u00e8re anim\u00e9e de la sc\u00e8ne gastronomique de Bilbao, en faisant de chaque arr\u00eat une occasion de savourer l&#8217;essence de l&#8217;h\u00e9ritage culinaire basque.<\/span><\/p>\n<p><span style=\"font-weight: 400;\">Avec notre visite priv\u00e9e de Bilbao Pintxos, pr\u00e9parez-vous \u00e0 vivre une exp\u00e9rience inoubliable qui associe le meilleur de la gastronomie de Bilbao au charme et \u00e0 l&#8217;histoire de cette ville enchanteresse.<\/span><\/p>\n<p><span style=\"font-weight: 400;\">D\u00e9couvrez-en plus et embarquez pour une aventure culinaire \u00e0 travers Bilbao. Explorez notre gamme compl\u00e8te de visites et d&#8217;exp\u00e9riences priv\u00e9es, con\u00e7ues pour pr\u00e9senter le meilleur de ce que Bilbao et ses environs ont \u00e0 offrir. Contactez Tour Travel and More pour personnaliser votre voyage gastronomique parfait et r\u00e9servez d\u00e8s aujourd&#8217;hui. <\/span><a href=\"https:\/\/tourtravelandmore.com\/fr\/city\/espagne-fr\/bilbao-fr\/\"><span style=\"font-weight: 400;\">Laissez-nous vous guider dans une exploration savoureuse des tr\u00e9sors culinaires de Bilbao !<\/span><\/a><\/p>\n","protected":false},"excerpt":{"rendered":"<p><span style=\"font-weight: 400;\">Rejoignez-nous lors d&#8217;une visite priv\u00e9e de Bilbao Pintxos pour explorer les meilleurs tapas et pintxos du Pays basque. Savourez des plats basques traditionnels et innovants, visitez des sites historiques et immergez-vous dans la sc\u00e8ne gastronomique anim\u00e9e de Bilbao. D\u00e9couvrez le meilleur de la cuisine de Bilbao avec notre guide local expert.<\/span><\/p>\n","protected":false},"featured_media":95104,"comment_status":"open","ping_status":"closed","template":"","meta":{"_acf_changed":false},"product_brand":[],"product_cat":[4737,4742,3574],"product_tag":[],"class_list":{"0":"post-99101","1":"product","2":"type-product","3":"status-publish","4":"has-post-thumbnail","6":"product_cat-toutes-les-visites-et-activites-privees-fr-6","7":"product_cat-visites-a-pied-privees-fr-8","8":"product_cat-bilbao-fr","10":"first","11":"instock","12":"shipping-taxable","13":"purchasable","14":"product-type-simple"},"acf":[],"yoast_head":"<!-- This site is optimized with the Yoast SEO Premium plugin v25.3.1 (Yoast SEO v25.3.1) - https:\/\/yoast.com\/wordpress\/plugins\/seo\/ -->\n<title>\u27a1\ufe0f Savourez les meilleurs Pintxos de Bilbao - Visite culinaire priv\u00e9e avec guide local \u2705<\/title>\n<meta name=\"description\" content=\"D\u00e9couvrez les tr\u00e9sors culinaires de Bilbao lors d&#039;une visite priv\u00e9e des pintxos. Go\u00fbtez aux saveurs basques traditionnelles avec 3 boissons &amp; 5\/6 pintxos. R\u00e9servez votre voyage gastronomique d\u00e8s maintenant ! \u2705\" \/>\n<meta name=\"robots\" content=\"index, follow, max-snippet:-1, max-image-preview:large, max-video-preview:-1\" \/>\n<link rel=\"canonical\" href=\"https:\/\/tourtravelandmore.com\/fr\/tours\/espagne-fr\/bilbao-fr\/toutes-les-visites-et-activites-privees-fr-6\/visite-privee-des-pintxos-de-bilbao\/\" \/>\n<meta property=\"og:locale\" content=\"fr_FR\" \/>\n<meta property=\"og:type\" content=\"article\" \/>\n<meta property=\"og:title\" content=\"Visite priv\u00e9e de Bilbao \u00e0 la d\u00e9couverte des Pintxos\" \/>\n<meta property=\"og:description\" content=\"D\u00e9couvrez les tr\u00e9sors culinaires de Bilbao lors d&#039;une visite priv\u00e9e des pintxos. Go\u00fbtez aux saveurs basques traditionnelles avec 3 boissons &amp; 5\/6 pintxos. R\u00e9servez votre voyage gastronomique d\u00e8s maintenant ! \u2705\" \/>\n<meta property=\"og:url\" content=\"https:\/\/tourtravelandmore.com\/fr\/tours\/espagne-fr\/bilbao-fr\/toutes-les-visites-et-activites-privees-fr-6\/visite-privee-des-pintxos-de-bilbao\/\" \/>\n<meta property=\"og:site_name\" content=\"Tour Travel And More\" \/>\n<meta property=\"article:publisher\" content=\"https:\/\/www.facebook.com\/tourtravelandmore\/\" \/>\n<meta property=\"article:modified_time\" content=\"2024-02-01T19:33:31+00:00\" \/>\n<meta property=\"og:image\" content=\"https:\/\/tourtravelandmore.com\/wp-content\/uploads\/2016\/07\/pintxos.jpg\" \/>\n\t<meta property=\"og:image:width\" content=\"1024\" \/>\n\t<meta property=\"og:image:height\" content=\"642\" \/>\n\t<meta property=\"og:image:type\" content=\"image\/jpeg\" \/>\n<meta name=\"twitter:card\" content=\"summary_large_image\" \/>\n<meta name=\"twitter:site\" content=\"@TourTravel_More\" \/>\n<meta name=\"twitter:label1\" content=\"Dur\u00e9e de lecture estim\u00e9e\" \/>\n\t<meta name=\"twitter:data1\" content=\"4 minutes\" \/>\n<script type=\"application\/ld+json\" class=\"yoast-schema-graph\">{\"@context\":\"https:\/\/schema.org\",\"@graph\":[{\"@type\":\"WebPage\",\"@id\":\"https:\/\/tourtravelandmore.com\/fr\/tours\/espagne-fr\/bilbao-fr\/toutes-les-visites-et-activites-privees-fr-6\/visite-privee-des-pintxos-de-bilbao\/\",\"url\":\"https:\/\/tourtravelandmore.com\/fr\/tours\/espagne-fr\/bilbao-fr\/toutes-les-visites-et-activites-privees-fr-6\/visite-privee-des-pintxos-de-bilbao\/\",\"name\":\"\u27a1\ufe0f Savourez les meilleurs Pintxos de Bilbao - Visite culinaire priv\u00e9e avec guide local \u2705\",\"isPartOf\":{\"@id\":\"https:\/\/tourtravelandmore.com\/fr\/#website\"},\"primaryImageOfPage\":{\"@id\":\"https:\/\/tourtravelandmore.com\/fr\/tours\/espagne-fr\/bilbao-fr\/toutes-les-visites-et-activites-privees-fr-6\/visite-privee-des-pintxos-de-bilbao\/#primaryimage\"},\"image\":{\"@id\":\"https:\/\/tourtravelandmore.com\/fr\/tours\/espagne-fr\/bilbao-fr\/toutes-les-visites-et-activites-privees-fr-6\/visite-privee-des-pintxos-de-bilbao\/#primaryimage\"},\"thumbnailUrl\":\"https:\/\/tourtravelandmore.com\/wp-content\/uploads\/2016\/07\/pintxos.jpg\",\"datePublished\":\"2016-07-12T18:03:06+00:00\",\"dateModified\":\"2024-02-01T19:33:31+00:00\",\"description\":\"D\u00e9couvrez les tr\u00e9sors culinaires de Bilbao lors d'une visite priv\u00e9e des pintxos. Go\u00fbtez aux saveurs basques traditionnelles avec 3 boissons & 5\/6 pintxos. R\u00e9servez votre voyage gastronomique d\u00e8s maintenant ! \u2705\",\"breadcrumb\":{\"@id\":\"https:\/\/tourtravelandmore.com\/fr\/tours\/espagne-fr\/bilbao-fr\/toutes-les-visites-et-activites-privees-fr-6\/visite-privee-des-pintxos-de-bilbao\/#breadcrumb\"},\"inLanguage\":\"fr-FR\",\"potentialAction\":[{\"@type\":\"ReadAction\",\"target\":[\"https:\/\/tourtravelandmore.com\/fr\/tours\/espagne-fr\/bilbao-fr\/toutes-les-visites-et-activites-privees-fr-6\/visite-privee-des-pintxos-de-bilbao\/\"]}]},{\"@type\":\"ImageObject\",\"inLanguage\":\"fr-FR\",\"@id\":\"https:\/\/tourtravelandmore.com\/fr\/tours\/espagne-fr\/bilbao-fr\/toutes-les-visites-et-activites-privees-fr-6\/visite-privee-des-pintxos-de-bilbao\/#primaryimage\",\"url\":\"https:\/\/tourtravelandmore.com\/wp-content\/uploads\/2016\/07\/pintxos.jpg\",\"contentUrl\":\"https:\/\/tourtravelandmore.com\/wp-content\/uploads\/2016\/07\/pintxos.jpg\",\"width\":1024,\"height\":642},{\"@type\":\"BreadcrumbList\",\"@id\":\"https:\/\/tourtravelandmore.com\/fr\/tours\/espagne-fr\/bilbao-fr\/toutes-les-visites-et-activites-privees-fr-6\/visite-privee-des-pintxos-de-bilbao\/#breadcrumb\",\"itemListElement\":[{\"@type\":\"ListItem\",\"position\":1,\"name\":\"Home\",\"item\":\"https:\/\/tourtravelandmore.com\/fr\/\"},{\"@type\":\"ListItem\",\"position\":2,\"name\":\"Tours\",\"item\":\"https:\/\/tourtravelandmore.com\/fr\/tours\/\"},{\"@type\":\"ListItem\",\"position\":3,\"name\":\"Visite priv\u00e9e de Bilbao \u00e0 la d\u00e9couverte des Pintxos\"}]},{\"@type\":\"WebSite\",\"@id\":\"https:\/\/tourtravelandmore.com\/fr\/#website\",\"url\":\"https:\/\/tourtravelandmore.com\/fr\/\",\"name\":\"Tour Travel And More\",\"description\":\"Private sightseeing tours and luxury transfers in Spain\",\"publisher\":{\"@id\":\"https:\/\/tourtravelandmore.com\/fr\/#organization\"},\"potentialAction\":[{\"@type\":\"SearchAction\",\"target\":{\"@type\":\"EntryPoint\",\"urlTemplate\":\"https:\/\/tourtravelandmore.com\/fr\/?s={search_term_string}\"},\"query-input\":{\"@type\":\"PropertyValueSpecification\",\"valueRequired\":true,\"valueName\":\"search_term_string\"}}],\"inLanguage\":\"fr-FR\"},{\"@type\":\"Organization\",\"@id\":\"https:\/\/tourtravelandmore.com\/fr\/#organization\",\"name\":\"Tour Travel And More\",\"url\":\"https:\/\/tourtravelandmore.com\/fr\/\",\"logo\":{\"@type\":\"ImageObject\",\"inLanguage\":\"fr-FR\",\"@id\":\"https:\/\/tourtravelandmore.com\/fr\/#\/schema\/logo\/image\/\",\"url\":\"https:\/\/tourtravelandmore.com\/wp-content\/uploads\/2022\/12\/cropped-logo-cabecera-new.png\",\"contentUrl\":\"https:\/\/tourtravelandmore.com\/wp-content\/uploads\/2022\/12\/cropped-logo-cabecera-new.png\",\"width\":430,\"height\":61,\"caption\":\"Tour Travel And More\"},\"image\":{\"@id\":\"https:\/\/tourtravelandmore.com\/fr\/#\/schema\/logo\/image\/\"},\"sameAs\":[\"https:\/\/www.facebook.com\/tourtravelandmore\/\",\"https:\/\/x.com\/TourTravel_More\"]}]}<\/script>\n<!-- \/ Yoast SEO Premium plugin. -->","yoast_head_json":{"title":"\u27a1\ufe0f Savourez les meilleurs Pintxos de Bilbao - Visite culinaire priv\u00e9e avec guide local \u2705","description":"D\u00e9couvrez les tr\u00e9sors culinaires de Bilbao lors d'une visite priv\u00e9e des pintxos. Go\u00fbtez aux saveurs basques traditionnelles avec 3 boissons & 5\/6 pintxos. R\u00e9servez votre voyage gastronomique d\u00e8s maintenant ! \u2705","robots":{"index":"index","follow":"follow","max-snippet":"max-snippet:-1","max-image-preview":"max-image-preview:large","max-video-preview":"max-video-preview:-1"},"canonical":"https:\/\/tourtravelandmore.com\/fr\/tours\/espagne-fr\/bilbao-fr\/toutes-les-visites-et-activites-privees-fr-6\/visite-privee-des-pintxos-de-bilbao\/","og_locale":"fr_FR","og_type":"article","og_title":"Visite priv\u00e9e de Bilbao \u00e0 la d\u00e9couverte des Pintxos","og_description":"D\u00e9couvrez les tr\u00e9sors culinaires de Bilbao lors d'une visite priv\u00e9e des pintxos. Go\u00fbtez aux saveurs basques traditionnelles avec 3 boissons & 5\/6 pintxos. R\u00e9servez votre voyage gastronomique d\u00e8s maintenant ! \u2705","og_url":"https:\/\/tourtravelandmore.com\/fr\/tours\/espagne-fr\/bilbao-fr\/toutes-les-visites-et-activites-privees-fr-6\/visite-privee-des-pintxos-de-bilbao\/","og_site_name":"Tour Travel And More","article_publisher":"https:\/\/www.facebook.com\/tourtravelandmore\/","article_modified_time":"2024-02-01T19:33:31+00:00","og_image":[{"width":1024,"height":642,"url":"https:\/\/tourtravelandmore.com\/wp-content\/uploads\/2016\/07\/pintxos.jpg","type":"image\/jpeg"}],"twitter_card":"summary_large_image","twitter_site":"@TourTravel_More","twitter_misc":{"Dur\u00e9e de lecture estim\u00e9e":"4 minutes"},"schema":{"@context":"https:\/\/schema.org","@graph":[{"@type":"WebPage","@id":"https:\/\/tourtravelandmore.com\/fr\/tours\/espagne-fr\/bilbao-fr\/toutes-les-visites-et-activites-privees-fr-6\/visite-privee-des-pintxos-de-bilbao\/","url":"https:\/\/tourtravelandmore.com\/fr\/tours\/espagne-fr\/bilbao-fr\/toutes-les-visites-et-activites-privees-fr-6\/visite-privee-des-pintxos-de-bilbao\/","name":"\u27a1\ufe0f Savourez les meilleurs Pintxos de Bilbao - Visite culinaire priv\u00e9e avec guide local \u2705","isPartOf":{"@id":"https:\/\/tourtravelandmore.com\/fr\/#website"},"primaryImageOfPage":{"@id":"https:\/\/tourtravelandmore.com\/fr\/tours\/espagne-fr\/bilbao-fr\/toutes-les-visites-et-activites-privees-fr-6\/visite-privee-des-pintxos-de-bilbao\/#primaryimage"},"image":{"@id":"https:\/\/tourtravelandmore.com\/fr\/tours\/espagne-fr\/bilbao-fr\/toutes-les-visites-et-activites-privees-fr-6\/visite-privee-des-pintxos-de-bilbao\/#primaryimage"},"thumbnailUrl":"https:\/\/tourtravelandmore.com\/wp-content\/uploads\/2016\/07\/pintxos.jpg","datePublished":"2016-07-12T18:03:06+00:00","dateModified":"2024-02-01T19:33:31+00:00","description":"D\u00e9couvrez les tr\u00e9sors culinaires de Bilbao lors d'une visite priv\u00e9e des pintxos. Go\u00fbtez aux saveurs basques traditionnelles avec 3 boissons & 5\/6 pintxos. R\u00e9servez votre voyage gastronomique d\u00e8s maintenant ! \u2705","breadcrumb":{"@id":"https:\/\/tourtravelandmore.com\/fr\/tours\/espagne-fr\/bilbao-fr\/toutes-les-visites-et-activites-privees-fr-6\/visite-privee-des-pintxos-de-bilbao\/#breadcrumb"},"inLanguage":"fr-FR","potentialAction":[{"@type":"ReadAction","target":["https:\/\/tourtravelandmore.com\/fr\/tours\/espagne-fr\/bilbao-fr\/toutes-les-visites-et-activites-privees-fr-6\/visite-privee-des-pintxos-de-bilbao\/"]}]},{"@type":"ImageObject","inLanguage":"fr-FR","@id":"https:\/\/tourtravelandmore.com\/fr\/tours\/espagne-fr\/bilbao-fr\/toutes-les-visites-et-activites-privees-fr-6\/visite-privee-des-pintxos-de-bilbao\/#primaryimage","url":"https:\/\/tourtravelandmore.com\/wp-content\/uploads\/2016\/07\/pintxos.jpg","contentUrl":"https:\/\/tourtravelandmore.com\/wp-content\/uploads\/2016\/07\/pintxos.jpg","width":1024,"height":642},{"@type":"BreadcrumbList","@id":"https:\/\/tourtravelandmore.com\/fr\/tours\/espagne-fr\/bilbao-fr\/toutes-les-visites-et-activites-privees-fr-6\/visite-privee-des-pintxos-de-bilbao\/#breadcrumb","itemListElement":[{"@type":"ListItem","position":1,"name":"Home","item":"https:\/\/tourtravelandmore.com\/fr\/"},{"@type":"ListItem","position":2,"name":"Tours","item":"https:\/\/tourtravelandmore.com\/fr\/tours\/"},{"@type":"ListItem","position":3,"name":"Visite priv\u00e9e de Bilbao \u00e0 la d\u00e9couverte des Pintxos"}]},{"@type":"WebSite","@id":"https:\/\/tourtravelandmore.com\/fr\/#website","url":"https:\/\/tourtravelandmore.com\/fr\/","name":"Tour Travel And More","description":"Private sightseeing tours and luxury transfers in Spain","publisher":{"@id":"https:\/\/tourtravelandmore.com\/fr\/#organization"},"potentialAction":[{"@type":"SearchAction","target":{"@type":"EntryPoint","urlTemplate":"https:\/\/tourtravelandmore.com\/fr\/?s={search_term_string}"},"query-input":{"@type":"PropertyValueSpecification","valueRequired":true,"valueName":"search_term_string"}}],"inLanguage":"fr-FR"},{"@type":"Organization","@id":"https:\/\/tourtravelandmore.com\/fr\/#organization","name":"Tour Travel And More","url":"https:\/\/tourtravelandmore.com\/fr\/","logo":{"@type":"ImageObject","inLanguage":"fr-FR","@id":"https:\/\/tourtravelandmore.com\/fr\/#\/schema\/logo\/image\/","url":"https:\/\/tourtravelandmore.com\/wp-content\/uploads\/2022\/12\/cropped-logo-cabecera-new.png","contentUrl":"https:\/\/tourtravelandmore.com\/wp-content\/uploads\/2022\/12\/cropped-logo-cabecera-new.png","width":430,"height":61,"caption":"Tour Travel And More"},"image":{"@id":"https:\/\/tourtravelandmore.com\/fr\/#\/schema\/logo\/image\/"},"sameAs":["https:\/\/www.facebook.com\/tourtravelandmore\/","https:\/\/x.com\/TourTravel_More"]}]}},"_links":{"self":[{"href":"https:\/\/tourtravelandmore.com\/fr\/wp-json\/wp\/v2\/product\/99101","targetHints":{"allow":["GET"]}}],"collection":[{"href":"https:\/\/tourtravelandmore.com\/fr\/wp-json\/wp\/v2\/product"}],"about":[{"href":"https:\/\/tourtravelandmore.com\/fr\/wp-json\/wp\/v2\/types\/product"}],"replies":[{"embeddable":true,"href":"https:\/\/tourtravelandmore.com\/fr\/wp-json\/wp\/v2\/comments?post=99101"}],"wp:featuredmedia":[{"embeddable":true,"href":"https:\/\/tourtravelandmore.com\/fr\/wp-json\/wp\/v2\/media\/95104"}],"wp:attachment":[{"href":"https:\/\/tourtravelandmore.com\/fr\/wp-json\/wp\/v2\/media?parent=99101"}],"wp:term":[{"taxonomy":"product_brand","embeddable":true,"href":"https:\/\/tourtravelandmore.com\/fr\/wp-json\/wp\/v2\/product_brand?post=99101"},{"taxonomy":"product_cat","embeddable":true,"href":"https:\/\/tourtravelandmore.com\/fr\/wp-json\/wp\/v2\/product_cat?post=99101"},{"taxonomy":"product_tag","embeddable":true,"href":"https:\/\/tourtravelandmore.com\/fr\/wp-json\/wp\/v2\/product_tag?post=99101"}],"curies":[{"name":"wp","href":"https:\/\/api.w.org\/{rel}","templated":true}]}}