{"id":99096,"date":"2016-07-12T19:40:42","date_gmt":"2016-07-12T17:40:42","guid":{"rendered":"https:\/\/tourtravelandmore.com\/tours\/non%20class\u00e9\/guide-prive-pour-le-musee-guggenheim\/"},"modified":"2024-02-01T19:43:56","modified_gmt":"2024-02-01T18:43:56","slug":"guide-prive-pour-le-musee-guggenheim","status":"publish","type":"product","link":"https:\/\/tourtravelandmore.com\/fr\/tours\/espagne-fr\/bilbao-fr\/toutes-les-visites-et-activites-privees-fr-6\/guide-prive-pour-le-musee-guggenheim\/","title":{"rendered":"Visite priv\u00e9e du mus\u00e9e Guggenheim"},"content":{"rendered":"<h2><b>Description d\u00e9taill\u00e9e Visite priv\u00e9e du mus\u00e9e Guggenheim<\/b><\/h2>\n<p><span style=\"font-weight: 400;\">Plongez dans le c\u0153ur artistique de Bilbao avec notre visite exclusive du Mus\u00e9e Guggenheim avec guide priv\u00e9. Ce voyage unique de 2 heures, men\u00e9 par un guide officiel, offre une exploration intime de l&#8217;un des mus\u00e9es d&#8217;art les plus prestigieux au monde. Votre exp\u00e9rience commence dans le b\u00e2timent embl\u00e9matique con\u00e7u par Frank Gehry, un chef-d&#8217;\u0153uvre de l&#8217;architecture contemporaine, o\u00f9 vous attend votre guide bien inform\u00e9.<\/span><\/p>\n<p><span style=\"font-weight: 400;\">En entrant dans le mus\u00e9e Guggenheim, pr\u00e9parez-vous \u00e0 \u00eatre fascin\u00e9 par sa vaste collection d&#8217;art moderne et contemporain. Notre guide vous conduira \u00e0 travers les expositions captivantes du mus\u00e9e, offrant un aper\u00e7u approfondi des \u0153uvres d&#8217;artistes renomm\u00e9s tels que Joseph Beuys, Francesco Clemente, Jenny Holzer et Richard Long. Cette visite priv\u00e9e est plus qu&#8217;une simple visite, c&#8217;est un voyage \u00e9ducatif et immersif dans le monde de l&#8217;art.<\/span><\/p>\n<p><span style=\"font-weight: 400;\">Profitez du luxe d&#8217;une exp\u00e9rience personnalis\u00e9e, adapt\u00e9e \u00e0 vos int\u00e9r\u00eats et \u00e0 votre rythme. Que vous soyez un aficionado de l&#8217;art ou que vous d\u00e9couvriez le monde de l&#8217;art moderne, notre guide adaptera la visite \u00e0 votre niveau d&#8217;int\u00e9r\u00eat et d&#8217;expertise. En plus de l&#8217;exploration du mus\u00e9e, vous avez la possibilit\u00e9 de prolonger votre visite et de d\u00e9couvrir le centre historique de Bilbao, m\u00ealant harmonieusement l&#8217;art et le charme de la ville.<\/span><\/p>\n<p><span style=\"font-weight: 400;\">Cette visite enrichissante est con\u00e7ue non seulement pour vous faire d\u00e9couvrir les points forts du mus\u00e9e, mais aussi pour approfondir votre compr\u00e9hension et votre appr\u00e9ciation de l&#8217;art. Lorsque la visite s&#8217;ach\u00e8vera devant l&#8217;impressionnant mus\u00e9e Guggenheim, vous repartirez avec un lien plus profond avec le paysage culturel de Bilbao et des souvenirs inoubliables de cette aventure artistique.<\/span><\/p>\n<p><span style=\"font-weight: 400;\">Votre voyage \u00e0 travers le mus\u00e9e Guggenheim comprendra \u00e9galement les \u00e9l\u00e9ments architecturaux uniques qui font de ce mus\u00e9e une ic\u00f4ne mondialement reconnue. Chaque courbe et contour de la conception de Gehry met en valeur la pr\u00e9sentation des \u0153uvres d&#8217;art, cr\u00e9ant un jeu harmonieux entre la forme et le contenu. Avec votre guide, d\u00e9couvrez comment l&#8217;architecture du mus\u00e9e est elle-m\u00eame une \u0153uvre d&#8217;art, contribuant au r\u00e9cit de la cr\u00e9ativit\u00e9 moderne.<\/span><\/p>\n<p><span style=\"font-weight: 400;\">Cette visite est \u00e9galement l&#8217;occasion de d\u00e9couvrir les histoires qui se cachent derri\u00e8re les collections du mus\u00e9e. D\u00e9couvrez les visionnaires, artistes et m\u00e9c\u00e8nes, qui ont fa\u00e7onn\u00e9 l&#8217;identit\u00e9 du Guggenheim. Des installations permanentes aux expositions temporaires, votre guide vous fournira le contexte et les commentaires qui donneront vie \u00e0 ces \u0153uvres.<\/span><\/p>\n<h2><b>Guide priv\u00e9 pour le Mus\u00e9e Guggenheim | Points d&#8217;int\u00e9r\u00eat et de rep\u00e8re \u00e9largis<\/b><\/h2>\n<ul>\n<li style=\"font-weight: 400;\" aria-level=\"1\"><b>Architecture du mus\u00e9e Guggenheim :<\/b><span style=\"font-weight: 400;\"> Admirez le design r\u00e9volutionnaire de Frank Gehry, symbole de la transformation urbaine de Bilbao et ic\u00f4ne mondiale de l&#8217;architecture moderne.<\/span><\/li>\n<li style=\"font-weight: 400;\" aria-level=\"1\"><b>Collections d&#8217;art :<\/b><span style=\"font-weight: 400;\"> Explorez un large \u00e9ventail d&#8217;\u0153uvres d&#8217;art, de l&#8217;art moderne d&#8217;apr\u00e8s-guerre aux \u0153uvres contemporaines, avec les commentaires personnels de votre guide sur chaque exposition.<\/span><\/li>\n<li style=\"font-weight: 400;\" aria-level=\"1\"><b>Expositions interactives :<\/b><span style=\"font-weight: 400;\"> Les expositions interactives du mus\u00e9e offrent une exp\u00e9rience unique et concr\u00e8te de l&#8217;art.<\/span><\/li>\n<li style=\"font-weight: 400;\" aria-level=\"1\"><b>Exp\u00e9rience personnalisable <\/b><span style=\"font-weight: 400;\">: Personnalisez votre visite en y incluant les mouvements artistiques, les artistes ou les th\u00e8mes qui vous int\u00e9ressent, ce qui fait de cette visite une exp\u00e9rience hautement personnalis\u00e9e.<\/span><\/li>\n<li style=\"font-weight: 400;\" aria-level=\"1\"><b>Extension facultative de la visite de la ville <\/b><span style=\"font-weight: 400;\">: Prolongez votre exploration par une promenade guid\u00e9e dans le centre historique de Bilbao, qui vous permettra de faire le lien entre le pass\u00e9, le pr\u00e9sent et les activit\u00e9s artistiques de la ville.<\/span><\/li>\n<li style=\"font-weight: 400;\" aria-level=\"1\"><b>Expositions temporaires :<\/b><span style=\"font-weight: 400;\"> Le mus\u00e9e Guggenheim est r\u00e9put\u00e9 pour ses expositions temporaires tournantes, qui pr\u00e9sentent souvent des artistes contemporains de pointe ou des expositions th\u00e9matiques qui explorent divers aspects de l&#8217;art moderne et contemporain. Ces expositions offrent une perspective nouvelle et \u00e9volutive sur le monde de l&#8217;art, garantissant que chaque visite au mus\u00e9e offre quelque chose de nouveau et d&#8217;excitant.<\/span><\/li>\n<li style=\"font-weight: 400;\" aria-level=\"1\"><b>Jardin de sculptures et installations ext\u00e9rieures : <\/b><span style=\"font-weight: 400;\">Sortez pour explorer le jardin de sculptures et les installations ext\u00e9rieures du mus\u00e9e. Cette zone pr\u00e9sente des \u0153uvres remarquables qui interagissent avec l&#8217;espace ouvert et la toile de fond architecturale unique du mus\u00e9e. C&#8217;est l&#8217;occasion d&#8217;appr\u00e9cier la fa\u00e7on dont l&#8217;art interagit avec l&#8217;environnement et de voir quelques-unes des \u0153uvres \u00e0 plus grande \u00e9chelle de la collection du mus\u00e9e.<\/span><\/li>\n<\/ul>\n<p><span style=\"font-weight: 400;\">Chez Tour Travel and More, nous nous engageons \u00e0 offrir les visites priv\u00e9es les plus enrichissantes et les plus personnalis\u00e9es. Que vous souhaitiez plonger dans le monde de l&#8217;art moderne ou combiner l&#8217;art avec l&#8217;exploration des rues historiques de Bilbao, nos visites priv\u00e9es sont con\u00e7ues pour r\u00e9pondre \u00e0 tous vos besoins. <\/span><a href=\"https:\/\/tourtravelandmore.com\/fr\/city\/espagne-fr\/bilbao-fr\/\"><span style=\"font-weight: 400;\">R\u00e9servez d\u00e8s aujourd&#8217;hui votre guide priv\u00e9 pour la visite du mus\u00e9e Guggenheim et pr\u00e9parez-vous \u00e0 \u00eatre inspir\u00e9 par l&#8217;art et la beaut\u00e9 de Bilbao.<\/span><\/a><\/p>\n","protected":false},"excerpt":{"rendered":"<p><span style=\"font-weight: 400;\">Rejoignez-nous pour une visite guid\u00e9e priv\u00e9e du mus\u00e9e Guggenheim de Bilbao, o\u00f9 vous explorerez une collection d&#8217;art moderne et contemporain de classe mondiale. Prolongez votre voyage avec une visite optionnelle du centre historique de Bilbao, le tout avec votre guide expert personnel.<\/span><\/p>\n","protected":false},"featured_media":95877,"comment_status":"open","ping_status":"closed","template":"","meta":{"_acf_changed":false},"product_brand":[],"product_cat":[4738,4737,4742,3574],"product_tag":[],"class_list":{"0":"post-99096","1":"product","2":"type-product","3":"status-publish","4":"has-post-thumbnail","6":"product_cat-excursions-privees-dune-journee-fr-5","7":"product_cat-toutes-les-visites-et-activites-privees-fr-6","8":"product_cat-visites-a-pied-privees-fr-8","9":"product_cat-bilbao-fr","11":"first","12":"instock","13":"shipping-taxable","14":"purchasable","15":"product-type-simple"},"acf":[],"yoast_head":"<!-- This site is optimized with the Yoast SEO Premium plugin v25.3.1 (Yoast SEO v25.3.1) - https:\/\/yoast.com\/wordpress\/plugins\/seo\/ -->\n<title>\u27a1\ufe0f Visite guid\u00e9e priv\u00e9e du Mus\u00e9e Guggenheim Bilbao | Tour Travel and More \u2705<\/title>\n<meta name=\"description\" content=\"D\u00e9couvrez les merveilles du mus\u00e9e Guggenheim Bilbao avec un guide priv\u00e9. Explorez l&#039;art moderne, l&#039;architecture embl\u00e9matique et la possibilit\u00e9 de visiter le centre historique de Bilbao. R\u00e9servez d\u00e8s maintenant pour une exp\u00e9rience artistique exclusive ! \u2705\" \/>\n<meta name=\"robots\" content=\"index, follow, max-snippet:-1, max-image-preview:large, max-video-preview:-1\" \/>\n<link rel=\"canonical\" href=\"https:\/\/tourtravelandmore.com\/fr\/tours\/espagne-fr\/bilbao-fr\/toutes-les-visites-et-activites-privees-fr-6\/guide-prive-pour-le-musee-guggenheim\/\" \/>\n<meta property=\"og:locale\" content=\"fr_FR\" \/>\n<meta property=\"og:type\" content=\"article\" \/>\n<meta property=\"og:title\" content=\"Visite priv\u00e9e du mus\u00e9e Guggenheim\" \/>\n<meta property=\"og:description\" content=\"D\u00e9couvrez les merveilles du mus\u00e9e Guggenheim Bilbao avec un guide priv\u00e9. Explorez l&#039;art moderne, l&#039;architecture embl\u00e9matique et la possibilit\u00e9 de visiter le centre historique de Bilbao. R\u00e9servez d\u00e8s maintenant pour une exp\u00e9rience artistique exclusive ! \u2705\" \/>\n<meta property=\"og:url\" content=\"https:\/\/tourtravelandmore.com\/fr\/tours\/espagne-fr\/bilbao-fr\/toutes-les-visites-et-activites-privees-fr-6\/guide-prive-pour-le-musee-guggenheim\/\" \/>\n<meta property=\"og:site_name\" content=\"Tour Travel And More\" \/>\n<meta property=\"article:publisher\" content=\"https:\/\/www.facebook.com\/tourtravelandmore\/\" \/>\n<meta property=\"article:modified_time\" content=\"2024-02-01T18:43:56+00:00\" \/>\n<meta property=\"og:image\" content=\"https:\/\/tourtravelandmore.com\/wp-content\/uploads\/2016\/07\/guggenheim2.jpg\" \/>\n\t<meta property=\"og:image:width\" content=\"800\" \/>\n\t<meta property=\"og:image:height\" content=\"533\" \/>\n\t<meta property=\"og:image:type\" content=\"image\/jpeg\" \/>\n<meta name=\"twitter:card\" content=\"summary_large_image\" \/>\n<meta name=\"twitter:site\" content=\"@TourTravel_More\" \/>\n<meta name=\"twitter:label1\" content=\"Dur\u00e9e de lecture estim\u00e9e\" \/>\n\t<meta name=\"twitter:data1\" content=\"4 minutes\" \/>\n<script type=\"application\/ld+json\" class=\"yoast-schema-graph\">{\"@context\":\"https:\/\/schema.org\",\"@graph\":[{\"@type\":\"WebPage\",\"@id\":\"https:\/\/tourtravelandmore.com\/fr\/tours\/espagne-fr\/bilbao-fr\/toutes-les-visites-et-activites-privees-fr-6\/guide-prive-pour-le-musee-guggenheim\/\",\"url\":\"https:\/\/tourtravelandmore.com\/fr\/tours\/espagne-fr\/bilbao-fr\/toutes-les-visites-et-activites-privees-fr-6\/guide-prive-pour-le-musee-guggenheim\/\",\"name\":\"\u27a1\ufe0f Visite guid\u00e9e priv\u00e9e du Mus\u00e9e Guggenheim Bilbao | Tour Travel and More \u2705\",\"isPartOf\":{\"@id\":\"https:\/\/tourtravelandmore.com\/fr\/#website\"},\"primaryImageOfPage\":{\"@id\":\"https:\/\/tourtravelandmore.com\/fr\/tours\/espagne-fr\/bilbao-fr\/toutes-les-visites-et-activites-privees-fr-6\/guide-prive-pour-le-musee-guggenheim\/#primaryimage\"},\"image\":{\"@id\":\"https:\/\/tourtravelandmore.com\/fr\/tours\/espagne-fr\/bilbao-fr\/toutes-les-visites-et-activites-privees-fr-6\/guide-prive-pour-le-musee-guggenheim\/#primaryimage\"},\"thumbnailUrl\":\"https:\/\/tourtravelandmore.com\/wp-content\/uploads\/2016\/07\/guggenheim2.jpg\",\"datePublished\":\"2016-07-12T17:40:42+00:00\",\"dateModified\":\"2024-02-01T18:43:56+00:00\",\"description\":\"D\u00e9couvrez les merveilles du mus\u00e9e Guggenheim Bilbao avec un guide priv\u00e9. Explorez l'art moderne, l'architecture embl\u00e9matique et la possibilit\u00e9 de visiter le centre historique de Bilbao. R\u00e9servez d\u00e8s maintenant pour une exp\u00e9rience artistique exclusive ! \u2705\",\"breadcrumb\":{\"@id\":\"https:\/\/tourtravelandmore.com\/fr\/tours\/espagne-fr\/bilbao-fr\/toutes-les-visites-et-activites-privees-fr-6\/guide-prive-pour-le-musee-guggenheim\/#breadcrumb\"},\"inLanguage\":\"fr-FR\",\"potentialAction\":[{\"@type\":\"ReadAction\",\"target\":[\"https:\/\/tourtravelandmore.com\/fr\/tours\/espagne-fr\/bilbao-fr\/toutes-les-visites-et-activites-privees-fr-6\/guide-prive-pour-le-musee-guggenheim\/\"]}]},{\"@type\":\"ImageObject\",\"inLanguage\":\"fr-FR\",\"@id\":\"https:\/\/tourtravelandmore.com\/fr\/tours\/espagne-fr\/bilbao-fr\/toutes-les-visites-et-activites-privees-fr-6\/guide-prive-pour-le-musee-guggenheim\/#primaryimage\",\"url\":\"https:\/\/tourtravelandmore.com\/wp-content\/uploads\/2016\/07\/guggenheim2.jpg\",\"contentUrl\":\"https:\/\/tourtravelandmore.com\/wp-content\/uploads\/2016\/07\/guggenheim2.jpg\",\"width\":800,\"height\":533},{\"@type\":\"BreadcrumbList\",\"@id\":\"https:\/\/tourtravelandmore.com\/fr\/tours\/espagne-fr\/bilbao-fr\/toutes-les-visites-et-activites-privees-fr-6\/guide-prive-pour-le-musee-guggenheim\/#breadcrumb\",\"itemListElement\":[{\"@type\":\"ListItem\",\"position\":1,\"name\":\"Home\",\"item\":\"https:\/\/tourtravelandmore.com\/fr\/\"},{\"@type\":\"ListItem\",\"position\":2,\"name\":\"Tours\",\"item\":\"https:\/\/tourtravelandmore.com\/fr\/tours\/\"},{\"@type\":\"ListItem\",\"position\":3,\"name\":\"Visite priv\u00e9e du mus\u00e9e Guggenheim\"}]},{\"@type\":\"WebSite\",\"@id\":\"https:\/\/tourtravelandmore.com\/fr\/#website\",\"url\":\"https:\/\/tourtravelandmore.com\/fr\/\",\"name\":\"Tour Travel And More\",\"description\":\"Private sightseeing tours and luxury transfers in Spain\",\"publisher\":{\"@id\":\"https:\/\/tourtravelandmore.com\/fr\/#organization\"},\"potentialAction\":[{\"@type\":\"SearchAction\",\"target\":{\"@type\":\"EntryPoint\",\"urlTemplate\":\"https:\/\/tourtravelandmore.com\/fr\/?s={search_term_string}\"},\"query-input\":{\"@type\":\"PropertyValueSpecification\",\"valueRequired\":true,\"valueName\":\"search_term_string\"}}],\"inLanguage\":\"fr-FR\"},{\"@type\":\"Organization\",\"@id\":\"https:\/\/tourtravelandmore.com\/fr\/#organization\",\"name\":\"Tour Travel And More\",\"url\":\"https:\/\/tourtravelandmore.com\/fr\/\",\"logo\":{\"@type\":\"ImageObject\",\"inLanguage\":\"fr-FR\",\"@id\":\"https:\/\/tourtravelandmore.com\/fr\/#\/schema\/logo\/image\/\",\"url\":\"https:\/\/tourtravelandmore.com\/wp-content\/uploads\/2022\/12\/cropped-logo-cabecera-new.png\",\"contentUrl\":\"https:\/\/tourtravelandmore.com\/wp-content\/uploads\/2022\/12\/cropped-logo-cabecera-new.png\",\"width\":430,\"height\":61,\"caption\":\"Tour Travel And More\"},\"image\":{\"@id\":\"https:\/\/tourtravelandmore.com\/fr\/#\/schema\/logo\/image\/\"},\"sameAs\":[\"https:\/\/www.facebook.com\/tourtravelandmore\/\",\"https:\/\/x.com\/TourTravel_More\"]}]}<\/script>\n<!-- \/ Yoast SEO Premium plugin. -->","yoast_head_json":{"title":"\u27a1\ufe0f Visite guid\u00e9e priv\u00e9e du Mus\u00e9e Guggenheim Bilbao | Tour Travel and More \u2705","description":"D\u00e9couvrez les merveilles du mus\u00e9e Guggenheim Bilbao avec un guide priv\u00e9. Explorez l'art moderne, l'architecture embl\u00e9matique et la possibilit\u00e9 de visiter le centre historique de Bilbao. R\u00e9servez d\u00e8s maintenant pour une exp\u00e9rience artistique exclusive ! \u2705","robots":{"index":"index","follow":"follow","max-snippet":"max-snippet:-1","max-image-preview":"max-image-preview:large","max-video-preview":"max-video-preview:-1"},"canonical":"https:\/\/tourtravelandmore.com\/fr\/tours\/espagne-fr\/bilbao-fr\/toutes-les-visites-et-activites-privees-fr-6\/guide-prive-pour-le-musee-guggenheim\/","og_locale":"fr_FR","og_type":"article","og_title":"Visite priv\u00e9e du mus\u00e9e Guggenheim","og_description":"D\u00e9couvrez les merveilles du mus\u00e9e Guggenheim Bilbao avec un guide priv\u00e9. Explorez l'art moderne, l'architecture embl\u00e9matique et la possibilit\u00e9 de visiter le centre historique de Bilbao. R\u00e9servez d\u00e8s maintenant pour une exp\u00e9rience artistique exclusive ! \u2705","og_url":"https:\/\/tourtravelandmore.com\/fr\/tours\/espagne-fr\/bilbao-fr\/toutes-les-visites-et-activites-privees-fr-6\/guide-prive-pour-le-musee-guggenheim\/","og_site_name":"Tour Travel And More","article_publisher":"https:\/\/www.facebook.com\/tourtravelandmore\/","article_modified_time":"2024-02-01T18:43:56+00:00","og_image":[{"width":800,"height":533,"url":"https:\/\/tourtravelandmore.com\/wp-content\/uploads\/2016\/07\/guggenheim2.jpg","type":"image\/jpeg"}],"twitter_card":"summary_large_image","twitter_site":"@TourTravel_More","twitter_misc":{"Dur\u00e9e de lecture estim\u00e9e":"4 minutes"},"schema":{"@context":"https:\/\/schema.org","@graph":[{"@type":"WebPage","@id":"https:\/\/tourtravelandmore.com\/fr\/tours\/espagne-fr\/bilbao-fr\/toutes-les-visites-et-activites-privees-fr-6\/guide-prive-pour-le-musee-guggenheim\/","url":"https:\/\/tourtravelandmore.com\/fr\/tours\/espagne-fr\/bilbao-fr\/toutes-les-visites-et-activites-privees-fr-6\/guide-prive-pour-le-musee-guggenheim\/","name":"\u27a1\ufe0f Visite guid\u00e9e priv\u00e9e du Mus\u00e9e Guggenheim Bilbao | Tour Travel and More \u2705","isPartOf":{"@id":"https:\/\/tourtravelandmore.com\/fr\/#website"},"primaryImageOfPage":{"@id":"https:\/\/tourtravelandmore.com\/fr\/tours\/espagne-fr\/bilbao-fr\/toutes-les-visites-et-activites-privees-fr-6\/guide-prive-pour-le-musee-guggenheim\/#primaryimage"},"image":{"@id":"https:\/\/tourtravelandmore.com\/fr\/tours\/espagne-fr\/bilbao-fr\/toutes-les-visites-et-activites-privees-fr-6\/guide-prive-pour-le-musee-guggenheim\/#primaryimage"},"thumbnailUrl":"https:\/\/tourtravelandmore.com\/wp-content\/uploads\/2016\/07\/guggenheim2.jpg","datePublished":"2016-07-12T17:40:42+00:00","dateModified":"2024-02-01T18:43:56+00:00","description":"D\u00e9couvrez les merveilles du mus\u00e9e Guggenheim Bilbao avec un guide priv\u00e9. Explorez l'art moderne, l'architecture embl\u00e9matique et la possibilit\u00e9 de visiter le centre historique de Bilbao. R\u00e9servez d\u00e8s maintenant pour une exp\u00e9rience artistique exclusive ! \u2705","breadcrumb":{"@id":"https:\/\/tourtravelandmore.com\/fr\/tours\/espagne-fr\/bilbao-fr\/toutes-les-visites-et-activites-privees-fr-6\/guide-prive-pour-le-musee-guggenheim\/#breadcrumb"},"inLanguage":"fr-FR","potentialAction":[{"@type":"ReadAction","target":["https:\/\/tourtravelandmore.com\/fr\/tours\/espagne-fr\/bilbao-fr\/toutes-les-visites-et-activites-privees-fr-6\/guide-prive-pour-le-musee-guggenheim\/"]}]},{"@type":"ImageObject","inLanguage":"fr-FR","@id":"https:\/\/tourtravelandmore.com\/fr\/tours\/espagne-fr\/bilbao-fr\/toutes-les-visites-et-activites-privees-fr-6\/guide-prive-pour-le-musee-guggenheim\/#primaryimage","url":"https:\/\/tourtravelandmore.com\/wp-content\/uploads\/2016\/07\/guggenheim2.jpg","contentUrl":"https:\/\/tourtravelandmore.com\/wp-content\/uploads\/2016\/07\/guggenheim2.jpg","width":800,"height":533},{"@type":"BreadcrumbList","@id":"https:\/\/tourtravelandmore.com\/fr\/tours\/espagne-fr\/bilbao-fr\/toutes-les-visites-et-activites-privees-fr-6\/guide-prive-pour-le-musee-guggenheim\/#breadcrumb","itemListElement":[{"@type":"ListItem","position":1,"name":"Home","item":"https:\/\/tourtravelandmore.com\/fr\/"},{"@type":"ListItem","position":2,"name":"Tours","item":"https:\/\/tourtravelandmore.com\/fr\/tours\/"},{"@type":"ListItem","position":3,"name":"Visite priv\u00e9e du mus\u00e9e Guggenheim"}]},{"@type":"WebSite","@id":"https:\/\/tourtravelandmore.com\/fr\/#website","url":"https:\/\/tourtravelandmore.com\/fr\/","name":"Tour Travel And More","description":"Private sightseeing tours and luxury transfers in Spain","publisher":{"@id":"https:\/\/tourtravelandmore.com\/fr\/#organization"},"potentialAction":[{"@type":"SearchAction","target":{"@type":"EntryPoint","urlTemplate":"https:\/\/tourtravelandmore.com\/fr\/?s={search_term_string}"},"query-input":{"@type":"PropertyValueSpecification","valueRequired":true,"valueName":"search_term_string"}}],"inLanguage":"fr-FR"},{"@type":"Organization","@id":"https:\/\/tourtravelandmore.com\/fr\/#organization","name":"Tour Travel And More","url":"https:\/\/tourtravelandmore.com\/fr\/","logo":{"@type":"ImageObject","inLanguage":"fr-FR","@id":"https:\/\/tourtravelandmore.com\/fr\/#\/schema\/logo\/image\/","url":"https:\/\/tourtravelandmore.com\/wp-content\/uploads\/2022\/12\/cropped-logo-cabecera-new.png","contentUrl":"https:\/\/tourtravelandmore.com\/wp-content\/uploads\/2022\/12\/cropped-logo-cabecera-new.png","width":430,"height":61,"caption":"Tour Travel And More"},"image":{"@id":"https:\/\/tourtravelandmore.com\/fr\/#\/schema\/logo\/image\/"},"sameAs":["https:\/\/www.facebook.com\/tourtravelandmore\/","https:\/\/x.com\/TourTravel_More"]}]}},"_links":{"self":[{"href":"https:\/\/tourtravelandmore.com\/fr\/wp-json\/wp\/v2\/product\/99096","targetHints":{"allow":["GET"]}}],"collection":[{"href":"https:\/\/tourtravelandmore.com\/fr\/wp-json\/wp\/v2\/product"}],"about":[{"href":"https:\/\/tourtravelandmore.com\/fr\/wp-json\/wp\/v2\/types\/product"}],"replies":[{"embeddable":true,"href":"https:\/\/tourtravelandmore.com\/fr\/wp-json\/wp\/v2\/comments?post=99096"}],"wp:featuredmedia":[{"embeddable":true,"href":"https:\/\/tourtravelandmore.com\/fr\/wp-json\/wp\/v2\/media\/95877"}],"wp:attachment":[{"href":"https:\/\/tourtravelandmore.com\/fr\/wp-json\/wp\/v2\/media?parent=99096"}],"wp:term":[{"taxonomy":"product_brand","embeddable":true,"href":"https:\/\/tourtravelandmore.com\/fr\/wp-json\/wp\/v2\/product_brand?post=99096"},{"taxonomy":"product_cat","embeddable":true,"href":"https:\/\/tourtravelandmore.com\/fr\/wp-json\/wp\/v2\/product_cat?post=99096"},{"taxonomy":"product_tag","embeddable":true,"href":"https:\/\/tourtravelandmore.com\/fr\/wp-json\/wp\/v2\/product_tag?post=99096"}],"curies":[{"name":"wp","href":"https:\/\/api.w.org\/{rel}","templated":true}]}}