{"id":99091,"date":"2016-07-12T19:31:10","date_gmt":"2016-07-12T17:31:10","guid":{"rendered":"https:\/\/tourtravelandmore.com\/tours\/non%20class\u00e9\/visite-privee-de-la-cote-de-bilbao\/"},"modified":"2024-02-01T20:22:55","modified_gmt":"2024-02-01T19:22:55","slug":"visite-privee-de-la-cote-de-bilbao","status":"publish","type":"product","link":"https:\/\/tourtravelandmore.com\/fr\/tours\/espagne-fr\/bilbao-fr\/toutes-les-visites-et-activites-privees-fr-6\/visite-privee-de-la-cote-de-bilbao\/","title":{"rendered":"Visite priv\u00e9e de la c\u00f4te du Pays basque depuis Bilbao"},"content":{"rendered":"<h1><b>Description de l&#8217;excursion priv\u00e9e sur la c\u00f4te au d\u00e9part de Bilbao<\/b><\/h1>\n<p><span style=\"font-weight: 400;\">Embarquez pour un voyage exclusif avec notre visite priv\u00e9e de la c\u00f4te au d\u00e9part de Bilbao, con\u00e7ue par Tour Travel and More pour d\u00e9voiler la beaut\u00e9 \u00e9poustouflante de la c\u00f4te basque. Cette journ\u00e9e compl\u00e8te de 8 heures est un m\u00e9lange parfait de beaut\u00e9 pittoresque, d&#8217;exploration culturelle et de relaxation, le tout dans le confort d&#8217;un v\u00e9hicule priv\u00e9 de luxe, accompagn\u00e9 d&#8217;un guide local expert.<\/span><\/p>\n<p><span style=\"font-weight: 400;\">L&#8217;aventure commence par une prise en charge personnalis\u00e9e \u00e0 votre h\u00f4tel, au port de croisi\u00e8re ou \u00e0 tout autre endroit de Bilbao. Notre chauffeur priv\u00e9 et notre guide expert vous accueilleront et vous donneront le ton d&#8217;une journ\u00e9e de d\u00e9couverte. Alors que nous laissons derri\u00e8re nous le paysage urbain de Bilbao, pr\u00e9parez-vous \u00e0 \u00eatre captiv\u00e9 par les vues \u00e9poustouflantes de la c\u00f4te basque, une r\u00e9gion r\u00e9put\u00e9e pour ses falaises escarp\u00e9es, ses plages charmantes et ses villages de p\u00eacheurs pittoresques.<\/span><\/p>\n<p><span style=\"font-weight: 400;\">Tout au long de ce circuit, vous aurez l&#8217;occasion de vous immerger dans la culture et l&#8217;histoire uniques du Pays basque. De l&#8217;\u00eelot embl\u00e9matique de San Juan de Gaztelugatxe, reli\u00e9 au continent par un pont de pierre sinueux, \u00e0 la ville historique de Gernika, c\u00e9l\u00e8bre pour sa signification symbolique dans la culture basque, chaque destination offre une fen\u00eatre unique sur l&#8217;\u00e2me de la r\u00e9gion.<\/span><\/p>\n<p><span style=\"font-weight: 400;\">Le circuit comprend \u00e9galement des arr\u00eats dans des joyaux cach\u00e9s tels que Loyola, Arantxaxu, O\u00f1ati et Getaria, qui offrent chacun un charme unique. Qu&#8217;il s&#8217;agisse d&#8217;explorer d&#8217;anciens monast\u00e8res, de savourer la gastronomie locale ou simplement de s&#8217;impr\u00e9gner des superbes vues de la c\u00f4te, ce circuit promet une multitude d&#8217;exp\u00e9riences.<\/span><\/p>\n<p><span style=\"font-weight: 400;\">Notre guide et notre chauffeur sont \u00e0 votre enti\u00e8re disposition tout au long de l&#8217;excursion, pour vous garantir une exp\u00e9rience confortable et flexible. Nous veillerons \u00e0 ce que vous disposiez de suffisamment de temps pour savourer un d\u00e9licieux repas, prendre de belles photos et peut-\u00eatre m\u00eame tremper vos orteils dans les eaux fra\u00eeches de l&#8217;oc\u00e9an.<\/span><\/p>\n<p><span style=\"font-weight: 400;\">\u00c0 la fin de la journ\u00e9e, nous vous ram\u00e8nerons au point de chute que vous aurez choisi \u00e0 Bilbao, en vous laissant le souvenir d&#8217;une exploration inoubliable de la c\u00f4te basque. Cette excursion priv\u00e9e sur la c\u00f4te au d\u00e9part de Bilbao n&#8217;est pas une simple visite touristique, c&#8217;est un voyage intime dans l&#8217;une des plus belles r\u00e9gions d&#8217;Espagne.<\/span><\/p>\n<p><span style=\"font-weight: 400;\">D\u00e9couvrez d&#8217;autres exp\u00e9riences uniques et personnalis\u00e9es \u00e0 Bilbao et dans ses environs en consultant nos autres circuits priv\u00e9s.<\/span><\/p>\n<h2><b>Excursion priv\u00e9e sur la c\u00f4te depuis Bilbao | Points d&#8217;int\u00e9r\u00eat et monuments \u00e0 visiter<\/b><\/h2>\n<ul>\n<li style=\"font-weight: 400;\" aria-level=\"1\"><b>San Juan de Gaztelugatxe <\/b><span style=\"font-weight: 400;\">: Visitez cet \u00eelot remarquable, un joyau de la c\u00f4te basque, reli\u00e9 \u00e0 la terre ferme par un pont en serpentin. L&#8217;ascension de la chapelle situ\u00e9e au sommet offre une vue panoramique sur l&#8217;oc\u00e9an et permet de faire sonner la l\u00e9gendaire cloche pour porter chance.<\/span><\/li>\n<li style=\"font-weight: 400;\" aria-level=\"1\"><b>Gernika <\/b><span style=\"font-weight: 400;\">: Explorez la ville historique de Gernika, symbole de l&#8217;identit\u00e9 et de la r\u00e9sistance basques. La visite du mus\u00e9e de la paix et de la maison de l&#8217;assembl\u00e9e t\u00e9moigne de l&#8217;histoire poignante de la ville et de son importance dans la culture basque.<\/span><\/li>\n<li style=\"font-weight: 400;\" aria-level=\"1\"><b>Loyola <\/b><span style=\"font-weight: 400;\">: D\u00e9couvrez la ville spirituelle de Loyola, lieu de naissance de Saint Ignace de Loyola, fondateur des J\u00e9suites. L&#8217;impressionnant Sanctuaire de Loyola et sa basilique t\u00e9moignent de l&#8217;h\u00e9ritage religieux de la r\u00e9gion.<\/span><\/li>\n<li style=\"font-weight: 400;\" aria-level=\"1\"><b>Arantxaxu <\/b><span style=\"font-weight: 400;\">: Plongez dans la beaut\u00e9 tranquille d&#8217;Arantxaxu, un joyau cach\u00e9 offrant des paysages pittoresques et un aper\u00e7u du mode de vie traditionnel basque.<\/span><\/li>\n<li style=\"font-weight: 400;\" aria-level=\"1\"><b>O\u00f1ati :<\/b><span style=\"font-weight: 400;\"> Fl\u00e2nez dans les rues d&#8217;O\u00f1ati, surnomm\u00e9e la &#8220;Tol\u00e8de basque&#8221; pour son riche patrimoine architectural. Visitez l&#8217;universit\u00e9 du Saint-Esprit, l&#8217;une des plus anciennes de la r\u00e9gion.<\/span><\/li>\n<li style=\"font-weight: 400;\" aria-level=\"1\"><b>Getaria <\/b><span style=\"font-weight: 400;\">: d\u00e9couvrez le charme de Getaria, un village c\u00f4tier c\u00e9l\u00e8bre pour sa tradition de p\u00eache, son vin Txakoli et la ville natale du c\u00e9l\u00e8bre couturier Crist\u00f3bal Balenciaga.<\/span><\/li>\n<li style=\"font-weight: 400;\" aria-level=\"1\"><b>Itin\u00e9raire personnalisable :<\/b><span style=\"font-weight: 400;\"> Ce circuit offre la possibilit\u00e9 de se concentrer sur les sites qui vous int\u00e9ressent le plus. Qu&#8217;il s&#8217;agisse de sites historiques, de beaut\u00e9s naturelles ou d&#8217;exp\u00e9riences culinaires, nous adaptons le voyage \u00e0 vos pr\u00e9f\u00e9rences.<\/span><\/li>\n<li style=\"font-weight: 400;\" aria-level=\"1\"><b>Confort et commodit\u00e9 : <\/b><span style=\"font-weight: 400;\">Voyagez dans le luxe et le style \u00e0 bord de notre v\u00e9hicule priv\u00e9, pour un voyage relaxant et agr\u00e9able tout au long de la journ\u00e9e. Notre guide et notre chauffeur comp\u00e9tents r\u00e9pondent \u00e0 tous vos besoins, faisant de votre visite une exp\u00e9rience m\u00e9morable et sans faille.<\/span><\/li>\n<\/ul>\n<p><span style=\"font-weight: 400;\">\u00cates-vous impatient d&#8217;explorer la captivante c\u00f4te basque ? D\u00e9couvrez les villes enchanteresses et les vues \u00e0 couper le souffle gr\u00e2ce \u00e0 notre excursion priv\u00e9e sur la c\u00f4te au d\u00e9part de Bilbao. R\u00e9servez d\u00e8s maintenant avec Tour Travel and More pour vous assurer une exp\u00e9rience personnalis\u00e9e et inoubliable. Ne manquez pas cette occasion de vous plonger dans la beaut\u00e9 du Pays basque.<\/span><a href=\"https:\/\/tourtravelandmore.com\/fr\/city\/espagne-fr\/bilbao-fr\/\"><span style=\"font-weight: 400;\"> Visitez Tour Travel and More pour d&#8217;autres visites uniques et exp\u00e9riences sur mesure \u00e0 Bilbao et au-del\u00e0. Votre aventure vous attend !<\/span><\/a><\/p>\n","protected":false},"excerpt":{"rendered":"<p><span style=\"font-weight: 400;\">Participez \u00e0 notre excursion priv\u00e9e sur la c\u00f4te au d\u00e9part de Bilbao pour une exploration exclusive du littoral \u00e9poustouflant, des villes historiques et du riche patrimoine culturel du Pays basque. D\u00e9couvrez la beaut\u00e9 de San Juan de Gaztelugatxe, Gernika, Loyola, et plus encore dans le luxe et le confort.<\/span><\/p>\n<p>&nbsp;<\/p>\n","protected":false},"featured_media":95893,"comment_status":"open","ping_status":"closed","template":"","meta":{"_acf_changed":false},"product_brand":[],"product_cat":[4738,4737,4740,3574],"product_tag":[],"class_list":{"0":"post-99091","1":"product","2":"type-product","3":"status-publish","4":"has-post-thumbnail","6":"product_cat-excursions-privees-dune-journee-fr-5","7":"product_cat-toutes-les-visites-et-activites-privees-fr-6","8":"product_cat-visites-guidees-privees-fr-8","9":"product_cat-bilbao-fr","11":"first","12":"instock","13":"shipping-taxable","14":"purchasable","15":"product-type-simple"},"acf":[],"yoast_head":"<!-- This site is optimized with the Yoast SEO Premium plugin v25.3.1 (Yoast SEO v25.3.1) - https:\/\/yoast.com\/wordpress\/plugins\/seo\/ -->\n<title>\u27a1\ufe0f Private Coast Tour from Bilbao - Explorez la beaut\u00e9 et la culture basques \u2705<\/title>\n<meta name=\"description\" content=\"D\u00e9couvrez la superbe c\u00f4te basque, les villes historiques et les joyaux culturels lors de notre excursion priv\u00e9e sur la c\u00f4te au d\u00e9part de Bilbao. R\u00e9servez votre aventure personnalis\u00e9e d\u00e8s aujourd&#039;hui ! \u2705\" \/>\n<meta name=\"robots\" content=\"index, follow, max-snippet:-1, max-image-preview:large, max-video-preview:-1\" \/>\n<link rel=\"canonical\" href=\"https:\/\/tourtravelandmore.com\/fr\/tours\/espagne-fr\/bilbao-fr\/toutes-les-visites-et-activites-privees-fr-6\/visite-privee-de-la-cote-de-bilbao\/\" \/>\n<meta property=\"og:locale\" content=\"fr_FR\" \/>\n<meta property=\"og:type\" content=\"article\" \/>\n<meta property=\"og:title\" content=\"Visite priv\u00e9e de la c\u00f4te du Pays basque depuis Bilbao\" \/>\n<meta property=\"og:description\" content=\"D\u00e9couvrez la superbe c\u00f4te basque, les villes historiques et les joyaux culturels lors de notre excursion priv\u00e9e sur la c\u00f4te au d\u00e9part de Bilbao. R\u00e9servez votre aventure personnalis\u00e9e d\u00e8s aujourd&#039;hui ! \u2705\" \/>\n<meta property=\"og:url\" content=\"https:\/\/tourtravelandmore.com\/fr\/tours\/espagne-fr\/bilbao-fr\/toutes-les-visites-et-activites-privees-fr-6\/visite-privee-de-la-cote-de-bilbao\/\" \/>\n<meta property=\"og:site_name\" content=\"Tour Travel And More\" \/>\n<meta property=\"article:publisher\" content=\"https:\/\/www.facebook.com\/tourtravelandmore\/\" \/>\n<meta property=\"article:modified_time\" content=\"2024-02-01T19:22:55+00:00\" \/>\n<meta property=\"og:image\" content=\"https:\/\/tourtravelandmore.com\/wp-content\/uploads\/2016\/07\/Tolosa-1.jpg\" \/>\n\t<meta property=\"og:image:width\" content=\"800\" \/>\n\t<meta property=\"og:image:height\" content=\"600\" \/>\n\t<meta property=\"og:image:type\" content=\"image\/jpeg\" \/>\n<meta name=\"twitter:card\" content=\"summary_large_image\" \/>\n<meta name=\"twitter:site\" content=\"@TourTravel_More\" \/>\n<meta name=\"twitter:label1\" content=\"Dur\u00e9e de lecture estim\u00e9e\" \/>\n\t<meta name=\"twitter:data1\" content=\"4 minutes\" \/>\n<script type=\"application\/ld+json\" class=\"yoast-schema-graph\">{\"@context\":\"https:\/\/schema.org\",\"@graph\":[{\"@type\":\"WebPage\",\"@id\":\"https:\/\/tourtravelandmore.com\/fr\/tours\/espagne-fr\/bilbao-fr\/toutes-les-visites-et-activites-privees-fr-6\/visite-privee-de-la-cote-de-bilbao\/\",\"url\":\"https:\/\/tourtravelandmore.com\/fr\/tours\/espagne-fr\/bilbao-fr\/toutes-les-visites-et-activites-privees-fr-6\/visite-privee-de-la-cote-de-bilbao\/\",\"name\":\"\u27a1\ufe0f Private Coast Tour from Bilbao - Explorez la beaut\u00e9 et la culture basques \u2705\",\"isPartOf\":{\"@id\":\"https:\/\/tourtravelandmore.com\/fr\/#website\"},\"primaryImageOfPage\":{\"@id\":\"https:\/\/tourtravelandmore.com\/fr\/tours\/espagne-fr\/bilbao-fr\/toutes-les-visites-et-activites-privees-fr-6\/visite-privee-de-la-cote-de-bilbao\/#primaryimage\"},\"image\":{\"@id\":\"https:\/\/tourtravelandmore.com\/fr\/tours\/espagne-fr\/bilbao-fr\/toutes-les-visites-et-activites-privees-fr-6\/visite-privee-de-la-cote-de-bilbao\/#primaryimage\"},\"thumbnailUrl\":\"https:\/\/tourtravelandmore.com\/wp-content\/uploads\/2016\/07\/Tolosa-1.jpg\",\"datePublished\":\"2016-07-12T17:31:10+00:00\",\"dateModified\":\"2024-02-01T19:22:55+00:00\",\"description\":\"D\u00e9couvrez la superbe c\u00f4te basque, les villes historiques et les joyaux culturels lors de notre excursion priv\u00e9e sur la c\u00f4te au d\u00e9part de Bilbao. R\u00e9servez votre aventure personnalis\u00e9e d\u00e8s aujourd'hui ! \u2705\",\"breadcrumb\":{\"@id\":\"https:\/\/tourtravelandmore.com\/fr\/tours\/espagne-fr\/bilbao-fr\/toutes-les-visites-et-activites-privees-fr-6\/visite-privee-de-la-cote-de-bilbao\/#breadcrumb\"},\"inLanguage\":\"fr-FR\",\"potentialAction\":[{\"@type\":\"ReadAction\",\"target\":[\"https:\/\/tourtravelandmore.com\/fr\/tours\/espagne-fr\/bilbao-fr\/toutes-les-visites-et-activites-privees-fr-6\/visite-privee-de-la-cote-de-bilbao\/\"]}]},{\"@type\":\"ImageObject\",\"inLanguage\":\"fr-FR\",\"@id\":\"https:\/\/tourtravelandmore.com\/fr\/tours\/espagne-fr\/bilbao-fr\/toutes-les-visites-et-activites-privees-fr-6\/visite-privee-de-la-cote-de-bilbao\/#primaryimage\",\"url\":\"https:\/\/tourtravelandmore.com\/wp-content\/uploads\/2016\/07\/Tolosa-1.jpg\",\"contentUrl\":\"https:\/\/tourtravelandmore.com\/wp-content\/uploads\/2016\/07\/Tolosa-1.jpg\",\"width\":800,\"height\":600},{\"@type\":\"BreadcrumbList\",\"@id\":\"https:\/\/tourtravelandmore.com\/fr\/tours\/espagne-fr\/bilbao-fr\/toutes-les-visites-et-activites-privees-fr-6\/visite-privee-de-la-cote-de-bilbao\/#breadcrumb\",\"itemListElement\":[{\"@type\":\"ListItem\",\"position\":1,\"name\":\"Home\",\"item\":\"https:\/\/tourtravelandmore.com\/fr\/\"},{\"@type\":\"ListItem\",\"position\":2,\"name\":\"Tours\",\"item\":\"https:\/\/tourtravelandmore.com\/fr\/tours\/\"},{\"@type\":\"ListItem\",\"position\":3,\"name\":\"Visite priv\u00e9e de la c\u00f4te du Pays basque depuis Bilbao\"}]},{\"@type\":\"WebSite\",\"@id\":\"https:\/\/tourtravelandmore.com\/fr\/#website\",\"url\":\"https:\/\/tourtravelandmore.com\/fr\/\",\"name\":\"Tour Travel And More\",\"description\":\"Private sightseeing tours and luxury transfers in Spain\",\"publisher\":{\"@id\":\"https:\/\/tourtravelandmore.com\/fr\/#organization\"},\"potentialAction\":[{\"@type\":\"SearchAction\",\"target\":{\"@type\":\"EntryPoint\",\"urlTemplate\":\"https:\/\/tourtravelandmore.com\/fr\/?s={search_term_string}\"},\"query-input\":{\"@type\":\"PropertyValueSpecification\",\"valueRequired\":true,\"valueName\":\"search_term_string\"}}],\"inLanguage\":\"fr-FR\"},{\"@type\":\"Organization\",\"@id\":\"https:\/\/tourtravelandmore.com\/fr\/#organization\",\"name\":\"Tour Travel And More\",\"url\":\"https:\/\/tourtravelandmore.com\/fr\/\",\"logo\":{\"@type\":\"ImageObject\",\"inLanguage\":\"fr-FR\",\"@id\":\"https:\/\/tourtravelandmore.com\/fr\/#\/schema\/logo\/image\/\",\"url\":\"https:\/\/tourtravelandmore.com\/wp-content\/uploads\/2022\/12\/cropped-logo-cabecera-new.png\",\"contentUrl\":\"https:\/\/tourtravelandmore.com\/wp-content\/uploads\/2022\/12\/cropped-logo-cabecera-new.png\",\"width\":430,\"height\":61,\"caption\":\"Tour Travel And More\"},\"image\":{\"@id\":\"https:\/\/tourtravelandmore.com\/fr\/#\/schema\/logo\/image\/\"},\"sameAs\":[\"https:\/\/www.facebook.com\/tourtravelandmore\/\",\"https:\/\/x.com\/TourTravel_More\"]}]}<\/script>\n<!-- \/ Yoast SEO Premium plugin. -->","yoast_head_json":{"title":"\u27a1\ufe0f Private Coast Tour from Bilbao - Explorez la beaut\u00e9 et la culture basques \u2705","description":"D\u00e9couvrez la superbe c\u00f4te basque, les villes historiques et les joyaux culturels lors de notre excursion priv\u00e9e sur la c\u00f4te au d\u00e9part de Bilbao. R\u00e9servez votre aventure personnalis\u00e9e d\u00e8s aujourd'hui ! \u2705","robots":{"index":"index","follow":"follow","max-snippet":"max-snippet:-1","max-image-preview":"max-image-preview:large","max-video-preview":"max-video-preview:-1"},"canonical":"https:\/\/tourtravelandmore.com\/fr\/tours\/espagne-fr\/bilbao-fr\/toutes-les-visites-et-activites-privees-fr-6\/visite-privee-de-la-cote-de-bilbao\/","og_locale":"fr_FR","og_type":"article","og_title":"Visite priv\u00e9e de la c\u00f4te du Pays basque depuis Bilbao","og_description":"D\u00e9couvrez la superbe c\u00f4te basque, les villes historiques et les joyaux culturels lors de notre excursion priv\u00e9e sur la c\u00f4te au d\u00e9part de Bilbao. R\u00e9servez votre aventure personnalis\u00e9e d\u00e8s aujourd'hui ! \u2705","og_url":"https:\/\/tourtravelandmore.com\/fr\/tours\/espagne-fr\/bilbao-fr\/toutes-les-visites-et-activites-privees-fr-6\/visite-privee-de-la-cote-de-bilbao\/","og_site_name":"Tour Travel And More","article_publisher":"https:\/\/www.facebook.com\/tourtravelandmore\/","article_modified_time":"2024-02-01T19:22:55+00:00","og_image":[{"width":800,"height":600,"url":"https:\/\/tourtravelandmore.com\/wp-content\/uploads\/2016\/07\/Tolosa-1.jpg","type":"image\/jpeg"}],"twitter_card":"summary_large_image","twitter_site":"@TourTravel_More","twitter_misc":{"Dur\u00e9e de lecture estim\u00e9e":"4 minutes"},"schema":{"@context":"https:\/\/schema.org","@graph":[{"@type":"WebPage","@id":"https:\/\/tourtravelandmore.com\/fr\/tours\/espagne-fr\/bilbao-fr\/toutes-les-visites-et-activites-privees-fr-6\/visite-privee-de-la-cote-de-bilbao\/","url":"https:\/\/tourtravelandmore.com\/fr\/tours\/espagne-fr\/bilbao-fr\/toutes-les-visites-et-activites-privees-fr-6\/visite-privee-de-la-cote-de-bilbao\/","name":"\u27a1\ufe0f Private Coast Tour from Bilbao - Explorez la beaut\u00e9 et la culture basques \u2705","isPartOf":{"@id":"https:\/\/tourtravelandmore.com\/fr\/#website"},"primaryImageOfPage":{"@id":"https:\/\/tourtravelandmore.com\/fr\/tours\/espagne-fr\/bilbao-fr\/toutes-les-visites-et-activites-privees-fr-6\/visite-privee-de-la-cote-de-bilbao\/#primaryimage"},"image":{"@id":"https:\/\/tourtravelandmore.com\/fr\/tours\/espagne-fr\/bilbao-fr\/toutes-les-visites-et-activites-privees-fr-6\/visite-privee-de-la-cote-de-bilbao\/#primaryimage"},"thumbnailUrl":"https:\/\/tourtravelandmore.com\/wp-content\/uploads\/2016\/07\/Tolosa-1.jpg","datePublished":"2016-07-12T17:31:10+00:00","dateModified":"2024-02-01T19:22:55+00:00","description":"D\u00e9couvrez la superbe c\u00f4te basque, les villes historiques et les joyaux culturels lors de notre excursion priv\u00e9e sur la c\u00f4te au d\u00e9part de Bilbao. R\u00e9servez votre aventure personnalis\u00e9e d\u00e8s aujourd'hui ! \u2705","breadcrumb":{"@id":"https:\/\/tourtravelandmore.com\/fr\/tours\/espagne-fr\/bilbao-fr\/toutes-les-visites-et-activites-privees-fr-6\/visite-privee-de-la-cote-de-bilbao\/#breadcrumb"},"inLanguage":"fr-FR","potentialAction":[{"@type":"ReadAction","target":["https:\/\/tourtravelandmore.com\/fr\/tours\/espagne-fr\/bilbao-fr\/toutes-les-visites-et-activites-privees-fr-6\/visite-privee-de-la-cote-de-bilbao\/"]}]},{"@type":"ImageObject","inLanguage":"fr-FR","@id":"https:\/\/tourtravelandmore.com\/fr\/tours\/espagne-fr\/bilbao-fr\/toutes-les-visites-et-activites-privees-fr-6\/visite-privee-de-la-cote-de-bilbao\/#primaryimage","url":"https:\/\/tourtravelandmore.com\/wp-content\/uploads\/2016\/07\/Tolosa-1.jpg","contentUrl":"https:\/\/tourtravelandmore.com\/wp-content\/uploads\/2016\/07\/Tolosa-1.jpg","width":800,"height":600},{"@type":"BreadcrumbList","@id":"https:\/\/tourtravelandmore.com\/fr\/tours\/espagne-fr\/bilbao-fr\/toutes-les-visites-et-activites-privees-fr-6\/visite-privee-de-la-cote-de-bilbao\/#breadcrumb","itemListElement":[{"@type":"ListItem","position":1,"name":"Home","item":"https:\/\/tourtravelandmore.com\/fr\/"},{"@type":"ListItem","position":2,"name":"Tours","item":"https:\/\/tourtravelandmore.com\/fr\/tours\/"},{"@type":"ListItem","position":3,"name":"Visite priv\u00e9e de la c\u00f4te du Pays basque depuis Bilbao"}]},{"@type":"WebSite","@id":"https:\/\/tourtravelandmore.com\/fr\/#website","url":"https:\/\/tourtravelandmore.com\/fr\/","name":"Tour Travel And More","description":"Private sightseeing tours and luxury transfers in Spain","publisher":{"@id":"https:\/\/tourtravelandmore.com\/fr\/#organization"},"potentialAction":[{"@type":"SearchAction","target":{"@type":"EntryPoint","urlTemplate":"https:\/\/tourtravelandmore.com\/fr\/?s={search_term_string}"},"query-input":{"@type":"PropertyValueSpecification","valueRequired":true,"valueName":"search_term_string"}}],"inLanguage":"fr-FR"},{"@type":"Organization","@id":"https:\/\/tourtravelandmore.com\/fr\/#organization","name":"Tour Travel And More","url":"https:\/\/tourtravelandmore.com\/fr\/","logo":{"@type":"ImageObject","inLanguage":"fr-FR","@id":"https:\/\/tourtravelandmore.com\/fr\/#\/schema\/logo\/image\/","url":"https:\/\/tourtravelandmore.com\/wp-content\/uploads\/2022\/12\/cropped-logo-cabecera-new.png","contentUrl":"https:\/\/tourtravelandmore.com\/wp-content\/uploads\/2022\/12\/cropped-logo-cabecera-new.png","width":430,"height":61,"caption":"Tour Travel And More"},"image":{"@id":"https:\/\/tourtravelandmore.com\/fr\/#\/schema\/logo\/image\/"},"sameAs":["https:\/\/www.facebook.com\/tourtravelandmore\/","https:\/\/x.com\/TourTravel_More"]}]}},"_links":{"self":[{"href":"https:\/\/tourtravelandmore.com\/fr\/wp-json\/wp\/v2\/product\/99091","targetHints":{"allow":["GET"]}}],"collection":[{"href":"https:\/\/tourtravelandmore.com\/fr\/wp-json\/wp\/v2\/product"}],"about":[{"href":"https:\/\/tourtravelandmore.com\/fr\/wp-json\/wp\/v2\/types\/product"}],"replies":[{"embeddable":true,"href":"https:\/\/tourtravelandmore.com\/fr\/wp-json\/wp\/v2\/comments?post=99091"}],"wp:featuredmedia":[{"embeddable":true,"href":"https:\/\/tourtravelandmore.com\/fr\/wp-json\/wp\/v2\/media\/95893"}],"wp:attachment":[{"href":"https:\/\/tourtravelandmore.com\/fr\/wp-json\/wp\/v2\/media?parent=99091"}],"wp:term":[{"taxonomy":"product_brand","embeddable":true,"href":"https:\/\/tourtravelandmore.com\/fr\/wp-json\/wp\/v2\/product_brand?post=99091"},{"taxonomy":"product_cat","embeddable":true,"href":"https:\/\/tourtravelandmore.com\/fr\/wp-json\/wp\/v2\/product_cat?post=99091"},{"taxonomy":"product_tag","embeddable":true,"href":"https:\/\/tourtravelandmore.com\/fr\/wp-json\/wp\/v2\/product_tag?post=99091"}],"curies":[{"name":"wp","href":"https:\/\/api.w.org\/{rel}","templated":true}]}}