{"id":99086,"date":"2016-07-12T19:24:45","date_gmt":"2016-07-12T17:24:45","guid":{"rendered":"https:\/\/tourtravelandmore.com\/tours\/non%20class\u00e9\/visite-privee-de-bilbao\/"},"modified":"2024-01-05T13:09:34","modified_gmt":"2024-01-05T12:09:34","slug":"visite-privee-de-bilbao","status":"publish","type":"product","link":"https:\/\/tourtravelandmore.com\/fr\/tours\/espagne-fr\/bilbao-fr\/toutes-les-visites-et-activites-privees-fr-6\/visite-privee-de-bilbao\/","title":{"rendered":"Visite priv\u00e9e de Bilbao"},"content":{"rendered":"<h2><b>Description de la visite priv\u00e9e de Bilbao<\/b><\/h2>\n<p><span style=\"font-weight: 400;\">Embarquez pour un voyage inoubliable avec notre visite priv\u00e9e de Bilbao, con\u00e7ue exclusivement par Tour Travel and More pour pr\u00e9senter le meilleur du paysage culturel diversifi\u00e9 de Bilbao. Cette visite compl\u00e8te de 4 heures est m\u00e9ticuleusement con\u00e7ue pour ceux qui souhaitent plonger au c\u0153ur de Bilbao, en explorant sa riche histoire, son patrimoine artistique et ses merveilles modernes.<\/span><\/p>\n<p><span style=\"font-weight: 400;\">Au d\u00e9but de votre exp\u00e9rience personnalis\u00e9e, notre chauffeur professionnel vous accueillera \u00e0 l&#8217;endroit de votre choix \u00e0 Bilbao, qu&#8217;il s&#8217;agisse de votre h\u00f4tel, du port de croisi\u00e8re ou de tout autre site de la ville. Accompagn\u00e9 de notre guide expert, vous serez confortablement transport\u00e9 dans un v\u00e9hicule de luxe, garantissant une visite des plus pratiques et des plus \u00e9l\u00e9gantes.<\/span><\/p>\n<p><span style=\"font-weight: 400;\">Tout au long de ce voyage captivant, vous serez t\u00e9moin du m\u00e9lange harmonieux du charme traditionnel de Bilbao et de sa grandeur contemporaine. Des ruelles sinueuses de la vieille ville, qui regorgent de r\u00e9cits historiques, \u00e0 l&#8217;architecture avant-gardiste symbolis\u00e9e par l&#8217;embl\u00e9matique mus\u00e9e Guggenheim, chaque tournant pr\u00e9sente une nouvelle facette de l&#8217;attrait de Bilbao.<\/span><\/p>\n<p><span style=\"font-weight: 400;\">Votre excursion \u00e0 Bilbao ne sera pas seulement un r\u00e9gal pour les yeux, mais aussi une exp\u00e9rience \u00e9ducative enrichissante. Pendant que vous traversez la ville, votre guide personnel, bien au fait de l&#8217;histoire et de la culture de Bilbao, vous fournira des commentaires int\u00e9ressants et perspicaces. Cette visite est plus qu&#8217;une simple excursion touristique ; c&#8217;est une plong\u00e9e profonde dans l&#8217;essence de Bilbao, o\u00f9 chaque coin de rue a une histoire et o\u00f9 chaque b\u00e2timent refl\u00e8te un morceau d&#8217;histoire.<\/span><\/p>\n<p><span style=\"font-weight: 400;\">Le rythme de la visite est bien \u00e9tudi\u00e9, ce qui laisse suffisamment de temps pour savourer chaque site et s&#8217;impr\u00e9gner de l&#8217;atmosph\u00e8re de cette ville magnifique. Qu&#8217;il s&#8217;agisse de l&#8217;effervescence des march\u00e9s ou de l&#8217;\u00e9l\u00e9gance sereine des cath\u00e9drales historiques, vous d\u00e9couvrirez le meilleur de Bilbao en fonction de vos centres d&#8217;int\u00e9r\u00eat et de votre rythme. Pour les amateurs d&#8217;art, les passionn\u00e9s d&#8217;histoire ou les explorateurs occasionnels, cette visite promet une exploration compl\u00e8te et m\u00e9morable des sites les plus pr\u00e9cieux de Bilbao.<\/span><\/p>\n<h2><b>Visite priv\u00e9e de Bilbao | Points d&#8217;int\u00e9r\u00eat et points de rep\u00e8re<\/b><\/h2>\n<ul>\n<li style=\"font-weight: 400;\" aria-level=\"1\"><b>Vieille ville (Casco Viejo) :<\/b><span style=\"font-weight: 400;\"> Plongez au c\u0153ur de l&#8217;histoire de Bilbao en parcourant la vieille ville. D\u00e9couvrez les joyaux cach\u00e9s et les sites historiques, notamment le tr\u00e8s anim\u00e9 Mercado de la Ribera et la pittoresque Plaza Nueva, qui \u00e9voquent tous des histoires d&#8217;antan.<\/span><\/li>\n<li style=\"font-weight: 400;\" aria-level=\"1\"><b>Puente Zubizuri :<\/b><span style=\"font-weight: 400;\"> \u00c9merveillez-vous devant la merveille architecturale du Puente Zubizuri, une \u00e9tonnante passerelle blanche con\u00e7ue par Santiago Calatrava, qui symbolise la revitalisation moderne de Bilbao.<\/span><\/li>\n<li style=\"font-weight: 400;\" aria-level=\"1\"><b>Azkuna Zentroa :<\/b><span style=\"font-weight: 400;\"> Admirez l&#8217;ext\u00e9rieur de ce centre culturel innovant, parfait exemple de la fa\u00e7on dont Bilbao fusionne le traditionnel et le contemporain.<\/span><\/li>\n<li style=\"font-weight: 400;\" aria-level=\"1\"><b>Basilique de Bego\u00f1a <\/b><span style=\"font-weight: 400;\">: Visitez la basilique v\u00e9n\u00e9r\u00e9e de Bego\u00f1a, qui t\u00e9moigne de l&#8217;h\u00e9ritage religieux de la ville, et profitez d&#8217;une vue \u00e0 couper le souffle sur Bilbao.<\/span><\/li>\n<li style=\"font-weight: 400;\" aria-level=\"1\"><b>Puente de la Salve et Moy\u00faa <\/b><span style=\"font-weight: 400;\">: D\u00e9couvrez les espaces urbains dynamiques de Bilbao, depuis l&#8217;impressionnant Puente de la Salve jusqu&#8217;\u00e0 la tr\u00e8s anim\u00e9e Plaza de Don Federico Moy\u00faa.<\/span><\/li>\n<li style=\"font-weight: 400;\" aria-level=\"1\"><b>Mus\u00e9e Guggenheim <\/b><span style=\"font-weight: 400;\">: Aucune visite \u00e0 Bilbao n&#8217;est compl\u00e8te sans admirer le mus\u00e9e Guggenheim. En option, plongez dans ses galeries avec votre guide priv\u00e9, pour explorer des collections d&#8217;art de classe mondiale (des billets peuvent \u00eatre obtenus sur demande).<\/span><\/li>\n<li style=\"font-weight: 400;\" aria-level=\"1\"><b>Stade San Mam\u00e9s :<\/b><span style=\"font-weight: 400;\"> Pour les amateurs de football, la visite du stade San Mam\u00e9s est incontournable. D\u00e9couvrez l&#8217;excitation et la passion qui r\u00e9sument l&#8217;esprit de Bilbao.<\/span><\/li>\n<li style=\"font-weight: 400;\" aria-level=\"1\"><b>Quartier de l&#8217;Ensanche :<\/b><span style=\"font-weight: 400;\"> D\u00e9couvrez l&#8217;architecture moderne de Bilbao dans le quartier de l&#8217;Ensanche, qui contraste avec le charme historique de la vieille ville.<\/span><\/li>\n<li style=\"font-weight: 400;\" aria-level=\"1\"><b>Pont Arenal et pont San Ant\u00f3n :<\/b><span style=\"font-weight: 400;\"> Promenez-vous sur ces ponts embl\u00e9matiques, qui traversent le fleuve Nervi\u00f3n, et admirez le m\u00e9lange d&#8217;histoire et de modernit\u00e9 qui caract\u00e9rise Bilbao. Le pont Arenal vous relie au vibrant parc Arenal, tandis que le pont San Ant\u00f3n, avec son arri\u00e8re-plan pittoresque de l&#8217;\u00e9glise San Ant\u00f3n, est impr\u00e9gn\u00e9 d&#8217;histoire.<\/span><\/li>\n<li style=\"font-weight: 400;\" aria-level=\"1\"><b>L&#8217;\u00e9glise San Ant\u00f3n : <\/b><span style=\"font-weight: 400;\">Cette \u00e9glise historique, situ\u00e9e pr\u00e8s du pont San Ant\u00f3n, est un symbole bien-aim\u00e9 de Bilbao. Datant du XVe si\u00e8cle, elle t\u00e9moigne de la p\u00e9rennit\u00e9 de l&#8217;esprit et du patrimoine architectural de la ville.<\/span><\/li>\n<\/ul>\n<p><span style=\"font-weight: 400;\">\u00c0 la fin de votre visite, nous vous assurerons un retour confortable \u00e0 votre h\u00f4tel ou \u00e0 l&#8217;endroit de votre choix \u00e0 Bilbao, vous laissant enrichi de souvenirs et d&#8217;histoires de cette ville vibrante.<\/span><\/p>\n<p><a href=\"https:\/\/tourtravelandmore.com\/fr\/city\/espagne-fr\/bilbao-fr\/\"><span style=\"font-weight: 400;\">D\u00e9couvrez d&#8217;autres visites priv\u00e9es \u00e0 Bilbao ici !<\/span><\/a><\/p>\n","protected":false},"excerpt":{"rendered":"<p><span style=\"font-weight: 400;\">Rejoignez-nous pour une visite priv\u00e9e de 4 heures de Bilbao, \u00e0 la d\u00e9couverte des rues historiques, de l&#8217;architecture moderne et du c\u00e9l\u00e8bre mus\u00e9e Guggenheim. Voyagez dans le luxe et le style avec nos guides experts, assurant un voyage m\u00e9morable et perspicace \u00e0 travers la riche tapisserie culturelle de Bilbao.<\/span><\/p>\n","protected":false},"featured_media":95870,"comment_status":"open","ping_status":"closed","template":"","meta":{"_acf_changed":false},"product_brand":[],"product_cat":[4739,4737,4740,3574],"product_tag":[],"class_list":{"0":"post-99086","1":"product","2":"type-product","3":"status-publish","4":"has-post-thumbnail","6":"product_cat-excursions-a-terre-privees-fr","7":"product_cat-toutes-les-visites-et-activites-privees-fr-6","8":"product_cat-visites-guidees-privees-fr-8","9":"product_cat-bilbao-fr","11":"first","12":"instock","13":"shipping-taxable","14":"purchasable","15":"product-type-simple"},"acf":[],"yoast_head":"<!-- This site is optimized with the Yoast SEO Premium plugin v25.3.1 (Yoast SEO v25.3.1) - https:\/\/yoast.com\/wordpress\/plugins\/seo\/ -->\n<title>\u27a1\ufe0f D\u00e9couvrez la riche culture de Bilbao avec nos visites guid\u00e9es priv\u00e9es \u2705<\/title>\n<meta name=\"description\" content=\"Explorez la vieille ville historique de Bilbao, les sites modernes et le mus\u00e9e Guggenheim lors d&#039;une visite priv\u00e9e de luxe de 4 heures avec des guides experts. R\u00e9servez d\u00e8s maintenant pour une exp\u00e9rience immersive \u00e0 Bilbao \u2705\" \/>\n<meta name=\"robots\" content=\"index, follow, max-snippet:-1, max-image-preview:large, max-video-preview:-1\" \/>\n<link rel=\"canonical\" href=\"https:\/\/tourtravelandmore.com\/fr\/tours\/espagne-fr\/bilbao-fr\/toutes-les-visites-et-activites-privees-fr-6\/visite-privee-de-bilbao\/\" \/>\n<meta property=\"og:locale\" content=\"fr_FR\" \/>\n<meta property=\"og:type\" content=\"article\" \/>\n<meta property=\"og:title\" content=\"Visite priv\u00e9e de Bilbao\" \/>\n<meta property=\"og:description\" content=\"Explorez la vieille ville historique de Bilbao, les sites modernes et le mus\u00e9e Guggenheim lors d&#039;une visite priv\u00e9e de luxe de 4 heures avec des guides experts. R\u00e9servez d\u00e8s maintenant pour une exp\u00e9rience immersive \u00e0 Bilbao \u2705\" \/>\n<meta property=\"og:url\" content=\"https:\/\/tourtravelandmore.com\/fr\/tours\/espagne-fr\/bilbao-fr\/toutes-les-visites-et-activites-privees-fr-6\/visite-privee-de-bilbao\/\" \/>\n<meta property=\"og:site_name\" content=\"Tour Travel And More\" \/>\n<meta property=\"article:publisher\" content=\"https:\/\/www.facebook.com\/tourtravelandmore\/\" \/>\n<meta property=\"article:modified_time\" content=\"2024-01-05T12:09:34+00:00\" \/>\n<meta property=\"og:image\" content=\"https:\/\/tourtravelandmore.com\/wp-content\/uploads\/2016\/07\/bilbao3.jpg\" \/>\n\t<meta property=\"og:image:width\" content=\"800\" \/>\n\t<meta property=\"og:image:height\" content=\"500\" \/>\n\t<meta property=\"og:image:type\" content=\"image\/jpeg\" \/>\n<meta name=\"twitter:card\" content=\"summary_large_image\" \/>\n<meta name=\"twitter:site\" content=\"@TourTravel_More\" \/>\n<meta name=\"twitter:label1\" content=\"Dur\u00e9e de lecture estim\u00e9e\" \/>\n\t<meta name=\"twitter:data1\" content=\"4 minutes\" \/>\n<script type=\"application\/ld+json\" class=\"yoast-schema-graph\">{\"@context\":\"https:\/\/schema.org\",\"@graph\":[{\"@type\":\"WebPage\",\"@id\":\"https:\/\/tourtravelandmore.com\/fr\/tours\/espagne-fr\/bilbao-fr\/toutes-les-visites-et-activites-privees-fr-6\/visite-privee-de-bilbao\/\",\"url\":\"https:\/\/tourtravelandmore.com\/fr\/tours\/espagne-fr\/bilbao-fr\/toutes-les-visites-et-activites-privees-fr-6\/visite-privee-de-bilbao\/\",\"name\":\"\u27a1\ufe0f D\u00e9couvrez la riche culture de Bilbao avec nos visites guid\u00e9es priv\u00e9es \u2705\",\"isPartOf\":{\"@id\":\"https:\/\/tourtravelandmore.com\/fr\/#website\"},\"primaryImageOfPage\":{\"@id\":\"https:\/\/tourtravelandmore.com\/fr\/tours\/espagne-fr\/bilbao-fr\/toutes-les-visites-et-activites-privees-fr-6\/visite-privee-de-bilbao\/#primaryimage\"},\"image\":{\"@id\":\"https:\/\/tourtravelandmore.com\/fr\/tours\/espagne-fr\/bilbao-fr\/toutes-les-visites-et-activites-privees-fr-6\/visite-privee-de-bilbao\/#primaryimage\"},\"thumbnailUrl\":\"https:\/\/tourtravelandmore.com\/wp-content\/uploads\/2016\/07\/bilbao3.jpg\",\"datePublished\":\"2016-07-12T17:24:45+00:00\",\"dateModified\":\"2024-01-05T12:09:34+00:00\",\"description\":\"Explorez la vieille ville historique de Bilbao, les sites modernes et le mus\u00e9e Guggenheim lors d'une visite priv\u00e9e de luxe de 4 heures avec des guides experts. R\u00e9servez d\u00e8s maintenant pour une exp\u00e9rience immersive \u00e0 Bilbao \u2705\",\"breadcrumb\":{\"@id\":\"https:\/\/tourtravelandmore.com\/fr\/tours\/espagne-fr\/bilbao-fr\/toutes-les-visites-et-activites-privees-fr-6\/visite-privee-de-bilbao\/#breadcrumb\"},\"inLanguage\":\"fr-FR\",\"potentialAction\":[{\"@type\":\"ReadAction\",\"target\":[\"https:\/\/tourtravelandmore.com\/fr\/tours\/espagne-fr\/bilbao-fr\/toutes-les-visites-et-activites-privees-fr-6\/visite-privee-de-bilbao\/\"]}]},{\"@type\":\"ImageObject\",\"inLanguage\":\"fr-FR\",\"@id\":\"https:\/\/tourtravelandmore.com\/fr\/tours\/espagne-fr\/bilbao-fr\/toutes-les-visites-et-activites-privees-fr-6\/visite-privee-de-bilbao\/#primaryimage\",\"url\":\"https:\/\/tourtravelandmore.com\/wp-content\/uploads\/2016\/07\/bilbao3.jpg\",\"contentUrl\":\"https:\/\/tourtravelandmore.com\/wp-content\/uploads\/2016\/07\/bilbao3.jpg\",\"width\":800,\"height\":500},{\"@type\":\"BreadcrumbList\",\"@id\":\"https:\/\/tourtravelandmore.com\/fr\/tours\/espagne-fr\/bilbao-fr\/toutes-les-visites-et-activites-privees-fr-6\/visite-privee-de-bilbao\/#breadcrumb\",\"itemListElement\":[{\"@type\":\"ListItem\",\"position\":1,\"name\":\"Home\",\"item\":\"https:\/\/tourtravelandmore.com\/fr\/\"},{\"@type\":\"ListItem\",\"position\":2,\"name\":\"Tours\",\"item\":\"https:\/\/tourtravelandmore.com\/fr\/tours\/\"},{\"@type\":\"ListItem\",\"position\":3,\"name\":\"Visite priv\u00e9e de Bilbao\"}]},{\"@type\":\"WebSite\",\"@id\":\"https:\/\/tourtravelandmore.com\/fr\/#website\",\"url\":\"https:\/\/tourtravelandmore.com\/fr\/\",\"name\":\"Tour Travel And More\",\"description\":\"Private sightseeing tours and luxury transfers in Spain\",\"publisher\":{\"@id\":\"https:\/\/tourtravelandmore.com\/fr\/#organization\"},\"potentialAction\":[{\"@type\":\"SearchAction\",\"target\":{\"@type\":\"EntryPoint\",\"urlTemplate\":\"https:\/\/tourtravelandmore.com\/fr\/?s={search_term_string}\"},\"query-input\":{\"@type\":\"PropertyValueSpecification\",\"valueRequired\":true,\"valueName\":\"search_term_string\"}}],\"inLanguage\":\"fr-FR\"},{\"@type\":\"Organization\",\"@id\":\"https:\/\/tourtravelandmore.com\/fr\/#organization\",\"name\":\"Tour Travel And More\",\"url\":\"https:\/\/tourtravelandmore.com\/fr\/\",\"logo\":{\"@type\":\"ImageObject\",\"inLanguage\":\"fr-FR\",\"@id\":\"https:\/\/tourtravelandmore.com\/fr\/#\/schema\/logo\/image\/\",\"url\":\"https:\/\/tourtravelandmore.com\/wp-content\/uploads\/2022\/12\/cropped-logo-cabecera-new.png\",\"contentUrl\":\"https:\/\/tourtravelandmore.com\/wp-content\/uploads\/2022\/12\/cropped-logo-cabecera-new.png\",\"width\":430,\"height\":61,\"caption\":\"Tour Travel And More\"},\"image\":{\"@id\":\"https:\/\/tourtravelandmore.com\/fr\/#\/schema\/logo\/image\/\"},\"sameAs\":[\"https:\/\/www.facebook.com\/tourtravelandmore\/\",\"https:\/\/x.com\/TourTravel_More\"]}]}<\/script>\n<!-- \/ Yoast SEO Premium plugin. -->","yoast_head_json":{"title":"\u27a1\ufe0f D\u00e9couvrez la riche culture de Bilbao avec nos visites guid\u00e9es priv\u00e9es \u2705","description":"Explorez la vieille ville historique de Bilbao, les sites modernes et le mus\u00e9e Guggenheim lors d'une visite priv\u00e9e de luxe de 4 heures avec des guides experts. R\u00e9servez d\u00e8s maintenant pour une exp\u00e9rience immersive \u00e0 Bilbao \u2705","robots":{"index":"index","follow":"follow","max-snippet":"max-snippet:-1","max-image-preview":"max-image-preview:large","max-video-preview":"max-video-preview:-1"},"canonical":"https:\/\/tourtravelandmore.com\/fr\/tours\/espagne-fr\/bilbao-fr\/toutes-les-visites-et-activites-privees-fr-6\/visite-privee-de-bilbao\/","og_locale":"fr_FR","og_type":"article","og_title":"Visite priv\u00e9e de Bilbao","og_description":"Explorez la vieille ville historique de Bilbao, les sites modernes et le mus\u00e9e Guggenheim lors d'une visite priv\u00e9e de luxe de 4 heures avec des guides experts. R\u00e9servez d\u00e8s maintenant pour une exp\u00e9rience immersive \u00e0 Bilbao \u2705","og_url":"https:\/\/tourtravelandmore.com\/fr\/tours\/espagne-fr\/bilbao-fr\/toutes-les-visites-et-activites-privees-fr-6\/visite-privee-de-bilbao\/","og_site_name":"Tour Travel And More","article_publisher":"https:\/\/www.facebook.com\/tourtravelandmore\/","article_modified_time":"2024-01-05T12:09:34+00:00","og_image":[{"width":800,"height":500,"url":"https:\/\/tourtravelandmore.com\/wp-content\/uploads\/2016\/07\/bilbao3.jpg","type":"image\/jpeg"}],"twitter_card":"summary_large_image","twitter_site":"@TourTravel_More","twitter_misc":{"Dur\u00e9e de lecture estim\u00e9e":"4 minutes"},"schema":{"@context":"https:\/\/schema.org","@graph":[{"@type":"WebPage","@id":"https:\/\/tourtravelandmore.com\/fr\/tours\/espagne-fr\/bilbao-fr\/toutes-les-visites-et-activites-privees-fr-6\/visite-privee-de-bilbao\/","url":"https:\/\/tourtravelandmore.com\/fr\/tours\/espagne-fr\/bilbao-fr\/toutes-les-visites-et-activites-privees-fr-6\/visite-privee-de-bilbao\/","name":"\u27a1\ufe0f D\u00e9couvrez la riche culture de Bilbao avec nos visites guid\u00e9es priv\u00e9es \u2705","isPartOf":{"@id":"https:\/\/tourtravelandmore.com\/fr\/#website"},"primaryImageOfPage":{"@id":"https:\/\/tourtravelandmore.com\/fr\/tours\/espagne-fr\/bilbao-fr\/toutes-les-visites-et-activites-privees-fr-6\/visite-privee-de-bilbao\/#primaryimage"},"image":{"@id":"https:\/\/tourtravelandmore.com\/fr\/tours\/espagne-fr\/bilbao-fr\/toutes-les-visites-et-activites-privees-fr-6\/visite-privee-de-bilbao\/#primaryimage"},"thumbnailUrl":"https:\/\/tourtravelandmore.com\/wp-content\/uploads\/2016\/07\/bilbao3.jpg","datePublished":"2016-07-12T17:24:45+00:00","dateModified":"2024-01-05T12:09:34+00:00","description":"Explorez la vieille ville historique de Bilbao, les sites modernes et le mus\u00e9e Guggenheim lors d'une visite priv\u00e9e de luxe de 4 heures avec des guides experts. R\u00e9servez d\u00e8s maintenant pour une exp\u00e9rience immersive \u00e0 Bilbao \u2705","breadcrumb":{"@id":"https:\/\/tourtravelandmore.com\/fr\/tours\/espagne-fr\/bilbao-fr\/toutes-les-visites-et-activites-privees-fr-6\/visite-privee-de-bilbao\/#breadcrumb"},"inLanguage":"fr-FR","potentialAction":[{"@type":"ReadAction","target":["https:\/\/tourtravelandmore.com\/fr\/tours\/espagne-fr\/bilbao-fr\/toutes-les-visites-et-activites-privees-fr-6\/visite-privee-de-bilbao\/"]}]},{"@type":"ImageObject","inLanguage":"fr-FR","@id":"https:\/\/tourtravelandmore.com\/fr\/tours\/espagne-fr\/bilbao-fr\/toutes-les-visites-et-activites-privees-fr-6\/visite-privee-de-bilbao\/#primaryimage","url":"https:\/\/tourtravelandmore.com\/wp-content\/uploads\/2016\/07\/bilbao3.jpg","contentUrl":"https:\/\/tourtravelandmore.com\/wp-content\/uploads\/2016\/07\/bilbao3.jpg","width":800,"height":500},{"@type":"BreadcrumbList","@id":"https:\/\/tourtravelandmore.com\/fr\/tours\/espagne-fr\/bilbao-fr\/toutes-les-visites-et-activites-privees-fr-6\/visite-privee-de-bilbao\/#breadcrumb","itemListElement":[{"@type":"ListItem","position":1,"name":"Home","item":"https:\/\/tourtravelandmore.com\/fr\/"},{"@type":"ListItem","position":2,"name":"Tours","item":"https:\/\/tourtravelandmore.com\/fr\/tours\/"},{"@type":"ListItem","position":3,"name":"Visite priv\u00e9e de Bilbao"}]},{"@type":"WebSite","@id":"https:\/\/tourtravelandmore.com\/fr\/#website","url":"https:\/\/tourtravelandmore.com\/fr\/","name":"Tour Travel And More","description":"Private sightseeing tours and luxury transfers in Spain","publisher":{"@id":"https:\/\/tourtravelandmore.com\/fr\/#organization"},"potentialAction":[{"@type":"SearchAction","target":{"@type":"EntryPoint","urlTemplate":"https:\/\/tourtravelandmore.com\/fr\/?s={search_term_string}"},"query-input":{"@type":"PropertyValueSpecification","valueRequired":true,"valueName":"search_term_string"}}],"inLanguage":"fr-FR"},{"@type":"Organization","@id":"https:\/\/tourtravelandmore.com\/fr\/#organization","name":"Tour Travel And More","url":"https:\/\/tourtravelandmore.com\/fr\/","logo":{"@type":"ImageObject","inLanguage":"fr-FR","@id":"https:\/\/tourtravelandmore.com\/fr\/#\/schema\/logo\/image\/","url":"https:\/\/tourtravelandmore.com\/wp-content\/uploads\/2022\/12\/cropped-logo-cabecera-new.png","contentUrl":"https:\/\/tourtravelandmore.com\/wp-content\/uploads\/2022\/12\/cropped-logo-cabecera-new.png","width":430,"height":61,"caption":"Tour Travel And More"},"image":{"@id":"https:\/\/tourtravelandmore.com\/fr\/#\/schema\/logo\/image\/"},"sameAs":["https:\/\/www.facebook.com\/tourtravelandmore\/","https:\/\/x.com\/TourTravel_More"]}]}},"_links":{"self":[{"href":"https:\/\/tourtravelandmore.com\/fr\/wp-json\/wp\/v2\/product\/99086","targetHints":{"allow":["GET"]}}],"collection":[{"href":"https:\/\/tourtravelandmore.com\/fr\/wp-json\/wp\/v2\/product"}],"about":[{"href":"https:\/\/tourtravelandmore.com\/fr\/wp-json\/wp\/v2\/types\/product"}],"replies":[{"embeddable":true,"href":"https:\/\/tourtravelandmore.com\/fr\/wp-json\/wp\/v2\/comments?post=99086"}],"wp:featuredmedia":[{"embeddable":true,"href":"https:\/\/tourtravelandmore.com\/fr\/wp-json\/wp\/v2\/media\/95870"}],"wp:attachment":[{"href":"https:\/\/tourtravelandmore.com\/fr\/wp-json\/wp\/v2\/media?parent=99086"}],"wp:term":[{"taxonomy":"product_brand","embeddable":true,"href":"https:\/\/tourtravelandmore.com\/fr\/wp-json\/wp\/v2\/product_brand?post=99086"},{"taxonomy":"product_cat","embeddable":true,"href":"https:\/\/tourtravelandmore.com\/fr\/wp-json\/wp\/v2\/product_cat?post=99086"},{"taxonomy":"product_tag","embeddable":true,"href":"https:\/\/tourtravelandmore.com\/fr\/wp-json\/wp\/v2\/product_tag?post=99086"}],"curies":[{"name":"wp","href":"https:\/\/api.w.org\/{rel}","templated":true}]}}