{"id":99067,"date":"2020-01-03T14:01:20","date_gmt":"2020-01-03T13:01:20","guid":{"rendered":"https:\/\/tourtravelandmore.com\/tours\/non class\u00e9\/visite-privee-a-pied-de-burgos\/"},"modified":"2020-01-03T14:01:20","modified_gmt":"2020-01-03T13:01:20","slug":"visite-privee-a-pied-de-burgos","status":"publish","type":"product","link":"https:\/\/tourtravelandmore.com\/fr\/tours\/espagne-fr\/burgos-fr\/visite-privee-a-pied-de-burgos\/","title":{"rendered":"Visite priv\u00e9e \u00e0 pied de Burgos"},"content":{"rendered":"<h2>La description<\/h2>\n<p>Si vous passez par Castille et Le\u00f3n, ne manquez pas notre visite priv\u00e9e \u00e0 pied de Burgos.<\/p>\n<p>Nous vous sugg\u00e9rons de ne bloquer qu&#8217;une demi-journ\u00e9e pour faire une visite priv\u00e9e \u00e0 pied \u00e0 Burgos avec l&#8217;un de nos guides officiels. Nul doute que ce serait une utilisation parfaite de votre temps pour visiter les endroits les plus attrayants de cette belle province espagnole. Compte tenu de la dur\u00e9e de la visite, notre guide officiel vous fera des suggestions pour faire de votre chemin \u00e0 travers la ville une exp\u00e9rience agr\u00e9able tout en visitant autant d&#8217;attractions que possible.<\/p>\n<p>Une fois que notre guide vient vous chercher \u00e0 l&#8217;heure fix\u00e9e dans votre h\u00f4tel s&#8217;il est situ\u00e9 au centre ou \u00e0 tout autre endroit de votre choix. Si vous n&#8217;\u00eates pas situ\u00e9 dans le centre-ville, nous pouvons organiser un point de rendez-vous central. Nous commencerons une promenade aventureuse \u00e0 Burgos qui finira par devenir un beau souvenir de cette ville prestigieuse.<\/p>\n<h2>Sites d&#8217;int\u00e9r\u00eat et monuments<\/h2>\n<p>Bien que la province de Burgos offre de nombreuses attractions, notre visite priv\u00e9e est parfaite pour les nouveaux arrivants!<\/p>\n<p>Pour cette raison, il comprend une promenade dans les rues \u00e9l\u00e9gantes de la ville. Cela comprend un parcours qui vous permettra d&#8217;admirer les espaces verts et de profiter d&#8217;une belle photo. Faire bien s\u00fbr quelques arr\u00eats strat\u00e9giques en cours de route.<\/p>\n<p>Le premier endroit que vous aurez l&#8217;occasion d&#8217;admirer sur cette route ne peut \u00eatre que la cath\u00e9drale Sainte-Marie de Burgos. Ce fut le premier monument du genre dans toute la p\u00e9ninsule ib\u00e9rique. Il date de 1221. Aujourd&#8217;hui, il est reconnu par l&#8217;UNESCO comme site du patrimoine mondial. Au moment o\u00f9 vous le regarderez, vous saurez pourquoi cette belle structure est consid\u00e9r\u00e9e par les habitants comme le joyau de la ville. Notre visite priv\u00e9e \u00e0 pied \u00e0 Burgos comprend les entr\u00e9es de ce grand temple religieux.<\/p>\n<h3>Continuons avec le deuxi\u00e8me arr\u00eat ..!<\/h3>\n<p>La deuxi\u00e8me \u00e9tape de cette visite, sugg\u00e9r\u00e9e par notre guide officiel, est l&#8217;\u00e9glise Saint-Nicolas de Bari. Il est situ\u00e9 juste \u00e0 c\u00f4t\u00e9 de la cath\u00e9drale pr\u00e9c\u00e9dente. Une belle \u00e9glise catholique, datant de 1408. Elle conserve un retable extraordinaire, consid\u00e9r\u00e9 comme une pi\u00e8ce importante dans l&#8217;art de la Renaissance espagnole. Non loin de la cath\u00e9drale se trouve le Square King Saint Ferdinand. Ici vous trouverez le c\u00e9l\u00e8bre arc de Saint Mary. De nos jours devenir un centre culturel tr\u00e8s important pour la ville.<\/p>\n<p>Sa construction date des XIVe et XVe si\u00e8cles. De l\u00e0, notre guide vous emm\u00e8nera au monast\u00e8re de Sainte Marie. C&#8217;est le royal des jach\u00e8res, ou simplement le monast\u00e8re des jach\u00e8res. Il a \u00e9t\u00e9 fond\u00e9 en 1187. Cet endroit vous impressionnera d\u00e9finitivement si vous \u00eates amateur d&#8217;art et d&#8217;histoire m\u00e9di\u00e9vale.<\/p>\n<p>Vous ne pouvez pas terminer cette visite priv\u00e9e \u00e0 pied \u00e0 Burgos sans visiter les ruines du ch\u00e2teau de Burgos. C&#8217;est situ\u00e9 sur la colline San Miguel, b\u00e2timent qui date de 884. Cet endroit pr\u00e9serve le peu qui reste debout apr\u00e8s avoir fait face aux ravages de la guerre pendant plus de 1000 ans.<\/p>\n<p>Au cours de cette visite \u00e0 travers le centre de Burgos, vous pourrez admirer les espaces verts tels que la promenade de l&#8217;\u00e9peron. Il comprend de nombreux arbres et jardins, entour\u00e9s de b\u00e2timents d&#8217;\u00e9poques diff\u00e9rentes. Apr\u00e8s avoir fait la visite \u00e0 pied avec notre guide officiel \u00e0 travers cette province espagnole magique, vous devez essayer la cuisine sensationnelle de Burgos.<\/p>\n<p>Ceci est une visite priv\u00e9e \u00e0 pied de Burgos parfaite pour vous!<\/p>\n<p>D\u00e9couvrez toutes nos autres destinations!<\/p>\n","protected":false},"excerpt":{"rendered":"<p>Visite priv\u00e9e \u00e0 pied de Burgos. Profitez de son architecture \u00e9tonnante et de ses sites uniques. Guide touristique officiel priv\u00e9 pendant 3 heures \u00e0 votre disposition.<\/p>\n","protected":false},"featured_media":96946,"comment_status":"open","ping_status":"closed","template":"","meta":{"_acf_changed":false},"product_brand":[],"product_cat":[3541,3571],"product_tag":[],"class_list":{"0":"post-99067","1":"product","2":"type-product","3":"status-publish","4":"has-post-thumbnail","6":"product_cat-espagne-fr","7":"product_cat-burgos-fr","9":"first","10":"instock","11":"shipping-taxable","12":"purchasable","13":"product-type-simple"},"acf":[],"yoast_head":"<!-- This site is optimized with the Yoast SEO Premium plugin v25.3.1 (Yoast SEO v25.3.1) - https:\/\/yoast.com\/wordpress\/plugins\/seo\/ -->\n<title>Visite priv\u00e9e \u00e0 pied de Burgos - Guide touristique officiel priv\u00e9<\/title>\n<meta name=\"description\" content=\"Visite priv\u00e9e \u00e0 pied de Burgos. Profitez de son architecture \u00e9tonnante et de ses sites uniques. Guide touristique officiel priv\u00e9 pendant 3 heures \u00e0 votre disposition.\" \/>\n<meta name=\"robots\" content=\"index, follow, max-snippet:-1, max-image-preview:large, max-video-preview:-1\" \/>\n<link rel=\"canonical\" href=\"https:\/\/tourtravelandmore.com\/fr\/tours\/espagne-fr\/burgos-fr\/visite-privee-a-pied-de-burgos\/\" \/>\n<meta property=\"og:locale\" content=\"fr_FR\" \/>\n<meta property=\"og:type\" content=\"article\" \/>\n<meta property=\"og:title\" content=\"Visite priv\u00e9e \u00e0 pied de Burgos\" \/>\n<meta property=\"og:description\" content=\"Visite priv\u00e9e \u00e0 pied de Burgos. Profitez de son architecture \u00e9tonnante et de ses sites uniques. Guide touristique officiel priv\u00e9 pendant 3 heures \u00e0 votre disposition.\" \/>\n<meta property=\"og:url\" content=\"https:\/\/tourtravelandmore.com\/fr\/tours\/espagne-fr\/burgos-fr\/visite-privee-a-pied-de-burgos\/\" \/>\n<meta property=\"og:site_name\" content=\"Tour Travel And More\" \/>\n<meta property=\"article:publisher\" content=\"https:\/\/www.facebook.com\/tourtravelandmore\/\" \/>\n<meta property=\"og:image\" content=\"https:\/\/tourtravelandmore.com\/wp-content\/uploads\/2020\/01\/Burgos_Cathedral_Needles.jpg\" \/>\n\t<meta property=\"og:image:width\" content=\"2048\" \/>\n\t<meta property=\"og:image:height\" content=\"1536\" \/>\n\t<meta property=\"og:image:type\" content=\"image\/jpeg\" \/>\n<meta name=\"twitter:card\" content=\"summary_large_image\" \/>\n<meta name=\"twitter:site\" content=\"@TourTravel_More\" \/>\n<meta name=\"twitter:label1\" content=\"Dur\u00e9e de lecture estim\u00e9e\" \/>\n\t<meta name=\"twitter:data1\" content=\"3 minutes\" \/>\n<script type=\"application\/ld+json\" class=\"yoast-schema-graph\">{\"@context\":\"https:\/\/schema.org\",\"@graph\":[{\"@type\":\"WebPage\",\"@id\":\"https:\/\/tourtravelandmore.com\/fr\/tours\/espagne-fr\/burgos-fr\/visite-privee-a-pied-de-burgos\/\",\"url\":\"https:\/\/tourtravelandmore.com\/fr\/tours\/espagne-fr\/burgos-fr\/visite-privee-a-pied-de-burgos\/\",\"name\":\"Visite priv\u00e9e \u00e0 pied de Burgos - Guide touristique officiel priv\u00e9\",\"isPartOf\":{\"@id\":\"https:\/\/tourtravelandmore.com\/fr\/#website\"},\"primaryImageOfPage\":{\"@id\":\"https:\/\/tourtravelandmore.com\/fr\/tours\/espagne-fr\/burgos-fr\/visite-privee-a-pied-de-burgos\/#primaryimage\"},\"image\":{\"@id\":\"https:\/\/tourtravelandmore.com\/fr\/tours\/espagne-fr\/burgos-fr\/visite-privee-a-pied-de-burgos\/#primaryimage\"},\"thumbnailUrl\":\"https:\/\/tourtravelandmore.com\/wp-content\/uploads\/2020\/01\/Burgos_Cathedral_Needles.jpg\",\"datePublished\":\"2020-01-03T13:01:20+00:00\",\"description\":\"Visite priv\u00e9e \u00e0 pied de Burgos. Profitez de son architecture \u00e9tonnante et de ses sites uniques. Guide touristique officiel priv\u00e9 pendant 3 heures \u00e0 votre disposition.\",\"breadcrumb\":{\"@id\":\"https:\/\/tourtravelandmore.com\/fr\/tours\/espagne-fr\/burgos-fr\/visite-privee-a-pied-de-burgos\/#breadcrumb\"},\"inLanguage\":\"fr-FR\",\"potentialAction\":[{\"@type\":\"ReadAction\",\"target\":[\"https:\/\/tourtravelandmore.com\/fr\/tours\/espagne-fr\/burgos-fr\/visite-privee-a-pied-de-burgos\/\"]}]},{\"@type\":\"ImageObject\",\"inLanguage\":\"fr-FR\",\"@id\":\"https:\/\/tourtravelandmore.com\/fr\/tours\/espagne-fr\/burgos-fr\/visite-privee-a-pied-de-burgos\/#primaryimage\",\"url\":\"https:\/\/tourtravelandmore.com\/wp-content\/uploads\/2020\/01\/Burgos_Cathedral_Needles.jpg\",\"contentUrl\":\"https:\/\/tourtravelandmore.com\/wp-content\/uploads\/2020\/01\/Burgos_Cathedral_Needles.jpg\",\"width\":2048,\"height\":1536},{\"@type\":\"BreadcrumbList\",\"@id\":\"https:\/\/tourtravelandmore.com\/fr\/tours\/espagne-fr\/burgos-fr\/visite-privee-a-pied-de-burgos\/#breadcrumb\",\"itemListElement\":[{\"@type\":\"ListItem\",\"position\":1,\"name\":\"Home\",\"item\":\"https:\/\/tourtravelandmore.com\/fr\/\"},{\"@type\":\"ListItem\",\"position\":2,\"name\":\"Tours\",\"item\":\"https:\/\/tourtravelandmore.com\/fr\/tours\/\"},{\"@type\":\"ListItem\",\"position\":3,\"name\":\"Visite priv\u00e9e \u00e0 pied de Burgos\"}]},{\"@type\":\"WebSite\",\"@id\":\"https:\/\/tourtravelandmore.com\/fr\/#website\",\"url\":\"https:\/\/tourtravelandmore.com\/fr\/\",\"name\":\"Tour Travel And More\",\"description\":\"Private sightseeing tours and luxury transfers in Spain\",\"publisher\":{\"@id\":\"https:\/\/tourtravelandmore.com\/fr\/#organization\"},\"potentialAction\":[{\"@type\":\"SearchAction\",\"target\":{\"@type\":\"EntryPoint\",\"urlTemplate\":\"https:\/\/tourtravelandmore.com\/fr\/?s={search_term_string}\"},\"query-input\":{\"@type\":\"PropertyValueSpecification\",\"valueRequired\":true,\"valueName\":\"search_term_string\"}}],\"inLanguage\":\"fr-FR\"},{\"@type\":\"Organization\",\"@id\":\"https:\/\/tourtravelandmore.com\/fr\/#organization\",\"name\":\"Tour Travel And More\",\"url\":\"https:\/\/tourtravelandmore.com\/fr\/\",\"logo\":{\"@type\":\"ImageObject\",\"inLanguage\":\"fr-FR\",\"@id\":\"https:\/\/tourtravelandmore.com\/fr\/#\/schema\/logo\/image\/\",\"url\":\"https:\/\/tourtravelandmore.com\/wp-content\/uploads\/2022\/12\/cropped-logo-cabecera-new.png\",\"contentUrl\":\"https:\/\/tourtravelandmore.com\/wp-content\/uploads\/2022\/12\/cropped-logo-cabecera-new.png\",\"width\":430,\"height\":61,\"caption\":\"Tour Travel And More\"},\"image\":{\"@id\":\"https:\/\/tourtravelandmore.com\/fr\/#\/schema\/logo\/image\/\"},\"sameAs\":[\"https:\/\/www.facebook.com\/tourtravelandmore\/\",\"https:\/\/x.com\/TourTravel_More\"]}]}<\/script>\n<!-- \/ Yoast SEO Premium plugin. -->","yoast_head_json":{"title":"Visite priv\u00e9e \u00e0 pied de Burgos - Guide touristique officiel priv\u00e9","description":"Visite priv\u00e9e \u00e0 pied de Burgos. Profitez de son architecture \u00e9tonnante et de ses sites uniques. Guide touristique officiel priv\u00e9 pendant 3 heures \u00e0 votre disposition.","robots":{"index":"index","follow":"follow","max-snippet":"max-snippet:-1","max-image-preview":"max-image-preview:large","max-video-preview":"max-video-preview:-1"},"canonical":"https:\/\/tourtravelandmore.com\/fr\/tours\/espagne-fr\/burgos-fr\/visite-privee-a-pied-de-burgos\/","og_locale":"fr_FR","og_type":"article","og_title":"Visite priv\u00e9e \u00e0 pied de Burgos","og_description":"Visite priv\u00e9e \u00e0 pied de Burgos. Profitez de son architecture \u00e9tonnante et de ses sites uniques. Guide touristique officiel priv\u00e9 pendant 3 heures \u00e0 votre disposition.","og_url":"https:\/\/tourtravelandmore.com\/fr\/tours\/espagne-fr\/burgos-fr\/visite-privee-a-pied-de-burgos\/","og_site_name":"Tour Travel And More","article_publisher":"https:\/\/www.facebook.com\/tourtravelandmore\/","og_image":[{"width":2048,"height":1536,"url":"https:\/\/tourtravelandmore.com\/wp-content\/uploads\/2020\/01\/Burgos_Cathedral_Needles.jpg","type":"image\/jpeg"}],"twitter_card":"summary_large_image","twitter_site":"@TourTravel_More","twitter_misc":{"Dur\u00e9e de lecture estim\u00e9e":"3 minutes"},"schema":{"@context":"https:\/\/schema.org","@graph":[{"@type":"WebPage","@id":"https:\/\/tourtravelandmore.com\/fr\/tours\/espagne-fr\/burgos-fr\/visite-privee-a-pied-de-burgos\/","url":"https:\/\/tourtravelandmore.com\/fr\/tours\/espagne-fr\/burgos-fr\/visite-privee-a-pied-de-burgos\/","name":"Visite priv\u00e9e \u00e0 pied de Burgos - Guide touristique officiel priv\u00e9","isPartOf":{"@id":"https:\/\/tourtravelandmore.com\/fr\/#website"},"primaryImageOfPage":{"@id":"https:\/\/tourtravelandmore.com\/fr\/tours\/espagne-fr\/burgos-fr\/visite-privee-a-pied-de-burgos\/#primaryimage"},"image":{"@id":"https:\/\/tourtravelandmore.com\/fr\/tours\/espagne-fr\/burgos-fr\/visite-privee-a-pied-de-burgos\/#primaryimage"},"thumbnailUrl":"https:\/\/tourtravelandmore.com\/wp-content\/uploads\/2020\/01\/Burgos_Cathedral_Needles.jpg","datePublished":"2020-01-03T13:01:20+00:00","description":"Visite priv\u00e9e \u00e0 pied de Burgos. Profitez de son architecture \u00e9tonnante et de ses sites uniques. Guide touristique officiel priv\u00e9 pendant 3 heures \u00e0 votre disposition.","breadcrumb":{"@id":"https:\/\/tourtravelandmore.com\/fr\/tours\/espagne-fr\/burgos-fr\/visite-privee-a-pied-de-burgos\/#breadcrumb"},"inLanguage":"fr-FR","potentialAction":[{"@type":"ReadAction","target":["https:\/\/tourtravelandmore.com\/fr\/tours\/espagne-fr\/burgos-fr\/visite-privee-a-pied-de-burgos\/"]}]},{"@type":"ImageObject","inLanguage":"fr-FR","@id":"https:\/\/tourtravelandmore.com\/fr\/tours\/espagne-fr\/burgos-fr\/visite-privee-a-pied-de-burgos\/#primaryimage","url":"https:\/\/tourtravelandmore.com\/wp-content\/uploads\/2020\/01\/Burgos_Cathedral_Needles.jpg","contentUrl":"https:\/\/tourtravelandmore.com\/wp-content\/uploads\/2020\/01\/Burgos_Cathedral_Needles.jpg","width":2048,"height":1536},{"@type":"BreadcrumbList","@id":"https:\/\/tourtravelandmore.com\/fr\/tours\/espagne-fr\/burgos-fr\/visite-privee-a-pied-de-burgos\/#breadcrumb","itemListElement":[{"@type":"ListItem","position":1,"name":"Home","item":"https:\/\/tourtravelandmore.com\/fr\/"},{"@type":"ListItem","position":2,"name":"Tours","item":"https:\/\/tourtravelandmore.com\/fr\/tours\/"},{"@type":"ListItem","position":3,"name":"Visite priv\u00e9e \u00e0 pied de Burgos"}]},{"@type":"WebSite","@id":"https:\/\/tourtravelandmore.com\/fr\/#website","url":"https:\/\/tourtravelandmore.com\/fr\/","name":"Tour Travel And More","description":"Private sightseeing tours and luxury transfers in Spain","publisher":{"@id":"https:\/\/tourtravelandmore.com\/fr\/#organization"},"potentialAction":[{"@type":"SearchAction","target":{"@type":"EntryPoint","urlTemplate":"https:\/\/tourtravelandmore.com\/fr\/?s={search_term_string}"},"query-input":{"@type":"PropertyValueSpecification","valueRequired":true,"valueName":"search_term_string"}}],"inLanguage":"fr-FR"},{"@type":"Organization","@id":"https:\/\/tourtravelandmore.com\/fr\/#organization","name":"Tour Travel And More","url":"https:\/\/tourtravelandmore.com\/fr\/","logo":{"@type":"ImageObject","inLanguage":"fr-FR","@id":"https:\/\/tourtravelandmore.com\/fr\/#\/schema\/logo\/image\/","url":"https:\/\/tourtravelandmore.com\/wp-content\/uploads\/2022\/12\/cropped-logo-cabecera-new.png","contentUrl":"https:\/\/tourtravelandmore.com\/wp-content\/uploads\/2022\/12\/cropped-logo-cabecera-new.png","width":430,"height":61,"caption":"Tour Travel And More"},"image":{"@id":"https:\/\/tourtravelandmore.com\/fr\/#\/schema\/logo\/image\/"},"sameAs":["https:\/\/www.facebook.com\/tourtravelandmore\/","https:\/\/x.com\/TourTravel_More"]}]}},"_links":{"self":[{"href":"https:\/\/tourtravelandmore.com\/fr\/wp-json\/wp\/v2\/product\/99067","targetHints":{"allow":["GET"]}}],"collection":[{"href":"https:\/\/tourtravelandmore.com\/fr\/wp-json\/wp\/v2\/product"}],"about":[{"href":"https:\/\/tourtravelandmore.com\/fr\/wp-json\/wp\/v2\/types\/product"}],"replies":[{"embeddable":true,"href":"https:\/\/tourtravelandmore.com\/fr\/wp-json\/wp\/v2\/comments?post=99067"}],"wp:featuredmedia":[{"embeddable":true,"href":"https:\/\/tourtravelandmore.com\/fr\/wp-json\/wp\/v2\/media\/96946"}],"wp:attachment":[{"href":"https:\/\/tourtravelandmore.com\/fr\/wp-json\/wp\/v2\/media?parent=99067"}],"wp:term":[{"taxonomy":"product_brand","embeddable":true,"href":"https:\/\/tourtravelandmore.com\/fr\/wp-json\/wp\/v2\/product_brand?post=99067"},{"taxonomy":"product_cat","embeddable":true,"href":"https:\/\/tourtravelandmore.com\/fr\/wp-json\/wp\/v2\/product_cat?post=99067"},{"taxonomy":"product_tag","embeddable":true,"href":"https:\/\/tourtravelandmore.com\/fr\/wp-json\/wp\/v2\/product_tag?post=99067"}],"curies":[{"name":"wp","href":"https:\/\/api.w.org\/{rel}","templated":true}]}}