{"id":99066,"date":"2020-07-14T21:00:47","date_gmt":"2020-07-14T19:00:47","guid":{"rendered":"https:\/\/tourtravelandmore.com\/tours\/non class\u00e9\/visite-privee-a-pied-davila\/"},"modified":"2020-07-14T21:00:47","modified_gmt":"2020-07-14T19:00:47","slug":"visite-privee-a-pied-davila","status":"publish","type":"product","link":"https:\/\/tourtravelandmore.com\/fr\/tours\/espagne-fr\/avila\/visite-privee-a-pied-davila\/","title":{"rendered":"Visite priv\u00e9e \u00e0 pied d&#8217;Avila"},"content":{"rendered":"<p>La description<\/p>\n<p>L&#8217;une des meilleures fa\u00e7ons de conna\u00eetre une ville est de faire une visite \u00e0 pied. Profitez de cette visite priv\u00e9e \u00e0 pied d&#8217;Avila pour d\u00e9couvrir les meilleurs sites d&#8217;Avila.<\/p>\n<p>Tout d&#8217;abord, cette visite priv\u00e9e \u00e0 pied d&#8217;Avila commencera \u00e0 partir d&#8217;un point de rendez-vous situ\u00e9 au centre d&#8217;Avila. Si votre h\u00f4tel est accessible \u00e0 pied, nous pouvons organiser une prise en charge \u00e0 pied. Si vous venez de l&#8217;ext\u00e9rieur de la ville, nous pouvons vous rencontrer o\u00f9 vous garez votre voiture au centre.<\/p>\n<p>Votre guide officiel priv\u00e9 vous fera visiter la belle ville d&#8217;Avila. Nos guides touristiques sont des guides touristiques officiels et agr\u00e9\u00e9s et ils aiment leur propre ville d&#8217;Avila! Apprenez \u00e0 conna\u00eetre cette ville du patrimoine mondial et admirez ses remparts m\u00e9di\u00e9vaux.<br \/>\nSites d&#8217;int\u00e9r\u00eat et monuments<\/p>\n<p>Cette visite priv\u00e9e, en tant que visite \u00e0 pied, d\u00e9butera \u00e0 partir d&#8217;un point de rencontre situ\u00e9 au centre. Si c&#8217;est possible, nous pouvons personnaliser le pick-up \u00e0 pied en fonction de vos besoins. Cette prise en charge \u00e0 pied peut se faire depuis votre h\u00f4tel, parking ou lieu de votre choix.<\/p>\n<p>Profitez du meilleur d&#8217;Avila avec votre guide officiel priv\u00e9.<\/p>\n<p>Ayez une vue sur les sites les plus importants de la ville.<\/p>\n<p>Profitez de la ville \u00e0 l&#8217;int\u00e9rieur des murs. Vous pouvez trouver une cath\u00e9drale magnifique et unique. Les &#8220;Muralla de Avila&#8221; sont les c\u00e9l\u00e8bres murs m\u00e9di\u00e9vaux pour lesquels Avila est connue. C&#8217;est l&#8217;une des ic\u00f4nes de la ville. Les murs sont class\u00e9s au patrimoine mondial de l&#8217;UNESCO. Ces murs m\u00e9di\u00e9vaux \u00e9taient connus comme l&#8217;une des meilleures d\u00e9fenses d&#8217;une ville qu&#8217;il y avait eu.<\/p>\n<p>Les autres sites que vous appr\u00e9cierez seront:<\/p>\n<ul>\n<li>Basilique de San Vicente<\/li>\n<li>Convento de Santa Teresa: Un site tr\u00e8s connu et doit visiter l&#8217;arr\u00eat photo.<\/li>\n<li>Monasterio de Santo Tomas<\/li>\n<li>Cuatro Postes de Avila<\/li>\n<li>Convento de la Encarnaci\u00f3n<\/li>\n<li>et bien plus encore \u00e0 visiter \u00e0 Avila!<\/li>\n<\/ul>\n<p>Votre visite priv\u00e9e \u00e0 pied se terminera dans le centre-ville d&#8217;Avila ou l\u00e0 o\u00f9 elle a commenc\u00e9.<\/p>\n<p>En conclusion, une visite \u00e0 pied est un moyen unique de d\u00e9couvrir une ville. Quoi de mieux qu&#8217;une visite priv\u00e9e \u00e0 pied?!<\/p>\n<p>D\u00e9couvrez nos excursions priv\u00e9es d&#8217;une journ\u00e9e au d\u00e9part de Madrid; Tol\u00e8de et S\u00e9govie.<\/p>\n","protected":false},"excerpt":{"rendered":"<p>La description L&#8217;une des meilleures fa\u00e7ons de conna\u00eetre une ville est de faire une visite \u00e0 pied. Profitez de cette visite priv\u00e9e \u00e0 pied d&#8217;Avila pour d\u00e9couvrir les meilleurs sites d&#8217;Avila. Tout d&#8217;abord, cette visite priv\u00e9e \u00e0 pied d&#8217;Avila commencera \u00e0 partir d&#8217;un point de rendez-vous situ\u00e9 au centre d&#8217;Avila. Si votre h\u00f4tel est accessible [&hellip;]<\/p>\n","protected":false},"featured_media":94380,"comment_status":"open","ping_status":"closed","template":"","meta":{"_acf_changed":false},"product_brand":[],"product_cat":[3562],"product_tag":[],"class_list":{"0":"post-99066","1":"product","2":"type-product","3":"status-publish","4":"has-post-thumbnail","6":"product_cat-avila","8":"first","9":"instock","10":"shipping-taxable","11":"purchasable","12":"product-type-simple"},"acf":[],"yoast_head":"<!-- This site is optimized with the Yoast SEO Premium plugin v25.3.1 (Yoast SEO v25.3.1) - https:\/\/yoast.com\/wordpress\/plugins\/seo\/ -->\n<title>Visite priv\u00e9e \u00e0 pied d&#039;Avila - Guide officiel de la visite \u00e0 Avila<\/title>\n<meta name=\"description\" content=\"Prenez une journ\u00e9e et d\u00e9couvrez Avila, une ville magnifique et historique. Visite priv\u00e9e \u00e0 pied d&#039;Avila. Guide touristique officiel priv\u00e9 \u00e0 Avila.\" \/>\n<meta name=\"robots\" content=\"index, follow, max-snippet:-1, max-image-preview:large, max-video-preview:-1\" \/>\n<link rel=\"canonical\" href=\"https:\/\/tourtravelandmore.com\/fr\/tours\/espagne-fr\/avila\/visite-privee-a-pied-davila\/\" \/>\n<meta property=\"og:locale\" content=\"fr_FR\" \/>\n<meta property=\"og:type\" content=\"article\" \/>\n<meta property=\"og:title\" content=\"Visite priv\u00e9e \u00e0 pied d&#039;Avila\" \/>\n<meta property=\"og:description\" content=\"Prenez une journ\u00e9e et d\u00e9couvrez Avila, une ville magnifique et historique. Visite priv\u00e9e \u00e0 pied d&#039;Avila. Guide touristique officiel priv\u00e9 \u00e0 Avila.\" \/>\n<meta property=\"og:url\" content=\"https:\/\/tourtravelandmore.com\/fr\/tours\/espagne-fr\/avila\/visite-privee-a-pied-davila\/\" \/>\n<meta property=\"og:site_name\" content=\"Tour Travel And More\" \/>\n<meta property=\"article:publisher\" content=\"https:\/\/www.facebook.com\/tourtravelandmore\/\" \/>\n<meta property=\"og:image\" content=\"https:\/\/tourtravelandmore.com\/wp-content\/uploads\/2017\/06\/avila_murallas-1024x680.jpg\" \/>\n\t<meta property=\"og:image:width\" content=\"1024\" \/>\n\t<meta property=\"og:image:height\" content=\"680\" \/>\n\t<meta property=\"og:image:type\" content=\"image\/jpeg\" \/>\n<meta name=\"twitter:card\" content=\"summary_large_image\" \/>\n<meta name=\"twitter:site\" content=\"@TourTravel_More\" \/>\n<meta name=\"twitter:label1\" content=\"Dur\u00e9e de lecture estim\u00e9e\" \/>\n\t<meta name=\"twitter:data1\" content=\"2 minutes\" \/>\n<script type=\"application\/ld+json\" class=\"yoast-schema-graph\">{\"@context\":\"https:\/\/schema.org\",\"@graph\":[{\"@type\":\"WebPage\",\"@id\":\"https:\/\/tourtravelandmore.com\/fr\/tours\/espagne-fr\/avila\/visite-privee-a-pied-davila\/\",\"url\":\"https:\/\/tourtravelandmore.com\/fr\/tours\/espagne-fr\/avila\/visite-privee-a-pied-davila\/\",\"name\":\"Visite priv\u00e9e \u00e0 pied d'Avila - Guide officiel de la visite \u00e0 Avila\",\"isPartOf\":{\"@id\":\"https:\/\/tourtravelandmore.com\/fr\/#website\"},\"primaryImageOfPage\":{\"@id\":\"https:\/\/tourtravelandmore.com\/fr\/tours\/espagne-fr\/avila\/visite-privee-a-pied-davila\/#primaryimage\"},\"image\":{\"@id\":\"https:\/\/tourtravelandmore.com\/fr\/tours\/espagne-fr\/avila\/visite-privee-a-pied-davila\/#primaryimage\"},\"thumbnailUrl\":\"https:\/\/tourtravelandmore.com\/wp-content\/uploads\/2017\/06\/avila_murallas.jpg\",\"datePublished\":\"2020-07-14T19:00:47+00:00\",\"description\":\"Prenez une journ\u00e9e et d\u00e9couvrez Avila, une ville magnifique et historique. Visite priv\u00e9e \u00e0 pied d'Avila. Guide touristique officiel priv\u00e9 \u00e0 Avila.\",\"breadcrumb\":{\"@id\":\"https:\/\/tourtravelandmore.com\/fr\/tours\/espagne-fr\/avila\/visite-privee-a-pied-davila\/#breadcrumb\"},\"inLanguage\":\"fr-FR\",\"potentialAction\":[{\"@type\":\"ReadAction\",\"target\":[\"https:\/\/tourtravelandmore.com\/fr\/tours\/espagne-fr\/avila\/visite-privee-a-pied-davila\/\"]}]},{\"@type\":\"ImageObject\",\"inLanguage\":\"fr-FR\",\"@id\":\"https:\/\/tourtravelandmore.com\/fr\/tours\/espagne-fr\/avila\/visite-privee-a-pied-davila\/#primaryimage\",\"url\":\"https:\/\/tourtravelandmore.com\/wp-content\/uploads\/2017\/06\/avila_murallas.jpg\",\"contentUrl\":\"https:\/\/tourtravelandmore.com\/wp-content\/uploads\/2017\/06\/avila_murallas.jpg\",\"width\":3216,\"height\":2136},{\"@type\":\"BreadcrumbList\",\"@id\":\"https:\/\/tourtravelandmore.com\/fr\/tours\/espagne-fr\/avila\/visite-privee-a-pied-davila\/#breadcrumb\",\"itemListElement\":[{\"@type\":\"ListItem\",\"position\":1,\"name\":\"Home\",\"item\":\"https:\/\/tourtravelandmore.com\/fr\/\"},{\"@type\":\"ListItem\",\"position\":2,\"name\":\"Tours\",\"item\":\"https:\/\/tourtravelandmore.com\/fr\/tours\/\"},{\"@type\":\"ListItem\",\"position\":3,\"name\":\"Visite priv\u00e9e \u00e0 pied d&rsquo;Avila\"}]},{\"@type\":\"WebSite\",\"@id\":\"https:\/\/tourtravelandmore.com\/fr\/#website\",\"url\":\"https:\/\/tourtravelandmore.com\/fr\/\",\"name\":\"Tour Travel And More\",\"description\":\"Private sightseeing tours and luxury transfers in Spain\",\"publisher\":{\"@id\":\"https:\/\/tourtravelandmore.com\/fr\/#organization\"},\"potentialAction\":[{\"@type\":\"SearchAction\",\"target\":{\"@type\":\"EntryPoint\",\"urlTemplate\":\"https:\/\/tourtravelandmore.com\/fr\/?s={search_term_string}\"},\"query-input\":{\"@type\":\"PropertyValueSpecification\",\"valueRequired\":true,\"valueName\":\"search_term_string\"}}],\"inLanguage\":\"fr-FR\"},{\"@type\":\"Organization\",\"@id\":\"https:\/\/tourtravelandmore.com\/fr\/#organization\",\"name\":\"Tour Travel And More\",\"url\":\"https:\/\/tourtravelandmore.com\/fr\/\",\"logo\":{\"@type\":\"ImageObject\",\"inLanguage\":\"fr-FR\",\"@id\":\"https:\/\/tourtravelandmore.com\/fr\/#\/schema\/logo\/image\/\",\"url\":\"https:\/\/tourtravelandmore.com\/wp-content\/uploads\/2022\/12\/cropped-logo-cabecera-new.png\",\"contentUrl\":\"https:\/\/tourtravelandmore.com\/wp-content\/uploads\/2022\/12\/cropped-logo-cabecera-new.png\",\"width\":430,\"height\":61,\"caption\":\"Tour Travel And More\"},\"image\":{\"@id\":\"https:\/\/tourtravelandmore.com\/fr\/#\/schema\/logo\/image\/\"},\"sameAs\":[\"https:\/\/www.facebook.com\/tourtravelandmore\/\",\"https:\/\/x.com\/TourTravel_More\"]}]}<\/script>\n<!-- \/ Yoast SEO Premium plugin. -->","yoast_head_json":{"title":"Visite priv\u00e9e \u00e0 pied d'Avila - Guide officiel de la visite \u00e0 Avila","description":"Prenez une journ\u00e9e et d\u00e9couvrez Avila, une ville magnifique et historique. Visite priv\u00e9e \u00e0 pied d'Avila. Guide touristique officiel priv\u00e9 \u00e0 Avila.","robots":{"index":"index","follow":"follow","max-snippet":"max-snippet:-1","max-image-preview":"max-image-preview:large","max-video-preview":"max-video-preview:-1"},"canonical":"https:\/\/tourtravelandmore.com\/fr\/tours\/espagne-fr\/avila\/visite-privee-a-pied-davila\/","og_locale":"fr_FR","og_type":"article","og_title":"Visite priv\u00e9e \u00e0 pied d'Avila","og_description":"Prenez une journ\u00e9e et d\u00e9couvrez Avila, une ville magnifique et historique. Visite priv\u00e9e \u00e0 pied d'Avila. Guide touristique officiel priv\u00e9 \u00e0 Avila.","og_url":"https:\/\/tourtravelandmore.com\/fr\/tours\/espagne-fr\/avila\/visite-privee-a-pied-davila\/","og_site_name":"Tour Travel And More","article_publisher":"https:\/\/www.facebook.com\/tourtravelandmore\/","og_image":[{"width":1024,"height":680,"url":"https:\/\/tourtravelandmore.com\/wp-content\/uploads\/2017\/06\/avila_murallas-1024x680.jpg","type":"image\/jpeg"}],"twitter_card":"summary_large_image","twitter_site":"@TourTravel_More","twitter_misc":{"Dur\u00e9e de lecture estim\u00e9e":"2 minutes"},"schema":{"@context":"https:\/\/schema.org","@graph":[{"@type":"WebPage","@id":"https:\/\/tourtravelandmore.com\/fr\/tours\/espagne-fr\/avila\/visite-privee-a-pied-davila\/","url":"https:\/\/tourtravelandmore.com\/fr\/tours\/espagne-fr\/avila\/visite-privee-a-pied-davila\/","name":"Visite priv\u00e9e \u00e0 pied d'Avila - Guide officiel de la visite \u00e0 Avila","isPartOf":{"@id":"https:\/\/tourtravelandmore.com\/fr\/#website"},"primaryImageOfPage":{"@id":"https:\/\/tourtravelandmore.com\/fr\/tours\/espagne-fr\/avila\/visite-privee-a-pied-davila\/#primaryimage"},"image":{"@id":"https:\/\/tourtravelandmore.com\/fr\/tours\/espagne-fr\/avila\/visite-privee-a-pied-davila\/#primaryimage"},"thumbnailUrl":"https:\/\/tourtravelandmore.com\/wp-content\/uploads\/2017\/06\/avila_murallas.jpg","datePublished":"2020-07-14T19:00:47+00:00","description":"Prenez une journ\u00e9e et d\u00e9couvrez Avila, une ville magnifique et historique. Visite priv\u00e9e \u00e0 pied d'Avila. Guide touristique officiel priv\u00e9 \u00e0 Avila.","breadcrumb":{"@id":"https:\/\/tourtravelandmore.com\/fr\/tours\/espagne-fr\/avila\/visite-privee-a-pied-davila\/#breadcrumb"},"inLanguage":"fr-FR","potentialAction":[{"@type":"ReadAction","target":["https:\/\/tourtravelandmore.com\/fr\/tours\/espagne-fr\/avila\/visite-privee-a-pied-davila\/"]}]},{"@type":"ImageObject","inLanguage":"fr-FR","@id":"https:\/\/tourtravelandmore.com\/fr\/tours\/espagne-fr\/avila\/visite-privee-a-pied-davila\/#primaryimage","url":"https:\/\/tourtravelandmore.com\/wp-content\/uploads\/2017\/06\/avila_murallas.jpg","contentUrl":"https:\/\/tourtravelandmore.com\/wp-content\/uploads\/2017\/06\/avila_murallas.jpg","width":3216,"height":2136},{"@type":"BreadcrumbList","@id":"https:\/\/tourtravelandmore.com\/fr\/tours\/espagne-fr\/avila\/visite-privee-a-pied-davila\/#breadcrumb","itemListElement":[{"@type":"ListItem","position":1,"name":"Home","item":"https:\/\/tourtravelandmore.com\/fr\/"},{"@type":"ListItem","position":2,"name":"Tours","item":"https:\/\/tourtravelandmore.com\/fr\/tours\/"},{"@type":"ListItem","position":3,"name":"Visite priv\u00e9e \u00e0 pied d&rsquo;Avila"}]},{"@type":"WebSite","@id":"https:\/\/tourtravelandmore.com\/fr\/#website","url":"https:\/\/tourtravelandmore.com\/fr\/","name":"Tour Travel And More","description":"Private sightseeing tours and luxury transfers in Spain","publisher":{"@id":"https:\/\/tourtravelandmore.com\/fr\/#organization"},"potentialAction":[{"@type":"SearchAction","target":{"@type":"EntryPoint","urlTemplate":"https:\/\/tourtravelandmore.com\/fr\/?s={search_term_string}"},"query-input":{"@type":"PropertyValueSpecification","valueRequired":true,"valueName":"search_term_string"}}],"inLanguage":"fr-FR"},{"@type":"Organization","@id":"https:\/\/tourtravelandmore.com\/fr\/#organization","name":"Tour Travel And More","url":"https:\/\/tourtravelandmore.com\/fr\/","logo":{"@type":"ImageObject","inLanguage":"fr-FR","@id":"https:\/\/tourtravelandmore.com\/fr\/#\/schema\/logo\/image\/","url":"https:\/\/tourtravelandmore.com\/wp-content\/uploads\/2022\/12\/cropped-logo-cabecera-new.png","contentUrl":"https:\/\/tourtravelandmore.com\/wp-content\/uploads\/2022\/12\/cropped-logo-cabecera-new.png","width":430,"height":61,"caption":"Tour Travel And More"},"image":{"@id":"https:\/\/tourtravelandmore.com\/fr\/#\/schema\/logo\/image\/"},"sameAs":["https:\/\/www.facebook.com\/tourtravelandmore\/","https:\/\/x.com\/TourTravel_More"]}]}},"_links":{"self":[{"href":"https:\/\/tourtravelandmore.com\/fr\/wp-json\/wp\/v2\/product\/99066","targetHints":{"allow":["GET"]}}],"collection":[{"href":"https:\/\/tourtravelandmore.com\/fr\/wp-json\/wp\/v2\/product"}],"about":[{"href":"https:\/\/tourtravelandmore.com\/fr\/wp-json\/wp\/v2\/types\/product"}],"replies":[{"embeddable":true,"href":"https:\/\/tourtravelandmore.com\/fr\/wp-json\/wp\/v2\/comments?post=99066"}],"wp:featuredmedia":[{"embeddable":true,"href":"https:\/\/tourtravelandmore.com\/fr\/wp-json\/wp\/v2\/media\/94380"}],"wp:attachment":[{"href":"https:\/\/tourtravelandmore.com\/fr\/wp-json\/wp\/v2\/media?parent=99066"}],"wp:term":[{"taxonomy":"product_brand","embeddable":true,"href":"https:\/\/tourtravelandmore.com\/fr\/wp-json\/wp\/v2\/product_brand?post=99066"},{"taxonomy":"product_cat","embeddable":true,"href":"https:\/\/tourtravelandmore.com\/fr\/wp-json\/wp\/v2\/product_cat?post=99066"},{"taxonomy":"product_tag","embeddable":true,"href":"https:\/\/tourtravelandmore.com\/fr\/wp-json\/wp\/v2\/product_tag?post=99066"}],"curies":[{"name":"wp","href":"https:\/\/api.w.org\/{rel}","templated":true}]}}