{"id":99061,"date":"2016-08-26T10:03:29","date_gmt":"2016-08-26T08:03:29","guid":{"rendered":"https:\/\/tourtravelandmore.com\/tours\/non%20class\u00e9\/transfert-prive-a-cadix\/"},"modified":"2024-02-27T17:15:24","modified_gmt":"2024-02-27T16:15:24","slug":"transfert-prive-a-cadix","status":"publish","type":"product","link":"https:\/\/tourtravelandmore.com\/fr\/tours\/espagne-fr\/cadiz-fr\/all-private-tours-activities-fr-70\/transfert-prive-a-cadix\/","title":{"rendered":"Transfert priv\u00e9 \u00e0 Cadix"},"content":{"rendered":"<h2>Description du transfert priv\u00e9 \u00e0 Cadix<\/h2>\n<p>Ce transfert priv\u00e9 vous emm\u00e8nera \u00e0 l&#8217;endroit de votre choix \u00e0 Cadix, S\u00e9ville, Malaga ou n&#8217;importe o\u00f9 en Andalousie.<\/p>\n<p>Ce transfert priv\u00e9 peut organiser une prise en charge au port de croisi\u00e8re de Cadix apr\u00e8s votre excursion \u00e0 terre. Votre chauffeur vous attendra au port de croisi\u00e8re de Cadix pour partir avec vos bagages vers votre prochaine destination. Lors d&#8217;une croisi\u00e8re, les bagages sont g\u00e9n\u00e9ralement volumineux. Ce n&#8217;est pas un probl\u00e8me, il suffit de nous le faire savoir pour organiser le v\u00e9hicule le plus confortable.<\/p>\n<p>R\u00e9servez un transfert priv\u00e9 \u00e0 Cadix, pour \u00e9viter les files d&#8217;attente. C&#8217;est la meilleure fa\u00e7on de voyager !<\/p>\n<p>Tous nos transferts sont priv\u00e9s, vous pouvez choisir l&#8217;heure et le lieu de la prise en charge. Nos chauffeurs seront l\u00e0 \u00e0 l&#8217;heure choisie pour commencer le transfert.<\/p>\n<p>Nous pouvons effectuer diff\u00e9rents transferts ou services :<\/p>\n<ul>\n<li>Transfert priv\u00e9 \u00e0 Cadix<\/li>\n<li>Transfert priv\u00e9 depuis l&#8217;a\u00e9roport de Cadix<\/li>\n<li>Transferts de Cadix vers d&#8217;autres villes (S\u00e9ville, Malaga, Marbella, Cordoue, Grenade et bien d&#8217;autres !)<\/li>\n<li>Tours et excursions<\/li>\n<li>\u00c9v\u00e9nements priv\u00e9s<\/li>\n<li>Congr\u00e8s<\/li>\n<li>Bien d&#8217;autres choses encore !<\/li>\n<\/ul>\n<p>Nous disposons d&#8217;une large flotte de v\u00e9hicules compos\u00e9e de : Mercedes E, Mercedes V Class, Mercedes Vito, Skoda et Mini Buses.<br \/>\nVous pouvez nous contacter via le formulaire de contact et notre \u00e9quipe vous enverra des informations d\u00e9taill\u00e9es. N&#8217;oubliez pas de pr\u00e9ciser le lieu de prise en charge, le lieu de retour et le nombre de personnes.<\/p>\n<p>Si vous disposez de plus de jours dans la ville de Cadix, vous pouvez consulter ici nos circuits priv\u00e9s \u00e0 Cadix. Toujours avec des v\u00e9hicules avec chauffeur et un guide officiel priv\u00e9, pour rendre votre exp\u00e9rience unique.<\/p>\n<h2>Sites d&#8217;int\u00e9r\u00eat et monuments<\/h2>\n<p>Transfert depuis l&#8217;h\u00f4tel, l&#8217;appartement ou le port de Cadix vers toute autre ville d&#8217;Andalousie (S\u00e9ville, Grenade, Cordoue, Malaga, etc.)<br \/>\nTransfert de n&#8217;importe quelle autre ville d&#8217;Andalousie \u00e0 Cadix<br \/>\nTransfert de l&#8217;a\u00e9roport au centre de Cadix<br \/>\nCadix est l&#8217;une des villes les plus m\u00e9ridionales d&#8217;Andalousie. Elle offre des plages et des vues magnifiques, ainsi qu&#8217;une histoire merveilleuse.<\/p>\n<p>Cadix est connue pour son histoire longue et influente. Elle compte plus de 120 000 habitants. C&#8217;est l&#8217;une des villes les plus peupl\u00e9es de la baie de Cadix.<\/p>\n<p>La ville, populairement connue sous le nom de &#8220;Tacita de Plata&#8221;, a une saveur maritime incomparable, ainsi que la gr\u00e2ce et l&#8217;hospitalit\u00e9 de ses habitants, comme en t\u00e9moignent ses c\u00e9l\u00e8bres carnavals, ses monuments int\u00e9ressants tels que la cath\u00e9drale, les murailles, l&#8217;\u00e9glise paroissiale de Santa Cruz, le parc Genov\u00e9s, la Puerta de la Caleta, etc.<\/p>\n<p>Autant de lieux au charme incontestable, auxquels il faut ajouter sa gastronomie et ses plages, c\u00e9l\u00e8bres et belles, comme La Caleta, Santa Mar\u00eda del Mar, ou La Victoria.<\/p>\n<p>Consultez nos visites priv\u00e9es de Cadix ici pour une exp\u00e9rience compl\u00e8te. Profitez d&#8217;une excursion d&#8217;une journ\u00e9e dans la ville unique de S\u00e9ville. Nous pouvons \u00e9galement organiser une excursion d&#8217;une journ\u00e9e pour visiter l&#8217;Alhambra de Grenade ou Cordoue. Nos experts en voyage sont \u00e0 votre disposition pour un s\u00e9jour unique en Espagne.<\/p>\n","protected":false},"excerpt":{"rendered":"<p>Transfert priv\u00e9 de Cadix vers n&#8217;importe quelle ville d&#8217;Andalousie. V\u00e9hicule de luxe priv\u00e9 avec chauffeur pour vous amener rapidement et confortablement \u00e0 l&#8217;emplacement de votre choix en Andalousie ou \u00e0 proximit\u00e9.<\/p>\n","protected":false},"featured_media":95803,"comment_status":"open","ping_status":"closed","template":"","meta":{"_acf_changed":false},"product_brand":[],"product_cat":[5043,3572,4200],"product_tag":[],"class_list":{"0":"post-99061","1":"product","2":"type-product","3":"status-publish","4":"has-post-thumbnail","6":"product_cat-private-transfers-fr-10","7":"product_cat-cadiz-fr","8":"product_cat-all-private-tours-activities-fr-70","10":"first","11":"instock","12":"shipping-taxable","13":"purchasable","14":"product-type-simple"},"acf":[],"yoast_head":"<!-- This site is optimized with the Yoast SEO Premium plugin v25.3.1 (Yoast SEO v25.3.1) - https:\/\/yoast.com\/wordpress\/plugins\/seo\/ -->\n<title>Transfert priv\u00e9 \u00e0 Cadiz - V\u00e9hicule de luxe priv\u00e9 avec chauffeur<\/title>\n<meta name=\"description\" content=\"Transfert priv\u00e9 de Cadix vers n&#039;importe quelle ville d&#039;Andalousie. V\u00e9hicule de luxe priv\u00e9 avec chauffeur pour vous amener rapidement et confortablement \u00e0 l&#039;emplacement de votre choix.\" \/>\n<meta name=\"robots\" content=\"index, follow, max-snippet:-1, max-image-preview:large, max-video-preview:-1\" \/>\n<link rel=\"canonical\" href=\"https:\/\/tourtravelandmore.com\/fr\/tours\/espagne-fr\/cadiz-fr\/all-private-tours-activities-fr-70\/transfert-prive-a-cadix\/\" \/>\n<meta property=\"og:locale\" content=\"fr_FR\" \/>\n<meta property=\"og:type\" content=\"article\" \/>\n<meta property=\"og:title\" content=\"Transfert priv\u00e9 \u00e0 Cadix\" \/>\n<meta property=\"og:description\" content=\"Transfert priv\u00e9 de Cadix vers n&#039;importe quelle ville d&#039;Andalousie. V\u00e9hicule de luxe priv\u00e9 avec chauffeur pour vous amener rapidement et confortablement \u00e0 l&#039;emplacement de votre choix.\" \/>\n<meta property=\"og:url\" content=\"https:\/\/tourtravelandmore.com\/fr\/tours\/espagne-fr\/cadiz-fr\/all-private-tours-activities-fr-70\/transfert-prive-a-cadix\/\" \/>\n<meta property=\"og:site_name\" content=\"Tour Travel And More\" \/>\n<meta property=\"article:publisher\" content=\"https:\/\/www.facebook.com\/tourtravelandmore\/\" \/>\n<meta property=\"article:modified_time\" content=\"2024-02-27T16:15:24+00:00\" \/>\n<meta property=\"og:image\" content=\"https:\/\/tourtravelandmore.com\/wp-content\/uploads\/2016\/11\/TrasladoAlicante.jpg\" \/>\n\t<meta property=\"og:image:width\" content=\"640\" \/>\n\t<meta property=\"og:image:height\" content=\"458\" \/>\n\t<meta property=\"og:image:type\" content=\"image\/jpeg\" \/>\n<meta name=\"twitter:card\" content=\"summary_large_image\" \/>\n<meta name=\"twitter:site\" content=\"@TourTravel_More\" \/>\n<meta name=\"twitter:label1\" content=\"Dur\u00e9e de lecture estim\u00e9e\" \/>\n\t<meta name=\"twitter:data1\" content=\"3 minutes\" \/>\n<script type=\"application\/ld+json\" class=\"yoast-schema-graph\">{\"@context\":\"https:\/\/schema.org\",\"@graph\":[{\"@type\":\"WebPage\",\"@id\":\"https:\/\/tourtravelandmore.com\/fr\/tours\/espagne-fr\/cadiz-fr\/all-private-tours-activities-fr-70\/transfert-prive-a-cadix\/\",\"url\":\"https:\/\/tourtravelandmore.com\/fr\/tours\/espagne-fr\/cadiz-fr\/all-private-tours-activities-fr-70\/transfert-prive-a-cadix\/\",\"name\":\"Transfert priv\u00e9 \u00e0 Cadiz - V\u00e9hicule de luxe priv\u00e9 avec chauffeur\",\"isPartOf\":{\"@id\":\"https:\/\/tourtravelandmore.com\/fr\/#website\"},\"primaryImageOfPage\":{\"@id\":\"https:\/\/tourtravelandmore.com\/fr\/tours\/espagne-fr\/cadiz-fr\/all-private-tours-activities-fr-70\/transfert-prive-a-cadix\/#primaryimage\"},\"image\":{\"@id\":\"https:\/\/tourtravelandmore.com\/fr\/tours\/espagne-fr\/cadiz-fr\/all-private-tours-activities-fr-70\/transfert-prive-a-cadix\/#primaryimage\"},\"thumbnailUrl\":\"https:\/\/tourtravelandmore.com\/wp-content\/uploads\/2016\/11\/TrasladoAlicante.jpg\",\"datePublished\":\"2016-08-26T08:03:29+00:00\",\"dateModified\":\"2024-02-27T16:15:24+00:00\",\"description\":\"Transfert priv\u00e9 de Cadix vers n'importe quelle ville d'Andalousie. V\u00e9hicule de luxe priv\u00e9 avec chauffeur pour vous amener rapidement et confortablement \u00e0 l'emplacement de votre choix.\",\"breadcrumb\":{\"@id\":\"https:\/\/tourtravelandmore.com\/fr\/tours\/espagne-fr\/cadiz-fr\/all-private-tours-activities-fr-70\/transfert-prive-a-cadix\/#breadcrumb\"},\"inLanguage\":\"fr-FR\",\"potentialAction\":[{\"@type\":\"ReadAction\",\"target\":[\"https:\/\/tourtravelandmore.com\/fr\/tours\/espagne-fr\/cadiz-fr\/all-private-tours-activities-fr-70\/transfert-prive-a-cadix\/\"]}]},{\"@type\":\"ImageObject\",\"inLanguage\":\"fr-FR\",\"@id\":\"https:\/\/tourtravelandmore.com\/fr\/tours\/espagne-fr\/cadiz-fr\/all-private-tours-activities-fr-70\/transfert-prive-a-cadix\/#primaryimage\",\"url\":\"https:\/\/tourtravelandmore.com\/wp-content\/uploads\/2016\/11\/TrasladoAlicante.jpg\",\"contentUrl\":\"https:\/\/tourtravelandmore.com\/wp-content\/uploads\/2016\/11\/TrasladoAlicante.jpg\",\"width\":640,\"height\":458},{\"@type\":\"BreadcrumbList\",\"@id\":\"https:\/\/tourtravelandmore.com\/fr\/tours\/espagne-fr\/cadiz-fr\/all-private-tours-activities-fr-70\/transfert-prive-a-cadix\/#breadcrumb\",\"itemListElement\":[{\"@type\":\"ListItem\",\"position\":1,\"name\":\"Home\",\"item\":\"https:\/\/tourtravelandmore.com\/fr\/\"},{\"@type\":\"ListItem\",\"position\":2,\"name\":\"Tours\",\"item\":\"https:\/\/tourtravelandmore.com\/fr\/tours\/\"},{\"@type\":\"ListItem\",\"position\":3,\"name\":\"Transfert priv\u00e9 \u00e0 Cadix\"}]},{\"@type\":\"WebSite\",\"@id\":\"https:\/\/tourtravelandmore.com\/fr\/#website\",\"url\":\"https:\/\/tourtravelandmore.com\/fr\/\",\"name\":\"Tour Travel And More\",\"description\":\"Private sightseeing tours and luxury transfers in Spain\",\"publisher\":{\"@id\":\"https:\/\/tourtravelandmore.com\/fr\/#organization\"},\"potentialAction\":[{\"@type\":\"SearchAction\",\"target\":{\"@type\":\"EntryPoint\",\"urlTemplate\":\"https:\/\/tourtravelandmore.com\/fr\/?s={search_term_string}\"},\"query-input\":{\"@type\":\"PropertyValueSpecification\",\"valueRequired\":true,\"valueName\":\"search_term_string\"}}],\"inLanguage\":\"fr-FR\"},{\"@type\":\"Organization\",\"@id\":\"https:\/\/tourtravelandmore.com\/fr\/#organization\",\"name\":\"Tour Travel And More\",\"url\":\"https:\/\/tourtravelandmore.com\/fr\/\",\"logo\":{\"@type\":\"ImageObject\",\"inLanguage\":\"fr-FR\",\"@id\":\"https:\/\/tourtravelandmore.com\/fr\/#\/schema\/logo\/image\/\",\"url\":\"https:\/\/tourtravelandmore.com\/wp-content\/uploads\/2022\/12\/cropped-logo-cabecera-new.png\",\"contentUrl\":\"https:\/\/tourtravelandmore.com\/wp-content\/uploads\/2022\/12\/cropped-logo-cabecera-new.png\",\"width\":430,\"height\":61,\"caption\":\"Tour Travel And More\"},\"image\":{\"@id\":\"https:\/\/tourtravelandmore.com\/fr\/#\/schema\/logo\/image\/\"},\"sameAs\":[\"https:\/\/www.facebook.com\/tourtravelandmore\/\",\"https:\/\/x.com\/TourTravel_More\"]}]}<\/script>\n<!-- \/ Yoast SEO Premium plugin. -->","yoast_head_json":{"title":"Transfert priv\u00e9 \u00e0 Cadiz - V\u00e9hicule de luxe priv\u00e9 avec chauffeur","description":"Transfert priv\u00e9 de Cadix vers n'importe quelle ville d'Andalousie. V\u00e9hicule de luxe priv\u00e9 avec chauffeur pour vous amener rapidement et confortablement \u00e0 l'emplacement de votre choix.","robots":{"index":"index","follow":"follow","max-snippet":"max-snippet:-1","max-image-preview":"max-image-preview:large","max-video-preview":"max-video-preview:-1"},"canonical":"https:\/\/tourtravelandmore.com\/fr\/tours\/espagne-fr\/cadiz-fr\/all-private-tours-activities-fr-70\/transfert-prive-a-cadix\/","og_locale":"fr_FR","og_type":"article","og_title":"Transfert priv\u00e9 \u00e0 Cadix","og_description":"Transfert priv\u00e9 de Cadix vers n'importe quelle ville d'Andalousie. V\u00e9hicule de luxe priv\u00e9 avec chauffeur pour vous amener rapidement et confortablement \u00e0 l'emplacement de votre choix.","og_url":"https:\/\/tourtravelandmore.com\/fr\/tours\/espagne-fr\/cadiz-fr\/all-private-tours-activities-fr-70\/transfert-prive-a-cadix\/","og_site_name":"Tour Travel And More","article_publisher":"https:\/\/www.facebook.com\/tourtravelandmore\/","article_modified_time":"2024-02-27T16:15:24+00:00","og_image":[{"width":640,"height":458,"url":"https:\/\/tourtravelandmore.com\/wp-content\/uploads\/2016\/11\/TrasladoAlicante.jpg","type":"image\/jpeg"}],"twitter_card":"summary_large_image","twitter_site":"@TourTravel_More","twitter_misc":{"Dur\u00e9e de lecture estim\u00e9e":"3 minutes"},"schema":{"@context":"https:\/\/schema.org","@graph":[{"@type":"WebPage","@id":"https:\/\/tourtravelandmore.com\/fr\/tours\/espagne-fr\/cadiz-fr\/all-private-tours-activities-fr-70\/transfert-prive-a-cadix\/","url":"https:\/\/tourtravelandmore.com\/fr\/tours\/espagne-fr\/cadiz-fr\/all-private-tours-activities-fr-70\/transfert-prive-a-cadix\/","name":"Transfert priv\u00e9 \u00e0 Cadiz - V\u00e9hicule de luxe priv\u00e9 avec chauffeur","isPartOf":{"@id":"https:\/\/tourtravelandmore.com\/fr\/#website"},"primaryImageOfPage":{"@id":"https:\/\/tourtravelandmore.com\/fr\/tours\/espagne-fr\/cadiz-fr\/all-private-tours-activities-fr-70\/transfert-prive-a-cadix\/#primaryimage"},"image":{"@id":"https:\/\/tourtravelandmore.com\/fr\/tours\/espagne-fr\/cadiz-fr\/all-private-tours-activities-fr-70\/transfert-prive-a-cadix\/#primaryimage"},"thumbnailUrl":"https:\/\/tourtravelandmore.com\/wp-content\/uploads\/2016\/11\/TrasladoAlicante.jpg","datePublished":"2016-08-26T08:03:29+00:00","dateModified":"2024-02-27T16:15:24+00:00","description":"Transfert priv\u00e9 de Cadix vers n'importe quelle ville d'Andalousie. V\u00e9hicule de luxe priv\u00e9 avec chauffeur pour vous amener rapidement et confortablement \u00e0 l'emplacement de votre choix.","breadcrumb":{"@id":"https:\/\/tourtravelandmore.com\/fr\/tours\/espagne-fr\/cadiz-fr\/all-private-tours-activities-fr-70\/transfert-prive-a-cadix\/#breadcrumb"},"inLanguage":"fr-FR","potentialAction":[{"@type":"ReadAction","target":["https:\/\/tourtravelandmore.com\/fr\/tours\/espagne-fr\/cadiz-fr\/all-private-tours-activities-fr-70\/transfert-prive-a-cadix\/"]}]},{"@type":"ImageObject","inLanguage":"fr-FR","@id":"https:\/\/tourtravelandmore.com\/fr\/tours\/espagne-fr\/cadiz-fr\/all-private-tours-activities-fr-70\/transfert-prive-a-cadix\/#primaryimage","url":"https:\/\/tourtravelandmore.com\/wp-content\/uploads\/2016\/11\/TrasladoAlicante.jpg","contentUrl":"https:\/\/tourtravelandmore.com\/wp-content\/uploads\/2016\/11\/TrasladoAlicante.jpg","width":640,"height":458},{"@type":"BreadcrumbList","@id":"https:\/\/tourtravelandmore.com\/fr\/tours\/espagne-fr\/cadiz-fr\/all-private-tours-activities-fr-70\/transfert-prive-a-cadix\/#breadcrumb","itemListElement":[{"@type":"ListItem","position":1,"name":"Home","item":"https:\/\/tourtravelandmore.com\/fr\/"},{"@type":"ListItem","position":2,"name":"Tours","item":"https:\/\/tourtravelandmore.com\/fr\/tours\/"},{"@type":"ListItem","position":3,"name":"Transfert priv\u00e9 \u00e0 Cadix"}]},{"@type":"WebSite","@id":"https:\/\/tourtravelandmore.com\/fr\/#website","url":"https:\/\/tourtravelandmore.com\/fr\/","name":"Tour Travel And More","description":"Private sightseeing tours and luxury transfers in Spain","publisher":{"@id":"https:\/\/tourtravelandmore.com\/fr\/#organization"},"potentialAction":[{"@type":"SearchAction","target":{"@type":"EntryPoint","urlTemplate":"https:\/\/tourtravelandmore.com\/fr\/?s={search_term_string}"},"query-input":{"@type":"PropertyValueSpecification","valueRequired":true,"valueName":"search_term_string"}}],"inLanguage":"fr-FR"},{"@type":"Organization","@id":"https:\/\/tourtravelandmore.com\/fr\/#organization","name":"Tour Travel And More","url":"https:\/\/tourtravelandmore.com\/fr\/","logo":{"@type":"ImageObject","inLanguage":"fr-FR","@id":"https:\/\/tourtravelandmore.com\/fr\/#\/schema\/logo\/image\/","url":"https:\/\/tourtravelandmore.com\/wp-content\/uploads\/2022\/12\/cropped-logo-cabecera-new.png","contentUrl":"https:\/\/tourtravelandmore.com\/wp-content\/uploads\/2022\/12\/cropped-logo-cabecera-new.png","width":430,"height":61,"caption":"Tour Travel And More"},"image":{"@id":"https:\/\/tourtravelandmore.com\/fr\/#\/schema\/logo\/image\/"},"sameAs":["https:\/\/www.facebook.com\/tourtravelandmore\/","https:\/\/x.com\/TourTravel_More"]}]}},"_links":{"self":[{"href":"https:\/\/tourtravelandmore.com\/fr\/wp-json\/wp\/v2\/product\/99061","targetHints":{"allow":["GET"]}}],"collection":[{"href":"https:\/\/tourtravelandmore.com\/fr\/wp-json\/wp\/v2\/product"}],"about":[{"href":"https:\/\/tourtravelandmore.com\/fr\/wp-json\/wp\/v2\/types\/product"}],"replies":[{"embeddable":true,"href":"https:\/\/tourtravelandmore.com\/fr\/wp-json\/wp\/v2\/comments?post=99061"}],"wp:featuredmedia":[{"embeddable":true,"href":"https:\/\/tourtravelandmore.com\/fr\/wp-json\/wp\/v2\/media\/95803"}],"wp:attachment":[{"href":"https:\/\/tourtravelandmore.com\/fr\/wp-json\/wp\/v2\/media?parent=99061"}],"wp:term":[{"taxonomy":"product_brand","embeddable":true,"href":"https:\/\/tourtravelandmore.com\/fr\/wp-json\/wp\/v2\/product_brand?post=99061"},{"taxonomy":"product_cat","embeddable":true,"href":"https:\/\/tourtravelandmore.com\/fr\/wp-json\/wp\/v2\/product_cat?post=99061"},{"taxonomy":"product_tag","embeddable":true,"href":"https:\/\/tourtravelandmore.com\/fr\/wp-json\/wp\/v2\/product_tag?post=99061"}],"curies":[{"name":"wp","href":"https:\/\/api.w.org\/{rel}","templated":true}]}}