{"id":99055,"date":"2016-04-25T12:54:22","date_gmt":"2016-04-25T10:54:22","guid":{"rendered":"https:\/\/tourtravelandmore.com\/tours\/non%20class\u00e9\/visite-privee-a-pied-de-cadix\/"},"modified":"2024-02-27T14:18:13","modified_gmt":"2024-02-27T13:18:13","slug":"visite-privee-a-pied-de-cadix","status":"publish","type":"product","link":"https:\/\/tourtravelandmore.com\/fr\/tours\/espagne-fr\/cadiz-fr\/private-sightseeing-tours-fr-8\/visite-privee-a-pied-de-cadix\/","title":{"rendered":"Visite priv\u00e9e \u00e0 pied de Cadix"},"content":{"rendered":"<h2>Description<\/h2>\n<p>Profitez de cette visite priv\u00e9e \u00e0 pied de Cadix avec votre propre guide priv\u00e9 et apprenez \u00e0 conna\u00eetre les meilleurs sites de Cadix.<\/p>\n<p>Cette visite priv\u00e9e \u00e0 pied de Cadix d\u00e9butera \u00e0 partir d&#8217;un point de rendez-vous situ\u00e9 dans le centre-ville de Cadix. Si votre h\u00f4tel est situ\u00e9 dans le centre-ville de Cadix, nous pouvons organiser une prise en charge confortable \u00e0 partir de l\u00e0.<\/p>\n<p>Cadix a tellement \u00e0 offrir, des merveilleux fruits de mer, des plages incroyables au centre-ville historique. C&#8217;est une ville id\u00e9ale pour passer des vacances car vous aurez le temps pour un voyage culturel, culinaire et bien s\u00fbr des vacances \u00e0 la plage! Qui n&#8217;aime pas les vacances \u00e0 la plage pendant la journ\u00e9e !?<\/p>\n<p>Faites cette visite priv\u00e9e \u00e0 pied pour profiter du meilleur du centre-ville et du c\u0153ur de Cadix.<\/p>\n<p>La dur\u00e9e totale sera de 3 heures et le d\u00e9p\u00f4t se fera au m\u00eame endroit ou \u00e0 l&#8217;un de votre choix.<\/p>\n<h2>Sites d&#8217;int\u00e9r\u00eat et monuments<\/h2>\n<p>Au cours de cette visite priv\u00e9e, vous d\u00e9couvrirez l&#8217;une des plus anciennes villes d&#8217;Europe, Cadix.<\/p>\n<p>Cadix a une belle architecture, m\u00e9lange de style hispanique et islamique. Cath\u00e9drales majestueuses et belles rues.<\/p>\n<p>Voici quelques sites dont vous pouvez profiter \u00e0 Cadix;<\/p>\n<ul>\n<li>Mairie<\/li>\n<li>Le quartier de Populo<\/li>\n<li>Th\u00e9\u00e2tre romain<\/li>\n<li>Cath\u00e9drale et tour de la pointe<\/li>\n<li>Plaza de las Flores<\/li>\n<li>March\u00e9 alimentaire &#8211; March\u00e9 central<\/li>\n<li>Puerto de Santa Maria<\/li>\n<li>Le quartier de Vi\u00f1a<\/li>\n<li>Caleta Beach: ce n&#8217;est pas seulement une plage. Son histoire remonte aux Ph\u00e9niciens et c&#8217;est un site vraiment unique.<\/li>\n<li>Murs romains<\/li>\n<li>Beaucoup plus!<\/li>\n<\/ul>\n<p>Nous pouvons \u00e9galement inclure des billets d&#8217;entr\u00e9e \u00e0 la cath\u00e9drale par exemple pour une exp\u00e9rience plus compl\u00e8te.<\/p>\n<p>Profitez d&#8217;une visite guid\u00e9e priv\u00e9e avec cette visite priv\u00e9e \u00e0 pied de Cadix. La visite se terminera apr\u00e8s l&#8217;exp\u00e9rience de marche de 3 heures.<\/p>\n<p>Jetez un \u0153il \u00e0 nos visites priv\u00e9es \u00e0 Cadix.<\/p>\n","protected":false},"excerpt":{"rendered":"<p>Meilleure visite priv\u00e9e de Cadix. Visite \u00e0 pied priv\u00e9e de Cadix enti\u00e8rement personnalis\u00e9e. Profitez des monuments et des sites les plus importants de Cadix. Ancienne et nouvelle cath\u00e9drale, th\u00e9\u00e2tre romain &#8230;<\/p>\n","protected":false},"featured_media":95831,"comment_status":"open","ping_status":"closed","template":"","meta":{"_acf_changed":false},"product_brand":[],"product_cat":[5040,3572,4200,4198,4199,4201],"product_tag":[],"class_list":{"0":"post-99055","1":"product","2":"type-product","3":"status-publish","4":"has-post-thumbnail","6":"product_cat-private-walking-tours","7":"product_cat-cadiz-fr","8":"product_cat-all-private-tours-activities-fr-70","9":"product_cat-private-sightseeing-tours-fr-8","10":"product_cat-private-day-trips-fr-2","11":"product_cat-private-shore-excursions-fr-2","13":"first","14":"instock","15":"shipping-taxable","16":"purchasable","17":"product-type-simple"},"acf":[],"yoast_head":"<!-- This site is optimized with the Yoast SEO Premium plugin v25.3.1 (Yoast SEO v25.3.1) - https:\/\/yoast.com\/wordpress\/plugins\/seo\/ -->\n<title>Visite priv\u00e9e \u00e0 pied de Cadix - Guide officiel pendant 3 heures<\/title>\n<meta name=\"description\" content=\"Visite \u00e0 pied priv\u00e9e de Cadix enti\u00e8rement personnalis\u00e9e. Profitez des monuments et des sites les plus importants de Cadix. Ancienne et nouvelle cath\u00e9drale, th\u00e9\u00e2tre romain, ...\" \/>\n<meta name=\"robots\" content=\"index, follow, max-snippet:-1, max-image-preview:large, max-video-preview:-1\" \/>\n<link rel=\"canonical\" href=\"https:\/\/tourtravelandmore.com\/fr\/tours\/espagne-fr\/cadiz-fr\/private-sightseeing-tours-fr-8\/visite-privee-a-pied-de-cadix\/\" \/>\n<meta property=\"og:locale\" content=\"fr_FR\" \/>\n<meta property=\"og:type\" content=\"article\" \/>\n<meta property=\"og:title\" content=\"Visite priv\u00e9e \u00e0 pied de Cadix\" \/>\n<meta property=\"og:description\" content=\"Visite \u00e0 pied priv\u00e9e de Cadix enti\u00e8rement personnalis\u00e9e. Profitez des monuments et des sites les plus importants de Cadix. Ancienne et nouvelle cath\u00e9drale, th\u00e9\u00e2tre romain, ...\" \/>\n<meta property=\"og:url\" content=\"https:\/\/tourtravelandmore.com\/fr\/tours\/espagne-fr\/cadiz-fr\/private-sightseeing-tours-fr-8\/visite-privee-a-pied-de-cadix\/\" \/>\n<meta property=\"og:site_name\" content=\"Tour Travel And More\" \/>\n<meta property=\"article:publisher\" content=\"https:\/\/www.facebook.com\/tourtravelandmore\/\" \/>\n<meta property=\"article:modified_time\" content=\"2024-02-27T13:18:13+00:00\" \/>\n<meta property=\"og:image\" content=\"https:\/\/tourtravelandmore.com\/wp-content\/uploads\/2016\/04\/Cadiz8.jpg\" \/>\n\t<meta property=\"og:image:width\" content=\"800\" \/>\n\t<meta property=\"og:image:height\" content=\"530\" \/>\n\t<meta property=\"og:image:type\" content=\"image\/jpeg\" \/>\n<meta name=\"twitter:card\" content=\"summary_large_image\" \/>\n<meta name=\"twitter:site\" content=\"@TourTravel_More\" \/>\n<meta name=\"twitter:label1\" content=\"Dur\u00e9e de lecture estim\u00e9e\" \/>\n\t<meta name=\"twitter:data1\" content=\"2 minutes\" \/>\n<script type=\"application\/ld+json\" class=\"yoast-schema-graph\">{\"@context\":\"https:\/\/schema.org\",\"@graph\":[{\"@type\":\"WebPage\",\"@id\":\"https:\/\/tourtravelandmore.com\/fr\/tours\/espagne-fr\/cadiz-fr\/private-sightseeing-tours-fr-8\/visite-privee-a-pied-de-cadix\/\",\"url\":\"https:\/\/tourtravelandmore.com\/fr\/tours\/espagne-fr\/cadiz-fr\/private-sightseeing-tours-fr-8\/visite-privee-a-pied-de-cadix\/\",\"name\":\"Visite priv\u00e9e \u00e0 pied de Cadix - Guide officiel pendant 3 heures\",\"isPartOf\":{\"@id\":\"https:\/\/tourtravelandmore.com\/fr\/#website\"},\"primaryImageOfPage\":{\"@id\":\"https:\/\/tourtravelandmore.com\/fr\/tours\/espagne-fr\/cadiz-fr\/private-sightseeing-tours-fr-8\/visite-privee-a-pied-de-cadix\/#primaryimage\"},\"image\":{\"@id\":\"https:\/\/tourtravelandmore.com\/fr\/tours\/espagne-fr\/cadiz-fr\/private-sightseeing-tours-fr-8\/visite-privee-a-pied-de-cadix\/#primaryimage\"},\"thumbnailUrl\":\"https:\/\/tourtravelandmore.com\/wp-content\/uploads\/2016\/04\/Cadiz8.jpg\",\"datePublished\":\"2016-04-25T10:54:22+00:00\",\"dateModified\":\"2024-02-27T13:18:13+00:00\",\"description\":\"Visite \u00e0 pied priv\u00e9e de Cadix enti\u00e8rement personnalis\u00e9e. Profitez des monuments et des sites les plus importants de Cadix. Ancienne et nouvelle cath\u00e9drale, th\u00e9\u00e2tre romain, ...\",\"breadcrumb\":{\"@id\":\"https:\/\/tourtravelandmore.com\/fr\/tours\/espagne-fr\/cadiz-fr\/private-sightseeing-tours-fr-8\/visite-privee-a-pied-de-cadix\/#breadcrumb\"},\"inLanguage\":\"fr-FR\",\"potentialAction\":[{\"@type\":\"ReadAction\",\"target\":[\"https:\/\/tourtravelandmore.com\/fr\/tours\/espagne-fr\/cadiz-fr\/private-sightseeing-tours-fr-8\/visite-privee-a-pied-de-cadix\/\"]}]},{\"@type\":\"ImageObject\",\"inLanguage\":\"fr-FR\",\"@id\":\"https:\/\/tourtravelandmore.com\/fr\/tours\/espagne-fr\/cadiz-fr\/private-sightseeing-tours-fr-8\/visite-privee-a-pied-de-cadix\/#primaryimage\",\"url\":\"https:\/\/tourtravelandmore.com\/wp-content\/uploads\/2016\/04\/Cadiz8.jpg\",\"contentUrl\":\"https:\/\/tourtravelandmore.com\/wp-content\/uploads\/2016\/04\/Cadiz8.jpg\",\"width\":800,\"height\":530},{\"@type\":\"BreadcrumbList\",\"@id\":\"https:\/\/tourtravelandmore.com\/fr\/tours\/espagne-fr\/cadiz-fr\/private-sightseeing-tours-fr-8\/visite-privee-a-pied-de-cadix\/#breadcrumb\",\"itemListElement\":[{\"@type\":\"ListItem\",\"position\":1,\"name\":\"Home\",\"item\":\"https:\/\/tourtravelandmore.com\/fr\/\"},{\"@type\":\"ListItem\",\"position\":2,\"name\":\"Tours\",\"item\":\"https:\/\/tourtravelandmore.com\/fr\/tours\/\"},{\"@type\":\"ListItem\",\"position\":3,\"name\":\"Visite priv\u00e9e \u00e0 pied de Cadix\"}]},{\"@type\":\"WebSite\",\"@id\":\"https:\/\/tourtravelandmore.com\/fr\/#website\",\"url\":\"https:\/\/tourtravelandmore.com\/fr\/\",\"name\":\"Tour Travel And More\",\"description\":\"Private sightseeing tours and luxury transfers in Spain\",\"publisher\":{\"@id\":\"https:\/\/tourtravelandmore.com\/fr\/#organization\"},\"potentialAction\":[{\"@type\":\"SearchAction\",\"target\":{\"@type\":\"EntryPoint\",\"urlTemplate\":\"https:\/\/tourtravelandmore.com\/fr\/?s={search_term_string}\"},\"query-input\":{\"@type\":\"PropertyValueSpecification\",\"valueRequired\":true,\"valueName\":\"search_term_string\"}}],\"inLanguage\":\"fr-FR\"},{\"@type\":\"Organization\",\"@id\":\"https:\/\/tourtravelandmore.com\/fr\/#organization\",\"name\":\"Tour Travel And More\",\"url\":\"https:\/\/tourtravelandmore.com\/fr\/\",\"logo\":{\"@type\":\"ImageObject\",\"inLanguage\":\"fr-FR\",\"@id\":\"https:\/\/tourtravelandmore.com\/fr\/#\/schema\/logo\/image\/\",\"url\":\"https:\/\/tourtravelandmore.com\/wp-content\/uploads\/2022\/12\/cropped-logo-cabecera-new.png\",\"contentUrl\":\"https:\/\/tourtravelandmore.com\/wp-content\/uploads\/2022\/12\/cropped-logo-cabecera-new.png\",\"width\":430,\"height\":61,\"caption\":\"Tour Travel And More\"},\"image\":{\"@id\":\"https:\/\/tourtravelandmore.com\/fr\/#\/schema\/logo\/image\/\"},\"sameAs\":[\"https:\/\/www.facebook.com\/tourtravelandmore\/\",\"https:\/\/x.com\/TourTravel_More\"]}]}<\/script>\n<!-- \/ Yoast SEO Premium plugin. -->","yoast_head_json":{"title":"Visite priv\u00e9e \u00e0 pied de Cadix - Guide officiel pendant 3 heures","description":"Visite \u00e0 pied priv\u00e9e de Cadix enti\u00e8rement personnalis\u00e9e. Profitez des monuments et des sites les plus importants de Cadix. Ancienne et nouvelle cath\u00e9drale, th\u00e9\u00e2tre romain, ...","robots":{"index":"index","follow":"follow","max-snippet":"max-snippet:-1","max-image-preview":"max-image-preview:large","max-video-preview":"max-video-preview:-1"},"canonical":"https:\/\/tourtravelandmore.com\/fr\/tours\/espagne-fr\/cadiz-fr\/private-sightseeing-tours-fr-8\/visite-privee-a-pied-de-cadix\/","og_locale":"fr_FR","og_type":"article","og_title":"Visite priv\u00e9e \u00e0 pied de Cadix","og_description":"Visite \u00e0 pied priv\u00e9e de Cadix enti\u00e8rement personnalis\u00e9e. Profitez des monuments et des sites les plus importants de Cadix. Ancienne et nouvelle cath\u00e9drale, th\u00e9\u00e2tre romain, ...","og_url":"https:\/\/tourtravelandmore.com\/fr\/tours\/espagne-fr\/cadiz-fr\/private-sightseeing-tours-fr-8\/visite-privee-a-pied-de-cadix\/","og_site_name":"Tour Travel And More","article_publisher":"https:\/\/www.facebook.com\/tourtravelandmore\/","article_modified_time":"2024-02-27T13:18:13+00:00","og_image":[{"width":800,"height":530,"url":"https:\/\/tourtravelandmore.com\/wp-content\/uploads\/2016\/04\/Cadiz8.jpg","type":"image\/jpeg"}],"twitter_card":"summary_large_image","twitter_site":"@TourTravel_More","twitter_misc":{"Dur\u00e9e de lecture estim\u00e9e":"2 minutes"},"schema":{"@context":"https:\/\/schema.org","@graph":[{"@type":"WebPage","@id":"https:\/\/tourtravelandmore.com\/fr\/tours\/espagne-fr\/cadiz-fr\/private-sightseeing-tours-fr-8\/visite-privee-a-pied-de-cadix\/","url":"https:\/\/tourtravelandmore.com\/fr\/tours\/espagne-fr\/cadiz-fr\/private-sightseeing-tours-fr-8\/visite-privee-a-pied-de-cadix\/","name":"Visite priv\u00e9e \u00e0 pied de Cadix - Guide officiel pendant 3 heures","isPartOf":{"@id":"https:\/\/tourtravelandmore.com\/fr\/#website"},"primaryImageOfPage":{"@id":"https:\/\/tourtravelandmore.com\/fr\/tours\/espagne-fr\/cadiz-fr\/private-sightseeing-tours-fr-8\/visite-privee-a-pied-de-cadix\/#primaryimage"},"image":{"@id":"https:\/\/tourtravelandmore.com\/fr\/tours\/espagne-fr\/cadiz-fr\/private-sightseeing-tours-fr-8\/visite-privee-a-pied-de-cadix\/#primaryimage"},"thumbnailUrl":"https:\/\/tourtravelandmore.com\/wp-content\/uploads\/2016\/04\/Cadiz8.jpg","datePublished":"2016-04-25T10:54:22+00:00","dateModified":"2024-02-27T13:18:13+00:00","description":"Visite \u00e0 pied priv\u00e9e de Cadix enti\u00e8rement personnalis\u00e9e. Profitez des monuments et des sites les plus importants de Cadix. Ancienne et nouvelle cath\u00e9drale, th\u00e9\u00e2tre romain, ...","breadcrumb":{"@id":"https:\/\/tourtravelandmore.com\/fr\/tours\/espagne-fr\/cadiz-fr\/private-sightseeing-tours-fr-8\/visite-privee-a-pied-de-cadix\/#breadcrumb"},"inLanguage":"fr-FR","potentialAction":[{"@type":"ReadAction","target":["https:\/\/tourtravelandmore.com\/fr\/tours\/espagne-fr\/cadiz-fr\/private-sightseeing-tours-fr-8\/visite-privee-a-pied-de-cadix\/"]}]},{"@type":"ImageObject","inLanguage":"fr-FR","@id":"https:\/\/tourtravelandmore.com\/fr\/tours\/espagne-fr\/cadiz-fr\/private-sightseeing-tours-fr-8\/visite-privee-a-pied-de-cadix\/#primaryimage","url":"https:\/\/tourtravelandmore.com\/wp-content\/uploads\/2016\/04\/Cadiz8.jpg","contentUrl":"https:\/\/tourtravelandmore.com\/wp-content\/uploads\/2016\/04\/Cadiz8.jpg","width":800,"height":530},{"@type":"BreadcrumbList","@id":"https:\/\/tourtravelandmore.com\/fr\/tours\/espagne-fr\/cadiz-fr\/private-sightseeing-tours-fr-8\/visite-privee-a-pied-de-cadix\/#breadcrumb","itemListElement":[{"@type":"ListItem","position":1,"name":"Home","item":"https:\/\/tourtravelandmore.com\/fr\/"},{"@type":"ListItem","position":2,"name":"Tours","item":"https:\/\/tourtravelandmore.com\/fr\/tours\/"},{"@type":"ListItem","position":3,"name":"Visite priv\u00e9e \u00e0 pied de Cadix"}]},{"@type":"WebSite","@id":"https:\/\/tourtravelandmore.com\/fr\/#website","url":"https:\/\/tourtravelandmore.com\/fr\/","name":"Tour Travel And More","description":"Private sightseeing tours and luxury transfers in Spain","publisher":{"@id":"https:\/\/tourtravelandmore.com\/fr\/#organization"},"potentialAction":[{"@type":"SearchAction","target":{"@type":"EntryPoint","urlTemplate":"https:\/\/tourtravelandmore.com\/fr\/?s={search_term_string}"},"query-input":{"@type":"PropertyValueSpecification","valueRequired":true,"valueName":"search_term_string"}}],"inLanguage":"fr-FR"},{"@type":"Organization","@id":"https:\/\/tourtravelandmore.com\/fr\/#organization","name":"Tour Travel And More","url":"https:\/\/tourtravelandmore.com\/fr\/","logo":{"@type":"ImageObject","inLanguage":"fr-FR","@id":"https:\/\/tourtravelandmore.com\/fr\/#\/schema\/logo\/image\/","url":"https:\/\/tourtravelandmore.com\/wp-content\/uploads\/2022\/12\/cropped-logo-cabecera-new.png","contentUrl":"https:\/\/tourtravelandmore.com\/wp-content\/uploads\/2022\/12\/cropped-logo-cabecera-new.png","width":430,"height":61,"caption":"Tour Travel And More"},"image":{"@id":"https:\/\/tourtravelandmore.com\/fr\/#\/schema\/logo\/image\/"},"sameAs":["https:\/\/www.facebook.com\/tourtravelandmore\/","https:\/\/x.com\/TourTravel_More"]}]}},"_links":{"self":[{"href":"https:\/\/tourtravelandmore.com\/fr\/wp-json\/wp\/v2\/product\/99055","targetHints":{"allow":["GET"]}}],"collection":[{"href":"https:\/\/tourtravelandmore.com\/fr\/wp-json\/wp\/v2\/product"}],"about":[{"href":"https:\/\/tourtravelandmore.com\/fr\/wp-json\/wp\/v2\/types\/product"}],"replies":[{"embeddable":true,"href":"https:\/\/tourtravelandmore.com\/fr\/wp-json\/wp\/v2\/comments?post=99055"}],"wp:featuredmedia":[{"embeddable":true,"href":"https:\/\/tourtravelandmore.com\/fr\/wp-json\/wp\/v2\/media\/95831"}],"wp:attachment":[{"href":"https:\/\/tourtravelandmore.com\/fr\/wp-json\/wp\/v2\/media?parent=99055"}],"wp:term":[{"taxonomy":"product_brand","embeddable":true,"href":"https:\/\/tourtravelandmore.com\/fr\/wp-json\/wp\/v2\/product_brand?post=99055"},{"taxonomy":"product_cat","embeddable":true,"href":"https:\/\/tourtravelandmore.com\/fr\/wp-json\/wp\/v2\/product_cat?post=99055"},{"taxonomy":"product_tag","embeddable":true,"href":"https:\/\/tourtravelandmore.com\/fr\/wp-json\/wp\/v2\/product_tag?post=99055"}],"curies":[{"name":"wp","href":"https:\/\/api.w.org\/{rel}","templated":true}]}}