{"id":99049,"date":"2016-03-13T20:27:25","date_gmt":"2016-03-13T19:27:25","guid":{"rendered":"https:\/\/tourtravelandmore.com\/tours\/non%20class\u00e9\/excursion-privee-dune-journee-a-cadix-au-depart-de-seville\/"},"modified":"2024-02-27T14:31:56","modified_gmt":"2024-02-27T13:31:56","slug":"excursion-privee-dune-journee-a-cadix-au-depart-de-seville","status":"publish","type":"product","link":"https:\/\/tourtravelandmore.com\/fr\/tours\/espagne-fr\/cadiz-fr\/private-sightseeing-tours-fr-8\/excursion-privee-dune-journee-a-cadix-au-depart-de-seville\/","title":{"rendered":"Excursion priv\u00e9e d&#8217;une journ\u00e9e \u00e0 Cadix au d\u00e9part de S\u00e9ville"},"content":{"rendered":"<h2>La description<\/h2>\n<p>Lorsque votre croisi\u00e8re d\u00e9barque \u00e0 Cadix, ne manquez pas une chance de conna\u00eetre S\u00e9ville. Cette excursion priv\u00e9e d&#8217;une journ\u00e9e \u00e0 Cadix au d\u00e9part de S\u00e9ville est une exp\u00e9rience formidable pour d\u00e9couvrir l&#8217;une des villes uniques d&#8217;Espagne.<\/p>\n<p>Cette excursion priv\u00e9e d&#8217;une journ\u00e9e \u00e0 Cadix au d\u00e9part de S\u00e9ville d\u00e9butera \u00e0 l&#8217;endroit de votre choix \u00e0 Cadix. Nous pouvons organiser une prise en charge depuis le port de croisi\u00e8re de Cadix pour le d\u00e9part vers S\u00e9ville. Notre chauffeur priv\u00e9 vous attendra \u00e0 votre port de croisi\u00e8re.<\/p>\n<p>Une fois arriv\u00e9 \u00e0 S\u00e9ville, vous rencontrerez votre guide. Une fois que vous \u00eates tous ensemble, vous profiterez d&#8217;abord d&#8217;une visite panoramique de S\u00e9ville. Il y a tellement de choses \u00e0 faire et \u00e0 voir \u00e0 S\u00e9ville.<\/p>\n<p>Admirez la Plaza Espa\u00f1a, le fleuve Guadalquivir, la cath\u00e9drale et bien plus encore.<\/p>\n<p>Nous pouvons ajouter des billets d&#8217;entr\u00e9e pour vous. Ces billets d&#8217;entr\u00e9e peuvent \u00eatre \u00e0 la cath\u00e9drale ou m\u00eame \u00e0 l&#8217;Alcazar. Les deux sont des sites uniques mais ces billets doivent \u00eatre achet\u00e9s \u00e0 l&#8217;avance. Contactez nos experts en voyages pour plus d&#8217;informations!<\/p>\n<h2>Sites d&#8217;int\u00e9r\u00eat et monuments<\/h2>\n<p>S\u00e9ville est la principale ville d&#8217;Andalousie et la troisi\u00e8me plus grande ville d&#8217;Espagne. Son centre historique a une offre culturelle tr\u00e8s riche, avec de nombreux monuments et lieux qui m\u00e9ritent une visite. Profitez de cette occasion pour d\u00e9couvrir la meilleure ville o\u00f9 voyager en 2018 (meilleure ville de Lonely Planet o\u00f9 voyager en 2018). Entre autres monuments et sites touristiques, vous pouvez apprendre \u00e0 conna\u00eetre:<\/p>\n<ul>\n<li>Quartier juif<\/li>\n<li>Zone commerciale exclusive<\/li>\n<li>Plaza Espa\u00f1a<\/li>\n<li>Stade Sanchez Pijuan<\/li>\n<li>Plaza Nova<\/li>\n<li>Cath\u00e9drale de S\u00e9ville<\/li>\n<li>La Giralda<\/li>\n<li>Alcazar royal<\/li>\n<li>Torre del Oro<\/li>\n<li>Beaucoup plus!<\/li>\n<\/ul>\n<p>Vous profiterez d&#8217;environ 4 heures \u00e0 S\u00e9ville pour d\u00e9couvrir le meilleur de la ville. Profitez d&#8217;un peu de temps libre pour manger un morceau avant de retourner vers S\u00e9ville.<\/p>\n<p>Jetez un \u0153il \u00e0 nos visites priv\u00e9es \u00e0 S\u00e9ville et \u00e0 nos visites priv\u00e9es \u00e0 Cadix!<\/p>\n","protected":false},"excerpt":{"rendered":"<p>Excursion d&#8217;une journ\u00e9e compl\u00e8te. Excursion priv\u00e9e d&#8217;une journ\u00e9e \u00e0 Cadix au d\u00e9part de S\u00e9ville. D\u00e9couvrez les monuments et sites les plus importants de S\u00e9ville: Giralda, la cath\u00e9drale de S\u00e9ville, l&#8217;Alcazar, la Plaza Espa\u00f1a et plus encore &#8230;<\/p>\n","protected":false},"featured_media":170982,"comment_status":"open","ping_status":"closed","template":"","meta":{"_acf_changed":false},"product_brand":[],"product_cat":[3572,4200,4198,4199,4201],"product_tag":[],"class_list":{"0":"post-99049","1":"product","2":"type-product","3":"status-publish","4":"has-post-thumbnail","6":"product_cat-cadiz-fr","7":"product_cat-all-private-tours-activities-fr-70","8":"product_cat-private-sightseeing-tours-fr-8","9":"product_cat-private-day-trips-fr-2","10":"product_cat-private-shore-excursions-fr-2","12":"first","13":"instock","14":"shipping-taxable","15":"purchasable","16":"product-type-simple"},"acf":[],"yoast_head":"<!-- This site is optimized with the Yoast SEO Premium plugin v25.3.1 (Yoast SEO v25.3.1) - https:\/\/yoast.com\/wordpress\/plugins\/seo\/ -->\n<title>Excursion priv\u00e9e d&#039;une journ\u00e9e \u00e0 Cadix au d\u00e9part de S\u00e9ville - V\u00e9hicule de luxe et guide \u00e0 S\u00e9ville<\/title>\n<meta name=\"description\" content=\"Excursion priv\u00e9e d&#039;une journ\u00e9e \u00e0 Cadix au d\u00e9part de S\u00e9ville. D\u00e9couvrez les monuments et sites les plus importants de S\u00e9ville: Giralda, la cath\u00e9drale de S\u00e9ville, l&#039;Alcazar, la Plaza Espa\u00f1a et plus encore ...\" \/>\n<meta name=\"robots\" content=\"index, follow, max-snippet:-1, max-image-preview:large, max-video-preview:-1\" \/>\n<link rel=\"canonical\" href=\"https:\/\/tourtravelandmore.com\/fr\/tours\/espagne-fr\/cadiz-fr\/private-sightseeing-tours-fr-8\/excursion-privee-dune-journee-a-cadix-au-depart-de-seville\/\" \/>\n<meta property=\"og:locale\" content=\"fr_FR\" \/>\n<meta property=\"og:type\" content=\"article\" \/>\n<meta property=\"og:title\" content=\"Excursion priv\u00e9e d&#039;une journ\u00e9e \u00e0 Cadix au d\u00e9part de S\u00e9ville\" \/>\n<meta property=\"og:description\" content=\"Excursion priv\u00e9e d&#039;une journ\u00e9e \u00e0 Cadix au d\u00e9part de S\u00e9ville. D\u00e9couvrez les monuments et sites les plus importants de S\u00e9ville: Giralda, la cath\u00e9drale de S\u00e9ville, l&#039;Alcazar, la Plaza Espa\u00f1a et plus encore ...\" \/>\n<meta property=\"og:url\" content=\"https:\/\/tourtravelandmore.com\/fr\/tours\/espagne-fr\/cadiz-fr\/private-sightseeing-tours-fr-8\/excursion-privee-dune-journee-a-cadix-au-depart-de-seville\/\" \/>\n<meta property=\"og:site_name\" content=\"Tour Travel And More\" \/>\n<meta property=\"article:publisher\" content=\"https:\/\/www.facebook.com\/tourtravelandmore\/\" \/>\n<meta property=\"article:modified_time\" content=\"2024-02-27T13:31:56+00:00\" \/>\n<meta property=\"og:image\" content=\"https:\/\/tourtravelandmore.com\/wp-content\/uploads\/2016\/03\/2ca10dfc9aa3f8d77e21429b36c3f9ef.jpg\" \/>\n\t<meta property=\"og:image:width\" content=\"1600\" \/>\n\t<meta property=\"og:image:height\" content=\"900\" \/>\n\t<meta property=\"og:image:type\" content=\"image\/jpeg\" \/>\n<meta name=\"twitter:card\" content=\"summary_large_image\" \/>\n<meta name=\"twitter:site\" content=\"@TourTravel_More\" \/>\n<meta name=\"twitter:label1\" content=\"Dur\u00e9e de lecture estim\u00e9e\" \/>\n\t<meta name=\"twitter:data1\" content=\"2 minutes\" \/>\n<script type=\"application\/ld+json\" class=\"yoast-schema-graph\">{\"@context\":\"https:\/\/schema.org\",\"@graph\":[{\"@type\":\"WebPage\",\"@id\":\"https:\/\/tourtravelandmore.com\/fr\/tours\/espagne-fr\/cadiz-fr\/private-sightseeing-tours-fr-8\/excursion-privee-dune-journee-a-cadix-au-depart-de-seville\/\",\"url\":\"https:\/\/tourtravelandmore.com\/fr\/tours\/espagne-fr\/cadiz-fr\/private-sightseeing-tours-fr-8\/excursion-privee-dune-journee-a-cadix-au-depart-de-seville\/\",\"name\":\"Excursion priv\u00e9e d'une journ\u00e9e \u00e0 Cadix au d\u00e9part de S\u00e9ville - V\u00e9hicule de luxe et guide \u00e0 S\u00e9ville\",\"isPartOf\":{\"@id\":\"https:\/\/tourtravelandmore.com\/fr\/#website\"},\"primaryImageOfPage\":{\"@id\":\"https:\/\/tourtravelandmore.com\/fr\/tours\/espagne-fr\/cadiz-fr\/private-sightseeing-tours-fr-8\/excursion-privee-dune-journee-a-cadix-au-depart-de-seville\/#primaryimage\"},\"image\":{\"@id\":\"https:\/\/tourtravelandmore.com\/fr\/tours\/espagne-fr\/cadiz-fr\/private-sightseeing-tours-fr-8\/excursion-privee-dune-journee-a-cadix-au-depart-de-seville\/#primaryimage\"},\"thumbnailUrl\":\"https:\/\/tourtravelandmore.com\/wp-content\/uploads\/2016\/03\/2ca10dfc9aa3f8d77e21429b36c3f9ef.jpg\",\"datePublished\":\"2016-03-13T19:27:25+00:00\",\"dateModified\":\"2024-02-27T13:31:56+00:00\",\"description\":\"Excursion priv\u00e9e d'une journ\u00e9e \u00e0 Cadix au d\u00e9part de S\u00e9ville. D\u00e9couvrez les monuments et sites les plus importants de S\u00e9ville: Giralda, la cath\u00e9drale de S\u00e9ville, l'Alcazar, la Plaza Espa\u00f1a et plus encore ...\",\"breadcrumb\":{\"@id\":\"https:\/\/tourtravelandmore.com\/fr\/tours\/espagne-fr\/cadiz-fr\/private-sightseeing-tours-fr-8\/excursion-privee-dune-journee-a-cadix-au-depart-de-seville\/#breadcrumb\"},\"inLanguage\":\"fr-FR\",\"potentialAction\":[{\"@type\":\"ReadAction\",\"target\":[\"https:\/\/tourtravelandmore.com\/fr\/tours\/espagne-fr\/cadiz-fr\/private-sightseeing-tours-fr-8\/excursion-privee-dune-journee-a-cadix-au-depart-de-seville\/\"]}]},{\"@type\":\"ImageObject\",\"inLanguage\":\"fr-FR\",\"@id\":\"https:\/\/tourtravelandmore.com\/fr\/tours\/espagne-fr\/cadiz-fr\/private-sightseeing-tours-fr-8\/excursion-privee-dune-journee-a-cadix-au-depart-de-seville\/#primaryimage\",\"url\":\"https:\/\/tourtravelandmore.com\/wp-content\/uploads\/2016\/03\/2ca10dfc9aa3f8d77e21429b36c3f9ef.jpg\",\"contentUrl\":\"https:\/\/tourtravelandmore.com\/wp-content\/uploads\/2016\/03\/2ca10dfc9aa3f8d77e21429b36c3f9ef.jpg\",\"width\":1600,\"height\":900},{\"@type\":\"BreadcrumbList\",\"@id\":\"https:\/\/tourtravelandmore.com\/fr\/tours\/espagne-fr\/cadiz-fr\/private-sightseeing-tours-fr-8\/excursion-privee-dune-journee-a-cadix-au-depart-de-seville\/#breadcrumb\",\"itemListElement\":[{\"@type\":\"ListItem\",\"position\":1,\"name\":\"Home\",\"item\":\"https:\/\/tourtravelandmore.com\/fr\/\"},{\"@type\":\"ListItem\",\"position\":2,\"name\":\"Tours\",\"item\":\"https:\/\/tourtravelandmore.com\/fr\/tours\/\"},{\"@type\":\"ListItem\",\"position\":3,\"name\":\"Excursion priv\u00e9e d&#8217;une journ\u00e9e \u00e0 Cadix au d\u00e9part de S\u00e9ville\"}]},{\"@type\":\"WebSite\",\"@id\":\"https:\/\/tourtravelandmore.com\/fr\/#website\",\"url\":\"https:\/\/tourtravelandmore.com\/fr\/\",\"name\":\"Tour Travel And More\",\"description\":\"Private sightseeing tours and luxury transfers in Spain\",\"publisher\":{\"@id\":\"https:\/\/tourtravelandmore.com\/fr\/#organization\"},\"potentialAction\":[{\"@type\":\"SearchAction\",\"target\":{\"@type\":\"EntryPoint\",\"urlTemplate\":\"https:\/\/tourtravelandmore.com\/fr\/?s={search_term_string}\"},\"query-input\":{\"@type\":\"PropertyValueSpecification\",\"valueRequired\":true,\"valueName\":\"search_term_string\"}}],\"inLanguage\":\"fr-FR\"},{\"@type\":\"Organization\",\"@id\":\"https:\/\/tourtravelandmore.com\/fr\/#organization\",\"name\":\"Tour Travel And More\",\"url\":\"https:\/\/tourtravelandmore.com\/fr\/\",\"logo\":{\"@type\":\"ImageObject\",\"inLanguage\":\"fr-FR\",\"@id\":\"https:\/\/tourtravelandmore.com\/fr\/#\/schema\/logo\/image\/\",\"url\":\"https:\/\/tourtravelandmore.com\/wp-content\/uploads\/2022\/12\/cropped-logo-cabecera-new.png\",\"contentUrl\":\"https:\/\/tourtravelandmore.com\/wp-content\/uploads\/2022\/12\/cropped-logo-cabecera-new.png\",\"width\":430,\"height\":61,\"caption\":\"Tour Travel And More\"},\"image\":{\"@id\":\"https:\/\/tourtravelandmore.com\/fr\/#\/schema\/logo\/image\/\"},\"sameAs\":[\"https:\/\/www.facebook.com\/tourtravelandmore\/\",\"https:\/\/x.com\/TourTravel_More\"]}]}<\/script>\n<!-- \/ Yoast SEO Premium plugin. -->","yoast_head_json":{"title":"Excursion priv\u00e9e d'une journ\u00e9e \u00e0 Cadix au d\u00e9part de S\u00e9ville - V\u00e9hicule de luxe et guide \u00e0 S\u00e9ville","description":"Excursion priv\u00e9e d'une journ\u00e9e \u00e0 Cadix au d\u00e9part de S\u00e9ville. D\u00e9couvrez les monuments et sites les plus importants de S\u00e9ville: Giralda, la cath\u00e9drale de S\u00e9ville, l'Alcazar, la Plaza Espa\u00f1a et plus encore ...","robots":{"index":"index","follow":"follow","max-snippet":"max-snippet:-1","max-image-preview":"max-image-preview:large","max-video-preview":"max-video-preview:-1"},"canonical":"https:\/\/tourtravelandmore.com\/fr\/tours\/espagne-fr\/cadiz-fr\/private-sightseeing-tours-fr-8\/excursion-privee-dune-journee-a-cadix-au-depart-de-seville\/","og_locale":"fr_FR","og_type":"article","og_title":"Excursion priv\u00e9e d'une journ\u00e9e \u00e0 Cadix au d\u00e9part de S\u00e9ville","og_description":"Excursion priv\u00e9e d'une journ\u00e9e \u00e0 Cadix au d\u00e9part de S\u00e9ville. D\u00e9couvrez les monuments et sites les plus importants de S\u00e9ville: Giralda, la cath\u00e9drale de S\u00e9ville, l'Alcazar, la Plaza Espa\u00f1a et plus encore ...","og_url":"https:\/\/tourtravelandmore.com\/fr\/tours\/espagne-fr\/cadiz-fr\/private-sightseeing-tours-fr-8\/excursion-privee-dune-journee-a-cadix-au-depart-de-seville\/","og_site_name":"Tour Travel And More","article_publisher":"https:\/\/www.facebook.com\/tourtravelandmore\/","article_modified_time":"2024-02-27T13:31:56+00:00","og_image":[{"width":1600,"height":900,"url":"https:\/\/tourtravelandmore.com\/wp-content\/uploads\/2016\/03\/2ca10dfc9aa3f8d77e21429b36c3f9ef.jpg","type":"image\/jpeg"}],"twitter_card":"summary_large_image","twitter_site":"@TourTravel_More","twitter_misc":{"Dur\u00e9e de lecture estim\u00e9e":"2 minutes"},"schema":{"@context":"https:\/\/schema.org","@graph":[{"@type":"WebPage","@id":"https:\/\/tourtravelandmore.com\/fr\/tours\/espagne-fr\/cadiz-fr\/private-sightseeing-tours-fr-8\/excursion-privee-dune-journee-a-cadix-au-depart-de-seville\/","url":"https:\/\/tourtravelandmore.com\/fr\/tours\/espagne-fr\/cadiz-fr\/private-sightseeing-tours-fr-8\/excursion-privee-dune-journee-a-cadix-au-depart-de-seville\/","name":"Excursion priv\u00e9e d'une journ\u00e9e \u00e0 Cadix au d\u00e9part de S\u00e9ville - V\u00e9hicule de luxe et guide \u00e0 S\u00e9ville","isPartOf":{"@id":"https:\/\/tourtravelandmore.com\/fr\/#website"},"primaryImageOfPage":{"@id":"https:\/\/tourtravelandmore.com\/fr\/tours\/espagne-fr\/cadiz-fr\/private-sightseeing-tours-fr-8\/excursion-privee-dune-journee-a-cadix-au-depart-de-seville\/#primaryimage"},"image":{"@id":"https:\/\/tourtravelandmore.com\/fr\/tours\/espagne-fr\/cadiz-fr\/private-sightseeing-tours-fr-8\/excursion-privee-dune-journee-a-cadix-au-depart-de-seville\/#primaryimage"},"thumbnailUrl":"https:\/\/tourtravelandmore.com\/wp-content\/uploads\/2016\/03\/2ca10dfc9aa3f8d77e21429b36c3f9ef.jpg","datePublished":"2016-03-13T19:27:25+00:00","dateModified":"2024-02-27T13:31:56+00:00","description":"Excursion priv\u00e9e d'une journ\u00e9e \u00e0 Cadix au d\u00e9part de S\u00e9ville. D\u00e9couvrez les monuments et sites les plus importants de S\u00e9ville: Giralda, la cath\u00e9drale de S\u00e9ville, l'Alcazar, la Plaza Espa\u00f1a et plus encore ...","breadcrumb":{"@id":"https:\/\/tourtravelandmore.com\/fr\/tours\/espagne-fr\/cadiz-fr\/private-sightseeing-tours-fr-8\/excursion-privee-dune-journee-a-cadix-au-depart-de-seville\/#breadcrumb"},"inLanguage":"fr-FR","potentialAction":[{"@type":"ReadAction","target":["https:\/\/tourtravelandmore.com\/fr\/tours\/espagne-fr\/cadiz-fr\/private-sightseeing-tours-fr-8\/excursion-privee-dune-journee-a-cadix-au-depart-de-seville\/"]}]},{"@type":"ImageObject","inLanguage":"fr-FR","@id":"https:\/\/tourtravelandmore.com\/fr\/tours\/espagne-fr\/cadiz-fr\/private-sightseeing-tours-fr-8\/excursion-privee-dune-journee-a-cadix-au-depart-de-seville\/#primaryimage","url":"https:\/\/tourtravelandmore.com\/wp-content\/uploads\/2016\/03\/2ca10dfc9aa3f8d77e21429b36c3f9ef.jpg","contentUrl":"https:\/\/tourtravelandmore.com\/wp-content\/uploads\/2016\/03\/2ca10dfc9aa3f8d77e21429b36c3f9ef.jpg","width":1600,"height":900},{"@type":"BreadcrumbList","@id":"https:\/\/tourtravelandmore.com\/fr\/tours\/espagne-fr\/cadiz-fr\/private-sightseeing-tours-fr-8\/excursion-privee-dune-journee-a-cadix-au-depart-de-seville\/#breadcrumb","itemListElement":[{"@type":"ListItem","position":1,"name":"Home","item":"https:\/\/tourtravelandmore.com\/fr\/"},{"@type":"ListItem","position":2,"name":"Tours","item":"https:\/\/tourtravelandmore.com\/fr\/tours\/"},{"@type":"ListItem","position":3,"name":"Excursion priv\u00e9e d&#8217;une journ\u00e9e \u00e0 Cadix au d\u00e9part de S\u00e9ville"}]},{"@type":"WebSite","@id":"https:\/\/tourtravelandmore.com\/fr\/#website","url":"https:\/\/tourtravelandmore.com\/fr\/","name":"Tour Travel And More","description":"Private sightseeing tours and luxury transfers in Spain","publisher":{"@id":"https:\/\/tourtravelandmore.com\/fr\/#organization"},"potentialAction":[{"@type":"SearchAction","target":{"@type":"EntryPoint","urlTemplate":"https:\/\/tourtravelandmore.com\/fr\/?s={search_term_string}"},"query-input":{"@type":"PropertyValueSpecification","valueRequired":true,"valueName":"search_term_string"}}],"inLanguage":"fr-FR"},{"@type":"Organization","@id":"https:\/\/tourtravelandmore.com\/fr\/#organization","name":"Tour Travel And More","url":"https:\/\/tourtravelandmore.com\/fr\/","logo":{"@type":"ImageObject","inLanguage":"fr-FR","@id":"https:\/\/tourtravelandmore.com\/fr\/#\/schema\/logo\/image\/","url":"https:\/\/tourtravelandmore.com\/wp-content\/uploads\/2022\/12\/cropped-logo-cabecera-new.png","contentUrl":"https:\/\/tourtravelandmore.com\/wp-content\/uploads\/2022\/12\/cropped-logo-cabecera-new.png","width":430,"height":61,"caption":"Tour Travel And More"},"image":{"@id":"https:\/\/tourtravelandmore.com\/fr\/#\/schema\/logo\/image\/"},"sameAs":["https:\/\/www.facebook.com\/tourtravelandmore\/","https:\/\/x.com\/TourTravel_More"]}]}},"_links":{"self":[{"href":"https:\/\/tourtravelandmore.com\/fr\/wp-json\/wp\/v2\/product\/99049","targetHints":{"allow":["GET"]}}],"collection":[{"href":"https:\/\/tourtravelandmore.com\/fr\/wp-json\/wp\/v2\/product"}],"about":[{"href":"https:\/\/tourtravelandmore.com\/fr\/wp-json\/wp\/v2\/types\/product"}],"replies":[{"embeddable":true,"href":"https:\/\/tourtravelandmore.com\/fr\/wp-json\/wp\/v2\/comments?post=99049"}],"wp:featuredmedia":[{"embeddable":true,"href":"https:\/\/tourtravelandmore.com\/fr\/wp-json\/wp\/v2\/media\/170982"}],"wp:attachment":[{"href":"https:\/\/tourtravelandmore.com\/fr\/wp-json\/wp\/v2\/media?parent=99049"}],"wp:term":[{"taxonomy":"product_brand","embeddable":true,"href":"https:\/\/tourtravelandmore.com\/fr\/wp-json\/wp\/v2\/product_brand?post=99049"},{"taxonomy":"product_cat","embeddable":true,"href":"https:\/\/tourtravelandmore.com\/fr\/wp-json\/wp\/v2\/product_cat?post=99049"},{"taxonomy":"product_tag","embeddable":true,"href":"https:\/\/tourtravelandmore.com\/fr\/wp-json\/wp\/v2\/product_tag?post=99049"}],"curies":[{"name":"wp","href":"https:\/\/api.w.org\/{rel}","templated":true}]}}