{"id":99044,"date":"2016-03-09T16:14:51","date_gmt":"2016-03-09T15:14:51","guid":{"rendered":"https:\/\/tourtravelandmore.com\/tours\/non%20class\u00e9\/visite-privee-des-villages-blancs-au-depart-de-cadix\/"},"modified":"2024-02-27T14:43:45","modified_gmt":"2024-02-27T13:43:45","slug":"visite-privee-des-villages-blancs-au-depart-de-cadix","status":"publish","type":"product","link":"https:\/\/tourtravelandmore.com\/fr\/tours\/espagne-fr\/cadiz-fr\/private-sightseeing-tours-fr-8\/visite-privee-des-villages-blancs-au-depart-de-cadix\/","title":{"rendered":"Visite priv\u00e9e des villages blancs au d\u00e9part de Cadix"},"content":{"rendered":"<h2>Description<\/h2>\n<p>Prenez un jour de cong\u00e9 pour visiter les villages blancs. Cette visite priv\u00e9e est une excellente exp\u00e9rience pour faire connaissance avec trois des villages blancs d&#8217;Andalousie. Il y a tellement de choses \u00e0 voir.<\/p>\n<p>Nous vous aiderons \u00e0 organiser votre exp\u00e9rience totalement personnalis\u00e9e et unique des Pueblos Blancos.<\/p>\n<p>Cette visite priv\u00e9e commence \u00e0 partir de votre h\u00f4tel ou du port de Cadix. Avec vos experts en voyage, nous organiserons l&#8217;exp\u00e9rience de conna\u00eetre 3 des villages blancs d&#8217;Andalousie.<\/p>\n<p>Votre chauffeur priv\u00e9 et votre guide touristique ind\u00e9pendant viendront vous chercher et nous nous dirigerons vers les villages blancs. Vous aurez \u00e9galement le temps de manger un morceau pour vous familiariser avec la gastronomie locale. Nous partirons ensuite pour retourner \u00e0 Cadix.<\/p>\n<p>La dur\u00e9e de la visite des villages blancs au d\u00e9part de Cadix est de <strong>8 heures<\/strong>. Il s&#8217;agit d&#8217;un service enti\u00e8rement priv\u00e9, vous pouvez choisir l&#8217;heure et le lieu de la prise en charge.<\/p>\n<p>Nous nous concentrerons sur trois Pueblos Blancos : <strong>Arcos de la Frontera, Ubrique, Sierra de Grazalema<\/strong>. Ce sont 3 des plus beaux villages blancs d&#8217;Andalousie.<\/p>\n<h2>Sites d&#8217;int\u00e9r\u00eat et monuments<\/h2>\n<p>Tour Travel &amp; More propose un service o\u00f9, \u00e0 l&#8217;heure choisie, nous venons vous chercher \u00e0 votre h\u00f4tel ou au lieu de votre choix.<br \/>\nNotre premi\u00e8re \u00e9tape sera Arcos de la Frontera, l&#8217;un des plus beaux villages d&#8217;Espagne et la porte d&#8217;entr\u00e9e de la route des villages blancs.<\/p>\n<p>Par des rues \u00e9troites et escarp\u00e9es et sous d&#8217;anciennes arches, le voyageur s&#8217;approche de sa vieille ville, d\u00e9clar\u00e9e site historique, o\u00f9 sont conserv\u00e9s des joyaux monumentaux comme le ch\u00e2teau des ducs (XVe si\u00e8cle), la porte Matrera (XI-XIVe si\u00e8cles) et les vestiges de l&#8217;enceinte fortifi\u00e9e, ses palais et demeures seigneuriales, la basilique de Santa Maria, l&#8217;\u00e9glise de San Pedro, ainsi que de nombreux temples, chapelles et couvents.<\/p>\n<p>Nous continuerons notre visite priv\u00e9e jusqu&#8217;\u00e0 Grazalema, un beau village blanc nich\u00e9 au c\u0153ur de la Sierra de C\u00e1diz. Apr\u00e8s une courte marche, nous reprendrons notre itin\u00e9raire. L&#8217;\u00e9tape suivante sera Ubrique, \u00e0 la convergence des parcs de Grazalema et de Los Alcornocales. Nous nous prom\u00e8nerons dans sa vieille ville m\u00e9di\u00e9vale aux rues \u00e9troites et aux belles places avec des fontaines et des fleurs.<\/p>\n<p>Tout au long de la visite, nous nous arr\u00eaterons pour d\u00e9jeuner dans un endroit typique de la r\u00e9gion, afin de profiter de sa gastronomie.<\/p>\n<p>Si vous disposez de plus de jours dans la ville de Cadix, vous pouvez consulter<a href=\"https:\/\/tourtravelandmore.com\/fr\/city\/espagne-fr\/cadiz-fr\/\"> ici le reste de nos visites priv\u00e9es.<\/a><\/p>\n","protected":false},"excerpt":{"rendered":"<p>Visite priv\u00e9e des villages blancs au d\u00e9part de Cadix. Profitez des monuments et sites les plus importants d&#8217;Andalousie. Choisissez entre:\u00a0Grazalema, Bornos, Ubrique. Une exp\u00e9rience formidable et unique des villages blancs d&#8217;Andalousie.<\/p>\n","protected":false},"featured_media":94633,"comment_status":"open","ping_status":"closed","template":"","meta":{"_acf_changed":false},"product_brand":[],"product_cat":[3572,4200,4198,4199,4201],"product_tag":[],"class_list":{"0":"post-99044","1":"product","2":"type-product","3":"status-publish","4":"has-post-thumbnail","6":"product_cat-cadiz-fr","7":"product_cat-all-private-tours-activities-fr-70","8":"product_cat-private-sightseeing-tours-fr-8","9":"product_cat-private-day-trips-fr-2","10":"product_cat-private-shore-excursions-fr-2","12":"first","13":"instock","14":"shipping-taxable","15":"purchasable","16":"product-type-simple"},"acf":[],"yoast_head":"<!-- This site is optimized with the Yoast SEO Premium plugin v25.3.1 (Yoast SEO v25.3.1) - https:\/\/yoast.com\/wordpress\/plugins\/seo\/ -->\n<title>Visite priv\u00e9e des villages blancs au d\u00e9part de Cadix - V\u00e9hicule de luxe avec chauffeur<\/title>\n<meta name=\"description\" content=\"Visite priv\u00e9e des villages blancs au d\u00e9part de Cadix. Profitez des monuments et sites les plus importants d&#039;Andalousie. Choisissez entre: Ronda, Grazalema, Bornos, Ubrique.\" \/>\n<meta name=\"robots\" content=\"index, follow, max-snippet:-1, max-image-preview:large, max-video-preview:-1\" \/>\n<link rel=\"canonical\" href=\"https:\/\/tourtravelandmore.com\/fr\/tours\/espagne-fr\/cadiz-fr\/private-sightseeing-tours-fr-8\/visite-privee-des-villages-blancs-au-depart-de-cadix\/\" \/>\n<meta property=\"og:locale\" content=\"fr_FR\" \/>\n<meta property=\"og:type\" content=\"article\" \/>\n<meta property=\"og:title\" content=\"Visite priv\u00e9e des villages blancs au d\u00e9part de Cadix\" \/>\n<meta property=\"og:description\" content=\"Visite priv\u00e9e des villages blancs au d\u00e9part de Cadix. Profitez des monuments et sites les plus importants d&#039;Andalousie. Choisissez entre: Ronda, Grazalema, Bornos, Ubrique.\" \/>\n<meta property=\"og:url\" content=\"https:\/\/tourtravelandmore.com\/fr\/tours\/espagne-fr\/cadiz-fr\/private-sightseeing-tours-fr-8\/visite-privee-des-villages-blancs-au-depart-de-cadix\/\" \/>\n<meta property=\"og:site_name\" content=\"Tour Travel And More\" \/>\n<meta property=\"article:publisher\" content=\"https:\/\/www.facebook.com\/tourtravelandmore\/\" \/>\n<meta property=\"article:modified_time\" content=\"2024-02-27T13:43:45+00:00\" \/>\n<meta property=\"og:image\" content=\"https:\/\/tourtravelandmore.com\/wp-content\/uploads\/2016\/03\/arcos-de-la-frontera.jpg\" \/>\n\t<meta property=\"og:image:width\" content=\"1024\" \/>\n\t<meta property=\"og:image:height\" content=\"761\" \/>\n\t<meta property=\"og:image:type\" content=\"image\/jpeg\" \/>\n<meta name=\"twitter:card\" content=\"summary_large_image\" \/>\n<meta name=\"twitter:site\" content=\"@TourTravel_More\" \/>\n<meta name=\"twitter:label1\" content=\"Dur\u00e9e de lecture estim\u00e9e\" \/>\n\t<meta name=\"twitter:data1\" content=\"2 minutes\" \/>\n<script type=\"application\/ld+json\" class=\"yoast-schema-graph\">{\"@context\":\"https:\/\/schema.org\",\"@graph\":[{\"@type\":\"WebPage\",\"@id\":\"https:\/\/tourtravelandmore.com\/fr\/tours\/espagne-fr\/cadiz-fr\/private-sightseeing-tours-fr-8\/visite-privee-des-villages-blancs-au-depart-de-cadix\/\",\"url\":\"https:\/\/tourtravelandmore.com\/fr\/tours\/espagne-fr\/cadiz-fr\/private-sightseeing-tours-fr-8\/visite-privee-des-villages-blancs-au-depart-de-cadix\/\",\"name\":\"Visite priv\u00e9e des villages blancs au d\u00e9part de Cadix - V\u00e9hicule de luxe avec chauffeur\",\"isPartOf\":{\"@id\":\"https:\/\/tourtravelandmore.com\/fr\/#website\"},\"primaryImageOfPage\":{\"@id\":\"https:\/\/tourtravelandmore.com\/fr\/tours\/espagne-fr\/cadiz-fr\/private-sightseeing-tours-fr-8\/visite-privee-des-villages-blancs-au-depart-de-cadix\/#primaryimage\"},\"image\":{\"@id\":\"https:\/\/tourtravelandmore.com\/fr\/tours\/espagne-fr\/cadiz-fr\/private-sightseeing-tours-fr-8\/visite-privee-des-villages-blancs-au-depart-de-cadix\/#primaryimage\"},\"thumbnailUrl\":\"https:\/\/tourtravelandmore.com\/wp-content\/uploads\/2016\/03\/arcos-de-la-frontera.jpg\",\"datePublished\":\"2016-03-09T15:14:51+00:00\",\"dateModified\":\"2024-02-27T13:43:45+00:00\",\"description\":\"Visite priv\u00e9e des villages blancs au d\u00e9part de Cadix. Profitez des monuments et sites les plus importants d'Andalousie. Choisissez entre: Ronda, Grazalema, Bornos, Ubrique.\",\"breadcrumb\":{\"@id\":\"https:\/\/tourtravelandmore.com\/fr\/tours\/espagne-fr\/cadiz-fr\/private-sightseeing-tours-fr-8\/visite-privee-des-villages-blancs-au-depart-de-cadix\/#breadcrumb\"},\"inLanguage\":\"fr-FR\",\"potentialAction\":[{\"@type\":\"ReadAction\",\"target\":[\"https:\/\/tourtravelandmore.com\/fr\/tours\/espagne-fr\/cadiz-fr\/private-sightseeing-tours-fr-8\/visite-privee-des-villages-blancs-au-depart-de-cadix\/\"]}]},{\"@type\":\"ImageObject\",\"inLanguage\":\"fr-FR\",\"@id\":\"https:\/\/tourtravelandmore.com\/fr\/tours\/espagne-fr\/cadiz-fr\/private-sightseeing-tours-fr-8\/visite-privee-des-villages-blancs-au-depart-de-cadix\/#primaryimage\",\"url\":\"https:\/\/tourtravelandmore.com\/wp-content\/uploads\/2016\/03\/arcos-de-la-frontera.jpg\",\"contentUrl\":\"https:\/\/tourtravelandmore.com\/wp-content\/uploads\/2016\/03\/arcos-de-la-frontera.jpg\",\"width\":1024,\"height\":761},{\"@type\":\"BreadcrumbList\",\"@id\":\"https:\/\/tourtravelandmore.com\/fr\/tours\/espagne-fr\/cadiz-fr\/private-sightseeing-tours-fr-8\/visite-privee-des-villages-blancs-au-depart-de-cadix\/#breadcrumb\",\"itemListElement\":[{\"@type\":\"ListItem\",\"position\":1,\"name\":\"Home\",\"item\":\"https:\/\/tourtravelandmore.com\/fr\/\"},{\"@type\":\"ListItem\",\"position\":2,\"name\":\"Tours\",\"item\":\"https:\/\/tourtravelandmore.com\/fr\/tours\/\"},{\"@type\":\"ListItem\",\"position\":3,\"name\":\"Visite priv\u00e9e des villages blancs au d\u00e9part de Cadix\"}]},{\"@type\":\"WebSite\",\"@id\":\"https:\/\/tourtravelandmore.com\/fr\/#website\",\"url\":\"https:\/\/tourtravelandmore.com\/fr\/\",\"name\":\"Tour Travel And More\",\"description\":\"Private sightseeing tours and luxury transfers in Spain\",\"publisher\":{\"@id\":\"https:\/\/tourtravelandmore.com\/fr\/#organization\"},\"potentialAction\":[{\"@type\":\"SearchAction\",\"target\":{\"@type\":\"EntryPoint\",\"urlTemplate\":\"https:\/\/tourtravelandmore.com\/fr\/?s={search_term_string}\"},\"query-input\":{\"@type\":\"PropertyValueSpecification\",\"valueRequired\":true,\"valueName\":\"search_term_string\"}}],\"inLanguage\":\"fr-FR\"},{\"@type\":\"Organization\",\"@id\":\"https:\/\/tourtravelandmore.com\/fr\/#organization\",\"name\":\"Tour Travel And More\",\"url\":\"https:\/\/tourtravelandmore.com\/fr\/\",\"logo\":{\"@type\":\"ImageObject\",\"inLanguage\":\"fr-FR\",\"@id\":\"https:\/\/tourtravelandmore.com\/fr\/#\/schema\/logo\/image\/\",\"url\":\"https:\/\/tourtravelandmore.com\/wp-content\/uploads\/2022\/12\/cropped-logo-cabecera-new.png\",\"contentUrl\":\"https:\/\/tourtravelandmore.com\/wp-content\/uploads\/2022\/12\/cropped-logo-cabecera-new.png\",\"width\":430,\"height\":61,\"caption\":\"Tour Travel And More\"},\"image\":{\"@id\":\"https:\/\/tourtravelandmore.com\/fr\/#\/schema\/logo\/image\/\"},\"sameAs\":[\"https:\/\/www.facebook.com\/tourtravelandmore\/\",\"https:\/\/x.com\/TourTravel_More\"]}]}<\/script>\n<!-- \/ Yoast SEO Premium plugin. -->","yoast_head_json":{"title":"Visite priv\u00e9e des villages blancs au d\u00e9part de Cadix - V\u00e9hicule de luxe avec chauffeur","description":"Visite priv\u00e9e des villages blancs au d\u00e9part de Cadix. Profitez des monuments et sites les plus importants d'Andalousie. Choisissez entre: Ronda, Grazalema, Bornos, Ubrique.","robots":{"index":"index","follow":"follow","max-snippet":"max-snippet:-1","max-image-preview":"max-image-preview:large","max-video-preview":"max-video-preview:-1"},"canonical":"https:\/\/tourtravelandmore.com\/fr\/tours\/espagne-fr\/cadiz-fr\/private-sightseeing-tours-fr-8\/visite-privee-des-villages-blancs-au-depart-de-cadix\/","og_locale":"fr_FR","og_type":"article","og_title":"Visite priv\u00e9e des villages blancs au d\u00e9part de Cadix","og_description":"Visite priv\u00e9e des villages blancs au d\u00e9part de Cadix. Profitez des monuments et sites les plus importants d'Andalousie. Choisissez entre: Ronda, Grazalema, Bornos, Ubrique.","og_url":"https:\/\/tourtravelandmore.com\/fr\/tours\/espagne-fr\/cadiz-fr\/private-sightseeing-tours-fr-8\/visite-privee-des-villages-blancs-au-depart-de-cadix\/","og_site_name":"Tour Travel And More","article_publisher":"https:\/\/www.facebook.com\/tourtravelandmore\/","article_modified_time":"2024-02-27T13:43:45+00:00","og_image":[{"width":1024,"height":761,"url":"https:\/\/tourtravelandmore.com\/wp-content\/uploads\/2016\/03\/arcos-de-la-frontera.jpg","type":"image\/jpeg"}],"twitter_card":"summary_large_image","twitter_site":"@TourTravel_More","twitter_misc":{"Dur\u00e9e de lecture estim\u00e9e":"2 minutes"},"schema":{"@context":"https:\/\/schema.org","@graph":[{"@type":"WebPage","@id":"https:\/\/tourtravelandmore.com\/fr\/tours\/espagne-fr\/cadiz-fr\/private-sightseeing-tours-fr-8\/visite-privee-des-villages-blancs-au-depart-de-cadix\/","url":"https:\/\/tourtravelandmore.com\/fr\/tours\/espagne-fr\/cadiz-fr\/private-sightseeing-tours-fr-8\/visite-privee-des-villages-blancs-au-depart-de-cadix\/","name":"Visite priv\u00e9e des villages blancs au d\u00e9part de Cadix - V\u00e9hicule de luxe avec chauffeur","isPartOf":{"@id":"https:\/\/tourtravelandmore.com\/fr\/#website"},"primaryImageOfPage":{"@id":"https:\/\/tourtravelandmore.com\/fr\/tours\/espagne-fr\/cadiz-fr\/private-sightseeing-tours-fr-8\/visite-privee-des-villages-blancs-au-depart-de-cadix\/#primaryimage"},"image":{"@id":"https:\/\/tourtravelandmore.com\/fr\/tours\/espagne-fr\/cadiz-fr\/private-sightseeing-tours-fr-8\/visite-privee-des-villages-blancs-au-depart-de-cadix\/#primaryimage"},"thumbnailUrl":"https:\/\/tourtravelandmore.com\/wp-content\/uploads\/2016\/03\/arcos-de-la-frontera.jpg","datePublished":"2016-03-09T15:14:51+00:00","dateModified":"2024-02-27T13:43:45+00:00","description":"Visite priv\u00e9e des villages blancs au d\u00e9part de Cadix. Profitez des monuments et sites les plus importants d'Andalousie. Choisissez entre: Ronda, Grazalema, Bornos, Ubrique.","breadcrumb":{"@id":"https:\/\/tourtravelandmore.com\/fr\/tours\/espagne-fr\/cadiz-fr\/private-sightseeing-tours-fr-8\/visite-privee-des-villages-blancs-au-depart-de-cadix\/#breadcrumb"},"inLanguage":"fr-FR","potentialAction":[{"@type":"ReadAction","target":["https:\/\/tourtravelandmore.com\/fr\/tours\/espagne-fr\/cadiz-fr\/private-sightseeing-tours-fr-8\/visite-privee-des-villages-blancs-au-depart-de-cadix\/"]}]},{"@type":"ImageObject","inLanguage":"fr-FR","@id":"https:\/\/tourtravelandmore.com\/fr\/tours\/espagne-fr\/cadiz-fr\/private-sightseeing-tours-fr-8\/visite-privee-des-villages-blancs-au-depart-de-cadix\/#primaryimage","url":"https:\/\/tourtravelandmore.com\/wp-content\/uploads\/2016\/03\/arcos-de-la-frontera.jpg","contentUrl":"https:\/\/tourtravelandmore.com\/wp-content\/uploads\/2016\/03\/arcos-de-la-frontera.jpg","width":1024,"height":761},{"@type":"BreadcrumbList","@id":"https:\/\/tourtravelandmore.com\/fr\/tours\/espagne-fr\/cadiz-fr\/private-sightseeing-tours-fr-8\/visite-privee-des-villages-blancs-au-depart-de-cadix\/#breadcrumb","itemListElement":[{"@type":"ListItem","position":1,"name":"Home","item":"https:\/\/tourtravelandmore.com\/fr\/"},{"@type":"ListItem","position":2,"name":"Tours","item":"https:\/\/tourtravelandmore.com\/fr\/tours\/"},{"@type":"ListItem","position":3,"name":"Visite priv\u00e9e des villages blancs au d\u00e9part de Cadix"}]},{"@type":"WebSite","@id":"https:\/\/tourtravelandmore.com\/fr\/#website","url":"https:\/\/tourtravelandmore.com\/fr\/","name":"Tour Travel And More","description":"Private sightseeing tours and luxury transfers in Spain","publisher":{"@id":"https:\/\/tourtravelandmore.com\/fr\/#organization"},"potentialAction":[{"@type":"SearchAction","target":{"@type":"EntryPoint","urlTemplate":"https:\/\/tourtravelandmore.com\/fr\/?s={search_term_string}"},"query-input":{"@type":"PropertyValueSpecification","valueRequired":true,"valueName":"search_term_string"}}],"inLanguage":"fr-FR"},{"@type":"Organization","@id":"https:\/\/tourtravelandmore.com\/fr\/#organization","name":"Tour Travel And More","url":"https:\/\/tourtravelandmore.com\/fr\/","logo":{"@type":"ImageObject","inLanguage":"fr-FR","@id":"https:\/\/tourtravelandmore.com\/fr\/#\/schema\/logo\/image\/","url":"https:\/\/tourtravelandmore.com\/wp-content\/uploads\/2022\/12\/cropped-logo-cabecera-new.png","contentUrl":"https:\/\/tourtravelandmore.com\/wp-content\/uploads\/2022\/12\/cropped-logo-cabecera-new.png","width":430,"height":61,"caption":"Tour Travel And More"},"image":{"@id":"https:\/\/tourtravelandmore.com\/fr\/#\/schema\/logo\/image\/"},"sameAs":["https:\/\/www.facebook.com\/tourtravelandmore\/","https:\/\/x.com\/TourTravel_More"]}]}},"_links":{"self":[{"href":"https:\/\/tourtravelandmore.com\/fr\/wp-json\/wp\/v2\/product\/99044","targetHints":{"allow":["GET"]}}],"collection":[{"href":"https:\/\/tourtravelandmore.com\/fr\/wp-json\/wp\/v2\/product"}],"about":[{"href":"https:\/\/tourtravelandmore.com\/fr\/wp-json\/wp\/v2\/types\/product"}],"replies":[{"embeddable":true,"href":"https:\/\/tourtravelandmore.com\/fr\/wp-json\/wp\/v2\/comments?post=99044"}],"wp:featuredmedia":[{"embeddable":true,"href":"https:\/\/tourtravelandmore.com\/fr\/wp-json\/wp\/v2\/media\/94633"}],"wp:attachment":[{"href":"https:\/\/tourtravelandmore.com\/fr\/wp-json\/wp\/v2\/media?parent=99044"}],"wp:term":[{"taxonomy":"product_brand","embeddable":true,"href":"https:\/\/tourtravelandmore.com\/fr\/wp-json\/wp\/v2\/product_brand?post=99044"},{"taxonomy":"product_cat","embeddable":true,"href":"https:\/\/tourtravelandmore.com\/fr\/wp-json\/wp\/v2\/product_cat?post=99044"},{"taxonomy":"product_tag","embeddable":true,"href":"https:\/\/tourtravelandmore.com\/fr\/wp-json\/wp\/v2\/product_tag?post=99044"}],"curies":[{"name":"wp","href":"https:\/\/api.w.org\/{rel}","templated":true}]}}