{"id":99007,"date":"2019-08-27T18:30:34","date_gmt":"2019-08-27T16:30:34","guid":{"rendered":"https:\/\/tourtravelandmore.com\/tours\/non%20class\u00e9\/visite-privee-a-pied-des-catacombes\/"},"modified":"2023-02-14T14:52:05","modified_gmt":"2023-02-14T13:52:05","slug":"visite-privee-a-pied-des-catacombes","status":"publish","type":"product","link":"https:\/\/tourtravelandmore.com\/fr\/tours\/france-fr\/paris-fr\/all-private-tours-and-activities-fr-100\/visite-privee-a-pied-des-catacombes\/","title":{"rendered":"Visite priv\u00e9e \u00e0 pied des catacombes"},"content":{"rendered":"<h2><strong>La description<\/strong><\/h2>\n<p>L&#8217;existence des <strong>Catacombes<\/strong> de <strong>Paris<\/strong> remonte au <strong>XVIIIe<\/strong> si\u00e8cle. \u00c0 <strong>l&#8217;\u00e9poque,<\/strong> en raison de probl\u00e8mes majeurs de sant\u00e9 publique, les cimeti\u00e8res ont \u00e9t\u00e9 transf\u00e9r\u00e9s dans le m\u00e9tro. Au cours de cette visite priv\u00e9e, vous pourrez visiter cette zone souterraine avec un expert local. D\u00e9couvrez ce site historique, son ossuaire et son architecture lors d&#8217;une visite priv\u00e9e \u00e0 pied des Catacombes de Paris.<\/p>\n<p>Tout d&#8217;abord, vous rencontrerez votre guide dans votre h\u00f4tel central ou directement \u00e0 <strong>l&#8217;entr\u00e9e<\/strong> des <strong>catacombes.<\/strong> Apr\u00e8s cela, vous commencerez votre visite guid\u00e9e du site. Au cours de votre visite, vous d\u00e9couvrirez l&#8217;histoire du site, pourquoi et comment il a \u00e9t\u00e9 cr\u00e9\u00e9. Vous apprendrez pourquoi les autorit\u00e9s locales ont d\u00e9cid\u00e9 de d\u00e9placer certains cimeti\u00e8res vers les souterrains.<\/p>\n<p>Toutes nos visites sont priv\u00e9es et sur mesure. Contactez-nous et nous vous aiderons \u00e0 organiser une exp\u00e9rience personnalis\u00e9e \u00e0 Paris.<\/p>\n<h2><strong>Sites d&#8217;int\u00e9r\u00eat et points de rep\u00e8re<\/strong><\/h2>\n<p>Notre visite priv\u00e9e \u00e0 pied des catacombes de <strong>Paris<\/strong> commence sur la place <strong>Denfert-Rochereau,<\/strong> d&#8217;o\u00f9 vous marcherez jusqu&#8217;\u00e0 l&#8217;entr\u00e9e des catacombes. Apr\u00e8s cela, vous descendrez <strong>20 m\u00e8tres<\/strong> sous terre et vous vous \u00e9merveillerez autour de <strong>1,5 km<\/strong> de galeries souterraines pleines d&#8217;histoires int\u00e9ressantes. Avec votre guide priv\u00e9, vous d\u00e9couvrirez ses tunnels et vous efforcerez de visiter des zones d&#8217;acc\u00e8s exclusif.<\/p>\n<p>Tout d&#8217;abord, vous admirerez de nombreuses inscriptions anciennes \u00e0 travers ses tunnels. Vous verrez les noms de rues, les panneaux laiss\u00e9s par les ouvriers et les piliers en pierre de <strong>l&#8217;\u00e9poque m\u00e9di\u00e9vale.<\/strong><\/p>\n<p>Nous continuerons le voyage vers l&#8217;attraction la plus pertinente: la zone de l&#8217;ossuaire. Cette zone fut ouverte au public en <strong>1809<\/strong> et devint instantan\u00e9ment un succ\u00e8s. En marchant, nous continuerons jusqu&#8217;\u00e0 la <strong>fontaine Samaritain,<\/strong> un puits circulaire utilis\u00e9 par les travailleurs de la carri\u00e8re pour la pr\u00e9paration du mortier. Suivi de la r\u00e9gion de la R\u00e9volution fran\u00e7aise et enfin de l&#8217;impressionnant Barrel, un \u00e9norme pilier couvert d&#8217;ossements.<\/p>\n<p>La visite des Catacombes a une dur\u00e9e d&#8217;environ <strong>2 heures.<\/strong><\/p>\n","protected":false},"excerpt":{"rendered":"<p>Visitez les catacombes de Paris avec un expert local. Explorez et d\u00e9couvrez ses c\u00e9l\u00e8bres tunnels et monuments lors de cette visite priv\u00e9e \u00e0 pied avec un guide officiel.<\/p>\n","protected":false},"featured_media":98182,"comment_status":"open","ping_status":"closed","template":"","meta":{"_acf_changed":false},"product_brand":[],"product_cat":[3542,4203,4288,4297],"product_tag":[],"class_list":{"0":"post-99007","1":"product","2":"type-product","3":"status-publish","4":"has-post-thumbnail","6":"product_cat-paris-fr","7":"product_cat-all-private-tours-and-activities-fr-100","8":"product_cat-private-sightseeing-tours-fr-7-paris-fr","9":"product_cat-private-walking-tours-fr-4-paris-fr","11":"first","12":"instock","13":"shipping-taxable","14":"purchasable","15":"product-type-simple"},"acf":[],"yoast_head":"<!-- This site is optimized with the Yoast SEO Premium plugin v25.3.1 (Yoast SEO v25.3.1) - https:\/\/yoast.com\/wordpress\/plugins\/seo\/ -->\n<title>Visite priv\u00e9e \u00e0 pied des catacombes de Paris | TTM<\/title>\n<meta name=\"description\" content=\"Profitez de notre visite priv\u00e9e \u00e0 pied des catacombes de Paris. Explorez ses c\u00e9l\u00e8bres tunnels et monuments lors de cette visite priv\u00e9e \u00e0 pied avec un guide.\" \/>\n<meta name=\"robots\" content=\"index, follow, max-snippet:-1, max-image-preview:large, max-video-preview:-1\" \/>\n<link rel=\"canonical\" href=\"https:\/\/tourtravelandmore.com\/fr\/tours\/france-fr\/paris-fr\/all-private-tours-and-activities-fr-100\/visite-privee-a-pied-des-catacombes\/\" \/>\n<meta property=\"og:locale\" content=\"fr_FR\" \/>\n<meta property=\"og:type\" content=\"article\" \/>\n<meta property=\"og:title\" content=\"Visite priv\u00e9e \u00e0 pied des catacombes\" \/>\n<meta property=\"og:description\" content=\"Profitez de notre visite priv\u00e9e \u00e0 pied des catacombes de Paris. Explorez ses c\u00e9l\u00e8bres tunnels et monuments lors de cette visite priv\u00e9e \u00e0 pied avec un guide.\" \/>\n<meta property=\"og:url\" content=\"https:\/\/tourtravelandmore.com\/fr\/tours\/france-fr\/paris-fr\/all-private-tours-and-activities-fr-100\/visite-privee-a-pied-des-catacombes\/\" \/>\n<meta property=\"og:site_name\" content=\"Tour Travel And More\" \/>\n<meta property=\"article:publisher\" content=\"https:\/\/www.facebook.com\/tourtravelandmore\/\" \/>\n<meta property=\"article:modified_time\" content=\"2023-02-14T13:52:05+00:00\" \/>\n<meta property=\"og:image\" content=\"https:\/\/tourtravelandmore.com\/wp-content\/uploads\/2019\/08\/paris-catacumbas-2-min.jpg\" \/>\n\t<meta property=\"og:image:width\" content=\"1024\" \/>\n\t<meta property=\"og:image:height\" content=\"768\" \/>\n\t<meta property=\"og:image:type\" content=\"image\/jpeg\" \/>\n<meta name=\"twitter:card\" content=\"summary_large_image\" \/>\n<meta name=\"twitter:site\" content=\"@TourTravel_More\" \/>\n<meta name=\"twitter:label1\" content=\"Dur\u00e9e de lecture estim\u00e9e\" \/>\n\t<meta name=\"twitter:data1\" content=\"2 minutes\" \/>\n<script type=\"application\/ld+json\" class=\"yoast-schema-graph\">{\"@context\":\"https:\/\/schema.org\",\"@graph\":[{\"@type\":\"WebPage\",\"@id\":\"https:\/\/tourtravelandmore.com\/fr\/tours\/france-fr\/paris-fr\/all-private-tours-and-activities-fr-100\/visite-privee-a-pied-des-catacombes\/\",\"url\":\"https:\/\/tourtravelandmore.com\/fr\/tours\/france-fr\/paris-fr\/all-private-tours-and-activities-fr-100\/visite-privee-a-pied-des-catacombes\/\",\"name\":\"Visite priv\u00e9e \u00e0 pied des catacombes de Paris | TTM\",\"isPartOf\":{\"@id\":\"https:\/\/tourtravelandmore.com\/fr\/#website\"},\"primaryImageOfPage\":{\"@id\":\"https:\/\/tourtravelandmore.com\/fr\/tours\/france-fr\/paris-fr\/all-private-tours-and-activities-fr-100\/visite-privee-a-pied-des-catacombes\/#primaryimage\"},\"image\":{\"@id\":\"https:\/\/tourtravelandmore.com\/fr\/tours\/france-fr\/paris-fr\/all-private-tours-and-activities-fr-100\/visite-privee-a-pied-des-catacombes\/#primaryimage\"},\"thumbnailUrl\":\"https:\/\/tourtravelandmore.com\/wp-content\/uploads\/2019\/08\/paris-catacumbas-2-min.jpg\",\"datePublished\":\"2019-08-27T16:30:34+00:00\",\"dateModified\":\"2023-02-14T13:52:05+00:00\",\"description\":\"Profitez de notre visite priv\u00e9e \u00e0 pied des catacombes de Paris. Explorez ses c\u00e9l\u00e8bres tunnels et monuments lors de cette visite priv\u00e9e \u00e0 pied avec un guide.\",\"breadcrumb\":{\"@id\":\"https:\/\/tourtravelandmore.com\/fr\/tours\/france-fr\/paris-fr\/all-private-tours-and-activities-fr-100\/visite-privee-a-pied-des-catacombes\/#breadcrumb\"},\"inLanguage\":\"fr-FR\",\"potentialAction\":[{\"@type\":\"ReadAction\",\"target\":[\"https:\/\/tourtravelandmore.com\/fr\/tours\/france-fr\/paris-fr\/all-private-tours-and-activities-fr-100\/visite-privee-a-pied-des-catacombes\/\"]}]},{\"@type\":\"ImageObject\",\"inLanguage\":\"fr-FR\",\"@id\":\"https:\/\/tourtravelandmore.com\/fr\/tours\/france-fr\/paris-fr\/all-private-tours-and-activities-fr-100\/visite-privee-a-pied-des-catacombes\/#primaryimage\",\"url\":\"https:\/\/tourtravelandmore.com\/wp-content\/uploads\/2019\/08\/paris-catacumbas-2-min.jpg\",\"contentUrl\":\"https:\/\/tourtravelandmore.com\/wp-content\/uploads\/2019\/08\/paris-catacumbas-2-min.jpg\",\"width\":1024,\"height\":768,\"caption\":\"Paris ossuary\"},{\"@type\":\"BreadcrumbList\",\"@id\":\"https:\/\/tourtravelandmore.com\/fr\/tours\/france-fr\/paris-fr\/all-private-tours-and-activities-fr-100\/visite-privee-a-pied-des-catacombes\/#breadcrumb\",\"itemListElement\":[{\"@type\":\"ListItem\",\"position\":1,\"name\":\"Home\",\"item\":\"https:\/\/tourtravelandmore.com\/fr\/\"},{\"@type\":\"ListItem\",\"position\":2,\"name\":\"Tours\",\"item\":\"https:\/\/tourtravelandmore.com\/fr\/tours\/\"},{\"@type\":\"ListItem\",\"position\":3,\"name\":\"Visite priv\u00e9e \u00e0 pied des catacombes\"}]},{\"@type\":\"WebSite\",\"@id\":\"https:\/\/tourtravelandmore.com\/fr\/#website\",\"url\":\"https:\/\/tourtravelandmore.com\/fr\/\",\"name\":\"Tour Travel And More\",\"description\":\"Private sightseeing tours and luxury transfers in Spain\",\"publisher\":{\"@id\":\"https:\/\/tourtravelandmore.com\/fr\/#organization\"},\"potentialAction\":[{\"@type\":\"SearchAction\",\"target\":{\"@type\":\"EntryPoint\",\"urlTemplate\":\"https:\/\/tourtravelandmore.com\/fr\/?s={search_term_string}\"},\"query-input\":{\"@type\":\"PropertyValueSpecification\",\"valueRequired\":true,\"valueName\":\"search_term_string\"}}],\"inLanguage\":\"fr-FR\"},{\"@type\":\"Organization\",\"@id\":\"https:\/\/tourtravelandmore.com\/fr\/#organization\",\"name\":\"Tour Travel And More\",\"url\":\"https:\/\/tourtravelandmore.com\/fr\/\",\"logo\":{\"@type\":\"ImageObject\",\"inLanguage\":\"fr-FR\",\"@id\":\"https:\/\/tourtravelandmore.com\/fr\/#\/schema\/logo\/image\/\",\"url\":\"https:\/\/tourtravelandmore.com\/wp-content\/uploads\/2022\/12\/cropped-logo-cabecera-new.png\",\"contentUrl\":\"https:\/\/tourtravelandmore.com\/wp-content\/uploads\/2022\/12\/cropped-logo-cabecera-new.png\",\"width\":430,\"height\":61,\"caption\":\"Tour Travel And More\"},\"image\":{\"@id\":\"https:\/\/tourtravelandmore.com\/fr\/#\/schema\/logo\/image\/\"},\"sameAs\":[\"https:\/\/www.facebook.com\/tourtravelandmore\/\",\"https:\/\/x.com\/TourTravel_More\"]}]}<\/script>\n<!-- \/ Yoast SEO Premium plugin. -->","yoast_head_json":{"title":"Visite priv\u00e9e \u00e0 pied des catacombes de Paris | TTM","description":"Profitez de notre visite priv\u00e9e \u00e0 pied des catacombes de Paris. Explorez ses c\u00e9l\u00e8bres tunnels et monuments lors de cette visite priv\u00e9e \u00e0 pied avec un guide.","robots":{"index":"index","follow":"follow","max-snippet":"max-snippet:-1","max-image-preview":"max-image-preview:large","max-video-preview":"max-video-preview:-1"},"canonical":"https:\/\/tourtravelandmore.com\/fr\/tours\/france-fr\/paris-fr\/all-private-tours-and-activities-fr-100\/visite-privee-a-pied-des-catacombes\/","og_locale":"fr_FR","og_type":"article","og_title":"Visite priv\u00e9e \u00e0 pied des catacombes","og_description":"Profitez de notre visite priv\u00e9e \u00e0 pied des catacombes de Paris. Explorez ses c\u00e9l\u00e8bres tunnels et monuments lors de cette visite priv\u00e9e \u00e0 pied avec un guide.","og_url":"https:\/\/tourtravelandmore.com\/fr\/tours\/france-fr\/paris-fr\/all-private-tours-and-activities-fr-100\/visite-privee-a-pied-des-catacombes\/","og_site_name":"Tour Travel And More","article_publisher":"https:\/\/www.facebook.com\/tourtravelandmore\/","article_modified_time":"2023-02-14T13:52:05+00:00","og_image":[{"width":1024,"height":768,"url":"https:\/\/tourtravelandmore.com\/wp-content\/uploads\/2019\/08\/paris-catacumbas-2-min.jpg","type":"image\/jpeg"}],"twitter_card":"summary_large_image","twitter_site":"@TourTravel_More","twitter_misc":{"Dur\u00e9e de lecture estim\u00e9e":"2 minutes"},"schema":{"@context":"https:\/\/schema.org","@graph":[{"@type":"WebPage","@id":"https:\/\/tourtravelandmore.com\/fr\/tours\/france-fr\/paris-fr\/all-private-tours-and-activities-fr-100\/visite-privee-a-pied-des-catacombes\/","url":"https:\/\/tourtravelandmore.com\/fr\/tours\/france-fr\/paris-fr\/all-private-tours-and-activities-fr-100\/visite-privee-a-pied-des-catacombes\/","name":"Visite priv\u00e9e \u00e0 pied des catacombes de Paris | TTM","isPartOf":{"@id":"https:\/\/tourtravelandmore.com\/fr\/#website"},"primaryImageOfPage":{"@id":"https:\/\/tourtravelandmore.com\/fr\/tours\/france-fr\/paris-fr\/all-private-tours-and-activities-fr-100\/visite-privee-a-pied-des-catacombes\/#primaryimage"},"image":{"@id":"https:\/\/tourtravelandmore.com\/fr\/tours\/france-fr\/paris-fr\/all-private-tours-and-activities-fr-100\/visite-privee-a-pied-des-catacombes\/#primaryimage"},"thumbnailUrl":"https:\/\/tourtravelandmore.com\/wp-content\/uploads\/2019\/08\/paris-catacumbas-2-min.jpg","datePublished":"2019-08-27T16:30:34+00:00","dateModified":"2023-02-14T13:52:05+00:00","description":"Profitez de notre visite priv\u00e9e \u00e0 pied des catacombes de Paris. Explorez ses c\u00e9l\u00e8bres tunnels et monuments lors de cette visite priv\u00e9e \u00e0 pied avec un guide.","breadcrumb":{"@id":"https:\/\/tourtravelandmore.com\/fr\/tours\/france-fr\/paris-fr\/all-private-tours-and-activities-fr-100\/visite-privee-a-pied-des-catacombes\/#breadcrumb"},"inLanguage":"fr-FR","potentialAction":[{"@type":"ReadAction","target":["https:\/\/tourtravelandmore.com\/fr\/tours\/france-fr\/paris-fr\/all-private-tours-and-activities-fr-100\/visite-privee-a-pied-des-catacombes\/"]}]},{"@type":"ImageObject","inLanguage":"fr-FR","@id":"https:\/\/tourtravelandmore.com\/fr\/tours\/france-fr\/paris-fr\/all-private-tours-and-activities-fr-100\/visite-privee-a-pied-des-catacombes\/#primaryimage","url":"https:\/\/tourtravelandmore.com\/wp-content\/uploads\/2019\/08\/paris-catacumbas-2-min.jpg","contentUrl":"https:\/\/tourtravelandmore.com\/wp-content\/uploads\/2019\/08\/paris-catacumbas-2-min.jpg","width":1024,"height":768,"caption":"Paris ossuary"},{"@type":"BreadcrumbList","@id":"https:\/\/tourtravelandmore.com\/fr\/tours\/france-fr\/paris-fr\/all-private-tours-and-activities-fr-100\/visite-privee-a-pied-des-catacombes\/#breadcrumb","itemListElement":[{"@type":"ListItem","position":1,"name":"Home","item":"https:\/\/tourtravelandmore.com\/fr\/"},{"@type":"ListItem","position":2,"name":"Tours","item":"https:\/\/tourtravelandmore.com\/fr\/tours\/"},{"@type":"ListItem","position":3,"name":"Visite priv\u00e9e \u00e0 pied des catacombes"}]},{"@type":"WebSite","@id":"https:\/\/tourtravelandmore.com\/fr\/#website","url":"https:\/\/tourtravelandmore.com\/fr\/","name":"Tour Travel And More","description":"Private sightseeing tours and luxury transfers in Spain","publisher":{"@id":"https:\/\/tourtravelandmore.com\/fr\/#organization"},"potentialAction":[{"@type":"SearchAction","target":{"@type":"EntryPoint","urlTemplate":"https:\/\/tourtravelandmore.com\/fr\/?s={search_term_string}"},"query-input":{"@type":"PropertyValueSpecification","valueRequired":true,"valueName":"search_term_string"}}],"inLanguage":"fr-FR"},{"@type":"Organization","@id":"https:\/\/tourtravelandmore.com\/fr\/#organization","name":"Tour Travel And More","url":"https:\/\/tourtravelandmore.com\/fr\/","logo":{"@type":"ImageObject","inLanguage":"fr-FR","@id":"https:\/\/tourtravelandmore.com\/fr\/#\/schema\/logo\/image\/","url":"https:\/\/tourtravelandmore.com\/wp-content\/uploads\/2022\/12\/cropped-logo-cabecera-new.png","contentUrl":"https:\/\/tourtravelandmore.com\/wp-content\/uploads\/2022\/12\/cropped-logo-cabecera-new.png","width":430,"height":61,"caption":"Tour Travel And More"},"image":{"@id":"https:\/\/tourtravelandmore.com\/fr\/#\/schema\/logo\/image\/"},"sameAs":["https:\/\/www.facebook.com\/tourtravelandmore\/","https:\/\/x.com\/TourTravel_More"]}]}},"_links":{"self":[{"href":"https:\/\/tourtravelandmore.com\/fr\/wp-json\/wp\/v2\/product\/99007","targetHints":{"allow":["GET"]}}],"collection":[{"href":"https:\/\/tourtravelandmore.com\/fr\/wp-json\/wp\/v2\/product"}],"about":[{"href":"https:\/\/tourtravelandmore.com\/fr\/wp-json\/wp\/v2\/types\/product"}],"replies":[{"embeddable":true,"href":"https:\/\/tourtravelandmore.com\/fr\/wp-json\/wp\/v2\/comments?post=99007"}],"wp:featuredmedia":[{"embeddable":true,"href":"https:\/\/tourtravelandmore.com\/fr\/wp-json\/wp\/v2\/media\/98182"}],"wp:attachment":[{"href":"https:\/\/tourtravelandmore.com\/fr\/wp-json\/wp\/v2\/media?parent=99007"}],"wp:term":[{"taxonomy":"product_brand","embeddable":true,"href":"https:\/\/tourtravelandmore.com\/fr\/wp-json\/wp\/v2\/product_brand?post=99007"},{"taxonomy":"product_cat","embeddable":true,"href":"https:\/\/tourtravelandmore.com\/fr\/wp-json\/wp\/v2\/product_cat?post=99007"},{"taxonomy":"product_tag","embeddable":true,"href":"https:\/\/tourtravelandmore.com\/fr\/wp-json\/wp\/v2\/product_tag?post=99007"}],"curies":[{"name":"wp","href":"https:\/\/api.w.org\/{rel}","templated":true}]}}