{"id":99002,"date":"2019-08-28T15:01:31","date_gmt":"2019-08-28T13:01:31","guid":{"rendered":"https:\/\/tourtravelandmore.com\/tours\/non%20class\u00e9\/visite-privee-du-chateau-de-chantilly-au-depart-de-paris\/"},"modified":"2024-08-06T17:59:31","modified_gmt":"2024-08-06T15:59:31","slug":"visite-privee-du-chateau-de-chantilly-au-depart-de-paris","status":"publish","type":"product","link":"https:\/\/tourtravelandmore.com\/fr\/tours\/france-fr\/paris-fr\/all-private-tours-and-activities-fr-100\/visite-privee-du-chateau-de-chantilly-au-depart-de-paris\/","title":{"rendered":"Visite priv\u00e9e du ch\u00e2teau de Chantilly au d\u00e9part de Paris"},"content":{"rendered":"<h2>La description<\/h2>\n<p>Le <strong>ch\u00e2teau<\/strong> de <strong>Chantilly<\/strong> est l&#8217;un des plus beaux joyaux de la couronne du <strong>patrimoine culturel fran\u00e7ais.<\/strong> Si vous avez d\u00e9j\u00e0 visit\u00e9 le ch\u00e2teau de Versailles, c&#8217;est un autre site merveilleux que vous devriez visiter. Cet endroit magnifique abrite la deuxi\u00e8me plus grande collection de peintures anciennes apr\u00e8s le Louvre. D\u00e9couvrez ce site merveilleux lors d&#8217;une visite priv\u00e9e du <strong>ch\u00e2teau<\/strong> de <strong>Chantilly<\/strong> au d\u00e9part de <strong>Paris.<\/strong><\/p>\n<p>Tout d&#8217;abord, votre chauffeur et votre guide viendront vous chercher \u00e0 votre h\u00f4tel ou lieu de votre choix \u00e0 <strong>Paris.<\/strong> Apr\u00e8s cela, vous commencerez votre route priv\u00e9e vers <strong>Chantilly.<\/strong> Le site est situ\u00e9 \u00e0 environ 1 heure de Paris. Une fois sur place, vous visiterez le ch\u00e2teau, ses jardins et ses \u00e9curies avec votre guide agr\u00e9\u00e9.<\/p>\n<p>Notre proposition de visite a une dur\u00e9e de 5 heures, mais celle-ci est ajustable \u00e0 votre int\u00e9r\u00eat personnel.<\/p>\n<h2>Sites d&#8217;int\u00e9r\u00eat et points de rep\u00e8re<\/h2>\n<p>Le domaine de Chantilly a appartenu \u00e0 plusieurs dynasties princi\u00e8res qui ont contribu\u00e9 \u00e0 son d\u00e9veloppement \u00e0 travers les si\u00e8cles. Mais il y a un homme qui se d\u00e9marque des autres; <strong>Henri d&#8217;Orl\u00e9ans,<\/strong> le duc <strong>d&#8217;Aumale (1822-1897).<\/strong> Tout au long de sa vie, il a rendu un hommage constant \u00e0 la culture du domaine et de ses pr\u00e9d\u00e9cesseurs. L&#8217;histoire du ch\u00e2teau va du moyen \u00e2ge jusqu&#8217;au 19e si\u00e8cle, et elle a beaucoup \u00e0 voir avec l&#8217;histoire de la <strong>France<\/strong> en tant que pays.<\/p>\n<p>Lors de votre visite au ch\u00e2teau, vous apprendrez son histoire et d\u00e9couvrirez ses secrets avec votre guide priv\u00e9 agr\u00e9\u00e9. Lors de votre visite du ch\u00e2teau de Chantilly vous d\u00e9couvrirez les 4 principaux sites que le Domaine h\u00e9berge:<\/p>\n<ul>\n<li><strong>Ch\u00e2teau du Chantilly<\/strong><\/li>\n<li><strong>Jardins de Chantilly<\/strong><\/li>\n<li><strong>Les galeries d&#8217;art de Chantilly<\/strong><\/li>\n<li><strong>Mus\u00e9e \u00e9questre<\/strong><\/li>\n<\/ul>\n<p>Les billets coupe-file pour le domaine sont inclus dans le prix de la visite. Votre guide et chauffeur seront \u00e0 votre enti\u00e8re disposition pendant toute la dur\u00e9e de la visite. Au cas o\u00f9 vous souhaiteriez combiner la visite de <strong>Chantilly<\/strong> avec un domaine viticole de la r\u00e9gion, ou autre site, n&#8217;h\u00e9sitez pas \u00e0 nous contacter. Tous nos circuits sont faits sur mesure, totalement adaptables aux d\u00e9sirs personnels de nos clients.<\/p>\n","protected":false},"excerpt":{"rendered":"<p>Visitez l&#8217;un des endroits les plus beaux et historiques en dehors de Paris dans votre v\u00e9hicule priv\u00e9. Profitez de notre visite priv\u00e9e du ch\u00e2teau de Chantilly au d\u00e9part de Paris et d\u00e9couvrez l&#8217;histoire de ce lieu merveilleux avec un expert local.<\/p>\n","protected":false},"featured_media":96199,"comment_status":"open","ping_status":"closed","template":"","meta":{"_acf_changed":false},"product_brand":[],"product_cat":[3542,4203,4288],"product_tag":[],"class_list":{"0":"post-99002","1":"product","2":"type-product","3":"status-publish","4":"has-post-thumbnail","6":"product_cat-paris-fr","7":"product_cat-all-private-tours-and-activities-fr-100","8":"product_cat-private-sightseeing-tours-fr-7-paris-fr","10":"first","11":"instock","12":"shipping-taxable","13":"purchasable","14":"product-type-simple"},"acf":[],"yoast_head":"<!-- This site is optimized with the Yoast SEO Premium plugin v25.3.1 (Yoast SEO v25.3.1) - https:\/\/yoast.com\/wordpress\/plugins\/seo\/ -->\n<title>Visite priv\u00e9e du ch\u00e2teau de Chantilly au d\u00e9part de Paris | TTM<\/title>\n<meta name=\"description\" content=\"Visitez l&#039;un des endroits les plus beaux et historiques en dehors de Paris. Profitez de notre visite priv\u00e9e du ch\u00e2teau de Chantilly et d\u00e9couvrez son histoire avec un expert local\" \/>\n<meta name=\"robots\" content=\"index, follow, max-snippet:-1, max-image-preview:large, max-video-preview:-1\" \/>\n<link rel=\"canonical\" href=\"https:\/\/tourtravelandmore.com\/fr\/tours\/france-fr\/paris-fr\/all-private-tours-and-activities-fr-100\/visite-privee-du-chateau-de-chantilly-au-depart-de-paris\/\" \/>\n<meta property=\"og:locale\" content=\"fr_FR\" \/>\n<meta property=\"og:type\" content=\"article\" \/>\n<meta property=\"og:title\" content=\"Visite priv\u00e9e du ch\u00e2teau de Chantilly au d\u00e9part de Paris\" \/>\n<meta property=\"og:description\" content=\"Visitez l&#039;un des endroits les plus beaux et historiques en dehors de Paris. Profitez de notre visite priv\u00e9e du ch\u00e2teau de Chantilly et d\u00e9couvrez son histoire avec un expert local\" \/>\n<meta property=\"og:url\" content=\"https:\/\/tourtravelandmore.com\/fr\/tours\/france-fr\/paris-fr\/all-private-tours-and-activities-fr-100\/visite-privee-du-chateau-de-chantilly-au-depart-de-paris\/\" \/>\n<meta property=\"og:site_name\" content=\"Tour Travel And More\" \/>\n<meta property=\"article:publisher\" content=\"https:\/\/www.facebook.com\/tourtravelandmore\/\" \/>\n<meta property=\"article:modified_time\" content=\"2024-08-06T15:59:31+00:00\" \/>\n<meta property=\"og:image\" content=\"https:\/\/tourtravelandmore.com\/wp-content\/uploads\/2019\/08\/chantilly.jpg\" \/>\n\t<meta property=\"og:image:width\" content=\"960\" \/>\n\t<meta property=\"og:image:height\" content=\"540\" \/>\n\t<meta property=\"og:image:type\" content=\"image\/jpeg\" \/>\n<meta name=\"twitter:card\" content=\"summary_large_image\" \/>\n<meta name=\"twitter:site\" content=\"@TourTravel_More\" \/>\n<meta name=\"twitter:label1\" content=\"Dur\u00e9e de lecture estim\u00e9e\" \/>\n\t<meta name=\"twitter:data1\" content=\"2 minutes\" \/>\n<script type=\"application\/ld+json\" class=\"yoast-schema-graph\">{\"@context\":\"https:\/\/schema.org\",\"@graph\":[{\"@type\":\"WebPage\",\"@id\":\"https:\/\/tourtravelandmore.com\/fr\/tours\/france-fr\/paris-fr\/all-private-tours-and-activities-fr-100\/visite-privee-du-chateau-de-chantilly-au-depart-de-paris\/\",\"url\":\"https:\/\/tourtravelandmore.com\/fr\/tours\/france-fr\/paris-fr\/all-private-tours-and-activities-fr-100\/visite-privee-du-chateau-de-chantilly-au-depart-de-paris\/\",\"name\":\"Visite priv\u00e9e du ch\u00e2teau de Chantilly au d\u00e9part de Paris | TTM\",\"isPartOf\":{\"@id\":\"https:\/\/tourtravelandmore.com\/fr\/#website\"},\"primaryImageOfPage\":{\"@id\":\"https:\/\/tourtravelandmore.com\/fr\/tours\/france-fr\/paris-fr\/all-private-tours-and-activities-fr-100\/visite-privee-du-chateau-de-chantilly-au-depart-de-paris\/#primaryimage\"},\"image\":{\"@id\":\"https:\/\/tourtravelandmore.com\/fr\/tours\/france-fr\/paris-fr\/all-private-tours-and-activities-fr-100\/visite-privee-du-chateau-de-chantilly-au-depart-de-paris\/#primaryimage\"},\"thumbnailUrl\":\"https:\/\/tourtravelandmore.com\/wp-content\/uploads\/2019\/08\/chantilly.jpg\",\"datePublished\":\"2019-08-28T13:01:31+00:00\",\"dateModified\":\"2024-08-06T15:59:31+00:00\",\"description\":\"Visitez l'un des endroits les plus beaux et historiques en dehors de Paris. Profitez de notre visite priv\u00e9e du ch\u00e2teau de Chantilly et d\u00e9couvrez son histoire avec un expert local\",\"breadcrumb\":{\"@id\":\"https:\/\/tourtravelandmore.com\/fr\/tours\/france-fr\/paris-fr\/all-private-tours-and-activities-fr-100\/visite-privee-du-chateau-de-chantilly-au-depart-de-paris\/#breadcrumb\"},\"inLanguage\":\"fr-FR\",\"potentialAction\":[{\"@type\":\"ReadAction\",\"target\":[\"https:\/\/tourtravelandmore.com\/fr\/tours\/france-fr\/paris-fr\/all-private-tours-and-activities-fr-100\/visite-privee-du-chateau-de-chantilly-au-depart-de-paris\/\"]}]},{\"@type\":\"ImageObject\",\"inLanguage\":\"fr-FR\",\"@id\":\"https:\/\/tourtravelandmore.com\/fr\/tours\/france-fr\/paris-fr\/all-private-tours-and-activities-fr-100\/visite-privee-du-chateau-de-chantilly-au-depart-de-paris\/#primaryimage\",\"url\":\"https:\/\/tourtravelandmore.com\/wp-content\/uploads\/2019\/08\/chantilly.jpg\",\"contentUrl\":\"https:\/\/tourtravelandmore.com\/wp-content\/uploads\/2019\/08\/chantilly.jpg\",\"width\":960,\"height\":540},{\"@type\":\"BreadcrumbList\",\"@id\":\"https:\/\/tourtravelandmore.com\/fr\/tours\/france-fr\/paris-fr\/all-private-tours-and-activities-fr-100\/visite-privee-du-chateau-de-chantilly-au-depart-de-paris\/#breadcrumb\",\"itemListElement\":[{\"@type\":\"ListItem\",\"position\":1,\"name\":\"Home\",\"item\":\"https:\/\/tourtravelandmore.com\/fr\/\"},{\"@type\":\"ListItem\",\"position\":2,\"name\":\"Tours\",\"item\":\"https:\/\/tourtravelandmore.com\/fr\/tours\/\"},{\"@type\":\"ListItem\",\"position\":3,\"name\":\"Visite priv\u00e9e du ch\u00e2teau de Chantilly au d\u00e9part de Paris\"}]},{\"@type\":\"WebSite\",\"@id\":\"https:\/\/tourtravelandmore.com\/fr\/#website\",\"url\":\"https:\/\/tourtravelandmore.com\/fr\/\",\"name\":\"Tour Travel And More\",\"description\":\"Private sightseeing tours and luxury transfers in Spain\",\"publisher\":{\"@id\":\"https:\/\/tourtravelandmore.com\/fr\/#organization\"},\"potentialAction\":[{\"@type\":\"SearchAction\",\"target\":{\"@type\":\"EntryPoint\",\"urlTemplate\":\"https:\/\/tourtravelandmore.com\/fr\/?s={search_term_string}\"},\"query-input\":{\"@type\":\"PropertyValueSpecification\",\"valueRequired\":true,\"valueName\":\"search_term_string\"}}],\"inLanguage\":\"fr-FR\"},{\"@type\":\"Organization\",\"@id\":\"https:\/\/tourtravelandmore.com\/fr\/#organization\",\"name\":\"Tour Travel And More\",\"url\":\"https:\/\/tourtravelandmore.com\/fr\/\",\"logo\":{\"@type\":\"ImageObject\",\"inLanguage\":\"fr-FR\",\"@id\":\"https:\/\/tourtravelandmore.com\/fr\/#\/schema\/logo\/image\/\",\"url\":\"https:\/\/tourtravelandmore.com\/wp-content\/uploads\/2022\/12\/cropped-logo-cabecera-new.png\",\"contentUrl\":\"https:\/\/tourtravelandmore.com\/wp-content\/uploads\/2022\/12\/cropped-logo-cabecera-new.png\",\"width\":430,\"height\":61,\"caption\":\"Tour Travel And More\"},\"image\":{\"@id\":\"https:\/\/tourtravelandmore.com\/fr\/#\/schema\/logo\/image\/\"},\"sameAs\":[\"https:\/\/www.facebook.com\/tourtravelandmore\/\",\"https:\/\/x.com\/TourTravel_More\"]}]}<\/script>\n<!-- \/ Yoast SEO Premium plugin. -->","yoast_head_json":{"title":"Visite priv\u00e9e du ch\u00e2teau de Chantilly au d\u00e9part de Paris | TTM","description":"Visitez l'un des endroits les plus beaux et historiques en dehors de Paris. Profitez de notre visite priv\u00e9e du ch\u00e2teau de Chantilly et d\u00e9couvrez son histoire avec un expert local","robots":{"index":"index","follow":"follow","max-snippet":"max-snippet:-1","max-image-preview":"max-image-preview:large","max-video-preview":"max-video-preview:-1"},"canonical":"https:\/\/tourtravelandmore.com\/fr\/tours\/france-fr\/paris-fr\/all-private-tours-and-activities-fr-100\/visite-privee-du-chateau-de-chantilly-au-depart-de-paris\/","og_locale":"fr_FR","og_type":"article","og_title":"Visite priv\u00e9e du ch\u00e2teau de Chantilly au d\u00e9part de Paris","og_description":"Visitez l'un des endroits les plus beaux et historiques en dehors de Paris. Profitez de notre visite priv\u00e9e du ch\u00e2teau de Chantilly et d\u00e9couvrez son histoire avec un expert local","og_url":"https:\/\/tourtravelandmore.com\/fr\/tours\/france-fr\/paris-fr\/all-private-tours-and-activities-fr-100\/visite-privee-du-chateau-de-chantilly-au-depart-de-paris\/","og_site_name":"Tour Travel And More","article_publisher":"https:\/\/www.facebook.com\/tourtravelandmore\/","article_modified_time":"2024-08-06T15:59:31+00:00","og_image":[{"width":960,"height":540,"url":"https:\/\/tourtravelandmore.com\/wp-content\/uploads\/2019\/08\/chantilly.jpg","type":"image\/jpeg"}],"twitter_card":"summary_large_image","twitter_site":"@TourTravel_More","twitter_misc":{"Dur\u00e9e de lecture estim\u00e9e":"2 minutes"},"schema":{"@context":"https:\/\/schema.org","@graph":[{"@type":"WebPage","@id":"https:\/\/tourtravelandmore.com\/fr\/tours\/france-fr\/paris-fr\/all-private-tours-and-activities-fr-100\/visite-privee-du-chateau-de-chantilly-au-depart-de-paris\/","url":"https:\/\/tourtravelandmore.com\/fr\/tours\/france-fr\/paris-fr\/all-private-tours-and-activities-fr-100\/visite-privee-du-chateau-de-chantilly-au-depart-de-paris\/","name":"Visite priv\u00e9e du ch\u00e2teau de Chantilly au d\u00e9part de Paris | TTM","isPartOf":{"@id":"https:\/\/tourtravelandmore.com\/fr\/#website"},"primaryImageOfPage":{"@id":"https:\/\/tourtravelandmore.com\/fr\/tours\/france-fr\/paris-fr\/all-private-tours-and-activities-fr-100\/visite-privee-du-chateau-de-chantilly-au-depart-de-paris\/#primaryimage"},"image":{"@id":"https:\/\/tourtravelandmore.com\/fr\/tours\/france-fr\/paris-fr\/all-private-tours-and-activities-fr-100\/visite-privee-du-chateau-de-chantilly-au-depart-de-paris\/#primaryimage"},"thumbnailUrl":"https:\/\/tourtravelandmore.com\/wp-content\/uploads\/2019\/08\/chantilly.jpg","datePublished":"2019-08-28T13:01:31+00:00","dateModified":"2024-08-06T15:59:31+00:00","description":"Visitez l'un des endroits les plus beaux et historiques en dehors de Paris. Profitez de notre visite priv\u00e9e du ch\u00e2teau de Chantilly et d\u00e9couvrez son histoire avec un expert local","breadcrumb":{"@id":"https:\/\/tourtravelandmore.com\/fr\/tours\/france-fr\/paris-fr\/all-private-tours-and-activities-fr-100\/visite-privee-du-chateau-de-chantilly-au-depart-de-paris\/#breadcrumb"},"inLanguage":"fr-FR","potentialAction":[{"@type":"ReadAction","target":["https:\/\/tourtravelandmore.com\/fr\/tours\/france-fr\/paris-fr\/all-private-tours-and-activities-fr-100\/visite-privee-du-chateau-de-chantilly-au-depart-de-paris\/"]}]},{"@type":"ImageObject","inLanguage":"fr-FR","@id":"https:\/\/tourtravelandmore.com\/fr\/tours\/france-fr\/paris-fr\/all-private-tours-and-activities-fr-100\/visite-privee-du-chateau-de-chantilly-au-depart-de-paris\/#primaryimage","url":"https:\/\/tourtravelandmore.com\/wp-content\/uploads\/2019\/08\/chantilly.jpg","contentUrl":"https:\/\/tourtravelandmore.com\/wp-content\/uploads\/2019\/08\/chantilly.jpg","width":960,"height":540},{"@type":"BreadcrumbList","@id":"https:\/\/tourtravelandmore.com\/fr\/tours\/france-fr\/paris-fr\/all-private-tours-and-activities-fr-100\/visite-privee-du-chateau-de-chantilly-au-depart-de-paris\/#breadcrumb","itemListElement":[{"@type":"ListItem","position":1,"name":"Home","item":"https:\/\/tourtravelandmore.com\/fr\/"},{"@type":"ListItem","position":2,"name":"Tours","item":"https:\/\/tourtravelandmore.com\/fr\/tours\/"},{"@type":"ListItem","position":3,"name":"Visite priv\u00e9e du ch\u00e2teau de Chantilly au d\u00e9part de Paris"}]},{"@type":"WebSite","@id":"https:\/\/tourtravelandmore.com\/fr\/#website","url":"https:\/\/tourtravelandmore.com\/fr\/","name":"Tour Travel And More","description":"Private sightseeing tours and luxury transfers in Spain","publisher":{"@id":"https:\/\/tourtravelandmore.com\/fr\/#organization"},"potentialAction":[{"@type":"SearchAction","target":{"@type":"EntryPoint","urlTemplate":"https:\/\/tourtravelandmore.com\/fr\/?s={search_term_string}"},"query-input":{"@type":"PropertyValueSpecification","valueRequired":true,"valueName":"search_term_string"}}],"inLanguage":"fr-FR"},{"@type":"Organization","@id":"https:\/\/tourtravelandmore.com\/fr\/#organization","name":"Tour Travel And More","url":"https:\/\/tourtravelandmore.com\/fr\/","logo":{"@type":"ImageObject","inLanguage":"fr-FR","@id":"https:\/\/tourtravelandmore.com\/fr\/#\/schema\/logo\/image\/","url":"https:\/\/tourtravelandmore.com\/wp-content\/uploads\/2022\/12\/cropped-logo-cabecera-new.png","contentUrl":"https:\/\/tourtravelandmore.com\/wp-content\/uploads\/2022\/12\/cropped-logo-cabecera-new.png","width":430,"height":61,"caption":"Tour Travel And More"},"image":{"@id":"https:\/\/tourtravelandmore.com\/fr\/#\/schema\/logo\/image\/"},"sameAs":["https:\/\/www.facebook.com\/tourtravelandmore\/","https:\/\/x.com\/TourTravel_More"]}]}},"_links":{"self":[{"href":"https:\/\/tourtravelandmore.com\/fr\/wp-json\/wp\/v2\/product\/99002","targetHints":{"allow":["GET"]}}],"collection":[{"href":"https:\/\/tourtravelandmore.com\/fr\/wp-json\/wp\/v2\/product"}],"about":[{"href":"https:\/\/tourtravelandmore.com\/fr\/wp-json\/wp\/v2\/types\/product"}],"replies":[{"embeddable":true,"href":"https:\/\/tourtravelandmore.com\/fr\/wp-json\/wp\/v2\/comments?post=99002"}],"wp:featuredmedia":[{"embeddable":true,"href":"https:\/\/tourtravelandmore.com\/fr\/wp-json\/wp\/v2\/media\/96199"}],"wp:attachment":[{"href":"https:\/\/tourtravelandmore.com\/fr\/wp-json\/wp\/v2\/media?parent=99002"}],"wp:term":[{"taxonomy":"product_brand","embeddable":true,"href":"https:\/\/tourtravelandmore.com\/fr\/wp-json\/wp\/v2\/product_brand?post=99002"},{"taxonomy":"product_cat","embeddable":true,"href":"https:\/\/tourtravelandmore.com\/fr\/wp-json\/wp\/v2\/product_cat?post=99002"},{"taxonomy":"product_tag","embeddable":true,"href":"https:\/\/tourtravelandmore.com\/fr\/wp-json\/wp\/v2\/product_tag?post=99002"}],"curies":[{"name":"wp","href":"https:\/\/api.w.org\/{rel}","templated":true}]}}