{"id":98997,"date":"2017-01-24T11:03:49","date_gmt":"2017-01-24T10:03:49","guid":{"rendered":"https:\/\/tourtravelandmore.com\/tours\/non%20class\u00e9\/visite-privee-de-rias-altas\/"},"modified":"2024-03-07T17:02:16","modified_gmt":"2024-03-07T16:02:16","slug":"visite-privee-de-rias-altas","status":"publish","type":"product","link":"https:\/\/tourtravelandmore.com\/fr\/tours\/espagne-fr\/santiagodecompsotela-fr\/visite-privee-de-rias-altas\/","title":{"rendered":"Circuit priv\u00e9 des R\u00edas Altas depuis Saint-Jacques-de-Compostelle"},"content":{"rendered":"<h2>Visite priv\u00e9e des R\u00edas Altas depuis Saint-Jacques-de-Compostelle Description<\/h2>\n<p>Participez \u00e0 notre visite priv\u00e9e des R\u00edas Altas au d\u00e9part de Saint-Jacques-de-Compostelle et d\u00e9couvrez le meilleur de cette superbe r\u00e9gion de Galice. Avec un guide comp\u00e9tent et un transport confortable, vous explorerez de charmantes villes c\u00f4ti\u00e8res, de superbes plages, des for\u00eats luxuriantes et des paysages \u00e0 couper le souffle. D\u00e9couvrez l&#8217;histoire, la culture et les traditions fascinantes de la r\u00e9gion en visitant certains des sites et attractions les plus embl\u00e9matiques.<\/p>\n<p>Profitez d&#8217;un itin\u00e9raire personnalis\u00e9, adapt\u00e9 \u00e0 vos int\u00e9r\u00eats et pr\u00e9f\u00e9rences, qui vous permettra de d\u00e9couvrir les joyaux cach\u00e9s de R\u00edas Altas \u00e0 votre propre rythme. Go\u00fbtez \u00e0 la d\u00e9licieuse cuisine et aux vins locaux, et \u00e9changez avec des habitants sympathiques qui vous accueilleront \u00e0 bras ouverts. Du phare romain historique de La Corogne aux magnifiques falaises du cap Ortegal, ce circuit priv\u00e9 vous offre un voyage inoubliable dans l&#8217;une des plus belles r\u00e9gions d&#8217;Espagne. R\u00e9servez d\u00e8s aujourd&#8217;hui votre circuit priv\u00e9 des R\u00edas Altas au d\u00e9part de Saint-Jacques-de-Compostelle et d\u00e9couvrez la magie de la Galice !<\/p>\n<h2>Points d&#8217;int\u00e9r\u00eat de l&#8217;excursion priv\u00e9e dans les R\u00edas Altas depuis Saint-Jacques-de-Compostelle<\/h2>\n<p><strong>Playa de las Catedrales :<\/strong> La Playa de las Catedrales, \u00e9galement connue sous le nom de Plage des Cath\u00e9drales, est situ\u00e9e sur la c\u00f4te galicienne et est connue pour ses arches naturelles et ses formations rocheuses \u00e9tonnantes. Cette plage est consid\u00e9r\u00e9e comme l&#8217;une des plus belles d&#8217;Espagne et les visiteurs peuvent explorer ses grottes et formations rocheuses uniques \u00e0 mar\u00e9e basse.<\/p>\n<p><strong>Parc naturel de Fragas do Eume :<\/strong> Le parc naturel de Fragas do Eume est une zone naturelle prot\u00e9g\u00e9e situ\u00e9e dans la province de La Corogne. Le parc abrite des for\u00eats luxuriantes, des rivi\u00e8res et des paysages \u00e9poustouflants, ce qui en fait la destination id\u00e9ale pour les amoureux de la nature. Les visiteurs peuvent faire des randonn\u00e9es sur les nombreux sentiers du parc, observer une vari\u00e9t\u00e9 d&#8217;animaux sauvages et profiter de la paix et de la tranquillit\u00e9 de l&#8217;environnement naturel.<\/p>\n<p><strong>Tour d&#8217;Hercule :<\/strong> La Tour d&#8217;Hercule est un phare embl\u00e9matique situ\u00e9 dans la ville de La Corogne. Il s&#8217;agirait du plus ancien phare romain encore en activit\u00e9 et il est consid\u00e9r\u00e9 comme un site du patrimoine mondial de l&#8217;UNESCO. Les visiteurs peuvent monter au sommet de la tour pour profiter d&#8217;une vue imprenable sur la c\u00f4te galicienne.<\/p>\n<p><strong>Betanzos :<\/strong> Betanzos est une charmante ville m\u00e9di\u00e9vale situ\u00e9e dans la province de La Corogne. Connue pour sa belle architecture et sa cuisine galicienne traditionnelle, Betanzos est la destination id\u00e9ale pour les amateurs d&#8217;histoire et de gastronomie. Les visiteurs peuvent explorer les nombreuses \u00e9glises, places et mus\u00e9es de la ville et savourer les d\u00e9lices locaux tels que les empanadas et le pulpo a la gallega.<\/p>\n<p><strong>Ortigueira :<\/strong> Ortigueira est une belle ville c\u00f4ti\u00e8re situ\u00e9e dans la province de La Corogne. Elle est c\u00e9l\u00e8bre pour son festival de musique celtique, qui a lieu tous les \u00e9t\u00e9s, et pour ses vues imprenables sur l&#8217;oc\u00e9an Atlantique. Les visiteurs peuvent explorer les charmantes rues et places de la ville, se d\u00e9tendre sur ses nombreuses plages et d\u00e9guster des fruits de mer frais dans l&#8217;un de ses nombreux restaurants.<\/p>\n<p><strong>Ne manquez pas notre liste de <a href=\"https:\/\/tourtravelandmore.com\/fr\/city\/espagne-fr\/santiagodecompsotela-fr\/\">circuits \u00e0 Saint-Jacques-de-Compostelle.<\/a> R\u00e9servez d\u00e8s maintenant et d\u00e9couvrez le meilleur de cette belle r\u00e9gion avec Tour Travel and More.<\/strong><\/p>\n","protected":false},"excerpt":{"rendered":"<p>Profitez de cette visite priv\u00e9e avec votre guide officiel et d\u00e9couvrez les sites les plus embl\u00e9matiques de Rias Altas. Une visite priv\u00e9e parfaite de R\u00edas Altas.<\/p>\n","protected":false},"featured_media":94160,"comment_status":"open","ping_status":"closed","template":"","meta":{"_acf_changed":false},"product_brand":[],"product_cat":[4438,4437,5126,3589],"product_tag":[],"class_list":{"0":"post-98997","1":"product","2":"type-product","3":"status-publish","4":"has-post-thumbnail","6":"product_cat-all-private-tours-activities-fr-21","7":"product_cat-private-shore-excursions-fr-8","8":"product_cat-private-sightseeing-tours-fr-31","9":"product_cat-santiagodecompsotela-fr","11":"first","12":"instock","13":"shipping-taxable","14":"purchasable","15":"product-type-simple"},"acf":[],"yoast_head":"<!-- This site is optimized with the Yoast SEO Premium plugin v25.3.1 (Yoast SEO v25.3.1) - https:\/\/yoast.com\/wordpress\/plugins\/seo\/ -->\n<title>\u27a1\ufe0f Visite priv\u00e9e de R\u00edas Altas | Tour Travel &amp; More<\/title>\n<meta name=\"description\" content=\"Profitez de cette visite priv\u00e9e avec votre guide officiel et d\u00e9couvrez les sites les plus embl\u00e9matiques de Rias Altas. Une visite priv\u00e9e parfaite de R\u00edas Altas \u2705\" \/>\n<meta name=\"robots\" content=\"index, follow, max-snippet:-1, max-image-preview:large, max-video-preview:-1\" \/>\n<link rel=\"canonical\" href=\"https:\/\/tourtravelandmore.com\/fr\/tours\/espagne-fr\/santiagodecompsotela-fr\/visite-privee-de-rias-altas\/\" \/>\n<meta property=\"og:locale\" content=\"fr_FR\" \/>\n<meta property=\"og:type\" content=\"article\" \/>\n<meta property=\"og:title\" content=\"Circuit priv\u00e9 des R\u00edas Altas depuis Saint-Jacques-de-Compostelle\" \/>\n<meta property=\"og:description\" content=\"Profitez de cette visite priv\u00e9e avec votre guide officiel et d\u00e9couvrez les sites les plus embl\u00e9matiques de Rias Altas. Une visite priv\u00e9e parfaite de R\u00edas Altas \u2705\" \/>\n<meta property=\"og:url\" content=\"https:\/\/tourtravelandmore.com\/fr\/tours\/espagne-fr\/santiagodecompsotela-fr\/visite-privee-de-rias-altas\/\" \/>\n<meta property=\"og:site_name\" content=\"Tour Travel And More\" \/>\n<meta property=\"article:publisher\" content=\"https:\/\/www.facebook.com\/tourtravelandmore\/\" \/>\n<meta property=\"article:modified_time\" content=\"2024-03-07T16:02:16+00:00\" \/>\n<meta property=\"og:image\" content=\"https:\/\/tourtravelandmore.com\/wp-content\/uploads\/2017\/01\/Rias-Altas-04.jpg\" \/>\n\t<meta property=\"og:image:width\" content=\"1024\" \/>\n\t<meta property=\"og:image:height\" content=\"768\" \/>\n\t<meta property=\"og:image:type\" content=\"image\/jpeg\" \/>\n<meta name=\"twitter:card\" content=\"summary_large_image\" \/>\n<meta name=\"twitter:site\" content=\"@TourTravel_More\" \/>\n<meta name=\"twitter:label1\" content=\"Dur\u00e9e de lecture estim\u00e9e\" \/>\n\t<meta name=\"twitter:data1\" content=\"3 minutes\" \/>\n<script type=\"application\/ld+json\" class=\"yoast-schema-graph\">{\"@context\":\"https:\/\/schema.org\",\"@graph\":[{\"@type\":\"WebPage\",\"@id\":\"https:\/\/tourtravelandmore.com\/fr\/tours\/espagne-fr\/santiagodecompsotela-fr\/visite-privee-de-rias-altas\/\",\"url\":\"https:\/\/tourtravelandmore.com\/fr\/tours\/espagne-fr\/santiagodecompsotela-fr\/visite-privee-de-rias-altas\/\",\"name\":\"\u27a1\ufe0f Visite priv\u00e9e de R\u00edas Altas | Tour Travel & More\",\"isPartOf\":{\"@id\":\"https:\/\/tourtravelandmore.com\/fr\/#website\"},\"primaryImageOfPage\":{\"@id\":\"https:\/\/tourtravelandmore.com\/fr\/tours\/espagne-fr\/santiagodecompsotela-fr\/visite-privee-de-rias-altas\/#primaryimage\"},\"image\":{\"@id\":\"https:\/\/tourtravelandmore.com\/fr\/tours\/espagne-fr\/santiagodecompsotela-fr\/visite-privee-de-rias-altas\/#primaryimage\"},\"thumbnailUrl\":\"https:\/\/tourtravelandmore.com\/wp-content\/uploads\/2017\/01\/Rias-Altas-04.jpg\",\"datePublished\":\"2017-01-24T10:03:49+00:00\",\"dateModified\":\"2024-03-07T16:02:16+00:00\",\"description\":\"Profitez de cette visite priv\u00e9e avec votre guide officiel et d\u00e9couvrez les sites les plus embl\u00e9matiques de Rias Altas. Une visite priv\u00e9e parfaite de R\u00edas Altas \u2705\",\"breadcrumb\":{\"@id\":\"https:\/\/tourtravelandmore.com\/fr\/tours\/espagne-fr\/santiagodecompsotela-fr\/visite-privee-de-rias-altas\/#breadcrumb\"},\"inLanguage\":\"fr-FR\",\"potentialAction\":[{\"@type\":\"ReadAction\",\"target\":[\"https:\/\/tourtravelandmore.com\/fr\/tours\/espagne-fr\/santiagodecompsotela-fr\/visite-privee-de-rias-altas\/\"]}]},{\"@type\":\"ImageObject\",\"inLanguage\":\"fr-FR\",\"@id\":\"https:\/\/tourtravelandmore.com\/fr\/tours\/espagne-fr\/santiagodecompsotela-fr\/visite-privee-de-rias-altas\/#primaryimage\",\"url\":\"https:\/\/tourtravelandmore.com\/wp-content\/uploads\/2017\/01\/Rias-Altas-04.jpg\",\"contentUrl\":\"https:\/\/tourtravelandmore.com\/wp-content\/uploads\/2017\/01\/Rias-Altas-04.jpg\",\"width\":1024,\"height\":768},{\"@type\":\"BreadcrumbList\",\"@id\":\"https:\/\/tourtravelandmore.com\/fr\/tours\/espagne-fr\/santiagodecompsotela-fr\/visite-privee-de-rias-altas\/#breadcrumb\",\"itemListElement\":[{\"@type\":\"ListItem\",\"position\":1,\"name\":\"Home\",\"item\":\"https:\/\/tourtravelandmore.com\/fr\/\"},{\"@type\":\"ListItem\",\"position\":2,\"name\":\"Tours\",\"item\":\"https:\/\/tourtravelandmore.com\/fr\/tours\/\"},{\"@type\":\"ListItem\",\"position\":3,\"name\":\"Circuit priv\u00e9 des R\u00edas Altas depuis Saint-Jacques-de-Compostelle\"}]},{\"@type\":\"WebSite\",\"@id\":\"https:\/\/tourtravelandmore.com\/fr\/#website\",\"url\":\"https:\/\/tourtravelandmore.com\/fr\/\",\"name\":\"Tour Travel And More\",\"description\":\"Private sightseeing tours and luxury transfers in Spain\",\"publisher\":{\"@id\":\"https:\/\/tourtravelandmore.com\/fr\/#organization\"},\"potentialAction\":[{\"@type\":\"SearchAction\",\"target\":{\"@type\":\"EntryPoint\",\"urlTemplate\":\"https:\/\/tourtravelandmore.com\/fr\/?s={search_term_string}\"},\"query-input\":{\"@type\":\"PropertyValueSpecification\",\"valueRequired\":true,\"valueName\":\"search_term_string\"}}],\"inLanguage\":\"fr-FR\"},{\"@type\":\"Organization\",\"@id\":\"https:\/\/tourtravelandmore.com\/fr\/#organization\",\"name\":\"Tour Travel And More\",\"url\":\"https:\/\/tourtravelandmore.com\/fr\/\",\"logo\":{\"@type\":\"ImageObject\",\"inLanguage\":\"fr-FR\",\"@id\":\"https:\/\/tourtravelandmore.com\/fr\/#\/schema\/logo\/image\/\",\"url\":\"https:\/\/tourtravelandmore.com\/wp-content\/uploads\/2022\/12\/cropped-logo-cabecera-new.png\",\"contentUrl\":\"https:\/\/tourtravelandmore.com\/wp-content\/uploads\/2022\/12\/cropped-logo-cabecera-new.png\",\"width\":430,\"height\":61,\"caption\":\"Tour Travel And More\"},\"image\":{\"@id\":\"https:\/\/tourtravelandmore.com\/fr\/#\/schema\/logo\/image\/\"},\"sameAs\":[\"https:\/\/www.facebook.com\/tourtravelandmore\/\",\"https:\/\/x.com\/TourTravel_More\"]}]}<\/script>\n<!-- \/ Yoast SEO Premium plugin. -->","yoast_head_json":{"title":"\u27a1\ufe0f Visite priv\u00e9e de R\u00edas Altas | Tour Travel & More","description":"Profitez de cette visite priv\u00e9e avec votre guide officiel et d\u00e9couvrez les sites les plus embl\u00e9matiques de Rias Altas. Une visite priv\u00e9e parfaite de R\u00edas Altas \u2705","robots":{"index":"index","follow":"follow","max-snippet":"max-snippet:-1","max-image-preview":"max-image-preview:large","max-video-preview":"max-video-preview:-1"},"canonical":"https:\/\/tourtravelandmore.com\/fr\/tours\/espagne-fr\/santiagodecompsotela-fr\/visite-privee-de-rias-altas\/","og_locale":"fr_FR","og_type":"article","og_title":"Circuit priv\u00e9 des R\u00edas Altas depuis Saint-Jacques-de-Compostelle","og_description":"Profitez de cette visite priv\u00e9e avec votre guide officiel et d\u00e9couvrez les sites les plus embl\u00e9matiques de Rias Altas. Une visite priv\u00e9e parfaite de R\u00edas Altas \u2705","og_url":"https:\/\/tourtravelandmore.com\/fr\/tours\/espagne-fr\/santiagodecompsotela-fr\/visite-privee-de-rias-altas\/","og_site_name":"Tour Travel And More","article_publisher":"https:\/\/www.facebook.com\/tourtravelandmore\/","article_modified_time":"2024-03-07T16:02:16+00:00","og_image":[{"width":1024,"height":768,"url":"https:\/\/tourtravelandmore.com\/wp-content\/uploads\/2017\/01\/Rias-Altas-04.jpg","type":"image\/jpeg"}],"twitter_card":"summary_large_image","twitter_site":"@TourTravel_More","twitter_misc":{"Dur\u00e9e de lecture estim\u00e9e":"3 minutes"},"schema":{"@context":"https:\/\/schema.org","@graph":[{"@type":"WebPage","@id":"https:\/\/tourtravelandmore.com\/fr\/tours\/espagne-fr\/santiagodecompsotela-fr\/visite-privee-de-rias-altas\/","url":"https:\/\/tourtravelandmore.com\/fr\/tours\/espagne-fr\/santiagodecompsotela-fr\/visite-privee-de-rias-altas\/","name":"\u27a1\ufe0f Visite priv\u00e9e de R\u00edas Altas | Tour Travel & More","isPartOf":{"@id":"https:\/\/tourtravelandmore.com\/fr\/#website"},"primaryImageOfPage":{"@id":"https:\/\/tourtravelandmore.com\/fr\/tours\/espagne-fr\/santiagodecompsotela-fr\/visite-privee-de-rias-altas\/#primaryimage"},"image":{"@id":"https:\/\/tourtravelandmore.com\/fr\/tours\/espagne-fr\/santiagodecompsotela-fr\/visite-privee-de-rias-altas\/#primaryimage"},"thumbnailUrl":"https:\/\/tourtravelandmore.com\/wp-content\/uploads\/2017\/01\/Rias-Altas-04.jpg","datePublished":"2017-01-24T10:03:49+00:00","dateModified":"2024-03-07T16:02:16+00:00","description":"Profitez de cette visite priv\u00e9e avec votre guide officiel et d\u00e9couvrez les sites les plus embl\u00e9matiques de Rias Altas. Une visite priv\u00e9e parfaite de R\u00edas Altas \u2705","breadcrumb":{"@id":"https:\/\/tourtravelandmore.com\/fr\/tours\/espagne-fr\/santiagodecompsotela-fr\/visite-privee-de-rias-altas\/#breadcrumb"},"inLanguage":"fr-FR","potentialAction":[{"@type":"ReadAction","target":["https:\/\/tourtravelandmore.com\/fr\/tours\/espagne-fr\/santiagodecompsotela-fr\/visite-privee-de-rias-altas\/"]}]},{"@type":"ImageObject","inLanguage":"fr-FR","@id":"https:\/\/tourtravelandmore.com\/fr\/tours\/espagne-fr\/santiagodecompsotela-fr\/visite-privee-de-rias-altas\/#primaryimage","url":"https:\/\/tourtravelandmore.com\/wp-content\/uploads\/2017\/01\/Rias-Altas-04.jpg","contentUrl":"https:\/\/tourtravelandmore.com\/wp-content\/uploads\/2017\/01\/Rias-Altas-04.jpg","width":1024,"height":768},{"@type":"BreadcrumbList","@id":"https:\/\/tourtravelandmore.com\/fr\/tours\/espagne-fr\/santiagodecompsotela-fr\/visite-privee-de-rias-altas\/#breadcrumb","itemListElement":[{"@type":"ListItem","position":1,"name":"Home","item":"https:\/\/tourtravelandmore.com\/fr\/"},{"@type":"ListItem","position":2,"name":"Tours","item":"https:\/\/tourtravelandmore.com\/fr\/tours\/"},{"@type":"ListItem","position":3,"name":"Circuit priv\u00e9 des R\u00edas Altas depuis Saint-Jacques-de-Compostelle"}]},{"@type":"WebSite","@id":"https:\/\/tourtravelandmore.com\/fr\/#website","url":"https:\/\/tourtravelandmore.com\/fr\/","name":"Tour Travel And More","description":"Private sightseeing tours and luxury transfers in Spain","publisher":{"@id":"https:\/\/tourtravelandmore.com\/fr\/#organization"},"potentialAction":[{"@type":"SearchAction","target":{"@type":"EntryPoint","urlTemplate":"https:\/\/tourtravelandmore.com\/fr\/?s={search_term_string}"},"query-input":{"@type":"PropertyValueSpecification","valueRequired":true,"valueName":"search_term_string"}}],"inLanguage":"fr-FR"},{"@type":"Organization","@id":"https:\/\/tourtravelandmore.com\/fr\/#organization","name":"Tour Travel And More","url":"https:\/\/tourtravelandmore.com\/fr\/","logo":{"@type":"ImageObject","inLanguage":"fr-FR","@id":"https:\/\/tourtravelandmore.com\/fr\/#\/schema\/logo\/image\/","url":"https:\/\/tourtravelandmore.com\/wp-content\/uploads\/2022\/12\/cropped-logo-cabecera-new.png","contentUrl":"https:\/\/tourtravelandmore.com\/wp-content\/uploads\/2022\/12\/cropped-logo-cabecera-new.png","width":430,"height":61,"caption":"Tour Travel And More"},"image":{"@id":"https:\/\/tourtravelandmore.com\/fr\/#\/schema\/logo\/image\/"},"sameAs":["https:\/\/www.facebook.com\/tourtravelandmore\/","https:\/\/x.com\/TourTravel_More"]}]}},"_links":{"self":[{"href":"https:\/\/tourtravelandmore.com\/fr\/wp-json\/wp\/v2\/product\/98997","targetHints":{"allow":["GET"]}}],"collection":[{"href":"https:\/\/tourtravelandmore.com\/fr\/wp-json\/wp\/v2\/product"}],"about":[{"href":"https:\/\/tourtravelandmore.com\/fr\/wp-json\/wp\/v2\/types\/product"}],"replies":[{"embeddable":true,"href":"https:\/\/tourtravelandmore.com\/fr\/wp-json\/wp\/v2\/comments?post=98997"}],"wp:featuredmedia":[{"embeddable":true,"href":"https:\/\/tourtravelandmore.com\/fr\/wp-json\/wp\/v2\/media\/94160"}],"wp:attachment":[{"href":"https:\/\/tourtravelandmore.com\/fr\/wp-json\/wp\/v2\/media?parent=98997"}],"wp:term":[{"taxonomy":"product_brand","embeddable":true,"href":"https:\/\/tourtravelandmore.com\/fr\/wp-json\/wp\/v2\/product_brand?post=98997"},{"taxonomy":"product_cat","embeddable":true,"href":"https:\/\/tourtravelandmore.com\/fr\/wp-json\/wp\/v2\/product_cat?post=98997"},{"taxonomy":"product_tag","embeddable":true,"href":"https:\/\/tourtravelandmore.com\/fr\/wp-json\/wp\/v2\/product_tag?post=98997"}],"curies":[{"name":"wp","href":"https:\/\/api.w.org\/{rel}","templated":true}]}}