{"id":98986,"date":"2017-01-24T10:45:39","date_gmt":"2017-01-24T09:45:39","guid":{"rendered":"https:\/\/tourtravelandmore.com\/tours\/non%20class\u00e9\/visite-privee-de-la-cote-de-la-mort-et-du-cap-finisterre\/"},"modified":"2024-11-19T17:08:50","modified_gmt":"2024-11-19T16:08:50","slug":"visite-privee-de-la-cote-de-la-mort-et-du-cap-finisterre","status":"publish","type":"product","link":"https:\/\/tourtravelandmore.com\/fr\/tours\/espagne-fr\/lacorogne-fr\/visite-privee-de-la-cote-de-la-mort-et-du-cap-finisterre\/","title":{"rendered":"Visite priv\u00e9e de la c\u00f4te de la mort et du cap Finisterre"},"content":{"rendered":"<h2><b>Description de l&#8217;excursion priv\u00e9e sur la Costa de la Muerte et au Cabo Finisterre<\/b><\/h2>\n<p>Explorez la beaut\u00e9 sauvage de la Costa da Morte en Galice, une r\u00e9gion riche en histoire, en traditions et en paysages \u00e9poustouflants. Cette excursion priv\u00e9e exclusive propose un voyage confortable \u00e0 travers certains des sites les plus pittoresques et les plus importants sur le plan culturel de la c\u00f4te atlantique sauvage. Avec votre propre v\u00e9hicule et un guide expert, vous plongerez dans le pass\u00e9 fascinant de la r\u00e9gion, visiterez des villages de p\u00eacheurs pittoresques et d\u00e9couvrirez pourquoi ce littoral captive les visiteurs depuis des si\u00e8cles. Des c\u00e9l\u00e8bres traditions de fabrication de dentelle de Camari\u00f1as \u00e0 l&#8217;attrait spirituel de Mux\u00eda et aux falaises balay\u00e9es par le vent de Finisterre, ce voyage est parfait pour ceux qui cherchent \u00e0 \u00e9tablir un lien plus profond avec la Galice.<\/p>\n<p>Que vous soyez amateur de beaut\u00e9 naturelle, d&#8217;histoire ou de culture, cette excursion sera \u00e0 coup s\u00fbr un moment fort de votre voyage \u00e0 La Corogne.<\/p>\n<h2><b>Points d&#8217;int\u00e9r\u00eat de l&#8217;excursion priv\u00e9e \u00e0 la Costa de la Muerte et au Cabo Finisterre<\/b><\/h2>\n<p>Votre aventure commence par une route panoramique depuis La Corogne, pendant que votre guide partage l&#8217;histoire et les l\u00e9gendes qui d\u00e9finissent la Costa da Morte. Vous visiterez la forteresse m\u00e9di\u00e9vale de Vimianzo et le c\u00e9l\u00e8bre sanctuaire de Notre-Dame du Bateau \u00e0 Mux\u00eda, avant d&#8217;atteindre le cap Finisterre, le point le plus \u00e0 l&#8217;ouest de l&#8217;Espagne. Cette visite priv\u00e9e vous promet une journ\u00e9e de d\u00e9couverte inoubliable.<\/p>\n<ul>\n<li><b><strong>Transport priv\u00e9 et guide expert<\/strong><\/b>: Voyagez confortablement avec un service personnalis\u00e9, pour une exp\u00e9rience sur mesure.<\/li>\n<li><b><strong>Visite de Camari\u00f1as<\/strong><\/b>: D\u00e9couvrez l&#8217;art de la dentelle, une tradition transmise de g\u00e9n\u00e9ration en g\u00e9n\u00e9ration dans ce charmant village c\u00f4tier.<\/li>\n<li><b><strong>Ch\u00e2teau de Vimianzo<\/strong><\/b>: Explorez l&#8217;un des exemples les plus impressionnants d&#8217;architecture militaire m\u00e9di\u00e9vale de Galice.<\/li>\n<li><b><strong>Mux\u00eda et le sanctuaire de Notre-Dame du Bateau<\/strong><\/b>: Visitez ce lieu de p\u00e8lerinage important, impr\u00e9gn\u00e9 de l\u00e9gendes et d&#8217;histoire maritime.<\/li>\n<li><b><strong>Cap Finisterre<\/strong><\/b>: Vous vous trouvez au bout du monde, l\u00e0 o\u00f9 des falaises spectaculaires rencontrent le vaste oc\u00e9an Atlantique.<\/li>\n<\/ul>\n<p>Tour Travel and More propose un large \u00e9ventail de<a href=\"https:\/\/tourtravelandmore.com\/fr\/city\/espagne-fr\/santiagodecompsotela-fr\/\">visites<\/a> priv\u00e9es<a href=\"https:\/\/tourtravelandmore.com\/fr\/city\/espagne-fr\/santiagodecompsotela-fr\/\">\u00e0 Saint-Jacques-de-Compostelle<\/a> et dans les environs. Visitez notre site Web ou consultez notre liste compl\u00e8te de circuits et r\u00e9servez votre prochaine aventure d\u00e8s aujourd&#8217;hui.<\/p>\n","protected":false},"excerpt":{"rendered":"<p><span style=\"font-weight: 400;\">Explorez le magnifique littoral de la Galice lors d&#8217;une excursion priv\u00e9e de 8 heures avec Tour Travel and More. D\u00e9couvrez la beaut\u00e9 sauvage de la Costa de la Muerte et l&#8217;embl\u00e9matique Cabo Finisterre, avec un guide et un v\u00e9hicule priv\u00e9s.<\/span><\/p>\n","protected":false},"featured_media":94156,"comment_status":"open","ping_status":"closed","template":"","meta":{"_acf_changed":false},"product_brand":[],"product_cat":[5135,5129,4511,5133,5131,5130,5128,5134,4510,5136,5127,5132,3588,3590,3582,3570,3591],"product_tag":[],"class_list":{"0":"post-98986","1":"product","2":"type-product","3":"status-publish","4":"has-post-thumbnail","6":"product_cat-all-private-tour-and-activities-fr-2","7":"product_cat-all-private-tours-activities-fr-27","8":"product_cat-all-private-tours-activities","9":"product_cat-all-private-tours-and-activities-fr-10","10":"product_cat-all-private-tours-and-activities-fr-9","11":"product_cat-private-shore-excursions-fr-12","12":"product_cat-private-shore-excursions-fr-11","13":"product_cat-private-sightseeing-tours-fr-34","14":"product_cat-private-sightseeing-tours","15":"product_cat-private-sightseeing-tours-fr-35","16":"product_cat-private-sightseeing-tours-fr-32","17":"product_cat-private-sightseeing-tours-fr-33","18":"product_cat-pontevedra-fr","19":"product_cat-lugo-fr","20":"product_cat-ourense-fr","21":"product_cat-lacorogne-fr","22":"product_cat-vigo-fr","24":"first","25":"instock","26":"shipping-taxable","27":"purchasable","28":"product-type-simple"},"acf":[],"yoast_head":"<!-- This site is optimized with the Yoast SEO Premium plugin v25.3.1 (Yoast SEO v25.3.1) - https:\/\/yoast.com\/wordpress\/plugins\/seo\/ -->\n<title>\u27a1\ufe0f Visite priv\u00e9e de la c\u00f4te de la mort et du cap Finisterre | Tour Travel &amp; More<\/title>\n<meta name=\"description\" content=\"Profitez de cette visite priv\u00e9e enti\u00e8rement personnalis\u00e9e de la Costa de la Muerte et du Cabo Finisterre en Galice et profitez de leurs monuments et sites les plus importants \u2705\" \/>\n<meta name=\"robots\" content=\"index, follow, max-snippet:-1, max-image-preview:large, max-video-preview:-1\" \/>\n<link rel=\"canonical\" href=\"https:\/\/tourtravelandmore.com\/fr\/tours\/espagne-fr\/lacorogne-fr\/visite-privee-de-la-cote-de-la-mort-et-du-cap-finisterre\/\" \/>\n<meta property=\"og:locale\" content=\"fr_FR\" \/>\n<meta property=\"og:type\" content=\"article\" \/>\n<meta property=\"og:title\" content=\"Visite priv\u00e9e de la c\u00f4te de la mort et du cap Finisterre\" \/>\n<meta property=\"og:description\" content=\"Profitez de cette visite priv\u00e9e enti\u00e8rement personnalis\u00e9e de la Costa de la Muerte et du Cabo Finisterre en Galice et profitez de leurs monuments et sites les plus importants \u2705\" \/>\n<meta property=\"og:url\" content=\"https:\/\/tourtravelandmore.com\/fr\/tours\/espagne-fr\/lacorogne-fr\/visite-privee-de-la-cote-de-la-mort-et-du-cap-finisterre\/\" \/>\n<meta property=\"og:site_name\" content=\"Tour Travel And More\" \/>\n<meta property=\"article:publisher\" content=\"https:\/\/www.facebook.com\/tourtravelandmore\/\" \/>\n<meta property=\"article:modified_time\" content=\"2024-11-19T16:08:50+00:00\" \/>\n<meta property=\"og:image\" content=\"https:\/\/tourtravelandmore.com\/wp-content\/uploads\/2017\/01\/37_imagen.jpg\" \/>\n\t<meta property=\"og:image:width\" content=\"1064\" \/>\n\t<meta property=\"og:image:height\" content=\"654\" \/>\n\t<meta property=\"og:image:type\" content=\"image\/jpeg\" \/>\n<meta name=\"twitter:card\" content=\"summary_large_image\" \/>\n<meta name=\"twitter:site\" content=\"@TourTravel_More\" \/>\n<meta name=\"twitter:label1\" content=\"Dur\u00e9e de lecture estim\u00e9e\" \/>\n\t<meta name=\"twitter:data1\" content=\"4 minutes\" \/>\n<script type=\"application\/ld+json\" class=\"yoast-schema-graph\">{\"@context\":\"https:\/\/schema.org\",\"@graph\":[{\"@type\":\"WebPage\",\"@id\":\"https:\/\/tourtravelandmore.com\/fr\/tours\/espagne-fr\/lacorogne-fr\/visite-privee-de-la-cote-de-la-mort-et-du-cap-finisterre\/\",\"url\":\"https:\/\/tourtravelandmore.com\/fr\/tours\/espagne-fr\/lacorogne-fr\/visite-privee-de-la-cote-de-la-mort-et-du-cap-finisterre\/\",\"name\":\"\u27a1\ufe0f Visite priv\u00e9e de la c\u00f4te de la mort et du cap Finisterre | Tour Travel & More\",\"isPartOf\":{\"@id\":\"https:\/\/tourtravelandmore.com\/fr\/#website\"},\"primaryImageOfPage\":{\"@id\":\"https:\/\/tourtravelandmore.com\/fr\/tours\/espagne-fr\/lacorogne-fr\/visite-privee-de-la-cote-de-la-mort-et-du-cap-finisterre\/#primaryimage\"},\"image\":{\"@id\":\"https:\/\/tourtravelandmore.com\/fr\/tours\/espagne-fr\/lacorogne-fr\/visite-privee-de-la-cote-de-la-mort-et-du-cap-finisterre\/#primaryimage\"},\"thumbnailUrl\":\"https:\/\/tourtravelandmore.com\/wp-content\/uploads\/2017\/01\/37_imagen.jpg\",\"datePublished\":\"2017-01-24T09:45:39+00:00\",\"dateModified\":\"2024-11-19T16:08:50+00:00\",\"description\":\"Profitez de cette visite priv\u00e9e enti\u00e8rement personnalis\u00e9e de la Costa de la Muerte et du Cabo Finisterre en Galice et profitez de leurs monuments et sites les plus importants \u2705\",\"breadcrumb\":{\"@id\":\"https:\/\/tourtravelandmore.com\/fr\/tours\/espagne-fr\/lacorogne-fr\/visite-privee-de-la-cote-de-la-mort-et-du-cap-finisterre\/#breadcrumb\"},\"inLanguage\":\"fr-FR\",\"potentialAction\":[{\"@type\":\"ReadAction\",\"target\":[\"https:\/\/tourtravelandmore.com\/fr\/tours\/espagne-fr\/lacorogne-fr\/visite-privee-de-la-cote-de-la-mort-et-du-cap-finisterre\/\"]}]},{\"@type\":\"ImageObject\",\"inLanguage\":\"fr-FR\",\"@id\":\"https:\/\/tourtravelandmore.com\/fr\/tours\/espagne-fr\/lacorogne-fr\/visite-privee-de-la-cote-de-la-mort-et-du-cap-finisterre\/#primaryimage\",\"url\":\"https:\/\/tourtravelandmore.com\/wp-content\/uploads\/2017\/01\/37_imagen.jpg\",\"contentUrl\":\"https:\/\/tourtravelandmore.com\/wp-content\/uploads\/2017\/01\/37_imagen.jpg\",\"width\":1064,\"height\":654},{\"@type\":\"BreadcrumbList\",\"@id\":\"https:\/\/tourtravelandmore.com\/fr\/tours\/espagne-fr\/lacorogne-fr\/visite-privee-de-la-cote-de-la-mort-et-du-cap-finisterre\/#breadcrumb\",\"itemListElement\":[{\"@type\":\"ListItem\",\"position\":1,\"name\":\"Home\",\"item\":\"https:\/\/tourtravelandmore.com\/fr\/\"},{\"@type\":\"ListItem\",\"position\":2,\"name\":\"Tours\",\"item\":\"https:\/\/tourtravelandmore.com\/fr\/tours\/\"},{\"@type\":\"ListItem\",\"position\":3,\"name\":\"Visite priv\u00e9e de la c\u00f4te de la mort et du cap Finisterre\"}]},{\"@type\":\"WebSite\",\"@id\":\"https:\/\/tourtravelandmore.com\/fr\/#website\",\"url\":\"https:\/\/tourtravelandmore.com\/fr\/\",\"name\":\"Tour Travel And More\",\"description\":\"Private sightseeing tours and luxury transfers in Spain\",\"publisher\":{\"@id\":\"https:\/\/tourtravelandmore.com\/fr\/#organization\"},\"potentialAction\":[{\"@type\":\"SearchAction\",\"target\":{\"@type\":\"EntryPoint\",\"urlTemplate\":\"https:\/\/tourtravelandmore.com\/fr\/?s={search_term_string}\"},\"query-input\":{\"@type\":\"PropertyValueSpecification\",\"valueRequired\":true,\"valueName\":\"search_term_string\"}}],\"inLanguage\":\"fr-FR\"},{\"@type\":\"Organization\",\"@id\":\"https:\/\/tourtravelandmore.com\/fr\/#organization\",\"name\":\"Tour Travel And More\",\"url\":\"https:\/\/tourtravelandmore.com\/fr\/\",\"logo\":{\"@type\":\"ImageObject\",\"inLanguage\":\"fr-FR\",\"@id\":\"https:\/\/tourtravelandmore.com\/fr\/#\/schema\/logo\/image\/\",\"url\":\"https:\/\/tourtravelandmore.com\/wp-content\/uploads\/2022\/12\/cropped-logo-cabecera-new.png\",\"contentUrl\":\"https:\/\/tourtravelandmore.com\/wp-content\/uploads\/2022\/12\/cropped-logo-cabecera-new.png\",\"width\":430,\"height\":61,\"caption\":\"Tour Travel And More\"},\"image\":{\"@id\":\"https:\/\/tourtravelandmore.com\/fr\/#\/schema\/logo\/image\/\"},\"sameAs\":[\"https:\/\/www.facebook.com\/tourtravelandmore\/\",\"https:\/\/x.com\/TourTravel_More\"]}]}<\/script>\n<!-- \/ Yoast SEO Premium plugin. -->","yoast_head_json":{"title":"\u27a1\ufe0f Visite priv\u00e9e de la c\u00f4te de la mort et du cap Finisterre | Tour Travel & More","description":"Profitez de cette visite priv\u00e9e enti\u00e8rement personnalis\u00e9e de la Costa de la Muerte et du Cabo Finisterre en Galice et profitez de leurs monuments et sites les plus importants \u2705","robots":{"index":"index","follow":"follow","max-snippet":"max-snippet:-1","max-image-preview":"max-image-preview:large","max-video-preview":"max-video-preview:-1"},"canonical":"https:\/\/tourtravelandmore.com\/fr\/tours\/espagne-fr\/lacorogne-fr\/visite-privee-de-la-cote-de-la-mort-et-du-cap-finisterre\/","og_locale":"fr_FR","og_type":"article","og_title":"Visite priv\u00e9e de la c\u00f4te de la mort et du cap Finisterre","og_description":"Profitez de cette visite priv\u00e9e enti\u00e8rement personnalis\u00e9e de la Costa de la Muerte et du Cabo Finisterre en Galice et profitez de leurs monuments et sites les plus importants \u2705","og_url":"https:\/\/tourtravelandmore.com\/fr\/tours\/espagne-fr\/lacorogne-fr\/visite-privee-de-la-cote-de-la-mort-et-du-cap-finisterre\/","og_site_name":"Tour Travel And More","article_publisher":"https:\/\/www.facebook.com\/tourtravelandmore\/","article_modified_time":"2024-11-19T16:08:50+00:00","og_image":[{"width":1064,"height":654,"url":"https:\/\/tourtravelandmore.com\/wp-content\/uploads\/2017\/01\/37_imagen.jpg","type":"image\/jpeg"}],"twitter_card":"summary_large_image","twitter_site":"@TourTravel_More","twitter_misc":{"Dur\u00e9e de lecture estim\u00e9e":"4 minutes"},"schema":{"@context":"https:\/\/schema.org","@graph":[{"@type":"WebPage","@id":"https:\/\/tourtravelandmore.com\/fr\/tours\/espagne-fr\/lacorogne-fr\/visite-privee-de-la-cote-de-la-mort-et-du-cap-finisterre\/","url":"https:\/\/tourtravelandmore.com\/fr\/tours\/espagne-fr\/lacorogne-fr\/visite-privee-de-la-cote-de-la-mort-et-du-cap-finisterre\/","name":"\u27a1\ufe0f Visite priv\u00e9e de la c\u00f4te de la mort et du cap Finisterre | Tour Travel & More","isPartOf":{"@id":"https:\/\/tourtravelandmore.com\/fr\/#website"},"primaryImageOfPage":{"@id":"https:\/\/tourtravelandmore.com\/fr\/tours\/espagne-fr\/lacorogne-fr\/visite-privee-de-la-cote-de-la-mort-et-du-cap-finisterre\/#primaryimage"},"image":{"@id":"https:\/\/tourtravelandmore.com\/fr\/tours\/espagne-fr\/lacorogne-fr\/visite-privee-de-la-cote-de-la-mort-et-du-cap-finisterre\/#primaryimage"},"thumbnailUrl":"https:\/\/tourtravelandmore.com\/wp-content\/uploads\/2017\/01\/37_imagen.jpg","datePublished":"2017-01-24T09:45:39+00:00","dateModified":"2024-11-19T16:08:50+00:00","description":"Profitez de cette visite priv\u00e9e enti\u00e8rement personnalis\u00e9e de la Costa de la Muerte et du Cabo Finisterre en Galice et profitez de leurs monuments et sites les plus importants \u2705","breadcrumb":{"@id":"https:\/\/tourtravelandmore.com\/fr\/tours\/espagne-fr\/lacorogne-fr\/visite-privee-de-la-cote-de-la-mort-et-du-cap-finisterre\/#breadcrumb"},"inLanguage":"fr-FR","potentialAction":[{"@type":"ReadAction","target":["https:\/\/tourtravelandmore.com\/fr\/tours\/espagne-fr\/lacorogne-fr\/visite-privee-de-la-cote-de-la-mort-et-du-cap-finisterre\/"]}]},{"@type":"ImageObject","inLanguage":"fr-FR","@id":"https:\/\/tourtravelandmore.com\/fr\/tours\/espagne-fr\/lacorogne-fr\/visite-privee-de-la-cote-de-la-mort-et-du-cap-finisterre\/#primaryimage","url":"https:\/\/tourtravelandmore.com\/wp-content\/uploads\/2017\/01\/37_imagen.jpg","contentUrl":"https:\/\/tourtravelandmore.com\/wp-content\/uploads\/2017\/01\/37_imagen.jpg","width":1064,"height":654},{"@type":"BreadcrumbList","@id":"https:\/\/tourtravelandmore.com\/fr\/tours\/espagne-fr\/lacorogne-fr\/visite-privee-de-la-cote-de-la-mort-et-du-cap-finisterre\/#breadcrumb","itemListElement":[{"@type":"ListItem","position":1,"name":"Home","item":"https:\/\/tourtravelandmore.com\/fr\/"},{"@type":"ListItem","position":2,"name":"Tours","item":"https:\/\/tourtravelandmore.com\/fr\/tours\/"},{"@type":"ListItem","position":3,"name":"Visite priv\u00e9e de la c\u00f4te de la mort et du cap Finisterre"}]},{"@type":"WebSite","@id":"https:\/\/tourtravelandmore.com\/fr\/#website","url":"https:\/\/tourtravelandmore.com\/fr\/","name":"Tour Travel And More","description":"Private sightseeing tours and luxury transfers in Spain","publisher":{"@id":"https:\/\/tourtravelandmore.com\/fr\/#organization"},"potentialAction":[{"@type":"SearchAction","target":{"@type":"EntryPoint","urlTemplate":"https:\/\/tourtravelandmore.com\/fr\/?s={search_term_string}"},"query-input":{"@type":"PropertyValueSpecification","valueRequired":true,"valueName":"search_term_string"}}],"inLanguage":"fr-FR"},{"@type":"Organization","@id":"https:\/\/tourtravelandmore.com\/fr\/#organization","name":"Tour Travel And More","url":"https:\/\/tourtravelandmore.com\/fr\/","logo":{"@type":"ImageObject","inLanguage":"fr-FR","@id":"https:\/\/tourtravelandmore.com\/fr\/#\/schema\/logo\/image\/","url":"https:\/\/tourtravelandmore.com\/wp-content\/uploads\/2022\/12\/cropped-logo-cabecera-new.png","contentUrl":"https:\/\/tourtravelandmore.com\/wp-content\/uploads\/2022\/12\/cropped-logo-cabecera-new.png","width":430,"height":61,"caption":"Tour Travel And More"},"image":{"@id":"https:\/\/tourtravelandmore.com\/fr\/#\/schema\/logo\/image\/"},"sameAs":["https:\/\/www.facebook.com\/tourtravelandmore\/","https:\/\/x.com\/TourTravel_More"]}]}},"_links":{"self":[{"href":"https:\/\/tourtravelandmore.com\/fr\/wp-json\/wp\/v2\/product\/98986","targetHints":{"allow":["GET"]}}],"collection":[{"href":"https:\/\/tourtravelandmore.com\/fr\/wp-json\/wp\/v2\/product"}],"about":[{"href":"https:\/\/tourtravelandmore.com\/fr\/wp-json\/wp\/v2\/types\/product"}],"replies":[{"embeddable":true,"href":"https:\/\/tourtravelandmore.com\/fr\/wp-json\/wp\/v2\/comments?post=98986"}],"wp:featuredmedia":[{"embeddable":true,"href":"https:\/\/tourtravelandmore.com\/fr\/wp-json\/wp\/v2\/media\/94156"}],"wp:attachment":[{"href":"https:\/\/tourtravelandmore.com\/fr\/wp-json\/wp\/v2\/media?parent=98986"}],"wp:term":[{"taxonomy":"product_brand","embeddable":true,"href":"https:\/\/tourtravelandmore.com\/fr\/wp-json\/wp\/v2\/product_brand?post=98986"},{"taxonomy":"product_cat","embeddable":true,"href":"https:\/\/tourtravelandmore.com\/fr\/wp-json\/wp\/v2\/product_cat?post=98986"},{"taxonomy":"product_tag","embeddable":true,"href":"https:\/\/tourtravelandmore.com\/fr\/wp-json\/wp\/v2\/product_tag?post=98986"}],"curies":[{"name":"wp","href":"https:\/\/api.w.org\/{rel}","templated":true}]}}