{"id":98976,"date":"2017-01-24T09:44:34","date_gmt":"2017-01-24T08:44:34","guid":{"rendered":"https:\/\/tourtravelandmore.com\/tours\/non%20class\u00e9\/visite-privee-de-bajo-mino-et-du-portugal\/"},"modified":"2024-11-25T16:44:47","modified_gmt":"2024-11-25T15:44:47","slug":"visite-privee-de-bajo-mino-et-du-portugal","status":"publish","type":"product","link":"https:\/\/tourtravelandmore.com\/fr\/tours\/espagne-fr\/santiagodecompsotela-fr\/visite-privee-de-bajo-mino-et-du-portugal\/","title":{"rendered":"Bajo Mi\u00f1o et le Portugal lors d&#8217;un circuit priv\u00e9 depuis Saint-Jacques-de-Compostelle"},"content":{"rendered":"<h2><b>Description du circuit priv\u00e9 Bajo Mi\u00f1o et Portugal<\/b><\/h2>\n<p><span style=\"font-weight: 400;\">Explorez la beaut\u00e9 \u00e9poustouflante du Bajo Mi\u00f1o et du Portugal gr\u00e2ce \u00e0 notre circuit priv\u00e9 du Bajo Mi\u00f1o et du Portugal. Ce circuit personnalis\u00e9 est con\u00e7u pour vous offrir une exp\u00e9rience unique, adapt\u00e9e \u00e0 vos int\u00e9r\u00eats et \u00e0 vos pr\u00e9f\u00e9rences. Nos guides experts vous emm\u00e8neront dans un voyage \u00e0 travers cette r\u00e9gion pittoresque, vous offrant une perspective unique et un aper\u00e7u profond de son histoire, de sa culture et de ses traditions.<\/span><\/p>\n<p><span style=\"font-weight: 400;\">Pour commencer votre aventure, nous organiserons un ramassage priv\u00e9 \u00e0 Santiago. Nous comprenons que les besoins de chaque voyageur sont diff\u00e9rents, et nous travaillerons avec vous pour cr\u00e9er un itin\u00e9raire personnalis\u00e9 qui correspond \u00e0 vos int\u00e9r\u00eats et \u00e0 vos contraintes de temps. Nous pouvons \u00e9galement vous sugg\u00e9rer certains des meilleurs endroits \u00e0 visiter dans la r\u00e9gion si vous ne savez pas par o\u00f9 commencer.<\/span><\/p>\n<p><span style=\"font-weight: 400;\">Alors que nous nous dirigeons vers Bajo Mi\u00f1o, vous aurez droit \u00e0 des vues imprenables sur la campagne environnante. Une fois arriv\u00e9, vous aurez votre guide officiel priv\u00e9 \u00e0 votre disposition pendant toute la dur\u00e9e de l&#8217;excursion. Que vous souhaitiez explorer les sites historiques de la r\u00e9gion, go\u00fbter \u00e0 sa d\u00e9licieuse cuisine ou simplement vous impr\u00e9gner de sa beaut\u00e9 naturelle, nous ferons en sorte que votre visite soit personnalis\u00e9e \u00e0 votre go\u00fbt.<\/span><\/p>\n<p><span style=\"font-weight: 400;\">Au cours de la visite, vous aurez de nombreuses occasions de vous arr\u00eater pour admirer le paysage, prendre des photos et poser toutes les questions que vous souhaitez. Nous vous donnerons un aper\u00e7u fascinant de l&#8217;histoire et de la culture de la r\u00e9gion, et nous vous emm\u00e8nerons dans certains des meilleurs endroits pour d\u00e9guster de d\u00e9licieux plats et vins.<\/span><\/p>\n<p><span style=\"font-weight: 400;\">\u00c0 la fin de votre visite priv\u00e9e du Bajo Mi\u00f1o et du Portugal, nous vous d\u00e9poserons \u00e0 l&#8217;endroit de votre choix, en vous sentant enrichi par votre exp\u00e9rience de voyage unique. Contactez-nous d\u00e8s aujourd&#8217;hui pour r\u00e9server votre circuit personnalis\u00e9 et laissez-nous vous montrer la magie du Bajo Mi\u00f1o et du Portugal.<\/span><\/p>\n<h2><b>Circuit priv\u00e9 Bajo Mi\u00f1o et Portugal | Points d&#8217;int\u00e9r\u00eat et points de rep\u00e8re<\/b><\/h2>\n<p><span style=\"font-weight: 400;\">D\u00e9couvrez le meilleur du Bajo Mi\u00f1o et du Portugal avec notre visite priv\u00e9e. Profitez d&#8217;un ramassage confortable dans la ville de votre choix et dirigez-vous vers Bajo Mi\u00f1o, situ\u00e9 dans la province galicienne de Pontevedra.<\/span><\/p>\n<h3><b>Superbes vues sur la R\u00eda de Vigo :<\/b><\/h3>\n<p><span style=\"font-weight: 400;\">Depuis le magnifique estuaire de la R\u00eda de Vigo, vous pouvez assister \u00e0 un impressionnant spectacle de vie marine, notamment des dauphins et des oiseaux de mer. N&#8217;oubliez pas votre appareil photo pour capturer la beaut\u00e9 de cette merveille naturelle \u00e0 couper le souffle.<\/span><\/p>\n<h3><b>Vues de la Valle del Mi\u00f1o :<\/b><\/h3>\n<p><span style=\"font-weight: 400;\">La Valle del Mi\u00f1o est un paradis pour les amoureux de la nature. Avec ses collines ondulantes et ses for\u00eats vierges, c&#8217;est l&#8217;endroit id\u00e9al pour \u00e9chapper \u00e0 l&#8217;agitation de la vie urbaine et renouer avec la nature.<\/span><\/p>\n<h3><b>Sites sociaux, culturels et religieux :<\/b><\/h3>\n<p><span style=\"font-weight: 400;\">Plongez dans la riche culture et l&#8217;histoire du Baixo Mi\u00f1o en explorant ses charmantes villes et ses villages pittoresques. Visitez des lieux historiques et des sites religieux pour d\u00e9couvrir le pass\u00e9 et les traditions fascinantes de la r\u00e9gion.<\/span><\/p>\n<p><span style=\"font-weight: 400;\">Chez Tour Travel &amp; More, nous proposons des visites priv\u00e9es dans tout le <\/span><a href=\"https:\/\/tourtravelandmore.com\/fr\/city\/portugal-fr\/\"><span style=\"font-weight: 400;\">Portugal<\/span><\/a><span style=\"font-weight: 400;\"> et l&#8217;<\/span><a href=\"https:\/\/tourtravelandmore.com\/fr\/city\/espagne-fr\/\"><span style=\"font-weight: 400;\">Espagne<\/span><\/a><span style=\"font-weight: 400;\">, ainsi que dans n&#8217;importe quelle ville du monde. Apr\u00e8s avoir profit\u00e9 du meilleur du Bajo Mi\u00f1o et du Portugal, nous vous assurerons un retour confortable et s\u00fbr \u00e0 votre h\u00f4tel ou au lieu de votre choix.<\/span><\/p>\n","protected":false},"excerpt":{"rendered":"<p>Profitez de cette visite priv\u00e9e avec un guide officiel. D\u00e9couvrez Bajo Mi\u00f1o et les sites les plus embl\u00e9matiques du Portugal. Visite priv\u00e9e de Bajo Mi\u00f1o et du Portugal. Guide touristique officiel priv\u00e9 et v\u00e9hicule de luxe priv\u00e9 avec chauffeur.<\/p>\n","protected":false},"featured_media":94112,"comment_status":"open","ping_status":"closed","template":"","meta":{"_acf_changed":false},"product_brand":[],"product_cat":[4438,4437,5126,3589],"product_tag":[],"class_list":{"0":"post-98976","1":"product","2":"type-product","3":"status-publish","4":"has-post-thumbnail","6":"product_cat-all-private-tours-activities-fr-21","7":"product_cat-private-shore-excursions-fr-8","8":"product_cat-private-sightseeing-tours-fr-31","9":"product_cat-santiagodecompsotela-fr","11":"first","12":"instock","13":"shipping-taxable","14":"purchasable","15":"product-type-simple"},"acf":[],"yoast_head":"<!-- This site is optimized with the Yoast SEO Premium plugin v25.3.1 (Yoast SEO v25.3.1) - https:\/\/yoast.com\/wordpress\/plugins\/seo\/ -->\n<title>Visite priv\u00e9e de Bajo Mi\u00f1o et du Portugal - Visite priv\u00e9e de la Galice<\/title>\n<meta name=\"description\" content=\"Profitez de cette visite priv\u00e9e avec un guide officiel. D\u00e9couvrez Bajo Mi\u00f1o et les sites les plus embl\u00e9matiques du Portugal. Visite priv\u00e9e de Bajo Mi\u00f1o et du Portugal.\" \/>\n<meta name=\"robots\" content=\"index, follow, max-snippet:-1, max-image-preview:large, max-video-preview:-1\" \/>\n<link rel=\"canonical\" href=\"https:\/\/tourtravelandmore.com\/fr\/tours\/espagne-fr\/santiagodecompsotela-fr\/visite-privee-de-bajo-mino-et-du-portugal\/\" \/>\n<meta property=\"og:locale\" content=\"fr_FR\" \/>\n<meta property=\"og:type\" content=\"article\" \/>\n<meta property=\"og:title\" content=\"Bajo Mi\u00f1o et le Portugal lors d&#039;un circuit priv\u00e9 depuis Saint-Jacques-de-Compostelle\" \/>\n<meta property=\"og:description\" content=\"Profitez de cette visite priv\u00e9e avec un guide officiel. D\u00e9couvrez Bajo Mi\u00f1o et les sites les plus embl\u00e9matiques du Portugal. Visite priv\u00e9e de Bajo Mi\u00f1o et du Portugal.\" \/>\n<meta property=\"og:url\" content=\"https:\/\/tourtravelandmore.com\/fr\/tours\/espagne-fr\/santiagodecompsotela-fr\/visite-privee-de-bajo-mino-et-du-portugal\/\" \/>\n<meta property=\"og:site_name\" content=\"Tour Travel And More\" \/>\n<meta property=\"article:publisher\" content=\"https:\/\/www.facebook.com\/tourtravelandmore\/\" \/>\n<meta property=\"article:modified_time\" content=\"2024-11-25T15:44:47+00:00\" \/>\n<meta property=\"og:image\" content=\"https:\/\/tourtravelandmore.com\/wp-content\/uploads\/2017\/01\/Bajo-Min\u00cc\u0192o-02.jpg\" \/>\n\t<meta property=\"og:image:width\" content=\"1100\" \/>\n\t<meta property=\"og:image:height\" content=\"825\" \/>\n\t<meta property=\"og:image:type\" content=\"image\/jpeg\" \/>\n<meta name=\"twitter:card\" content=\"summary_large_image\" \/>\n<meta name=\"twitter:site\" content=\"@TourTravel_More\" \/>\n<meta name=\"twitter:label1\" content=\"Dur\u00e9e de lecture estim\u00e9e\" \/>\n\t<meta name=\"twitter:data1\" content=\"3 minutes\" \/>\n<script type=\"application\/ld+json\" class=\"yoast-schema-graph\">{\"@context\":\"https:\/\/schema.org\",\"@graph\":[{\"@type\":\"WebPage\",\"@id\":\"https:\/\/tourtravelandmore.com\/fr\/tours\/espagne-fr\/santiagodecompsotela-fr\/visite-privee-de-bajo-mino-et-du-portugal\/\",\"url\":\"https:\/\/tourtravelandmore.com\/fr\/tours\/espagne-fr\/santiagodecompsotela-fr\/visite-privee-de-bajo-mino-et-du-portugal\/\",\"name\":\"Visite priv\u00e9e de Bajo Mi\u00f1o et du Portugal - Visite priv\u00e9e de la Galice\",\"isPartOf\":{\"@id\":\"https:\/\/tourtravelandmore.com\/fr\/#website\"},\"primaryImageOfPage\":{\"@id\":\"https:\/\/tourtravelandmore.com\/fr\/tours\/espagne-fr\/santiagodecompsotela-fr\/visite-privee-de-bajo-mino-et-du-portugal\/#primaryimage\"},\"image\":{\"@id\":\"https:\/\/tourtravelandmore.com\/fr\/tours\/espagne-fr\/santiagodecompsotela-fr\/visite-privee-de-bajo-mino-et-du-portugal\/#primaryimage\"},\"thumbnailUrl\":\"https:\/\/tourtravelandmore.com\/wp-content\/uploads\/2017\/01\/Bajo-Min\u00cc\u0192o-02.jpg\",\"datePublished\":\"2017-01-24T08:44:34+00:00\",\"dateModified\":\"2024-11-25T15:44:47+00:00\",\"description\":\"Profitez de cette visite priv\u00e9e avec un guide officiel. D\u00e9couvrez Bajo Mi\u00f1o et les sites les plus embl\u00e9matiques du Portugal. Visite priv\u00e9e de Bajo Mi\u00f1o et du Portugal.\",\"breadcrumb\":{\"@id\":\"https:\/\/tourtravelandmore.com\/fr\/tours\/espagne-fr\/santiagodecompsotela-fr\/visite-privee-de-bajo-mino-et-du-portugal\/#breadcrumb\"},\"inLanguage\":\"fr-FR\",\"potentialAction\":[{\"@type\":\"ReadAction\",\"target\":[\"https:\/\/tourtravelandmore.com\/fr\/tours\/espagne-fr\/santiagodecompsotela-fr\/visite-privee-de-bajo-mino-et-du-portugal\/\"]}]},{\"@type\":\"ImageObject\",\"inLanguage\":\"fr-FR\",\"@id\":\"https:\/\/tourtravelandmore.com\/fr\/tours\/espagne-fr\/santiagodecompsotela-fr\/visite-privee-de-bajo-mino-et-du-portugal\/#primaryimage\",\"url\":\"https:\/\/tourtravelandmore.com\/wp-content\/uploads\/2017\/01\/Bajo-Min\u00cc\u0192o-02.jpg\",\"contentUrl\":\"https:\/\/tourtravelandmore.com\/wp-content\/uploads\/2017\/01\/Bajo-Min\u00cc\u0192o-02.jpg\",\"width\":1100,\"height\":825},{\"@type\":\"BreadcrumbList\",\"@id\":\"https:\/\/tourtravelandmore.com\/fr\/tours\/espagne-fr\/santiagodecompsotela-fr\/visite-privee-de-bajo-mino-et-du-portugal\/#breadcrumb\",\"itemListElement\":[{\"@type\":\"ListItem\",\"position\":1,\"name\":\"Home\",\"item\":\"https:\/\/tourtravelandmore.com\/fr\/\"},{\"@type\":\"ListItem\",\"position\":2,\"name\":\"Tours\",\"item\":\"https:\/\/tourtravelandmore.com\/fr\/tours\/\"},{\"@type\":\"ListItem\",\"position\":3,\"name\":\"Bajo Mi\u00f1o et le Portugal lors d&#8217;un circuit priv\u00e9 depuis Saint-Jacques-de-Compostelle\"}]},{\"@type\":\"WebSite\",\"@id\":\"https:\/\/tourtravelandmore.com\/fr\/#website\",\"url\":\"https:\/\/tourtravelandmore.com\/fr\/\",\"name\":\"Tour Travel And More\",\"description\":\"Private sightseeing tours and luxury transfers in Spain\",\"publisher\":{\"@id\":\"https:\/\/tourtravelandmore.com\/fr\/#organization\"},\"potentialAction\":[{\"@type\":\"SearchAction\",\"target\":{\"@type\":\"EntryPoint\",\"urlTemplate\":\"https:\/\/tourtravelandmore.com\/fr\/?s={search_term_string}\"},\"query-input\":{\"@type\":\"PropertyValueSpecification\",\"valueRequired\":true,\"valueName\":\"search_term_string\"}}],\"inLanguage\":\"fr-FR\"},{\"@type\":\"Organization\",\"@id\":\"https:\/\/tourtravelandmore.com\/fr\/#organization\",\"name\":\"Tour Travel And More\",\"url\":\"https:\/\/tourtravelandmore.com\/fr\/\",\"logo\":{\"@type\":\"ImageObject\",\"inLanguage\":\"fr-FR\",\"@id\":\"https:\/\/tourtravelandmore.com\/fr\/#\/schema\/logo\/image\/\",\"url\":\"https:\/\/tourtravelandmore.com\/wp-content\/uploads\/2022\/12\/cropped-logo-cabecera-new.png\",\"contentUrl\":\"https:\/\/tourtravelandmore.com\/wp-content\/uploads\/2022\/12\/cropped-logo-cabecera-new.png\",\"width\":430,\"height\":61,\"caption\":\"Tour Travel And More\"},\"image\":{\"@id\":\"https:\/\/tourtravelandmore.com\/fr\/#\/schema\/logo\/image\/\"},\"sameAs\":[\"https:\/\/www.facebook.com\/tourtravelandmore\/\",\"https:\/\/x.com\/TourTravel_More\"]}]}<\/script>\n<!-- \/ Yoast SEO Premium plugin. -->","yoast_head_json":{"title":"Visite priv\u00e9e de Bajo Mi\u00f1o et du Portugal - Visite priv\u00e9e de la Galice","description":"Profitez de cette visite priv\u00e9e avec un guide officiel. D\u00e9couvrez Bajo Mi\u00f1o et les sites les plus embl\u00e9matiques du Portugal. Visite priv\u00e9e de Bajo Mi\u00f1o et du Portugal.","robots":{"index":"index","follow":"follow","max-snippet":"max-snippet:-1","max-image-preview":"max-image-preview:large","max-video-preview":"max-video-preview:-1"},"canonical":"https:\/\/tourtravelandmore.com\/fr\/tours\/espagne-fr\/santiagodecompsotela-fr\/visite-privee-de-bajo-mino-et-du-portugal\/","og_locale":"fr_FR","og_type":"article","og_title":"Bajo Mi\u00f1o et le Portugal lors d'un circuit priv\u00e9 depuis Saint-Jacques-de-Compostelle","og_description":"Profitez de cette visite priv\u00e9e avec un guide officiel. D\u00e9couvrez Bajo Mi\u00f1o et les sites les plus embl\u00e9matiques du Portugal. Visite priv\u00e9e de Bajo Mi\u00f1o et du Portugal.","og_url":"https:\/\/tourtravelandmore.com\/fr\/tours\/espagne-fr\/santiagodecompsotela-fr\/visite-privee-de-bajo-mino-et-du-portugal\/","og_site_name":"Tour Travel And More","article_publisher":"https:\/\/www.facebook.com\/tourtravelandmore\/","article_modified_time":"2024-11-25T15:44:47+00:00","og_image":[{"width":1100,"height":825,"url":"https:\/\/tourtravelandmore.com\/wp-content\/uploads\/2017\/01\/Bajo-Min\u00cc\u0192o-02.jpg","type":"image\/jpeg"}],"twitter_card":"summary_large_image","twitter_site":"@TourTravel_More","twitter_misc":{"Dur\u00e9e de lecture estim\u00e9e":"3 minutes"},"schema":{"@context":"https:\/\/schema.org","@graph":[{"@type":"WebPage","@id":"https:\/\/tourtravelandmore.com\/fr\/tours\/espagne-fr\/santiagodecompsotela-fr\/visite-privee-de-bajo-mino-et-du-portugal\/","url":"https:\/\/tourtravelandmore.com\/fr\/tours\/espagne-fr\/santiagodecompsotela-fr\/visite-privee-de-bajo-mino-et-du-portugal\/","name":"Visite priv\u00e9e de Bajo Mi\u00f1o et du Portugal - Visite priv\u00e9e de la Galice","isPartOf":{"@id":"https:\/\/tourtravelandmore.com\/fr\/#website"},"primaryImageOfPage":{"@id":"https:\/\/tourtravelandmore.com\/fr\/tours\/espagne-fr\/santiagodecompsotela-fr\/visite-privee-de-bajo-mino-et-du-portugal\/#primaryimage"},"image":{"@id":"https:\/\/tourtravelandmore.com\/fr\/tours\/espagne-fr\/santiagodecompsotela-fr\/visite-privee-de-bajo-mino-et-du-portugal\/#primaryimage"},"thumbnailUrl":"https:\/\/tourtravelandmore.com\/wp-content\/uploads\/2017\/01\/Bajo-Min\u00cc\u0192o-02.jpg","datePublished":"2017-01-24T08:44:34+00:00","dateModified":"2024-11-25T15:44:47+00:00","description":"Profitez de cette visite priv\u00e9e avec un guide officiel. D\u00e9couvrez Bajo Mi\u00f1o et les sites les plus embl\u00e9matiques du Portugal. Visite priv\u00e9e de Bajo Mi\u00f1o et du Portugal.","breadcrumb":{"@id":"https:\/\/tourtravelandmore.com\/fr\/tours\/espagne-fr\/santiagodecompsotela-fr\/visite-privee-de-bajo-mino-et-du-portugal\/#breadcrumb"},"inLanguage":"fr-FR","potentialAction":[{"@type":"ReadAction","target":["https:\/\/tourtravelandmore.com\/fr\/tours\/espagne-fr\/santiagodecompsotela-fr\/visite-privee-de-bajo-mino-et-du-portugal\/"]}]},{"@type":"ImageObject","inLanguage":"fr-FR","@id":"https:\/\/tourtravelandmore.com\/fr\/tours\/espagne-fr\/santiagodecompsotela-fr\/visite-privee-de-bajo-mino-et-du-portugal\/#primaryimage","url":"https:\/\/tourtravelandmore.com\/wp-content\/uploads\/2017\/01\/Bajo-Min\u00cc\u0192o-02.jpg","contentUrl":"https:\/\/tourtravelandmore.com\/wp-content\/uploads\/2017\/01\/Bajo-Min\u00cc\u0192o-02.jpg","width":1100,"height":825},{"@type":"BreadcrumbList","@id":"https:\/\/tourtravelandmore.com\/fr\/tours\/espagne-fr\/santiagodecompsotela-fr\/visite-privee-de-bajo-mino-et-du-portugal\/#breadcrumb","itemListElement":[{"@type":"ListItem","position":1,"name":"Home","item":"https:\/\/tourtravelandmore.com\/fr\/"},{"@type":"ListItem","position":2,"name":"Tours","item":"https:\/\/tourtravelandmore.com\/fr\/tours\/"},{"@type":"ListItem","position":3,"name":"Bajo Mi\u00f1o et le Portugal lors d&#8217;un circuit priv\u00e9 depuis Saint-Jacques-de-Compostelle"}]},{"@type":"WebSite","@id":"https:\/\/tourtravelandmore.com\/fr\/#website","url":"https:\/\/tourtravelandmore.com\/fr\/","name":"Tour Travel And More","description":"Private sightseeing tours and luxury transfers in Spain","publisher":{"@id":"https:\/\/tourtravelandmore.com\/fr\/#organization"},"potentialAction":[{"@type":"SearchAction","target":{"@type":"EntryPoint","urlTemplate":"https:\/\/tourtravelandmore.com\/fr\/?s={search_term_string}"},"query-input":{"@type":"PropertyValueSpecification","valueRequired":true,"valueName":"search_term_string"}}],"inLanguage":"fr-FR"},{"@type":"Organization","@id":"https:\/\/tourtravelandmore.com\/fr\/#organization","name":"Tour Travel And More","url":"https:\/\/tourtravelandmore.com\/fr\/","logo":{"@type":"ImageObject","inLanguage":"fr-FR","@id":"https:\/\/tourtravelandmore.com\/fr\/#\/schema\/logo\/image\/","url":"https:\/\/tourtravelandmore.com\/wp-content\/uploads\/2022\/12\/cropped-logo-cabecera-new.png","contentUrl":"https:\/\/tourtravelandmore.com\/wp-content\/uploads\/2022\/12\/cropped-logo-cabecera-new.png","width":430,"height":61,"caption":"Tour Travel And More"},"image":{"@id":"https:\/\/tourtravelandmore.com\/fr\/#\/schema\/logo\/image\/"},"sameAs":["https:\/\/www.facebook.com\/tourtravelandmore\/","https:\/\/x.com\/TourTravel_More"]}]}},"_links":{"self":[{"href":"https:\/\/tourtravelandmore.com\/fr\/wp-json\/wp\/v2\/product\/98976","targetHints":{"allow":["GET"]}}],"collection":[{"href":"https:\/\/tourtravelandmore.com\/fr\/wp-json\/wp\/v2\/product"}],"about":[{"href":"https:\/\/tourtravelandmore.com\/fr\/wp-json\/wp\/v2\/types\/product"}],"replies":[{"embeddable":true,"href":"https:\/\/tourtravelandmore.com\/fr\/wp-json\/wp\/v2\/comments?post=98976"}],"wp:featuredmedia":[{"embeddable":true,"href":"https:\/\/tourtravelandmore.com\/fr\/wp-json\/wp\/v2\/media\/94112"}],"wp:attachment":[{"href":"https:\/\/tourtravelandmore.com\/fr\/wp-json\/wp\/v2\/media?parent=98976"}],"wp:term":[{"taxonomy":"product_brand","embeddable":true,"href":"https:\/\/tourtravelandmore.com\/fr\/wp-json\/wp\/v2\/product_brand?post=98976"},{"taxonomy":"product_cat","embeddable":true,"href":"https:\/\/tourtravelandmore.com\/fr\/wp-json\/wp\/v2\/product_cat?post=98976"},{"taxonomy":"product_tag","embeddable":true,"href":"https:\/\/tourtravelandmore.com\/fr\/wp-json\/wp\/v2\/product_tag?post=98976"}],"curies":[{"name":"wp","href":"https:\/\/api.w.org\/{rel}","templated":true}]}}