{"id":98966,"date":"2020-01-16T11:31:23","date_gmt":"2020-01-16T10:31:23","guid":{"rendered":"https:\/\/tourtravelandmore.com\/tours\/non%20class\u00e9\/visite-privee-a-pied-de-la-corogne\/"},"modified":"2024-09-27T18:25:21","modified_gmt":"2024-09-27T16:25:21","slug":"visite-privee-a-pied-de-la-corogne","status":"publish","type":"product","link":"https:\/\/tourtravelandmore.com\/fr\/tours\/espagne-fr\/lacorogne-fr\/visite-privee-a-pied-de-la-corogne\/","title":{"rendered":"Visite priv\u00e9e \u00e0 pied de La Corogne"},"content":{"rendered":"<h2>La description<\/h2>\n<p>Connait La Corogne de mani\u00e8re agr\u00e9able, personnelle et \u00e9ducative. Laissez cette ville vous envelopper pendant 3 heures. Laissez chaque coin vous parler. Demandez \u00e0 notre guide priv\u00e9 de vous emmener au plus profond de vous et laissez l&#8217;histoire d&#8217;une si belle ville provoquer de nouvelles sensations de ceux qui h\u00e9rissent les poils de votre corps. C&#8217;est une excellente visite priv\u00e9e \u00e0 pied de La Corogne rien que pour vous.<\/p>\n<p>Bienvenue \u00e0 Crystal City, un lieu qui allie beaut\u00e9, force et histoire. Ceci est une excellente visite \u00e0 pied priv\u00e9e de La Corogne!<\/p>\n<p>Vous pouvez vous promener dans ses rues \u00e9troites en compagnie d&#8217;un guide personnel comp\u00e9tent de la r\u00e9gion. Nous sommes en mesure de vous offrir un large \u00e9ventail d&#8217;exp\u00e9riences qui deviendront s\u00fbrement des souvenirs inoubliables.<\/p>\n<p>\u00c0 c\u00f4t\u00e9 de cela, vous traverserez l&#8217;une des \u0153uvres architecturales qui ont entra\u00een\u00e9 une r\u00e9volution au d\u00e9but du XIXe si\u00e8cle. Vous escaladerez un phare datant du IIe si\u00e8cle apr\u00e8s JC et vous d\u00e9gusterez les mets les plus riches que cette belle ville portuaire puisse vous offrir.<\/p>\n<h2>Sites d&#8217;int\u00e9r\u00eat et monuments<\/h2>\n<p>Le point de rencontre sera l&#8217;Ob\u00e9lisque. Il est situ\u00e9 en plein centre de la ville, de l\u00e0 nous nous dirigerons vers les cantons. Nous nous retrouverons face \u00e0 face avec un ensemble de personnages c\u00e9l\u00e8bres qui ont \u00e9t\u00e9 sculpt\u00e9s et dispers\u00e9s dans les rues. Il est parti \u00e0 La Corogne peupl\u00e9e de statues de bronze. Parmi eux, l&#8217;un des plus connus est celui de John Lennon.<\/p>\n<p>Lors de notre visite, nous rencontrerons \u00e9galement des b\u00e2timents majestueux tels que le th\u00e9\u00e2tre Columbus ou le kiosque Alfonzo. Nous atteindrons ensuite le Maritime Club, un lieu qui vous coupera le souffle gr\u00e2ce aux galeries couvertes de verre de Marina Avenue. C&#8217;est la raison fondamentale pour laquelle La Corogne est \u00e9galement appel\u00e9e la ville de cristal.<\/p>\n<p>Nous continuerons notre excursion en nous plongeant dans la vieille ville. Ici, vous visiterez la place Mar\u00eda Pita pour expliquer qui \u00e9tait cette femme extraordinaire et pourquoi elle est consid\u00e9r\u00e9e comme un h\u00e9ros.<\/p>\n<p>Ensuite, nous nous prom\u00e8nerons dans la partie m\u00e9di\u00e9vale, o\u00f9 nous visiterons l&#8217;\u00e9glise de Santiago et les jardins de San Carlos. C&#8217;est un point d&#8217;une grande importance pendant la guerre d&#8217;ind\u00e9pendance espagnole, nous aurons \u00e9galement l&#8217;occasion de visiter la tombe du g\u00e9n\u00e9ral Moore.<\/p>\n<p>Le prochain arr\u00eat sera Calle Real (Royal Street). Ici, nous pouvons acheter des souvenirs de cette promenade et d\u00e9guster la cuisine typique de La Corogne au march\u00e9 de San Agust\u00edn. Nous aurons \u00e9galement l&#8217;occasion de voir la grande vari\u00e9t\u00e9 de produits frais de l&#8217;estuaire.<\/p>\n<p>Nous ferons une courte promenade \u00e0 travers la Plaza del Humor (place de l&#8217;humour). Aller visiter la tour d&#8217;Hercule, qui est le plus ancien phare romain du monde, pour ne pas dire que c&#8217;est le seul encore debout.<\/p>\n<p>D\u00e9couvrez nos autres circuits \u00e0 La Corogne.<\/p>\n","protected":false},"excerpt":{"rendered":"<p>Visite priv\u00e9e \u00e0 pied de La Corogne. Monuments et sites les plus importants. Profitez de cette occasion pour d\u00e9couvrir A coru\u00f1a dans cette exp\u00e9rience.<\/p>\n","protected":false},"featured_media":96960,"comment_status":"open","ping_status":"closed","template":"","meta":{"_acf_changed":false},"product_brand":[],"product_cat":[5129,5438,3541,3570],"product_tag":[],"class_list":{"0":"post-98966","1":"product","2":"type-product","3":"status-publish","4":"has-post-thumbnail","6":"product_cat-all-private-tours-activities-fr-27","7":"product_cat-private-walking-tours-fr-20","8":"product_cat-espagne-fr","9":"product_cat-lacorogne-fr","11":"first","12":"instock","13":"shipping-taxable","14":"purchasable","15":"product-type-simple"},"acf":[],"yoast_head":"<!-- This site is optimized with the Yoast SEO Premium plugin v25.3.1 (Yoast SEO v25.3.1) - https:\/\/yoast.com\/wordpress\/plugins\/seo\/ -->\n<title>Visite priv\u00e9e \u00e0 pied de La Corogne - Guide touristique officiel priv\u00e9<\/title>\n<meta name=\"description\" content=\"Visite priv\u00e9e \u00e0 pied de La Corogne. Monuments et sites les plus importants. Profitez de cette occasion pour d\u00e9couvrir A coru\u00f1a dans cette exp\u00e9rience.\" \/>\n<meta name=\"robots\" content=\"index, follow, max-snippet:-1, max-image-preview:large, max-video-preview:-1\" \/>\n<link rel=\"canonical\" href=\"https:\/\/tourtravelandmore.com\/fr\/tours\/espagne-fr\/lacorogne-fr\/visite-privee-a-pied-de-la-corogne\/\" \/>\n<meta property=\"og:locale\" content=\"fr_FR\" \/>\n<meta property=\"og:type\" content=\"article\" \/>\n<meta property=\"og:title\" content=\"Visite priv\u00e9e \u00e0 pied de La Corogne\" \/>\n<meta property=\"og:description\" content=\"Visite priv\u00e9e \u00e0 pied de La Corogne. Monuments et sites les plus importants. Profitez de cette occasion pour d\u00e9couvrir A coru\u00f1a dans cette exp\u00e9rience.\" \/>\n<meta property=\"og:url\" content=\"https:\/\/tourtravelandmore.com\/fr\/tours\/espagne-fr\/lacorogne-fr\/visite-privee-a-pied-de-la-corogne\/\" \/>\n<meta property=\"og:site_name\" content=\"Tour Travel And More\" \/>\n<meta property=\"article:publisher\" content=\"https:\/\/www.facebook.com\/tourtravelandmore\/\" \/>\n<meta property=\"article:modified_time\" content=\"2024-09-27T16:25:21+00:00\" \/>\n<meta property=\"og:image\" content=\"https:\/\/tourtravelandmore.com\/wp-content\/uploads\/2020\/01\/faro-vilan-3875989_960_720.jpg\" \/>\n\t<meta property=\"og:image:width\" content=\"960\" \/>\n\t<meta property=\"og:image:height\" content=\"640\" \/>\n\t<meta property=\"og:image:type\" content=\"image\/jpeg\" \/>\n<meta name=\"twitter:card\" content=\"summary_large_image\" \/>\n<meta name=\"twitter:site\" content=\"@TourTravel_More\" \/>\n<meta name=\"twitter:label1\" content=\"Dur\u00e9e de lecture estim\u00e9e\" \/>\n\t<meta name=\"twitter:data1\" content=\"2 minutes\" \/>\n<script type=\"application\/ld+json\" class=\"yoast-schema-graph\">{\"@context\":\"https:\/\/schema.org\",\"@graph\":[{\"@type\":\"WebPage\",\"@id\":\"https:\/\/tourtravelandmore.com\/fr\/tours\/espagne-fr\/lacorogne-fr\/visite-privee-a-pied-de-la-corogne\/\",\"url\":\"https:\/\/tourtravelandmore.com\/fr\/tours\/espagne-fr\/lacorogne-fr\/visite-privee-a-pied-de-la-corogne\/\",\"name\":\"Visite priv\u00e9e \u00e0 pied de La Corogne - Guide touristique officiel priv\u00e9\",\"isPartOf\":{\"@id\":\"https:\/\/tourtravelandmore.com\/fr\/#website\"},\"primaryImageOfPage\":{\"@id\":\"https:\/\/tourtravelandmore.com\/fr\/tours\/espagne-fr\/lacorogne-fr\/visite-privee-a-pied-de-la-corogne\/#primaryimage\"},\"image\":{\"@id\":\"https:\/\/tourtravelandmore.com\/fr\/tours\/espagne-fr\/lacorogne-fr\/visite-privee-a-pied-de-la-corogne\/#primaryimage\"},\"thumbnailUrl\":\"https:\/\/tourtravelandmore.com\/wp-content\/uploads\/2020\/01\/faro-vilan-3875989_960_720.jpg\",\"datePublished\":\"2020-01-16T10:31:23+00:00\",\"dateModified\":\"2024-09-27T16:25:21+00:00\",\"description\":\"Visite priv\u00e9e \u00e0 pied de La Corogne. Monuments et sites les plus importants. Profitez de cette occasion pour d\u00e9couvrir A coru\u00f1a dans cette exp\u00e9rience.\",\"breadcrumb\":{\"@id\":\"https:\/\/tourtravelandmore.com\/fr\/tours\/espagne-fr\/lacorogne-fr\/visite-privee-a-pied-de-la-corogne\/#breadcrumb\"},\"inLanguage\":\"fr-FR\",\"potentialAction\":[{\"@type\":\"ReadAction\",\"target\":[\"https:\/\/tourtravelandmore.com\/fr\/tours\/espagne-fr\/lacorogne-fr\/visite-privee-a-pied-de-la-corogne\/\"]}]},{\"@type\":\"ImageObject\",\"inLanguage\":\"fr-FR\",\"@id\":\"https:\/\/tourtravelandmore.com\/fr\/tours\/espagne-fr\/lacorogne-fr\/visite-privee-a-pied-de-la-corogne\/#primaryimage\",\"url\":\"https:\/\/tourtravelandmore.com\/wp-content\/uploads\/2020\/01\/faro-vilan-3875989_960_720.jpg\",\"contentUrl\":\"https:\/\/tourtravelandmore.com\/wp-content\/uploads\/2020\/01\/faro-vilan-3875989_960_720.jpg\",\"width\":960,\"height\":640},{\"@type\":\"BreadcrumbList\",\"@id\":\"https:\/\/tourtravelandmore.com\/fr\/tours\/espagne-fr\/lacorogne-fr\/visite-privee-a-pied-de-la-corogne\/#breadcrumb\",\"itemListElement\":[{\"@type\":\"ListItem\",\"position\":1,\"name\":\"Home\",\"item\":\"https:\/\/tourtravelandmore.com\/fr\/\"},{\"@type\":\"ListItem\",\"position\":2,\"name\":\"Tours\",\"item\":\"https:\/\/tourtravelandmore.com\/fr\/tours\/\"},{\"@type\":\"ListItem\",\"position\":3,\"name\":\"Visite priv\u00e9e \u00e0 pied de La Corogne\"}]},{\"@type\":\"WebSite\",\"@id\":\"https:\/\/tourtravelandmore.com\/fr\/#website\",\"url\":\"https:\/\/tourtravelandmore.com\/fr\/\",\"name\":\"Tour Travel And More\",\"description\":\"Private sightseeing tours and luxury transfers in Spain\",\"publisher\":{\"@id\":\"https:\/\/tourtravelandmore.com\/fr\/#organization\"},\"potentialAction\":[{\"@type\":\"SearchAction\",\"target\":{\"@type\":\"EntryPoint\",\"urlTemplate\":\"https:\/\/tourtravelandmore.com\/fr\/?s={search_term_string}\"},\"query-input\":{\"@type\":\"PropertyValueSpecification\",\"valueRequired\":true,\"valueName\":\"search_term_string\"}}],\"inLanguage\":\"fr-FR\"},{\"@type\":\"Organization\",\"@id\":\"https:\/\/tourtravelandmore.com\/fr\/#organization\",\"name\":\"Tour Travel And More\",\"url\":\"https:\/\/tourtravelandmore.com\/fr\/\",\"logo\":{\"@type\":\"ImageObject\",\"inLanguage\":\"fr-FR\",\"@id\":\"https:\/\/tourtravelandmore.com\/fr\/#\/schema\/logo\/image\/\",\"url\":\"https:\/\/tourtravelandmore.com\/wp-content\/uploads\/2022\/12\/cropped-logo-cabecera-new.png\",\"contentUrl\":\"https:\/\/tourtravelandmore.com\/wp-content\/uploads\/2022\/12\/cropped-logo-cabecera-new.png\",\"width\":430,\"height\":61,\"caption\":\"Tour Travel And More\"},\"image\":{\"@id\":\"https:\/\/tourtravelandmore.com\/fr\/#\/schema\/logo\/image\/\"},\"sameAs\":[\"https:\/\/www.facebook.com\/tourtravelandmore\/\",\"https:\/\/x.com\/TourTravel_More\"]}]}<\/script>\n<!-- \/ Yoast SEO Premium plugin. -->","yoast_head_json":{"title":"Visite priv\u00e9e \u00e0 pied de La Corogne - Guide touristique officiel priv\u00e9","description":"Visite priv\u00e9e \u00e0 pied de La Corogne. Monuments et sites les plus importants. Profitez de cette occasion pour d\u00e9couvrir A coru\u00f1a dans cette exp\u00e9rience.","robots":{"index":"index","follow":"follow","max-snippet":"max-snippet:-1","max-image-preview":"max-image-preview:large","max-video-preview":"max-video-preview:-1"},"canonical":"https:\/\/tourtravelandmore.com\/fr\/tours\/espagne-fr\/lacorogne-fr\/visite-privee-a-pied-de-la-corogne\/","og_locale":"fr_FR","og_type":"article","og_title":"Visite priv\u00e9e \u00e0 pied de La Corogne","og_description":"Visite priv\u00e9e \u00e0 pied de La Corogne. Monuments et sites les plus importants. Profitez de cette occasion pour d\u00e9couvrir A coru\u00f1a dans cette exp\u00e9rience.","og_url":"https:\/\/tourtravelandmore.com\/fr\/tours\/espagne-fr\/lacorogne-fr\/visite-privee-a-pied-de-la-corogne\/","og_site_name":"Tour Travel And More","article_publisher":"https:\/\/www.facebook.com\/tourtravelandmore\/","article_modified_time":"2024-09-27T16:25:21+00:00","og_image":[{"width":960,"height":640,"url":"https:\/\/tourtravelandmore.com\/wp-content\/uploads\/2020\/01\/faro-vilan-3875989_960_720.jpg","type":"image\/jpeg"}],"twitter_card":"summary_large_image","twitter_site":"@TourTravel_More","twitter_misc":{"Dur\u00e9e de lecture estim\u00e9e":"2 minutes"},"schema":{"@context":"https:\/\/schema.org","@graph":[{"@type":"WebPage","@id":"https:\/\/tourtravelandmore.com\/fr\/tours\/espagne-fr\/lacorogne-fr\/visite-privee-a-pied-de-la-corogne\/","url":"https:\/\/tourtravelandmore.com\/fr\/tours\/espagne-fr\/lacorogne-fr\/visite-privee-a-pied-de-la-corogne\/","name":"Visite priv\u00e9e \u00e0 pied de La Corogne - Guide touristique officiel priv\u00e9","isPartOf":{"@id":"https:\/\/tourtravelandmore.com\/fr\/#website"},"primaryImageOfPage":{"@id":"https:\/\/tourtravelandmore.com\/fr\/tours\/espagne-fr\/lacorogne-fr\/visite-privee-a-pied-de-la-corogne\/#primaryimage"},"image":{"@id":"https:\/\/tourtravelandmore.com\/fr\/tours\/espagne-fr\/lacorogne-fr\/visite-privee-a-pied-de-la-corogne\/#primaryimage"},"thumbnailUrl":"https:\/\/tourtravelandmore.com\/wp-content\/uploads\/2020\/01\/faro-vilan-3875989_960_720.jpg","datePublished":"2020-01-16T10:31:23+00:00","dateModified":"2024-09-27T16:25:21+00:00","description":"Visite priv\u00e9e \u00e0 pied de La Corogne. Monuments et sites les plus importants. Profitez de cette occasion pour d\u00e9couvrir A coru\u00f1a dans cette exp\u00e9rience.","breadcrumb":{"@id":"https:\/\/tourtravelandmore.com\/fr\/tours\/espagne-fr\/lacorogne-fr\/visite-privee-a-pied-de-la-corogne\/#breadcrumb"},"inLanguage":"fr-FR","potentialAction":[{"@type":"ReadAction","target":["https:\/\/tourtravelandmore.com\/fr\/tours\/espagne-fr\/lacorogne-fr\/visite-privee-a-pied-de-la-corogne\/"]}]},{"@type":"ImageObject","inLanguage":"fr-FR","@id":"https:\/\/tourtravelandmore.com\/fr\/tours\/espagne-fr\/lacorogne-fr\/visite-privee-a-pied-de-la-corogne\/#primaryimage","url":"https:\/\/tourtravelandmore.com\/wp-content\/uploads\/2020\/01\/faro-vilan-3875989_960_720.jpg","contentUrl":"https:\/\/tourtravelandmore.com\/wp-content\/uploads\/2020\/01\/faro-vilan-3875989_960_720.jpg","width":960,"height":640},{"@type":"BreadcrumbList","@id":"https:\/\/tourtravelandmore.com\/fr\/tours\/espagne-fr\/lacorogne-fr\/visite-privee-a-pied-de-la-corogne\/#breadcrumb","itemListElement":[{"@type":"ListItem","position":1,"name":"Home","item":"https:\/\/tourtravelandmore.com\/fr\/"},{"@type":"ListItem","position":2,"name":"Tours","item":"https:\/\/tourtravelandmore.com\/fr\/tours\/"},{"@type":"ListItem","position":3,"name":"Visite priv\u00e9e \u00e0 pied de La Corogne"}]},{"@type":"WebSite","@id":"https:\/\/tourtravelandmore.com\/fr\/#website","url":"https:\/\/tourtravelandmore.com\/fr\/","name":"Tour Travel And More","description":"Private sightseeing tours and luxury transfers in Spain","publisher":{"@id":"https:\/\/tourtravelandmore.com\/fr\/#organization"},"potentialAction":[{"@type":"SearchAction","target":{"@type":"EntryPoint","urlTemplate":"https:\/\/tourtravelandmore.com\/fr\/?s={search_term_string}"},"query-input":{"@type":"PropertyValueSpecification","valueRequired":true,"valueName":"search_term_string"}}],"inLanguage":"fr-FR"},{"@type":"Organization","@id":"https:\/\/tourtravelandmore.com\/fr\/#organization","name":"Tour Travel And More","url":"https:\/\/tourtravelandmore.com\/fr\/","logo":{"@type":"ImageObject","inLanguage":"fr-FR","@id":"https:\/\/tourtravelandmore.com\/fr\/#\/schema\/logo\/image\/","url":"https:\/\/tourtravelandmore.com\/wp-content\/uploads\/2022\/12\/cropped-logo-cabecera-new.png","contentUrl":"https:\/\/tourtravelandmore.com\/wp-content\/uploads\/2022\/12\/cropped-logo-cabecera-new.png","width":430,"height":61,"caption":"Tour Travel And More"},"image":{"@id":"https:\/\/tourtravelandmore.com\/fr\/#\/schema\/logo\/image\/"},"sameAs":["https:\/\/www.facebook.com\/tourtravelandmore\/","https:\/\/x.com\/TourTravel_More"]}]}},"_links":{"self":[{"href":"https:\/\/tourtravelandmore.com\/fr\/wp-json\/wp\/v2\/product\/98966","targetHints":{"allow":["GET"]}}],"collection":[{"href":"https:\/\/tourtravelandmore.com\/fr\/wp-json\/wp\/v2\/product"}],"about":[{"href":"https:\/\/tourtravelandmore.com\/fr\/wp-json\/wp\/v2\/types\/product"}],"replies":[{"embeddable":true,"href":"https:\/\/tourtravelandmore.com\/fr\/wp-json\/wp\/v2\/comments?post=98966"}],"wp:featuredmedia":[{"embeddable":true,"href":"https:\/\/tourtravelandmore.com\/fr\/wp-json\/wp\/v2\/media\/96960"}],"wp:attachment":[{"href":"https:\/\/tourtravelandmore.com\/fr\/wp-json\/wp\/v2\/media?parent=98966"}],"wp:term":[{"taxonomy":"product_brand","embeddable":true,"href":"https:\/\/tourtravelandmore.com\/fr\/wp-json\/wp\/v2\/product_brand?post=98966"},{"taxonomy":"product_cat","embeddable":true,"href":"https:\/\/tourtravelandmore.com\/fr\/wp-json\/wp\/v2\/product_cat?post=98966"},{"taxonomy":"product_tag","embeddable":true,"href":"https:\/\/tourtravelandmore.com\/fr\/wp-json\/wp\/v2\/product_tag?post=98966"}],"curies":[{"name":"wp","href":"https:\/\/api.w.org\/{rel}","templated":true}]}}