{"id":98961,"date":"2020-01-15T14:15:18","date_gmt":"2020-01-15T13:15:18","guid":{"rendered":"https:\/\/tourtravelandmore.com\/tours\/non%20class\u00e9\/visite-privee-de-saint-jacques-de-compostelle-au-depart-de-la-corogne\/"},"modified":"2024-10-30T14:12:46","modified_gmt":"2024-10-30T13:12:46","slug":"visite-privee-de-saint-jacques-de-compostelle-au-depart-de-la-corogne","status":"publish","type":"product","link":"https:\/\/tourtravelandmore.com\/fr\/tours\/espagne-fr\/lacorogne-fr\/visite-privee-de-saint-jacques-de-compostelle-au-depart-de-la-corogne\/","title":{"rendered":"Visite priv\u00e9e de Saint-Jacques-de-Compostelle depuis La Corogne"},"content":{"rendered":"<h2>Visite priv\u00e9e de Saint-Jacques-de-Compostelle depuis La Corogne Description<\/h2>\n<p>Si vous \u00eates d\u00e9j\u00e0 dans la capitale de la <b><em><strong>province de La Corogne<\/strong><\/em><\/b>, vous pouvez vous rapprocher de la ville de <b><strong>Saint-Jacques-de-Compostelle.<\/strong><\/b> D&#8217;autant plus avec cette super <b><strong>excursion<\/strong><\/b> que nous vous proposons sur <b><strong>Tour Travel &amp; More<\/strong><\/b>. Profitez de notre excursion priv\u00e9e \u00e0 Saint-Jacques-de-Compostelle depuis La Corogne. Nous pouvons \u00e9galement organiser une prise en charge priv\u00e9e depuis le port de croisi\u00e8re en tant qu&#8217;excursion priv\u00e9e \u00e0 terre.<\/p>\n<p>Qu&#8217;est-ce que cette marche vous apporte ? Tout d&#8217;abord, vous aurez la compagnie d&#8217;un <b><strong>guide personnel <\/strong><\/b>qui est \u00e9galement un connaisseur de la ville des p\u00e8lerins et vous aurez \u00e9galement \u00e0 votre disposition un <b><strong>v\u00e9hicule priv\u00e9 de luxe<\/strong><\/b> enti\u00e8rement \u00e9quip\u00e9 afin que vous puissiez voyager confortablement et en toute s\u00e9curit\u00e9 tout au long du voyage, et en outre faire le tour dans le temps estim\u00e9, bien que si vous le souhaitez, nous pouvons prolonger un peu plus.<\/p>\n<h2>Circuit priv\u00e9 \u00e0 Saint-Jacques-de-Compostelle depuis La Corogne | Points d&#8217;int\u00e9r\u00eat et sites touristiques<\/h2>\n<p>Une fois que nous vous aurons pris en charge au point de rendez-vous pr\u00e9vu, nous nous dirigerons vers la fabuleuse et sacr\u00e9e <b><em><strong>cath\u00e9drale de Saint-Jacques-de-Compostelle.<\/strong><\/em><\/b> C&#8217;est l\u00e0 que se trouvent les restes de l&#8217;<em>ap\u00f4tre Saint-Jacques<\/em>. C&#8217;est aussi l&#8217;une des plus grandes beaut\u00e9s architecturales qui exaltent la ville.<\/p>\n<p>L&#8217;entr\u00e9e que nous emprunterons sera celle situ\u00e9e sur la <b><em><strong>place de l&#8217;Obradoiro.<\/strong><\/em><\/b> Nous pourrons entrer directement dans le <b><em><strong>mus\u00e9e de la cath\u00e9drale<\/strong><\/em><\/b> et nous impr\u00e9gner de son histoire avant de p\u00e9n\u00e9trer \u00e0 l&#8217;int\u00e9rieur et de nous laisser \u00e9blouir par son <b><em><strong>ma\u00eetre-autel.<\/strong><\/em><\/b> Ici, si vous le souhaitez, vous pourrez serrer l&#8217;ap\u00f4tre dans vos bras.<\/p>\n<p>Apr\u00e8s avoir connu l&#8217;attraction centrale de cette ville, nous nous rendrons dans la <b><em><strong>vieille ville.<\/strong><\/em><\/b><\/p>\n<p>Ici, nous serons captiv\u00e9s par un autre ensemble d&#8217;\u00e9difices religieux qui ont \u00e9t\u00e9 le si\u00e8ge des ordres templiers en leur temps, tels que : <b><em><strong>Le monast\u00e8re de San Paio de Antealtares<\/strong><\/em><\/b>, <b><em><strong>la chapelle de la Corticela<\/strong><\/em><\/b> et l&#8217;<b><em><strong>\u00e9glise de Santa Mar\u00eda do Cami\u00f1o<\/strong><\/em><\/b>.<\/p>\n<p>Le <b><em><strong>parc de l&#8217;Alameda<\/strong><\/em><\/b> est un autre lieu d&#8217;int\u00e9r\u00eat que nous visiterons <b><em><strong>.<\/strong><\/em><\/b> C&#8217;est l\u00e0 que se trouve l&#8217;amusante sculpture des <em>\u00ab Deux Mar\u00edas \u00bb.<\/em> Votre guide vous d\u00e9voilera son histoire, et nous prendrons quelques selfies avec les plus belles femmes de l&#8217;endroit.<\/p>\n<p>Vers midi ou un peu plus tard, selon l&#8217;heure \u00e0 laquelle nous commen\u00e7ons la visite, nous nous prom\u00e8nerons le long de la <b><em><strong>Calle Del Franco.<\/strong><\/em><\/b> Nous y d\u00e9gusterons des tapas &#8211; les plus d\u00e9licieux de tout <b><strong>Santiago<\/strong><\/b>, dit-on. Nous prendrons une boisson rafra\u00eechissante pour continuer notre promenade&#8230;<\/p>\n<p>Les derniers endroits que nous visiterons seront les <b><em><strong>\u00e9glises de Notre Dame du Mont Carmel et de Santa Clara.<\/strong><\/em><\/b><\/p>\n<p>Enfin, notre chauffeur priv\u00e9 vous ram\u00e8nera vers notre ch\u00e8re <b><strong>Corogne<\/strong><\/b>. Vous appr\u00e9cierez cette visite priv\u00e9e de <a href=\"https:\/\/en.wikipedia.org\/wiki\/Santiago_de_Compostela\">Saint-Jacques-de-Compostelle<\/a> depuis La Corogne gr\u00e2ce \u00e0 Tour Travel &amp; More.<\/p>\n<p><a href=\"https:\/\/tourtravelandmore.com\/fr\/city\/espagne-fr\/a-coruna-en\/\">Jetez un coup d&#8217;\u0153il \u00e0 nos visites priv\u00e9es de La Corogne.<\/a><\/p>\n","protected":false},"excerpt":{"rendered":"<p>Visite de Saint-Jacques-de-Compostelle au d\u00e9part de La Corogne. Monuments et sites les plus importants. Profitez de cette occasion pour conna\u00eetre Santiago dans cette exp\u00e9rience. Guide touristique officiel priv\u00e9 \u00e0 Saint-Jacques-de-Compostelle et v\u00e9hicule de luxe priv\u00e9 avec chauffeur pour votre visite. Prise en charge au port de croisi\u00e8re en option pour une excursion priv\u00e9e \u00e0 terre.<\/p>\n","protected":false},"featured_media":96964,"comment_status":"open","ping_status":"closed","template":"","meta":{"_acf_changed":false},"product_brand":[],"product_cat":[5129,5127,3541,3570],"product_tag":[],"class_list":{"0":"post-98961","1":"product","2":"type-product","3":"status-publish","4":"has-post-thumbnail","6":"product_cat-all-private-tours-activities-fr-27","7":"product_cat-private-sightseeing-tours-fr-32","8":"product_cat-espagne-fr","9":"product_cat-lacorogne-fr","11":"first","12":"instock","13":"shipping-taxable","14":"purchasable","15":"product-type-simple"},"acf":[],"yoast_head":"<!-- This site is optimized with the Yoast SEO Premium plugin v25.3.1 (Yoast SEO v25.3.1) - https:\/\/yoast.com\/wordpress\/plugins\/seo\/ -->\n<title>Visite de Saint-Jacques-de-Compostelle au d\u00e9part de La Corogne - Exp\u00e9rience priv\u00e9e<\/title>\n<meta name=\"description\" content=\"Visite de Saint-Jacques-de-Compostelle au d\u00e9part de La Corogne. Profitez de cette occasion pour conna\u00eetre Santiago dans cette exp\u00e9rience. Cela peut \u00e9ventuellement \u00eatre une excursion \u00e0 terre.\" \/>\n<meta name=\"robots\" content=\"index, follow, max-snippet:-1, max-image-preview:large, max-video-preview:-1\" \/>\n<link rel=\"canonical\" href=\"https:\/\/tourtravelandmore.com\/fr\/tours\/espagne-fr\/lacorogne-fr\/visite-privee-de-saint-jacques-de-compostelle-au-depart-de-la-corogne\/\" \/>\n<meta property=\"og:locale\" content=\"fr_FR\" \/>\n<meta property=\"og:type\" content=\"article\" \/>\n<meta property=\"og:title\" content=\"Visite priv\u00e9e de Saint-Jacques-de-Compostelle depuis La Corogne\" \/>\n<meta property=\"og:description\" content=\"Visite de Saint-Jacques-de-Compostelle au d\u00e9part de La Corogne. Profitez de cette occasion pour conna\u00eetre Santiago dans cette exp\u00e9rience. Cela peut \u00e9ventuellement \u00eatre une excursion \u00e0 terre.\" \/>\n<meta property=\"og:url\" content=\"https:\/\/tourtravelandmore.com\/fr\/tours\/espagne-fr\/lacorogne-fr\/visite-privee-de-saint-jacques-de-compostelle-au-depart-de-la-corogne\/\" \/>\n<meta property=\"og:site_name\" content=\"Tour Travel And More\" \/>\n<meta property=\"article:publisher\" content=\"https:\/\/www.facebook.com\/tourtravelandmore\/\" \/>\n<meta property=\"article:modified_time\" content=\"2024-10-30T13:12:46+00:00\" \/>\n<meta property=\"og:image\" content=\"https:\/\/tourtravelandmore.com\/wp-content\/uploads\/2020\/01\/6245579429_7f7c55711a_b.jpg\" \/>\n\t<meta property=\"og:image:width\" content=\"984\" \/>\n\t<meta property=\"og:image:height\" content=\"570\" \/>\n\t<meta property=\"og:image:type\" content=\"image\/jpeg\" \/>\n<meta name=\"twitter:card\" content=\"summary_large_image\" \/>\n<meta name=\"twitter:site\" content=\"@TourTravel_More\" \/>\n<meta name=\"twitter:label1\" content=\"Dur\u00e9e de lecture estim\u00e9e\" \/>\n\t<meta name=\"twitter:data1\" content=\"3 minutes\" \/>\n<script type=\"application\/ld+json\" class=\"yoast-schema-graph\">{\"@context\":\"https:\/\/schema.org\",\"@graph\":[{\"@type\":\"WebPage\",\"@id\":\"https:\/\/tourtravelandmore.com\/fr\/tours\/espagne-fr\/lacorogne-fr\/visite-privee-de-saint-jacques-de-compostelle-au-depart-de-la-corogne\/\",\"url\":\"https:\/\/tourtravelandmore.com\/fr\/tours\/espagne-fr\/lacorogne-fr\/visite-privee-de-saint-jacques-de-compostelle-au-depart-de-la-corogne\/\",\"name\":\"Visite de Saint-Jacques-de-Compostelle au d\u00e9part de La Corogne - Exp\u00e9rience priv\u00e9e\",\"isPartOf\":{\"@id\":\"https:\/\/tourtravelandmore.com\/fr\/#website\"},\"primaryImageOfPage\":{\"@id\":\"https:\/\/tourtravelandmore.com\/fr\/tours\/espagne-fr\/lacorogne-fr\/visite-privee-de-saint-jacques-de-compostelle-au-depart-de-la-corogne\/#primaryimage\"},\"image\":{\"@id\":\"https:\/\/tourtravelandmore.com\/fr\/tours\/espagne-fr\/lacorogne-fr\/visite-privee-de-saint-jacques-de-compostelle-au-depart-de-la-corogne\/#primaryimage\"},\"thumbnailUrl\":\"https:\/\/tourtravelandmore.com\/wp-content\/uploads\/2020\/01\/6245579429_7f7c55711a_b.jpg\",\"datePublished\":\"2020-01-15T13:15:18+00:00\",\"dateModified\":\"2024-10-30T13:12:46+00:00\",\"description\":\"Visite de Saint-Jacques-de-Compostelle au d\u00e9part de La Corogne. Profitez de cette occasion pour conna\u00eetre Santiago dans cette exp\u00e9rience. Cela peut \u00e9ventuellement \u00eatre une excursion \u00e0 terre.\",\"breadcrumb\":{\"@id\":\"https:\/\/tourtravelandmore.com\/fr\/tours\/espagne-fr\/lacorogne-fr\/visite-privee-de-saint-jacques-de-compostelle-au-depart-de-la-corogne\/#breadcrumb\"},\"inLanguage\":\"fr-FR\",\"potentialAction\":[{\"@type\":\"ReadAction\",\"target\":[\"https:\/\/tourtravelandmore.com\/fr\/tours\/espagne-fr\/lacorogne-fr\/visite-privee-de-saint-jacques-de-compostelle-au-depart-de-la-corogne\/\"]}]},{\"@type\":\"ImageObject\",\"inLanguage\":\"fr-FR\",\"@id\":\"https:\/\/tourtravelandmore.com\/fr\/tours\/espagne-fr\/lacorogne-fr\/visite-privee-de-saint-jacques-de-compostelle-au-depart-de-la-corogne\/#primaryimage\",\"url\":\"https:\/\/tourtravelandmore.com\/wp-content\/uploads\/2020\/01\/6245579429_7f7c55711a_b.jpg\",\"contentUrl\":\"https:\/\/tourtravelandmore.com\/wp-content\/uploads\/2020\/01\/6245579429_7f7c55711a_b.jpg\",\"width\":984,\"height\":570},{\"@type\":\"BreadcrumbList\",\"@id\":\"https:\/\/tourtravelandmore.com\/fr\/tours\/espagne-fr\/lacorogne-fr\/visite-privee-de-saint-jacques-de-compostelle-au-depart-de-la-corogne\/#breadcrumb\",\"itemListElement\":[{\"@type\":\"ListItem\",\"position\":1,\"name\":\"Home\",\"item\":\"https:\/\/tourtravelandmore.com\/fr\/\"},{\"@type\":\"ListItem\",\"position\":2,\"name\":\"Tours\",\"item\":\"https:\/\/tourtravelandmore.com\/fr\/tours\/\"},{\"@type\":\"ListItem\",\"position\":3,\"name\":\"Visite priv\u00e9e de Saint-Jacques-de-Compostelle depuis La Corogne\"}]},{\"@type\":\"WebSite\",\"@id\":\"https:\/\/tourtravelandmore.com\/fr\/#website\",\"url\":\"https:\/\/tourtravelandmore.com\/fr\/\",\"name\":\"Tour Travel And More\",\"description\":\"Private sightseeing tours and luxury transfers in Spain\",\"publisher\":{\"@id\":\"https:\/\/tourtravelandmore.com\/fr\/#organization\"},\"potentialAction\":[{\"@type\":\"SearchAction\",\"target\":{\"@type\":\"EntryPoint\",\"urlTemplate\":\"https:\/\/tourtravelandmore.com\/fr\/?s={search_term_string}\"},\"query-input\":{\"@type\":\"PropertyValueSpecification\",\"valueRequired\":true,\"valueName\":\"search_term_string\"}}],\"inLanguage\":\"fr-FR\"},{\"@type\":\"Organization\",\"@id\":\"https:\/\/tourtravelandmore.com\/fr\/#organization\",\"name\":\"Tour Travel And More\",\"url\":\"https:\/\/tourtravelandmore.com\/fr\/\",\"logo\":{\"@type\":\"ImageObject\",\"inLanguage\":\"fr-FR\",\"@id\":\"https:\/\/tourtravelandmore.com\/fr\/#\/schema\/logo\/image\/\",\"url\":\"https:\/\/tourtravelandmore.com\/wp-content\/uploads\/2022\/12\/cropped-logo-cabecera-new.png\",\"contentUrl\":\"https:\/\/tourtravelandmore.com\/wp-content\/uploads\/2022\/12\/cropped-logo-cabecera-new.png\",\"width\":430,\"height\":61,\"caption\":\"Tour Travel And More\"},\"image\":{\"@id\":\"https:\/\/tourtravelandmore.com\/fr\/#\/schema\/logo\/image\/\"},\"sameAs\":[\"https:\/\/www.facebook.com\/tourtravelandmore\/\",\"https:\/\/x.com\/TourTravel_More\"]}]}<\/script>\n<!-- \/ Yoast SEO Premium plugin. -->","yoast_head_json":{"title":"Visite de Saint-Jacques-de-Compostelle au d\u00e9part de La Corogne - Exp\u00e9rience priv\u00e9e","description":"Visite de Saint-Jacques-de-Compostelle au d\u00e9part de La Corogne. Profitez de cette occasion pour conna\u00eetre Santiago dans cette exp\u00e9rience. Cela peut \u00e9ventuellement \u00eatre une excursion \u00e0 terre.","robots":{"index":"index","follow":"follow","max-snippet":"max-snippet:-1","max-image-preview":"max-image-preview:large","max-video-preview":"max-video-preview:-1"},"canonical":"https:\/\/tourtravelandmore.com\/fr\/tours\/espagne-fr\/lacorogne-fr\/visite-privee-de-saint-jacques-de-compostelle-au-depart-de-la-corogne\/","og_locale":"fr_FR","og_type":"article","og_title":"Visite priv\u00e9e de Saint-Jacques-de-Compostelle depuis La Corogne","og_description":"Visite de Saint-Jacques-de-Compostelle au d\u00e9part de La Corogne. Profitez de cette occasion pour conna\u00eetre Santiago dans cette exp\u00e9rience. Cela peut \u00e9ventuellement \u00eatre une excursion \u00e0 terre.","og_url":"https:\/\/tourtravelandmore.com\/fr\/tours\/espagne-fr\/lacorogne-fr\/visite-privee-de-saint-jacques-de-compostelle-au-depart-de-la-corogne\/","og_site_name":"Tour Travel And More","article_publisher":"https:\/\/www.facebook.com\/tourtravelandmore\/","article_modified_time":"2024-10-30T13:12:46+00:00","og_image":[{"width":984,"height":570,"url":"https:\/\/tourtravelandmore.com\/wp-content\/uploads\/2020\/01\/6245579429_7f7c55711a_b.jpg","type":"image\/jpeg"}],"twitter_card":"summary_large_image","twitter_site":"@TourTravel_More","twitter_misc":{"Dur\u00e9e de lecture estim\u00e9e":"3 minutes"},"schema":{"@context":"https:\/\/schema.org","@graph":[{"@type":"WebPage","@id":"https:\/\/tourtravelandmore.com\/fr\/tours\/espagne-fr\/lacorogne-fr\/visite-privee-de-saint-jacques-de-compostelle-au-depart-de-la-corogne\/","url":"https:\/\/tourtravelandmore.com\/fr\/tours\/espagne-fr\/lacorogne-fr\/visite-privee-de-saint-jacques-de-compostelle-au-depart-de-la-corogne\/","name":"Visite de Saint-Jacques-de-Compostelle au d\u00e9part de La Corogne - Exp\u00e9rience priv\u00e9e","isPartOf":{"@id":"https:\/\/tourtravelandmore.com\/fr\/#website"},"primaryImageOfPage":{"@id":"https:\/\/tourtravelandmore.com\/fr\/tours\/espagne-fr\/lacorogne-fr\/visite-privee-de-saint-jacques-de-compostelle-au-depart-de-la-corogne\/#primaryimage"},"image":{"@id":"https:\/\/tourtravelandmore.com\/fr\/tours\/espagne-fr\/lacorogne-fr\/visite-privee-de-saint-jacques-de-compostelle-au-depart-de-la-corogne\/#primaryimage"},"thumbnailUrl":"https:\/\/tourtravelandmore.com\/wp-content\/uploads\/2020\/01\/6245579429_7f7c55711a_b.jpg","datePublished":"2020-01-15T13:15:18+00:00","dateModified":"2024-10-30T13:12:46+00:00","description":"Visite de Saint-Jacques-de-Compostelle au d\u00e9part de La Corogne. Profitez de cette occasion pour conna\u00eetre Santiago dans cette exp\u00e9rience. Cela peut \u00e9ventuellement \u00eatre une excursion \u00e0 terre.","breadcrumb":{"@id":"https:\/\/tourtravelandmore.com\/fr\/tours\/espagne-fr\/lacorogne-fr\/visite-privee-de-saint-jacques-de-compostelle-au-depart-de-la-corogne\/#breadcrumb"},"inLanguage":"fr-FR","potentialAction":[{"@type":"ReadAction","target":["https:\/\/tourtravelandmore.com\/fr\/tours\/espagne-fr\/lacorogne-fr\/visite-privee-de-saint-jacques-de-compostelle-au-depart-de-la-corogne\/"]}]},{"@type":"ImageObject","inLanguage":"fr-FR","@id":"https:\/\/tourtravelandmore.com\/fr\/tours\/espagne-fr\/lacorogne-fr\/visite-privee-de-saint-jacques-de-compostelle-au-depart-de-la-corogne\/#primaryimage","url":"https:\/\/tourtravelandmore.com\/wp-content\/uploads\/2020\/01\/6245579429_7f7c55711a_b.jpg","contentUrl":"https:\/\/tourtravelandmore.com\/wp-content\/uploads\/2020\/01\/6245579429_7f7c55711a_b.jpg","width":984,"height":570},{"@type":"BreadcrumbList","@id":"https:\/\/tourtravelandmore.com\/fr\/tours\/espagne-fr\/lacorogne-fr\/visite-privee-de-saint-jacques-de-compostelle-au-depart-de-la-corogne\/#breadcrumb","itemListElement":[{"@type":"ListItem","position":1,"name":"Home","item":"https:\/\/tourtravelandmore.com\/fr\/"},{"@type":"ListItem","position":2,"name":"Tours","item":"https:\/\/tourtravelandmore.com\/fr\/tours\/"},{"@type":"ListItem","position":3,"name":"Visite priv\u00e9e de Saint-Jacques-de-Compostelle depuis La Corogne"}]},{"@type":"WebSite","@id":"https:\/\/tourtravelandmore.com\/fr\/#website","url":"https:\/\/tourtravelandmore.com\/fr\/","name":"Tour Travel And More","description":"Private sightseeing tours and luxury transfers in Spain","publisher":{"@id":"https:\/\/tourtravelandmore.com\/fr\/#organization"},"potentialAction":[{"@type":"SearchAction","target":{"@type":"EntryPoint","urlTemplate":"https:\/\/tourtravelandmore.com\/fr\/?s={search_term_string}"},"query-input":{"@type":"PropertyValueSpecification","valueRequired":true,"valueName":"search_term_string"}}],"inLanguage":"fr-FR"},{"@type":"Organization","@id":"https:\/\/tourtravelandmore.com\/fr\/#organization","name":"Tour Travel And More","url":"https:\/\/tourtravelandmore.com\/fr\/","logo":{"@type":"ImageObject","inLanguage":"fr-FR","@id":"https:\/\/tourtravelandmore.com\/fr\/#\/schema\/logo\/image\/","url":"https:\/\/tourtravelandmore.com\/wp-content\/uploads\/2022\/12\/cropped-logo-cabecera-new.png","contentUrl":"https:\/\/tourtravelandmore.com\/wp-content\/uploads\/2022\/12\/cropped-logo-cabecera-new.png","width":430,"height":61,"caption":"Tour Travel And More"},"image":{"@id":"https:\/\/tourtravelandmore.com\/fr\/#\/schema\/logo\/image\/"},"sameAs":["https:\/\/www.facebook.com\/tourtravelandmore\/","https:\/\/x.com\/TourTravel_More"]}]}},"_links":{"self":[{"href":"https:\/\/tourtravelandmore.com\/fr\/wp-json\/wp\/v2\/product\/98961","targetHints":{"allow":["GET"]}}],"collection":[{"href":"https:\/\/tourtravelandmore.com\/fr\/wp-json\/wp\/v2\/product"}],"about":[{"href":"https:\/\/tourtravelandmore.com\/fr\/wp-json\/wp\/v2\/types\/product"}],"replies":[{"embeddable":true,"href":"https:\/\/tourtravelandmore.com\/fr\/wp-json\/wp\/v2\/comments?post=98961"}],"wp:featuredmedia":[{"embeddable":true,"href":"https:\/\/tourtravelandmore.com\/fr\/wp-json\/wp\/v2\/media\/96964"}],"wp:attachment":[{"href":"https:\/\/tourtravelandmore.com\/fr\/wp-json\/wp\/v2\/media?parent=98961"}],"wp:term":[{"taxonomy":"product_brand","embeddable":true,"href":"https:\/\/tourtravelandmore.com\/fr\/wp-json\/wp\/v2\/product_brand?post=98961"},{"taxonomy":"product_cat","embeddable":true,"href":"https:\/\/tourtravelandmore.com\/fr\/wp-json\/wp\/v2\/product_cat?post=98961"},{"taxonomy":"product_tag","embeddable":true,"href":"https:\/\/tourtravelandmore.com\/fr\/wp-json\/wp\/v2\/product_tag?post=98961"}],"curies":[{"name":"wp","href":"https:\/\/api.w.org\/{rel}","templated":true}]}}