{"id":98956,"date":"2020-01-15T13:52:31","date_gmt":"2020-01-15T12:52:31","guid":{"rendered":"https:\/\/tourtravelandmore.com\/tours\/non%20class\u00e9\/excursion-privee-a-rias-baixas-au-depart-de-la-corogne\/"},"modified":"2024-10-07T23:14:24","modified_gmt":"2024-10-07T21:14:24","slug":"excursion-privee-a-rias-baixas-au-depart-de-la-corogne","status":"publish","type":"product","link":"https:\/\/tourtravelandmore.com\/fr\/tours\/espagne-fr\/lacorogne-fr\/excursion-privee-a-rias-baixas-au-depart-de-la-corogne\/","title":{"rendered":"Excursion priv\u00e9e \u00e0 Rias Baixas au d\u00e9part de La Corogne"},"content":{"rendered":"<h2>Visite priv\u00e9e des R\u00edas Baixas depuis La Corogne Description<\/h2>\n<p>Vous souhaitez visiter les <b><strong>Rias Baixas<\/strong><\/b> comme vous ne l&#8217;avez jamais fait, ou simplement les visiter pour la premi\u00e8re fois ? Quelle que soit votre r\u00e9ponse, chez <b><strong>Tour Travel &amp; More<\/strong><\/b>, nous vous offrons la meilleure excursion priv\u00e9e dans les Rias Baixas depuis La Corogne. Nous la cr\u00e9ons simplement en fonction de vos besoins.<\/p>\n<p>La prise en charge peut se faire depuis n&#8217;importe quel endroit, y compris le port de croisi\u00e8re. Il peut s&#8217;agir d&#8217;une excursion priv\u00e9e sur le rivage.<\/p>\n<p>Vous aurez un <b><strong>guide personnel<\/strong><\/b> qui vous emm\u00e8nera non seulement aux endroits les plus embl\u00e9matiques. Nous vous emm\u00e8nerons \u00e9galement dans les endroits qui correspondent vraiment \u00e0 vos int\u00e9r\u00eats.<\/p>\n<p>Vous pourrez d\u00e9guster les meilleurs plats de la c\u00f4te galicienne. Vous aurez l&#8217;occasion de conna\u00eetre sa culture, ses traditions et son histoire, et tout cela sans avoir \u00e0 vous soucier du transport. Nous vous attribuons \u00e9galement un <b><strong>v\u00e9hicule de luxe priv\u00e9<\/strong><\/b> <b><strong>avec chauffeur<\/strong><\/b>, afin que vous puissiez vous promener comme les grandes stars d&#8217;Hollywood.<\/p>\n<p>Peu importe que le voyage soit pour une, deux ou vingt personnes, <b><strong>Tour Travel &amp; More<\/strong><\/b> dispose de plusieurs types de <b><strong>voitures de luxe<\/strong><\/b>, ainsi que de <b><strong>guides<\/strong><\/b> parlant une grande vari\u00e9t\u00e9 de langues. Cessez donc d&#8217;y penser et participez \u00e0 cette aventure avec notre Excursion priv\u00e9e dans les Rias Baixas au d\u00e9part de La Corogne.<\/p>\n<h2>Excursion priv\u00e9e dans les R\u00edas Baixas depuis La Corogne | Points d&#8217;int\u00e9r\u00eat et sites touristiques<\/h2>\n<p>La premi\u00e8re chose \u00e0 faire est de pr\u00e9ciser que c&#8217;est vous qui d\u00e9cidez de l&#8217;heure et de l&#8217;endroit o\u00f9 nous passerons et viendrons vous chercher. Rappelez-vous que cette exp\u00e9rience est totalement <b><strong>personnalis\u00e9e<\/strong><\/b>, vous avez donc le contr\u00f4le d\u00e8s le d\u00e9but.<\/p>\n<p>D\u00e9couvrez la beaut\u00e9 et le charme de la r\u00e9gion des R\u00edas Baixas en Galice lors de cette visite priv\u00e9e exclusive de 10 heures au d\u00e9part de La Corogne. Avec un guide professionnel et un transport priv\u00e9, explorez la ville historique de Pontevedra, le village pittoresque de Combarro et la pittoresque Illa da Toxa. Profitez d&#8217;une promenade en bateau relaxante avec une d\u00e9gustation de moules fra\u00eeches et visitez une cave locale, o\u00f9 vous d\u00e9couvrirez la production du vin Albari\u00f1o (d\u00e9gustation non incluse). Cette excursion offre une combinaison parfaite de culture, d&#8217;histoire et de beaut\u00e9 c\u00f4ti\u00e8re, con\u00e7ue pour ceux qui recherchent une exp\u00e9rience galicienne authentique.<\/p>\n<p>Profitez d&#8217;une exp\u00e9rience sur mesure avec un v\u00e9hicule et un guide priv\u00e9s, qui vous donneront un aper\u00e7u de la richesse de l&#8217;histoire et de la culture de la r\u00e9gion de R\u00edas Baixas. Fl\u00e2nez dans les rues anim\u00e9es de Pontevedra, admirez ses monuments historiques bien pr\u00e9serv\u00e9s et ses charmantes places.<\/p>\n<p>Promenez-vous dans ce pittoresque village de p\u00eacheurs, c\u00e9l\u00e8bre pour ses anciens greniers \u00e0 bl\u00e9 (\u00ab h\u00f3rreos \u00bb) et son front de mer pittoresque. Faites une croisi\u00e8re autour de la magnifique Illa da Toxa et savourez une d\u00e9gustation de moules fra\u00eeches, directement issues des eaux locales.<\/p>\n<p>C&#8217;est une excellente fa\u00e7on de profiter de cette excursion priv\u00e9e dans les Rias Baixas depuis La Corogne.<\/p>\n<p><a href=\"https:\/\/tourtravelandmore.com\/fr\/city\/espagne-fr\/a-coruna-en\/\">Jetez un coup d&#8217;\u0153il \u00e0 nos autres excursions ici !<\/a><\/p>\n","protected":false},"excerpt":{"rendered":"<p>Excursion priv\u00e9e \u00e0 Rias Baixas au d\u00e9part de La Corogne. Prise en charge au port de croisi\u00e8re en option. Profitez de cette occasion pour conna\u00eetre Rias baixas dans cette exp\u00e9rience.<\/p>\n","protected":false},"featured_media":96980,"comment_status":"open","ping_status":"closed","template":"","meta":{"_acf_changed":false},"product_brand":[],"product_cat":[5129,5128,5127,3541,3570],"product_tag":[],"class_list":{"0":"post-98956","1":"product","2":"type-product","3":"status-publish","4":"has-post-thumbnail","6":"product_cat-all-private-tours-activities-fr-27","7":"product_cat-private-shore-excursions-fr-11","8":"product_cat-private-sightseeing-tours-fr-32","9":"product_cat-espagne-fr","10":"product_cat-lacorogne-fr","12":"first","13":"instock","14":"shipping-taxable","15":"purchasable","16":"product-type-simple"},"acf":[],"yoast_head":"<!-- This site is optimized with the Yoast SEO Premium plugin v25.3.1 (Yoast SEO v25.3.1) - https:\/\/yoast.com\/wordpress\/plugins\/seo\/ -->\n<title>Excursion priv\u00e9e \u00e0 Rias Baixas au d\u00e9part de La Corogne - Chauffeur priv\u00e9 et guide touristique<\/title>\n<meta name=\"description\" content=\"Excursion priv\u00e9e \u00e0 Rias Baixas au d\u00e9part de La Corogne. Prise en charge au port de croisi\u00e8re en option. Profitez de cette occasion pour conna\u00eetre Rias baixas dans cette exp\u00e9rience.\" \/>\n<meta name=\"robots\" content=\"index, follow, max-snippet:-1, max-image-preview:large, max-video-preview:-1\" \/>\n<link rel=\"canonical\" href=\"https:\/\/tourtravelandmore.com\/fr\/tours\/espagne-fr\/lacorogne-fr\/excursion-privee-a-rias-baixas-au-depart-de-la-corogne\/\" \/>\n<meta property=\"og:locale\" content=\"fr_FR\" \/>\n<meta property=\"og:type\" content=\"article\" \/>\n<meta property=\"og:title\" content=\"Excursion priv\u00e9e \u00e0 Rias Baixas au d\u00e9part de La Corogne\" \/>\n<meta property=\"og:description\" content=\"Excursion priv\u00e9e \u00e0 Rias Baixas au d\u00e9part de La Corogne. Prise en charge au port de croisi\u00e8re en option. Profitez de cette occasion pour conna\u00eetre Rias baixas dans cette exp\u00e9rience.\" \/>\n<meta property=\"og:url\" content=\"https:\/\/tourtravelandmore.com\/fr\/tours\/espagne-fr\/lacorogne-fr\/excursion-privee-a-rias-baixas-au-depart-de-la-corogne\/\" \/>\n<meta property=\"og:site_name\" content=\"Tour Travel And More\" \/>\n<meta property=\"article:publisher\" content=\"https:\/\/www.facebook.com\/tourtravelandmore\/\" \/>\n<meta property=\"article:modified_time\" content=\"2024-10-07T21:14:24+00:00\" \/>\n<meta property=\"og:image\" content=\"https:\/\/tourtravelandmore.com\/wp-content\/uploads\/2020\/01\/43244392302_07ca7bc8a9_b.jpg\" \/>\n\t<meta property=\"og:image:width\" content=\"1024\" \/>\n\t<meta property=\"og:image:height\" content=\"768\" \/>\n\t<meta property=\"og:image:type\" content=\"image\/jpeg\" \/>\n<meta name=\"twitter:card\" content=\"summary_large_image\" \/>\n<meta name=\"twitter:site\" content=\"@TourTravel_More\" \/>\n<meta name=\"twitter:label1\" content=\"Dur\u00e9e de lecture estim\u00e9e\" \/>\n\t<meta name=\"twitter:data1\" content=\"3 minutes\" \/>\n<script type=\"application\/ld+json\" class=\"yoast-schema-graph\">{\"@context\":\"https:\/\/schema.org\",\"@graph\":[{\"@type\":\"WebPage\",\"@id\":\"https:\/\/tourtravelandmore.com\/fr\/tours\/espagne-fr\/lacorogne-fr\/excursion-privee-a-rias-baixas-au-depart-de-la-corogne\/\",\"url\":\"https:\/\/tourtravelandmore.com\/fr\/tours\/espagne-fr\/lacorogne-fr\/excursion-privee-a-rias-baixas-au-depart-de-la-corogne\/\",\"name\":\"Excursion priv\u00e9e \u00e0 Rias Baixas au d\u00e9part de La Corogne - Chauffeur priv\u00e9 et guide touristique\",\"isPartOf\":{\"@id\":\"https:\/\/tourtravelandmore.com\/fr\/#website\"},\"primaryImageOfPage\":{\"@id\":\"https:\/\/tourtravelandmore.com\/fr\/tours\/espagne-fr\/lacorogne-fr\/excursion-privee-a-rias-baixas-au-depart-de-la-corogne\/#primaryimage\"},\"image\":{\"@id\":\"https:\/\/tourtravelandmore.com\/fr\/tours\/espagne-fr\/lacorogne-fr\/excursion-privee-a-rias-baixas-au-depart-de-la-corogne\/#primaryimage\"},\"thumbnailUrl\":\"https:\/\/tourtravelandmore.com\/wp-content\/uploads\/2020\/01\/43244392302_07ca7bc8a9_b.jpg\",\"datePublished\":\"2020-01-15T12:52:31+00:00\",\"dateModified\":\"2024-10-07T21:14:24+00:00\",\"description\":\"Excursion priv\u00e9e \u00e0 Rias Baixas au d\u00e9part de La Corogne. Prise en charge au port de croisi\u00e8re en option. Profitez de cette occasion pour conna\u00eetre Rias baixas dans cette exp\u00e9rience.\",\"breadcrumb\":{\"@id\":\"https:\/\/tourtravelandmore.com\/fr\/tours\/espagne-fr\/lacorogne-fr\/excursion-privee-a-rias-baixas-au-depart-de-la-corogne\/#breadcrumb\"},\"inLanguage\":\"fr-FR\",\"potentialAction\":[{\"@type\":\"ReadAction\",\"target\":[\"https:\/\/tourtravelandmore.com\/fr\/tours\/espagne-fr\/lacorogne-fr\/excursion-privee-a-rias-baixas-au-depart-de-la-corogne\/\"]}]},{\"@type\":\"ImageObject\",\"inLanguage\":\"fr-FR\",\"@id\":\"https:\/\/tourtravelandmore.com\/fr\/tours\/espagne-fr\/lacorogne-fr\/excursion-privee-a-rias-baixas-au-depart-de-la-corogne\/#primaryimage\",\"url\":\"https:\/\/tourtravelandmore.com\/wp-content\/uploads\/2020\/01\/43244392302_07ca7bc8a9_b.jpg\",\"contentUrl\":\"https:\/\/tourtravelandmore.com\/wp-content\/uploads\/2020\/01\/43244392302_07ca7bc8a9_b.jpg\",\"width\":1024,\"height\":768},{\"@type\":\"BreadcrumbList\",\"@id\":\"https:\/\/tourtravelandmore.com\/fr\/tours\/espagne-fr\/lacorogne-fr\/excursion-privee-a-rias-baixas-au-depart-de-la-corogne\/#breadcrumb\",\"itemListElement\":[{\"@type\":\"ListItem\",\"position\":1,\"name\":\"Home\",\"item\":\"https:\/\/tourtravelandmore.com\/fr\/\"},{\"@type\":\"ListItem\",\"position\":2,\"name\":\"Tours\",\"item\":\"https:\/\/tourtravelandmore.com\/fr\/tours\/\"},{\"@type\":\"ListItem\",\"position\":3,\"name\":\"Excursion priv\u00e9e \u00e0 Rias Baixas au d\u00e9part de La Corogne\"}]},{\"@type\":\"WebSite\",\"@id\":\"https:\/\/tourtravelandmore.com\/fr\/#website\",\"url\":\"https:\/\/tourtravelandmore.com\/fr\/\",\"name\":\"Tour Travel And More\",\"description\":\"Private sightseeing tours and luxury transfers in Spain\",\"publisher\":{\"@id\":\"https:\/\/tourtravelandmore.com\/fr\/#organization\"},\"potentialAction\":[{\"@type\":\"SearchAction\",\"target\":{\"@type\":\"EntryPoint\",\"urlTemplate\":\"https:\/\/tourtravelandmore.com\/fr\/?s={search_term_string}\"},\"query-input\":{\"@type\":\"PropertyValueSpecification\",\"valueRequired\":true,\"valueName\":\"search_term_string\"}}],\"inLanguage\":\"fr-FR\"},{\"@type\":\"Organization\",\"@id\":\"https:\/\/tourtravelandmore.com\/fr\/#organization\",\"name\":\"Tour Travel And More\",\"url\":\"https:\/\/tourtravelandmore.com\/fr\/\",\"logo\":{\"@type\":\"ImageObject\",\"inLanguage\":\"fr-FR\",\"@id\":\"https:\/\/tourtravelandmore.com\/fr\/#\/schema\/logo\/image\/\",\"url\":\"https:\/\/tourtravelandmore.com\/wp-content\/uploads\/2022\/12\/cropped-logo-cabecera-new.png\",\"contentUrl\":\"https:\/\/tourtravelandmore.com\/wp-content\/uploads\/2022\/12\/cropped-logo-cabecera-new.png\",\"width\":430,\"height\":61,\"caption\":\"Tour Travel And More\"},\"image\":{\"@id\":\"https:\/\/tourtravelandmore.com\/fr\/#\/schema\/logo\/image\/\"},\"sameAs\":[\"https:\/\/www.facebook.com\/tourtravelandmore\/\",\"https:\/\/x.com\/TourTravel_More\"]}]}<\/script>\n<!-- \/ Yoast SEO Premium plugin. -->","yoast_head_json":{"title":"Excursion priv\u00e9e \u00e0 Rias Baixas au d\u00e9part de La Corogne - Chauffeur priv\u00e9 et guide touristique","description":"Excursion priv\u00e9e \u00e0 Rias Baixas au d\u00e9part de La Corogne. Prise en charge au port de croisi\u00e8re en option. Profitez de cette occasion pour conna\u00eetre Rias baixas dans cette exp\u00e9rience.","robots":{"index":"index","follow":"follow","max-snippet":"max-snippet:-1","max-image-preview":"max-image-preview:large","max-video-preview":"max-video-preview:-1"},"canonical":"https:\/\/tourtravelandmore.com\/fr\/tours\/espagne-fr\/lacorogne-fr\/excursion-privee-a-rias-baixas-au-depart-de-la-corogne\/","og_locale":"fr_FR","og_type":"article","og_title":"Excursion priv\u00e9e \u00e0 Rias Baixas au d\u00e9part de La Corogne","og_description":"Excursion priv\u00e9e \u00e0 Rias Baixas au d\u00e9part de La Corogne. Prise en charge au port de croisi\u00e8re en option. Profitez de cette occasion pour conna\u00eetre Rias baixas dans cette exp\u00e9rience.","og_url":"https:\/\/tourtravelandmore.com\/fr\/tours\/espagne-fr\/lacorogne-fr\/excursion-privee-a-rias-baixas-au-depart-de-la-corogne\/","og_site_name":"Tour Travel And More","article_publisher":"https:\/\/www.facebook.com\/tourtravelandmore\/","article_modified_time":"2024-10-07T21:14:24+00:00","og_image":[{"width":1024,"height":768,"url":"https:\/\/tourtravelandmore.com\/wp-content\/uploads\/2020\/01\/43244392302_07ca7bc8a9_b.jpg","type":"image\/jpeg"}],"twitter_card":"summary_large_image","twitter_site":"@TourTravel_More","twitter_misc":{"Dur\u00e9e de lecture estim\u00e9e":"3 minutes"},"schema":{"@context":"https:\/\/schema.org","@graph":[{"@type":"WebPage","@id":"https:\/\/tourtravelandmore.com\/fr\/tours\/espagne-fr\/lacorogne-fr\/excursion-privee-a-rias-baixas-au-depart-de-la-corogne\/","url":"https:\/\/tourtravelandmore.com\/fr\/tours\/espagne-fr\/lacorogne-fr\/excursion-privee-a-rias-baixas-au-depart-de-la-corogne\/","name":"Excursion priv\u00e9e \u00e0 Rias Baixas au d\u00e9part de La Corogne - Chauffeur priv\u00e9 et guide touristique","isPartOf":{"@id":"https:\/\/tourtravelandmore.com\/fr\/#website"},"primaryImageOfPage":{"@id":"https:\/\/tourtravelandmore.com\/fr\/tours\/espagne-fr\/lacorogne-fr\/excursion-privee-a-rias-baixas-au-depart-de-la-corogne\/#primaryimage"},"image":{"@id":"https:\/\/tourtravelandmore.com\/fr\/tours\/espagne-fr\/lacorogne-fr\/excursion-privee-a-rias-baixas-au-depart-de-la-corogne\/#primaryimage"},"thumbnailUrl":"https:\/\/tourtravelandmore.com\/wp-content\/uploads\/2020\/01\/43244392302_07ca7bc8a9_b.jpg","datePublished":"2020-01-15T12:52:31+00:00","dateModified":"2024-10-07T21:14:24+00:00","description":"Excursion priv\u00e9e \u00e0 Rias Baixas au d\u00e9part de La Corogne. Prise en charge au port de croisi\u00e8re en option. Profitez de cette occasion pour conna\u00eetre Rias baixas dans cette exp\u00e9rience.","breadcrumb":{"@id":"https:\/\/tourtravelandmore.com\/fr\/tours\/espagne-fr\/lacorogne-fr\/excursion-privee-a-rias-baixas-au-depart-de-la-corogne\/#breadcrumb"},"inLanguage":"fr-FR","potentialAction":[{"@type":"ReadAction","target":["https:\/\/tourtravelandmore.com\/fr\/tours\/espagne-fr\/lacorogne-fr\/excursion-privee-a-rias-baixas-au-depart-de-la-corogne\/"]}]},{"@type":"ImageObject","inLanguage":"fr-FR","@id":"https:\/\/tourtravelandmore.com\/fr\/tours\/espagne-fr\/lacorogne-fr\/excursion-privee-a-rias-baixas-au-depart-de-la-corogne\/#primaryimage","url":"https:\/\/tourtravelandmore.com\/wp-content\/uploads\/2020\/01\/43244392302_07ca7bc8a9_b.jpg","contentUrl":"https:\/\/tourtravelandmore.com\/wp-content\/uploads\/2020\/01\/43244392302_07ca7bc8a9_b.jpg","width":1024,"height":768},{"@type":"BreadcrumbList","@id":"https:\/\/tourtravelandmore.com\/fr\/tours\/espagne-fr\/lacorogne-fr\/excursion-privee-a-rias-baixas-au-depart-de-la-corogne\/#breadcrumb","itemListElement":[{"@type":"ListItem","position":1,"name":"Home","item":"https:\/\/tourtravelandmore.com\/fr\/"},{"@type":"ListItem","position":2,"name":"Tours","item":"https:\/\/tourtravelandmore.com\/fr\/tours\/"},{"@type":"ListItem","position":3,"name":"Excursion priv\u00e9e \u00e0 Rias Baixas au d\u00e9part de La Corogne"}]},{"@type":"WebSite","@id":"https:\/\/tourtravelandmore.com\/fr\/#website","url":"https:\/\/tourtravelandmore.com\/fr\/","name":"Tour Travel And More","description":"Private sightseeing tours and luxury transfers in Spain","publisher":{"@id":"https:\/\/tourtravelandmore.com\/fr\/#organization"},"potentialAction":[{"@type":"SearchAction","target":{"@type":"EntryPoint","urlTemplate":"https:\/\/tourtravelandmore.com\/fr\/?s={search_term_string}"},"query-input":{"@type":"PropertyValueSpecification","valueRequired":true,"valueName":"search_term_string"}}],"inLanguage":"fr-FR"},{"@type":"Organization","@id":"https:\/\/tourtravelandmore.com\/fr\/#organization","name":"Tour Travel And More","url":"https:\/\/tourtravelandmore.com\/fr\/","logo":{"@type":"ImageObject","inLanguage":"fr-FR","@id":"https:\/\/tourtravelandmore.com\/fr\/#\/schema\/logo\/image\/","url":"https:\/\/tourtravelandmore.com\/wp-content\/uploads\/2022\/12\/cropped-logo-cabecera-new.png","contentUrl":"https:\/\/tourtravelandmore.com\/wp-content\/uploads\/2022\/12\/cropped-logo-cabecera-new.png","width":430,"height":61,"caption":"Tour Travel And More"},"image":{"@id":"https:\/\/tourtravelandmore.com\/fr\/#\/schema\/logo\/image\/"},"sameAs":["https:\/\/www.facebook.com\/tourtravelandmore\/","https:\/\/x.com\/TourTravel_More"]}]}},"_links":{"self":[{"href":"https:\/\/tourtravelandmore.com\/fr\/wp-json\/wp\/v2\/product\/98956","targetHints":{"allow":["GET"]}}],"collection":[{"href":"https:\/\/tourtravelandmore.com\/fr\/wp-json\/wp\/v2\/product"}],"about":[{"href":"https:\/\/tourtravelandmore.com\/fr\/wp-json\/wp\/v2\/types\/product"}],"replies":[{"embeddable":true,"href":"https:\/\/tourtravelandmore.com\/fr\/wp-json\/wp\/v2\/comments?post=98956"}],"wp:featuredmedia":[{"embeddable":true,"href":"https:\/\/tourtravelandmore.com\/fr\/wp-json\/wp\/v2\/media\/96980"}],"wp:attachment":[{"href":"https:\/\/tourtravelandmore.com\/fr\/wp-json\/wp\/v2\/media?parent=98956"}],"wp:term":[{"taxonomy":"product_brand","embeddable":true,"href":"https:\/\/tourtravelandmore.com\/fr\/wp-json\/wp\/v2\/product_brand?post=98956"},{"taxonomy":"product_cat","embeddable":true,"href":"https:\/\/tourtravelandmore.com\/fr\/wp-json\/wp\/v2\/product_cat?post=98956"},{"taxonomy":"product_tag","embeddable":true,"href":"https:\/\/tourtravelandmore.com\/fr\/wp-json\/wp\/v2\/product_tag?post=98956"}],"curies":[{"name":"wp","href":"https:\/\/api.w.org\/{rel}","templated":true}]}}