{"id":98940,"date":"2020-01-30T15:46:33","date_gmt":"2020-01-30T14:46:33","guid":{"rendered":"https:\/\/tourtravelandmore.com\/tours\/non class\u00e9\/visite-privee-de-lalhambra-et-de-la-ville-de-grenade\/"},"modified":"2020-01-30T15:46:33","modified_gmt":"2020-01-30T14:46:33","slug":"visite-privee-de-lalhambra-et-de-la-ville-de-grenade","status":"publish","type":"product","link":"https:\/\/tourtravelandmore.com\/fr\/tours\/espagne-fr\/granada-fr\/all-private-tours-activities-fr-15\/visite-privee-de-lalhambra-et-de-la-ville-de-grenade\/","title":{"rendered":"Visite priv\u00e9e de l&#8217;Alhambra et de la ville de Grenade"},"content":{"rendered":"<h2>La description<\/h2>\n<p>Si vous s\u00e9journez dans la ville de Grenade, vous DEVEZ faire une visite priv\u00e9e de l&#8217;Alhambra. Il faut conna\u00eetre l&#8217;Alhambra ainsi que le centre-ville de Grenade, ce qui est unique! Cette fabuleuse visite \u00e0 pied a tout ce dont vous avez besoin pour passer une journ\u00e9e diff\u00e9rente et vous \u00e9merveiller de la richesse culturelle et architecturale de cette belle ville.<\/p>\n<p>La visite priv\u00e9e \u00e0 pied de Grenade est l&#8217;une des promenades les plus compl\u00e8tes que vous puissiez trouver. Il comprend l&#8217;entr\u00e9e de la ville palatine de l&#8217;Alhambra, ainsi qu&#8217;une visite du centre d&#8217;Albaic\u00edn et du Sacromonte. Vous profiterez \u00e9galement d&#8217;une vue sur la cath\u00e9drale et la chapelle royale.<\/p>\n<p>Aventurez-vous avec votre guide officiel priv\u00e9 qui est un v\u00e9ritable connaisseur de la r\u00e9gion et de son histoire. Laissez-vous captiver par ses anecdotes et la tradition nasride, les derniers rois musulmans qui ont foul\u00e9 la r\u00e9gion ib\u00e9rique.<\/p>\n<p>Cette visite priv\u00e9e de l&#8217;Alhambra vous permettra d&#8217;explorer le meilleur de Grenade!<\/p>\n<h2>Sites d&#8217;int\u00e9r\u00eat et monuments<\/h2>\n<p>Tout d&#8217;abord, vous rencontrerez votre guide priv\u00e9 \u00e0 la porte de la justice de l&#8217;Alhambra, l&#8217;endroit o\u00f9 entrer dans cette magnifique forteresse rouge. Si votre h\u00f4tel est accessible \u00e0 pied, nous pouvons \u00e9galement organiser une prise en charge \u00e0 pied.<\/p>\n<p>Deuxi\u00e8mement, vous visiterez ses jardins, voyageant avec votre guide \u00e0 travers le temps pour comprendre la culture de la dynastie nasride. D\u00e9couvrez ses passions, son code d&#8217;honneur et pourquoi ils ont d\u00e9cid\u00e9 de prendre la colline de la Sabika comme colonie<\/p>\n<p>Prenez le temps de visiter les trois palais nasrides que sont le Mexuar, le Comares et celui des Lions. Les Lions sont c\u00e9l\u00e8bres pour la fontaine dans sa cour, qui rec\u00e8le de nombreux secrets que votre guide vous r\u00e9v\u00e9lera.<\/p>\n<p>Vous vous prom\u00e8nerez \u00e9galement dans les jardins du Generalife, pleins d&#8217;arbres fruitiers et de l\u00e9gumes. Vous vous laisserez surprendre par le Palais El Partal et vous tomberez amoureux du palais Renaissance de Charles Quint.<\/p>\n<p>Une fois la visite de 3 heures de l&#8217;Alhambra termin\u00e9e, il sera temps de plonger au c\u0153ur de Grenade. Avoir une chance de parcourir ses rues, de rencontrer ses habitants et de go\u00fbter \u00e0 la cuisine locale. Vous atteindrez la place Bib-Rambla, o\u00f9 se trouve la fontaine des g\u00e9ants.<\/p>\n<p>A quelques m\u00e8tres de l\u00e0 se trouvent la cath\u00e9drale et la chapelle fun\u00e9raire royale. C&#8217;est le lieu de repos d&#8217;Isabelle de Castille et de Ferdinand d&#8217;Aragon, \u00e9galement de sa fille Joanna la Folle et le mari de ce Philippe le Beau.<\/p>\n<p>Ensuite, vous vous prom\u00e8nerez dans les rues des deux quartiers les plus c\u00e9l\u00e8bres de Grenade. Profitez de l&#8217;Albaic\u00edn et du Sacromonte. La derni\u00e8re partie de votre visite priv\u00e9e sera une vue panoramique sur toute la ville depuis le point de vue de San Nicholas.<\/p>\n<p>Si vous venez de l&#8217;ext\u00e9rieur de la ville, consultez notre m\u00eame circuit avec transport priv\u00e9 inclus!<\/p>\n","protected":false},"excerpt":{"rendered":"<p>La meilleure fa\u00e7on de conna\u00eetre l&#8217;Alhambra est l&#8217;une de nos visites priv\u00e9es et exclusives. Profitez de cette visite priv\u00e9e de l&#8217;Alhambra et du centre-ville de Grenade avec un guide officiel priv\u00e9. Entr\u00e9e incluse \u00e0 l&#8217;Alhambra.<\/p>\n","protected":false},"featured_media":97166,"comment_status":"open","ping_status":"closed","template":"","meta":{"_acf_changed":false},"product_brand":[],"product_cat":[3541,3544,4259,4260],"product_tag":[],"class_list":{"0":"post-98940","1":"product","2":"type-product","3":"status-publish","4":"has-post-thumbnail","6":"product_cat-espagne-fr","7":"product_cat-granada-fr","8":"product_cat-all-private-tours-activities-fr-15","9":"product_cat-private-day-trips-fr-8","11":"first","12":"instock","13":"shipping-taxable","14":"purchasable","15":"product-type-simple"},"acf":[],"yoast_head":"<!-- This site is optimized with the Yoast SEO Premium plugin v25.3.1 (Yoast SEO v25.3.1) - https:\/\/yoast.com\/wordpress\/plugins\/seo\/ -->\n<title>Visite priv\u00e9e de l&#039;Alhambra - Centre-ville de Grenade. Visite priv\u00e9e \u00e0 pied<\/title>\n<meta name=\"description\" content=\"Profitez de cette visite priv\u00e9e de l&#039;Alhambra et du centre-ville de Grenade avec un guide officiel priv\u00e9. Entr\u00e9e incluse \u00e0 l&#039;Alhambra.\" \/>\n<meta name=\"robots\" content=\"index, follow, max-snippet:-1, max-image-preview:large, max-video-preview:-1\" \/>\n<link rel=\"canonical\" href=\"https:\/\/tourtravelandmore.com\/fr\/tours\/espagne-fr\/granada-fr\/all-private-tours-activities-fr-15\/visite-privee-de-lalhambra-et-de-la-ville-de-grenade\/\" \/>\n<meta property=\"og:locale\" content=\"fr_FR\" \/>\n<meta property=\"og:type\" content=\"article\" \/>\n<meta property=\"og:title\" content=\"Visite priv\u00e9e de l&#039;Alhambra et de la ville de Grenade\" \/>\n<meta property=\"og:description\" content=\"Profitez de cette visite priv\u00e9e de l&#039;Alhambra et du centre-ville de Grenade avec un guide officiel priv\u00e9. Entr\u00e9e incluse \u00e0 l&#039;Alhambra.\" \/>\n<meta property=\"og:url\" content=\"https:\/\/tourtravelandmore.com\/fr\/tours\/espagne-fr\/granada-fr\/all-private-tours-activities-fr-15\/visite-privee-de-lalhambra-et-de-la-ville-de-grenade\/\" \/>\n<meta property=\"og:site_name\" content=\"Tour Travel And More\" \/>\n<meta property=\"article:publisher\" content=\"https:\/\/www.facebook.com\/tourtravelandmore\/\" \/>\n<meta property=\"og:image\" content=\"https:\/\/tourtravelandmore.com\/wp-content\/uploads\/2020\/01\/Granadas_sunset.jpg\" \/>\n\t<meta property=\"og:image:width\" content=\"1600\" \/>\n\t<meta property=\"og:image:height\" content=\"1200\" \/>\n\t<meta property=\"og:image:type\" content=\"image\/jpeg\" \/>\n<meta name=\"twitter:card\" content=\"summary_large_image\" \/>\n<meta name=\"twitter:site\" content=\"@TourTravel_More\" \/>\n<meta name=\"twitter:label1\" content=\"Dur\u00e9e de lecture estim\u00e9e\" \/>\n\t<meta name=\"twitter:data1\" content=\"3 minutes\" \/>\n<script type=\"application\/ld+json\" class=\"yoast-schema-graph\">{\"@context\":\"https:\/\/schema.org\",\"@graph\":[{\"@type\":\"WebPage\",\"@id\":\"https:\/\/tourtravelandmore.com\/fr\/tours\/espagne-fr\/granada-fr\/all-private-tours-activities-fr-15\/visite-privee-de-lalhambra-et-de-la-ville-de-grenade\/\",\"url\":\"https:\/\/tourtravelandmore.com\/fr\/tours\/espagne-fr\/granada-fr\/all-private-tours-activities-fr-15\/visite-privee-de-lalhambra-et-de-la-ville-de-grenade\/\",\"name\":\"Visite priv\u00e9e de l'Alhambra - Centre-ville de Grenade. Visite priv\u00e9e \u00e0 pied\",\"isPartOf\":{\"@id\":\"https:\/\/tourtravelandmore.com\/fr\/#website\"},\"primaryImageOfPage\":{\"@id\":\"https:\/\/tourtravelandmore.com\/fr\/tours\/espagne-fr\/granada-fr\/all-private-tours-activities-fr-15\/visite-privee-de-lalhambra-et-de-la-ville-de-grenade\/#primaryimage\"},\"image\":{\"@id\":\"https:\/\/tourtravelandmore.com\/fr\/tours\/espagne-fr\/granada-fr\/all-private-tours-activities-fr-15\/visite-privee-de-lalhambra-et-de-la-ville-de-grenade\/#primaryimage\"},\"thumbnailUrl\":\"https:\/\/tourtravelandmore.com\/wp-content\/uploads\/2020\/01\/Granadas_sunset.jpg\",\"datePublished\":\"2020-01-30T14:46:33+00:00\",\"description\":\"Profitez de cette visite priv\u00e9e de l'Alhambra et du centre-ville de Grenade avec un guide officiel priv\u00e9. Entr\u00e9e incluse \u00e0 l'Alhambra.\",\"breadcrumb\":{\"@id\":\"https:\/\/tourtravelandmore.com\/fr\/tours\/espagne-fr\/granada-fr\/all-private-tours-activities-fr-15\/visite-privee-de-lalhambra-et-de-la-ville-de-grenade\/#breadcrumb\"},\"inLanguage\":\"fr-FR\",\"potentialAction\":[{\"@type\":\"ReadAction\",\"target\":[\"https:\/\/tourtravelandmore.com\/fr\/tours\/espagne-fr\/granada-fr\/all-private-tours-activities-fr-15\/visite-privee-de-lalhambra-et-de-la-ville-de-grenade\/\"]}]},{\"@type\":\"ImageObject\",\"inLanguage\":\"fr-FR\",\"@id\":\"https:\/\/tourtravelandmore.com\/fr\/tours\/espagne-fr\/granada-fr\/all-private-tours-activities-fr-15\/visite-privee-de-lalhambra-et-de-la-ville-de-grenade\/#primaryimage\",\"url\":\"https:\/\/tourtravelandmore.com\/wp-content\/uploads\/2020\/01\/Granadas_sunset.jpg\",\"contentUrl\":\"https:\/\/tourtravelandmore.com\/wp-content\/uploads\/2020\/01\/Granadas_sunset.jpg\",\"width\":1600,\"height\":1200,\"caption\":\"KONICA MINOLTA DIGITAL CAMERA\"},{\"@type\":\"BreadcrumbList\",\"@id\":\"https:\/\/tourtravelandmore.com\/fr\/tours\/espagne-fr\/granada-fr\/all-private-tours-activities-fr-15\/visite-privee-de-lalhambra-et-de-la-ville-de-grenade\/#breadcrumb\",\"itemListElement\":[{\"@type\":\"ListItem\",\"position\":1,\"name\":\"Home\",\"item\":\"https:\/\/tourtravelandmore.com\/fr\/\"},{\"@type\":\"ListItem\",\"position\":2,\"name\":\"Tours\",\"item\":\"https:\/\/tourtravelandmore.com\/fr\/tours\/\"},{\"@type\":\"ListItem\",\"position\":3,\"name\":\"Visite priv\u00e9e de l&rsquo;Alhambra et de la ville de Grenade\"}]},{\"@type\":\"WebSite\",\"@id\":\"https:\/\/tourtravelandmore.com\/fr\/#website\",\"url\":\"https:\/\/tourtravelandmore.com\/fr\/\",\"name\":\"Tour Travel And More\",\"description\":\"Private sightseeing tours and luxury transfers in Spain\",\"publisher\":{\"@id\":\"https:\/\/tourtravelandmore.com\/fr\/#organization\"},\"potentialAction\":[{\"@type\":\"SearchAction\",\"target\":{\"@type\":\"EntryPoint\",\"urlTemplate\":\"https:\/\/tourtravelandmore.com\/fr\/?s={search_term_string}\"},\"query-input\":{\"@type\":\"PropertyValueSpecification\",\"valueRequired\":true,\"valueName\":\"search_term_string\"}}],\"inLanguage\":\"fr-FR\"},{\"@type\":\"Organization\",\"@id\":\"https:\/\/tourtravelandmore.com\/fr\/#organization\",\"name\":\"Tour Travel And More\",\"url\":\"https:\/\/tourtravelandmore.com\/fr\/\",\"logo\":{\"@type\":\"ImageObject\",\"inLanguage\":\"fr-FR\",\"@id\":\"https:\/\/tourtravelandmore.com\/fr\/#\/schema\/logo\/image\/\",\"url\":\"https:\/\/tourtravelandmore.com\/wp-content\/uploads\/2022\/12\/cropped-logo-cabecera-new.png\",\"contentUrl\":\"https:\/\/tourtravelandmore.com\/wp-content\/uploads\/2022\/12\/cropped-logo-cabecera-new.png\",\"width\":430,\"height\":61,\"caption\":\"Tour Travel And More\"},\"image\":{\"@id\":\"https:\/\/tourtravelandmore.com\/fr\/#\/schema\/logo\/image\/\"},\"sameAs\":[\"https:\/\/www.facebook.com\/tourtravelandmore\/\",\"https:\/\/x.com\/TourTravel_More\"]}]}<\/script>\n<!-- \/ Yoast SEO Premium plugin. -->","yoast_head_json":{"title":"Visite priv\u00e9e de l'Alhambra - Centre-ville de Grenade. Visite priv\u00e9e \u00e0 pied","description":"Profitez de cette visite priv\u00e9e de l'Alhambra et du centre-ville de Grenade avec un guide officiel priv\u00e9. Entr\u00e9e incluse \u00e0 l'Alhambra.","robots":{"index":"index","follow":"follow","max-snippet":"max-snippet:-1","max-image-preview":"max-image-preview:large","max-video-preview":"max-video-preview:-1"},"canonical":"https:\/\/tourtravelandmore.com\/fr\/tours\/espagne-fr\/granada-fr\/all-private-tours-activities-fr-15\/visite-privee-de-lalhambra-et-de-la-ville-de-grenade\/","og_locale":"fr_FR","og_type":"article","og_title":"Visite priv\u00e9e de l'Alhambra et de la ville de Grenade","og_description":"Profitez de cette visite priv\u00e9e de l'Alhambra et du centre-ville de Grenade avec un guide officiel priv\u00e9. Entr\u00e9e incluse \u00e0 l'Alhambra.","og_url":"https:\/\/tourtravelandmore.com\/fr\/tours\/espagne-fr\/granada-fr\/all-private-tours-activities-fr-15\/visite-privee-de-lalhambra-et-de-la-ville-de-grenade\/","og_site_name":"Tour Travel And More","article_publisher":"https:\/\/www.facebook.com\/tourtravelandmore\/","og_image":[{"width":1600,"height":1200,"url":"https:\/\/tourtravelandmore.com\/wp-content\/uploads\/2020\/01\/Granadas_sunset.jpg","type":"image\/jpeg"}],"twitter_card":"summary_large_image","twitter_site":"@TourTravel_More","twitter_misc":{"Dur\u00e9e de lecture estim\u00e9e":"3 minutes"},"schema":{"@context":"https:\/\/schema.org","@graph":[{"@type":"WebPage","@id":"https:\/\/tourtravelandmore.com\/fr\/tours\/espagne-fr\/granada-fr\/all-private-tours-activities-fr-15\/visite-privee-de-lalhambra-et-de-la-ville-de-grenade\/","url":"https:\/\/tourtravelandmore.com\/fr\/tours\/espagne-fr\/granada-fr\/all-private-tours-activities-fr-15\/visite-privee-de-lalhambra-et-de-la-ville-de-grenade\/","name":"Visite priv\u00e9e de l'Alhambra - Centre-ville de Grenade. Visite priv\u00e9e \u00e0 pied","isPartOf":{"@id":"https:\/\/tourtravelandmore.com\/fr\/#website"},"primaryImageOfPage":{"@id":"https:\/\/tourtravelandmore.com\/fr\/tours\/espagne-fr\/granada-fr\/all-private-tours-activities-fr-15\/visite-privee-de-lalhambra-et-de-la-ville-de-grenade\/#primaryimage"},"image":{"@id":"https:\/\/tourtravelandmore.com\/fr\/tours\/espagne-fr\/granada-fr\/all-private-tours-activities-fr-15\/visite-privee-de-lalhambra-et-de-la-ville-de-grenade\/#primaryimage"},"thumbnailUrl":"https:\/\/tourtravelandmore.com\/wp-content\/uploads\/2020\/01\/Granadas_sunset.jpg","datePublished":"2020-01-30T14:46:33+00:00","description":"Profitez de cette visite priv\u00e9e de l'Alhambra et du centre-ville de Grenade avec un guide officiel priv\u00e9. Entr\u00e9e incluse \u00e0 l'Alhambra.","breadcrumb":{"@id":"https:\/\/tourtravelandmore.com\/fr\/tours\/espagne-fr\/granada-fr\/all-private-tours-activities-fr-15\/visite-privee-de-lalhambra-et-de-la-ville-de-grenade\/#breadcrumb"},"inLanguage":"fr-FR","potentialAction":[{"@type":"ReadAction","target":["https:\/\/tourtravelandmore.com\/fr\/tours\/espagne-fr\/granada-fr\/all-private-tours-activities-fr-15\/visite-privee-de-lalhambra-et-de-la-ville-de-grenade\/"]}]},{"@type":"ImageObject","inLanguage":"fr-FR","@id":"https:\/\/tourtravelandmore.com\/fr\/tours\/espagne-fr\/granada-fr\/all-private-tours-activities-fr-15\/visite-privee-de-lalhambra-et-de-la-ville-de-grenade\/#primaryimage","url":"https:\/\/tourtravelandmore.com\/wp-content\/uploads\/2020\/01\/Granadas_sunset.jpg","contentUrl":"https:\/\/tourtravelandmore.com\/wp-content\/uploads\/2020\/01\/Granadas_sunset.jpg","width":1600,"height":1200,"caption":"KONICA MINOLTA DIGITAL CAMERA"},{"@type":"BreadcrumbList","@id":"https:\/\/tourtravelandmore.com\/fr\/tours\/espagne-fr\/granada-fr\/all-private-tours-activities-fr-15\/visite-privee-de-lalhambra-et-de-la-ville-de-grenade\/#breadcrumb","itemListElement":[{"@type":"ListItem","position":1,"name":"Home","item":"https:\/\/tourtravelandmore.com\/fr\/"},{"@type":"ListItem","position":2,"name":"Tours","item":"https:\/\/tourtravelandmore.com\/fr\/tours\/"},{"@type":"ListItem","position":3,"name":"Visite priv\u00e9e de l&rsquo;Alhambra et de la ville de Grenade"}]},{"@type":"WebSite","@id":"https:\/\/tourtravelandmore.com\/fr\/#website","url":"https:\/\/tourtravelandmore.com\/fr\/","name":"Tour Travel And More","description":"Private sightseeing tours and luxury transfers in Spain","publisher":{"@id":"https:\/\/tourtravelandmore.com\/fr\/#organization"},"potentialAction":[{"@type":"SearchAction","target":{"@type":"EntryPoint","urlTemplate":"https:\/\/tourtravelandmore.com\/fr\/?s={search_term_string}"},"query-input":{"@type":"PropertyValueSpecification","valueRequired":true,"valueName":"search_term_string"}}],"inLanguage":"fr-FR"},{"@type":"Organization","@id":"https:\/\/tourtravelandmore.com\/fr\/#organization","name":"Tour Travel And More","url":"https:\/\/tourtravelandmore.com\/fr\/","logo":{"@type":"ImageObject","inLanguage":"fr-FR","@id":"https:\/\/tourtravelandmore.com\/fr\/#\/schema\/logo\/image\/","url":"https:\/\/tourtravelandmore.com\/wp-content\/uploads\/2022\/12\/cropped-logo-cabecera-new.png","contentUrl":"https:\/\/tourtravelandmore.com\/wp-content\/uploads\/2022\/12\/cropped-logo-cabecera-new.png","width":430,"height":61,"caption":"Tour Travel And More"},"image":{"@id":"https:\/\/tourtravelandmore.com\/fr\/#\/schema\/logo\/image\/"},"sameAs":["https:\/\/www.facebook.com\/tourtravelandmore\/","https:\/\/x.com\/TourTravel_More"]}]}},"_links":{"self":[{"href":"https:\/\/tourtravelandmore.com\/fr\/wp-json\/wp\/v2\/product\/98940","targetHints":{"allow":["GET"]}}],"collection":[{"href":"https:\/\/tourtravelandmore.com\/fr\/wp-json\/wp\/v2\/product"}],"about":[{"href":"https:\/\/tourtravelandmore.com\/fr\/wp-json\/wp\/v2\/types\/product"}],"replies":[{"embeddable":true,"href":"https:\/\/tourtravelandmore.com\/fr\/wp-json\/wp\/v2\/comments?post=98940"}],"wp:featuredmedia":[{"embeddable":true,"href":"https:\/\/tourtravelandmore.com\/fr\/wp-json\/wp\/v2\/media\/97166"}],"wp:attachment":[{"href":"https:\/\/tourtravelandmore.com\/fr\/wp-json\/wp\/v2\/media?parent=98940"}],"wp:term":[{"taxonomy":"product_brand","embeddable":true,"href":"https:\/\/tourtravelandmore.com\/fr\/wp-json\/wp\/v2\/product_brand?post=98940"},{"taxonomy":"product_cat","embeddable":true,"href":"https:\/\/tourtravelandmore.com\/fr\/wp-json\/wp\/v2\/product_cat?post=98940"},{"taxonomy":"product_tag","embeddable":true,"href":"https:\/\/tourtravelandmore.com\/fr\/wp-json\/wp\/v2\/product_tag?post=98940"}],"curies":[{"name":"wp","href":"https:\/\/api.w.org\/{rel}","templated":true}]}}