{"id":98930,"date":"2016-08-26T12:27:47","date_gmt":"2016-08-26T10:27:47","guid":{"rendered":"https:\/\/tourtravelandmore.com\/tours\/non class\u00e9\/visite-privee-de-grenade-a-cordoba\/"},"modified":"2016-08-26T12:27:47","modified_gmt":"2016-08-26T10:27:47","slug":"visite-privee-de-grenade-a-cordoba","status":"publish","type":"product","link":"https:\/\/tourtravelandmore.com\/fr\/tours\/espagne-fr\/granada-fr\/all-private-tours-activities-fr-15\/visite-privee-de-grenade-a-cordoba\/","title":{"rendered":"Visite priv\u00e9e de Grenade \u00e0 Cordoba"},"content":{"rendered":"<h2>La description<\/h2>\n<p>Faites cette visite priv\u00e9e de Grenade \u00e0 Cordoba pour d\u00e9couvrir les sites uniques et embl\u00e9matiques de Cordoba.<\/p>\n<p>Cette visite priv\u00e9e de Grenade \u00e0 Cordoba d\u00e9butera depuis votre h\u00f4tel ou lieu de votre choix \u00e0 Grenade. Nous viendrons vous chercher avec votre v\u00e9hicule de luxe priv\u00e9 et votre chauffeur et nous nous dirigerons vers Cordoba.<\/p>\n<p>Une fois arriv\u00e9s \u00e0 Cordoba, vous rencontrerez votre guide officiel priv\u00e9. La plupart de Cordoba se fait \u00e0 pied. La Juderia et l&#8217;Alcazar et la mosqu\u00e9e \/ cath\u00e9drale seront accessibles \u00e0 pied avec votre guide. Votre v\u00e9hicule priv\u00e9 et votre chauffeur resteront \u00e0 votre disposition lorsque vous en aurez besoin.<\/p>\n<p>Vous profiterez d&#8217;une visite \u00e0 pied de la vieille ville de Cordoba qui comprend bien s\u00fbr la mosqu\u00e9e \/ cath\u00e9drale. Vous aurez la chance de prendre des photos impressionnantes et m\u00e9morables \u00e0 rapporter \u00e0 la maison!<\/p>\n<p>Profitez d&#8217;un peu de temps libre pour manger un morceau avant de retourner vers Grenade. Votre chauffeur vous d\u00e9posera \u00e0 votre h\u00f4tel \u00e0 Grenade pour finaliser la visite.<\/p>\n<h2>Sites d&#8217;int\u00e9r\u00eat et monuments<\/h2>\n<p>Profitez de Cordoba, la deuxi\u00e8me plus grande vieille ville d&#8217;Europe et la plus grande zone urbaine du monde d\u00e9clar\u00e9e patrimoine mondial par l&#8217;UNESCO.<\/p>\n<p>\u00c0 Cordoba, vous pouvez profiter de l&#8217;une des plus belles mosqu\u00e9es d&#8217;Espagne, la Grande Mosqu\u00e9e de Cordoba. C&#8217;est une cath\u00e9drale actuelle et un must une fois que vous visitez Cordoba (entr\u00e9e incluse dans le prix de cette visite priv\u00e9e)<\/p>\n<p>Nos experts en voyages sont \u00e0 votre disposition pour personnaliser l&#8217;itin\u00e9raire selon vos propres besoins.<\/p>\n<p>Voici quelques monuments et sites \u00e0 d\u00e9couvrir \u00e0 Cordoba.<\/p>\n<ul>\n<li>Grande mosqu\u00e9e de Cordoba (entr\u00e9e incluse)<\/li>\n<li>Alcazar de Cordoba (billet d&#8217;entr\u00e9e inclus)<\/li>\n<li>Pont romain<\/li>\n<li>Torre de Calahorra<\/li>\n<li>Temple romain<\/li>\n<li>Th\u00e9\u00e2tre<\/li>\n<li>Mausol\u00e9e<\/li>\n<li>quartier juif<\/li>\n<li>Centre historique de Cordoba<\/li>\n<li>Murs romains<\/li>\n<li>Beaucoup plus!<\/li>\n<\/ul>\n<p>Vous pourrez ensuite profiter et admirer la grande architecture et les sites touristiques des monuments les plus importants et les plus connus de Cordoba.<\/p>\n<p>Votre guide priv\u00e9 officiel sera \u00e0 votre disposition \u00e0 Cordoba pendant 3 heures.<\/p>\n<p>Une fois la visite termin\u00e9e, votre guide officiel priv\u00e9 et chauffeur avec v\u00e9hicule vous ram\u00e8nera \u00e0 votre h\u00f4tel ou lieu de votre choix \u00e0 Grenade.<\/p>\n<p>Si vous n&#8217;avez pas besoin de transport pour rejoindre Cordoba, jetez un \u0153il \u00e0 notre visite priv\u00e9e \u00e0 pied!<\/p>\n","protected":false},"excerpt":{"rendered":"<p>Visite priv\u00e9e de Grenade \u00e0 Cordoba. Visitez la Grande Mosqu\u00e9e de Cordoba. V\u00e9hicule de luxe priv\u00e9 et guide officiel pendant 3 heures \u00e0 Cordoba.<\/p>\n","protected":false},"featured_media":94607,"comment_status":"open","ping_status":"closed","template":"","meta":{"_acf_changed":false},"product_brand":[],"product_cat":[3544,4259,4260],"product_tag":[],"class_list":{"0":"post-98930","1":"product","2":"type-product","3":"status-publish","4":"has-post-thumbnail","6":"product_cat-granada-fr","7":"product_cat-all-private-tours-activities-fr-15","8":"product_cat-private-day-trips-fr-8","10":"first","11":"instock","12":"shipping-taxable","13":"purchasable","14":"product-type-simple"},"acf":[],"yoast_head":"<!-- This site is optimized with the Yoast SEO Premium plugin v25.3.1 (Yoast SEO v25.3.1) - https:\/\/yoast.com\/wordpress\/plugins\/seo\/ -->\n<title>Visite priv\u00e9e de Grenade \u00e0 Cordoba - V\u00e9hicule de luxe et guide officiel<\/title>\n<meta name=\"description\" content=\"Visite priv\u00e9e de Grenade \u00e0 Cordoba. Visitez la Grande Mosqu\u00e9e de Cordoba. V\u00e9hicule de luxe priv\u00e9 et guide officiel pendant 3 heures \u00e0 Cordoba\" \/>\n<meta name=\"robots\" content=\"index, follow, max-snippet:-1, max-image-preview:large, max-video-preview:-1\" \/>\n<link rel=\"canonical\" href=\"https:\/\/tourtravelandmore.com\/fr\/tours\/espagne-fr\/granada-fr\/all-private-tours-activities-fr-15\/visite-privee-de-grenade-a-cordoba\/\" \/>\n<meta property=\"og:locale\" content=\"fr_FR\" \/>\n<meta property=\"og:type\" content=\"article\" \/>\n<meta property=\"og:title\" content=\"Visite priv\u00e9e de Grenade \u00e0 Cordoba\" \/>\n<meta property=\"og:description\" content=\"Visite priv\u00e9e de Grenade \u00e0 Cordoba. Visitez la Grande Mosqu\u00e9e de Cordoba. V\u00e9hicule de luxe priv\u00e9 et guide officiel pendant 3 heures \u00e0 Cordoba\" \/>\n<meta property=\"og:url\" content=\"https:\/\/tourtravelandmore.com\/fr\/tours\/espagne-fr\/granada-fr\/all-private-tours-activities-fr-15\/visite-privee-de-grenade-a-cordoba\/\" \/>\n<meta property=\"og:site_name\" content=\"Tour Travel And More\" \/>\n<meta property=\"article:publisher\" content=\"https:\/\/www.facebook.com\/tourtravelandmore\/\" \/>\n<meta property=\"og:image\" content=\"https:\/\/tourtravelandmore.com\/wp-content\/uploads\/2016\/08\/cordoba-1.jpg\" \/>\n\t<meta property=\"og:image:width\" content=\"960\" \/>\n\t<meta property=\"og:image:height\" content=\"639\" \/>\n\t<meta property=\"og:image:type\" content=\"image\/jpeg\" \/>\n<meta name=\"twitter:card\" content=\"summary_large_image\" \/>\n<meta name=\"twitter:site\" content=\"@TourTravel_More\" \/>\n<meta name=\"twitter:label1\" content=\"Dur\u00e9e de lecture estim\u00e9e\" \/>\n\t<meta name=\"twitter:data1\" content=\"2 minutes\" \/>\n<script type=\"application\/ld+json\" class=\"yoast-schema-graph\">{\"@context\":\"https:\/\/schema.org\",\"@graph\":[{\"@type\":\"WebPage\",\"@id\":\"https:\/\/tourtravelandmore.com\/fr\/tours\/espagne-fr\/granada-fr\/all-private-tours-activities-fr-15\/visite-privee-de-grenade-a-cordoba\/\",\"url\":\"https:\/\/tourtravelandmore.com\/fr\/tours\/espagne-fr\/granada-fr\/all-private-tours-activities-fr-15\/visite-privee-de-grenade-a-cordoba\/\",\"name\":\"Visite priv\u00e9e de Grenade \u00e0 Cordoba - V\u00e9hicule de luxe et guide officiel\",\"isPartOf\":{\"@id\":\"https:\/\/tourtravelandmore.com\/fr\/#website\"},\"primaryImageOfPage\":{\"@id\":\"https:\/\/tourtravelandmore.com\/fr\/tours\/espagne-fr\/granada-fr\/all-private-tours-activities-fr-15\/visite-privee-de-grenade-a-cordoba\/#primaryimage\"},\"image\":{\"@id\":\"https:\/\/tourtravelandmore.com\/fr\/tours\/espagne-fr\/granada-fr\/all-private-tours-activities-fr-15\/visite-privee-de-grenade-a-cordoba\/#primaryimage\"},\"thumbnailUrl\":\"https:\/\/tourtravelandmore.com\/wp-content\/uploads\/2016\/08\/cordoba-1.jpg\",\"datePublished\":\"2016-08-26T10:27:47+00:00\",\"description\":\"Visite priv\u00e9e de Grenade \u00e0 Cordoba. Visitez la Grande Mosqu\u00e9e de Cordoba. V\u00e9hicule de luxe priv\u00e9 et guide officiel pendant 3 heures \u00e0 Cordoba\",\"breadcrumb\":{\"@id\":\"https:\/\/tourtravelandmore.com\/fr\/tours\/espagne-fr\/granada-fr\/all-private-tours-activities-fr-15\/visite-privee-de-grenade-a-cordoba\/#breadcrumb\"},\"inLanguage\":\"fr-FR\",\"potentialAction\":[{\"@type\":\"ReadAction\",\"target\":[\"https:\/\/tourtravelandmore.com\/fr\/tours\/espagne-fr\/granada-fr\/all-private-tours-activities-fr-15\/visite-privee-de-grenade-a-cordoba\/\"]}]},{\"@type\":\"ImageObject\",\"inLanguage\":\"fr-FR\",\"@id\":\"https:\/\/tourtravelandmore.com\/fr\/tours\/espagne-fr\/granada-fr\/all-private-tours-activities-fr-15\/visite-privee-de-grenade-a-cordoba\/#primaryimage\",\"url\":\"https:\/\/tourtravelandmore.com\/wp-content\/uploads\/2016\/08\/cordoba-1.jpg\",\"contentUrl\":\"https:\/\/tourtravelandmore.com\/wp-content\/uploads\/2016\/08\/cordoba-1.jpg\",\"width\":960,\"height\":639},{\"@type\":\"BreadcrumbList\",\"@id\":\"https:\/\/tourtravelandmore.com\/fr\/tours\/espagne-fr\/granada-fr\/all-private-tours-activities-fr-15\/visite-privee-de-grenade-a-cordoba\/#breadcrumb\",\"itemListElement\":[{\"@type\":\"ListItem\",\"position\":1,\"name\":\"Home\",\"item\":\"https:\/\/tourtravelandmore.com\/fr\/\"},{\"@type\":\"ListItem\",\"position\":2,\"name\":\"Tours\",\"item\":\"https:\/\/tourtravelandmore.com\/fr\/tours\/\"},{\"@type\":\"ListItem\",\"position\":3,\"name\":\"Visite priv\u00e9e de Grenade \u00e0 Cordoba\"}]},{\"@type\":\"WebSite\",\"@id\":\"https:\/\/tourtravelandmore.com\/fr\/#website\",\"url\":\"https:\/\/tourtravelandmore.com\/fr\/\",\"name\":\"Tour Travel And More\",\"description\":\"Private sightseeing tours and luxury transfers in Spain\",\"publisher\":{\"@id\":\"https:\/\/tourtravelandmore.com\/fr\/#organization\"},\"potentialAction\":[{\"@type\":\"SearchAction\",\"target\":{\"@type\":\"EntryPoint\",\"urlTemplate\":\"https:\/\/tourtravelandmore.com\/fr\/?s={search_term_string}\"},\"query-input\":{\"@type\":\"PropertyValueSpecification\",\"valueRequired\":true,\"valueName\":\"search_term_string\"}}],\"inLanguage\":\"fr-FR\"},{\"@type\":\"Organization\",\"@id\":\"https:\/\/tourtravelandmore.com\/fr\/#organization\",\"name\":\"Tour Travel And More\",\"url\":\"https:\/\/tourtravelandmore.com\/fr\/\",\"logo\":{\"@type\":\"ImageObject\",\"inLanguage\":\"fr-FR\",\"@id\":\"https:\/\/tourtravelandmore.com\/fr\/#\/schema\/logo\/image\/\",\"url\":\"https:\/\/tourtravelandmore.com\/wp-content\/uploads\/2022\/12\/cropped-logo-cabecera-new.png\",\"contentUrl\":\"https:\/\/tourtravelandmore.com\/wp-content\/uploads\/2022\/12\/cropped-logo-cabecera-new.png\",\"width\":430,\"height\":61,\"caption\":\"Tour Travel And More\"},\"image\":{\"@id\":\"https:\/\/tourtravelandmore.com\/fr\/#\/schema\/logo\/image\/\"},\"sameAs\":[\"https:\/\/www.facebook.com\/tourtravelandmore\/\",\"https:\/\/x.com\/TourTravel_More\"]}]}<\/script>\n<!-- \/ Yoast SEO Premium plugin. -->","yoast_head_json":{"title":"Visite priv\u00e9e de Grenade \u00e0 Cordoba - V\u00e9hicule de luxe et guide officiel","description":"Visite priv\u00e9e de Grenade \u00e0 Cordoba. Visitez la Grande Mosqu\u00e9e de Cordoba. V\u00e9hicule de luxe priv\u00e9 et guide officiel pendant 3 heures \u00e0 Cordoba","robots":{"index":"index","follow":"follow","max-snippet":"max-snippet:-1","max-image-preview":"max-image-preview:large","max-video-preview":"max-video-preview:-1"},"canonical":"https:\/\/tourtravelandmore.com\/fr\/tours\/espagne-fr\/granada-fr\/all-private-tours-activities-fr-15\/visite-privee-de-grenade-a-cordoba\/","og_locale":"fr_FR","og_type":"article","og_title":"Visite priv\u00e9e de Grenade \u00e0 Cordoba","og_description":"Visite priv\u00e9e de Grenade \u00e0 Cordoba. Visitez la Grande Mosqu\u00e9e de Cordoba. V\u00e9hicule de luxe priv\u00e9 et guide officiel pendant 3 heures \u00e0 Cordoba","og_url":"https:\/\/tourtravelandmore.com\/fr\/tours\/espagne-fr\/granada-fr\/all-private-tours-activities-fr-15\/visite-privee-de-grenade-a-cordoba\/","og_site_name":"Tour Travel And More","article_publisher":"https:\/\/www.facebook.com\/tourtravelandmore\/","og_image":[{"width":960,"height":639,"url":"https:\/\/tourtravelandmore.com\/wp-content\/uploads\/2016\/08\/cordoba-1.jpg","type":"image\/jpeg"}],"twitter_card":"summary_large_image","twitter_site":"@TourTravel_More","twitter_misc":{"Dur\u00e9e de lecture estim\u00e9e":"2 minutes"},"schema":{"@context":"https:\/\/schema.org","@graph":[{"@type":"WebPage","@id":"https:\/\/tourtravelandmore.com\/fr\/tours\/espagne-fr\/granada-fr\/all-private-tours-activities-fr-15\/visite-privee-de-grenade-a-cordoba\/","url":"https:\/\/tourtravelandmore.com\/fr\/tours\/espagne-fr\/granada-fr\/all-private-tours-activities-fr-15\/visite-privee-de-grenade-a-cordoba\/","name":"Visite priv\u00e9e de Grenade \u00e0 Cordoba - V\u00e9hicule de luxe et guide officiel","isPartOf":{"@id":"https:\/\/tourtravelandmore.com\/fr\/#website"},"primaryImageOfPage":{"@id":"https:\/\/tourtravelandmore.com\/fr\/tours\/espagne-fr\/granada-fr\/all-private-tours-activities-fr-15\/visite-privee-de-grenade-a-cordoba\/#primaryimage"},"image":{"@id":"https:\/\/tourtravelandmore.com\/fr\/tours\/espagne-fr\/granada-fr\/all-private-tours-activities-fr-15\/visite-privee-de-grenade-a-cordoba\/#primaryimage"},"thumbnailUrl":"https:\/\/tourtravelandmore.com\/wp-content\/uploads\/2016\/08\/cordoba-1.jpg","datePublished":"2016-08-26T10:27:47+00:00","description":"Visite priv\u00e9e de Grenade \u00e0 Cordoba. Visitez la Grande Mosqu\u00e9e de Cordoba. V\u00e9hicule de luxe priv\u00e9 et guide officiel pendant 3 heures \u00e0 Cordoba","breadcrumb":{"@id":"https:\/\/tourtravelandmore.com\/fr\/tours\/espagne-fr\/granada-fr\/all-private-tours-activities-fr-15\/visite-privee-de-grenade-a-cordoba\/#breadcrumb"},"inLanguage":"fr-FR","potentialAction":[{"@type":"ReadAction","target":["https:\/\/tourtravelandmore.com\/fr\/tours\/espagne-fr\/granada-fr\/all-private-tours-activities-fr-15\/visite-privee-de-grenade-a-cordoba\/"]}]},{"@type":"ImageObject","inLanguage":"fr-FR","@id":"https:\/\/tourtravelandmore.com\/fr\/tours\/espagne-fr\/granada-fr\/all-private-tours-activities-fr-15\/visite-privee-de-grenade-a-cordoba\/#primaryimage","url":"https:\/\/tourtravelandmore.com\/wp-content\/uploads\/2016\/08\/cordoba-1.jpg","contentUrl":"https:\/\/tourtravelandmore.com\/wp-content\/uploads\/2016\/08\/cordoba-1.jpg","width":960,"height":639},{"@type":"BreadcrumbList","@id":"https:\/\/tourtravelandmore.com\/fr\/tours\/espagne-fr\/granada-fr\/all-private-tours-activities-fr-15\/visite-privee-de-grenade-a-cordoba\/#breadcrumb","itemListElement":[{"@type":"ListItem","position":1,"name":"Home","item":"https:\/\/tourtravelandmore.com\/fr\/"},{"@type":"ListItem","position":2,"name":"Tours","item":"https:\/\/tourtravelandmore.com\/fr\/tours\/"},{"@type":"ListItem","position":3,"name":"Visite priv\u00e9e de Grenade \u00e0 Cordoba"}]},{"@type":"WebSite","@id":"https:\/\/tourtravelandmore.com\/fr\/#website","url":"https:\/\/tourtravelandmore.com\/fr\/","name":"Tour Travel And More","description":"Private sightseeing tours and luxury transfers in Spain","publisher":{"@id":"https:\/\/tourtravelandmore.com\/fr\/#organization"},"potentialAction":[{"@type":"SearchAction","target":{"@type":"EntryPoint","urlTemplate":"https:\/\/tourtravelandmore.com\/fr\/?s={search_term_string}"},"query-input":{"@type":"PropertyValueSpecification","valueRequired":true,"valueName":"search_term_string"}}],"inLanguage":"fr-FR"},{"@type":"Organization","@id":"https:\/\/tourtravelandmore.com\/fr\/#organization","name":"Tour Travel And More","url":"https:\/\/tourtravelandmore.com\/fr\/","logo":{"@type":"ImageObject","inLanguage":"fr-FR","@id":"https:\/\/tourtravelandmore.com\/fr\/#\/schema\/logo\/image\/","url":"https:\/\/tourtravelandmore.com\/wp-content\/uploads\/2022\/12\/cropped-logo-cabecera-new.png","contentUrl":"https:\/\/tourtravelandmore.com\/wp-content\/uploads\/2022\/12\/cropped-logo-cabecera-new.png","width":430,"height":61,"caption":"Tour Travel And More"},"image":{"@id":"https:\/\/tourtravelandmore.com\/fr\/#\/schema\/logo\/image\/"},"sameAs":["https:\/\/www.facebook.com\/tourtravelandmore\/","https:\/\/x.com\/TourTravel_More"]}]}},"_links":{"self":[{"href":"https:\/\/tourtravelandmore.com\/fr\/wp-json\/wp\/v2\/product\/98930","targetHints":{"allow":["GET"]}}],"collection":[{"href":"https:\/\/tourtravelandmore.com\/fr\/wp-json\/wp\/v2\/product"}],"about":[{"href":"https:\/\/tourtravelandmore.com\/fr\/wp-json\/wp\/v2\/types\/product"}],"replies":[{"embeddable":true,"href":"https:\/\/tourtravelandmore.com\/fr\/wp-json\/wp\/v2\/comments?post=98930"}],"wp:featuredmedia":[{"embeddable":true,"href":"https:\/\/tourtravelandmore.com\/fr\/wp-json\/wp\/v2\/media\/94607"}],"wp:attachment":[{"href":"https:\/\/tourtravelandmore.com\/fr\/wp-json\/wp\/v2\/media?parent=98930"}],"wp:term":[{"taxonomy":"product_brand","embeddable":true,"href":"https:\/\/tourtravelandmore.com\/fr\/wp-json\/wp\/v2\/product_brand?post=98930"},{"taxonomy":"product_cat","embeddable":true,"href":"https:\/\/tourtravelandmore.com\/fr\/wp-json\/wp\/v2\/product_cat?post=98930"},{"taxonomy":"product_tag","embeddable":true,"href":"https:\/\/tourtravelandmore.com\/fr\/wp-json\/wp\/v2\/product_tag?post=98930"}],"curies":[{"name":"wp","href":"https:\/\/api.w.org\/{rel}","templated":true}]}}