{"id":98925,"date":"2016-08-26T11:54:21","date_gmt":"2016-08-26T09:54:21","guid":{"rendered":"https:\/\/tourtravelandmore.com\/tours\/non class\u00e9\/excursion-privee-dune-journee-de-grenade-a-malaga\/"},"modified":"2016-08-26T11:54:21","modified_gmt":"2016-08-26T09:54:21","slug":"excursion-privee-dune-journee-de-grenade-a-malaga","status":"publish","type":"product","link":"https:\/\/tourtravelandmore.com\/fr\/tours\/espagne-fr\/granada-fr\/all-private-tours-activities-fr-15\/excursion-privee-dune-journee-de-grenade-a-malaga\/","title":{"rendered":"Excursion priv\u00e9e d&#8217;une journ\u00e9e de Grenade \u00e0 Malaga"},"content":{"rendered":"<h2>La description<\/h2>\n<p>Prenez une journ\u00e9e de votre temps \u00e0 Grenade pour profiter d&#8217;une excursion priv\u00e9e d&#8217;une journ\u00e9e de Grenade \u00e0 Malaga. Ayez la chance de conna\u00eetre le meilleur de Malaga pour une exp\u00e9rience d&#8217;une journ\u00e9e.<\/p>\n<p>Cette excursion priv\u00e9e d&#8217;une journ\u00e9e de Grenade \u00e0 Malaga d\u00e9butera depuis votre h\u00f4tel \u00e0 Grenade. Votre v\u00e9hicule de luxe priv\u00e9 avec chauffeur viendra vous chercher pour un trajet confortable vers Malaga.<\/p>\n<p>Une fois arriv\u00e9s \u00e0 Malaga, votre guide officiel priv\u00e9 montera dans le v\u00e9hicule et nous commencerons la visite priv\u00e9e. La visite priv\u00e9e \u00e0 Malaga durera 4 heures. Apprenez \u00e0 conna\u00eetre les meilleurs quartiers de Malaga.<\/p>\n<p>Passez du temps libre \u00e0 Malaga pour manger un morceau avant de quitter Malaga. Votre chauffeur priv\u00e9 vous ram\u00e8nera \u00e0 votre h\u00f4tel \u00e0 Grenade.<\/p>\n<h2>Sites d&#8217;int\u00e9r\u00eat et monuments<\/h2>\n<p>Depuis 2003, ann\u00e9e de l&#8217;ouverture du mus\u00e9e Picasso dans la ville, Malaga grandit et s&#8217;ouvre sur le monde. De nos jours, elle est consid\u00e9r\u00e9e comme l&#8217;une des meilleures villes d&#8217;Espagne \u00e0 visiter pour les arts, la culture et la grande gastronomie. Malaga est la ville o\u00f9 est n\u00e9 Pablo Picasso.<\/p>\n<p>Parmi les autres monuments de Malaga, vous pouvez apprendre \u00e0 conna\u00eetre:<\/p>\n<ul>\n<li>Plaza de la Merced<\/li>\n<li>Ch\u00e2teau de Gibralfaro<\/li>\n<li>Forteresse maure La Alcazaba<\/li>\n<li>Th\u00e9\u00e2tre romain<\/li>\n<li>Catedral de M\u00e1laga (entr\u00e9e incluse dans le prix de cette visite)<\/li>\n<li>Mus\u00e9e Picasso<\/li>\n<li>Maison de Pablo Picasso<\/li>\n<li>Mus\u00e9e Thyssen<\/li>\n<li>\u00c9glise Saint-Jean<\/li>\n<li>Beaucoup plus!<\/li>\n<\/ul>\n<p>Vous pourrez ensuite profiter et admirer la grande architecture et les sites touristiques des monuments les plus importants et les plus connus de Malaga<\/p>\n<p>Votre chauffeur priv\u00e9, dans votre v\u00e9hicule de luxe priv\u00e9, vous emm\u00e8nera de Grenade \u00e0 Malaga et retour.<\/p>\n<p>Une fois \u00e0 Malaga, vous rencontrerez votre guide officiel priv\u00e9, qui vous montrera une vue panoramique imprenable sur la ville depuis Gibralfaro, puis vous emm\u00e8nera dans une visite panoramique de la vieille ville de Malaga, o\u00f9 vous visiterez la cath\u00e9drale qui a des styles baroques et renaissance. Votre chauffeur vous ram\u00e8nera vers Grenade.<\/p>\n<p>D\u00e9couvrez nos visites priv\u00e9es \u00e0 Grenade ici!<\/p>\n","protected":false},"excerpt":{"rendered":"<p>Excursion priv\u00e9e d&#8217;une journ\u00e9e de Grenade \u00e0 Malaga. Guide touristique officiel priv\u00e9 \u00e0 Malaga et v\u00e9hicule de luxe priv\u00e9 avec chauffeur de Grenade.<\/p>\n","protected":false},"featured_media":94609,"comment_status":"open","ping_status":"closed","template":"","meta":{"_acf_changed":false},"product_brand":[],"product_cat":[3544,4259,4261,4260],"product_tag":[],"class_list":{"0":"post-98925","1":"product","2":"type-product","3":"status-publish","4":"has-post-thumbnail","6":"product_cat-granada-fr","7":"product_cat-all-private-tours-activities-fr-15","8":"product_cat-private-sightseeing-tours-fr-22","9":"product_cat-private-day-trips-fr-8","11":"first","12":"instock","13":"shipping-taxable","14":"purchasable","15":"product-type-simple"},"acf":[],"yoast_head":"<!-- This site is optimized with the Yoast SEO Premium plugin v25.3.1 (Yoast SEO v25.3.1) - https:\/\/yoast.com\/wordpress\/plugins\/seo\/ -->\n<title>Excursion priv\u00e9e d&#039;une journ\u00e9e de Grenade \u00e0 Malaga - V\u00e9hicule de luxe priv\u00e9 et guide<\/title>\n<meta name=\"description\" content=\"Excursion priv\u00e9e d&#039;une journ\u00e9e de Grenade \u00e0 Malaga. Guide touristique officiel priv\u00e9 \u00e0 Malaga et v\u00e9hicule de luxe priv\u00e9 avec chauffeur de Grenade.\" \/>\n<meta name=\"robots\" content=\"index, follow, max-snippet:-1, max-image-preview:large, max-video-preview:-1\" \/>\n<link rel=\"canonical\" href=\"https:\/\/tourtravelandmore.com\/fr\/tours\/espagne-fr\/granada-fr\/all-private-tours-activities-fr-15\/excursion-privee-dune-journee-de-grenade-a-malaga\/\" \/>\n<meta property=\"og:locale\" content=\"fr_FR\" \/>\n<meta property=\"og:type\" content=\"article\" \/>\n<meta property=\"og:title\" content=\"Excursion priv\u00e9e d&#039;une journ\u00e9e de Grenade \u00e0 Malaga\" \/>\n<meta property=\"og:description\" content=\"Excursion priv\u00e9e d&#039;une journ\u00e9e de Grenade \u00e0 Malaga. Guide touristique officiel priv\u00e9 \u00e0 Malaga et v\u00e9hicule de luxe priv\u00e9 avec chauffeur de Grenade.\" \/>\n<meta property=\"og:url\" content=\"https:\/\/tourtravelandmore.com\/fr\/tours\/espagne-fr\/granada-fr\/all-private-tours-activities-fr-15\/excursion-privee-dune-journee-de-grenade-a-malaga\/\" \/>\n<meta property=\"og:site_name\" content=\"Tour Travel And More\" \/>\n<meta property=\"article:publisher\" content=\"https:\/\/www.facebook.com\/tourtravelandmore\/\" \/>\n<meta property=\"og:image\" content=\"https:\/\/tourtravelandmore.com\/wp-content\/uploads\/2016\/08\/malaga5.jpg\" \/>\n\t<meta property=\"og:image:width\" content=\"1024\" \/>\n\t<meta property=\"og:image:height\" content=\"678\" \/>\n\t<meta property=\"og:image:type\" content=\"image\/jpeg\" \/>\n<meta name=\"twitter:card\" content=\"summary_large_image\" \/>\n<meta name=\"twitter:site\" content=\"@TourTravel_More\" \/>\n<meta name=\"twitter:label1\" content=\"Dur\u00e9e de lecture estim\u00e9e\" \/>\n\t<meta name=\"twitter:data1\" content=\"2 minutes\" \/>\n<script type=\"application\/ld+json\" class=\"yoast-schema-graph\">{\"@context\":\"https:\/\/schema.org\",\"@graph\":[{\"@type\":\"WebPage\",\"@id\":\"https:\/\/tourtravelandmore.com\/fr\/tours\/espagne-fr\/granada-fr\/all-private-tours-activities-fr-15\/excursion-privee-dune-journee-de-grenade-a-malaga\/\",\"url\":\"https:\/\/tourtravelandmore.com\/fr\/tours\/espagne-fr\/granada-fr\/all-private-tours-activities-fr-15\/excursion-privee-dune-journee-de-grenade-a-malaga\/\",\"name\":\"Excursion priv\u00e9e d'une journ\u00e9e de Grenade \u00e0 Malaga - V\u00e9hicule de luxe priv\u00e9 et guide\",\"isPartOf\":{\"@id\":\"https:\/\/tourtravelandmore.com\/fr\/#website\"},\"primaryImageOfPage\":{\"@id\":\"https:\/\/tourtravelandmore.com\/fr\/tours\/espagne-fr\/granada-fr\/all-private-tours-activities-fr-15\/excursion-privee-dune-journee-de-grenade-a-malaga\/#primaryimage\"},\"image\":{\"@id\":\"https:\/\/tourtravelandmore.com\/fr\/tours\/espagne-fr\/granada-fr\/all-private-tours-activities-fr-15\/excursion-privee-dune-journee-de-grenade-a-malaga\/#primaryimage\"},\"thumbnailUrl\":\"https:\/\/tourtravelandmore.com\/wp-content\/uploads\/2016\/08\/malaga5.jpg\",\"datePublished\":\"2016-08-26T09:54:21+00:00\",\"description\":\"Excursion priv\u00e9e d'une journ\u00e9e de Grenade \u00e0 Malaga. Guide touristique officiel priv\u00e9 \u00e0 Malaga et v\u00e9hicule de luxe priv\u00e9 avec chauffeur de Grenade.\",\"breadcrumb\":{\"@id\":\"https:\/\/tourtravelandmore.com\/fr\/tours\/espagne-fr\/granada-fr\/all-private-tours-activities-fr-15\/excursion-privee-dune-journee-de-grenade-a-malaga\/#breadcrumb\"},\"inLanguage\":\"fr-FR\",\"potentialAction\":[{\"@type\":\"ReadAction\",\"target\":[\"https:\/\/tourtravelandmore.com\/fr\/tours\/espagne-fr\/granada-fr\/all-private-tours-activities-fr-15\/excursion-privee-dune-journee-de-grenade-a-malaga\/\"]}]},{\"@type\":\"ImageObject\",\"inLanguage\":\"fr-FR\",\"@id\":\"https:\/\/tourtravelandmore.com\/fr\/tours\/espagne-fr\/granada-fr\/all-private-tours-activities-fr-15\/excursion-privee-dune-journee-de-grenade-a-malaga\/#primaryimage\",\"url\":\"https:\/\/tourtravelandmore.com\/wp-content\/uploads\/2016\/08\/malaga5.jpg\",\"contentUrl\":\"https:\/\/tourtravelandmore.com\/wp-content\/uploads\/2016\/08\/malaga5.jpg\",\"width\":1024,\"height\":678},{\"@type\":\"BreadcrumbList\",\"@id\":\"https:\/\/tourtravelandmore.com\/fr\/tours\/espagne-fr\/granada-fr\/all-private-tours-activities-fr-15\/excursion-privee-dune-journee-de-grenade-a-malaga\/#breadcrumb\",\"itemListElement\":[{\"@type\":\"ListItem\",\"position\":1,\"name\":\"Home\",\"item\":\"https:\/\/tourtravelandmore.com\/fr\/\"},{\"@type\":\"ListItem\",\"position\":2,\"name\":\"Tours\",\"item\":\"https:\/\/tourtravelandmore.com\/fr\/tours\/\"},{\"@type\":\"ListItem\",\"position\":3,\"name\":\"Excursion priv\u00e9e d&rsquo;une journ\u00e9e de Grenade \u00e0 Malaga\"}]},{\"@type\":\"WebSite\",\"@id\":\"https:\/\/tourtravelandmore.com\/fr\/#website\",\"url\":\"https:\/\/tourtravelandmore.com\/fr\/\",\"name\":\"Tour Travel And More\",\"description\":\"Private sightseeing tours and luxury transfers in Spain\",\"publisher\":{\"@id\":\"https:\/\/tourtravelandmore.com\/fr\/#organization\"},\"potentialAction\":[{\"@type\":\"SearchAction\",\"target\":{\"@type\":\"EntryPoint\",\"urlTemplate\":\"https:\/\/tourtravelandmore.com\/fr\/?s={search_term_string}\"},\"query-input\":{\"@type\":\"PropertyValueSpecification\",\"valueRequired\":true,\"valueName\":\"search_term_string\"}}],\"inLanguage\":\"fr-FR\"},{\"@type\":\"Organization\",\"@id\":\"https:\/\/tourtravelandmore.com\/fr\/#organization\",\"name\":\"Tour Travel And More\",\"url\":\"https:\/\/tourtravelandmore.com\/fr\/\",\"logo\":{\"@type\":\"ImageObject\",\"inLanguage\":\"fr-FR\",\"@id\":\"https:\/\/tourtravelandmore.com\/fr\/#\/schema\/logo\/image\/\",\"url\":\"https:\/\/tourtravelandmore.com\/wp-content\/uploads\/2022\/12\/cropped-logo-cabecera-new.png\",\"contentUrl\":\"https:\/\/tourtravelandmore.com\/wp-content\/uploads\/2022\/12\/cropped-logo-cabecera-new.png\",\"width\":430,\"height\":61,\"caption\":\"Tour Travel And More\"},\"image\":{\"@id\":\"https:\/\/tourtravelandmore.com\/fr\/#\/schema\/logo\/image\/\"},\"sameAs\":[\"https:\/\/www.facebook.com\/tourtravelandmore\/\",\"https:\/\/x.com\/TourTravel_More\"]}]}<\/script>\n<!-- \/ Yoast SEO Premium plugin. -->","yoast_head_json":{"title":"Excursion priv\u00e9e d'une journ\u00e9e de Grenade \u00e0 Malaga - V\u00e9hicule de luxe priv\u00e9 et guide","description":"Excursion priv\u00e9e d'une journ\u00e9e de Grenade \u00e0 Malaga. Guide touristique officiel priv\u00e9 \u00e0 Malaga et v\u00e9hicule de luxe priv\u00e9 avec chauffeur de Grenade.","robots":{"index":"index","follow":"follow","max-snippet":"max-snippet:-1","max-image-preview":"max-image-preview:large","max-video-preview":"max-video-preview:-1"},"canonical":"https:\/\/tourtravelandmore.com\/fr\/tours\/espagne-fr\/granada-fr\/all-private-tours-activities-fr-15\/excursion-privee-dune-journee-de-grenade-a-malaga\/","og_locale":"fr_FR","og_type":"article","og_title":"Excursion priv\u00e9e d'une journ\u00e9e de Grenade \u00e0 Malaga","og_description":"Excursion priv\u00e9e d'une journ\u00e9e de Grenade \u00e0 Malaga. Guide touristique officiel priv\u00e9 \u00e0 Malaga et v\u00e9hicule de luxe priv\u00e9 avec chauffeur de Grenade.","og_url":"https:\/\/tourtravelandmore.com\/fr\/tours\/espagne-fr\/granada-fr\/all-private-tours-activities-fr-15\/excursion-privee-dune-journee-de-grenade-a-malaga\/","og_site_name":"Tour Travel And More","article_publisher":"https:\/\/www.facebook.com\/tourtravelandmore\/","og_image":[{"width":1024,"height":678,"url":"https:\/\/tourtravelandmore.com\/wp-content\/uploads\/2016\/08\/malaga5.jpg","type":"image\/jpeg"}],"twitter_card":"summary_large_image","twitter_site":"@TourTravel_More","twitter_misc":{"Dur\u00e9e de lecture estim\u00e9e":"2 minutes"},"schema":{"@context":"https:\/\/schema.org","@graph":[{"@type":"WebPage","@id":"https:\/\/tourtravelandmore.com\/fr\/tours\/espagne-fr\/granada-fr\/all-private-tours-activities-fr-15\/excursion-privee-dune-journee-de-grenade-a-malaga\/","url":"https:\/\/tourtravelandmore.com\/fr\/tours\/espagne-fr\/granada-fr\/all-private-tours-activities-fr-15\/excursion-privee-dune-journee-de-grenade-a-malaga\/","name":"Excursion priv\u00e9e d'une journ\u00e9e de Grenade \u00e0 Malaga - V\u00e9hicule de luxe priv\u00e9 et guide","isPartOf":{"@id":"https:\/\/tourtravelandmore.com\/fr\/#website"},"primaryImageOfPage":{"@id":"https:\/\/tourtravelandmore.com\/fr\/tours\/espagne-fr\/granada-fr\/all-private-tours-activities-fr-15\/excursion-privee-dune-journee-de-grenade-a-malaga\/#primaryimage"},"image":{"@id":"https:\/\/tourtravelandmore.com\/fr\/tours\/espagne-fr\/granada-fr\/all-private-tours-activities-fr-15\/excursion-privee-dune-journee-de-grenade-a-malaga\/#primaryimage"},"thumbnailUrl":"https:\/\/tourtravelandmore.com\/wp-content\/uploads\/2016\/08\/malaga5.jpg","datePublished":"2016-08-26T09:54:21+00:00","description":"Excursion priv\u00e9e d'une journ\u00e9e de Grenade \u00e0 Malaga. Guide touristique officiel priv\u00e9 \u00e0 Malaga et v\u00e9hicule de luxe priv\u00e9 avec chauffeur de Grenade.","breadcrumb":{"@id":"https:\/\/tourtravelandmore.com\/fr\/tours\/espagne-fr\/granada-fr\/all-private-tours-activities-fr-15\/excursion-privee-dune-journee-de-grenade-a-malaga\/#breadcrumb"},"inLanguage":"fr-FR","potentialAction":[{"@type":"ReadAction","target":["https:\/\/tourtravelandmore.com\/fr\/tours\/espagne-fr\/granada-fr\/all-private-tours-activities-fr-15\/excursion-privee-dune-journee-de-grenade-a-malaga\/"]}]},{"@type":"ImageObject","inLanguage":"fr-FR","@id":"https:\/\/tourtravelandmore.com\/fr\/tours\/espagne-fr\/granada-fr\/all-private-tours-activities-fr-15\/excursion-privee-dune-journee-de-grenade-a-malaga\/#primaryimage","url":"https:\/\/tourtravelandmore.com\/wp-content\/uploads\/2016\/08\/malaga5.jpg","contentUrl":"https:\/\/tourtravelandmore.com\/wp-content\/uploads\/2016\/08\/malaga5.jpg","width":1024,"height":678},{"@type":"BreadcrumbList","@id":"https:\/\/tourtravelandmore.com\/fr\/tours\/espagne-fr\/granada-fr\/all-private-tours-activities-fr-15\/excursion-privee-dune-journee-de-grenade-a-malaga\/#breadcrumb","itemListElement":[{"@type":"ListItem","position":1,"name":"Home","item":"https:\/\/tourtravelandmore.com\/fr\/"},{"@type":"ListItem","position":2,"name":"Tours","item":"https:\/\/tourtravelandmore.com\/fr\/tours\/"},{"@type":"ListItem","position":3,"name":"Excursion priv\u00e9e d&rsquo;une journ\u00e9e de Grenade \u00e0 Malaga"}]},{"@type":"WebSite","@id":"https:\/\/tourtravelandmore.com\/fr\/#website","url":"https:\/\/tourtravelandmore.com\/fr\/","name":"Tour Travel And More","description":"Private sightseeing tours and luxury transfers in Spain","publisher":{"@id":"https:\/\/tourtravelandmore.com\/fr\/#organization"},"potentialAction":[{"@type":"SearchAction","target":{"@type":"EntryPoint","urlTemplate":"https:\/\/tourtravelandmore.com\/fr\/?s={search_term_string}"},"query-input":{"@type":"PropertyValueSpecification","valueRequired":true,"valueName":"search_term_string"}}],"inLanguage":"fr-FR"},{"@type":"Organization","@id":"https:\/\/tourtravelandmore.com\/fr\/#organization","name":"Tour Travel And More","url":"https:\/\/tourtravelandmore.com\/fr\/","logo":{"@type":"ImageObject","inLanguage":"fr-FR","@id":"https:\/\/tourtravelandmore.com\/fr\/#\/schema\/logo\/image\/","url":"https:\/\/tourtravelandmore.com\/wp-content\/uploads\/2022\/12\/cropped-logo-cabecera-new.png","contentUrl":"https:\/\/tourtravelandmore.com\/wp-content\/uploads\/2022\/12\/cropped-logo-cabecera-new.png","width":430,"height":61,"caption":"Tour Travel And More"},"image":{"@id":"https:\/\/tourtravelandmore.com\/fr\/#\/schema\/logo\/image\/"},"sameAs":["https:\/\/www.facebook.com\/tourtravelandmore\/","https:\/\/x.com\/TourTravel_More"]}]}},"_links":{"self":[{"href":"https:\/\/tourtravelandmore.com\/fr\/wp-json\/wp\/v2\/product\/98925","targetHints":{"allow":["GET"]}}],"collection":[{"href":"https:\/\/tourtravelandmore.com\/fr\/wp-json\/wp\/v2\/product"}],"about":[{"href":"https:\/\/tourtravelandmore.com\/fr\/wp-json\/wp\/v2\/types\/product"}],"replies":[{"embeddable":true,"href":"https:\/\/tourtravelandmore.com\/fr\/wp-json\/wp\/v2\/comments?post=98925"}],"wp:featuredmedia":[{"embeddable":true,"href":"https:\/\/tourtravelandmore.com\/fr\/wp-json\/wp\/v2\/media\/94609"}],"wp:attachment":[{"href":"https:\/\/tourtravelandmore.com\/fr\/wp-json\/wp\/v2\/media?parent=98925"}],"wp:term":[{"taxonomy":"product_brand","embeddable":true,"href":"https:\/\/tourtravelandmore.com\/fr\/wp-json\/wp\/v2\/product_brand?post=98925"},{"taxonomy":"product_cat","embeddable":true,"href":"https:\/\/tourtravelandmore.com\/fr\/wp-json\/wp\/v2\/product_cat?post=98925"},{"taxonomy":"product_tag","embeddable":true,"href":"https:\/\/tourtravelandmore.com\/fr\/wp-json\/wp\/v2\/product_tag?post=98925"}],"curies":[{"name":"wp","href":"https:\/\/api.w.org\/{rel}","templated":true}]}}