{"id":98920,"date":"2016-08-25T23:17:09","date_gmt":"2016-08-25T21:17:09","guid":{"rendered":"https:\/\/tourtravelandmore.com\/tours\/non class\u00e9\/visite-privee-de-grenade-a-seville\/"},"modified":"2016-08-25T23:17:09","modified_gmt":"2016-08-25T21:17:09","slug":"visite-privee-de-grenade-a-seville","status":"publish","type":"product","link":"https:\/\/tourtravelandmore.com\/fr\/tours\/espagne-fr\/granada-fr\/all-private-tours-activities-fr-15\/visite-privee-de-grenade-a-seville\/","title":{"rendered":"Visite priv\u00e9e de Grenade \u00e0 S\u00e9ville"},"content":{"rendered":"<h2>La description<\/h2>\n<p>Faites cette visite priv\u00e9e de Grenade \u00e0 S\u00e9ville et profitez du meilleur de S\u00e9ville. Nous organiserons une prise en charge confortable depuis votre h\u00f4tel \u00e0 Grenade et nous dirigerons vers S\u00e9ville.<\/p>\n<p>Tout d&#8217;abord, apr\u00e8s la prise en charge priv\u00e9e avec chauffeur, nous nous dirigerons vers S\u00e9ville. Nous roulerons confortablement vers S\u00e9ville. Une fois \u00e0 S\u00e9ville, vous rencontrerez votre guide officiel priv\u00e9. \u00c0 S\u00e9ville, votre guide priv\u00e9 vous emm\u00e8nera de la Torre del Oro et de la Plaza Espa\u00f1a vers l&#8217;\u00e9glise de la Macarena et bien plus encore!<\/p>\n<p>Vous aurez \u00e9galement le temps de vous promener dans S\u00e9ville. Vous pouvez \u00e9galement manger un morceau avant de retourner vers Grenade.<\/p>\n<p>Nous pouvons ajouter des billets d&#8217;entr\u00e9e si vous souhaitez entrer dans l&#8217;Alcazar ou la cath\u00e9drale.<\/p>\n<h2>Sites d&#8217;int\u00e9r\u00eat et monuments<\/h2>\n<p>S\u00e9ville est la capitale de l&#8217;Andalousie et la troisi\u00e8me plus grande ville d&#8217;Espagne. S\u00e9ville a un riche h\u00e9ritage maure et \u00e9tait autrefois un port prosp\u00e8re qui faisait du commerce avec les Am\u00e9riques. Entre autres monuments et sites touristiques, vous pouvez apprendre \u00e0 conna\u00eetre:<\/p>\n<ul>\n<li>Quartier juif<\/li>\n<li>Zone commerciale exclusive<\/li>\n<li>Plaza Espa\u00f1a<\/li>\n<li>Stade Sanchez Pijuan<\/li>\n<li>Plaza Nova<\/li>\n<li>Cath\u00e9drale de S\u00e9ville<\/li>\n<li>La Giralda<\/li>\n<li>Alcazar royal<\/li>\n<li>Torre del Oro<\/li>\n<li>Beaucoup plus!<\/li>\n<\/ul>\n<p>Vous pourrez ensuite profiter et admirer la grande architecture et les sites touristiques des monuments les plus importants et les plus connus de S\u00e9ville.<\/p>\n<p>Votre guide priv\u00e9 officiel sera \u00e0 votre enti\u00e8re disposition \u00e0 S\u00e9ville pendant 4 heures. Vous aurez \u00e9galement le temps de d\u00e9guster la magnifique cuisine s\u00e9villane. C&#8217;est la meilleure fa\u00e7on de profiter d&#8217;une visite priv\u00e9e de Grenade \u00e0 S\u00e9ville.<\/p>\n<p>Lorsque la visite est termin\u00e9e, votre chauffeur priv\u00e9 avec v\u00e9hicule de luxe vous ram\u00e8nera \u00e0 votre h\u00f4tel \u00e0 Grenade. Une fois \u00e0 Grenade, d\u00e9couvrez nos autres circuits.<\/p>\n","protected":false},"excerpt":{"rendered":"<p>Un grand tour pour visiter la ville de S\u00e9ville. Visite priv\u00e9e de Grenade \u00e0 S\u00e9ville. V\u00e9hicule de luxe priv\u00e9 avec chauffeur et guide officiel priv\u00e9 pendant 4 heures \u00e0 S\u00e9ville.<\/p>\n","protected":false},"featured_media":94605,"comment_status":"open","ping_status":"closed","template":"","meta":{"_acf_changed":false},"product_brand":[],"product_cat":[3544,4259,4260],"product_tag":[],"class_list":{"0":"post-98920","1":"product","2":"type-product","3":"status-publish","4":"has-post-thumbnail","6":"product_cat-granada-fr","7":"product_cat-all-private-tours-activities-fr-15","8":"product_cat-private-day-trips-fr-8","10":"first","11":"instock","12":"shipping-taxable","13":"purchasable","14":"product-type-simple"},"acf":[],"yoast_head":"<!-- This site is optimized with the Yoast SEO Premium plugin v25.3.1 (Yoast SEO v25.3.1) - https:\/\/yoast.com\/wordpress\/plugins\/seo\/ -->\n<title>Visite priv\u00e9e de Grenade \u00e0 S\u00e9ville - V\u00e9hicule de luxe avec chauffeur<\/title>\n<meta name=\"description\" content=\"Visite priv\u00e9e de Grenade \u00e0 S\u00e9ville. V\u00e9hicule de luxe priv\u00e9 avec chauffeur et guide officiel priv\u00e9 pendant 4 heures \u00e0 S\u00e9ville.\" \/>\n<meta name=\"robots\" content=\"index, follow, max-snippet:-1, max-image-preview:large, max-video-preview:-1\" \/>\n<link rel=\"canonical\" href=\"https:\/\/tourtravelandmore.com\/fr\/tours\/espagne-fr\/granada-fr\/all-private-tours-activities-fr-15\/visite-privee-de-grenade-a-seville\/\" \/>\n<meta property=\"og:locale\" content=\"fr_FR\" \/>\n<meta property=\"og:type\" content=\"article\" \/>\n<meta property=\"og:title\" content=\"Visite priv\u00e9e de Grenade \u00e0 S\u00e9ville\" \/>\n<meta property=\"og:description\" content=\"Visite priv\u00e9e de Grenade \u00e0 S\u00e9ville. V\u00e9hicule de luxe priv\u00e9 avec chauffeur et guide officiel priv\u00e9 pendant 4 heures \u00e0 S\u00e9ville.\" \/>\n<meta property=\"og:url\" content=\"https:\/\/tourtravelandmore.com\/fr\/tours\/espagne-fr\/granada-fr\/all-private-tours-activities-fr-15\/visite-privee-de-grenade-a-seville\/\" \/>\n<meta property=\"og:site_name\" content=\"Tour Travel And More\" \/>\n<meta property=\"article:publisher\" content=\"https:\/\/www.facebook.com\/tourtravelandmore\/\" \/>\n<meta property=\"og:image\" content=\"https:\/\/tourtravelandmore.com\/wp-content\/uploads\/2016\/08\/Plaza_de_Espana_Seville_Spain.jpg\" \/>\n\t<meta property=\"og:image:width\" content=\"1500\" \/>\n\t<meta property=\"og:image:height\" content=\"999\" \/>\n\t<meta property=\"og:image:type\" content=\"image\/jpeg\" \/>\n<meta name=\"twitter:card\" content=\"summary_large_image\" \/>\n<meta name=\"twitter:site\" content=\"@TourTravel_More\" \/>\n<meta name=\"twitter:label1\" content=\"Dur\u00e9e de lecture estim\u00e9e\" \/>\n\t<meta name=\"twitter:data1\" content=\"2 minutes\" \/>\n<script type=\"application\/ld+json\" class=\"yoast-schema-graph\">{\"@context\":\"https:\/\/schema.org\",\"@graph\":[{\"@type\":\"WebPage\",\"@id\":\"https:\/\/tourtravelandmore.com\/fr\/tours\/espagne-fr\/granada-fr\/all-private-tours-activities-fr-15\/visite-privee-de-grenade-a-seville\/\",\"url\":\"https:\/\/tourtravelandmore.com\/fr\/tours\/espagne-fr\/granada-fr\/all-private-tours-activities-fr-15\/visite-privee-de-grenade-a-seville\/\",\"name\":\"Visite priv\u00e9e de Grenade \u00e0 S\u00e9ville - V\u00e9hicule de luxe avec chauffeur\",\"isPartOf\":{\"@id\":\"https:\/\/tourtravelandmore.com\/fr\/#website\"},\"primaryImageOfPage\":{\"@id\":\"https:\/\/tourtravelandmore.com\/fr\/tours\/espagne-fr\/granada-fr\/all-private-tours-activities-fr-15\/visite-privee-de-grenade-a-seville\/#primaryimage\"},\"image\":{\"@id\":\"https:\/\/tourtravelandmore.com\/fr\/tours\/espagne-fr\/granada-fr\/all-private-tours-activities-fr-15\/visite-privee-de-grenade-a-seville\/#primaryimage\"},\"thumbnailUrl\":\"https:\/\/tourtravelandmore.com\/wp-content\/uploads\/2016\/08\/Plaza_de_Espana_Seville_Spain.jpg\",\"datePublished\":\"2016-08-25T21:17:09+00:00\",\"description\":\"Visite priv\u00e9e de Grenade \u00e0 S\u00e9ville. V\u00e9hicule de luxe priv\u00e9 avec chauffeur et guide officiel priv\u00e9 pendant 4 heures \u00e0 S\u00e9ville.\",\"breadcrumb\":{\"@id\":\"https:\/\/tourtravelandmore.com\/fr\/tours\/espagne-fr\/granada-fr\/all-private-tours-activities-fr-15\/visite-privee-de-grenade-a-seville\/#breadcrumb\"},\"inLanguage\":\"fr-FR\",\"potentialAction\":[{\"@type\":\"ReadAction\",\"target\":[\"https:\/\/tourtravelandmore.com\/fr\/tours\/espagne-fr\/granada-fr\/all-private-tours-activities-fr-15\/visite-privee-de-grenade-a-seville\/\"]}]},{\"@type\":\"ImageObject\",\"inLanguage\":\"fr-FR\",\"@id\":\"https:\/\/tourtravelandmore.com\/fr\/tours\/espagne-fr\/granada-fr\/all-private-tours-activities-fr-15\/visite-privee-de-grenade-a-seville\/#primaryimage\",\"url\":\"https:\/\/tourtravelandmore.com\/wp-content\/uploads\/2016\/08\/Plaza_de_Espana_Seville_Spain.jpg\",\"contentUrl\":\"https:\/\/tourtravelandmore.com\/wp-content\/uploads\/2016\/08\/Plaza_de_Espana_Seville_Spain.jpg\",\"width\":1500,\"height\":999},{\"@type\":\"BreadcrumbList\",\"@id\":\"https:\/\/tourtravelandmore.com\/fr\/tours\/espagne-fr\/granada-fr\/all-private-tours-activities-fr-15\/visite-privee-de-grenade-a-seville\/#breadcrumb\",\"itemListElement\":[{\"@type\":\"ListItem\",\"position\":1,\"name\":\"Home\",\"item\":\"https:\/\/tourtravelandmore.com\/fr\/\"},{\"@type\":\"ListItem\",\"position\":2,\"name\":\"Tours\",\"item\":\"https:\/\/tourtravelandmore.com\/fr\/tours\/\"},{\"@type\":\"ListItem\",\"position\":3,\"name\":\"Visite priv\u00e9e de Grenade \u00e0 S\u00e9ville\"}]},{\"@type\":\"WebSite\",\"@id\":\"https:\/\/tourtravelandmore.com\/fr\/#website\",\"url\":\"https:\/\/tourtravelandmore.com\/fr\/\",\"name\":\"Tour Travel And More\",\"description\":\"Private sightseeing tours and luxury transfers in Spain\",\"publisher\":{\"@id\":\"https:\/\/tourtravelandmore.com\/fr\/#organization\"},\"potentialAction\":[{\"@type\":\"SearchAction\",\"target\":{\"@type\":\"EntryPoint\",\"urlTemplate\":\"https:\/\/tourtravelandmore.com\/fr\/?s={search_term_string}\"},\"query-input\":{\"@type\":\"PropertyValueSpecification\",\"valueRequired\":true,\"valueName\":\"search_term_string\"}}],\"inLanguage\":\"fr-FR\"},{\"@type\":\"Organization\",\"@id\":\"https:\/\/tourtravelandmore.com\/fr\/#organization\",\"name\":\"Tour Travel And More\",\"url\":\"https:\/\/tourtravelandmore.com\/fr\/\",\"logo\":{\"@type\":\"ImageObject\",\"inLanguage\":\"fr-FR\",\"@id\":\"https:\/\/tourtravelandmore.com\/fr\/#\/schema\/logo\/image\/\",\"url\":\"https:\/\/tourtravelandmore.com\/wp-content\/uploads\/2022\/12\/cropped-logo-cabecera-new.png\",\"contentUrl\":\"https:\/\/tourtravelandmore.com\/wp-content\/uploads\/2022\/12\/cropped-logo-cabecera-new.png\",\"width\":430,\"height\":61,\"caption\":\"Tour Travel And More\"},\"image\":{\"@id\":\"https:\/\/tourtravelandmore.com\/fr\/#\/schema\/logo\/image\/\"},\"sameAs\":[\"https:\/\/www.facebook.com\/tourtravelandmore\/\",\"https:\/\/x.com\/TourTravel_More\"]}]}<\/script>\n<!-- \/ Yoast SEO Premium plugin. -->","yoast_head_json":{"title":"Visite priv\u00e9e de Grenade \u00e0 S\u00e9ville - V\u00e9hicule de luxe avec chauffeur","description":"Visite priv\u00e9e de Grenade \u00e0 S\u00e9ville. V\u00e9hicule de luxe priv\u00e9 avec chauffeur et guide officiel priv\u00e9 pendant 4 heures \u00e0 S\u00e9ville.","robots":{"index":"index","follow":"follow","max-snippet":"max-snippet:-1","max-image-preview":"max-image-preview:large","max-video-preview":"max-video-preview:-1"},"canonical":"https:\/\/tourtravelandmore.com\/fr\/tours\/espagne-fr\/granada-fr\/all-private-tours-activities-fr-15\/visite-privee-de-grenade-a-seville\/","og_locale":"fr_FR","og_type":"article","og_title":"Visite priv\u00e9e de Grenade \u00e0 S\u00e9ville","og_description":"Visite priv\u00e9e de Grenade \u00e0 S\u00e9ville. V\u00e9hicule de luxe priv\u00e9 avec chauffeur et guide officiel priv\u00e9 pendant 4 heures \u00e0 S\u00e9ville.","og_url":"https:\/\/tourtravelandmore.com\/fr\/tours\/espagne-fr\/granada-fr\/all-private-tours-activities-fr-15\/visite-privee-de-grenade-a-seville\/","og_site_name":"Tour Travel And More","article_publisher":"https:\/\/www.facebook.com\/tourtravelandmore\/","og_image":[{"width":1500,"height":999,"url":"https:\/\/tourtravelandmore.com\/wp-content\/uploads\/2016\/08\/Plaza_de_Espana_Seville_Spain.jpg","type":"image\/jpeg"}],"twitter_card":"summary_large_image","twitter_site":"@TourTravel_More","twitter_misc":{"Dur\u00e9e de lecture estim\u00e9e":"2 minutes"},"schema":{"@context":"https:\/\/schema.org","@graph":[{"@type":"WebPage","@id":"https:\/\/tourtravelandmore.com\/fr\/tours\/espagne-fr\/granada-fr\/all-private-tours-activities-fr-15\/visite-privee-de-grenade-a-seville\/","url":"https:\/\/tourtravelandmore.com\/fr\/tours\/espagne-fr\/granada-fr\/all-private-tours-activities-fr-15\/visite-privee-de-grenade-a-seville\/","name":"Visite priv\u00e9e de Grenade \u00e0 S\u00e9ville - V\u00e9hicule de luxe avec chauffeur","isPartOf":{"@id":"https:\/\/tourtravelandmore.com\/fr\/#website"},"primaryImageOfPage":{"@id":"https:\/\/tourtravelandmore.com\/fr\/tours\/espagne-fr\/granada-fr\/all-private-tours-activities-fr-15\/visite-privee-de-grenade-a-seville\/#primaryimage"},"image":{"@id":"https:\/\/tourtravelandmore.com\/fr\/tours\/espagne-fr\/granada-fr\/all-private-tours-activities-fr-15\/visite-privee-de-grenade-a-seville\/#primaryimage"},"thumbnailUrl":"https:\/\/tourtravelandmore.com\/wp-content\/uploads\/2016\/08\/Plaza_de_Espana_Seville_Spain.jpg","datePublished":"2016-08-25T21:17:09+00:00","description":"Visite priv\u00e9e de Grenade \u00e0 S\u00e9ville. V\u00e9hicule de luxe priv\u00e9 avec chauffeur et guide officiel priv\u00e9 pendant 4 heures \u00e0 S\u00e9ville.","breadcrumb":{"@id":"https:\/\/tourtravelandmore.com\/fr\/tours\/espagne-fr\/granada-fr\/all-private-tours-activities-fr-15\/visite-privee-de-grenade-a-seville\/#breadcrumb"},"inLanguage":"fr-FR","potentialAction":[{"@type":"ReadAction","target":["https:\/\/tourtravelandmore.com\/fr\/tours\/espagne-fr\/granada-fr\/all-private-tours-activities-fr-15\/visite-privee-de-grenade-a-seville\/"]}]},{"@type":"ImageObject","inLanguage":"fr-FR","@id":"https:\/\/tourtravelandmore.com\/fr\/tours\/espagne-fr\/granada-fr\/all-private-tours-activities-fr-15\/visite-privee-de-grenade-a-seville\/#primaryimage","url":"https:\/\/tourtravelandmore.com\/wp-content\/uploads\/2016\/08\/Plaza_de_Espana_Seville_Spain.jpg","contentUrl":"https:\/\/tourtravelandmore.com\/wp-content\/uploads\/2016\/08\/Plaza_de_Espana_Seville_Spain.jpg","width":1500,"height":999},{"@type":"BreadcrumbList","@id":"https:\/\/tourtravelandmore.com\/fr\/tours\/espagne-fr\/granada-fr\/all-private-tours-activities-fr-15\/visite-privee-de-grenade-a-seville\/#breadcrumb","itemListElement":[{"@type":"ListItem","position":1,"name":"Home","item":"https:\/\/tourtravelandmore.com\/fr\/"},{"@type":"ListItem","position":2,"name":"Tours","item":"https:\/\/tourtravelandmore.com\/fr\/tours\/"},{"@type":"ListItem","position":3,"name":"Visite priv\u00e9e de Grenade \u00e0 S\u00e9ville"}]},{"@type":"WebSite","@id":"https:\/\/tourtravelandmore.com\/fr\/#website","url":"https:\/\/tourtravelandmore.com\/fr\/","name":"Tour Travel And More","description":"Private sightseeing tours and luxury transfers in Spain","publisher":{"@id":"https:\/\/tourtravelandmore.com\/fr\/#organization"},"potentialAction":[{"@type":"SearchAction","target":{"@type":"EntryPoint","urlTemplate":"https:\/\/tourtravelandmore.com\/fr\/?s={search_term_string}"},"query-input":{"@type":"PropertyValueSpecification","valueRequired":true,"valueName":"search_term_string"}}],"inLanguage":"fr-FR"},{"@type":"Organization","@id":"https:\/\/tourtravelandmore.com\/fr\/#organization","name":"Tour Travel And More","url":"https:\/\/tourtravelandmore.com\/fr\/","logo":{"@type":"ImageObject","inLanguage":"fr-FR","@id":"https:\/\/tourtravelandmore.com\/fr\/#\/schema\/logo\/image\/","url":"https:\/\/tourtravelandmore.com\/wp-content\/uploads\/2022\/12\/cropped-logo-cabecera-new.png","contentUrl":"https:\/\/tourtravelandmore.com\/wp-content\/uploads\/2022\/12\/cropped-logo-cabecera-new.png","width":430,"height":61,"caption":"Tour Travel And More"},"image":{"@id":"https:\/\/tourtravelandmore.com\/fr\/#\/schema\/logo\/image\/"},"sameAs":["https:\/\/www.facebook.com\/tourtravelandmore\/","https:\/\/x.com\/TourTravel_More"]}]}},"_links":{"self":[{"href":"https:\/\/tourtravelandmore.com\/fr\/wp-json\/wp\/v2\/product\/98920","targetHints":{"allow":["GET"]}}],"collection":[{"href":"https:\/\/tourtravelandmore.com\/fr\/wp-json\/wp\/v2\/product"}],"about":[{"href":"https:\/\/tourtravelandmore.com\/fr\/wp-json\/wp\/v2\/types\/product"}],"replies":[{"embeddable":true,"href":"https:\/\/tourtravelandmore.com\/fr\/wp-json\/wp\/v2\/comments?post=98920"}],"wp:featuredmedia":[{"embeddable":true,"href":"https:\/\/tourtravelandmore.com\/fr\/wp-json\/wp\/v2\/media\/94605"}],"wp:attachment":[{"href":"https:\/\/tourtravelandmore.com\/fr\/wp-json\/wp\/v2\/media?parent=98920"}],"wp:term":[{"taxonomy":"product_brand","embeddable":true,"href":"https:\/\/tourtravelandmore.com\/fr\/wp-json\/wp\/v2\/product_brand?post=98920"},{"taxonomy":"product_cat","embeddable":true,"href":"https:\/\/tourtravelandmore.com\/fr\/wp-json\/wp\/v2\/product_cat?post=98920"},{"taxonomy":"product_tag","embeddable":true,"href":"https:\/\/tourtravelandmore.com\/fr\/wp-json\/wp\/v2\/product_tag?post=98920"}],"curies":[{"name":"wp","href":"https:\/\/api.w.org\/{rel}","templated":true}]}}