{"id":98915,"date":"2016-03-10T19:29:52","date_gmt":"2016-03-10T18:29:52","guid":{"rendered":"https:\/\/tourtravelandmore.com\/tours\/non class\u00e9\/transfert-prive-a-grenade\/"},"modified":"2016-03-10T19:29:52","modified_gmt":"2016-03-10T18:29:52","slug":"transfert-prive-a-grenade","status":"publish","type":"product","link":"https:\/\/tourtravelandmore.com\/fr\/tours\/espagne-fr\/granada-fr\/all-private-tours-activities-fr-15\/transfert-prive-a-grenade\/","title":{"rendered":"Transfert priv\u00e9 \u00e0 Grenade"},"content":{"rendered":"<h2>La description<\/h2>\n<p>Nous vous proposons le moyen le plus rapide et le plus simple d&#8217;atteindre votre destination finale \u00e0 Grenade. Profitez de ce transfert priv\u00e9 \u00e0 Grenade. Profitez d&#8217;une exp\u00e9rience relaxante dans l&#8217;un de nos v\u00e9hicules priv\u00e9s de luxe avec notre chauffeur professionnel.<\/p>\n<p>Nous proposons tous les types de transferts comme par exemple les transferts d&#8217;a\u00e9roport, les transferts de port, les transferts de restaurant ou les transferts vers n&#8217;importe quel endroit.<br \/>\nUne fois que vous atteignez votre<\/p>\n<p>arr\u00eatez-vous, notre personnel vous attendra avec une pancarte au terminal d&#8217;arriv\u00e9e. Lors de votre arriv\u00e9e \u00e0 votre destination finale, vous pourrez \u00e9galement profiter d&#8217;un paysage panoramique de la ville dans votre v\u00e9hicule priv\u00e9 de luxe.<\/p>\n<p>Nous ne limitons pas le nombre de bagages. Faites-le nous savoir au moment de la r\u00e9servation pour organiser le v\u00e9hicule correspondant. Il peut y avoir un co\u00fbt suppl\u00e9mentaire en fonction de la quantit\u00e9 de bagages.<\/p>\n<h2>Sites d&#8217;int\u00e9r\u00eat et monuments<\/h2>\n<p>Il existe de nombreuses histoires, l\u00e9gendes et mythes qui couvrent les coins de la ville de Grenade, mais nous parlons d&#8217;un point o\u00f9 de nombreuses cultures se sont r\u00e9unies pacifiquement et c&#8217;est pourquoi chacune pourrait laisser sa marque. L&#8217;un des faits les plus curieux est que la Citadelle de l&#8217;Alhambra est une horloge solaire et il semble que oui, car au cr\u00e9puscule, la ville palatine d\u00e9j\u00e0 choquante est divis\u00e9e en deux \u00e0 cause du jeu de la lumi\u00e8re et de l&#8217;ombre.<\/p>\n<p>Une autre histoire qui montre \u00e0 quel point cet endroit est pittoresque et fantastique est la l\u00e9gende du tr\u00e9sor de Boabdil et du soldat enchant\u00e9, disons que si un jour vous rencontrez un homme v\u00eatu d&#8217;une armure demandant de l&#8217;aide pour atteindre sa libert\u00e9, vous devriez chercher un jeune femme chr\u00e9tienne d\u00e9vot et clerc qui je\u00fbne, mais le prix en vaut la peine &#8230; demandez \u00e0 votre guide, car nous sommes s\u00fbrs qu&#8217;il sera plus que dispos\u00e9 \u00e0 vous raconter cette histoire qui n&#8217;a pas encore trouv\u00e9 sa fin.<\/p>\n<p>C&#8217;est le moyen le plus simple de profiter d&#8217;un transfert priv\u00e9 \u00e0 Grenade. D\u00e9couvrez les visites priv\u00e9es de l&#8217;Alhambra et de Grenade!<\/p>\n","protected":false},"excerpt":{"rendered":"<p>Transfert priv\u00e9 simple et rapide \u00e0 sens unique. Transfert priv\u00e9 \u00e0 Grenade. Transferts priv\u00e9s Grenade comme les transferts d&#8217;a\u00e9roport, les transferts de port, les transferts de restaurant ou les transferts vers n&#8217;importe quel endroit.<\/p>\n","protected":false},"featured_media":93668,"comment_status":"open","ping_status":"closed","template":"","meta":{"_acf_changed":false},"product_brand":[],"product_cat":[3544,4259],"product_tag":[],"class_list":{"0":"post-98915","1":"product","2":"type-product","3":"status-publish","4":"has-post-thumbnail","6":"product_cat-granada-fr","7":"product_cat-all-private-tours-activities-fr-15","9":"first","10":"instock","11":"shipping-taxable","12":"purchasable","13":"product-type-simple"},"acf":[],"yoast_head":"<!-- This site is optimized with the Yoast SEO Premium plugin v25.3.1 (Yoast SEO v25.3.1) - https:\/\/yoast.com\/wordpress\/plugins\/seo\/ -->\n<title>Transfert priv\u00e9 \u00e0 Grenade<\/title>\n<meta name=\"description\" content=\"Transfert priv\u00e9 \u00e0 Grenade. Transferts priv\u00e9s Grenade comme les transferts d&#039;a\u00e9roport, les transferts de port, les transferts de restaurant ou les transferts vers n&#039;importe quel endroit.\" \/>\n<meta name=\"robots\" content=\"index, follow, max-snippet:-1, max-image-preview:large, max-video-preview:-1\" \/>\n<link rel=\"canonical\" href=\"https:\/\/tourtravelandmore.com\/fr\/tours\/espagne-fr\/granada-fr\/all-private-tours-activities-fr-15\/transfert-prive-a-grenade\/\" \/>\n<meta property=\"og:locale\" content=\"fr_FR\" \/>\n<meta property=\"og:type\" content=\"article\" \/>\n<meta property=\"og:title\" content=\"Transfert priv\u00e9 \u00e0 Grenade\" \/>\n<meta property=\"og:description\" content=\"Transfert priv\u00e9 \u00e0 Grenade. Transferts priv\u00e9s Grenade comme les transferts d&#039;a\u00e9roport, les transferts de port, les transferts de restaurant ou les transferts vers n&#039;importe quel endroit.\" \/>\n<meta property=\"og:url\" content=\"https:\/\/tourtravelandmore.com\/fr\/tours\/espagne-fr\/granada-fr\/all-private-tours-activities-fr-15\/transfert-prive-a-grenade\/\" \/>\n<meta property=\"og:site_name\" content=\"Tour Travel And More\" \/>\n<meta property=\"article:publisher\" content=\"https:\/\/www.facebook.com\/tourtravelandmore\/\" \/>\n<meta property=\"og:image\" content=\"https:\/\/tourtravelandmore.com\/wp-content\/uploads\/2016\/03\/CLASE-S-1-copia.png\" \/>\n\t<meta property=\"og:image:width\" content=\"640\" \/>\n\t<meta property=\"og:image:height\" content=\"425\" \/>\n\t<meta property=\"og:image:type\" content=\"image\/png\" \/>\n<meta name=\"twitter:card\" content=\"summary_large_image\" \/>\n<meta name=\"twitter:site\" content=\"@TourTravel_More\" \/>\n<meta name=\"twitter:label1\" content=\"Dur\u00e9e de lecture estim\u00e9e\" \/>\n\t<meta name=\"twitter:data1\" content=\"2 minutes\" \/>\n<script type=\"application\/ld+json\" class=\"yoast-schema-graph\">{\"@context\":\"https:\/\/schema.org\",\"@graph\":[{\"@type\":\"WebPage\",\"@id\":\"https:\/\/tourtravelandmore.com\/fr\/tours\/espagne-fr\/granada-fr\/all-private-tours-activities-fr-15\/transfert-prive-a-grenade\/\",\"url\":\"https:\/\/tourtravelandmore.com\/fr\/tours\/espagne-fr\/granada-fr\/all-private-tours-activities-fr-15\/transfert-prive-a-grenade\/\",\"name\":\"Transfert priv\u00e9 \u00e0 Grenade\",\"isPartOf\":{\"@id\":\"https:\/\/tourtravelandmore.com\/fr\/#website\"},\"primaryImageOfPage\":{\"@id\":\"https:\/\/tourtravelandmore.com\/fr\/tours\/espagne-fr\/granada-fr\/all-private-tours-activities-fr-15\/transfert-prive-a-grenade\/#primaryimage\"},\"image\":{\"@id\":\"https:\/\/tourtravelandmore.com\/fr\/tours\/espagne-fr\/granada-fr\/all-private-tours-activities-fr-15\/transfert-prive-a-grenade\/#primaryimage\"},\"thumbnailUrl\":\"https:\/\/tourtravelandmore.com\/wp-content\/uploads\/2016\/03\/CLASE-S-1-copia.png\",\"datePublished\":\"2016-03-10T18:29:52+00:00\",\"description\":\"Transfert priv\u00e9 \u00e0 Grenade. Transferts priv\u00e9s Grenade comme les transferts d'a\u00e9roport, les transferts de port, les transferts de restaurant ou les transferts vers n'importe quel endroit.\",\"breadcrumb\":{\"@id\":\"https:\/\/tourtravelandmore.com\/fr\/tours\/espagne-fr\/granada-fr\/all-private-tours-activities-fr-15\/transfert-prive-a-grenade\/#breadcrumb\"},\"inLanguage\":\"fr-FR\",\"potentialAction\":[{\"@type\":\"ReadAction\",\"target\":[\"https:\/\/tourtravelandmore.com\/fr\/tours\/espagne-fr\/granada-fr\/all-private-tours-activities-fr-15\/transfert-prive-a-grenade\/\"]}]},{\"@type\":\"ImageObject\",\"inLanguage\":\"fr-FR\",\"@id\":\"https:\/\/tourtravelandmore.com\/fr\/tours\/espagne-fr\/granada-fr\/all-private-tours-activities-fr-15\/transfert-prive-a-grenade\/#primaryimage\",\"url\":\"https:\/\/tourtravelandmore.com\/wp-content\/uploads\/2016\/03\/CLASE-S-1-copia.png\",\"contentUrl\":\"https:\/\/tourtravelandmore.com\/wp-content\/uploads\/2016\/03\/CLASE-S-1-copia.png\",\"width\":640,\"height\":425},{\"@type\":\"BreadcrumbList\",\"@id\":\"https:\/\/tourtravelandmore.com\/fr\/tours\/espagne-fr\/granada-fr\/all-private-tours-activities-fr-15\/transfert-prive-a-grenade\/#breadcrumb\",\"itemListElement\":[{\"@type\":\"ListItem\",\"position\":1,\"name\":\"Home\",\"item\":\"https:\/\/tourtravelandmore.com\/fr\/\"},{\"@type\":\"ListItem\",\"position\":2,\"name\":\"Tours\",\"item\":\"https:\/\/tourtravelandmore.com\/fr\/tours\/\"},{\"@type\":\"ListItem\",\"position\":3,\"name\":\"Transfert priv\u00e9 \u00e0 Grenade\"}]},{\"@type\":\"WebSite\",\"@id\":\"https:\/\/tourtravelandmore.com\/fr\/#website\",\"url\":\"https:\/\/tourtravelandmore.com\/fr\/\",\"name\":\"Tour Travel And More\",\"description\":\"Private sightseeing tours and luxury transfers in Spain\",\"publisher\":{\"@id\":\"https:\/\/tourtravelandmore.com\/fr\/#organization\"},\"potentialAction\":[{\"@type\":\"SearchAction\",\"target\":{\"@type\":\"EntryPoint\",\"urlTemplate\":\"https:\/\/tourtravelandmore.com\/fr\/?s={search_term_string}\"},\"query-input\":{\"@type\":\"PropertyValueSpecification\",\"valueRequired\":true,\"valueName\":\"search_term_string\"}}],\"inLanguage\":\"fr-FR\"},{\"@type\":\"Organization\",\"@id\":\"https:\/\/tourtravelandmore.com\/fr\/#organization\",\"name\":\"Tour Travel And More\",\"url\":\"https:\/\/tourtravelandmore.com\/fr\/\",\"logo\":{\"@type\":\"ImageObject\",\"inLanguage\":\"fr-FR\",\"@id\":\"https:\/\/tourtravelandmore.com\/fr\/#\/schema\/logo\/image\/\",\"url\":\"https:\/\/tourtravelandmore.com\/wp-content\/uploads\/2022\/12\/cropped-logo-cabecera-new.png\",\"contentUrl\":\"https:\/\/tourtravelandmore.com\/wp-content\/uploads\/2022\/12\/cropped-logo-cabecera-new.png\",\"width\":430,\"height\":61,\"caption\":\"Tour Travel And More\"},\"image\":{\"@id\":\"https:\/\/tourtravelandmore.com\/fr\/#\/schema\/logo\/image\/\"},\"sameAs\":[\"https:\/\/www.facebook.com\/tourtravelandmore\/\",\"https:\/\/x.com\/TourTravel_More\"]}]}<\/script>\n<!-- \/ Yoast SEO Premium plugin. -->","yoast_head_json":{"title":"Transfert priv\u00e9 \u00e0 Grenade","description":"Transfert priv\u00e9 \u00e0 Grenade. Transferts priv\u00e9s Grenade comme les transferts d'a\u00e9roport, les transferts de port, les transferts de restaurant ou les transferts vers n'importe quel endroit.","robots":{"index":"index","follow":"follow","max-snippet":"max-snippet:-1","max-image-preview":"max-image-preview:large","max-video-preview":"max-video-preview:-1"},"canonical":"https:\/\/tourtravelandmore.com\/fr\/tours\/espagne-fr\/granada-fr\/all-private-tours-activities-fr-15\/transfert-prive-a-grenade\/","og_locale":"fr_FR","og_type":"article","og_title":"Transfert priv\u00e9 \u00e0 Grenade","og_description":"Transfert priv\u00e9 \u00e0 Grenade. Transferts priv\u00e9s Grenade comme les transferts d'a\u00e9roport, les transferts de port, les transferts de restaurant ou les transferts vers n'importe quel endroit.","og_url":"https:\/\/tourtravelandmore.com\/fr\/tours\/espagne-fr\/granada-fr\/all-private-tours-activities-fr-15\/transfert-prive-a-grenade\/","og_site_name":"Tour Travel And More","article_publisher":"https:\/\/www.facebook.com\/tourtravelandmore\/","og_image":[{"width":640,"height":425,"url":"https:\/\/tourtravelandmore.com\/wp-content\/uploads\/2016\/03\/CLASE-S-1-copia.png","type":"image\/png"}],"twitter_card":"summary_large_image","twitter_site":"@TourTravel_More","twitter_misc":{"Dur\u00e9e de lecture estim\u00e9e":"2 minutes"},"schema":{"@context":"https:\/\/schema.org","@graph":[{"@type":"WebPage","@id":"https:\/\/tourtravelandmore.com\/fr\/tours\/espagne-fr\/granada-fr\/all-private-tours-activities-fr-15\/transfert-prive-a-grenade\/","url":"https:\/\/tourtravelandmore.com\/fr\/tours\/espagne-fr\/granada-fr\/all-private-tours-activities-fr-15\/transfert-prive-a-grenade\/","name":"Transfert priv\u00e9 \u00e0 Grenade","isPartOf":{"@id":"https:\/\/tourtravelandmore.com\/fr\/#website"},"primaryImageOfPage":{"@id":"https:\/\/tourtravelandmore.com\/fr\/tours\/espagne-fr\/granada-fr\/all-private-tours-activities-fr-15\/transfert-prive-a-grenade\/#primaryimage"},"image":{"@id":"https:\/\/tourtravelandmore.com\/fr\/tours\/espagne-fr\/granada-fr\/all-private-tours-activities-fr-15\/transfert-prive-a-grenade\/#primaryimage"},"thumbnailUrl":"https:\/\/tourtravelandmore.com\/wp-content\/uploads\/2016\/03\/CLASE-S-1-copia.png","datePublished":"2016-03-10T18:29:52+00:00","description":"Transfert priv\u00e9 \u00e0 Grenade. Transferts priv\u00e9s Grenade comme les transferts d'a\u00e9roport, les transferts de port, les transferts de restaurant ou les transferts vers n'importe quel endroit.","breadcrumb":{"@id":"https:\/\/tourtravelandmore.com\/fr\/tours\/espagne-fr\/granada-fr\/all-private-tours-activities-fr-15\/transfert-prive-a-grenade\/#breadcrumb"},"inLanguage":"fr-FR","potentialAction":[{"@type":"ReadAction","target":["https:\/\/tourtravelandmore.com\/fr\/tours\/espagne-fr\/granada-fr\/all-private-tours-activities-fr-15\/transfert-prive-a-grenade\/"]}]},{"@type":"ImageObject","inLanguage":"fr-FR","@id":"https:\/\/tourtravelandmore.com\/fr\/tours\/espagne-fr\/granada-fr\/all-private-tours-activities-fr-15\/transfert-prive-a-grenade\/#primaryimage","url":"https:\/\/tourtravelandmore.com\/wp-content\/uploads\/2016\/03\/CLASE-S-1-copia.png","contentUrl":"https:\/\/tourtravelandmore.com\/wp-content\/uploads\/2016\/03\/CLASE-S-1-copia.png","width":640,"height":425},{"@type":"BreadcrumbList","@id":"https:\/\/tourtravelandmore.com\/fr\/tours\/espagne-fr\/granada-fr\/all-private-tours-activities-fr-15\/transfert-prive-a-grenade\/#breadcrumb","itemListElement":[{"@type":"ListItem","position":1,"name":"Home","item":"https:\/\/tourtravelandmore.com\/fr\/"},{"@type":"ListItem","position":2,"name":"Tours","item":"https:\/\/tourtravelandmore.com\/fr\/tours\/"},{"@type":"ListItem","position":3,"name":"Transfert priv\u00e9 \u00e0 Grenade"}]},{"@type":"WebSite","@id":"https:\/\/tourtravelandmore.com\/fr\/#website","url":"https:\/\/tourtravelandmore.com\/fr\/","name":"Tour Travel And More","description":"Private sightseeing tours and luxury transfers in Spain","publisher":{"@id":"https:\/\/tourtravelandmore.com\/fr\/#organization"},"potentialAction":[{"@type":"SearchAction","target":{"@type":"EntryPoint","urlTemplate":"https:\/\/tourtravelandmore.com\/fr\/?s={search_term_string}"},"query-input":{"@type":"PropertyValueSpecification","valueRequired":true,"valueName":"search_term_string"}}],"inLanguage":"fr-FR"},{"@type":"Organization","@id":"https:\/\/tourtravelandmore.com\/fr\/#organization","name":"Tour Travel And More","url":"https:\/\/tourtravelandmore.com\/fr\/","logo":{"@type":"ImageObject","inLanguage":"fr-FR","@id":"https:\/\/tourtravelandmore.com\/fr\/#\/schema\/logo\/image\/","url":"https:\/\/tourtravelandmore.com\/wp-content\/uploads\/2022\/12\/cropped-logo-cabecera-new.png","contentUrl":"https:\/\/tourtravelandmore.com\/wp-content\/uploads\/2022\/12\/cropped-logo-cabecera-new.png","width":430,"height":61,"caption":"Tour Travel And More"},"image":{"@id":"https:\/\/tourtravelandmore.com\/fr\/#\/schema\/logo\/image\/"},"sameAs":["https:\/\/www.facebook.com\/tourtravelandmore\/","https:\/\/x.com\/TourTravel_More"]}]}},"_links":{"self":[{"href":"https:\/\/tourtravelandmore.com\/fr\/wp-json\/wp\/v2\/product\/98915","targetHints":{"allow":["GET"]}}],"collection":[{"href":"https:\/\/tourtravelandmore.com\/fr\/wp-json\/wp\/v2\/product"}],"about":[{"href":"https:\/\/tourtravelandmore.com\/fr\/wp-json\/wp\/v2\/types\/product"}],"replies":[{"embeddable":true,"href":"https:\/\/tourtravelandmore.com\/fr\/wp-json\/wp\/v2\/comments?post=98915"}],"wp:featuredmedia":[{"embeddable":true,"href":"https:\/\/tourtravelandmore.com\/fr\/wp-json\/wp\/v2\/media\/93668"}],"wp:attachment":[{"href":"https:\/\/tourtravelandmore.com\/fr\/wp-json\/wp\/v2\/media?parent=98915"}],"wp:term":[{"taxonomy":"product_brand","embeddable":true,"href":"https:\/\/tourtravelandmore.com\/fr\/wp-json\/wp\/v2\/product_brand?post=98915"},{"taxonomy":"product_cat","embeddable":true,"href":"https:\/\/tourtravelandmore.com\/fr\/wp-json\/wp\/v2\/product_cat?post=98915"},{"taxonomy":"product_tag","embeddable":true,"href":"https:\/\/tourtravelandmore.com\/fr\/wp-json\/wp\/v2\/product_tag?post=98915"}],"curies":[{"name":"wp","href":"https:\/\/api.w.org\/{rel}","templated":true}]}}