{"id":98910,"date":"2016-03-10T19:18:26","date_gmt":"2016-03-10T18:18:26","guid":{"rendered":"https:\/\/tourtravelandmore.com\/tours\/non class\u00e9\/transfert-en-voiture-privee-de-seville-a-grenade-ou-dans-nimporte-quelle-ville\/"},"modified":"2016-03-10T19:18:26","modified_gmt":"2016-03-10T18:18:26","slug":"transfert-en-voiture-privee-de-seville-a-grenade-ou-dans-nimporte-quelle-ville","status":"publish","type":"product","link":"https:\/\/tourtravelandmore.com\/fr\/tours\/espagne-fr\/granada-fr\/all-private-tours-activities-fr-15\/transfert-en-voiture-privee-de-seville-a-grenade-ou-dans-nimporte-quelle-ville\/","title":{"rendered":"Transfert en voiture priv\u00e9e de S\u00e9ville \u00e0 Grenade &#8211; ou dans n&#8217;importe quelle ville"},"content":{"rendered":"<h2>La description<\/h2>\n<p>Le meilleur moyen de se rendre d&#8217;un endroit \u00e0 un autre est avec ce transfert en voiture priv\u00e9e de S\u00e9ville \u00e0 Grenade. Ce transfert priv\u00e9 peut provenir de n&#8217;importe quelle ville d&#8217;Andalousie.<\/p>\n<p>Nous vous proposons le moyen le plus rapide et le plus simple d&#8217;atteindre votre destination finale. Profitez d&#8217;une exp\u00e9rience relaxante dans l&#8217;un de nos transferts en voiture priv\u00e9e de S\u00e9ville \u00e0 Grenade ou dans n&#8217;importe quelle ville d&#8217;Andalousie.<\/p>\n<p>Nous proposons tous les types de transferts comme par exemple les transferts d&#8217;a\u00e9roport, les transferts de port, les transferts de restaurant ou les transferts vers n&#8217;importe quel endroit.<br \/>\nUne fois que vous atteignez votre arr\u00eat, notre personnel vous attendra avec un panneau au terminal d&#8217;arriv\u00e9e. Lors de votre arriv\u00e9e \u00e0 votre destination finale, vous pourrez \u00e9galement profiter d&#8217;un paysage panoramique de la ville dans votre v\u00e9hicule priv\u00e9 de luxe.<\/p>\n<p>Transferts en Andalousie:<br \/>\n&#8211; De l&#8217;a\u00e9roport de Grenade \u00e0 Grenade ou dans toute autre ville d&#8217;Andalousie<br \/>\n&#8211; du centre de Grenade vers n&#8217;importe quelle autre ville d&#8217;Andalousie<br \/>\n&#8211; Transferts \u00e0 l&#8217;int\u00e9rieur de Grenade<br \/>\n&#8211; Transfert de n&#8217;importe quelle ville \/ a\u00e9roport \/ gare d&#8217;Andalousie vers n&#8217;importe quelle ville \/ a\u00e9roport \/ gare d&#8217;Andalousie<\/p>\n<p>Nous proposons des transferts pour les groupes priv\u00e9s et m\u00eame des incentives et grands groupes et nous proposons un service personnalis\u00e9.<br \/>\nTout ce que vous avez \u00e0 faire est de nous contacter et nous organiserons votre transfert de la meilleure fa\u00e7on possible.<\/p>\n<p>Nous ne limitons pas le nombre de bagages, mais nous vous demandons d\u2019indiquer le nombre de bagages avec lesquels vous voyagerez uniquement pour des questions logistiques, car parfois un v\u00e9hicule plus grand peut \u00eatre n\u00e9cessaire et des frais suppl\u00e9mentaires peuvent s&#8217;appliquer.<\/p>\n<p>Si vous avez besoin d&#8217;un si\u00e8ge b\u00e9b\u00e9 ou d&#8217;un si\u00e8ge enfant, veuillez nous contacter avant votre vol ou croisi\u00e8re pour l&#8217;organiser correctement.<\/p>\n<h2>Sites d&#8217;int\u00e9r\u00eat et monuments<\/h2>\n<p>Au pied de la Sierra Nevada se trouve la ville de Grenade, plus pr\u00e9cis\u00e9ment entre les rivi\u00e8res Darro et Genil. Cette petite m\u00e9tropole est l&#8217;un des plus grands tr\u00e9sors de l&#8217;humanit\u00e9, car elle contient des joyaux architecturaux datant du IXe si\u00e8cle et qui sont l&#8217;image vivante d&#8217;un recueil de croyances, allant des rois musulmans, en passant par le peuple juif, aux rois catholiques.<\/p>\n<p>Dans toute sa g\u00e9ographie, vous pourrez admirer de beaux b\u00e2timents d&#8217;origine arabe, des b\u00e2timents de la Renaissance et des jardins cr\u00e9\u00e9s pour les souhaits des hommes les plus puissants qui ont march\u00e9 sur l&#8217;Andalousie orientale. C&#8217;est vraiment l&#8217;une de ces destinations qu&#8217;il faut visiter avant une fois dans sa vie.<\/p>\n<p>Jetez un \u0153il \u00e0 notre transfert a\u00e9roport priv\u00e9 ici!<\/p>\n","protected":false},"excerpt":{"rendered":"<p>Transfert en voiture priv\u00e9e de S\u00e9ville \u00e0 Grenade. V\u00e9hicule de luxe priv\u00e9 avec chauffeur. Notre transfert priv\u00e9 peut \u00eatre vers n&#8217;importe quel endroit en Andalousie et nous pouvons vous d\u00e9poser n&#8217;importe o\u00f9 en Andalousie.<\/p>\n","protected":false},"featured_media":93667,"comment_status":"open","ping_status":"closed","template":"","meta":{"_acf_changed":false},"product_brand":[],"product_cat":[3544,4259],"product_tag":[],"class_list":{"0":"post-98910","1":"product","2":"type-product","3":"status-publish","4":"has-post-thumbnail","6":"product_cat-granada-fr","7":"product_cat-all-private-tours-activities-fr-15","9":"first","10":"instock","11":"shipping-taxable","12":"purchasable","13":"product-type-simple"},"acf":[],"yoast_head":"<!-- This site is optimized with the Yoast SEO Premium plugin v25.3.1 (Yoast SEO v25.3.1) - https:\/\/yoast.com\/wordpress\/plugins\/seo\/ -->\n<title>Transfert en voiture priv\u00e9e de S\u00e9ville \u00e0 Grenade - ou dans n&#039;importe quelle ville - Transfert priv\u00e9<\/title>\n<meta name=\"description\" content=\"Transfert en voiture priv\u00e9e de S\u00e9ville \u00e0 Grenade. V\u00e9hicule de luxe priv\u00e9 avec chauffeur. Transfert priv\u00e9 vers n&#039;importe quel endroit en Andalousie.\" \/>\n<meta name=\"robots\" content=\"index, follow, max-snippet:-1, max-image-preview:large, max-video-preview:-1\" \/>\n<link rel=\"canonical\" href=\"https:\/\/tourtravelandmore.com\/fr\/tours\/espagne-fr\/granada-fr\/all-private-tours-activities-fr-15\/transfert-en-voiture-privee-de-seville-a-grenade-ou-dans-nimporte-quelle-ville\/\" \/>\n<meta property=\"og:locale\" content=\"fr_FR\" \/>\n<meta property=\"og:type\" content=\"article\" \/>\n<meta property=\"og:title\" content=\"Transfert en voiture priv\u00e9e de S\u00e9ville \u00e0 Grenade - ou dans n&#039;importe quelle ville\" \/>\n<meta property=\"og:description\" content=\"Transfert en voiture priv\u00e9e de S\u00e9ville \u00e0 Grenade. V\u00e9hicule de luxe priv\u00e9 avec chauffeur. Transfert priv\u00e9 vers n&#039;importe quel endroit en Andalousie.\" \/>\n<meta property=\"og:url\" content=\"https:\/\/tourtravelandmore.com\/fr\/tours\/espagne-fr\/granada-fr\/all-private-tours-activities-fr-15\/transfert-en-voiture-privee-de-seville-a-grenade-ou-dans-nimporte-quelle-ville\/\" \/>\n<meta property=\"og:site_name\" content=\"Tour Travel And More\" \/>\n<meta property=\"article:publisher\" content=\"https:\/\/www.facebook.com\/tourtravelandmore\/\" \/>\n<meta property=\"og:image\" content=\"https:\/\/tourtravelandmore.com\/wp-content\/uploads\/2016\/03\/Bus-19-pax.jpg\" \/>\n\t<meta property=\"og:image:width\" content=\"640\" \/>\n\t<meta property=\"og:image:height\" content=\"458\" \/>\n\t<meta property=\"og:image:type\" content=\"image\/jpeg\" \/>\n<meta name=\"twitter:card\" content=\"summary_large_image\" \/>\n<meta name=\"twitter:site\" content=\"@TourTravel_More\" \/>\n<meta name=\"twitter:label1\" content=\"Dur\u00e9e de lecture estim\u00e9e\" \/>\n\t<meta name=\"twitter:data1\" content=\"2 minutes\" \/>\n<script type=\"application\/ld+json\" class=\"yoast-schema-graph\">{\"@context\":\"https:\/\/schema.org\",\"@graph\":[{\"@type\":\"WebPage\",\"@id\":\"https:\/\/tourtravelandmore.com\/fr\/tours\/espagne-fr\/granada-fr\/all-private-tours-activities-fr-15\/transfert-en-voiture-privee-de-seville-a-grenade-ou-dans-nimporte-quelle-ville\/\",\"url\":\"https:\/\/tourtravelandmore.com\/fr\/tours\/espagne-fr\/granada-fr\/all-private-tours-activities-fr-15\/transfert-en-voiture-privee-de-seville-a-grenade-ou-dans-nimporte-quelle-ville\/\",\"name\":\"Transfert en voiture priv\u00e9e de S\u00e9ville \u00e0 Grenade - ou dans n'importe quelle ville - Transfert priv\u00e9\",\"isPartOf\":{\"@id\":\"https:\/\/tourtravelandmore.com\/fr\/#website\"},\"primaryImageOfPage\":{\"@id\":\"https:\/\/tourtravelandmore.com\/fr\/tours\/espagne-fr\/granada-fr\/all-private-tours-activities-fr-15\/transfert-en-voiture-privee-de-seville-a-grenade-ou-dans-nimporte-quelle-ville\/#primaryimage\"},\"image\":{\"@id\":\"https:\/\/tourtravelandmore.com\/fr\/tours\/espagne-fr\/granada-fr\/all-private-tours-activities-fr-15\/transfert-en-voiture-privee-de-seville-a-grenade-ou-dans-nimporte-quelle-ville\/#primaryimage\"},\"thumbnailUrl\":\"https:\/\/tourtravelandmore.com\/wp-content\/uploads\/2016\/03\/Bus-19-pax.jpg\",\"datePublished\":\"2016-03-10T18:18:26+00:00\",\"description\":\"Transfert en voiture priv\u00e9e de S\u00e9ville \u00e0 Grenade. V\u00e9hicule de luxe priv\u00e9 avec chauffeur. Transfert priv\u00e9 vers n'importe quel endroit en Andalousie.\",\"breadcrumb\":{\"@id\":\"https:\/\/tourtravelandmore.com\/fr\/tours\/espagne-fr\/granada-fr\/all-private-tours-activities-fr-15\/transfert-en-voiture-privee-de-seville-a-grenade-ou-dans-nimporte-quelle-ville\/#breadcrumb\"},\"inLanguage\":\"fr-FR\",\"potentialAction\":[{\"@type\":\"ReadAction\",\"target\":[\"https:\/\/tourtravelandmore.com\/fr\/tours\/espagne-fr\/granada-fr\/all-private-tours-activities-fr-15\/transfert-en-voiture-privee-de-seville-a-grenade-ou-dans-nimporte-quelle-ville\/\"]}]},{\"@type\":\"ImageObject\",\"inLanguage\":\"fr-FR\",\"@id\":\"https:\/\/tourtravelandmore.com\/fr\/tours\/espagne-fr\/granada-fr\/all-private-tours-activities-fr-15\/transfert-en-voiture-privee-de-seville-a-grenade-ou-dans-nimporte-quelle-ville\/#primaryimage\",\"url\":\"https:\/\/tourtravelandmore.com\/wp-content\/uploads\/2016\/03\/Bus-19-pax.jpg\",\"contentUrl\":\"https:\/\/tourtravelandmore.com\/wp-content\/uploads\/2016\/03\/Bus-19-pax.jpg\",\"width\":640,\"height\":458},{\"@type\":\"BreadcrumbList\",\"@id\":\"https:\/\/tourtravelandmore.com\/fr\/tours\/espagne-fr\/granada-fr\/all-private-tours-activities-fr-15\/transfert-en-voiture-privee-de-seville-a-grenade-ou-dans-nimporte-quelle-ville\/#breadcrumb\",\"itemListElement\":[{\"@type\":\"ListItem\",\"position\":1,\"name\":\"Home\",\"item\":\"https:\/\/tourtravelandmore.com\/fr\/\"},{\"@type\":\"ListItem\",\"position\":2,\"name\":\"Tours\",\"item\":\"https:\/\/tourtravelandmore.com\/fr\/tours\/\"},{\"@type\":\"ListItem\",\"position\":3,\"name\":\"Transfert en voiture priv\u00e9e de S\u00e9ville \u00e0 Grenade &#8211; ou dans n&rsquo;importe quelle ville\"}]},{\"@type\":\"WebSite\",\"@id\":\"https:\/\/tourtravelandmore.com\/fr\/#website\",\"url\":\"https:\/\/tourtravelandmore.com\/fr\/\",\"name\":\"Tour Travel And More\",\"description\":\"Private sightseeing tours and luxury transfers in Spain\",\"publisher\":{\"@id\":\"https:\/\/tourtravelandmore.com\/fr\/#organization\"},\"potentialAction\":[{\"@type\":\"SearchAction\",\"target\":{\"@type\":\"EntryPoint\",\"urlTemplate\":\"https:\/\/tourtravelandmore.com\/fr\/?s={search_term_string}\"},\"query-input\":{\"@type\":\"PropertyValueSpecification\",\"valueRequired\":true,\"valueName\":\"search_term_string\"}}],\"inLanguage\":\"fr-FR\"},{\"@type\":\"Organization\",\"@id\":\"https:\/\/tourtravelandmore.com\/fr\/#organization\",\"name\":\"Tour Travel And More\",\"url\":\"https:\/\/tourtravelandmore.com\/fr\/\",\"logo\":{\"@type\":\"ImageObject\",\"inLanguage\":\"fr-FR\",\"@id\":\"https:\/\/tourtravelandmore.com\/fr\/#\/schema\/logo\/image\/\",\"url\":\"https:\/\/tourtravelandmore.com\/wp-content\/uploads\/2022\/12\/cropped-logo-cabecera-new.png\",\"contentUrl\":\"https:\/\/tourtravelandmore.com\/wp-content\/uploads\/2022\/12\/cropped-logo-cabecera-new.png\",\"width\":430,\"height\":61,\"caption\":\"Tour Travel And More\"},\"image\":{\"@id\":\"https:\/\/tourtravelandmore.com\/fr\/#\/schema\/logo\/image\/\"},\"sameAs\":[\"https:\/\/www.facebook.com\/tourtravelandmore\/\",\"https:\/\/x.com\/TourTravel_More\"]}]}<\/script>\n<!-- \/ Yoast SEO Premium plugin. -->","yoast_head_json":{"title":"Transfert en voiture priv\u00e9e de S\u00e9ville \u00e0 Grenade - ou dans n'importe quelle ville - Transfert priv\u00e9","description":"Transfert en voiture priv\u00e9e de S\u00e9ville \u00e0 Grenade. V\u00e9hicule de luxe priv\u00e9 avec chauffeur. Transfert priv\u00e9 vers n'importe quel endroit en Andalousie.","robots":{"index":"index","follow":"follow","max-snippet":"max-snippet:-1","max-image-preview":"max-image-preview:large","max-video-preview":"max-video-preview:-1"},"canonical":"https:\/\/tourtravelandmore.com\/fr\/tours\/espagne-fr\/granada-fr\/all-private-tours-activities-fr-15\/transfert-en-voiture-privee-de-seville-a-grenade-ou-dans-nimporte-quelle-ville\/","og_locale":"fr_FR","og_type":"article","og_title":"Transfert en voiture priv\u00e9e de S\u00e9ville \u00e0 Grenade - ou dans n'importe quelle ville","og_description":"Transfert en voiture priv\u00e9e de S\u00e9ville \u00e0 Grenade. V\u00e9hicule de luxe priv\u00e9 avec chauffeur. Transfert priv\u00e9 vers n'importe quel endroit en Andalousie.","og_url":"https:\/\/tourtravelandmore.com\/fr\/tours\/espagne-fr\/granada-fr\/all-private-tours-activities-fr-15\/transfert-en-voiture-privee-de-seville-a-grenade-ou-dans-nimporte-quelle-ville\/","og_site_name":"Tour Travel And More","article_publisher":"https:\/\/www.facebook.com\/tourtravelandmore\/","og_image":[{"width":640,"height":458,"url":"https:\/\/tourtravelandmore.com\/wp-content\/uploads\/2016\/03\/Bus-19-pax.jpg","type":"image\/jpeg"}],"twitter_card":"summary_large_image","twitter_site":"@TourTravel_More","twitter_misc":{"Dur\u00e9e de lecture estim\u00e9e":"2 minutes"},"schema":{"@context":"https:\/\/schema.org","@graph":[{"@type":"WebPage","@id":"https:\/\/tourtravelandmore.com\/fr\/tours\/espagne-fr\/granada-fr\/all-private-tours-activities-fr-15\/transfert-en-voiture-privee-de-seville-a-grenade-ou-dans-nimporte-quelle-ville\/","url":"https:\/\/tourtravelandmore.com\/fr\/tours\/espagne-fr\/granada-fr\/all-private-tours-activities-fr-15\/transfert-en-voiture-privee-de-seville-a-grenade-ou-dans-nimporte-quelle-ville\/","name":"Transfert en voiture priv\u00e9e de S\u00e9ville \u00e0 Grenade - ou dans n'importe quelle ville - Transfert priv\u00e9","isPartOf":{"@id":"https:\/\/tourtravelandmore.com\/fr\/#website"},"primaryImageOfPage":{"@id":"https:\/\/tourtravelandmore.com\/fr\/tours\/espagne-fr\/granada-fr\/all-private-tours-activities-fr-15\/transfert-en-voiture-privee-de-seville-a-grenade-ou-dans-nimporte-quelle-ville\/#primaryimage"},"image":{"@id":"https:\/\/tourtravelandmore.com\/fr\/tours\/espagne-fr\/granada-fr\/all-private-tours-activities-fr-15\/transfert-en-voiture-privee-de-seville-a-grenade-ou-dans-nimporte-quelle-ville\/#primaryimage"},"thumbnailUrl":"https:\/\/tourtravelandmore.com\/wp-content\/uploads\/2016\/03\/Bus-19-pax.jpg","datePublished":"2016-03-10T18:18:26+00:00","description":"Transfert en voiture priv\u00e9e de S\u00e9ville \u00e0 Grenade. V\u00e9hicule de luxe priv\u00e9 avec chauffeur. Transfert priv\u00e9 vers n'importe quel endroit en Andalousie.","breadcrumb":{"@id":"https:\/\/tourtravelandmore.com\/fr\/tours\/espagne-fr\/granada-fr\/all-private-tours-activities-fr-15\/transfert-en-voiture-privee-de-seville-a-grenade-ou-dans-nimporte-quelle-ville\/#breadcrumb"},"inLanguage":"fr-FR","potentialAction":[{"@type":"ReadAction","target":["https:\/\/tourtravelandmore.com\/fr\/tours\/espagne-fr\/granada-fr\/all-private-tours-activities-fr-15\/transfert-en-voiture-privee-de-seville-a-grenade-ou-dans-nimporte-quelle-ville\/"]}]},{"@type":"ImageObject","inLanguage":"fr-FR","@id":"https:\/\/tourtravelandmore.com\/fr\/tours\/espagne-fr\/granada-fr\/all-private-tours-activities-fr-15\/transfert-en-voiture-privee-de-seville-a-grenade-ou-dans-nimporte-quelle-ville\/#primaryimage","url":"https:\/\/tourtravelandmore.com\/wp-content\/uploads\/2016\/03\/Bus-19-pax.jpg","contentUrl":"https:\/\/tourtravelandmore.com\/wp-content\/uploads\/2016\/03\/Bus-19-pax.jpg","width":640,"height":458},{"@type":"BreadcrumbList","@id":"https:\/\/tourtravelandmore.com\/fr\/tours\/espagne-fr\/granada-fr\/all-private-tours-activities-fr-15\/transfert-en-voiture-privee-de-seville-a-grenade-ou-dans-nimporte-quelle-ville\/#breadcrumb","itemListElement":[{"@type":"ListItem","position":1,"name":"Home","item":"https:\/\/tourtravelandmore.com\/fr\/"},{"@type":"ListItem","position":2,"name":"Tours","item":"https:\/\/tourtravelandmore.com\/fr\/tours\/"},{"@type":"ListItem","position":3,"name":"Transfert en voiture priv\u00e9e de S\u00e9ville \u00e0 Grenade &#8211; ou dans n&rsquo;importe quelle ville"}]},{"@type":"WebSite","@id":"https:\/\/tourtravelandmore.com\/fr\/#website","url":"https:\/\/tourtravelandmore.com\/fr\/","name":"Tour Travel And More","description":"Private sightseeing tours and luxury transfers in Spain","publisher":{"@id":"https:\/\/tourtravelandmore.com\/fr\/#organization"},"potentialAction":[{"@type":"SearchAction","target":{"@type":"EntryPoint","urlTemplate":"https:\/\/tourtravelandmore.com\/fr\/?s={search_term_string}"},"query-input":{"@type":"PropertyValueSpecification","valueRequired":true,"valueName":"search_term_string"}}],"inLanguage":"fr-FR"},{"@type":"Organization","@id":"https:\/\/tourtravelandmore.com\/fr\/#organization","name":"Tour Travel And More","url":"https:\/\/tourtravelandmore.com\/fr\/","logo":{"@type":"ImageObject","inLanguage":"fr-FR","@id":"https:\/\/tourtravelandmore.com\/fr\/#\/schema\/logo\/image\/","url":"https:\/\/tourtravelandmore.com\/wp-content\/uploads\/2022\/12\/cropped-logo-cabecera-new.png","contentUrl":"https:\/\/tourtravelandmore.com\/wp-content\/uploads\/2022\/12\/cropped-logo-cabecera-new.png","width":430,"height":61,"caption":"Tour Travel And More"},"image":{"@id":"https:\/\/tourtravelandmore.com\/fr\/#\/schema\/logo\/image\/"},"sameAs":["https:\/\/www.facebook.com\/tourtravelandmore\/","https:\/\/x.com\/TourTravel_More"]}]}},"_links":{"self":[{"href":"https:\/\/tourtravelandmore.com\/fr\/wp-json\/wp\/v2\/product\/98910","targetHints":{"allow":["GET"]}}],"collection":[{"href":"https:\/\/tourtravelandmore.com\/fr\/wp-json\/wp\/v2\/product"}],"about":[{"href":"https:\/\/tourtravelandmore.com\/fr\/wp-json\/wp\/v2\/types\/product"}],"replies":[{"embeddable":true,"href":"https:\/\/tourtravelandmore.com\/fr\/wp-json\/wp\/v2\/comments?post=98910"}],"wp:featuredmedia":[{"embeddable":true,"href":"https:\/\/tourtravelandmore.com\/fr\/wp-json\/wp\/v2\/media\/93667"}],"wp:attachment":[{"href":"https:\/\/tourtravelandmore.com\/fr\/wp-json\/wp\/v2\/media?parent=98910"}],"wp:term":[{"taxonomy":"product_brand","embeddable":true,"href":"https:\/\/tourtravelandmore.com\/fr\/wp-json\/wp\/v2\/product_brand?post=98910"},{"taxonomy":"product_cat","embeddable":true,"href":"https:\/\/tourtravelandmore.com\/fr\/wp-json\/wp\/v2\/product_cat?post=98910"},{"taxonomy":"product_tag","embeddable":true,"href":"https:\/\/tourtravelandmore.com\/fr\/wp-json\/wp\/v2\/product_tag?post=98910"}],"curies":[{"name":"wp","href":"https:\/\/api.w.org\/{rel}","templated":true}]}}