{"id":98890,"date":"2018-07-31T14:18:01","date_gmt":"2018-07-31T12:18:01","guid":{"rendered":"https:\/\/tourtravelandmore.com\/tours\/non%20class\u00e9\/visite-privee-de-malaga-a-tanger\/"},"modified":"2023-03-22T19:51:54","modified_gmt":"2023-03-22T18:51:54","slug":"visite-privee-de-malaga-a-tanger","status":"publish","type":"product","link":"https:\/\/tourtravelandmore.com\/fr\/tours\/maroc-fr\/tangier-fr\/all-private-tours-activities-fr-17\/visite-privee-de-malaga-a-tanger\/","title":{"rendered":"Visite priv\u00e9e de Malaga \u00e0 Tanger"},"content":{"rendered":"<h2>La description<\/h2>\n<p>Si vous avez du temps \u00e0 perdre, profitez d&#8217;une visite rapide au Maroc! Qui a dit que vous ne pouviez pas visiter le Maroc en un jour?! Profitez de cette visite priv\u00e9e de Malaga \u00e0 Tanger. La prise en charge peut \u00e9galement se faire depuis n&#8217;importe quelle autre ville d&#8217;Andalousie.<\/p>\n<p>La prise en charge sera r\u00e9gl\u00e9e depuis votre h\u00f4tel \u00e0 Malaga ou dans toute autre ville d&#8217;Andalousie. Nous pouvons venir vous chercher \u00e0 Marbella, Puerto Banus, S\u00e9ville ou n&#8217;importe quelle ville de votre choix. Si vous arrivez du port de croisi\u00e8re, nous devrons v\u00e9rifier l&#8217;heure d&#8217;accostage pour voir si nous pouvons organiser la visite priv\u00e9e de Malaga \u00e0 Tanger.<\/p>\n<p>Vous profiterez du meilleur de Tanger avec votre guide et chauffeur priv\u00e9.<\/p>\n<p>Ayez du temps libre pour profiter d&#8217;un bon d\u00e9jeuner \u00e0 Tanger et reprendre le ferry pour l&#8217;Espagne.<\/p>\n<h2>Sites d&#8217;int\u00e9r\u00eat et monuments<\/h2>\n<p>Votre chauffeur priv\u00e9 viendra vous chercher \u00e0 votre h\u00f4tel en Andalousie. Cela peut \u00eatre une prise en charge dans n&#8217;importe quelle ville; (Malaga, Marbella, S\u00e9ville, Cordoue ou toute ville de votre choix) et vous conduire vers le port de Tarifa.<\/p>\n<p>Une fois arriv\u00e9 au port de ferry, vous prendrez le ferry d&#8217;une heure pour Tanger. Une fois \u00e0 Tanger, votre guide priv\u00e9 viendra vous chercher.<\/p>\n<p>Apr\u00e8s la prise en charge au terminal portuaire, nous ferons un tour \u00e0 travers diff\u00e9rents quartiers et zones environnantes. Cela comprendra plusieurs arr\u00eats \u00e0 des points de vue incroyables, une courte pause au cap Spartel, o\u00f9 l&#8217;oc\u00e9an Atlantique rencontre la mer M\u00e9diterran\u00e9e. Nous visiterons \u00e9galement les mythiques grottes d&#8217;Hercule et des promenades \u00e0 dos de chameau! Vous profiterez d&#8217;une balade \u00e0 dos de chameau de 15 minutes!<\/p>\n<p>La deuxi\u00e8me partie de la visite consiste en une longue promenade \u00e0 travers le labyrinthe de rues \u00e9troites et ruelles de la Kasbah (forteresse), pour un aper\u00e7u d&#8217;un riche patrimoine architectural qui comprend un mur de la ville du XVe si\u00e8cle et de nombreux b\u00e2timents arabo-andalous. style, qui ont inspir\u00e9 de grands artistes et peintres parmi lesquels Eug\u00e8ne Delacroix, Henri Matisse.<\/p>\n<p>Puis direction la M\u00e9dina (vieille ville), qui repr\u00e9sente un centre d&#8217;int\u00e9r\u00eat majeur pour avoir un avant-go\u00fbt de la culture et du mode de vie locaux \u00e0 travers l&#8217;ambiance de ses march\u00e9s et rues anim\u00e9s, ses fours communaux, ses bains de vapeur, ses boutiques artisanales .. et ses places anim\u00e9es. . Elle abrite \u00e9galement un important patrimoine juif et chr\u00e9tien.<\/p>\n<p>La visite offre \u00e9galement l&#8217;occasion de d\u00e9couvrir la cuisine marocaine authentique et l&#8217;atmosph\u00e8re vibrante des souks o\u00f9 artisans et commer\u00e7ants fabriquent \/ vendent leurs articles traditionnels.<\/p>\n<p>Votre chauffeur et votre guide vous emm\u00e8neront au port des ferries pour prendre le ferry (1 heure) vers l&#8217;Espagne.<\/p>\n<p>Une fois en Espagne, votre chauffeur priv\u00e9 vous attendra pour vous ramener \u00e0 votre h\u00f4tel en Andalousie.<\/p>\n","protected":false},"excerpt":{"rendered":"<p>Visite priv\u00e9e de Malaga \u00e0 Tanger. La prise en charge peut se faire depuis n&#8217;importe quelle ville d&#8217;Andalousie. V\u00e9hicule priv\u00e9 avec chauffeur et guide s\u00e9par\u00e9 pour une exp\u00e9rience unique.<\/p>\n","protected":false},"featured_media":95090,"comment_status":"open","ping_status":"closed","template":"","meta":{"_acf_changed":false},"product_brand":[],"product_cat":[3726,3817,4265,4266,4267,3541,3577,4270,3583,4268,4269,3646,4249,4247,4251,4248,3652,4252,4254,4253],"product_tag":[],"class_list":{"0":"post-98890","1":"product","2":"type-product","3":"status-publish","4":"has-post-thumbnail","6":"product_cat-maroc-fr","7":"product_cat-tangier-fr","8":"product_cat-all-private-tours-activities-fr-17","9":"product_cat-private-sightseeing-tours-fr-24","10":"product_cat-private-day-trips-fr-10","11":"product_cat-espagne-fr","12":"product_cat-ceuta-fr","13":"product_cat-all-private-tour-and-activities-fr","14":"product_cat-motril-fr","15":"product_cat-all-private-tour-and-activities","16":"product_cat-private-day-trips-fr-11","17":"product_cat-malaga-fr","18":"product_cat-private-shore-excursions-fr-6","19":"product_cat-all-private-tours-activities-fr-12","20":"product_cat-private-day-trips-fr-5","21":"product_cat-private-sightseeing-tours-fr-19","22":"product_cat-marbellapuertobanus-fr","23":"product_cat-all-private-tours-activities-fr-13","24":"product_cat-private-sightseeing-tours-fr-20","25":"product_cat-private-day-trips-fr-6","27":"first","28":"instock","29":"shipping-taxable","30":"purchasable","31":"product-type-simple"},"acf":[],"yoast_head":"<!-- This site is optimized with the Yoast SEO Premium plugin v25.3.1 (Yoast SEO v25.3.1) - https:\/\/yoast.com\/wordpress\/plugins\/seo\/ -->\n<title>Visite priv\u00e9e de Malaga \u00e0 Tanger - Prise en charge dans n&#039;importe quelle ville d&#039;Andalousie<\/title>\n<meta name=\"description\" content=\"Visite priv\u00e9e de Malaga \u00e0 Tanger. La prise en charge peut se faire depuis n&#039;importe quelle ville d&#039;Andalousie. V\u00e9hicule priv\u00e9 avec chauffeur et guide s\u00e9par\u00e9\" \/>\n<meta name=\"robots\" content=\"index, follow, max-snippet:-1, max-image-preview:large, max-video-preview:-1\" \/>\n<link rel=\"canonical\" href=\"https:\/\/tourtravelandmore.com\/fr\/tours\/maroc-fr\/tangier-fr\/all-private-tours-activities-fr-17\/visite-privee-de-malaga-a-tanger\/\" \/>\n<meta property=\"og:locale\" content=\"fr_FR\" \/>\n<meta property=\"og:type\" content=\"article\" \/>\n<meta property=\"og:title\" content=\"Visite priv\u00e9e de Malaga \u00e0 Tanger\" \/>\n<meta property=\"og:description\" content=\"Visite priv\u00e9e de Malaga \u00e0 Tanger. La prise en charge peut se faire depuis n&#039;importe quelle ville d&#039;Andalousie. V\u00e9hicule priv\u00e9 avec chauffeur et guide s\u00e9par\u00e9\" \/>\n<meta property=\"og:url\" content=\"https:\/\/tourtravelandmore.com\/fr\/tours\/maroc-fr\/tangier-fr\/all-private-tours-activities-fr-17\/visite-privee-de-malaga-a-tanger\/\" \/>\n<meta property=\"og:site_name\" content=\"Tour Travel And More\" \/>\n<meta property=\"article:publisher\" content=\"https:\/\/www.facebook.com\/tourtravelandmore\/\" \/>\n<meta property=\"article:modified_time\" content=\"2023-03-22T18:51:54+00:00\" \/>\n<meta property=\"og:image\" content=\"https:\/\/tourtravelandmore.com\/wp-content\/uploads\/2018\/07\/Panoramic_view_from_Tangier-1024x359.jpg\" \/>\n\t<meta property=\"og:image:width\" content=\"1024\" \/>\n\t<meta property=\"og:image:height\" content=\"359\" \/>\n\t<meta property=\"og:image:type\" content=\"image\/jpeg\" \/>\n<meta name=\"twitter:card\" content=\"summary_large_image\" \/>\n<meta name=\"twitter:site\" content=\"@TourTravel_More\" \/>\n<meta name=\"twitter:label1\" content=\"Dur\u00e9e de lecture estim\u00e9e\" \/>\n\t<meta name=\"twitter:data1\" content=\"2 minutes\" \/>\n<script type=\"application\/ld+json\" class=\"yoast-schema-graph\">{\"@context\":\"https:\/\/schema.org\",\"@graph\":[{\"@type\":\"WebPage\",\"@id\":\"https:\/\/tourtravelandmore.com\/fr\/tours\/maroc-fr\/tangier-fr\/all-private-tours-activities-fr-17\/visite-privee-de-malaga-a-tanger\/\",\"url\":\"https:\/\/tourtravelandmore.com\/fr\/tours\/maroc-fr\/tangier-fr\/all-private-tours-activities-fr-17\/visite-privee-de-malaga-a-tanger\/\",\"name\":\"Visite priv\u00e9e de Malaga \u00e0 Tanger - Prise en charge dans n'importe quelle ville d'Andalousie\",\"isPartOf\":{\"@id\":\"https:\/\/tourtravelandmore.com\/fr\/#website\"},\"primaryImageOfPage\":{\"@id\":\"https:\/\/tourtravelandmore.com\/fr\/tours\/maroc-fr\/tangier-fr\/all-private-tours-activities-fr-17\/visite-privee-de-malaga-a-tanger\/#primaryimage\"},\"image\":{\"@id\":\"https:\/\/tourtravelandmore.com\/fr\/tours\/maroc-fr\/tangier-fr\/all-private-tours-activities-fr-17\/visite-privee-de-malaga-a-tanger\/#primaryimage\"},\"thumbnailUrl\":\"https:\/\/tourtravelandmore.com\/wp-content\/uploads\/2018\/07\/Panoramic_view_from_Tangier.jpg\",\"datePublished\":\"2018-07-31T12:18:01+00:00\",\"dateModified\":\"2023-03-22T18:51:54+00:00\",\"description\":\"Visite priv\u00e9e de Malaga \u00e0 Tanger. La prise en charge peut se faire depuis n'importe quelle ville d'Andalousie. V\u00e9hicule priv\u00e9 avec chauffeur et guide s\u00e9par\u00e9\",\"breadcrumb\":{\"@id\":\"https:\/\/tourtravelandmore.com\/fr\/tours\/maroc-fr\/tangier-fr\/all-private-tours-activities-fr-17\/visite-privee-de-malaga-a-tanger\/#breadcrumb\"},\"inLanguage\":\"fr-FR\",\"potentialAction\":[{\"@type\":\"ReadAction\",\"target\":[\"https:\/\/tourtravelandmore.com\/fr\/tours\/maroc-fr\/tangier-fr\/all-private-tours-activities-fr-17\/visite-privee-de-malaga-a-tanger\/\"]}]},{\"@type\":\"ImageObject\",\"inLanguage\":\"fr-FR\",\"@id\":\"https:\/\/tourtravelandmore.com\/fr\/tours\/maroc-fr\/tangier-fr\/all-private-tours-activities-fr-17\/visite-privee-de-malaga-a-tanger\/#primaryimage\",\"url\":\"https:\/\/tourtravelandmore.com\/wp-content\/uploads\/2018\/07\/Panoramic_view_from_Tangier.jpg\",\"contentUrl\":\"https:\/\/tourtravelandmore.com\/wp-content\/uploads\/2018\/07\/Panoramic_view_from_Tangier.jpg\",\"width\":5836,\"height\":2045},{\"@type\":\"BreadcrumbList\",\"@id\":\"https:\/\/tourtravelandmore.com\/fr\/tours\/maroc-fr\/tangier-fr\/all-private-tours-activities-fr-17\/visite-privee-de-malaga-a-tanger\/#breadcrumb\",\"itemListElement\":[{\"@type\":\"ListItem\",\"position\":1,\"name\":\"Home\",\"item\":\"https:\/\/tourtravelandmore.com\/fr\/\"},{\"@type\":\"ListItem\",\"position\":2,\"name\":\"Tours\",\"item\":\"https:\/\/tourtravelandmore.com\/fr\/tours\/\"},{\"@type\":\"ListItem\",\"position\":3,\"name\":\"Visite priv\u00e9e de Malaga \u00e0 Tanger\"}]},{\"@type\":\"WebSite\",\"@id\":\"https:\/\/tourtravelandmore.com\/fr\/#website\",\"url\":\"https:\/\/tourtravelandmore.com\/fr\/\",\"name\":\"Tour Travel And More\",\"description\":\"Private sightseeing tours and luxury transfers in Spain\",\"publisher\":{\"@id\":\"https:\/\/tourtravelandmore.com\/fr\/#organization\"},\"potentialAction\":[{\"@type\":\"SearchAction\",\"target\":{\"@type\":\"EntryPoint\",\"urlTemplate\":\"https:\/\/tourtravelandmore.com\/fr\/?s={search_term_string}\"},\"query-input\":{\"@type\":\"PropertyValueSpecification\",\"valueRequired\":true,\"valueName\":\"search_term_string\"}}],\"inLanguage\":\"fr-FR\"},{\"@type\":\"Organization\",\"@id\":\"https:\/\/tourtravelandmore.com\/fr\/#organization\",\"name\":\"Tour Travel And More\",\"url\":\"https:\/\/tourtravelandmore.com\/fr\/\",\"logo\":{\"@type\":\"ImageObject\",\"inLanguage\":\"fr-FR\",\"@id\":\"https:\/\/tourtravelandmore.com\/fr\/#\/schema\/logo\/image\/\",\"url\":\"https:\/\/tourtravelandmore.com\/wp-content\/uploads\/2022\/12\/cropped-logo-cabecera-new.png\",\"contentUrl\":\"https:\/\/tourtravelandmore.com\/wp-content\/uploads\/2022\/12\/cropped-logo-cabecera-new.png\",\"width\":430,\"height\":61,\"caption\":\"Tour Travel And More\"},\"image\":{\"@id\":\"https:\/\/tourtravelandmore.com\/fr\/#\/schema\/logo\/image\/\"},\"sameAs\":[\"https:\/\/www.facebook.com\/tourtravelandmore\/\",\"https:\/\/x.com\/TourTravel_More\"]}]}<\/script>\n<!-- \/ Yoast SEO Premium plugin. -->","yoast_head_json":{"title":"Visite priv\u00e9e de Malaga \u00e0 Tanger - Prise en charge dans n'importe quelle ville d'Andalousie","description":"Visite priv\u00e9e de Malaga \u00e0 Tanger. La prise en charge peut se faire depuis n'importe quelle ville d'Andalousie. V\u00e9hicule priv\u00e9 avec chauffeur et guide s\u00e9par\u00e9","robots":{"index":"index","follow":"follow","max-snippet":"max-snippet:-1","max-image-preview":"max-image-preview:large","max-video-preview":"max-video-preview:-1"},"canonical":"https:\/\/tourtravelandmore.com\/fr\/tours\/maroc-fr\/tangier-fr\/all-private-tours-activities-fr-17\/visite-privee-de-malaga-a-tanger\/","og_locale":"fr_FR","og_type":"article","og_title":"Visite priv\u00e9e de Malaga \u00e0 Tanger","og_description":"Visite priv\u00e9e de Malaga \u00e0 Tanger. La prise en charge peut se faire depuis n'importe quelle ville d'Andalousie. V\u00e9hicule priv\u00e9 avec chauffeur et guide s\u00e9par\u00e9","og_url":"https:\/\/tourtravelandmore.com\/fr\/tours\/maroc-fr\/tangier-fr\/all-private-tours-activities-fr-17\/visite-privee-de-malaga-a-tanger\/","og_site_name":"Tour Travel And More","article_publisher":"https:\/\/www.facebook.com\/tourtravelandmore\/","article_modified_time":"2023-03-22T18:51:54+00:00","og_image":[{"width":1024,"height":359,"url":"https:\/\/tourtravelandmore.com\/wp-content\/uploads\/2018\/07\/Panoramic_view_from_Tangier-1024x359.jpg","type":"image\/jpeg"}],"twitter_card":"summary_large_image","twitter_site":"@TourTravel_More","twitter_misc":{"Dur\u00e9e de lecture estim\u00e9e":"2 minutes"},"schema":{"@context":"https:\/\/schema.org","@graph":[{"@type":"WebPage","@id":"https:\/\/tourtravelandmore.com\/fr\/tours\/maroc-fr\/tangier-fr\/all-private-tours-activities-fr-17\/visite-privee-de-malaga-a-tanger\/","url":"https:\/\/tourtravelandmore.com\/fr\/tours\/maroc-fr\/tangier-fr\/all-private-tours-activities-fr-17\/visite-privee-de-malaga-a-tanger\/","name":"Visite priv\u00e9e de Malaga \u00e0 Tanger - Prise en charge dans n'importe quelle ville d'Andalousie","isPartOf":{"@id":"https:\/\/tourtravelandmore.com\/fr\/#website"},"primaryImageOfPage":{"@id":"https:\/\/tourtravelandmore.com\/fr\/tours\/maroc-fr\/tangier-fr\/all-private-tours-activities-fr-17\/visite-privee-de-malaga-a-tanger\/#primaryimage"},"image":{"@id":"https:\/\/tourtravelandmore.com\/fr\/tours\/maroc-fr\/tangier-fr\/all-private-tours-activities-fr-17\/visite-privee-de-malaga-a-tanger\/#primaryimage"},"thumbnailUrl":"https:\/\/tourtravelandmore.com\/wp-content\/uploads\/2018\/07\/Panoramic_view_from_Tangier.jpg","datePublished":"2018-07-31T12:18:01+00:00","dateModified":"2023-03-22T18:51:54+00:00","description":"Visite priv\u00e9e de Malaga \u00e0 Tanger. La prise en charge peut se faire depuis n'importe quelle ville d'Andalousie. V\u00e9hicule priv\u00e9 avec chauffeur et guide s\u00e9par\u00e9","breadcrumb":{"@id":"https:\/\/tourtravelandmore.com\/fr\/tours\/maroc-fr\/tangier-fr\/all-private-tours-activities-fr-17\/visite-privee-de-malaga-a-tanger\/#breadcrumb"},"inLanguage":"fr-FR","potentialAction":[{"@type":"ReadAction","target":["https:\/\/tourtravelandmore.com\/fr\/tours\/maroc-fr\/tangier-fr\/all-private-tours-activities-fr-17\/visite-privee-de-malaga-a-tanger\/"]}]},{"@type":"ImageObject","inLanguage":"fr-FR","@id":"https:\/\/tourtravelandmore.com\/fr\/tours\/maroc-fr\/tangier-fr\/all-private-tours-activities-fr-17\/visite-privee-de-malaga-a-tanger\/#primaryimage","url":"https:\/\/tourtravelandmore.com\/wp-content\/uploads\/2018\/07\/Panoramic_view_from_Tangier.jpg","contentUrl":"https:\/\/tourtravelandmore.com\/wp-content\/uploads\/2018\/07\/Panoramic_view_from_Tangier.jpg","width":5836,"height":2045},{"@type":"BreadcrumbList","@id":"https:\/\/tourtravelandmore.com\/fr\/tours\/maroc-fr\/tangier-fr\/all-private-tours-activities-fr-17\/visite-privee-de-malaga-a-tanger\/#breadcrumb","itemListElement":[{"@type":"ListItem","position":1,"name":"Home","item":"https:\/\/tourtravelandmore.com\/fr\/"},{"@type":"ListItem","position":2,"name":"Tours","item":"https:\/\/tourtravelandmore.com\/fr\/tours\/"},{"@type":"ListItem","position":3,"name":"Visite priv\u00e9e de Malaga \u00e0 Tanger"}]},{"@type":"WebSite","@id":"https:\/\/tourtravelandmore.com\/fr\/#website","url":"https:\/\/tourtravelandmore.com\/fr\/","name":"Tour Travel And More","description":"Private sightseeing tours and luxury transfers in Spain","publisher":{"@id":"https:\/\/tourtravelandmore.com\/fr\/#organization"},"potentialAction":[{"@type":"SearchAction","target":{"@type":"EntryPoint","urlTemplate":"https:\/\/tourtravelandmore.com\/fr\/?s={search_term_string}"},"query-input":{"@type":"PropertyValueSpecification","valueRequired":true,"valueName":"search_term_string"}}],"inLanguage":"fr-FR"},{"@type":"Organization","@id":"https:\/\/tourtravelandmore.com\/fr\/#organization","name":"Tour Travel And More","url":"https:\/\/tourtravelandmore.com\/fr\/","logo":{"@type":"ImageObject","inLanguage":"fr-FR","@id":"https:\/\/tourtravelandmore.com\/fr\/#\/schema\/logo\/image\/","url":"https:\/\/tourtravelandmore.com\/wp-content\/uploads\/2022\/12\/cropped-logo-cabecera-new.png","contentUrl":"https:\/\/tourtravelandmore.com\/wp-content\/uploads\/2022\/12\/cropped-logo-cabecera-new.png","width":430,"height":61,"caption":"Tour Travel And More"},"image":{"@id":"https:\/\/tourtravelandmore.com\/fr\/#\/schema\/logo\/image\/"},"sameAs":["https:\/\/www.facebook.com\/tourtravelandmore\/","https:\/\/x.com\/TourTravel_More"]}]}},"_links":{"self":[{"href":"https:\/\/tourtravelandmore.com\/fr\/wp-json\/wp\/v2\/product\/98890","targetHints":{"allow":["GET"]}}],"collection":[{"href":"https:\/\/tourtravelandmore.com\/fr\/wp-json\/wp\/v2\/product"}],"about":[{"href":"https:\/\/tourtravelandmore.com\/fr\/wp-json\/wp\/v2\/types\/product"}],"replies":[{"embeddable":true,"href":"https:\/\/tourtravelandmore.com\/fr\/wp-json\/wp\/v2\/comments?post=98890"}],"wp:featuredmedia":[{"embeddable":true,"href":"https:\/\/tourtravelandmore.com\/fr\/wp-json\/wp\/v2\/media\/95090"}],"wp:attachment":[{"href":"https:\/\/tourtravelandmore.com\/fr\/wp-json\/wp\/v2\/media?parent=98890"}],"wp:term":[{"taxonomy":"product_brand","embeddable":true,"href":"https:\/\/tourtravelandmore.com\/fr\/wp-json\/wp\/v2\/product_brand?post=98890"},{"taxonomy":"product_cat","embeddable":true,"href":"https:\/\/tourtravelandmore.com\/fr\/wp-json\/wp\/v2\/product_cat?post=98890"},{"taxonomy":"product_tag","embeddable":true,"href":"https:\/\/tourtravelandmore.com\/fr\/wp-json\/wp\/v2\/product_tag?post=98890"}],"curies":[{"name":"wp","href":"https:\/\/api.w.org\/{rel}","templated":true}]}}