{"id":98885,"date":"2016-08-26T11:53:36","date_gmt":"2016-08-26T09:53:36","guid":{"rendered":"https:\/\/tourtravelandmore.com\/tours\/non class\u00e9\/visite-privee-de-malaga-au-depart-de-cordoue\/"},"modified":"2016-08-26T11:53:36","modified_gmt":"2016-08-26T09:53:36","slug":"visite-privee-de-malaga-au-depart-de-cordoue","status":"publish","type":"product","link":"https:\/\/tourtravelandmore.com\/fr\/tours\/espagne-fr\/cordoba-fr\/visite-privee-de-malaga-au-depart-de-cordoue\/","title":{"rendered":"Visite priv\u00e9e de Malaga au d\u00e9part de Cordoue"},"content":{"rendered":"<h2>La description<\/h2>\n<p>Profitez de cette visite priv\u00e9e de Malaga au d\u00e9part de Cordoue avec votre guide officiel et d\u00e9couvrez les sites les plus embl\u00e9matiques de Malaga.<\/p>\n<p>Tout d&#8217;abord, cette visite priv\u00e9e de Malaga au d\u00e9part de Cordoue commencera \u00e0 partir de votre h\u00f4tel ou du lieu de votre choix \u00e0 Cordoue. Nous vous emm\u00e8nerons dans cette excursion priv\u00e9e pour d\u00e9couvrir Malaga.<\/p>\n<p>Deuxi\u00e8mement, une fois arriv\u00e9s \u00e0 Malaga, vous rencontrerez votre guide officiel priv\u00e9.<\/p>\n<p>Il s&#8217;agit d&#8217;une visite enti\u00e8rement personnalis\u00e9e de Malaga au d\u00e9part de Cordoue. Nous pouvons personnaliser la visite en fonction de vos besoins exacts.<\/p>\n<p>Nous vous aiderons \u00e0 organiser votre exp\u00e9rience compl\u00e8tement personnalis\u00e9e et unique \u00e0 Malaga lors de cette visite priv\u00e9e de Malaga au d\u00e9part de Cordoue.<\/p>\n<h2>Sites d&#8217;int\u00e9r\u00eat et monuments<\/h2>\n<p>La visite d\u00e9butera \u00e0 votre h\u00f4tel \u00e0 Cordoue. Apr\u00e8s une prise en charge confortable, nous partirons vers Malaga.<\/p>\n<p>D\u00e8s notre arriv\u00e9e \u00e0 Malaga, nous rencontrerons notre guide priv\u00e9.<\/p>\n<p>Voici quelques-uns des sites de Malaga;<\/p>\n<ul>\n<li>Plaza de la Merced<\/li>\n<li>Forteresse maure La Alcazaba<\/li>\n<li>Th\u00e9\u00e2tre romain<\/li>\n<li>Catedral de Malaga<\/li>\n<li>\u00c9glise Saint-Jean<\/li>\n<li>Beaucoup plus!<\/li>\n<\/ul>\n<p>Vous pouvez \u00e9galement profiter de visites priv\u00e9es \u00e0 l&#8217;int\u00e9rieur des meilleurs monuments de M\u00e1laga. Contactez nos experts en voyages pour plus d&#8217;informations!<\/p>\n<p>Vous aurez le temps de manger un morceau apr\u00e8s la visite guid\u00e9e de 4 heures avant de vous ramener \u00e0 Cordoue.<\/p>\n<p>Lorsque la visite est termin\u00e9e, votre guide priv\u00e9 officiel et chauffeur avec v\u00e9hicule vous ram\u00e8nera \u00e0 votre h\u00f4tel ou lieu de votre choix \u00e0 Cordoue.<\/p>\n<p>D\u00e9couvrez toutes les excursions et circuits priv\u00e9s que nous proposons au d\u00e9part de Cordoue.<\/p>\n","protected":false},"excerpt":{"rendered":"<p>Visite priv\u00e9e de Malaga depuis Cordoue. Guide touristique officiel priv\u00e9 pendant 4 heures \u00e0 Malaga et votre v\u00e9hicule de luxe priv\u00e9 avec chauffeur.<\/p>\n","protected":false},"featured_media":93687,"comment_status":"open","ping_status":"closed","template":"","meta":{"_acf_changed":false},"product_brand":[],"product_cat":[3569],"product_tag":[],"class_list":{"0":"post-98885","1":"product","2":"type-product","3":"status-publish","4":"has-post-thumbnail","6":"product_cat-cordoba-fr","8":"first","9":"instock","10":"shipping-taxable","11":"purchasable","12":"product-type-simple"},"acf":[],"yoast_head":"<!-- This site is optimized with the Yoast SEO Premium plugin v25.3.1 (Yoast SEO v25.3.1) - https:\/\/yoast.com\/wordpress\/plugins\/seo\/ -->\n<title>Visite priv\u00e9e de Malaga au d\u00e9part de Cordoba - V\u00e9hicule de luxe et guide priv\u00e9<\/title>\n<meta name=\"description\" content=\"Visite priv\u00e9e de Malaga depuis Cordoba. Guide touristique officiel priv\u00e9 pendant 4 heures \u00e0 Malaga et votre v\u00e9hicule de luxe priv\u00e9 avec chauffeur.\" \/>\n<meta name=\"robots\" content=\"index, follow, max-snippet:-1, max-image-preview:large, max-video-preview:-1\" \/>\n<link rel=\"canonical\" href=\"https:\/\/tourtravelandmore.com\/fr\/tours\/espagne-fr\/cordoba-fr\/visite-privee-de-malaga-au-depart-de-cordoue\/\" \/>\n<meta property=\"og:locale\" content=\"fr_FR\" \/>\n<meta property=\"og:type\" content=\"article\" \/>\n<meta property=\"og:title\" content=\"Visite priv\u00e9e de Malaga au d\u00e9part de Cordoue\" \/>\n<meta property=\"og:description\" content=\"Visite priv\u00e9e de Malaga depuis Cordoba. Guide touristique officiel priv\u00e9 pendant 4 heures \u00e0 Malaga et votre v\u00e9hicule de luxe priv\u00e9 avec chauffeur.\" \/>\n<meta property=\"og:url\" content=\"https:\/\/tourtravelandmore.com\/fr\/tours\/espagne-fr\/cordoba-fr\/visite-privee-de-malaga-au-depart-de-cordoue\/\" \/>\n<meta property=\"og:site_name\" content=\"Tour Travel And More\" \/>\n<meta property=\"article:publisher\" content=\"https:\/\/www.facebook.com\/tourtravelandmore\/\" \/>\n<meta property=\"og:image\" content=\"https:\/\/tourtravelandmore.com\/wp-content\/uploads\/2016\/03\/Malaga-5.jpg\" \/>\n\t<meta property=\"og:image:width\" content=\"1620\" \/>\n\t<meta property=\"og:image:height\" content=\"1080\" \/>\n\t<meta property=\"og:image:type\" content=\"image\/jpeg\" \/>\n<meta name=\"twitter:card\" content=\"summary_large_image\" \/>\n<meta name=\"twitter:site\" content=\"@TourTravel_More\" \/>\n<meta name=\"twitter:label1\" content=\"Dur\u00e9e de lecture estim\u00e9e\" \/>\n\t<meta name=\"twitter:data1\" content=\"1 minute\" \/>\n<script type=\"application\/ld+json\" class=\"yoast-schema-graph\">{\"@context\":\"https:\/\/schema.org\",\"@graph\":[{\"@type\":\"WebPage\",\"@id\":\"https:\/\/tourtravelandmore.com\/fr\/tours\/espagne-fr\/cordoba-fr\/visite-privee-de-malaga-au-depart-de-cordoue\/\",\"url\":\"https:\/\/tourtravelandmore.com\/fr\/tours\/espagne-fr\/cordoba-fr\/visite-privee-de-malaga-au-depart-de-cordoue\/\",\"name\":\"Visite priv\u00e9e de Malaga au d\u00e9part de Cordoba - V\u00e9hicule de luxe et guide priv\u00e9\",\"isPartOf\":{\"@id\":\"https:\/\/tourtravelandmore.com\/fr\/#website\"},\"primaryImageOfPage\":{\"@id\":\"https:\/\/tourtravelandmore.com\/fr\/tours\/espagne-fr\/cordoba-fr\/visite-privee-de-malaga-au-depart-de-cordoue\/#primaryimage\"},\"image\":{\"@id\":\"https:\/\/tourtravelandmore.com\/fr\/tours\/espagne-fr\/cordoba-fr\/visite-privee-de-malaga-au-depart-de-cordoue\/#primaryimage\"},\"thumbnailUrl\":\"https:\/\/tourtravelandmore.com\/wp-content\/uploads\/2016\/03\/Malaga-5.jpg\",\"datePublished\":\"2016-08-26T09:53:36+00:00\",\"description\":\"Visite priv\u00e9e de Malaga depuis Cordoba. Guide touristique officiel priv\u00e9 pendant 4 heures \u00e0 Malaga et votre v\u00e9hicule de luxe priv\u00e9 avec chauffeur.\",\"breadcrumb\":{\"@id\":\"https:\/\/tourtravelandmore.com\/fr\/tours\/espagne-fr\/cordoba-fr\/visite-privee-de-malaga-au-depart-de-cordoue\/#breadcrumb\"},\"inLanguage\":\"fr-FR\",\"potentialAction\":[{\"@type\":\"ReadAction\",\"target\":[\"https:\/\/tourtravelandmore.com\/fr\/tours\/espagne-fr\/cordoba-fr\/visite-privee-de-malaga-au-depart-de-cordoue\/\"]}]},{\"@type\":\"ImageObject\",\"inLanguage\":\"fr-FR\",\"@id\":\"https:\/\/tourtravelandmore.com\/fr\/tours\/espagne-fr\/cordoba-fr\/visite-privee-de-malaga-au-depart-de-cordoue\/#primaryimage\",\"url\":\"https:\/\/tourtravelandmore.com\/wp-content\/uploads\/2016\/03\/Malaga-5.jpg\",\"contentUrl\":\"https:\/\/tourtravelandmore.com\/wp-content\/uploads\/2016\/03\/Malaga-5.jpg\",\"width\":1620,\"height\":1080},{\"@type\":\"BreadcrumbList\",\"@id\":\"https:\/\/tourtravelandmore.com\/fr\/tours\/espagne-fr\/cordoba-fr\/visite-privee-de-malaga-au-depart-de-cordoue\/#breadcrumb\",\"itemListElement\":[{\"@type\":\"ListItem\",\"position\":1,\"name\":\"Home\",\"item\":\"https:\/\/tourtravelandmore.com\/fr\/\"},{\"@type\":\"ListItem\",\"position\":2,\"name\":\"Tours\",\"item\":\"https:\/\/tourtravelandmore.com\/fr\/tours\/\"},{\"@type\":\"ListItem\",\"position\":3,\"name\":\"Visite priv\u00e9e de Malaga au d\u00e9part de Cordoue\"}]},{\"@type\":\"WebSite\",\"@id\":\"https:\/\/tourtravelandmore.com\/fr\/#website\",\"url\":\"https:\/\/tourtravelandmore.com\/fr\/\",\"name\":\"Tour Travel And More\",\"description\":\"Private sightseeing tours and luxury transfers in Spain\",\"publisher\":{\"@id\":\"https:\/\/tourtravelandmore.com\/fr\/#organization\"},\"potentialAction\":[{\"@type\":\"SearchAction\",\"target\":{\"@type\":\"EntryPoint\",\"urlTemplate\":\"https:\/\/tourtravelandmore.com\/fr\/?s={search_term_string}\"},\"query-input\":{\"@type\":\"PropertyValueSpecification\",\"valueRequired\":true,\"valueName\":\"search_term_string\"}}],\"inLanguage\":\"fr-FR\"},{\"@type\":\"Organization\",\"@id\":\"https:\/\/tourtravelandmore.com\/fr\/#organization\",\"name\":\"Tour Travel And More\",\"url\":\"https:\/\/tourtravelandmore.com\/fr\/\",\"logo\":{\"@type\":\"ImageObject\",\"inLanguage\":\"fr-FR\",\"@id\":\"https:\/\/tourtravelandmore.com\/fr\/#\/schema\/logo\/image\/\",\"url\":\"https:\/\/tourtravelandmore.com\/wp-content\/uploads\/2022\/12\/cropped-logo-cabecera-new.png\",\"contentUrl\":\"https:\/\/tourtravelandmore.com\/wp-content\/uploads\/2022\/12\/cropped-logo-cabecera-new.png\",\"width\":430,\"height\":61,\"caption\":\"Tour Travel And More\"},\"image\":{\"@id\":\"https:\/\/tourtravelandmore.com\/fr\/#\/schema\/logo\/image\/\"},\"sameAs\":[\"https:\/\/www.facebook.com\/tourtravelandmore\/\",\"https:\/\/x.com\/TourTravel_More\"]}]}<\/script>\n<!-- \/ Yoast SEO Premium plugin. -->","yoast_head_json":{"title":"Visite priv\u00e9e de Malaga au d\u00e9part de Cordoba - V\u00e9hicule de luxe et guide priv\u00e9","description":"Visite priv\u00e9e de Malaga depuis Cordoba. Guide touristique officiel priv\u00e9 pendant 4 heures \u00e0 Malaga et votre v\u00e9hicule de luxe priv\u00e9 avec chauffeur.","robots":{"index":"index","follow":"follow","max-snippet":"max-snippet:-1","max-image-preview":"max-image-preview:large","max-video-preview":"max-video-preview:-1"},"canonical":"https:\/\/tourtravelandmore.com\/fr\/tours\/espagne-fr\/cordoba-fr\/visite-privee-de-malaga-au-depart-de-cordoue\/","og_locale":"fr_FR","og_type":"article","og_title":"Visite priv\u00e9e de Malaga au d\u00e9part de Cordoue","og_description":"Visite priv\u00e9e de Malaga depuis Cordoba. Guide touristique officiel priv\u00e9 pendant 4 heures \u00e0 Malaga et votre v\u00e9hicule de luxe priv\u00e9 avec chauffeur.","og_url":"https:\/\/tourtravelandmore.com\/fr\/tours\/espagne-fr\/cordoba-fr\/visite-privee-de-malaga-au-depart-de-cordoue\/","og_site_name":"Tour Travel And More","article_publisher":"https:\/\/www.facebook.com\/tourtravelandmore\/","og_image":[{"width":1620,"height":1080,"url":"https:\/\/tourtravelandmore.com\/wp-content\/uploads\/2016\/03\/Malaga-5.jpg","type":"image\/jpeg"}],"twitter_card":"summary_large_image","twitter_site":"@TourTravel_More","twitter_misc":{"Dur\u00e9e de lecture estim\u00e9e":"1 minute"},"schema":{"@context":"https:\/\/schema.org","@graph":[{"@type":"WebPage","@id":"https:\/\/tourtravelandmore.com\/fr\/tours\/espagne-fr\/cordoba-fr\/visite-privee-de-malaga-au-depart-de-cordoue\/","url":"https:\/\/tourtravelandmore.com\/fr\/tours\/espagne-fr\/cordoba-fr\/visite-privee-de-malaga-au-depart-de-cordoue\/","name":"Visite priv\u00e9e de Malaga au d\u00e9part de Cordoba - V\u00e9hicule de luxe et guide priv\u00e9","isPartOf":{"@id":"https:\/\/tourtravelandmore.com\/fr\/#website"},"primaryImageOfPage":{"@id":"https:\/\/tourtravelandmore.com\/fr\/tours\/espagne-fr\/cordoba-fr\/visite-privee-de-malaga-au-depart-de-cordoue\/#primaryimage"},"image":{"@id":"https:\/\/tourtravelandmore.com\/fr\/tours\/espagne-fr\/cordoba-fr\/visite-privee-de-malaga-au-depart-de-cordoue\/#primaryimage"},"thumbnailUrl":"https:\/\/tourtravelandmore.com\/wp-content\/uploads\/2016\/03\/Malaga-5.jpg","datePublished":"2016-08-26T09:53:36+00:00","description":"Visite priv\u00e9e de Malaga depuis Cordoba. Guide touristique officiel priv\u00e9 pendant 4 heures \u00e0 Malaga et votre v\u00e9hicule de luxe priv\u00e9 avec chauffeur.","breadcrumb":{"@id":"https:\/\/tourtravelandmore.com\/fr\/tours\/espagne-fr\/cordoba-fr\/visite-privee-de-malaga-au-depart-de-cordoue\/#breadcrumb"},"inLanguage":"fr-FR","potentialAction":[{"@type":"ReadAction","target":["https:\/\/tourtravelandmore.com\/fr\/tours\/espagne-fr\/cordoba-fr\/visite-privee-de-malaga-au-depart-de-cordoue\/"]}]},{"@type":"ImageObject","inLanguage":"fr-FR","@id":"https:\/\/tourtravelandmore.com\/fr\/tours\/espagne-fr\/cordoba-fr\/visite-privee-de-malaga-au-depart-de-cordoue\/#primaryimage","url":"https:\/\/tourtravelandmore.com\/wp-content\/uploads\/2016\/03\/Malaga-5.jpg","contentUrl":"https:\/\/tourtravelandmore.com\/wp-content\/uploads\/2016\/03\/Malaga-5.jpg","width":1620,"height":1080},{"@type":"BreadcrumbList","@id":"https:\/\/tourtravelandmore.com\/fr\/tours\/espagne-fr\/cordoba-fr\/visite-privee-de-malaga-au-depart-de-cordoue\/#breadcrumb","itemListElement":[{"@type":"ListItem","position":1,"name":"Home","item":"https:\/\/tourtravelandmore.com\/fr\/"},{"@type":"ListItem","position":2,"name":"Tours","item":"https:\/\/tourtravelandmore.com\/fr\/tours\/"},{"@type":"ListItem","position":3,"name":"Visite priv\u00e9e de Malaga au d\u00e9part de Cordoue"}]},{"@type":"WebSite","@id":"https:\/\/tourtravelandmore.com\/fr\/#website","url":"https:\/\/tourtravelandmore.com\/fr\/","name":"Tour Travel And More","description":"Private sightseeing tours and luxury transfers in Spain","publisher":{"@id":"https:\/\/tourtravelandmore.com\/fr\/#organization"},"potentialAction":[{"@type":"SearchAction","target":{"@type":"EntryPoint","urlTemplate":"https:\/\/tourtravelandmore.com\/fr\/?s={search_term_string}"},"query-input":{"@type":"PropertyValueSpecification","valueRequired":true,"valueName":"search_term_string"}}],"inLanguage":"fr-FR"},{"@type":"Organization","@id":"https:\/\/tourtravelandmore.com\/fr\/#organization","name":"Tour Travel And More","url":"https:\/\/tourtravelandmore.com\/fr\/","logo":{"@type":"ImageObject","inLanguage":"fr-FR","@id":"https:\/\/tourtravelandmore.com\/fr\/#\/schema\/logo\/image\/","url":"https:\/\/tourtravelandmore.com\/wp-content\/uploads\/2022\/12\/cropped-logo-cabecera-new.png","contentUrl":"https:\/\/tourtravelandmore.com\/wp-content\/uploads\/2022\/12\/cropped-logo-cabecera-new.png","width":430,"height":61,"caption":"Tour Travel And More"},"image":{"@id":"https:\/\/tourtravelandmore.com\/fr\/#\/schema\/logo\/image\/"},"sameAs":["https:\/\/www.facebook.com\/tourtravelandmore\/","https:\/\/x.com\/TourTravel_More"]}]}},"_links":{"self":[{"href":"https:\/\/tourtravelandmore.com\/fr\/wp-json\/wp\/v2\/product\/98885","targetHints":{"allow":["GET"]}}],"collection":[{"href":"https:\/\/tourtravelandmore.com\/fr\/wp-json\/wp\/v2\/product"}],"about":[{"href":"https:\/\/tourtravelandmore.com\/fr\/wp-json\/wp\/v2\/types\/product"}],"replies":[{"embeddable":true,"href":"https:\/\/tourtravelandmore.com\/fr\/wp-json\/wp\/v2\/comments?post=98885"}],"wp:featuredmedia":[{"embeddable":true,"href":"https:\/\/tourtravelandmore.com\/fr\/wp-json\/wp\/v2\/media\/93687"}],"wp:attachment":[{"href":"https:\/\/tourtravelandmore.com\/fr\/wp-json\/wp\/v2\/media?parent=98885"}],"wp:term":[{"taxonomy":"product_brand","embeddable":true,"href":"https:\/\/tourtravelandmore.com\/fr\/wp-json\/wp\/v2\/product_brand?post=98885"},{"taxonomy":"product_cat","embeddable":true,"href":"https:\/\/tourtravelandmore.com\/fr\/wp-json\/wp\/v2\/product_cat?post=98885"},{"taxonomy":"product_tag","embeddable":true,"href":"https:\/\/tourtravelandmore.com\/fr\/wp-json\/wp\/v2\/product_tag?post=98885"}],"curies":[{"name":"wp","href":"https:\/\/api.w.org\/{rel}","templated":true}]}}