{"id":98880,"date":"2016-08-26T10:15:17","date_gmt":"2016-08-26T08:15:17","guid":{"rendered":"https:\/\/tourtravelandmore.com\/tours\/non class\u00e9\/visite-privee-de-grenade-au-depart-de-cordoba\/"},"modified":"2016-08-26T10:15:17","modified_gmt":"2016-08-26T08:15:17","slug":"visite-privee-de-grenade-au-depart-de-cordoba","status":"publish","type":"product","link":"https:\/\/tourtravelandmore.com\/fr\/tours\/espagne-fr\/cordoba-fr\/visite-privee-de-grenade-au-depart-de-cordoba\/","title":{"rendered":"Visite priv\u00e9e de Grenade au d\u00e9part de Cordoba"},"content":{"rendered":"<h2>La description<\/h2>\n<p>Profitez de cette visite priv\u00e9e de Grenade au d\u00e9part de Cordoba. Apprenez \u00e0 conna\u00eetre l&#8217;Alhambra, la vieille ville de Grenade, les meilleurs quartiers de cette ville unique!<\/p>\n<p>Tout d&#8217;abord, nous organiserons une prise en charge confortable depuis votre h\u00f4tel ou lieu de votre choix \u00e0 Cordoba. Nous vous emm\u00e8nerons ensuite dans cette excursion priv\u00e9e pour d\u00e9couvrir Grenade. C&#8217;est le meilleur tour de Grenade au d\u00e9part de Cordoba pour en savoir plus sur les sites de Grenade!<\/p>\n<p>Ceci est une visite enti\u00e8rement personnalis\u00e9e rien que pour vous. Voici un exemple de certains des sites les plus importants pour vous donner une id\u00e9e, mais votre visite sera enti\u00e8rement personnalis\u00e9e pour r\u00e9pondre exactement \u00e0 vos besoins. Il s&#8217;agit d&#8217;une excellente visite priv\u00e9e de Grenade au d\u00e9part de Cordoba.<\/p>\n<h2>Sites d&#8217;int\u00e9r\u00eat et monuments<\/h2>\n<p>Lorsque nous quitterons Cordoba, vous repartirez confortablement avec notre v\u00e9hicule de luxe et notre chauffeur pour vous rendre \u00e0 Grenade. Profitez de Grenade, une ville situ\u00e9e au pied des montagnes de la Sierra Nevada. Quatre fleuves se rencontrent, le Beiro, le Darro, le Genil et le Monachil.<\/p>\n<p>\u00c0 Grenade, vous visiterez l&#8217;un des monuments les plus importants d&#8217;Espagne, l&#8217;Alhambra. Ceci est une citadelle mauresque et un palais. C&#8217;est le b\u00e2timent le plus renomm\u00e9 de l&#8217;h\u00e9ritage historique islamique andalou. Cela fait de Grenade une destination populaire parmi les touristes.<\/p>\n<p>Jetez un \u0153il \u00e0 ce que Granada a \u00e0 offrir:<\/p>\n<ul>\n<li>Alhambra (billets d&#8217;entr\u00e9e inclus). Ce sera une visite guid\u00e9e d&#8217;environ 3 heures de l&#8217;Alhambra. Cela comprendra la visite des palais nasrides, de La Medina, du Generalife, des jardins, des vues sur l&#8217;Alcazaba, le palais Carlos V et bien plus encore!<\/li>\n<li>Cath\u00e9drale du centre-ville<\/li>\n<li>Chapelle royale dans le centre-ville de Grenade<\/li>\n<li>Beaucoup plus!<\/li>\n<\/ul>\n<p>Vous pourrez ensuite profiter et admirer la grande architecture et les sites touristiques des monuments les plus importants et les plus connus de Grenade.<\/p>\n<p>Votre guide priv\u00e9 officiel sera \u00e0 votre enti\u00e8re disposition pendant 3 heures \u00e0 Grenade, o\u00f9 vous visiterez la fantastique Alhambra. Si vous souhaitez voir le centre-ville de Grenade, nous pouvons bien s\u00fbr ajouter le guide pour des heures suppl\u00e9mentaires.<\/p>\n<p>La visite a une dur\u00e9e de 9 heures entre le moment de la prise en charge et le moment du d\u00e9p\u00f4t \u00e0 Cordoba.<\/p>\n<p>Jetez un \u0153il \u00e0 nos visites priv\u00e9es de Cordoba!<\/p>\n","protected":false},"excerpt":{"rendered":"<p>Visite priv\u00e9e de Grenade au d\u00e9part de Cordoue. V\u00e9hicule de luxe priv\u00e9 avec chauffeur et guide s\u00e9par\u00e9 pendant 3 heures. Billets pour l&#8217;Alhambra inclus.<\/p>\n","protected":false},"featured_media":97183,"comment_status":"open","ping_status":"closed","template":"","meta":{"_acf_changed":false},"product_brand":[],"product_cat":[3569],"product_tag":[],"class_list":{"0":"post-98880","1":"product","2":"type-product","3":"status-publish","4":"has-post-thumbnail","6":"product_cat-cordoba-fr","8":"first","9":"instock","10":"shipping-taxable","11":"purchasable","12":"product-type-simple"},"acf":[],"yoast_head":"<!-- This site is optimized with the Yoast SEO Premium plugin v25.3.1 (Yoast SEO v25.3.1) - https:\/\/yoast.com\/wordpress\/plugins\/seo\/ -->\n<title>Visite priv\u00e9e de Grenade au d\u00e9part de Cordoba - Billets pour l&#039;Alhambra inclus<\/title>\n<meta name=\"description\" content=\"Visite priv\u00e9e de Grenade au d\u00e9part de Cordoba. V\u00e9hicule de luxe priv\u00e9 avec chauffeur et guide s\u00e9par\u00e9 pendant 3 heures. Billets pour l&#039;Alhambra inclus.\" \/>\n<meta name=\"robots\" content=\"index, follow, max-snippet:-1, max-image-preview:large, max-video-preview:-1\" \/>\n<link rel=\"canonical\" href=\"https:\/\/tourtravelandmore.com\/fr\/tours\/espagne-fr\/cordoba-fr\/visite-privee-de-grenade-au-depart-de-cordoba\/\" \/>\n<meta property=\"og:locale\" content=\"fr_FR\" \/>\n<meta property=\"og:type\" content=\"article\" \/>\n<meta property=\"og:title\" content=\"Visite priv\u00e9e de Grenade au d\u00e9part de Cordoba\" \/>\n<meta property=\"og:description\" content=\"Visite priv\u00e9e de Grenade au d\u00e9part de Cordoba. V\u00e9hicule de luxe priv\u00e9 avec chauffeur et guide s\u00e9par\u00e9 pendant 3 heures. Billets pour l&#039;Alhambra inclus.\" \/>\n<meta property=\"og:url\" content=\"https:\/\/tourtravelandmore.com\/fr\/tours\/espagne-fr\/cordoba-fr\/visite-privee-de-grenade-au-depart-de-cordoba\/\" \/>\n<meta property=\"og:site_name\" content=\"Tour Travel And More\" \/>\n<meta property=\"article:publisher\" content=\"https:\/\/www.facebook.com\/tourtravelandmore\/\" \/>\n<meta property=\"og:image\" content=\"https:\/\/tourtravelandmore.com\/wp-content\/uploads\/2020\/02\/slider-alhambra02-scaled.jpg\" \/>\n\t<meta property=\"og:image:width\" content=\"2560\" \/>\n\t<meta property=\"og:image:height\" content=\"1833\" \/>\n\t<meta property=\"og:image:type\" content=\"image\/jpeg\" \/>\n<meta name=\"twitter:card\" content=\"summary_large_image\" \/>\n<meta name=\"twitter:site\" content=\"@TourTravel_More\" \/>\n<meta name=\"twitter:label1\" content=\"Dur\u00e9e de lecture estim\u00e9e\" \/>\n\t<meta name=\"twitter:data1\" content=\"2 minutes\" \/>\n<script type=\"application\/ld+json\" class=\"yoast-schema-graph\">{\"@context\":\"https:\/\/schema.org\",\"@graph\":[{\"@type\":\"WebPage\",\"@id\":\"https:\/\/tourtravelandmore.com\/fr\/tours\/espagne-fr\/cordoba-fr\/visite-privee-de-grenade-au-depart-de-cordoba\/\",\"url\":\"https:\/\/tourtravelandmore.com\/fr\/tours\/espagne-fr\/cordoba-fr\/visite-privee-de-grenade-au-depart-de-cordoba\/\",\"name\":\"Visite priv\u00e9e de Grenade au d\u00e9part de Cordoba - Billets pour l'Alhambra inclus\",\"isPartOf\":{\"@id\":\"https:\/\/tourtravelandmore.com\/fr\/#website\"},\"primaryImageOfPage\":{\"@id\":\"https:\/\/tourtravelandmore.com\/fr\/tours\/espagne-fr\/cordoba-fr\/visite-privee-de-grenade-au-depart-de-cordoba\/#primaryimage\"},\"image\":{\"@id\":\"https:\/\/tourtravelandmore.com\/fr\/tours\/espagne-fr\/cordoba-fr\/visite-privee-de-grenade-au-depart-de-cordoba\/#primaryimage\"},\"thumbnailUrl\":\"https:\/\/tourtravelandmore.com\/wp-content\/uploads\/2020\/02\/slider-alhambra02-scaled.jpg\",\"datePublished\":\"2016-08-26T08:15:17+00:00\",\"description\":\"Visite priv\u00e9e de Grenade au d\u00e9part de Cordoba. V\u00e9hicule de luxe priv\u00e9 avec chauffeur et guide s\u00e9par\u00e9 pendant 3 heures. Billets pour l'Alhambra inclus.\",\"breadcrumb\":{\"@id\":\"https:\/\/tourtravelandmore.com\/fr\/tours\/espagne-fr\/cordoba-fr\/visite-privee-de-grenade-au-depart-de-cordoba\/#breadcrumb\"},\"inLanguage\":\"fr-FR\",\"potentialAction\":[{\"@type\":\"ReadAction\",\"target\":[\"https:\/\/tourtravelandmore.com\/fr\/tours\/espagne-fr\/cordoba-fr\/visite-privee-de-grenade-au-depart-de-cordoba\/\"]}]},{\"@type\":\"ImageObject\",\"inLanguage\":\"fr-FR\",\"@id\":\"https:\/\/tourtravelandmore.com\/fr\/tours\/espagne-fr\/cordoba-fr\/visite-privee-de-grenade-au-depart-de-cordoba\/#primaryimage\",\"url\":\"https:\/\/tourtravelandmore.com\/wp-content\/uploads\/2020\/02\/slider-alhambra02-scaled.jpg\",\"contentUrl\":\"https:\/\/tourtravelandmore.com\/wp-content\/uploads\/2020\/02\/slider-alhambra02-scaled.jpg\",\"width\":2560,\"height\":1833},{\"@type\":\"BreadcrumbList\",\"@id\":\"https:\/\/tourtravelandmore.com\/fr\/tours\/espagne-fr\/cordoba-fr\/visite-privee-de-grenade-au-depart-de-cordoba\/#breadcrumb\",\"itemListElement\":[{\"@type\":\"ListItem\",\"position\":1,\"name\":\"Home\",\"item\":\"https:\/\/tourtravelandmore.com\/fr\/\"},{\"@type\":\"ListItem\",\"position\":2,\"name\":\"Tours\",\"item\":\"https:\/\/tourtravelandmore.com\/fr\/tours\/\"},{\"@type\":\"ListItem\",\"position\":3,\"name\":\"Visite priv\u00e9e de Grenade au d\u00e9part de Cordoba\"}]},{\"@type\":\"WebSite\",\"@id\":\"https:\/\/tourtravelandmore.com\/fr\/#website\",\"url\":\"https:\/\/tourtravelandmore.com\/fr\/\",\"name\":\"Tour Travel And More\",\"description\":\"Private sightseeing tours and luxury transfers in Spain\",\"publisher\":{\"@id\":\"https:\/\/tourtravelandmore.com\/fr\/#organization\"},\"potentialAction\":[{\"@type\":\"SearchAction\",\"target\":{\"@type\":\"EntryPoint\",\"urlTemplate\":\"https:\/\/tourtravelandmore.com\/fr\/?s={search_term_string}\"},\"query-input\":{\"@type\":\"PropertyValueSpecification\",\"valueRequired\":true,\"valueName\":\"search_term_string\"}}],\"inLanguage\":\"fr-FR\"},{\"@type\":\"Organization\",\"@id\":\"https:\/\/tourtravelandmore.com\/fr\/#organization\",\"name\":\"Tour Travel And More\",\"url\":\"https:\/\/tourtravelandmore.com\/fr\/\",\"logo\":{\"@type\":\"ImageObject\",\"inLanguage\":\"fr-FR\",\"@id\":\"https:\/\/tourtravelandmore.com\/fr\/#\/schema\/logo\/image\/\",\"url\":\"https:\/\/tourtravelandmore.com\/wp-content\/uploads\/2022\/12\/cropped-logo-cabecera-new.png\",\"contentUrl\":\"https:\/\/tourtravelandmore.com\/wp-content\/uploads\/2022\/12\/cropped-logo-cabecera-new.png\",\"width\":430,\"height\":61,\"caption\":\"Tour Travel And More\"},\"image\":{\"@id\":\"https:\/\/tourtravelandmore.com\/fr\/#\/schema\/logo\/image\/\"},\"sameAs\":[\"https:\/\/www.facebook.com\/tourtravelandmore\/\",\"https:\/\/x.com\/TourTravel_More\"]}]}<\/script>\n<!-- \/ Yoast SEO Premium plugin. -->","yoast_head_json":{"title":"Visite priv\u00e9e de Grenade au d\u00e9part de Cordoba - Billets pour l'Alhambra inclus","description":"Visite priv\u00e9e de Grenade au d\u00e9part de Cordoba. V\u00e9hicule de luxe priv\u00e9 avec chauffeur et guide s\u00e9par\u00e9 pendant 3 heures. Billets pour l'Alhambra inclus.","robots":{"index":"index","follow":"follow","max-snippet":"max-snippet:-1","max-image-preview":"max-image-preview:large","max-video-preview":"max-video-preview:-1"},"canonical":"https:\/\/tourtravelandmore.com\/fr\/tours\/espagne-fr\/cordoba-fr\/visite-privee-de-grenade-au-depart-de-cordoba\/","og_locale":"fr_FR","og_type":"article","og_title":"Visite priv\u00e9e de Grenade au d\u00e9part de Cordoba","og_description":"Visite priv\u00e9e de Grenade au d\u00e9part de Cordoba. V\u00e9hicule de luxe priv\u00e9 avec chauffeur et guide s\u00e9par\u00e9 pendant 3 heures. Billets pour l'Alhambra inclus.","og_url":"https:\/\/tourtravelandmore.com\/fr\/tours\/espagne-fr\/cordoba-fr\/visite-privee-de-grenade-au-depart-de-cordoba\/","og_site_name":"Tour Travel And More","article_publisher":"https:\/\/www.facebook.com\/tourtravelandmore\/","og_image":[{"width":2560,"height":1833,"url":"https:\/\/tourtravelandmore.com\/wp-content\/uploads\/2020\/02\/slider-alhambra02-scaled.jpg","type":"image\/jpeg"}],"twitter_card":"summary_large_image","twitter_site":"@TourTravel_More","twitter_misc":{"Dur\u00e9e de lecture estim\u00e9e":"2 minutes"},"schema":{"@context":"https:\/\/schema.org","@graph":[{"@type":"WebPage","@id":"https:\/\/tourtravelandmore.com\/fr\/tours\/espagne-fr\/cordoba-fr\/visite-privee-de-grenade-au-depart-de-cordoba\/","url":"https:\/\/tourtravelandmore.com\/fr\/tours\/espagne-fr\/cordoba-fr\/visite-privee-de-grenade-au-depart-de-cordoba\/","name":"Visite priv\u00e9e de Grenade au d\u00e9part de Cordoba - Billets pour l'Alhambra inclus","isPartOf":{"@id":"https:\/\/tourtravelandmore.com\/fr\/#website"},"primaryImageOfPage":{"@id":"https:\/\/tourtravelandmore.com\/fr\/tours\/espagne-fr\/cordoba-fr\/visite-privee-de-grenade-au-depart-de-cordoba\/#primaryimage"},"image":{"@id":"https:\/\/tourtravelandmore.com\/fr\/tours\/espagne-fr\/cordoba-fr\/visite-privee-de-grenade-au-depart-de-cordoba\/#primaryimage"},"thumbnailUrl":"https:\/\/tourtravelandmore.com\/wp-content\/uploads\/2020\/02\/slider-alhambra02-scaled.jpg","datePublished":"2016-08-26T08:15:17+00:00","description":"Visite priv\u00e9e de Grenade au d\u00e9part de Cordoba. V\u00e9hicule de luxe priv\u00e9 avec chauffeur et guide s\u00e9par\u00e9 pendant 3 heures. Billets pour l'Alhambra inclus.","breadcrumb":{"@id":"https:\/\/tourtravelandmore.com\/fr\/tours\/espagne-fr\/cordoba-fr\/visite-privee-de-grenade-au-depart-de-cordoba\/#breadcrumb"},"inLanguage":"fr-FR","potentialAction":[{"@type":"ReadAction","target":["https:\/\/tourtravelandmore.com\/fr\/tours\/espagne-fr\/cordoba-fr\/visite-privee-de-grenade-au-depart-de-cordoba\/"]}]},{"@type":"ImageObject","inLanguage":"fr-FR","@id":"https:\/\/tourtravelandmore.com\/fr\/tours\/espagne-fr\/cordoba-fr\/visite-privee-de-grenade-au-depart-de-cordoba\/#primaryimage","url":"https:\/\/tourtravelandmore.com\/wp-content\/uploads\/2020\/02\/slider-alhambra02-scaled.jpg","contentUrl":"https:\/\/tourtravelandmore.com\/wp-content\/uploads\/2020\/02\/slider-alhambra02-scaled.jpg","width":2560,"height":1833},{"@type":"BreadcrumbList","@id":"https:\/\/tourtravelandmore.com\/fr\/tours\/espagne-fr\/cordoba-fr\/visite-privee-de-grenade-au-depart-de-cordoba\/#breadcrumb","itemListElement":[{"@type":"ListItem","position":1,"name":"Home","item":"https:\/\/tourtravelandmore.com\/fr\/"},{"@type":"ListItem","position":2,"name":"Tours","item":"https:\/\/tourtravelandmore.com\/fr\/tours\/"},{"@type":"ListItem","position":3,"name":"Visite priv\u00e9e de Grenade au d\u00e9part de Cordoba"}]},{"@type":"WebSite","@id":"https:\/\/tourtravelandmore.com\/fr\/#website","url":"https:\/\/tourtravelandmore.com\/fr\/","name":"Tour Travel And More","description":"Private sightseeing tours and luxury transfers in Spain","publisher":{"@id":"https:\/\/tourtravelandmore.com\/fr\/#organization"},"potentialAction":[{"@type":"SearchAction","target":{"@type":"EntryPoint","urlTemplate":"https:\/\/tourtravelandmore.com\/fr\/?s={search_term_string}"},"query-input":{"@type":"PropertyValueSpecification","valueRequired":true,"valueName":"search_term_string"}}],"inLanguage":"fr-FR"},{"@type":"Organization","@id":"https:\/\/tourtravelandmore.com\/fr\/#organization","name":"Tour Travel And More","url":"https:\/\/tourtravelandmore.com\/fr\/","logo":{"@type":"ImageObject","inLanguage":"fr-FR","@id":"https:\/\/tourtravelandmore.com\/fr\/#\/schema\/logo\/image\/","url":"https:\/\/tourtravelandmore.com\/wp-content\/uploads\/2022\/12\/cropped-logo-cabecera-new.png","contentUrl":"https:\/\/tourtravelandmore.com\/wp-content\/uploads\/2022\/12\/cropped-logo-cabecera-new.png","width":430,"height":61,"caption":"Tour Travel And More"},"image":{"@id":"https:\/\/tourtravelandmore.com\/fr\/#\/schema\/logo\/image\/"},"sameAs":["https:\/\/www.facebook.com\/tourtravelandmore\/","https:\/\/x.com\/TourTravel_More"]}]}},"_links":{"self":[{"href":"https:\/\/tourtravelandmore.com\/fr\/wp-json\/wp\/v2\/product\/98880","targetHints":{"allow":["GET"]}}],"collection":[{"href":"https:\/\/tourtravelandmore.com\/fr\/wp-json\/wp\/v2\/product"}],"about":[{"href":"https:\/\/tourtravelandmore.com\/fr\/wp-json\/wp\/v2\/types\/product"}],"replies":[{"embeddable":true,"href":"https:\/\/tourtravelandmore.com\/fr\/wp-json\/wp\/v2\/comments?post=98880"}],"wp:featuredmedia":[{"embeddable":true,"href":"https:\/\/tourtravelandmore.com\/fr\/wp-json\/wp\/v2\/media\/97183"}],"wp:attachment":[{"href":"https:\/\/tourtravelandmore.com\/fr\/wp-json\/wp\/v2\/media?parent=98880"}],"wp:term":[{"taxonomy":"product_brand","embeddable":true,"href":"https:\/\/tourtravelandmore.com\/fr\/wp-json\/wp\/v2\/product_brand?post=98880"},{"taxonomy":"product_cat","embeddable":true,"href":"https:\/\/tourtravelandmore.com\/fr\/wp-json\/wp\/v2\/product_cat?post=98880"},{"taxonomy":"product_tag","embeddable":true,"href":"https:\/\/tourtravelandmore.com\/fr\/wp-json\/wp\/v2\/product_tag?post=98880"}],"curies":[{"name":"wp","href":"https:\/\/api.w.org\/{rel}","templated":true}]}}