{"id":98860,"date":"2016-03-10T17:07:08","date_gmt":"2016-03-10T16:07:08","guid":{"rendered":"https:\/\/tourtravelandmore.com\/tours\/non class\u00e9\/visite-privee-a-pied-de-cordoue\/"},"modified":"2016-03-10T17:07:08","modified_gmt":"2016-03-10T16:07:08","slug":"visite-privee-a-pied-de-cordoue","status":"publish","type":"product","link":"https:\/\/tourtravelandmore.com\/fr\/tours\/espagne-fr\/cordoba-fr\/visite-privee-a-pied-de-cordoue\/","title":{"rendered":"Visite priv\u00e9e \u00e0 pied de Cordoue"},"content":{"rendered":"<h2>La description<\/h2>\n<p>Profitez de cette visite priv\u00e9e \u00e0 pied de Cordoue avec votre guide officiel. C\u2019est une excellente occasion de conna\u00eetre les sites les plus embl\u00e9matiques de Cordoue.<\/p>\n<p>Tout d&#8217;abord, cette visite priv\u00e9e \u00e0 pied de Cordoue d\u00e9butera \u00e0 partir d&#8217;un point de rencontre situ\u00e9 au centre de Cordoue. Si votre h\u00f4tel est situ\u00e9 au centre, nous pouvons organiser une prise en charge \u00e0 pied.<\/p>\n<p>Vous profiterez d&#8217;une visite \u00e0 pied des meilleurs sites de Cordoue. Soyez pr\u00eat avec des chaussures confortables pour profiter de la vieille ville unique de Cordoue. Nous inclurons les billets d&#8217;entr\u00e9e \u00e0 la mosqu\u00e9e \/ cath\u00e9drale ainsi qu&#8217;\u00e0 l&#8217;Alcazar pour une exp\u00e9rience compl\u00e8te.<\/p>\n<p>Cette visite priv\u00e9e \u00e0 pied de Cordoue se terminera au m\u00eame endroit que son point de d\u00e9part.<\/p>\n<h2>Sites d&#8217;int\u00e9r\u00eat et monuments<\/h2>\n<p>Profitez de Cordoue, la deuxi\u00e8me plus grande vieille ville d&#8217;Europe et la plus grande zone urbaine du monde d\u00e9clar\u00e9e patrimoine mondial par l&#8217;UNESCO.<\/p>\n<p>\u00c0 Cordoue, vous profiterez de l&#8217;un des monuments les plus importants de tout le monde islamique occidental, la Grande Mosqu\u00e9e de Cordoue. Construit avec un &#8220;Omeya&#8221;, gothique, Renaissance et baroque de l&#8217;architecture chr\u00e9tienne, c&#8217;est aujourd&#8217;hui la cath\u00e9drale de Cordoue.<\/p>\n<p>Nous vous aiderons \u00e0 organiser votre exp\u00e9rience totalement personnalis\u00e9e et unique \u00e0 Cordoue.<\/p>\n<p>Voici une liste des meilleurs sites de Cordoue:<\/p>\n<ul>\n<li>Grande mosqu\u00e9e de Cordoue (entr\u00e9e incluse): Il s&#8217;agit de la mosqu\u00e9e \/ cath\u00e9drale de Cordoue. Une merveille culturelle unique. C&#8217;est l&#8217;un des monuments les plus embl\u00e9matiques et uniques au monde. Profitez des belles 850 colonnes ainsi que de superbes photos.<\/li>\n<li>Patio de los Naranjos: Entr\u00e9e principale de la mosqu\u00e9e \/ cath\u00e9drale.<\/li>\n<li>Pont romain: il traverse le Guadalquivir<\/li>\n<li>Tour de la Calahorra: fortification mauresque.<\/li>\n<li>Patios c\u00e9l\u00e8bres de Cordoue<\/li>\n<li>Temple romain<\/li>\n<li>Centre historique de la ville<\/li>\n<li>Alcazar royal (entr\u00e9e incluse): Un complexe royal unique quartier juif<\/li>\n<li>Synagogue (entr\u00e9e incluse)<\/li>\n<li>Murs romains<\/li>\n<li>Beaucoup plus!<\/li>\n<\/ul>\n<p>Vous d\u00e9couvrirez la vieille ville de Cordoue avec votre guide officiel priv\u00e9. Vous pourrez ensuite profiter et admirer la grande architecture et les sites touristiques des monuments les plus importants et les plus connus de Cordoue.<\/p>\n<p>Ayez la chance de personnaliser cette visite et de prendre des photos impressionnantes quand vous le souhaitez. Il s&#8217;agit d&#8217;une visite unique enti\u00e8rement personnalis\u00e9e pour vous et votre groupe.<\/p>\n<p>Enfin, cette visite priv\u00e9e a une dur\u00e9e de 3 heures entre le moment de la prise en charge et le moment du d\u00e9p\u00f4t.<\/p>\n<p>En conclusion, c&#8217;est une fa\u00e7on unique de profiter des meilleures parties de Cordoue. Cordoue est une ville unique et d\u00e9couvrez nos autres visites priv\u00e9es au d\u00e9part de Cordoue.<\/p>\n","protected":false},"excerpt":{"rendered":"<p>Une incroyable visite priv\u00e9e \u00e0 pied de Cordoue. Apprenez \u00e0 conna\u00eetre Cordoue dans cette exp\u00e9rience avec votre propre guide officiel priv\u00e9. Nous incluons les billets d&#8217;entr\u00e9e \u00e0 la mosqu\u00e9e \/ cath\u00e9drale et \u00e0 l&#8217;Alcazar.<\/p>\n","protected":false},"featured_media":94617,"comment_status":"open","ping_status":"closed","template":"","meta":{"_acf_changed":false},"product_brand":[],"product_cat":[3569],"product_tag":[],"class_list":{"0":"post-98860","1":"product","2":"type-product","3":"status-publish","4":"has-post-thumbnail","6":"product_cat-cordoba-fr","8":"first","9":"instock","10":"shipping-taxable","11":"purchasable","12":"product-type-simple"},"acf":[],"yoast_head":"<!-- This site is optimized with the Yoast SEO Premium plugin v25.3.1 (Yoast SEO v25.3.1) - https:\/\/yoast.com\/wordpress\/plugins\/seo\/ -->\n<title>Visite priv\u00e9e \u00e0 pied de Cordoue - Guide touristique officiel priv\u00e9<\/title>\n<meta name=\"description\" content=\"Visite priv\u00e9e \u00e0 pied de Cordoue. Connaissez Cordoue dans cette exp\u00e9rience avec votre propre guide officiel priv\u00e9. Mosqu\u00e9e \/ cath\u00e9drale et Alcazar inclus.\" \/>\n<meta name=\"robots\" content=\"index, follow, max-snippet:-1, max-image-preview:large, max-video-preview:-1\" \/>\n<link rel=\"canonical\" href=\"https:\/\/tourtravelandmore.com\/fr\/tours\/espagne-fr\/cordoba-fr\/visite-privee-a-pied-de-cordoue\/\" \/>\n<meta property=\"og:locale\" content=\"fr_FR\" \/>\n<meta property=\"og:type\" content=\"article\" \/>\n<meta property=\"og:title\" content=\"Visite priv\u00e9e \u00e0 pied de Cordoue\" \/>\n<meta property=\"og:description\" content=\"Visite priv\u00e9e \u00e0 pied de Cordoue. Connaissez Cordoue dans cette exp\u00e9rience avec votre propre guide officiel priv\u00e9. Mosqu\u00e9e \/ cath\u00e9drale et Alcazar inclus.\" \/>\n<meta property=\"og:url\" content=\"https:\/\/tourtravelandmore.com\/fr\/tours\/espagne-fr\/cordoba-fr\/visite-privee-a-pied-de-cordoue\/\" \/>\n<meta property=\"og:site_name\" content=\"Tour Travel And More\" \/>\n<meta property=\"article:publisher\" content=\"https:\/\/www.facebook.com\/tourtravelandmore\/\" \/>\n<meta property=\"og:image\" content=\"https:\/\/tourtravelandmore.com\/wp-content\/uploads\/2016\/03\/alcazar-cordoba-scaled.jpg\" \/>\n\t<meta property=\"og:image:width\" content=\"4244\" \/>\n\t<meta property=\"og:image:height\" content=\"2794\" \/>\n\t<meta property=\"og:image:type\" content=\"image\/jpeg\" \/>\n<meta name=\"twitter:card\" content=\"summary_large_image\" \/>\n<meta name=\"twitter:site\" content=\"@TourTravel_More\" \/>\n<meta name=\"twitter:label1\" content=\"Dur\u00e9e de lecture estim\u00e9e\" \/>\n\t<meta name=\"twitter:data1\" content=\"2 minutes\" \/>\n<script type=\"application\/ld+json\" class=\"yoast-schema-graph\">{\"@context\":\"https:\/\/schema.org\",\"@graph\":[{\"@type\":\"WebPage\",\"@id\":\"https:\/\/tourtravelandmore.com\/fr\/tours\/espagne-fr\/cordoba-fr\/visite-privee-a-pied-de-cordoue\/\",\"url\":\"https:\/\/tourtravelandmore.com\/fr\/tours\/espagne-fr\/cordoba-fr\/visite-privee-a-pied-de-cordoue\/\",\"name\":\"Visite priv\u00e9e \u00e0 pied de Cordoue - Guide touristique officiel priv\u00e9\",\"isPartOf\":{\"@id\":\"https:\/\/tourtravelandmore.com\/fr\/#website\"},\"primaryImageOfPage\":{\"@id\":\"https:\/\/tourtravelandmore.com\/fr\/tours\/espagne-fr\/cordoba-fr\/visite-privee-a-pied-de-cordoue\/#primaryimage\"},\"image\":{\"@id\":\"https:\/\/tourtravelandmore.com\/fr\/tours\/espagne-fr\/cordoba-fr\/visite-privee-a-pied-de-cordoue\/#primaryimage\"},\"thumbnailUrl\":\"https:\/\/tourtravelandmore.com\/wp-content\/uploads\/2016\/03\/alcazar-cordoba-scaled.jpg\",\"datePublished\":\"2016-03-10T16:07:08+00:00\",\"description\":\"Visite priv\u00e9e \u00e0 pied de Cordoue. Connaissez Cordoue dans cette exp\u00e9rience avec votre propre guide officiel priv\u00e9. Mosqu\u00e9e \/ cath\u00e9drale et Alcazar inclus.\",\"breadcrumb\":{\"@id\":\"https:\/\/tourtravelandmore.com\/fr\/tours\/espagne-fr\/cordoba-fr\/visite-privee-a-pied-de-cordoue\/#breadcrumb\"},\"inLanguage\":\"fr-FR\",\"potentialAction\":[{\"@type\":\"ReadAction\",\"target\":[\"https:\/\/tourtravelandmore.com\/fr\/tours\/espagne-fr\/cordoba-fr\/visite-privee-a-pied-de-cordoue\/\"]}]},{\"@type\":\"ImageObject\",\"inLanguage\":\"fr-FR\",\"@id\":\"https:\/\/tourtravelandmore.com\/fr\/tours\/espagne-fr\/cordoba-fr\/visite-privee-a-pied-de-cordoue\/#primaryimage\",\"url\":\"https:\/\/tourtravelandmore.com\/wp-content\/uploads\/2016\/03\/alcazar-cordoba-scaled.jpg\",\"contentUrl\":\"https:\/\/tourtravelandmore.com\/wp-content\/uploads\/2016\/03\/alcazar-cordoba-scaled.jpg\",\"width\":4244,\"height\":2794},{\"@type\":\"BreadcrumbList\",\"@id\":\"https:\/\/tourtravelandmore.com\/fr\/tours\/espagne-fr\/cordoba-fr\/visite-privee-a-pied-de-cordoue\/#breadcrumb\",\"itemListElement\":[{\"@type\":\"ListItem\",\"position\":1,\"name\":\"Home\",\"item\":\"https:\/\/tourtravelandmore.com\/fr\/\"},{\"@type\":\"ListItem\",\"position\":2,\"name\":\"Tours\",\"item\":\"https:\/\/tourtravelandmore.com\/fr\/tours\/\"},{\"@type\":\"ListItem\",\"position\":3,\"name\":\"Visite priv\u00e9e \u00e0 pied de Cordoue\"}]},{\"@type\":\"WebSite\",\"@id\":\"https:\/\/tourtravelandmore.com\/fr\/#website\",\"url\":\"https:\/\/tourtravelandmore.com\/fr\/\",\"name\":\"Tour Travel And More\",\"description\":\"Private sightseeing tours and luxury transfers in Spain\",\"publisher\":{\"@id\":\"https:\/\/tourtravelandmore.com\/fr\/#organization\"},\"potentialAction\":[{\"@type\":\"SearchAction\",\"target\":{\"@type\":\"EntryPoint\",\"urlTemplate\":\"https:\/\/tourtravelandmore.com\/fr\/?s={search_term_string}\"},\"query-input\":{\"@type\":\"PropertyValueSpecification\",\"valueRequired\":true,\"valueName\":\"search_term_string\"}}],\"inLanguage\":\"fr-FR\"},{\"@type\":\"Organization\",\"@id\":\"https:\/\/tourtravelandmore.com\/fr\/#organization\",\"name\":\"Tour Travel And More\",\"url\":\"https:\/\/tourtravelandmore.com\/fr\/\",\"logo\":{\"@type\":\"ImageObject\",\"inLanguage\":\"fr-FR\",\"@id\":\"https:\/\/tourtravelandmore.com\/fr\/#\/schema\/logo\/image\/\",\"url\":\"https:\/\/tourtravelandmore.com\/wp-content\/uploads\/2022\/12\/cropped-logo-cabecera-new.png\",\"contentUrl\":\"https:\/\/tourtravelandmore.com\/wp-content\/uploads\/2022\/12\/cropped-logo-cabecera-new.png\",\"width\":430,\"height\":61,\"caption\":\"Tour Travel And More\"},\"image\":{\"@id\":\"https:\/\/tourtravelandmore.com\/fr\/#\/schema\/logo\/image\/\"},\"sameAs\":[\"https:\/\/www.facebook.com\/tourtravelandmore\/\",\"https:\/\/x.com\/TourTravel_More\"]}]}<\/script>\n<!-- \/ Yoast SEO Premium plugin. -->","yoast_head_json":{"title":"Visite priv\u00e9e \u00e0 pied de Cordoue - Guide touristique officiel priv\u00e9","description":"Visite priv\u00e9e \u00e0 pied de Cordoue. Connaissez Cordoue dans cette exp\u00e9rience avec votre propre guide officiel priv\u00e9. Mosqu\u00e9e \/ cath\u00e9drale et Alcazar inclus.","robots":{"index":"index","follow":"follow","max-snippet":"max-snippet:-1","max-image-preview":"max-image-preview:large","max-video-preview":"max-video-preview:-1"},"canonical":"https:\/\/tourtravelandmore.com\/fr\/tours\/espagne-fr\/cordoba-fr\/visite-privee-a-pied-de-cordoue\/","og_locale":"fr_FR","og_type":"article","og_title":"Visite priv\u00e9e \u00e0 pied de Cordoue","og_description":"Visite priv\u00e9e \u00e0 pied de Cordoue. Connaissez Cordoue dans cette exp\u00e9rience avec votre propre guide officiel priv\u00e9. Mosqu\u00e9e \/ cath\u00e9drale et Alcazar inclus.","og_url":"https:\/\/tourtravelandmore.com\/fr\/tours\/espagne-fr\/cordoba-fr\/visite-privee-a-pied-de-cordoue\/","og_site_name":"Tour Travel And More","article_publisher":"https:\/\/www.facebook.com\/tourtravelandmore\/","og_image":[{"width":4244,"height":2794,"url":"https:\/\/tourtravelandmore.com\/wp-content\/uploads\/2016\/03\/alcazar-cordoba-scaled.jpg","type":"image\/jpeg"}],"twitter_card":"summary_large_image","twitter_site":"@TourTravel_More","twitter_misc":{"Dur\u00e9e de lecture estim\u00e9e":"2 minutes"},"schema":{"@context":"https:\/\/schema.org","@graph":[{"@type":"WebPage","@id":"https:\/\/tourtravelandmore.com\/fr\/tours\/espagne-fr\/cordoba-fr\/visite-privee-a-pied-de-cordoue\/","url":"https:\/\/tourtravelandmore.com\/fr\/tours\/espagne-fr\/cordoba-fr\/visite-privee-a-pied-de-cordoue\/","name":"Visite priv\u00e9e \u00e0 pied de Cordoue - Guide touristique officiel priv\u00e9","isPartOf":{"@id":"https:\/\/tourtravelandmore.com\/fr\/#website"},"primaryImageOfPage":{"@id":"https:\/\/tourtravelandmore.com\/fr\/tours\/espagne-fr\/cordoba-fr\/visite-privee-a-pied-de-cordoue\/#primaryimage"},"image":{"@id":"https:\/\/tourtravelandmore.com\/fr\/tours\/espagne-fr\/cordoba-fr\/visite-privee-a-pied-de-cordoue\/#primaryimage"},"thumbnailUrl":"https:\/\/tourtravelandmore.com\/wp-content\/uploads\/2016\/03\/alcazar-cordoba-scaled.jpg","datePublished":"2016-03-10T16:07:08+00:00","description":"Visite priv\u00e9e \u00e0 pied de Cordoue. Connaissez Cordoue dans cette exp\u00e9rience avec votre propre guide officiel priv\u00e9. Mosqu\u00e9e \/ cath\u00e9drale et Alcazar inclus.","breadcrumb":{"@id":"https:\/\/tourtravelandmore.com\/fr\/tours\/espagne-fr\/cordoba-fr\/visite-privee-a-pied-de-cordoue\/#breadcrumb"},"inLanguage":"fr-FR","potentialAction":[{"@type":"ReadAction","target":["https:\/\/tourtravelandmore.com\/fr\/tours\/espagne-fr\/cordoba-fr\/visite-privee-a-pied-de-cordoue\/"]}]},{"@type":"ImageObject","inLanguage":"fr-FR","@id":"https:\/\/tourtravelandmore.com\/fr\/tours\/espagne-fr\/cordoba-fr\/visite-privee-a-pied-de-cordoue\/#primaryimage","url":"https:\/\/tourtravelandmore.com\/wp-content\/uploads\/2016\/03\/alcazar-cordoba-scaled.jpg","contentUrl":"https:\/\/tourtravelandmore.com\/wp-content\/uploads\/2016\/03\/alcazar-cordoba-scaled.jpg","width":4244,"height":2794},{"@type":"BreadcrumbList","@id":"https:\/\/tourtravelandmore.com\/fr\/tours\/espagne-fr\/cordoba-fr\/visite-privee-a-pied-de-cordoue\/#breadcrumb","itemListElement":[{"@type":"ListItem","position":1,"name":"Home","item":"https:\/\/tourtravelandmore.com\/fr\/"},{"@type":"ListItem","position":2,"name":"Tours","item":"https:\/\/tourtravelandmore.com\/fr\/tours\/"},{"@type":"ListItem","position":3,"name":"Visite priv\u00e9e \u00e0 pied de Cordoue"}]},{"@type":"WebSite","@id":"https:\/\/tourtravelandmore.com\/fr\/#website","url":"https:\/\/tourtravelandmore.com\/fr\/","name":"Tour Travel And More","description":"Private sightseeing tours and luxury transfers in Spain","publisher":{"@id":"https:\/\/tourtravelandmore.com\/fr\/#organization"},"potentialAction":[{"@type":"SearchAction","target":{"@type":"EntryPoint","urlTemplate":"https:\/\/tourtravelandmore.com\/fr\/?s={search_term_string}"},"query-input":{"@type":"PropertyValueSpecification","valueRequired":true,"valueName":"search_term_string"}}],"inLanguage":"fr-FR"},{"@type":"Organization","@id":"https:\/\/tourtravelandmore.com\/fr\/#organization","name":"Tour Travel And More","url":"https:\/\/tourtravelandmore.com\/fr\/","logo":{"@type":"ImageObject","inLanguage":"fr-FR","@id":"https:\/\/tourtravelandmore.com\/fr\/#\/schema\/logo\/image\/","url":"https:\/\/tourtravelandmore.com\/wp-content\/uploads\/2022\/12\/cropped-logo-cabecera-new.png","contentUrl":"https:\/\/tourtravelandmore.com\/wp-content\/uploads\/2022\/12\/cropped-logo-cabecera-new.png","width":430,"height":61,"caption":"Tour Travel And More"},"image":{"@id":"https:\/\/tourtravelandmore.com\/fr\/#\/schema\/logo\/image\/"},"sameAs":["https:\/\/www.facebook.com\/tourtravelandmore\/","https:\/\/x.com\/TourTravel_More"]}]}},"_links":{"self":[{"href":"https:\/\/tourtravelandmore.com\/fr\/wp-json\/wp\/v2\/product\/98860","targetHints":{"allow":["GET"]}}],"collection":[{"href":"https:\/\/tourtravelandmore.com\/fr\/wp-json\/wp\/v2\/product"}],"about":[{"href":"https:\/\/tourtravelandmore.com\/fr\/wp-json\/wp\/v2\/types\/product"}],"replies":[{"embeddable":true,"href":"https:\/\/tourtravelandmore.com\/fr\/wp-json\/wp\/v2\/comments?post=98860"}],"wp:featuredmedia":[{"embeddable":true,"href":"https:\/\/tourtravelandmore.com\/fr\/wp-json\/wp\/v2\/media\/94617"}],"wp:attachment":[{"href":"https:\/\/tourtravelandmore.com\/fr\/wp-json\/wp\/v2\/media?parent=98860"}],"wp:term":[{"taxonomy":"product_brand","embeddable":true,"href":"https:\/\/tourtravelandmore.com\/fr\/wp-json\/wp\/v2\/product_brand?post=98860"},{"taxonomy":"product_cat","embeddable":true,"href":"https:\/\/tourtravelandmore.com\/fr\/wp-json\/wp\/v2\/product_cat?post=98860"},{"taxonomy":"product_tag","embeddable":true,"href":"https:\/\/tourtravelandmore.com\/fr\/wp-json\/wp\/v2\/product_tag?post=98860"}],"curies":[{"name":"wp","href":"https:\/\/api.w.org\/{rel}","templated":true}]}}