{"id":98850,"date":"2016-03-10T11:38:43","date_gmt":"2016-03-10T10:38:43","guid":{"rendered":"https:\/\/tourtravelandmore.com\/tours\/non class\u00e9\/visite-privee-de-medina-azahara-au-depart-de-cordoue\/"},"modified":"2016-03-10T11:38:43","modified_gmt":"2016-03-10T10:38:43","slug":"visite-privee-de-medina-azahara-au-depart-de-cordoue","status":"publish","type":"product","link":"https:\/\/tourtravelandmore.com\/fr\/tours\/espagne-fr\/cordoba-fr\/visite-privee-de-medina-azahara-au-depart-de-cordoue\/","title":{"rendered":"Visite priv\u00e9e de Medina Azahara au d\u00e9part de Cordoue"},"content":{"rendered":"<h2>La description<\/h2>\n<p>Profitez de cette visite priv\u00e9e de Medina Azahara au d\u00e9part de Cordoue avec votre guide officiel et d\u00e9couvrez Medina Azahara. Medina Azahara, un site arch\u00e9ologique magnifique construit en 9 apr\u00e8s JC.<\/p>\n<p>Tout d&#8217;abord, nous viendrons vous chercher \u00e0 votre h\u00f4tel ou lieu de votre choix \u00e0 Cordoue. Nous vous emmenons dans cette visite priv\u00e9e pour d\u00e9couvrir Medina Azahara.<\/p>\n<p>Deuxi\u00e8mement, une fois que nous sommes venus vous chercher, nous continuerons vers Medina Azahara. A Medina Azahara, profitez de cette ville maure qui se trouve \u00e0 l&#8217;ouest de Cordoue.<\/p>\n<p>Dans le pass\u00e9, c&#8217;\u00e9tait la capitale du califat. Laissez votre guide officiel priv\u00e9 vous montrer les parties uniques de Medina Azahara.<\/p>\n<h2>Sites d&#8217;int\u00e9r\u00eat et monuments<\/h2>\n<p>Construit sur la cha\u00eene de montagnes de Cordoue, Medina Azahara est l&#8217;un des sites arch\u00e9ologiques les plus importants d&#8217;Espagne. Profitez de cette visite priv\u00e9e de Medina Azahara au d\u00e9part de Cordoue. C&#8217;\u00e9tait l&#8217;id\u00e9e du premier calife de Cordoue, Abd al-Rahman III.<\/p>\n<p>Destin\u00e9 \u00e0 \u00eatre le quartier g\u00e9n\u00e9ral du califat et la r\u00e9sidence du calife, cet endroit magnifique n&#8217;est pas seulement un palais mais une ville.<\/p>\n<p>La valeur artistique que cet endroit a de nos jours est tr\u00e8s \u00e9lev\u00e9e, car c&#8217;est l&#8217;un des seuls monuments hispano-musulmans qui n&#8217;a pas \u00e9t\u00e9 chang\u00e9 depuis son b\u00e2timent d&#8217;origine au 9\u00e8me si\u00e8cle.<\/p>\n<p>Vous pourrez ensuite profiter et admirer la grande architecture et les sites touristiques de Medina Azahara avec votre guide officiel priv\u00e9. Votre guide officiel vous racontera l&#8217;histoire et les secrets de ce lieu magique.<\/p>\n<p>Votre guide priv\u00e9 officiel et votre v\u00e9hicule de luxe priv\u00e9 avec chauffeur sont \u00e0 votre disposition pendant toute la dur\u00e9e du circuit. Profitez au maximum de Medina Azahara et tirez le meilleur parti de votre exp\u00e9rience \u00e0 Cordoue.<\/p>\n<p>Enfin, une fois la visite termin\u00e9e, votre guide priv\u00e9 officiel et chauffeur avec v\u00e9hicule vous ram\u00e8nera \u00e0 votre h\u00f4tel ou lieu de votre choix dans la ville de Cordoue.<\/p>\n<p>Si vous \u00eates int\u00e9ress\u00e9, nous pouvons \u00e9galement organiser une visite priv\u00e9e de la vieille ville de Cordoue. Vous pouvez \u00e9galement profiter de visites priv\u00e9es \u00e0 l&#8217;int\u00e9rieur des meilleurs monuments de Cordoue. D\u00e9couvrez les visites ici!<\/p>\n","protected":false},"excerpt":{"rendered":"<p>Visite priv\u00e9e de Medina Azahara depuis Cordoue. V\u00e9hicule de luxe priv\u00e9 avec chauffeur et guide s\u00e9par\u00e9. Billets pour Medina Azahara inclus.<\/p>\n","protected":false},"featured_media":94629,"comment_status":"open","ping_status":"closed","template":"","meta":{"_acf_changed":false},"product_brand":[],"product_cat":[3569],"product_tag":[],"class_list":{"0":"post-98850","1":"product","2":"type-product","3":"status-publish","4":"has-post-thumbnail","6":"product_cat-cordoba-fr","8":"first","9":"instock","10":"shipping-taxable","11":"purchasable","12":"product-type-simple"},"acf":[],"yoast_head":"<!-- This site is optimized with the Yoast SEO Premium plugin v25.3.1 (Yoast SEO v25.3.1) - https:\/\/yoast.com\/wordpress\/plugins\/seo\/ -->\n<title>Visite priv\u00e9e de Medina Azahara au d\u00e9part de Cordoue - Guide touristique officiel priv\u00e9<\/title>\n<meta name=\"description\" content=\"Visite priv\u00e9e de Medina Azahara depuis Cordoue. V\u00e9hicule de luxe priv\u00e9 avec chauffeur et guide s\u00e9par\u00e9. Billets pour Medina Azahara inclus.\" \/>\n<meta name=\"robots\" content=\"index, follow, max-snippet:-1, max-image-preview:large, max-video-preview:-1\" \/>\n<link rel=\"canonical\" href=\"https:\/\/tourtravelandmore.com\/fr\/tours\/espagne-fr\/cordoba-fr\/visite-privee-de-medina-azahara-au-depart-de-cordoue\/\" \/>\n<meta property=\"og:locale\" content=\"fr_FR\" \/>\n<meta property=\"og:type\" content=\"article\" \/>\n<meta property=\"og:title\" content=\"Visite priv\u00e9e de Medina Azahara au d\u00e9part de Cordoue\" \/>\n<meta property=\"og:description\" content=\"Visite priv\u00e9e de Medina Azahara depuis Cordoue. V\u00e9hicule de luxe priv\u00e9 avec chauffeur et guide s\u00e9par\u00e9. Billets pour Medina Azahara inclus.\" \/>\n<meta property=\"og:url\" content=\"https:\/\/tourtravelandmore.com\/fr\/tours\/espagne-fr\/cordoba-fr\/visite-privee-de-medina-azahara-au-depart-de-cordoue\/\" \/>\n<meta property=\"og:site_name\" content=\"Tour Travel And More\" \/>\n<meta property=\"article:publisher\" content=\"https:\/\/www.facebook.com\/tourtravelandmore\/\" \/>\n<meta property=\"og:image\" content=\"https:\/\/tourtravelandmore.com\/wp-content\/uploads\/2016\/03\/Medina_Azahara_15662995312.jpg\" \/>\n\t<meta property=\"og:image:width\" content=\"1024\" \/>\n\t<meta property=\"og:image:height\" content=\"683\" \/>\n\t<meta property=\"og:image:type\" content=\"image\/jpeg\" \/>\n<meta name=\"twitter:card\" content=\"summary_large_image\" \/>\n<meta name=\"twitter:site\" content=\"@TourTravel_More\" \/>\n<meta name=\"twitter:label1\" content=\"Dur\u00e9e de lecture estim\u00e9e\" \/>\n\t<meta name=\"twitter:data1\" content=\"2 minutes\" \/>\n<script type=\"application\/ld+json\" class=\"yoast-schema-graph\">{\"@context\":\"https:\/\/schema.org\",\"@graph\":[{\"@type\":\"WebPage\",\"@id\":\"https:\/\/tourtravelandmore.com\/fr\/tours\/espagne-fr\/cordoba-fr\/visite-privee-de-medina-azahara-au-depart-de-cordoue\/\",\"url\":\"https:\/\/tourtravelandmore.com\/fr\/tours\/espagne-fr\/cordoba-fr\/visite-privee-de-medina-azahara-au-depart-de-cordoue\/\",\"name\":\"Visite priv\u00e9e de Medina Azahara au d\u00e9part de Cordoue - Guide touristique officiel priv\u00e9\",\"isPartOf\":{\"@id\":\"https:\/\/tourtravelandmore.com\/fr\/#website\"},\"primaryImageOfPage\":{\"@id\":\"https:\/\/tourtravelandmore.com\/fr\/tours\/espagne-fr\/cordoba-fr\/visite-privee-de-medina-azahara-au-depart-de-cordoue\/#primaryimage\"},\"image\":{\"@id\":\"https:\/\/tourtravelandmore.com\/fr\/tours\/espagne-fr\/cordoba-fr\/visite-privee-de-medina-azahara-au-depart-de-cordoue\/#primaryimage\"},\"thumbnailUrl\":\"https:\/\/tourtravelandmore.com\/wp-content\/uploads\/2016\/03\/Medina_Azahara_15662995312.jpg\",\"datePublished\":\"2016-03-10T10:38:43+00:00\",\"description\":\"Visite priv\u00e9e de Medina Azahara depuis Cordoue. V\u00e9hicule de luxe priv\u00e9 avec chauffeur et guide s\u00e9par\u00e9. Billets pour Medina Azahara inclus.\",\"breadcrumb\":{\"@id\":\"https:\/\/tourtravelandmore.com\/fr\/tours\/espagne-fr\/cordoba-fr\/visite-privee-de-medina-azahara-au-depart-de-cordoue\/#breadcrumb\"},\"inLanguage\":\"fr-FR\",\"potentialAction\":[{\"@type\":\"ReadAction\",\"target\":[\"https:\/\/tourtravelandmore.com\/fr\/tours\/espagne-fr\/cordoba-fr\/visite-privee-de-medina-azahara-au-depart-de-cordoue\/\"]}]},{\"@type\":\"ImageObject\",\"inLanguage\":\"fr-FR\",\"@id\":\"https:\/\/tourtravelandmore.com\/fr\/tours\/espagne-fr\/cordoba-fr\/visite-privee-de-medina-azahara-au-depart-de-cordoue\/#primaryimage\",\"url\":\"https:\/\/tourtravelandmore.com\/wp-content\/uploads\/2016\/03\/Medina_Azahara_15662995312.jpg\",\"contentUrl\":\"https:\/\/tourtravelandmore.com\/wp-content\/uploads\/2016\/03\/Medina_Azahara_15662995312.jpg\",\"width\":2592,\"height\":1728},{\"@type\":\"BreadcrumbList\",\"@id\":\"https:\/\/tourtravelandmore.com\/fr\/tours\/espagne-fr\/cordoba-fr\/visite-privee-de-medina-azahara-au-depart-de-cordoue\/#breadcrumb\",\"itemListElement\":[{\"@type\":\"ListItem\",\"position\":1,\"name\":\"Home\",\"item\":\"https:\/\/tourtravelandmore.com\/fr\/\"},{\"@type\":\"ListItem\",\"position\":2,\"name\":\"Tours\",\"item\":\"https:\/\/tourtravelandmore.com\/fr\/tours\/\"},{\"@type\":\"ListItem\",\"position\":3,\"name\":\"Visite priv\u00e9e de Medina Azahara au d\u00e9part de Cordoue\"}]},{\"@type\":\"WebSite\",\"@id\":\"https:\/\/tourtravelandmore.com\/fr\/#website\",\"url\":\"https:\/\/tourtravelandmore.com\/fr\/\",\"name\":\"Tour Travel And More\",\"description\":\"Private sightseeing tours and luxury transfers in Spain\",\"publisher\":{\"@id\":\"https:\/\/tourtravelandmore.com\/fr\/#organization\"},\"potentialAction\":[{\"@type\":\"SearchAction\",\"target\":{\"@type\":\"EntryPoint\",\"urlTemplate\":\"https:\/\/tourtravelandmore.com\/fr\/?s={search_term_string}\"},\"query-input\":{\"@type\":\"PropertyValueSpecification\",\"valueRequired\":true,\"valueName\":\"search_term_string\"}}],\"inLanguage\":\"fr-FR\"},{\"@type\":\"Organization\",\"@id\":\"https:\/\/tourtravelandmore.com\/fr\/#organization\",\"name\":\"Tour Travel And More\",\"url\":\"https:\/\/tourtravelandmore.com\/fr\/\",\"logo\":{\"@type\":\"ImageObject\",\"inLanguage\":\"fr-FR\",\"@id\":\"https:\/\/tourtravelandmore.com\/fr\/#\/schema\/logo\/image\/\",\"url\":\"https:\/\/tourtravelandmore.com\/wp-content\/uploads\/2022\/12\/cropped-logo-cabecera-new.png\",\"contentUrl\":\"https:\/\/tourtravelandmore.com\/wp-content\/uploads\/2022\/12\/cropped-logo-cabecera-new.png\",\"width\":430,\"height\":61,\"caption\":\"Tour Travel And More\"},\"image\":{\"@id\":\"https:\/\/tourtravelandmore.com\/fr\/#\/schema\/logo\/image\/\"},\"sameAs\":[\"https:\/\/www.facebook.com\/tourtravelandmore\/\",\"https:\/\/x.com\/TourTravel_More\"]}]}<\/script>\n<!-- \/ Yoast SEO Premium plugin. -->","yoast_head_json":{"title":"Visite priv\u00e9e de Medina Azahara au d\u00e9part de Cordoue - Guide touristique officiel priv\u00e9","description":"Visite priv\u00e9e de Medina Azahara depuis Cordoue. V\u00e9hicule de luxe priv\u00e9 avec chauffeur et guide s\u00e9par\u00e9. Billets pour Medina Azahara inclus.","robots":{"index":"index","follow":"follow","max-snippet":"max-snippet:-1","max-image-preview":"max-image-preview:large","max-video-preview":"max-video-preview:-1"},"canonical":"https:\/\/tourtravelandmore.com\/fr\/tours\/espagne-fr\/cordoba-fr\/visite-privee-de-medina-azahara-au-depart-de-cordoue\/","og_locale":"fr_FR","og_type":"article","og_title":"Visite priv\u00e9e de Medina Azahara au d\u00e9part de Cordoue","og_description":"Visite priv\u00e9e de Medina Azahara depuis Cordoue. V\u00e9hicule de luxe priv\u00e9 avec chauffeur et guide s\u00e9par\u00e9. Billets pour Medina Azahara inclus.","og_url":"https:\/\/tourtravelandmore.com\/fr\/tours\/espagne-fr\/cordoba-fr\/visite-privee-de-medina-azahara-au-depart-de-cordoue\/","og_site_name":"Tour Travel And More","article_publisher":"https:\/\/www.facebook.com\/tourtravelandmore\/","og_image":[{"url":"https:\/\/tourtravelandmore.com\/wp-content\/uploads\/2016\/03\/Medina_Azahara_15662995312.jpg","width":1024,"height":683,"type":"image\/jpeg"}],"twitter_card":"summary_large_image","twitter_site":"@TourTravel_More","twitter_misc":{"Dur\u00e9e de lecture estim\u00e9e":"2 minutes"},"schema":{"@context":"https:\/\/schema.org","@graph":[{"@type":"WebPage","@id":"https:\/\/tourtravelandmore.com\/fr\/tours\/espagne-fr\/cordoba-fr\/visite-privee-de-medina-azahara-au-depart-de-cordoue\/","url":"https:\/\/tourtravelandmore.com\/fr\/tours\/espagne-fr\/cordoba-fr\/visite-privee-de-medina-azahara-au-depart-de-cordoue\/","name":"Visite priv\u00e9e de Medina Azahara au d\u00e9part de Cordoue - Guide touristique officiel priv\u00e9","isPartOf":{"@id":"https:\/\/tourtravelandmore.com\/fr\/#website"},"primaryImageOfPage":{"@id":"https:\/\/tourtravelandmore.com\/fr\/tours\/espagne-fr\/cordoba-fr\/visite-privee-de-medina-azahara-au-depart-de-cordoue\/#primaryimage"},"image":{"@id":"https:\/\/tourtravelandmore.com\/fr\/tours\/espagne-fr\/cordoba-fr\/visite-privee-de-medina-azahara-au-depart-de-cordoue\/#primaryimage"},"thumbnailUrl":"https:\/\/tourtravelandmore.com\/wp-content\/uploads\/2016\/03\/Medina_Azahara_15662995312.jpg","datePublished":"2016-03-10T10:38:43+00:00","description":"Visite priv\u00e9e de Medina Azahara depuis Cordoue. V\u00e9hicule de luxe priv\u00e9 avec chauffeur et guide s\u00e9par\u00e9. Billets pour Medina Azahara inclus.","breadcrumb":{"@id":"https:\/\/tourtravelandmore.com\/fr\/tours\/espagne-fr\/cordoba-fr\/visite-privee-de-medina-azahara-au-depart-de-cordoue\/#breadcrumb"},"inLanguage":"fr-FR","potentialAction":[{"@type":"ReadAction","target":["https:\/\/tourtravelandmore.com\/fr\/tours\/espagne-fr\/cordoba-fr\/visite-privee-de-medina-azahara-au-depart-de-cordoue\/"]}]},{"@type":"ImageObject","inLanguage":"fr-FR","@id":"https:\/\/tourtravelandmore.com\/fr\/tours\/espagne-fr\/cordoba-fr\/visite-privee-de-medina-azahara-au-depart-de-cordoue\/#primaryimage","url":"https:\/\/tourtravelandmore.com\/wp-content\/uploads\/2016\/03\/Medina_Azahara_15662995312.jpg","contentUrl":"https:\/\/tourtravelandmore.com\/wp-content\/uploads\/2016\/03\/Medina_Azahara_15662995312.jpg","width":2592,"height":1728},{"@type":"BreadcrumbList","@id":"https:\/\/tourtravelandmore.com\/fr\/tours\/espagne-fr\/cordoba-fr\/visite-privee-de-medina-azahara-au-depart-de-cordoue\/#breadcrumb","itemListElement":[{"@type":"ListItem","position":1,"name":"Home","item":"https:\/\/tourtravelandmore.com\/fr\/"},{"@type":"ListItem","position":2,"name":"Tours","item":"https:\/\/tourtravelandmore.com\/fr\/tours\/"},{"@type":"ListItem","position":3,"name":"Visite priv\u00e9e de Medina Azahara au d\u00e9part de Cordoue"}]},{"@type":"WebSite","@id":"https:\/\/tourtravelandmore.com\/fr\/#website","url":"https:\/\/tourtravelandmore.com\/fr\/","name":"Tour Travel And More","description":"Private sightseeing tours and luxury transfers in Spain","publisher":{"@id":"https:\/\/tourtravelandmore.com\/fr\/#organization"},"potentialAction":[{"@type":"SearchAction","target":{"@type":"EntryPoint","urlTemplate":"https:\/\/tourtravelandmore.com\/fr\/?s={search_term_string}"},"query-input":{"@type":"PropertyValueSpecification","valueRequired":true,"valueName":"search_term_string"}}],"inLanguage":"fr-FR"},{"@type":"Organization","@id":"https:\/\/tourtravelandmore.com\/fr\/#organization","name":"Tour Travel And More","url":"https:\/\/tourtravelandmore.com\/fr\/","logo":{"@type":"ImageObject","inLanguage":"fr-FR","@id":"https:\/\/tourtravelandmore.com\/fr\/#\/schema\/logo\/image\/","url":"https:\/\/tourtravelandmore.com\/wp-content\/uploads\/2022\/12\/cropped-logo-cabecera-new.png","contentUrl":"https:\/\/tourtravelandmore.com\/wp-content\/uploads\/2022\/12\/cropped-logo-cabecera-new.png","width":430,"height":61,"caption":"Tour Travel And More"},"image":{"@id":"https:\/\/tourtravelandmore.com\/fr\/#\/schema\/logo\/image\/"},"sameAs":["https:\/\/www.facebook.com\/tourtravelandmore\/","https:\/\/x.com\/TourTravel_More"]}]}},"_links":{"self":[{"href":"https:\/\/tourtravelandmore.com\/fr\/wp-json\/wp\/v2\/product\/98850","targetHints":{"allow":["GET"]}}],"collection":[{"href":"https:\/\/tourtravelandmore.com\/fr\/wp-json\/wp\/v2\/product"}],"about":[{"href":"https:\/\/tourtravelandmore.com\/fr\/wp-json\/wp\/v2\/types\/product"}],"replies":[{"embeddable":true,"href":"https:\/\/tourtravelandmore.com\/fr\/wp-json\/wp\/v2\/comments?post=98850"}],"wp:featuredmedia":[{"embeddable":true,"href":"https:\/\/tourtravelandmore.com\/fr\/wp-json\/wp\/v2\/media\/94629"}],"wp:attachment":[{"href":"https:\/\/tourtravelandmore.com\/fr\/wp-json\/wp\/v2\/media?parent=98850"}],"wp:term":[{"taxonomy":"product_brand","embeddable":true,"href":"https:\/\/tourtravelandmore.com\/fr\/wp-json\/wp\/v2\/product_brand?post=98850"},{"taxonomy":"product_cat","embeddable":true,"href":"https:\/\/tourtravelandmore.com\/fr\/wp-json\/wp\/v2\/product_cat?post=98850"},{"taxonomy":"product_tag","embeddable":true,"href":"https:\/\/tourtravelandmore.com\/fr\/wp-json\/wp\/v2\/product_tag?post=98850"}],"curies":[{"name":"wp","href":"https:\/\/api.w.org\/{rel}","templated":true}]}}