{"id":98798,"date":"2019-10-21T03:33:43","date_gmt":"2019-10-21T01:33:43","guid":{"rendered":"https:\/\/tourtravelandmore.com\/tours\/non%20class\u00e9\/transfert-prive-de-madrid-a-segovie\/"},"modified":"2024-08-13T17:57:57","modified_gmt":"2024-08-13T15:57:57","slug":"transfert-prive-de-madrid-a-segovie","status":"publish","type":"product","link":"https:\/\/tourtravelandmore.com\/fr\/tours\/espagne-fr\/segovia-fr\/tous-les-circuits-et-activites-prives-fr\/transfert-prive-de-madrid-a-segovie\/","title":{"rendered":"Transfert priv\u00e9 de Madrid \u00e0 S\u00e9govie"},"content":{"rendered":"<h2>La description<\/h2>\n<p>Prenez ce transfert priv\u00e9 aller simple et confortable de Madrid \u00e0 S\u00e9govie. C&#8217;est le meilleur moyen d&#8217;arriver \u00e0 S\u00e9govie en toute s\u00e9curit\u00e9 et en toute s\u00e9curit\u00e9!<\/p>\n<p>Tout d&#8217;abord, votre chauffeur priv\u00e9 dans un v\u00e9hicule de luxe viendra vous chercher \u00e0 votre h\u00f4tel ou \u00e0 votre lieu de choix \u00e0 Madrid. Nous pouvons \u00e9galement organiser une prise en charge priv\u00e9e \u00e0 l&#8217;a\u00e9roport si vous pr\u00e9voyez simplement de vous diriger vers S\u00e9govie pendant quelques jours.<\/p>\n<p>Ensuite, nous nous dirigerons confortablement vers S\u00e9govie. Le trajet dure environ 1 heure depuis la ville de Madrid.<\/p>\n<p>Pour les transferts, nous avons des v\u00e9hicules Mercedes Classe E, Mercedes Classe V et monospace. Le nombre de bagages n&#8217;est pas limit\u00e9. Nous vous demandons de nous faire savoir si vous aurez plus d&#8217;un bagage par personne. Les v\u00e9hicules sont configur\u00e9s pour 1 bagage par personne et par personne. Si vous avez plus de bagages, nous devrons organiser un autre type de v\u00e9hicule. Cela peut r\u00e9sulter d&#8217;un suppl\u00e9ment du tarif indiqu\u00e9.<\/p>\n<h2>Sites d&#8217;int\u00e9r\u00eat et monuments<\/h2>\n<p>S\u00e9govie est une ville de la communaut\u00e9 autonome de Castilla y Le\u00f3n.<\/p>\n<p>La ville de S\u00e9govie est situ\u00e9e entre la rivi\u00e8re Eresma et Clamores, au pied de la Sierra de Guadarrama. La partie ancienne de S\u00e9govie et son aqueduc est le Patrimoine de l&#8217;Humanit\u00e9 pour l&#8217;Unesco en 1985. A S\u00e9govie, vous trouverez un bel aqueduc romain. Il mesure 818 m\u00e8tres de long. L&#8217;aqueduc est consid\u00e9r\u00e9 comme une \u0153uvre d&#8217;art con\u00e7ue par les romains. C&#8217;est l&#8217;un des plus importants d&#8217;Espagne. L&#8217;aqueduc est un excellent arr\u00eat photo!<\/p>\n<p>Outre l&#8217;aqueduc romain, S\u00e9govie a beaucoup \u00e0 offrir. Admirez l&#8217;Alcazar, ainsi que la cath\u00e9drale et promenez-vous dans ses rues uniques.<\/p>\n<p>Lors de votre visite \u00e0 Madrid, vous devriez prendre quelques jours de cong\u00e9 pour visiter S\u00e9govie. Passez quelques nuits dans cette ville historique bien pr\u00e9serv\u00e9e!<\/p>\n<p>D\u00e9couvrez toutes les visites \u00e0 pied priv\u00e9es de S\u00e9govie ici!<\/p>\n","protected":false},"excerpt":{"rendered":"<p>Arrivez \u00e0 votre destination finale avec ce transfert priv\u00e9 de Madrid \u00e0 S\u00e9govie. V\u00e9hicule de luxe priv\u00e9 avec chauffeur pour vous rendre confortablement \u00e0 votre emplacement.<\/p>\n","protected":false},"featured_media":95504,"comment_status":"open","ping_status":"closed","template":"","meta":{"_acf_changed":false},"product_brand":[],"product_cat":[5384,5381,3541,3677,4031],"product_tag":[4043,4042],"class_list":{"0":"post-98798","1":"product","2":"type-product","3":"status-publish","4":"has-post-thumbnail","6":"product_cat-private-transfers-fr-16","7":"product_cat-private-transfers-fr-14","8":"product_cat-espagne-fr","9":"product_cat-segovia-fr","10":"product_cat-tous-les-circuits-et-activites-prives-fr","11":"product_tag-private-fr","12":"product_tag-transfer-fr","14":"first","15":"instock","16":"shipping-taxable","17":"purchasable","18":"product-type-simple"},"acf":[],"yoast_head":"<!-- This site is optimized with the Yoast SEO Premium plugin v25.3.1 (Yoast SEO v25.3.1) - https:\/\/yoast.com\/wordpress\/plugins\/seo\/ -->\n<title>Transfert priv\u00e9 de Madrid \u00e0 S\u00e9govie - V\u00e9hicule de luxe priv\u00e9 avec chauffeur<\/title>\n<meta name=\"description\" content=\"Arrivez \u00e0 votre destination finale avec ce transfert priv\u00e9 de Madrid \u00e0 S\u00e9govie. V\u00e9hicule de luxe priv\u00e9 avec chauffeur pour vous rendre confortablement \u00e0 votre emplacement.\" \/>\n<meta name=\"robots\" content=\"index, follow, max-snippet:-1, max-image-preview:large, max-video-preview:-1\" \/>\n<link rel=\"canonical\" href=\"https:\/\/tourtravelandmore.com\/fr\/tours\/espagne-fr\/segovia-fr\/tous-les-circuits-et-activites-prives-fr\/transfert-prive-de-madrid-a-segovie\/\" \/>\n<meta property=\"og:locale\" content=\"fr_FR\" \/>\n<meta property=\"og:type\" content=\"article\" \/>\n<meta property=\"og:title\" content=\"Transfert priv\u00e9 de Madrid \u00e0 S\u00e9govie\" \/>\n<meta property=\"og:description\" content=\"Arrivez \u00e0 votre destination finale avec ce transfert priv\u00e9 de Madrid \u00e0 S\u00e9govie. V\u00e9hicule de luxe priv\u00e9 avec chauffeur pour vous rendre confortablement \u00e0 votre emplacement.\" \/>\n<meta property=\"og:url\" content=\"https:\/\/tourtravelandmore.com\/fr\/tours\/espagne-fr\/segovia-fr\/tous-les-circuits-et-activites-prives-fr\/transfert-prive-de-madrid-a-segovie\/\" \/>\n<meta property=\"og:site_name\" content=\"Tour Travel And More\" \/>\n<meta property=\"article:publisher\" content=\"https:\/\/www.facebook.com\/tourtravelandmore\/\" \/>\n<meta property=\"article:modified_time\" content=\"2024-08-13T15:57:57+00:00\" \/>\n<meta property=\"og:image\" content=\"https:\/\/tourtravelandmore.com\/wp-content\/uploads\/2019\/01\/Cars-de-Luxe-22.jpg\" \/>\n\t<meta property=\"og:image:width\" content=\"1146\" \/>\n\t<meta property=\"og:image:height\" content=\"789\" \/>\n\t<meta property=\"og:image:type\" content=\"image\/jpeg\" \/>\n<meta name=\"twitter:card\" content=\"summary_large_image\" \/>\n<meta name=\"twitter:site\" content=\"@TourTravel_More\" \/>\n<meta name=\"twitter:label1\" content=\"Dur\u00e9e de lecture estim\u00e9e\" \/>\n\t<meta name=\"twitter:data1\" content=\"2 minutes\" \/>\n<script type=\"application\/ld+json\" class=\"yoast-schema-graph\">{\"@context\":\"https:\/\/schema.org\",\"@graph\":[{\"@type\":\"WebPage\",\"@id\":\"https:\/\/tourtravelandmore.com\/fr\/tours\/espagne-fr\/segovia-fr\/tous-les-circuits-et-activites-prives-fr\/transfert-prive-de-madrid-a-segovie\/\",\"url\":\"https:\/\/tourtravelandmore.com\/fr\/tours\/espagne-fr\/segovia-fr\/tous-les-circuits-et-activites-prives-fr\/transfert-prive-de-madrid-a-segovie\/\",\"name\":\"Transfert priv\u00e9 de Madrid \u00e0 S\u00e9govie - V\u00e9hicule de luxe priv\u00e9 avec chauffeur\",\"isPartOf\":{\"@id\":\"https:\/\/tourtravelandmore.com\/fr\/#website\"},\"primaryImageOfPage\":{\"@id\":\"https:\/\/tourtravelandmore.com\/fr\/tours\/espagne-fr\/segovia-fr\/tous-les-circuits-et-activites-prives-fr\/transfert-prive-de-madrid-a-segovie\/#primaryimage\"},\"image\":{\"@id\":\"https:\/\/tourtravelandmore.com\/fr\/tours\/espagne-fr\/segovia-fr\/tous-les-circuits-et-activites-prives-fr\/transfert-prive-de-madrid-a-segovie\/#primaryimage\"},\"thumbnailUrl\":\"https:\/\/tourtravelandmore.com\/wp-content\/uploads\/2019\/01\/Cars-de-Luxe-22.jpg\",\"datePublished\":\"2019-10-21T01:33:43+00:00\",\"dateModified\":\"2024-08-13T15:57:57+00:00\",\"description\":\"Arrivez \u00e0 votre destination finale avec ce transfert priv\u00e9 de Madrid \u00e0 S\u00e9govie. V\u00e9hicule de luxe priv\u00e9 avec chauffeur pour vous rendre confortablement \u00e0 votre emplacement.\",\"breadcrumb\":{\"@id\":\"https:\/\/tourtravelandmore.com\/fr\/tours\/espagne-fr\/segovia-fr\/tous-les-circuits-et-activites-prives-fr\/transfert-prive-de-madrid-a-segovie\/#breadcrumb\"},\"inLanguage\":\"fr-FR\",\"potentialAction\":[{\"@type\":\"ReadAction\",\"target\":[\"https:\/\/tourtravelandmore.com\/fr\/tours\/espagne-fr\/segovia-fr\/tous-les-circuits-et-activites-prives-fr\/transfert-prive-de-madrid-a-segovie\/\"]}]},{\"@type\":\"ImageObject\",\"inLanguage\":\"fr-FR\",\"@id\":\"https:\/\/tourtravelandmore.com\/fr\/tours\/espagne-fr\/segovia-fr\/tous-les-circuits-et-activites-prives-fr\/transfert-prive-de-madrid-a-segovie\/#primaryimage\",\"url\":\"https:\/\/tourtravelandmore.com\/wp-content\/uploads\/2019\/01\/Cars-de-Luxe-22.jpg\",\"contentUrl\":\"https:\/\/tourtravelandmore.com\/wp-content\/uploads\/2019\/01\/Cars-de-Luxe-22.jpg\",\"width\":1146,\"height\":789},{\"@type\":\"BreadcrumbList\",\"@id\":\"https:\/\/tourtravelandmore.com\/fr\/tours\/espagne-fr\/segovia-fr\/tous-les-circuits-et-activites-prives-fr\/transfert-prive-de-madrid-a-segovie\/#breadcrumb\",\"itemListElement\":[{\"@type\":\"ListItem\",\"position\":1,\"name\":\"Home\",\"item\":\"https:\/\/tourtravelandmore.com\/fr\/\"},{\"@type\":\"ListItem\",\"position\":2,\"name\":\"Tours\",\"item\":\"https:\/\/tourtravelandmore.com\/fr\/tours\/\"},{\"@type\":\"ListItem\",\"position\":3,\"name\":\"Transfert priv\u00e9 de Madrid \u00e0 S\u00e9govie\"}]},{\"@type\":\"WebSite\",\"@id\":\"https:\/\/tourtravelandmore.com\/fr\/#website\",\"url\":\"https:\/\/tourtravelandmore.com\/fr\/\",\"name\":\"Tour Travel And More\",\"description\":\"Private sightseeing tours and luxury transfers in Spain\",\"publisher\":{\"@id\":\"https:\/\/tourtravelandmore.com\/fr\/#organization\"},\"potentialAction\":[{\"@type\":\"SearchAction\",\"target\":{\"@type\":\"EntryPoint\",\"urlTemplate\":\"https:\/\/tourtravelandmore.com\/fr\/?s={search_term_string}\"},\"query-input\":{\"@type\":\"PropertyValueSpecification\",\"valueRequired\":true,\"valueName\":\"search_term_string\"}}],\"inLanguage\":\"fr-FR\"},{\"@type\":\"Organization\",\"@id\":\"https:\/\/tourtravelandmore.com\/fr\/#organization\",\"name\":\"Tour Travel And More\",\"url\":\"https:\/\/tourtravelandmore.com\/fr\/\",\"logo\":{\"@type\":\"ImageObject\",\"inLanguage\":\"fr-FR\",\"@id\":\"https:\/\/tourtravelandmore.com\/fr\/#\/schema\/logo\/image\/\",\"url\":\"https:\/\/tourtravelandmore.com\/wp-content\/uploads\/2022\/12\/cropped-logo-cabecera-new.png\",\"contentUrl\":\"https:\/\/tourtravelandmore.com\/wp-content\/uploads\/2022\/12\/cropped-logo-cabecera-new.png\",\"width\":430,\"height\":61,\"caption\":\"Tour Travel And More\"},\"image\":{\"@id\":\"https:\/\/tourtravelandmore.com\/fr\/#\/schema\/logo\/image\/\"},\"sameAs\":[\"https:\/\/www.facebook.com\/tourtravelandmore\/\",\"https:\/\/x.com\/TourTravel_More\"]}]}<\/script>\n<!-- \/ Yoast SEO Premium plugin. -->","yoast_head_json":{"title":"Transfert priv\u00e9 de Madrid \u00e0 S\u00e9govie - V\u00e9hicule de luxe priv\u00e9 avec chauffeur","description":"Arrivez \u00e0 votre destination finale avec ce transfert priv\u00e9 de Madrid \u00e0 S\u00e9govie. V\u00e9hicule de luxe priv\u00e9 avec chauffeur pour vous rendre confortablement \u00e0 votre emplacement.","robots":{"index":"index","follow":"follow","max-snippet":"max-snippet:-1","max-image-preview":"max-image-preview:large","max-video-preview":"max-video-preview:-1"},"canonical":"https:\/\/tourtravelandmore.com\/fr\/tours\/espagne-fr\/segovia-fr\/tous-les-circuits-et-activites-prives-fr\/transfert-prive-de-madrid-a-segovie\/","og_locale":"fr_FR","og_type":"article","og_title":"Transfert priv\u00e9 de Madrid \u00e0 S\u00e9govie","og_description":"Arrivez \u00e0 votre destination finale avec ce transfert priv\u00e9 de Madrid \u00e0 S\u00e9govie. V\u00e9hicule de luxe priv\u00e9 avec chauffeur pour vous rendre confortablement \u00e0 votre emplacement.","og_url":"https:\/\/tourtravelandmore.com\/fr\/tours\/espagne-fr\/segovia-fr\/tous-les-circuits-et-activites-prives-fr\/transfert-prive-de-madrid-a-segovie\/","og_site_name":"Tour Travel And More","article_publisher":"https:\/\/www.facebook.com\/tourtravelandmore\/","article_modified_time":"2024-08-13T15:57:57+00:00","og_image":[{"width":1146,"height":789,"url":"https:\/\/tourtravelandmore.com\/wp-content\/uploads\/2019\/01\/Cars-de-Luxe-22.jpg","type":"image\/jpeg"}],"twitter_card":"summary_large_image","twitter_site":"@TourTravel_More","twitter_misc":{"Dur\u00e9e de lecture estim\u00e9e":"2 minutes"},"schema":{"@context":"https:\/\/schema.org","@graph":[{"@type":"WebPage","@id":"https:\/\/tourtravelandmore.com\/fr\/tours\/espagne-fr\/segovia-fr\/tous-les-circuits-et-activites-prives-fr\/transfert-prive-de-madrid-a-segovie\/","url":"https:\/\/tourtravelandmore.com\/fr\/tours\/espagne-fr\/segovia-fr\/tous-les-circuits-et-activites-prives-fr\/transfert-prive-de-madrid-a-segovie\/","name":"Transfert priv\u00e9 de Madrid \u00e0 S\u00e9govie - V\u00e9hicule de luxe priv\u00e9 avec chauffeur","isPartOf":{"@id":"https:\/\/tourtravelandmore.com\/fr\/#website"},"primaryImageOfPage":{"@id":"https:\/\/tourtravelandmore.com\/fr\/tours\/espagne-fr\/segovia-fr\/tous-les-circuits-et-activites-prives-fr\/transfert-prive-de-madrid-a-segovie\/#primaryimage"},"image":{"@id":"https:\/\/tourtravelandmore.com\/fr\/tours\/espagne-fr\/segovia-fr\/tous-les-circuits-et-activites-prives-fr\/transfert-prive-de-madrid-a-segovie\/#primaryimage"},"thumbnailUrl":"https:\/\/tourtravelandmore.com\/wp-content\/uploads\/2019\/01\/Cars-de-Luxe-22.jpg","datePublished":"2019-10-21T01:33:43+00:00","dateModified":"2024-08-13T15:57:57+00:00","description":"Arrivez \u00e0 votre destination finale avec ce transfert priv\u00e9 de Madrid \u00e0 S\u00e9govie. V\u00e9hicule de luxe priv\u00e9 avec chauffeur pour vous rendre confortablement \u00e0 votre emplacement.","breadcrumb":{"@id":"https:\/\/tourtravelandmore.com\/fr\/tours\/espagne-fr\/segovia-fr\/tous-les-circuits-et-activites-prives-fr\/transfert-prive-de-madrid-a-segovie\/#breadcrumb"},"inLanguage":"fr-FR","potentialAction":[{"@type":"ReadAction","target":["https:\/\/tourtravelandmore.com\/fr\/tours\/espagne-fr\/segovia-fr\/tous-les-circuits-et-activites-prives-fr\/transfert-prive-de-madrid-a-segovie\/"]}]},{"@type":"ImageObject","inLanguage":"fr-FR","@id":"https:\/\/tourtravelandmore.com\/fr\/tours\/espagne-fr\/segovia-fr\/tous-les-circuits-et-activites-prives-fr\/transfert-prive-de-madrid-a-segovie\/#primaryimage","url":"https:\/\/tourtravelandmore.com\/wp-content\/uploads\/2019\/01\/Cars-de-Luxe-22.jpg","contentUrl":"https:\/\/tourtravelandmore.com\/wp-content\/uploads\/2019\/01\/Cars-de-Luxe-22.jpg","width":1146,"height":789},{"@type":"BreadcrumbList","@id":"https:\/\/tourtravelandmore.com\/fr\/tours\/espagne-fr\/segovia-fr\/tous-les-circuits-et-activites-prives-fr\/transfert-prive-de-madrid-a-segovie\/#breadcrumb","itemListElement":[{"@type":"ListItem","position":1,"name":"Home","item":"https:\/\/tourtravelandmore.com\/fr\/"},{"@type":"ListItem","position":2,"name":"Tours","item":"https:\/\/tourtravelandmore.com\/fr\/tours\/"},{"@type":"ListItem","position":3,"name":"Transfert priv\u00e9 de Madrid \u00e0 S\u00e9govie"}]},{"@type":"WebSite","@id":"https:\/\/tourtravelandmore.com\/fr\/#website","url":"https:\/\/tourtravelandmore.com\/fr\/","name":"Tour Travel And More","description":"Private sightseeing tours and luxury transfers in Spain","publisher":{"@id":"https:\/\/tourtravelandmore.com\/fr\/#organization"},"potentialAction":[{"@type":"SearchAction","target":{"@type":"EntryPoint","urlTemplate":"https:\/\/tourtravelandmore.com\/fr\/?s={search_term_string}"},"query-input":{"@type":"PropertyValueSpecification","valueRequired":true,"valueName":"search_term_string"}}],"inLanguage":"fr-FR"},{"@type":"Organization","@id":"https:\/\/tourtravelandmore.com\/fr\/#organization","name":"Tour Travel And More","url":"https:\/\/tourtravelandmore.com\/fr\/","logo":{"@type":"ImageObject","inLanguage":"fr-FR","@id":"https:\/\/tourtravelandmore.com\/fr\/#\/schema\/logo\/image\/","url":"https:\/\/tourtravelandmore.com\/wp-content\/uploads\/2022\/12\/cropped-logo-cabecera-new.png","contentUrl":"https:\/\/tourtravelandmore.com\/wp-content\/uploads\/2022\/12\/cropped-logo-cabecera-new.png","width":430,"height":61,"caption":"Tour Travel And More"},"image":{"@id":"https:\/\/tourtravelandmore.com\/fr\/#\/schema\/logo\/image\/"},"sameAs":["https:\/\/www.facebook.com\/tourtravelandmore\/","https:\/\/x.com\/TourTravel_More"]}]}},"_links":{"self":[{"href":"https:\/\/tourtravelandmore.com\/fr\/wp-json\/wp\/v2\/product\/98798","targetHints":{"allow":["GET"]}}],"collection":[{"href":"https:\/\/tourtravelandmore.com\/fr\/wp-json\/wp\/v2\/product"}],"about":[{"href":"https:\/\/tourtravelandmore.com\/fr\/wp-json\/wp\/v2\/types\/product"}],"replies":[{"embeddable":true,"href":"https:\/\/tourtravelandmore.com\/fr\/wp-json\/wp\/v2\/comments?post=98798"}],"wp:featuredmedia":[{"embeddable":true,"href":"https:\/\/tourtravelandmore.com\/fr\/wp-json\/wp\/v2\/media\/95504"}],"wp:attachment":[{"href":"https:\/\/tourtravelandmore.com\/fr\/wp-json\/wp\/v2\/media?parent=98798"}],"wp:term":[{"taxonomy":"product_brand","embeddable":true,"href":"https:\/\/tourtravelandmore.com\/fr\/wp-json\/wp\/v2\/product_brand?post=98798"},{"taxonomy":"product_cat","embeddable":true,"href":"https:\/\/tourtravelandmore.com\/fr\/wp-json\/wp\/v2\/product_cat?post=98798"},{"taxonomy":"product_tag","embeddable":true,"href":"https:\/\/tourtravelandmore.com\/fr\/wp-json\/wp\/v2\/product_tag?post=98798"}],"curies":[{"name":"wp","href":"https:\/\/api.w.org\/{rel}","templated":true}]}}