{"id":98793,"date":"2019-10-21T03:33:21","date_gmt":"2019-10-21T01:33:21","guid":{"rendered":"https:\/\/tourtravelandmore.com\/tours\/non%20class\u00e9\/transfert-prive-de-laeroport-de-madrid-a-tolede\/"},"modified":"2024-05-03T20:35:31","modified_gmt":"2024-05-03T18:35:31","slug":"transfert-prive-de-laeroport-de-madrid-a-tolede","status":"publish","type":"product","link":"https:\/\/tourtravelandmore.com\/fr\/tours\/espagne-fr\/madrid-fr\/tous-les-circuits-et-activites-prives\/transfert-prive-de-laeroport-de-madrid-a-tolede\/","title":{"rendered":"Transfert priv\u00e9 de l&#8217;a\u00e9roport de Madrid \u00e0 Tol\u00e8de"},"content":{"rendered":"<h2>La description<\/h2>\n<p>Avec notre transfert priv\u00e9 de l&#8217;a\u00e9roport de Madrid \u00e0 Tol\u00e8de, nous vous offrons le moyen le plus rapide et le plus simple d&#8217;atteindre votre destination finale dans la ville de Tol\u00e8de dans le confort d&#8217;un v\u00e9hicule de luxe priv\u00e9 avec votre transfert priv\u00e9. Profitez d&#8217;une exp\u00e9rience relaxante dans l&#8217;un de nos v\u00e9hicules priv\u00e9s de luxe. Nous proposons tous les types de transferts comme par exemple le transfert a\u00e9roport, ou le transfert h\u00f4tel si vous changez de ville.<\/p>\n<p>Profitez de transferts priv\u00e9s de votre h\u00f4tel ou appartement jusqu&#8217;\u00e0 l&#8217;a\u00e9roport ou la gare. Nous proposons \u00e9galement des transferts vers d&#8217;autres villes proches de Tol\u00e8de.<\/p>\n<p>Nous proposons \u00e9galement des visites priv\u00e9es d&#8217;une journ\u00e9e au d\u00e9part de Madrid ou des visites \u00e0 pied de la ville.<\/p>\n<p>Contactez nos experts en voyages pour plus d&#8217;informations sur votre exp\u00e9rience \u00e0 Tol\u00e8de.<\/p>\n<p>Il n&#8217;y a pas de limite au nombre de sacs et bagages que vous pouvez apporter mais nous devons le savoir \u00e0 l&#8217;avance. En effet, nous vous proposerons un v\u00e9hicule priv\u00e9 avec un espace pour un bagage par personne. Si vous aviez besoin de plus, nous changerions le type de v\u00e9hicule. Dans ce cas, des frais suppl\u00e9mentaires peuvent s&#8217;appliquer.<\/p>\n<p>Si un si\u00e8ge b\u00e9b\u00e9 \/ enfant est n\u00e9cessaire, faites-le nous savoir pour l&#8217;organiser.<\/p>\n<h2>Sites d&#8217;int\u00e9r\u00eat et monuments<\/h2>\n<p>Tol\u00e8de est une ville d&#8217;Espagne tr\u00e8s proche de Madrid dans la communaut\u00e9 autonome de Castilla-La Mancha. La ville de Tol\u00e8de est connue comme la ville imp\u00e9riale car elle \u00e9tait le principal comt\u00e9 de Carlos I ainsi que la ville des trois cultures car elle \u00e9tait habit\u00e9e par des chr\u00e9tiens, des juifs et des musulmans. Tol\u00e8de compte plus de 83 000 habitants. C&#8217;est une ville magnifique \u00e0 visiter, vous ne pouvez pas la manquer.<\/p>\n<p>Tol\u00e8de est vraiment une ville remarquable. Profitez de ce transfert priv\u00e9 aller simple de mani\u00e8re confortable et le lendemain, ayez une vue sur tout ce que Tol\u00e8de a \u00e0 offrir!<\/p>\n<p>Jetez un \u0153il \u00e0 notre visite priv\u00e9e \u00e0 pied de Tol\u00e8de!<\/p>\n","protected":false},"excerpt":{"rendered":"<p>Moyen id\u00e9al pour vous rendre \u00e0 votre destination finale \u00e0 Tol\u00e8de avec nos transferts priv\u00e9s. V\u00e9hicule de luxe priv\u00e9 avec chauffeur. Transfert de l&#8217;a\u00e9roport de Madrid \u00e0 Tol\u00e8de.<\/p>\n","protected":false},"featured_media":93583,"comment_status":"open","ping_status":"closed","template":"","meta":{"_acf_changed":false},"product_brand":[],"product_cat":[5375,5381,5382,3541,4028,3675],"product_tag":[4043,4042],"class_list":{"0":"post-98793","1":"product","2":"type-product","3":"status-publish","4":"has-post-thumbnail","6":"product_cat-all-private-tours-activities-fr-28","7":"product_cat-private-transfers-fr-14","8":"product_cat-private-transfers-fr-15","9":"product_cat-espagne-fr","10":"product_cat-tous-les-circuits-et-activites-prives","11":"product_cat-toledo-fr","12":"product_tag-private-fr","13":"product_tag-transfer-fr","15":"first","16":"instock","17":"shipping-taxable","18":"purchasable","19":"product-type-simple"},"acf":[],"yoast_head":"<!-- This site is optimized with the Yoast SEO Premium plugin v25.3.1 (Yoast SEO v25.3.1) - https:\/\/yoast.com\/wordpress\/plugins\/seo\/ -->\n<title>Transfert priv\u00e9 de l&#039;a\u00e9roport de Madrid \u00e0 Tol\u00e8de - Transfert de Madrid \u00e0 Tol\u00e8de<\/title>\n<meta name=\"description\" content=\"Arrivez \u00e0 votre destination finale \u00e0 Tol\u00e8de gr\u00e2ce \u00e0 nos transferts priv\u00e9s. V\u00e9hicule de luxe priv\u00e9 avec chauffeur. Transfert de l&#039;a\u00e9roport de Madrid \u00e0 Tol\u00e8de\" \/>\n<meta name=\"robots\" content=\"index, follow, max-snippet:-1, max-image-preview:large, max-video-preview:-1\" \/>\n<link rel=\"canonical\" href=\"https:\/\/tourtravelandmore.com\/fr\/tours\/espagne-fr\/madrid-fr\/tous-les-circuits-et-activites-prives\/transfert-prive-de-laeroport-de-madrid-a-tolede\/\" \/>\n<meta property=\"og:locale\" content=\"fr_FR\" \/>\n<meta property=\"og:type\" content=\"article\" \/>\n<meta property=\"og:title\" content=\"Transfert priv\u00e9 de l&#039;a\u00e9roport de Madrid \u00e0 Tol\u00e8de\" \/>\n<meta property=\"og:description\" content=\"Arrivez \u00e0 votre destination finale \u00e0 Tol\u00e8de gr\u00e2ce \u00e0 nos transferts priv\u00e9s. V\u00e9hicule de luxe priv\u00e9 avec chauffeur. Transfert de l&#039;a\u00e9roport de Madrid \u00e0 Tol\u00e8de\" \/>\n<meta property=\"og:url\" content=\"https:\/\/tourtravelandmore.com\/fr\/tours\/espagne-fr\/madrid-fr\/tous-les-circuits-et-activites-prives\/transfert-prive-de-laeroport-de-madrid-a-tolede\/\" \/>\n<meta property=\"og:site_name\" content=\"Tour Travel And More\" \/>\n<meta property=\"article:publisher\" content=\"https:\/\/www.facebook.com\/tourtravelandmore\/\" \/>\n<meta property=\"article:modified_time\" content=\"2024-05-03T18:35:31+00:00\" \/>\n<meta property=\"og:image\" content=\"https:\/\/tourtravelandmore.com\/wp-content\/uploads\/2016\/10\/barcelona-wedding-transfer-2.jpg\" \/>\n\t<meta property=\"og:image:width\" content=\"1296\" \/>\n\t<meta property=\"og:image:height\" content=\"730\" \/>\n\t<meta property=\"og:image:type\" content=\"image\/jpeg\" \/>\n<meta name=\"twitter:card\" content=\"summary_large_image\" \/>\n<meta name=\"twitter:site\" content=\"@TourTravel_More\" \/>\n<meta name=\"twitter:label1\" content=\"Dur\u00e9e de lecture estim\u00e9e\" \/>\n\t<meta name=\"twitter:data1\" content=\"2 minutes\" \/>\n<script type=\"application\/ld+json\" class=\"yoast-schema-graph\">{\"@context\":\"https:\/\/schema.org\",\"@graph\":[{\"@type\":\"WebPage\",\"@id\":\"https:\/\/tourtravelandmore.com\/fr\/tours\/espagne-fr\/madrid-fr\/tous-les-circuits-et-activites-prives\/transfert-prive-de-laeroport-de-madrid-a-tolede\/\",\"url\":\"https:\/\/tourtravelandmore.com\/fr\/tours\/espagne-fr\/madrid-fr\/tous-les-circuits-et-activites-prives\/transfert-prive-de-laeroport-de-madrid-a-tolede\/\",\"name\":\"Transfert priv\u00e9 de l'a\u00e9roport de Madrid \u00e0 Tol\u00e8de - Transfert de Madrid \u00e0 Tol\u00e8de\",\"isPartOf\":{\"@id\":\"https:\/\/tourtravelandmore.com\/fr\/#website\"},\"primaryImageOfPage\":{\"@id\":\"https:\/\/tourtravelandmore.com\/fr\/tours\/espagne-fr\/madrid-fr\/tous-les-circuits-et-activites-prives\/transfert-prive-de-laeroport-de-madrid-a-tolede\/#primaryimage\"},\"image\":{\"@id\":\"https:\/\/tourtravelandmore.com\/fr\/tours\/espagne-fr\/madrid-fr\/tous-les-circuits-et-activites-prives\/transfert-prive-de-laeroport-de-madrid-a-tolede\/#primaryimage\"},\"thumbnailUrl\":\"https:\/\/tourtravelandmore.com\/wp-content\/uploads\/2016\/10\/barcelona-wedding-transfer-2.jpg\",\"datePublished\":\"2019-10-21T01:33:21+00:00\",\"dateModified\":\"2024-05-03T18:35:31+00:00\",\"description\":\"Arrivez \u00e0 votre destination finale \u00e0 Tol\u00e8de gr\u00e2ce \u00e0 nos transferts priv\u00e9s. V\u00e9hicule de luxe priv\u00e9 avec chauffeur. Transfert de l'a\u00e9roport de Madrid \u00e0 Tol\u00e8de\",\"breadcrumb\":{\"@id\":\"https:\/\/tourtravelandmore.com\/fr\/tours\/espagne-fr\/madrid-fr\/tous-les-circuits-et-activites-prives\/transfert-prive-de-laeroport-de-madrid-a-tolede\/#breadcrumb\"},\"inLanguage\":\"fr-FR\",\"potentialAction\":[{\"@type\":\"ReadAction\",\"target\":[\"https:\/\/tourtravelandmore.com\/fr\/tours\/espagne-fr\/madrid-fr\/tous-les-circuits-et-activites-prives\/transfert-prive-de-laeroport-de-madrid-a-tolede\/\"]}]},{\"@type\":\"ImageObject\",\"inLanguage\":\"fr-FR\",\"@id\":\"https:\/\/tourtravelandmore.com\/fr\/tours\/espagne-fr\/madrid-fr\/tous-les-circuits-et-activites-prives\/transfert-prive-de-laeroport-de-madrid-a-tolede\/#primaryimage\",\"url\":\"https:\/\/tourtravelandmore.com\/wp-content\/uploads\/2016\/10\/barcelona-wedding-transfer-2.jpg\",\"contentUrl\":\"https:\/\/tourtravelandmore.com\/wp-content\/uploads\/2016\/10\/barcelona-wedding-transfer-2.jpg\",\"width\":1296,\"height\":730,\"caption\":\"Mercedes-Benz S-Klasse, (W 222), 2012\"},{\"@type\":\"BreadcrumbList\",\"@id\":\"https:\/\/tourtravelandmore.com\/fr\/tours\/espagne-fr\/madrid-fr\/tous-les-circuits-et-activites-prives\/transfert-prive-de-laeroport-de-madrid-a-tolede\/#breadcrumb\",\"itemListElement\":[{\"@type\":\"ListItem\",\"position\":1,\"name\":\"Home\",\"item\":\"https:\/\/tourtravelandmore.com\/fr\/\"},{\"@type\":\"ListItem\",\"position\":2,\"name\":\"Tours\",\"item\":\"https:\/\/tourtravelandmore.com\/fr\/tours\/\"},{\"@type\":\"ListItem\",\"position\":3,\"name\":\"Transfert priv\u00e9 de l&#8217;a\u00e9roport de Madrid \u00e0 Tol\u00e8de\"}]},{\"@type\":\"WebSite\",\"@id\":\"https:\/\/tourtravelandmore.com\/fr\/#website\",\"url\":\"https:\/\/tourtravelandmore.com\/fr\/\",\"name\":\"Tour Travel And More\",\"description\":\"Private sightseeing tours and luxury transfers in Spain\",\"publisher\":{\"@id\":\"https:\/\/tourtravelandmore.com\/fr\/#organization\"},\"potentialAction\":[{\"@type\":\"SearchAction\",\"target\":{\"@type\":\"EntryPoint\",\"urlTemplate\":\"https:\/\/tourtravelandmore.com\/fr\/?s={search_term_string}\"},\"query-input\":{\"@type\":\"PropertyValueSpecification\",\"valueRequired\":true,\"valueName\":\"search_term_string\"}}],\"inLanguage\":\"fr-FR\"},{\"@type\":\"Organization\",\"@id\":\"https:\/\/tourtravelandmore.com\/fr\/#organization\",\"name\":\"Tour Travel And More\",\"url\":\"https:\/\/tourtravelandmore.com\/fr\/\",\"logo\":{\"@type\":\"ImageObject\",\"inLanguage\":\"fr-FR\",\"@id\":\"https:\/\/tourtravelandmore.com\/fr\/#\/schema\/logo\/image\/\",\"url\":\"https:\/\/tourtravelandmore.com\/wp-content\/uploads\/2022\/12\/cropped-logo-cabecera-new.png\",\"contentUrl\":\"https:\/\/tourtravelandmore.com\/wp-content\/uploads\/2022\/12\/cropped-logo-cabecera-new.png\",\"width\":430,\"height\":61,\"caption\":\"Tour Travel And More\"},\"image\":{\"@id\":\"https:\/\/tourtravelandmore.com\/fr\/#\/schema\/logo\/image\/\"},\"sameAs\":[\"https:\/\/www.facebook.com\/tourtravelandmore\/\",\"https:\/\/x.com\/TourTravel_More\"]}]}<\/script>\n<!-- \/ Yoast SEO Premium plugin. -->","yoast_head_json":{"title":"Transfert priv\u00e9 de l'a\u00e9roport de Madrid \u00e0 Tol\u00e8de - Transfert de Madrid \u00e0 Tol\u00e8de","description":"Arrivez \u00e0 votre destination finale \u00e0 Tol\u00e8de gr\u00e2ce \u00e0 nos transferts priv\u00e9s. V\u00e9hicule de luxe priv\u00e9 avec chauffeur. Transfert de l'a\u00e9roport de Madrid \u00e0 Tol\u00e8de","robots":{"index":"index","follow":"follow","max-snippet":"max-snippet:-1","max-image-preview":"max-image-preview:large","max-video-preview":"max-video-preview:-1"},"canonical":"https:\/\/tourtravelandmore.com\/fr\/tours\/espagne-fr\/madrid-fr\/tous-les-circuits-et-activites-prives\/transfert-prive-de-laeroport-de-madrid-a-tolede\/","og_locale":"fr_FR","og_type":"article","og_title":"Transfert priv\u00e9 de l'a\u00e9roport de Madrid \u00e0 Tol\u00e8de","og_description":"Arrivez \u00e0 votre destination finale \u00e0 Tol\u00e8de gr\u00e2ce \u00e0 nos transferts priv\u00e9s. V\u00e9hicule de luxe priv\u00e9 avec chauffeur. Transfert de l'a\u00e9roport de Madrid \u00e0 Tol\u00e8de","og_url":"https:\/\/tourtravelandmore.com\/fr\/tours\/espagne-fr\/madrid-fr\/tous-les-circuits-et-activites-prives\/transfert-prive-de-laeroport-de-madrid-a-tolede\/","og_site_name":"Tour Travel And More","article_publisher":"https:\/\/www.facebook.com\/tourtravelandmore\/","article_modified_time":"2024-05-03T18:35:31+00:00","og_image":[{"width":1296,"height":730,"url":"https:\/\/tourtravelandmore.com\/wp-content\/uploads\/2016\/10\/barcelona-wedding-transfer-2.jpg","type":"image\/jpeg"}],"twitter_card":"summary_large_image","twitter_site":"@TourTravel_More","twitter_misc":{"Dur\u00e9e de lecture estim\u00e9e":"2 minutes"},"schema":{"@context":"https:\/\/schema.org","@graph":[{"@type":"WebPage","@id":"https:\/\/tourtravelandmore.com\/fr\/tours\/espagne-fr\/madrid-fr\/tous-les-circuits-et-activites-prives\/transfert-prive-de-laeroport-de-madrid-a-tolede\/","url":"https:\/\/tourtravelandmore.com\/fr\/tours\/espagne-fr\/madrid-fr\/tous-les-circuits-et-activites-prives\/transfert-prive-de-laeroport-de-madrid-a-tolede\/","name":"Transfert priv\u00e9 de l'a\u00e9roport de Madrid \u00e0 Tol\u00e8de - Transfert de Madrid \u00e0 Tol\u00e8de","isPartOf":{"@id":"https:\/\/tourtravelandmore.com\/fr\/#website"},"primaryImageOfPage":{"@id":"https:\/\/tourtravelandmore.com\/fr\/tours\/espagne-fr\/madrid-fr\/tous-les-circuits-et-activites-prives\/transfert-prive-de-laeroport-de-madrid-a-tolede\/#primaryimage"},"image":{"@id":"https:\/\/tourtravelandmore.com\/fr\/tours\/espagne-fr\/madrid-fr\/tous-les-circuits-et-activites-prives\/transfert-prive-de-laeroport-de-madrid-a-tolede\/#primaryimage"},"thumbnailUrl":"https:\/\/tourtravelandmore.com\/wp-content\/uploads\/2016\/10\/barcelona-wedding-transfer-2.jpg","datePublished":"2019-10-21T01:33:21+00:00","dateModified":"2024-05-03T18:35:31+00:00","description":"Arrivez \u00e0 votre destination finale \u00e0 Tol\u00e8de gr\u00e2ce \u00e0 nos transferts priv\u00e9s. V\u00e9hicule de luxe priv\u00e9 avec chauffeur. Transfert de l'a\u00e9roport de Madrid \u00e0 Tol\u00e8de","breadcrumb":{"@id":"https:\/\/tourtravelandmore.com\/fr\/tours\/espagne-fr\/madrid-fr\/tous-les-circuits-et-activites-prives\/transfert-prive-de-laeroport-de-madrid-a-tolede\/#breadcrumb"},"inLanguage":"fr-FR","potentialAction":[{"@type":"ReadAction","target":["https:\/\/tourtravelandmore.com\/fr\/tours\/espagne-fr\/madrid-fr\/tous-les-circuits-et-activites-prives\/transfert-prive-de-laeroport-de-madrid-a-tolede\/"]}]},{"@type":"ImageObject","inLanguage":"fr-FR","@id":"https:\/\/tourtravelandmore.com\/fr\/tours\/espagne-fr\/madrid-fr\/tous-les-circuits-et-activites-prives\/transfert-prive-de-laeroport-de-madrid-a-tolede\/#primaryimage","url":"https:\/\/tourtravelandmore.com\/wp-content\/uploads\/2016\/10\/barcelona-wedding-transfer-2.jpg","contentUrl":"https:\/\/tourtravelandmore.com\/wp-content\/uploads\/2016\/10\/barcelona-wedding-transfer-2.jpg","width":1296,"height":730,"caption":"Mercedes-Benz S-Klasse, (W 222), 2012"},{"@type":"BreadcrumbList","@id":"https:\/\/tourtravelandmore.com\/fr\/tours\/espagne-fr\/madrid-fr\/tous-les-circuits-et-activites-prives\/transfert-prive-de-laeroport-de-madrid-a-tolede\/#breadcrumb","itemListElement":[{"@type":"ListItem","position":1,"name":"Home","item":"https:\/\/tourtravelandmore.com\/fr\/"},{"@type":"ListItem","position":2,"name":"Tours","item":"https:\/\/tourtravelandmore.com\/fr\/tours\/"},{"@type":"ListItem","position":3,"name":"Transfert priv\u00e9 de l&#8217;a\u00e9roport de Madrid \u00e0 Tol\u00e8de"}]},{"@type":"WebSite","@id":"https:\/\/tourtravelandmore.com\/fr\/#website","url":"https:\/\/tourtravelandmore.com\/fr\/","name":"Tour Travel And More","description":"Private sightseeing tours and luxury transfers in Spain","publisher":{"@id":"https:\/\/tourtravelandmore.com\/fr\/#organization"},"potentialAction":[{"@type":"SearchAction","target":{"@type":"EntryPoint","urlTemplate":"https:\/\/tourtravelandmore.com\/fr\/?s={search_term_string}"},"query-input":{"@type":"PropertyValueSpecification","valueRequired":true,"valueName":"search_term_string"}}],"inLanguage":"fr-FR"},{"@type":"Organization","@id":"https:\/\/tourtravelandmore.com\/fr\/#organization","name":"Tour Travel And More","url":"https:\/\/tourtravelandmore.com\/fr\/","logo":{"@type":"ImageObject","inLanguage":"fr-FR","@id":"https:\/\/tourtravelandmore.com\/fr\/#\/schema\/logo\/image\/","url":"https:\/\/tourtravelandmore.com\/wp-content\/uploads\/2022\/12\/cropped-logo-cabecera-new.png","contentUrl":"https:\/\/tourtravelandmore.com\/wp-content\/uploads\/2022\/12\/cropped-logo-cabecera-new.png","width":430,"height":61,"caption":"Tour Travel And More"},"image":{"@id":"https:\/\/tourtravelandmore.com\/fr\/#\/schema\/logo\/image\/"},"sameAs":["https:\/\/www.facebook.com\/tourtravelandmore\/","https:\/\/x.com\/TourTravel_More"]}]}},"_links":{"self":[{"href":"https:\/\/tourtravelandmore.com\/fr\/wp-json\/wp\/v2\/product\/98793","targetHints":{"allow":["GET"]}}],"collection":[{"href":"https:\/\/tourtravelandmore.com\/fr\/wp-json\/wp\/v2\/product"}],"about":[{"href":"https:\/\/tourtravelandmore.com\/fr\/wp-json\/wp\/v2\/types\/product"}],"replies":[{"embeddable":true,"href":"https:\/\/tourtravelandmore.com\/fr\/wp-json\/wp\/v2\/comments?post=98793"}],"wp:featuredmedia":[{"embeddable":true,"href":"https:\/\/tourtravelandmore.com\/fr\/wp-json\/wp\/v2\/media\/93583"}],"wp:attachment":[{"href":"https:\/\/tourtravelandmore.com\/fr\/wp-json\/wp\/v2\/media?parent=98793"}],"wp:term":[{"taxonomy":"product_brand","embeddable":true,"href":"https:\/\/tourtravelandmore.com\/fr\/wp-json\/wp\/v2\/product_brand?post=98793"},{"taxonomy":"product_cat","embeddable":true,"href":"https:\/\/tourtravelandmore.com\/fr\/wp-json\/wp\/v2\/product_cat?post=98793"},{"taxonomy":"product_tag","embeddable":true,"href":"https:\/\/tourtravelandmore.com\/fr\/wp-json\/wp\/v2\/product_tag?post=98793"}],"curies":[{"name":"wp","href":"https:\/\/api.w.org\/{rel}","templated":true}]}}