{"id":98783,"date":"2017-06-20T11:27:23","date_gmt":"2017-06-20T09:27:23","guid":{"rendered":"https:\/\/tourtravelandmore.com\/tours\/non%20class\u00e9\/visite-privee-davila-au-depart-de-madrid\/"},"modified":"2024-04-29T21:40:16","modified_gmt":"2024-04-29T19:40:16","slug":"visite-privee-davila-au-depart-de-madrid","status":"publish","type":"product","link":"https:\/\/tourtravelandmore.com\/fr\/tours\/espagne-fr\/madrid-fr\/tous-les-circuits-et-activites-prives\/visite-privee-davila-au-depart-de-madrid\/","title":{"rendered":"Visite priv\u00e9e d&#8217;Avila au d\u00e9part de Madrid"},"content":{"rendered":"<h2>La description<\/h2>\n<p>Passez une journ\u00e9e \u00e0 visiter Madrid pour profiter de cette visite priv\u00e9e d&#8217;Avila au d\u00e9part de Madrid.<\/p>\n<p>Tout d&#8217;abord, cette visite priv\u00e9e commencera \u00e0 partir de votre h\u00f4tel ou lieu de votre choix dans la ville de Madrid. Votre chauffeur vous conduira \u00e0 Avila. Deuxi\u00e8mement, votre guide officiel priv\u00e9 est \u00e0 votre disposition pendant 2 heures une fois que vous arrivez \u00e0 Avila. Vous profiterez d&#8217;une visite guid\u00e9e priv\u00e9e de 2 heures des meilleurs sites d&#8217;Avila.<\/p>\n<p>Avila est connue pour ses murs m\u00e9di\u00e9vaux et est une ville du patrimoine mondial.<\/p>\n<p>Avila est une belle ville \u00e0 seulement 1h30 du centre-ville de Madrid.<\/p>\n<h2>Sites d&#8217;int\u00e9r\u00eat et monuments<\/h2>\n<p>Cette visite priv\u00e9e commencera par vous chercher \u00e0 votre h\u00f4tel ou lieu de votre choix dans le centre de Madrid, puis voyagera confortablement jusqu&#8217;\u00e0 Avila. Avila est situ\u00e9 \u00e0 environ 120 km de Madrid, juste en face de la cha\u00eene de montagnes Guadarrama. Son site le plus embl\u00e9matique est la muraille roman.<br \/>\nVotre visite est enti\u00e8rement personnalis\u00e9e pour r\u00e9pondre \u00e0 vos propres besoins. La visite sera organis\u00e9e en tenant compte de ce que vous voulez. Voici un exemple de ce que certains des sites que la visite peut inclure, parmi les autres options disponibles:<\/p>\n<ul>\n<li><strong>Cath\u00e9drale: cath\u00e9drale des ann\u00e9es 1100 situ\u00e9e \u00e0 l&#8217;int\u00e9rieur des murs de la ville<\/strong><\/li>\n<li><strong>Muralla de Avila: remparts m\u00e9di\u00e9vaux. Murs class\u00e9s par l&#8217;UNESCO. C&#8217;\u00e9tait l&#8217;une des meilleures d\u00e9fenses pour une ville au monde.<\/strong><\/li>\n<li><strong>Basilique de San Vicente<\/strong><\/li>\n<li><strong>Couvent de Santa Teresa: lieu de naissance de Teresa d&#8217;Avila<\/strong><\/li>\n<li><strong>Monast\u00e8re de Santo Tomas<\/strong><\/li>\n<li><strong>Cuatro Postes \u00e0 Avila<\/strong><\/li>\n<li><strong>Couvent d&#8217;Encarnaci\u00f3n<\/strong><\/li>\n<li><strong>Beaucoup plus!<\/strong><\/li>\n<\/ul>\n<p>Vous aurez du temps libre pour vous promener dans Avila une fois que votre guide priv\u00e9 aura termin\u00e9 la visite guid\u00e9e priv\u00e9e \u00e0 pied.<\/p>\n<p>En conclusion, profitez du meilleur d&#8217;Avila lors de cette excursion priv\u00e9e d&#8217;une journ\u00e9e compl\u00e8te au d\u00e9part de Madrid. Apprenez \u00e0 conna\u00eetre une ville unique en Castille et Leon.<\/p>\n<p>Jetez un \u0153il \u00e0 nos autres excursions d&#8217;une journ\u00e9e au d\u00e9part de Madrid; Tol\u00e8de et S\u00e9govie.<\/p>\n","protected":false},"excerpt":{"rendered":"<p>Prenez une journ\u00e9e et d\u00e9couvrez Avila, une ville magnifique et historique. Visite priv\u00e9e d&#8217;Avila depuis Madrid. Chauffeur dans un v\u00e9hicule de luxe et guide s\u00e9par\u00e9 \u00e0 Avila pour une visite de 2 heures.<\/p>\n","protected":false},"featured_media":94379,"comment_status":"open","ping_status":"closed","template":"","meta":{"_acf_changed":false},"product_brand":[],"product_cat":[5357,5358,5356,3562,3543,4028,4029],"product_tag":[],"class_list":{"0":"post-98783","1":"product","2":"type-product","3":"status-publish","4":"has-post-thumbnail","6":"product_cat-best-sellers-fr-2","7":"product_cat-private-day-trips-fr-16","8":"product_cat-private-sightseeing-tours-fr-38","9":"product_cat-avila","10":"product_cat-madrid-fr","11":"product_cat-tous-les-circuits-et-activites-prives","12":"product_cat-excursions-privees-dune-journee","14":"first","15":"instock","16":"shipping-taxable","17":"purchasable","18":"product-type-simple"},"acf":[],"yoast_head":"<!-- This site is optimized with the Yoast SEO Premium plugin v25.3.1 (Yoast SEO v25.3.1) - https:\/\/yoast.com\/wordpress\/plugins\/seo\/ -->\n<title>Visite priv\u00e9e d&#039;Avila au d\u00e9part de Madrid - V\u00e9hicule de luxe et guide officiel \u00e0 Avila<\/title>\n<meta name=\"description\" content=\"Prenez une journ\u00e9e et d\u00e9couvrez Avila, une ville magnifique et historique. Visite priv\u00e9e d&#039;Avila depuis Madrid. Chauffeur dans un v\u00e9hicule de luxe et guide s\u00e9par\u00e9 \u00e0 Avila\" \/>\n<meta name=\"robots\" content=\"index, follow, max-snippet:-1, max-image-preview:large, max-video-preview:-1\" \/>\n<link rel=\"canonical\" href=\"https:\/\/tourtravelandmore.com\/fr\/tours\/espagne-fr\/madrid-fr\/tous-les-circuits-et-activites-prives\/visite-privee-davila-au-depart-de-madrid\/\" \/>\n<meta property=\"og:locale\" content=\"fr_FR\" \/>\n<meta property=\"og:type\" content=\"article\" \/>\n<meta property=\"og:title\" content=\"Visite priv\u00e9e d&#039;Avila au d\u00e9part de Madrid\" \/>\n<meta property=\"og:description\" content=\"Prenez une journ\u00e9e et d\u00e9couvrez Avila, une ville magnifique et historique. Visite priv\u00e9e d&#039;Avila depuis Madrid. Chauffeur dans un v\u00e9hicule de luxe et guide s\u00e9par\u00e9 \u00e0 Avila\" \/>\n<meta property=\"og:url\" content=\"https:\/\/tourtravelandmore.com\/fr\/tours\/espagne-fr\/madrid-fr\/tous-les-circuits-et-activites-prives\/visite-privee-davila-au-depart-de-madrid\/\" \/>\n<meta property=\"og:site_name\" content=\"Tour Travel And More\" \/>\n<meta property=\"article:publisher\" content=\"https:\/\/www.facebook.com\/tourtravelandmore\/\" \/>\n<meta property=\"article:modified_time\" content=\"2024-04-29T19:40:16+00:00\" \/>\n<meta property=\"og:image\" content=\"https:\/\/tourtravelandmore.com\/wp-content\/uploads\/2017\/06\/avila.jpg\" \/>\n\t<meta property=\"og:image:width\" content=\"1236\" \/>\n\t<meta property=\"og:image:height\" content=\"824\" \/>\n\t<meta property=\"og:image:type\" content=\"image\/jpeg\" \/>\n<meta name=\"twitter:card\" content=\"summary_large_image\" \/>\n<meta name=\"twitter:site\" content=\"@TourTravel_More\" \/>\n<meta name=\"twitter:label1\" content=\"Dur\u00e9e de lecture estim\u00e9e\" \/>\n\t<meta name=\"twitter:data1\" content=\"2 minutes\" \/>\n<script type=\"application\/ld+json\" class=\"yoast-schema-graph\">{\"@context\":\"https:\/\/schema.org\",\"@graph\":[{\"@type\":\"WebPage\",\"@id\":\"https:\/\/tourtravelandmore.com\/fr\/tours\/espagne-fr\/madrid-fr\/tous-les-circuits-et-activites-prives\/visite-privee-davila-au-depart-de-madrid\/\",\"url\":\"https:\/\/tourtravelandmore.com\/fr\/tours\/espagne-fr\/madrid-fr\/tous-les-circuits-et-activites-prives\/visite-privee-davila-au-depart-de-madrid\/\",\"name\":\"Visite priv\u00e9e d'Avila au d\u00e9part de Madrid - V\u00e9hicule de luxe et guide officiel \u00e0 Avila\",\"isPartOf\":{\"@id\":\"https:\/\/tourtravelandmore.com\/fr\/#website\"},\"primaryImageOfPage\":{\"@id\":\"https:\/\/tourtravelandmore.com\/fr\/tours\/espagne-fr\/madrid-fr\/tous-les-circuits-et-activites-prives\/visite-privee-davila-au-depart-de-madrid\/#primaryimage\"},\"image\":{\"@id\":\"https:\/\/tourtravelandmore.com\/fr\/tours\/espagne-fr\/madrid-fr\/tous-les-circuits-et-activites-prives\/visite-privee-davila-au-depart-de-madrid\/#primaryimage\"},\"thumbnailUrl\":\"https:\/\/tourtravelandmore.com\/wp-content\/uploads\/2017\/06\/avila.jpg\",\"datePublished\":\"2017-06-20T09:27:23+00:00\",\"dateModified\":\"2024-04-29T19:40:16+00:00\",\"description\":\"Prenez une journ\u00e9e et d\u00e9couvrez Avila, une ville magnifique et historique. Visite priv\u00e9e d'Avila depuis Madrid. Chauffeur dans un v\u00e9hicule de luxe et guide s\u00e9par\u00e9 \u00e0 Avila\",\"breadcrumb\":{\"@id\":\"https:\/\/tourtravelandmore.com\/fr\/tours\/espagne-fr\/madrid-fr\/tous-les-circuits-et-activites-prives\/visite-privee-davila-au-depart-de-madrid\/#breadcrumb\"},\"inLanguage\":\"fr-FR\",\"potentialAction\":[{\"@type\":\"ReadAction\",\"target\":[\"https:\/\/tourtravelandmore.com\/fr\/tours\/espagne-fr\/madrid-fr\/tous-les-circuits-et-activites-prives\/visite-privee-davila-au-depart-de-madrid\/\"]}]},{\"@type\":\"ImageObject\",\"inLanguage\":\"fr-FR\",\"@id\":\"https:\/\/tourtravelandmore.com\/fr\/tours\/espagne-fr\/madrid-fr\/tous-les-circuits-et-activites-prives\/visite-privee-davila-au-depart-de-madrid\/#primaryimage\",\"url\":\"https:\/\/tourtravelandmore.com\/wp-content\/uploads\/2017\/06\/avila.jpg\",\"contentUrl\":\"https:\/\/tourtravelandmore.com\/wp-content\/uploads\/2017\/06\/avila.jpg\",\"width\":1236,\"height\":824},{\"@type\":\"BreadcrumbList\",\"@id\":\"https:\/\/tourtravelandmore.com\/fr\/tours\/espagne-fr\/madrid-fr\/tous-les-circuits-et-activites-prives\/visite-privee-davila-au-depart-de-madrid\/#breadcrumb\",\"itemListElement\":[{\"@type\":\"ListItem\",\"position\":1,\"name\":\"Home\",\"item\":\"https:\/\/tourtravelandmore.com\/fr\/\"},{\"@type\":\"ListItem\",\"position\":2,\"name\":\"Tours\",\"item\":\"https:\/\/tourtravelandmore.com\/fr\/tours\/\"},{\"@type\":\"ListItem\",\"position\":3,\"name\":\"Visite priv\u00e9e d&#8217;Avila au d\u00e9part de Madrid\"}]},{\"@type\":\"WebSite\",\"@id\":\"https:\/\/tourtravelandmore.com\/fr\/#website\",\"url\":\"https:\/\/tourtravelandmore.com\/fr\/\",\"name\":\"Tour Travel And More\",\"description\":\"Private sightseeing tours and luxury transfers in Spain\",\"publisher\":{\"@id\":\"https:\/\/tourtravelandmore.com\/fr\/#organization\"},\"potentialAction\":[{\"@type\":\"SearchAction\",\"target\":{\"@type\":\"EntryPoint\",\"urlTemplate\":\"https:\/\/tourtravelandmore.com\/fr\/?s={search_term_string}\"},\"query-input\":{\"@type\":\"PropertyValueSpecification\",\"valueRequired\":true,\"valueName\":\"search_term_string\"}}],\"inLanguage\":\"fr-FR\"},{\"@type\":\"Organization\",\"@id\":\"https:\/\/tourtravelandmore.com\/fr\/#organization\",\"name\":\"Tour Travel And More\",\"url\":\"https:\/\/tourtravelandmore.com\/fr\/\",\"logo\":{\"@type\":\"ImageObject\",\"inLanguage\":\"fr-FR\",\"@id\":\"https:\/\/tourtravelandmore.com\/fr\/#\/schema\/logo\/image\/\",\"url\":\"https:\/\/tourtravelandmore.com\/wp-content\/uploads\/2022\/12\/cropped-logo-cabecera-new.png\",\"contentUrl\":\"https:\/\/tourtravelandmore.com\/wp-content\/uploads\/2022\/12\/cropped-logo-cabecera-new.png\",\"width\":430,\"height\":61,\"caption\":\"Tour Travel And More\"},\"image\":{\"@id\":\"https:\/\/tourtravelandmore.com\/fr\/#\/schema\/logo\/image\/\"},\"sameAs\":[\"https:\/\/www.facebook.com\/tourtravelandmore\/\",\"https:\/\/x.com\/TourTravel_More\"]}]}<\/script>\n<!-- \/ Yoast SEO Premium plugin. -->","yoast_head_json":{"title":"Visite priv\u00e9e d'Avila au d\u00e9part de Madrid - V\u00e9hicule de luxe et guide officiel \u00e0 Avila","description":"Prenez une journ\u00e9e et d\u00e9couvrez Avila, une ville magnifique et historique. Visite priv\u00e9e d'Avila depuis Madrid. Chauffeur dans un v\u00e9hicule de luxe et guide s\u00e9par\u00e9 \u00e0 Avila","robots":{"index":"index","follow":"follow","max-snippet":"max-snippet:-1","max-image-preview":"max-image-preview:large","max-video-preview":"max-video-preview:-1"},"canonical":"https:\/\/tourtravelandmore.com\/fr\/tours\/espagne-fr\/madrid-fr\/tous-les-circuits-et-activites-prives\/visite-privee-davila-au-depart-de-madrid\/","og_locale":"fr_FR","og_type":"article","og_title":"Visite priv\u00e9e d'Avila au d\u00e9part de Madrid","og_description":"Prenez une journ\u00e9e et d\u00e9couvrez Avila, une ville magnifique et historique. Visite priv\u00e9e d'Avila depuis Madrid. Chauffeur dans un v\u00e9hicule de luxe et guide s\u00e9par\u00e9 \u00e0 Avila","og_url":"https:\/\/tourtravelandmore.com\/fr\/tours\/espagne-fr\/madrid-fr\/tous-les-circuits-et-activites-prives\/visite-privee-davila-au-depart-de-madrid\/","og_site_name":"Tour Travel And More","article_publisher":"https:\/\/www.facebook.com\/tourtravelandmore\/","article_modified_time":"2024-04-29T19:40:16+00:00","og_image":[{"width":1236,"height":824,"url":"https:\/\/tourtravelandmore.com\/wp-content\/uploads\/2017\/06\/avila.jpg","type":"image\/jpeg"}],"twitter_card":"summary_large_image","twitter_site":"@TourTravel_More","twitter_misc":{"Dur\u00e9e de lecture estim\u00e9e":"2 minutes"},"schema":{"@context":"https:\/\/schema.org","@graph":[{"@type":"WebPage","@id":"https:\/\/tourtravelandmore.com\/fr\/tours\/espagne-fr\/madrid-fr\/tous-les-circuits-et-activites-prives\/visite-privee-davila-au-depart-de-madrid\/","url":"https:\/\/tourtravelandmore.com\/fr\/tours\/espagne-fr\/madrid-fr\/tous-les-circuits-et-activites-prives\/visite-privee-davila-au-depart-de-madrid\/","name":"Visite priv\u00e9e d'Avila au d\u00e9part de Madrid - V\u00e9hicule de luxe et guide officiel \u00e0 Avila","isPartOf":{"@id":"https:\/\/tourtravelandmore.com\/fr\/#website"},"primaryImageOfPage":{"@id":"https:\/\/tourtravelandmore.com\/fr\/tours\/espagne-fr\/madrid-fr\/tous-les-circuits-et-activites-prives\/visite-privee-davila-au-depart-de-madrid\/#primaryimage"},"image":{"@id":"https:\/\/tourtravelandmore.com\/fr\/tours\/espagne-fr\/madrid-fr\/tous-les-circuits-et-activites-prives\/visite-privee-davila-au-depart-de-madrid\/#primaryimage"},"thumbnailUrl":"https:\/\/tourtravelandmore.com\/wp-content\/uploads\/2017\/06\/avila.jpg","datePublished":"2017-06-20T09:27:23+00:00","dateModified":"2024-04-29T19:40:16+00:00","description":"Prenez une journ\u00e9e et d\u00e9couvrez Avila, une ville magnifique et historique. Visite priv\u00e9e d'Avila depuis Madrid. Chauffeur dans un v\u00e9hicule de luxe et guide s\u00e9par\u00e9 \u00e0 Avila","breadcrumb":{"@id":"https:\/\/tourtravelandmore.com\/fr\/tours\/espagne-fr\/madrid-fr\/tous-les-circuits-et-activites-prives\/visite-privee-davila-au-depart-de-madrid\/#breadcrumb"},"inLanguage":"fr-FR","potentialAction":[{"@type":"ReadAction","target":["https:\/\/tourtravelandmore.com\/fr\/tours\/espagne-fr\/madrid-fr\/tous-les-circuits-et-activites-prives\/visite-privee-davila-au-depart-de-madrid\/"]}]},{"@type":"ImageObject","inLanguage":"fr-FR","@id":"https:\/\/tourtravelandmore.com\/fr\/tours\/espagne-fr\/madrid-fr\/tous-les-circuits-et-activites-prives\/visite-privee-davila-au-depart-de-madrid\/#primaryimage","url":"https:\/\/tourtravelandmore.com\/wp-content\/uploads\/2017\/06\/avila.jpg","contentUrl":"https:\/\/tourtravelandmore.com\/wp-content\/uploads\/2017\/06\/avila.jpg","width":1236,"height":824},{"@type":"BreadcrumbList","@id":"https:\/\/tourtravelandmore.com\/fr\/tours\/espagne-fr\/madrid-fr\/tous-les-circuits-et-activites-prives\/visite-privee-davila-au-depart-de-madrid\/#breadcrumb","itemListElement":[{"@type":"ListItem","position":1,"name":"Home","item":"https:\/\/tourtravelandmore.com\/fr\/"},{"@type":"ListItem","position":2,"name":"Tours","item":"https:\/\/tourtravelandmore.com\/fr\/tours\/"},{"@type":"ListItem","position":3,"name":"Visite priv\u00e9e d&#8217;Avila au d\u00e9part de Madrid"}]},{"@type":"WebSite","@id":"https:\/\/tourtravelandmore.com\/fr\/#website","url":"https:\/\/tourtravelandmore.com\/fr\/","name":"Tour Travel And More","description":"Private sightseeing tours and luxury transfers in Spain","publisher":{"@id":"https:\/\/tourtravelandmore.com\/fr\/#organization"},"potentialAction":[{"@type":"SearchAction","target":{"@type":"EntryPoint","urlTemplate":"https:\/\/tourtravelandmore.com\/fr\/?s={search_term_string}"},"query-input":{"@type":"PropertyValueSpecification","valueRequired":true,"valueName":"search_term_string"}}],"inLanguage":"fr-FR"},{"@type":"Organization","@id":"https:\/\/tourtravelandmore.com\/fr\/#organization","name":"Tour Travel And More","url":"https:\/\/tourtravelandmore.com\/fr\/","logo":{"@type":"ImageObject","inLanguage":"fr-FR","@id":"https:\/\/tourtravelandmore.com\/fr\/#\/schema\/logo\/image\/","url":"https:\/\/tourtravelandmore.com\/wp-content\/uploads\/2022\/12\/cropped-logo-cabecera-new.png","contentUrl":"https:\/\/tourtravelandmore.com\/wp-content\/uploads\/2022\/12\/cropped-logo-cabecera-new.png","width":430,"height":61,"caption":"Tour Travel And More"},"image":{"@id":"https:\/\/tourtravelandmore.com\/fr\/#\/schema\/logo\/image\/"},"sameAs":["https:\/\/www.facebook.com\/tourtravelandmore\/","https:\/\/x.com\/TourTravel_More"]}]}},"_links":{"self":[{"href":"https:\/\/tourtravelandmore.com\/fr\/wp-json\/wp\/v2\/product\/98783","targetHints":{"allow":["GET"]}}],"collection":[{"href":"https:\/\/tourtravelandmore.com\/fr\/wp-json\/wp\/v2\/product"}],"about":[{"href":"https:\/\/tourtravelandmore.com\/fr\/wp-json\/wp\/v2\/types\/product"}],"replies":[{"embeddable":true,"href":"https:\/\/tourtravelandmore.com\/fr\/wp-json\/wp\/v2\/comments?post=98783"}],"wp:featuredmedia":[{"embeddable":true,"href":"https:\/\/tourtravelandmore.com\/fr\/wp-json\/wp\/v2\/media\/94379"}],"wp:attachment":[{"href":"https:\/\/tourtravelandmore.com\/fr\/wp-json\/wp\/v2\/media?parent=98783"}],"wp:term":[{"taxonomy":"product_brand","embeddable":true,"href":"https:\/\/tourtravelandmore.com\/fr\/wp-json\/wp\/v2\/product_brand?post=98783"},{"taxonomy":"product_cat","embeddable":true,"href":"https:\/\/tourtravelandmore.com\/fr\/wp-json\/wp\/v2\/product_cat?post=98783"},{"taxonomy":"product_tag","embeddable":true,"href":"https:\/\/tourtravelandmore.com\/fr\/wp-json\/wp\/v2\/product_tag?post=98783"}],"curies":[{"name":"wp","href":"https:\/\/api.w.org\/{rel}","templated":true}]}}