{"id":98778,"date":"2017-01-16T11:28:55","date_gmt":"2017-01-16T10:28:55","guid":{"rendered":"https:\/\/tourtravelandmore.com\/tours\/non%20class\u00e9\/transfert-prive-a-madrid\/"},"modified":"2024-05-06T17:47:22","modified_gmt":"2024-05-06T15:47:22","slug":"transfert-prive-a-madrid","status":"publish","type":"product","link":"https:\/\/tourtravelandmore.com\/fr\/tours\/espagne-fr\/madrid-fr\/tous-les-circuits-et-activites-prives\/transfert-prive-a-madrid\/","title":{"rendered":"Transfert priv\u00e9 \u00e0 Madrid"},"content":{"rendered":"<h2>La description<\/h2>\n<p>Nous vous proposons le moyen le plus rapide et le plus simple d&#8217;atteindre votre destination finale. Profitez d&#8217;une exp\u00e9rience relaxante dans l&#8217;un de nos v\u00e9hicules priv\u00e9s de luxe. Il s&#8217;agit d&#8217;un transfert priv\u00e9 \u00e0 Madrid. Le transfert peut se faire \u00e0 n&#8217;importe quel endroit dans les environs de Madrid.<\/p>\n<p>Nous sommes l\u00e0 pour vous proposer tout type de transfert priv\u00e9 pour votre bien. Le transfert peut \u00eatre vers n&#8217;importe quel endroit. Cela inclurait la prise en charge \u00e0 l&#8217;a\u00e9roport, la prise en charge \u00e0 la gare, entre autres. Nous pouvons \u00e9galement vous emmener dans des stades de football, des restaurants ou partout o\u00f9 vous le souhaitez.<\/p>\n<p>Prenez ce transfert priv\u00e9 depuis l&#8217;a\u00e9roport de Barajas pour vous rendre rapidement \u00e0 votre h\u00f4tel \u00e0 Madrid. Le meilleur moyen de se rendre d&#8217;un endroit \u00e0 un autre est avec ce transfert priv\u00e9.<\/p>\n<p>Nous sommes \u00e0 votre disposition pour organiser un transfert priv\u00e9 parfait avec une exp\u00e9rience confortable. Vous pouvez emporter confortablement vos bagages avec nous. Un bagage est inclus dans le prix indiqu\u00e9 et faites-nous savoir si vous avez plus de bagages pour modifier le prix et changer le v\u00e9hicule!<\/p>\n<h2>Sites d&#8217;int\u00e9r\u00eat et monuments<\/h2>\n<p>Prenez ce transfert priv\u00e9 \u00e0 Madrid lorsque vous arrivez dans la ville de Madrid. Madrid est la capitale de l&#8217;Espagne et la plus grande ville. C&#8217;est aussi la plus grande ville d&#8217;Espagne. La population d\u00e9passe 3,2 millions d&#8217;habitants. La ville de Madrid est la troisi\u00e8me plus grande ville de l&#8217;Union europ\u00e9enne apr\u00e8s Londres et Berlin. Madrid se trouve sur la rivi\u00e8re Manzanares et les communaut\u00e9s autonomes de Castille-et-L\u00e9on et de Castille-La Manche la bordent. Cette ville, Madrid, est le centre politique, \u00e9conomique et culturel de l&#8217;Espagne. Madrid est une ville unique \u00e0 visiter. Jetez un \u0153il \u00e0 nos services priv\u00e9s.<\/p>\n","protected":false},"excerpt":{"rendered":"<p>Nous proposons le moyen le plus rapide et le plus simple d&#8217;atteindre votre destination finale \u00e0 Madrid. Transfert priv\u00e9 \u00e0 Madrid dans un v\u00e9hicule priv\u00e9 de luxe. Chauffeur \u00e0 votre disposition pour le transfert priv\u00e9 aller simple.<\/p>\n","protected":false},"featured_media":94004,"comment_status":"open","ping_status":"closed","template":"","meta":{"_acf_changed":false},"product_brand":[],"product_cat":[5381,3543,4028],"product_tag":[],"class_list":{"0":"post-98778","1":"product","2":"type-product","3":"status-publish","4":"has-post-thumbnail","6":"product_cat-private-transfers-fr-14","7":"product_cat-madrid-fr","8":"product_cat-tous-les-circuits-et-activites-prives","10":"first","11":"instock","12":"shipping-taxable","13":"purchasable","14":"product-type-simple"},"acf":[],"yoast_head":"<!-- This site is optimized with the Yoast SEO Premium plugin v25.3.1 (Yoast SEO v25.3.1) - https:\/\/yoast.com\/wordpress\/plugins\/seo\/ -->\n<title>Transfert priv\u00e9 Madrid ville environnante - MADRID PRIVATE TRANSFER<\/title>\n<meta name=\"description\" content=\"Nous proposons le moyen le plus rapide et le plus simple d&#039;atteindre votre destination finale \u00e0 Madrid. Transfert priv\u00e9 \u00e0 Madrid dans un v\u00e9hicule priv\u00e9 de luxe.\" \/>\n<meta name=\"robots\" content=\"index, follow, max-snippet:-1, max-image-preview:large, max-video-preview:-1\" \/>\n<link rel=\"canonical\" href=\"https:\/\/tourtravelandmore.com\/fr\/tours\/espagne-fr\/madrid-fr\/tous-les-circuits-et-activites-prives\/transfert-prive-a-madrid\/\" \/>\n<meta property=\"og:locale\" content=\"fr_FR\" \/>\n<meta property=\"og:type\" content=\"article\" \/>\n<meta property=\"og:title\" content=\"Transfert priv\u00e9 \u00e0 Madrid\" \/>\n<meta property=\"og:description\" content=\"Nous proposons le moyen le plus rapide et le plus simple d&#039;atteindre votre destination finale \u00e0 Madrid. Transfert priv\u00e9 \u00e0 Madrid dans un v\u00e9hicule priv\u00e9 de luxe.\" \/>\n<meta property=\"og:url\" content=\"https:\/\/tourtravelandmore.com\/fr\/tours\/espagne-fr\/madrid-fr\/tous-les-circuits-et-activites-prives\/transfert-prive-a-madrid\/\" \/>\n<meta property=\"og:site_name\" content=\"Tour Travel And More\" \/>\n<meta property=\"article:publisher\" content=\"https:\/\/www.facebook.com\/tourtravelandmore\/\" \/>\n<meta property=\"article:modified_time\" content=\"2024-05-06T15:47:22+00:00\" \/>\n<meta property=\"og:image\" content=\"https:\/\/tourtravelandmore.com\/wp-content\/uploads\/2016\/11\/2014-mercedes-benz-e-class-sport-sedan-profile.jpg\" \/>\n\t<meta property=\"og:image:width\" content=\"1500\" \/>\n\t<meta property=\"og:image:height\" content=\"938\" \/>\n\t<meta property=\"og:image:type\" content=\"image\/jpeg\" \/>\n<meta name=\"twitter:card\" content=\"summary_large_image\" \/>\n<meta name=\"twitter:site\" content=\"@TourTravel_More\" \/>\n<meta name=\"twitter:label1\" content=\"Dur\u00e9e de lecture estim\u00e9e\" \/>\n\t<meta name=\"twitter:data1\" content=\"1 minute\" \/>\n<script type=\"application\/ld+json\" class=\"yoast-schema-graph\">{\"@context\":\"https:\/\/schema.org\",\"@graph\":[{\"@type\":\"WebPage\",\"@id\":\"https:\/\/tourtravelandmore.com\/fr\/tours\/espagne-fr\/madrid-fr\/tous-les-circuits-et-activites-prives\/transfert-prive-a-madrid\/\",\"url\":\"https:\/\/tourtravelandmore.com\/fr\/tours\/espagne-fr\/madrid-fr\/tous-les-circuits-et-activites-prives\/transfert-prive-a-madrid\/\",\"name\":\"Transfert priv\u00e9 Madrid ville environnante - MADRID PRIVATE TRANSFER\",\"isPartOf\":{\"@id\":\"https:\/\/tourtravelandmore.com\/fr\/#website\"},\"primaryImageOfPage\":{\"@id\":\"https:\/\/tourtravelandmore.com\/fr\/tours\/espagne-fr\/madrid-fr\/tous-les-circuits-et-activites-prives\/transfert-prive-a-madrid\/#primaryimage\"},\"image\":{\"@id\":\"https:\/\/tourtravelandmore.com\/fr\/tours\/espagne-fr\/madrid-fr\/tous-les-circuits-et-activites-prives\/transfert-prive-a-madrid\/#primaryimage\"},\"thumbnailUrl\":\"https:\/\/tourtravelandmore.com\/wp-content\/uploads\/2016\/11\/2014-mercedes-benz-e-class-sport-sedan-profile.jpg\",\"datePublished\":\"2017-01-16T10:28:55+00:00\",\"dateModified\":\"2024-05-06T15:47:22+00:00\",\"description\":\"Nous proposons le moyen le plus rapide et le plus simple d'atteindre votre destination finale \u00e0 Madrid. Transfert priv\u00e9 \u00e0 Madrid dans un v\u00e9hicule priv\u00e9 de luxe.\",\"breadcrumb\":{\"@id\":\"https:\/\/tourtravelandmore.com\/fr\/tours\/espagne-fr\/madrid-fr\/tous-les-circuits-et-activites-prives\/transfert-prive-a-madrid\/#breadcrumb\"},\"inLanguage\":\"fr-FR\",\"potentialAction\":[{\"@type\":\"ReadAction\",\"target\":[\"https:\/\/tourtravelandmore.com\/fr\/tours\/espagne-fr\/madrid-fr\/tous-les-circuits-et-activites-prives\/transfert-prive-a-madrid\/\"]}]},{\"@type\":\"ImageObject\",\"inLanguage\":\"fr-FR\",\"@id\":\"https:\/\/tourtravelandmore.com\/fr\/tours\/espagne-fr\/madrid-fr\/tous-les-circuits-et-activites-prives\/transfert-prive-a-madrid\/#primaryimage\",\"url\":\"https:\/\/tourtravelandmore.com\/wp-content\/uploads\/2016\/11\/2014-mercedes-benz-e-class-sport-sedan-profile.jpg\",\"contentUrl\":\"https:\/\/tourtravelandmore.com\/wp-content\/uploads\/2016\/11\/2014-mercedes-benz-e-class-sport-sedan-profile.jpg\",\"width\":1500,\"height\":938,\"caption\":\"2014 Mercedes-Benz E-Class Sport Sedan.\"},{\"@type\":\"BreadcrumbList\",\"@id\":\"https:\/\/tourtravelandmore.com\/fr\/tours\/espagne-fr\/madrid-fr\/tous-les-circuits-et-activites-prives\/transfert-prive-a-madrid\/#breadcrumb\",\"itemListElement\":[{\"@type\":\"ListItem\",\"position\":1,\"name\":\"Home\",\"item\":\"https:\/\/tourtravelandmore.com\/fr\/\"},{\"@type\":\"ListItem\",\"position\":2,\"name\":\"Tours\",\"item\":\"https:\/\/tourtravelandmore.com\/fr\/tours\/\"},{\"@type\":\"ListItem\",\"position\":3,\"name\":\"Transfert priv\u00e9 \u00e0 Madrid\"}]},{\"@type\":\"WebSite\",\"@id\":\"https:\/\/tourtravelandmore.com\/fr\/#website\",\"url\":\"https:\/\/tourtravelandmore.com\/fr\/\",\"name\":\"Tour Travel And More\",\"description\":\"Private sightseeing tours and luxury transfers in Spain\",\"publisher\":{\"@id\":\"https:\/\/tourtravelandmore.com\/fr\/#organization\"},\"potentialAction\":[{\"@type\":\"SearchAction\",\"target\":{\"@type\":\"EntryPoint\",\"urlTemplate\":\"https:\/\/tourtravelandmore.com\/fr\/?s={search_term_string}\"},\"query-input\":{\"@type\":\"PropertyValueSpecification\",\"valueRequired\":true,\"valueName\":\"search_term_string\"}}],\"inLanguage\":\"fr-FR\"},{\"@type\":\"Organization\",\"@id\":\"https:\/\/tourtravelandmore.com\/fr\/#organization\",\"name\":\"Tour Travel And More\",\"url\":\"https:\/\/tourtravelandmore.com\/fr\/\",\"logo\":{\"@type\":\"ImageObject\",\"inLanguage\":\"fr-FR\",\"@id\":\"https:\/\/tourtravelandmore.com\/fr\/#\/schema\/logo\/image\/\",\"url\":\"https:\/\/tourtravelandmore.com\/wp-content\/uploads\/2022\/12\/cropped-logo-cabecera-new.png\",\"contentUrl\":\"https:\/\/tourtravelandmore.com\/wp-content\/uploads\/2022\/12\/cropped-logo-cabecera-new.png\",\"width\":430,\"height\":61,\"caption\":\"Tour Travel And More\"},\"image\":{\"@id\":\"https:\/\/tourtravelandmore.com\/fr\/#\/schema\/logo\/image\/\"},\"sameAs\":[\"https:\/\/www.facebook.com\/tourtravelandmore\/\",\"https:\/\/x.com\/TourTravel_More\"]}]}<\/script>\n<!-- \/ Yoast SEO Premium plugin. -->","yoast_head_json":{"title":"Transfert priv\u00e9 Madrid ville environnante - MADRID PRIVATE TRANSFER","description":"Nous proposons le moyen le plus rapide et le plus simple d'atteindre votre destination finale \u00e0 Madrid. Transfert priv\u00e9 \u00e0 Madrid dans un v\u00e9hicule priv\u00e9 de luxe.","robots":{"index":"index","follow":"follow","max-snippet":"max-snippet:-1","max-image-preview":"max-image-preview:large","max-video-preview":"max-video-preview:-1"},"canonical":"https:\/\/tourtravelandmore.com\/fr\/tours\/espagne-fr\/madrid-fr\/tous-les-circuits-et-activites-prives\/transfert-prive-a-madrid\/","og_locale":"fr_FR","og_type":"article","og_title":"Transfert priv\u00e9 \u00e0 Madrid","og_description":"Nous proposons le moyen le plus rapide et le plus simple d'atteindre votre destination finale \u00e0 Madrid. Transfert priv\u00e9 \u00e0 Madrid dans un v\u00e9hicule priv\u00e9 de luxe.","og_url":"https:\/\/tourtravelandmore.com\/fr\/tours\/espagne-fr\/madrid-fr\/tous-les-circuits-et-activites-prives\/transfert-prive-a-madrid\/","og_site_name":"Tour Travel And More","article_publisher":"https:\/\/www.facebook.com\/tourtravelandmore\/","article_modified_time":"2024-05-06T15:47:22+00:00","og_image":[{"width":1500,"height":938,"url":"https:\/\/tourtravelandmore.com\/wp-content\/uploads\/2016\/11\/2014-mercedes-benz-e-class-sport-sedan-profile.jpg","type":"image\/jpeg"}],"twitter_card":"summary_large_image","twitter_site":"@TourTravel_More","twitter_misc":{"Dur\u00e9e de lecture estim\u00e9e":"1 minute"},"schema":{"@context":"https:\/\/schema.org","@graph":[{"@type":"WebPage","@id":"https:\/\/tourtravelandmore.com\/fr\/tours\/espagne-fr\/madrid-fr\/tous-les-circuits-et-activites-prives\/transfert-prive-a-madrid\/","url":"https:\/\/tourtravelandmore.com\/fr\/tours\/espagne-fr\/madrid-fr\/tous-les-circuits-et-activites-prives\/transfert-prive-a-madrid\/","name":"Transfert priv\u00e9 Madrid ville environnante - MADRID PRIVATE TRANSFER","isPartOf":{"@id":"https:\/\/tourtravelandmore.com\/fr\/#website"},"primaryImageOfPage":{"@id":"https:\/\/tourtravelandmore.com\/fr\/tours\/espagne-fr\/madrid-fr\/tous-les-circuits-et-activites-prives\/transfert-prive-a-madrid\/#primaryimage"},"image":{"@id":"https:\/\/tourtravelandmore.com\/fr\/tours\/espagne-fr\/madrid-fr\/tous-les-circuits-et-activites-prives\/transfert-prive-a-madrid\/#primaryimage"},"thumbnailUrl":"https:\/\/tourtravelandmore.com\/wp-content\/uploads\/2016\/11\/2014-mercedes-benz-e-class-sport-sedan-profile.jpg","datePublished":"2017-01-16T10:28:55+00:00","dateModified":"2024-05-06T15:47:22+00:00","description":"Nous proposons le moyen le plus rapide et le plus simple d'atteindre votre destination finale \u00e0 Madrid. Transfert priv\u00e9 \u00e0 Madrid dans un v\u00e9hicule priv\u00e9 de luxe.","breadcrumb":{"@id":"https:\/\/tourtravelandmore.com\/fr\/tours\/espagne-fr\/madrid-fr\/tous-les-circuits-et-activites-prives\/transfert-prive-a-madrid\/#breadcrumb"},"inLanguage":"fr-FR","potentialAction":[{"@type":"ReadAction","target":["https:\/\/tourtravelandmore.com\/fr\/tours\/espagne-fr\/madrid-fr\/tous-les-circuits-et-activites-prives\/transfert-prive-a-madrid\/"]}]},{"@type":"ImageObject","inLanguage":"fr-FR","@id":"https:\/\/tourtravelandmore.com\/fr\/tours\/espagne-fr\/madrid-fr\/tous-les-circuits-et-activites-prives\/transfert-prive-a-madrid\/#primaryimage","url":"https:\/\/tourtravelandmore.com\/wp-content\/uploads\/2016\/11\/2014-mercedes-benz-e-class-sport-sedan-profile.jpg","contentUrl":"https:\/\/tourtravelandmore.com\/wp-content\/uploads\/2016\/11\/2014-mercedes-benz-e-class-sport-sedan-profile.jpg","width":1500,"height":938,"caption":"2014 Mercedes-Benz E-Class Sport Sedan."},{"@type":"BreadcrumbList","@id":"https:\/\/tourtravelandmore.com\/fr\/tours\/espagne-fr\/madrid-fr\/tous-les-circuits-et-activites-prives\/transfert-prive-a-madrid\/#breadcrumb","itemListElement":[{"@type":"ListItem","position":1,"name":"Home","item":"https:\/\/tourtravelandmore.com\/fr\/"},{"@type":"ListItem","position":2,"name":"Tours","item":"https:\/\/tourtravelandmore.com\/fr\/tours\/"},{"@type":"ListItem","position":3,"name":"Transfert priv\u00e9 \u00e0 Madrid"}]},{"@type":"WebSite","@id":"https:\/\/tourtravelandmore.com\/fr\/#website","url":"https:\/\/tourtravelandmore.com\/fr\/","name":"Tour Travel And More","description":"Private sightseeing tours and luxury transfers in Spain","publisher":{"@id":"https:\/\/tourtravelandmore.com\/fr\/#organization"},"potentialAction":[{"@type":"SearchAction","target":{"@type":"EntryPoint","urlTemplate":"https:\/\/tourtravelandmore.com\/fr\/?s={search_term_string}"},"query-input":{"@type":"PropertyValueSpecification","valueRequired":true,"valueName":"search_term_string"}}],"inLanguage":"fr-FR"},{"@type":"Organization","@id":"https:\/\/tourtravelandmore.com\/fr\/#organization","name":"Tour Travel And More","url":"https:\/\/tourtravelandmore.com\/fr\/","logo":{"@type":"ImageObject","inLanguage":"fr-FR","@id":"https:\/\/tourtravelandmore.com\/fr\/#\/schema\/logo\/image\/","url":"https:\/\/tourtravelandmore.com\/wp-content\/uploads\/2022\/12\/cropped-logo-cabecera-new.png","contentUrl":"https:\/\/tourtravelandmore.com\/wp-content\/uploads\/2022\/12\/cropped-logo-cabecera-new.png","width":430,"height":61,"caption":"Tour Travel And More"},"image":{"@id":"https:\/\/tourtravelandmore.com\/fr\/#\/schema\/logo\/image\/"},"sameAs":["https:\/\/www.facebook.com\/tourtravelandmore\/","https:\/\/x.com\/TourTravel_More"]}]}},"_links":{"self":[{"href":"https:\/\/tourtravelandmore.com\/fr\/wp-json\/wp\/v2\/product\/98778","targetHints":{"allow":["GET"]}}],"collection":[{"href":"https:\/\/tourtravelandmore.com\/fr\/wp-json\/wp\/v2\/product"}],"about":[{"href":"https:\/\/tourtravelandmore.com\/fr\/wp-json\/wp\/v2\/types\/product"}],"replies":[{"embeddable":true,"href":"https:\/\/tourtravelandmore.com\/fr\/wp-json\/wp\/v2\/comments?post=98778"}],"wp:featuredmedia":[{"embeddable":true,"href":"https:\/\/tourtravelandmore.com\/fr\/wp-json\/wp\/v2\/media\/94004"}],"wp:attachment":[{"href":"https:\/\/tourtravelandmore.com\/fr\/wp-json\/wp\/v2\/media?parent=98778"}],"wp:term":[{"taxonomy":"product_brand","embeddable":true,"href":"https:\/\/tourtravelandmore.com\/fr\/wp-json\/wp\/v2\/product_brand?post=98778"},{"taxonomy":"product_cat","embeddable":true,"href":"https:\/\/tourtravelandmore.com\/fr\/wp-json\/wp\/v2\/product_cat?post=98778"},{"taxonomy":"product_tag","embeddable":true,"href":"https:\/\/tourtravelandmore.com\/fr\/wp-json\/wp\/v2\/product_tag?post=98778"}],"curies":[{"name":"wp","href":"https:\/\/api.w.org\/{rel}","templated":true}]}}