{"id":98773,"date":"2016-10-28T10:37:47","date_gmt":"2016-10-28T08:37:47","guid":{"rendered":"https:\/\/tourtravelandmore.com\/tours\/non%20class\u00e9\/visite-a-pied-des-tapas-a-madrid\/"},"modified":"2024-05-10T19:00:42","modified_gmt":"2024-05-10T17:00:42","slug":"visite-a-pied-des-tapas-a-madrid","status":"publish","type":"product","link":"https:\/\/tourtravelandmore.com\/fr\/tours\/espagne-fr\/madrid-fr\/tous-les-circuits-et-activites-prives\/visite-a-pied-des-tapas-a-madrid\/","title":{"rendered":"Visite priv\u00e9e \u00e0 pied des tapas \u00e0 Madrid"},"content":{"rendered":"<h2>La description<\/h2>\n<p>Les tapas sont l&#8217;une des ic\u00f4nes de l&#8217;Espagne. Vous venez nous rendre visite ici, vous ne pouvez pas manquer une chance de d\u00e9guster des tapas typiques. Que ce soit \u00e0 Barcelone, Madrid, Bilbao, Andalousie &#8230; Vous devez go\u00fbter nos tapas! Profitez de cette visite priv\u00e9e \u00e0 pied des tapas \u00e0 Madrid! Vous aurez un guide officiel priv\u00e9 \u00e0 votre disposition pour la visite guid\u00e9e de 2 heures.<\/p>\n<p>La visite aura lieu avec un point de rencontre situ\u00e9 au centre. En tant que visite \u00e0 pied, nous pouvons organiser une prise en charge \u00e0 l&#8217;h\u00f4tel si votre h\u00f4tel est situ\u00e9 au centre. Sinon, nous organiserons un point de rencontre confortable pour commencer la visite priv\u00e9e.<\/p>\n<p>La dur\u00e9e de la visite sera de 2 heures. Profitez des meilleurs sites de Madrid ainsi que des tapas les plus savoureuses de la ville. Nous vous emm\u00e8nerons bien s\u00fbr voir le Mercado de San Miguel, mais il y a aussi d&#8217;autres endroits formidables \u00e0 visiter. Si vous avez des envies particuli\u00e8res ou des tapas sp\u00e9cifiques que vous aimeriez go\u00fbter, faites-le nous savoir. Nos conseillers voyages sont \u00e0 votre disposition pour organiser la visite priv\u00e9e en fonction de vos envies exactes! Cette visite priv\u00e9e \u00e0 pied des tapas \u00e0 Madrid peut \u00eatre personnalis\u00e9e!<\/p>\n<h2>Sites d&#8217;int\u00e9r\u00eat et monuments<\/h2>\n<p>Tout d&#8217;abord, nous organiserons une prise en charge confortable avec votre guide officiel priv\u00e9. Si votre h\u00f4tel n&#8217;est pas accessible \u00e0 pied, nous nous retrouverons pr\u00e8s du Palais Royal.<\/p>\n<p>Un tapas est connu comme un petit ap\u00e9ritif. Vous pouvez les trouver dans la plupart des bars et restaurants et les accompagner d&#8217;un verre.<\/p>\n<p>Voici un exemple et une liste de tapas que vous pouvez d\u00e9cider d&#8217;essayer:<\/p>\n<ul>\n<li><strong>Tortilla de pommes de terre: Tortilla de Patata<\/strong><\/li>\n<li><strong>Jamon Iberico: jambon espagnol<\/strong><\/li>\n<li><strong>Crevettes grill\u00e9es<\/strong><\/li>\n<li><strong>Pan con Tomate: Pain \u00e0 la tomate<\/strong><\/li>\n<li><strong>Patatas Bravas: frites \u00e9pic\u00e9es<\/strong><\/li>\n<li><strong>Chipirones<\/strong><\/li>\n<li><strong>Anchois: Anchois<\/strong><\/li>\n<li><strong>Salade russe: Ensaladilla Rusa<\/strong><\/li>\n<li><strong>Croquetas: il peut s&#8217;agir de poisson, de poulet &#8230;<\/strong><\/li>\n<li><strong>Aceitrunas<\/strong><\/li>\n<li><strong>Queso manchego<\/strong><\/li>\n<li><strong>Calamares: fruits de mer<\/strong><\/li>\n<li><strong>Mejillones<\/strong><\/li>\n<li><strong>Morcilla et chorizo<\/strong><\/li>\n<li><strong>Huevos rotos: une vraie \u00e9picerie!<\/strong><\/li>\n<li><strong>S\u00e9pia<\/strong><\/li>\n<li><strong>Pulpo a la gallega<\/strong><\/li>\n<li><strong>Pescadito frito<\/strong><\/li>\n<li><strong>Beaucoup plus!<\/strong><\/li>\n<\/ul>\n<p>Vous appr\u00e9cierez cette visite \u00e0 pied de 2 heures de tapas avec votre propre guide officiel priv\u00e9. En plus de go\u00fbter aux meilleurs tapas, vous profiterez d&#8217;une visite \u00e0 pied de Madrid.<\/p>\n<p>Consultez toutes nos visites de Madrid!<\/p>\n","protected":false},"excerpt":{"rendered":"<p>Profitez de cette occasion pour profiter d&#8217;une grande exp\u00e9rience de tapas \u00e0 Madrid et apprendre \u00e0 conna\u00eetre les tapas espagnoles typiques. Visite priv\u00e9e \u00e0 pied des tapas \u00e0 Madrid.<\/p>\n","protected":false},"featured_media":93482,"comment_status":"open","ping_status":"closed","template":"","meta":{"_acf_changed":false},"product_brand":[],"product_cat":[5379,3543,4028],"product_tag":[5399,5400,5404,5403,5402,5401],"class_list":{"0":"post-98773","1":"product","2":"type-product","3":"status-publish","4":"has-post-thumbnail","6":"product_cat-private-walking-tours-fr-15","7":"product_cat-madrid-fr","8":"product_cat-tous-les-circuits-et-activites-prives","9":"product_tag-culinary-tours","10":"product_tag-gastronomy-fr","11":"product_tag-gastronomy-tours-fr","12":"product_tag-madrid-fr","13":"product_tag-tapas-fr","14":"product_tag-tapas-experience-fr","16":"first","17":"instock","18":"shipping-taxable","19":"purchasable","20":"product-type-simple"},"acf":[],"yoast_head":"<!-- This site is optimized with the Yoast SEO Premium plugin v25.3.1 (Yoast SEO v25.3.1) - https:\/\/yoast.com\/wordpress\/plugins\/seo\/ -->\n<title>Visite priv\u00e9e \u00e0 pied des tapas \u00e0 Madrid - Guide touristique officiel priv\u00e9<\/title>\n<meta name=\"description\" content=\"Profitez de cette occasion pour profiter d&#039;une grande exp\u00e9rience de tapas \u00e0 Madrid et apprendre \u00e0 conna\u00eetre les tapas espagnoles typiques. Visite priv\u00e9e \u00e0 pied des tapas \u00e0 Madrid.\" \/>\n<meta name=\"robots\" content=\"index, follow, max-snippet:-1, max-image-preview:large, max-video-preview:-1\" \/>\n<link rel=\"canonical\" href=\"https:\/\/tourtravelandmore.com\/fr\/tours\/espagne-fr\/madrid-fr\/tous-les-circuits-et-activites-prives\/visite-a-pied-des-tapas-a-madrid\/\" \/>\n<meta property=\"og:locale\" content=\"fr_FR\" \/>\n<meta property=\"og:type\" content=\"article\" \/>\n<meta property=\"og:title\" content=\"Visite priv\u00e9e \u00e0 pied des tapas \u00e0 Madrid\" \/>\n<meta property=\"og:description\" content=\"Profitez de cette occasion pour profiter d&#039;une grande exp\u00e9rience de tapas \u00e0 Madrid et apprendre \u00e0 conna\u00eetre les tapas espagnoles typiques. Visite priv\u00e9e \u00e0 pied des tapas \u00e0 Madrid.\" \/>\n<meta property=\"og:url\" content=\"https:\/\/tourtravelandmore.com\/fr\/tours\/espagne-fr\/madrid-fr\/tous-les-circuits-et-activites-prives\/visite-a-pied-des-tapas-a-madrid\/\" \/>\n<meta property=\"og:site_name\" content=\"Tour Travel And More\" \/>\n<meta property=\"article:publisher\" content=\"https:\/\/www.facebook.com\/tourtravelandmore\/\" \/>\n<meta property=\"article:modified_time\" content=\"2024-05-10T17:00:42+00:00\" \/>\n<meta property=\"og:image\" content=\"https:\/\/tourtravelandmore.com\/wp-content\/uploads\/2016\/10\/Tapas1.jpg\" \/>\n\t<meta property=\"og:image:width\" content=\"3363\" \/>\n\t<meta property=\"og:image:height\" content=\"2337\" \/>\n\t<meta property=\"og:image:type\" content=\"image\/jpeg\" \/>\n<meta name=\"twitter:card\" content=\"summary_large_image\" \/>\n<meta name=\"twitter:site\" content=\"@TourTravel_More\" \/>\n<meta name=\"twitter:label1\" content=\"Dur\u00e9e de lecture estim\u00e9e\" \/>\n\t<meta name=\"twitter:data1\" content=\"2 minutes\" \/>\n<script type=\"application\/ld+json\" class=\"yoast-schema-graph\">{\"@context\":\"https:\/\/schema.org\",\"@graph\":[{\"@type\":\"WebPage\",\"@id\":\"https:\/\/tourtravelandmore.com\/fr\/tours\/espagne-fr\/madrid-fr\/tous-les-circuits-et-activites-prives\/visite-a-pied-des-tapas-a-madrid\/\",\"url\":\"https:\/\/tourtravelandmore.com\/fr\/tours\/espagne-fr\/madrid-fr\/tous-les-circuits-et-activites-prives\/visite-a-pied-des-tapas-a-madrid\/\",\"name\":\"Visite priv\u00e9e \u00e0 pied des tapas \u00e0 Madrid - Guide touristique officiel priv\u00e9\",\"isPartOf\":{\"@id\":\"https:\/\/tourtravelandmore.com\/fr\/#website\"},\"primaryImageOfPage\":{\"@id\":\"https:\/\/tourtravelandmore.com\/fr\/tours\/espagne-fr\/madrid-fr\/tous-les-circuits-et-activites-prives\/visite-a-pied-des-tapas-a-madrid\/#primaryimage\"},\"image\":{\"@id\":\"https:\/\/tourtravelandmore.com\/fr\/tours\/espagne-fr\/madrid-fr\/tous-les-circuits-et-activites-prives\/visite-a-pied-des-tapas-a-madrid\/#primaryimage\"},\"thumbnailUrl\":\"https:\/\/tourtravelandmore.com\/wp-content\/uploads\/2016\/10\/Tapas1.jpg\",\"datePublished\":\"2016-10-28T08:37:47+00:00\",\"dateModified\":\"2024-05-10T17:00:42+00:00\",\"description\":\"Profitez de cette occasion pour profiter d'une grande exp\u00e9rience de tapas \u00e0 Madrid et apprendre \u00e0 conna\u00eetre les tapas espagnoles typiques. Visite priv\u00e9e \u00e0 pied des tapas \u00e0 Madrid.\",\"breadcrumb\":{\"@id\":\"https:\/\/tourtravelandmore.com\/fr\/tours\/espagne-fr\/madrid-fr\/tous-les-circuits-et-activites-prives\/visite-a-pied-des-tapas-a-madrid\/#breadcrumb\"},\"inLanguage\":\"fr-FR\",\"potentialAction\":[{\"@type\":\"ReadAction\",\"target\":[\"https:\/\/tourtravelandmore.com\/fr\/tours\/espagne-fr\/madrid-fr\/tous-les-circuits-et-activites-prives\/visite-a-pied-des-tapas-a-madrid\/\"]}]},{\"@type\":\"ImageObject\",\"inLanguage\":\"fr-FR\",\"@id\":\"https:\/\/tourtravelandmore.com\/fr\/tours\/espagne-fr\/madrid-fr\/tous-les-circuits-et-activites-prives\/visite-a-pied-des-tapas-a-madrid\/#primaryimage\",\"url\":\"https:\/\/tourtravelandmore.com\/wp-content\/uploads\/2016\/10\/Tapas1.jpg\",\"contentUrl\":\"https:\/\/tourtravelandmore.com\/wp-content\/uploads\/2016\/10\/Tapas1.jpg\",\"width\":3363,\"height\":2337},{\"@type\":\"BreadcrumbList\",\"@id\":\"https:\/\/tourtravelandmore.com\/fr\/tours\/espagne-fr\/madrid-fr\/tous-les-circuits-et-activites-prives\/visite-a-pied-des-tapas-a-madrid\/#breadcrumb\",\"itemListElement\":[{\"@type\":\"ListItem\",\"position\":1,\"name\":\"Home\",\"item\":\"https:\/\/tourtravelandmore.com\/fr\/\"},{\"@type\":\"ListItem\",\"position\":2,\"name\":\"Tours\",\"item\":\"https:\/\/tourtravelandmore.com\/fr\/tours\/\"},{\"@type\":\"ListItem\",\"position\":3,\"name\":\"Visite priv\u00e9e \u00e0 pied des tapas \u00e0 Madrid\"}]},{\"@type\":\"WebSite\",\"@id\":\"https:\/\/tourtravelandmore.com\/fr\/#website\",\"url\":\"https:\/\/tourtravelandmore.com\/fr\/\",\"name\":\"Tour Travel And More\",\"description\":\"Private sightseeing tours and luxury transfers in Spain\",\"publisher\":{\"@id\":\"https:\/\/tourtravelandmore.com\/fr\/#organization\"},\"potentialAction\":[{\"@type\":\"SearchAction\",\"target\":{\"@type\":\"EntryPoint\",\"urlTemplate\":\"https:\/\/tourtravelandmore.com\/fr\/?s={search_term_string}\"},\"query-input\":{\"@type\":\"PropertyValueSpecification\",\"valueRequired\":true,\"valueName\":\"search_term_string\"}}],\"inLanguage\":\"fr-FR\"},{\"@type\":\"Organization\",\"@id\":\"https:\/\/tourtravelandmore.com\/fr\/#organization\",\"name\":\"Tour Travel And More\",\"url\":\"https:\/\/tourtravelandmore.com\/fr\/\",\"logo\":{\"@type\":\"ImageObject\",\"inLanguage\":\"fr-FR\",\"@id\":\"https:\/\/tourtravelandmore.com\/fr\/#\/schema\/logo\/image\/\",\"url\":\"https:\/\/tourtravelandmore.com\/wp-content\/uploads\/2022\/12\/cropped-logo-cabecera-new.png\",\"contentUrl\":\"https:\/\/tourtravelandmore.com\/wp-content\/uploads\/2022\/12\/cropped-logo-cabecera-new.png\",\"width\":430,\"height\":61,\"caption\":\"Tour Travel And More\"},\"image\":{\"@id\":\"https:\/\/tourtravelandmore.com\/fr\/#\/schema\/logo\/image\/\"},\"sameAs\":[\"https:\/\/www.facebook.com\/tourtravelandmore\/\",\"https:\/\/x.com\/TourTravel_More\"]}]}<\/script>\n<!-- \/ Yoast SEO Premium plugin. -->","yoast_head_json":{"title":"Visite priv\u00e9e \u00e0 pied des tapas \u00e0 Madrid - Guide touristique officiel priv\u00e9","description":"Profitez de cette occasion pour profiter d'une grande exp\u00e9rience de tapas \u00e0 Madrid et apprendre \u00e0 conna\u00eetre les tapas espagnoles typiques. Visite priv\u00e9e \u00e0 pied des tapas \u00e0 Madrid.","robots":{"index":"index","follow":"follow","max-snippet":"max-snippet:-1","max-image-preview":"max-image-preview:large","max-video-preview":"max-video-preview:-1"},"canonical":"https:\/\/tourtravelandmore.com\/fr\/tours\/espagne-fr\/madrid-fr\/tous-les-circuits-et-activites-prives\/visite-a-pied-des-tapas-a-madrid\/","og_locale":"fr_FR","og_type":"article","og_title":"Visite priv\u00e9e \u00e0 pied des tapas \u00e0 Madrid","og_description":"Profitez de cette occasion pour profiter d'une grande exp\u00e9rience de tapas \u00e0 Madrid et apprendre \u00e0 conna\u00eetre les tapas espagnoles typiques. Visite priv\u00e9e \u00e0 pied des tapas \u00e0 Madrid.","og_url":"https:\/\/tourtravelandmore.com\/fr\/tours\/espagne-fr\/madrid-fr\/tous-les-circuits-et-activites-prives\/visite-a-pied-des-tapas-a-madrid\/","og_site_name":"Tour Travel And More","article_publisher":"https:\/\/www.facebook.com\/tourtravelandmore\/","article_modified_time":"2024-05-10T17:00:42+00:00","og_image":[{"width":3363,"height":2337,"url":"https:\/\/tourtravelandmore.com\/wp-content\/uploads\/2016\/10\/Tapas1.jpg","type":"image\/jpeg"}],"twitter_card":"summary_large_image","twitter_site":"@TourTravel_More","twitter_misc":{"Dur\u00e9e de lecture estim\u00e9e":"2 minutes"},"schema":{"@context":"https:\/\/schema.org","@graph":[{"@type":"WebPage","@id":"https:\/\/tourtravelandmore.com\/fr\/tours\/espagne-fr\/madrid-fr\/tous-les-circuits-et-activites-prives\/visite-a-pied-des-tapas-a-madrid\/","url":"https:\/\/tourtravelandmore.com\/fr\/tours\/espagne-fr\/madrid-fr\/tous-les-circuits-et-activites-prives\/visite-a-pied-des-tapas-a-madrid\/","name":"Visite priv\u00e9e \u00e0 pied des tapas \u00e0 Madrid - Guide touristique officiel priv\u00e9","isPartOf":{"@id":"https:\/\/tourtravelandmore.com\/fr\/#website"},"primaryImageOfPage":{"@id":"https:\/\/tourtravelandmore.com\/fr\/tours\/espagne-fr\/madrid-fr\/tous-les-circuits-et-activites-prives\/visite-a-pied-des-tapas-a-madrid\/#primaryimage"},"image":{"@id":"https:\/\/tourtravelandmore.com\/fr\/tours\/espagne-fr\/madrid-fr\/tous-les-circuits-et-activites-prives\/visite-a-pied-des-tapas-a-madrid\/#primaryimage"},"thumbnailUrl":"https:\/\/tourtravelandmore.com\/wp-content\/uploads\/2016\/10\/Tapas1.jpg","datePublished":"2016-10-28T08:37:47+00:00","dateModified":"2024-05-10T17:00:42+00:00","description":"Profitez de cette occasion pour profiter d'une grande exp\u00e9rience de tapas \u00e0 Madrid et apprendre \u00e0 conna\u00eetre les tapas espagnoles typiques. Visite priv\u00e9e \u00e0 pied des tapas \u00e0 Madrid.","breadcrumb":{"@id":"https:\/\/tourtravelandmore.com\/fr\/tours\/espagne-fr\/madrid-fr\/tous-les-circuits-et-activites-prives\/visite-a-pied-des-tapas-a-madrid\/#breadcrumb"},"inLanguage":"fr-FR","potentialAction":[{"@type":"ReadAction","target":["https:\/\/tourtravelandmore.com\/fr\/tours\/espagne-fr\/madrid-fr\/tous-les-circuits-et-activites-prives\/visite-a-pied-des-tapas-a-madrid\/"]}]},{"@type":"ImageObject","inLanguage":"fr-FR","@id":"https:\/\/tourtravelandmore.com\/fr\/tours\/espagne-fr\/madrid-fr\/tous-les-circuits-et-activites-prives\/visite-a-pied-des-tapas-a-madrid\/#primaryimage","url":"https:\/\/tourtravelandmore.com\/wp-content\/uploads\/2016\/10\/Tapas1.jpg","contentUrl":"https:\/\/tourtravelandmore.com\/wp-content\/uploads\/2016\/10\/Tapas1.jpg","width":3363,"height":2337},{"@type":"BreadcrumbList","@id":"https:\/\/tourtravelandmore.com\/fr\/tours\/espagne-fr\/madrid-fr\/tous-les-circuits-et-activites-prives\/visite-a-pied-des-tapas-a-madrid\/#breadcrumb","itemListElement":[{"@type":"ListItem","position":1,"name":"Home","item":"https:\/\/tourtravelandmore.com\/fr\/"},{"@type":"ListItem","position":2,"name":"Tours","item":"https:\/\/tourtravelandmore.com\/fr\/tours\/"},{"@type":"ListItem","position":3,"name":"Visite priv\u00e9e \u00e0 pied des tapas \u00e0 Madrid"}]},{"@type":"WebSite","@id":"https:\/\/tourtravelandmore.com\/fr\/#website","url":"https:\/\/tourtravelandmore.com\/fr\/","name":"Tour Travel And More","description":"Private sightseeing tours and luxury transfers in Spain","publisher":{"@id":"https:\/\/tourtravelandmore.com\/fr\/#organization"},"potentialAction":[{"@type":"SearchAction","target":{"@type":"EntryPoint","urlTemplate":"https:\/\/tourtravelandmore.com\/fr\/?s={search_term_string}"},"query-input":{"@type":"PropertyValueSpecification","valueRequired":true,"valueName":"search_term_string"}}],"inLanguage":"fr-FR"},{"@type":"Organization","@id":"https:\/\/tourtravelandmore.com\/fr\/#organization","name":"Tour Travel And More","url":"https:\/\/tourtravelandmore.com\/fr\/","logo":{"@type":"ImageObject","inLanguage":"fr-FR","@id":"https:\/\/tourtravelandmore.com\/fr\/#\/schema\/logo\/image\/","url":"https:\/\/tourtravelandmore.com\/wp-content\/uploads\/2022\/12\/cropped-logo-cabecera-new.png","contentUrl":"https:\/\/tourtravelandmore.com\/wp-content\/uploads\/2022\/12\/cropped-logo-cabecera-new.png","width":430,"height":61,"caption":"Tour Travel And More"},"image":{"@id":"https:\/\/tourtravelandmore.com\/fr\/#\/schema\/logo\/image\/"},"sameAs":["https:\/\/www.facebook.com\/tourtravelandmore\/","https:\/\/x.com\/TourTravel_More"]}]}},"_links":{"self":[{"href":"https:\/\/tourtravelandmore.com\/fr\/wp-json\/wp\/v2\/product\/98773","targetHints":{"allow":["GET"]}}],"collection":[{"href":"https:\/\/tourtravelandmore.com\/fr\/wp-json\/wp\/v2\/product"}],"about":[{"href":"https:\/\/tourtravelandmore.com\/fr\/wp-json\/wp\/v2\/types\/product"}],"replies":[{"embeddable":true,"href":"https:\/\/tourtravelandmore.com\/fr\/wp-json\/wp\/v2\/comments?post=98773"}],"wp:featuredmedia":[{"embeddable":true,"href":"https:\/\/tourtravelandmore.com\/fr\/wp-json\/wp\/v2\/media\/93482"}],"wp:attachment":[{"href":"https:\/\/tourtravelandmore.com\/fr\/wp-json\/wp\/v2\/media?parent=98773"}],"wp:term":[{"taxonomy":"product_brand","embeddable":true,"href":"https:\/\/tourtravelandmore.com\/fr\/wp-json\/wp\/v2\/product_brand?post=98773"},{"taxonomy":"product_cat","embeddable":true,"href":"https:\/\/tourtravelandmore.com\/fr\/wp-json\/wp\/v2\/product_cat?post=98773"},{"taxonomy":"product_tag","embeddable":true,"href":"https:\/\/tourtravelandmore.com\/fr\/wp-json\/wp\/v2\/product_tag?post=98773"}],"curies":[{"name":"wp","href":"https:\/\/api.w.org\/{rel}","templated":true}]}}