{"id":98766,"date":"2016-10-25T16:22:29","date_gmt":"2016-10-25T14:22:29","guid":{"rendered":"https:\/\/tourtravelandmore.com\/tours\/non%20class\u00e9\/visite-privee-du-real-madrid-bernabeu\/"},"modified":"2025-04-14T18:52:21","modified_gmt":"2025-04-14T16:52:21","slug":"visite-privee-du-real-madrid-bernabeu","status":"publish","type":"product","link":"https:\/\/tourtravelandmore.com\/fr\/tours\/espagne-fr\/madrid-fr\/tous-les-circuits-et-activites-prives\/visite-privee-du-real-madrid-bernabeu\/","title":{"rendered":"Visite priv\u00e9e de Madrid et du Santiago Bernabeu"},"content":{"rendered":"<h2>La description<\/h2>\n<p>Profitez de cette visite priv\u00e9e du Real Madrid Bernabeu avec une prise en charge priv\u00e9e \u00e0 l&#8217;h\u00f4tel. Saisissez l&#8217;occasion d&#8217;en apprendre davantage sur le Real Madrid et le mus\u00e9e du Real Madrid. Profitez de cette visite priv\u00e9e avec un v\u00e9hicule de luxe priv\u00e9 avec chauffeur. Il y aura un guide officiel priv\u00e9 avec vous pour la visite priv\u00e9e de 4 heures du Real Madrid Bernabeu.<\/p>\n<p>Tout d&#8217;abord, nous organiserons une prise en charge \u00e0 l&#8217;h\u00f4tel pour une exp\u00e9rience tr\u00e8s confortable. Une fois que nous sommes venus vous chercher, nous nous dirigerons vers le stade du Real Madrid.<\/p>\n<p>Vous profiterez d&#8217;une visite du stade ainsi que du mus\u00e9e Bernabeu. Votre guide officiel priv\u00e9 sera \u00e0 votre disposition pendant la visite de 4 heures. Une fois que vous avez termin\u00e9 votre s\u00e9jour au Bernabeu, prenez le temps qu&#8217;il vous reste pour profiter des points forts de la ville de Madrid.<\/p>\n<h2>Sites d&#8217;int\u00e9r\u00eat et monuments<\/h2>\n<p>Cette visite est con\u00e7ue pour les fanatiques de football et en m\u00eame temps, profitez d&#8217;une vue rapide de la ville. Madrid Tour Travel vous propose cette visite priv\u00e9e dans votre propre v\u00e9hicule priv\u00e9 pendant quatre heures o\u00f9 vous pourrez avoir une vue rapide de la ville et faire une excellente halte au stade du Real Madrid de Santiago Bernabeu.<\/p>\n<p>Dans le Santiago Bernabeu, vous profiterez de votre propre priv\u00e9 avec votre guide officiel qui vous m\u00e8nera \u00e0 tous les endroits autoris\u00e9s par le club \u00e0 visiter.<\/p>\n<p>Nous viendrons vous chercher directement \u00e0 votre h\u00f4tel ou lieu de votre choix et commencerons notre visite \u00e0 partir de l\u00e0.<br \/>\nPouvez-vous imaginer marcher librement dans le stade et le mus\u00e9e du Real Madrid avec votre propre guide priv\u00e9? C&#8217;est votre chance de profiter de ces moments incroyables que vous avez toujours vus \u00e0 la t\u00e9l\u00e9vision.<\/p>\n<p>Lors de la visite du stade, vous pourrez visiter:<\/p>\n<ul>\n<li><strong>Visite panoramique du Santiago Bernabeu<\/strong><\/li>\n<li><strong>Chambre \u00abMeilleur club de l&#8217;histoire\u00bb<\/strong><\/li>\n<li><strong>Salle des sensations<\/strong><\/li>\n<li><strong>Photomontages<\/strong><\/li>\n<li><strong>Pas<\/strong><\/li>\n<li><strong>Bo\u00eete pr\u00e9sidentielle<\/strong><\/li>\n<li><strong>Vestiaire du Real Madrid<\/strong><\/li>\n<li><strong>Tunnel, pirogues et zone technique<\/strong><\/li>\n<li><strong>salle de presse<\/strong><\/li>\n<li><strong>Boutique officielle<\/strong><\/li>\n<\/ul>\n<p>Une fois que nous aurons termin\u00e9 avec la visite du Santiago Bernabeu, nous visiterons Madrid. Nous vous pr\u00e9senterons les monuments embl\u00e9matiques de la ville et vous pourrez d\u00e9couvrir une bonne perspective de cette ville contemporaine de Madrid. Vous aurez la chance de voir parmi les autres; Plaza Cibeles, Paseo de Recoletos, centre financier de Mardid, Plaza de Castilla, nouvelles tours de Madrid\u2026<\/p>\n<p>Une fois la visite termin\u00e9e, votre guide officiel priv\u00e9 et chauffeur avec v\u00e9hicule vous ram\u00e8nera \u00e0 votre h\u00f4tel ou lieu de votre choix \u00e0 Madrid.<\/p>\n","protected":false},"excerpt":{"rendered":"<p>Profitez de cette occasion pour conna\u00eetre le stade de football du Real Madrid, Santiago Bernabeu, avec votre propre guide officiel priv\u00e9 lors de cette visite priv\u00e9e. Prise en charge priv\u00e9e incluse et le meilleur moyen d&#8217;apprendre tout ce que vous devez savoir sur l&#8217;\u00e9quipe de football du Real Madrid!<\/p>\n","protected":false},"featured_media":182355,"comment_status":"open","ping_status":"closed","template":"","meta":{"_acf_changed":false},"product_brand":[],"product_cat":[5356,3543,4028],"product_tag":[],"class_list":{"0":"post-98766","1":"product","2":"type-product","3":"status-publish","4":"has-post-thumbnail","6":"product_cat-private-sightseeing-tours-fr-38","7":"product_cat-madrid-fr","8":"product_cat-tous-les-circuits-et-activites-prives","10":"first","11":"instock","12":"shipping-taxable","13":"purchasable","14":"product-type-simple"},"acf":[],"yoast_head":"<!-- This site is optimized with the Yoast SEO Premium plugin v25.3.1 (Yoast SEO v25.3.1) - https:\/\/yoast.com\/wordpress\/plugins\/seo\/ -->\n<title>Visite priv\u00e9e du Real Madrid Bernabeu - Billets pour le mus\u00e9e inclus<\/title>\n<meta name=\"description\" content=\"Profitez de cette occasion pour conna\u00eetre le stade de football du Real Madrid, Santiago Bernabeu, avec votre propre guide officiel priv\u00e9 lors de cette visite priv\u00e9e.\" \/>\n<meta name=\"robots\" content=\"index, follow, max-snippet:-1, max-image-preview:large, max-video-preview:-1\" \/>\n<link rel=\"canonical\" href=\"https:\/\/tourtravelandmore.com\/fr\/tours\/espagne-fr\/madrid-fr\/tous-les-circuits-et-activites-prives\/visite-privee-du-real-madrid-bernabeu\/\" \/>\n<meta property=\"og:locale\" content=\"fr_FR\" \/>\n<meta property=\"og:type\" content=\"article\" \/>\n<meta property=\"og:title\" content=\"Visite priv\u00e9e de Madrid et du Santiago Bernabeu\" \/>\n<meta property=\"og:description\" content=\"Profitez de cette occasion pour conna\u00eetre le stade de football du Real Madrid, Santiago Bernabeu, avec votre propre guide officiel priv\u00e9 lors de cette visite priv\u00e9e.\" \/>\n<meta property=\"og:url\" content=\"https:\/\/tourtravelandmore.com\/fr\/tours\/espagne-fr\/madrid-fr\/tous-les-circuits-et-activites-prives\/visite-privee-du-real-madrid-bernabeu\/\" \/>\n<meta property=\"og:site_name\" content=\"Tour Travel And More\" \/>\n<meta property=\"article:publisher\" content=\"https:\/\/www.facebook.com\/tourtravelandmore\/\" \/>\n<meta property=\"article:modified_time\" content=\"2025-04-14T16:52:21+00:00\" \/>\n<meta property=\"og:image\" content=\"https:\/\/tourtravelandmore.com\/wp-content\/uploads\/2016\/10\/madrid-1323406_1280.jpg\" \/>\n\t<meta property=\"og:image:width\" content=\"1280\" \/>\n\t<meta property=\"og:image:height\" content=\"851\" \/>\n\t<meta property=\"og:image:type\" content=\"image\/jpeg\" \/>\n<meta name=\"twitter:card\" content=\"summary_large_image\" \/>\n<meta name=\"twitter:site\" content=\"@TourTravel_More\" \/>\n<meta name=\"twitter:label1\" content=\"Dur\u00e9e de lecture estim\u00e9e\" \/>\n\t<meta name=\"twitter:data1\" content=\"2 minutes\" \/>\n<script type=\"application\/ld+json\" class=\"yoast-schema-graph\">{\"@context\":\"https:\/\/schema.org\",\"@graph\":[{\"@type\":\"WebPage\",\"@id\":\"https:\/\/tourtravelandmore.com\/fr\/tours\/espagne-fr\/madrid-fr\/tous-les-circuits-et-activites-prives\/visite-privee-du-real-madrid-bernabeu\/\",\"url\":\"https:\/\/tourtravelandmore.com\/fr\/tours\/espagne-fr\/madrid-fr\/tous-les-circuits-et-activites-prives\/visite-privee-du-real-madrid-bernabeu\/\",\"name\":\"Visite priv\u00e9e du Real Madrid Bernabeu - Billets pour le mus\u00e9e inclus\",\"isPartOf\":{\"@id\":\"https:\/\/tourtravelandmore.com\/fr\/#website\"},\"primaryImageOfPage\":{\"@id\":\"https:\/\/tourtravelandmore.com\/fr\/tours\/espagne-fr\/madrid-fr\/tous-les-circuits-et-activites-prives\/visite-privee-du-real-madrid-bernabeu\/#primaryimage\"},\"image\":{\"@id\":\"https:\/\/tourtravelandmore.com\/fr\/tours\/espagne-fr\/madrid-fr\/tous-les-circuits-et-activites-prives\/visite-privee-du-real-madrid-bernabeu\/#primaryimage\"},\"thumbnailUrl\":\"https:\/\/tourtravelandmore.com\/wp-content\/uploads\/2016\/10\/madrid-1323406_1280.jpg\",\"datePublished\":\"2016-10-25T14:22:29+00:00\",\"dateModified\":\"2025-04-14T16:52:21+00:00\",\"description\":\"Profitez de cette occasion pour conna\u00eetre le stade de football du Real Madrid, Santiago Bernabeu, avec votre propre guide officiel priv\u00e9 lors de cette visite priv\u00e9e.\",\"breadcrumb\":{\"@id\":\"https:\/\/tourtravelandmore.com\/fr\/tours\/espagne-fr\/madrid-fr\/tous-les-circuits-et-activites-prives\/visite-privee-du-real-madrid-bernabeu\/#breadcrumb\"},\"inLanguage\":\"fr-FR\",\"potentialAction\":[{\"@type\":\"ReadAction\",\"target\":[\"https:\/\/tourtravelandmore.com\/fr\/tours\/espagne-fr\/madrid-fr\/tous-les-circuits-et-activites-prives\/visite-privee-du-real-madrid-bernabeu\/\"]}]},{\"@type\":\"ImageObject\",\"inLanguage\":\"fr-FR\",\"@id\":\"https:\/\/tourtravelandmore.com\/fr\/tours\/espagne-fr\/madrid-fr\/tous-les-circuits-et-activites-prives\/visite-privee-du-real-madrid-bernabeu\/#primaryimage\",\"url\":\"https:\/\/tourtravelandmore.com\/wp-content\/uploads\/2016\/10\/madrid-1323406_1280.jpg\",\"contentUrl\":\"https:\/\/tourtravelandmore.com\/wp-content\/uploads\/2016\/10\/madrid-1323406_1280.jpg\",\"width\":1280,\"height\":851},{\"@type\":\"BreadcrumbList\",\"@id\":\"https:\/\/tourtravelandmore.com\/fr\/tours\/espagne-fr\/madrid-fr\/tous-les-circuits-et-activites-prives\/visite-privee-du-real-madrid-bernabeu\/#breadcrumb\",\"itemListElement\":[{\"@type\":\"ListItem\",\"position\":1,\"name\":\"Home\",\"item\":\"https:\/\/tourtravelandmore.com\/fr\/\"},{\"@type\":\"ListItem\",\"position\":2,\"name\":\"Tours\",\"item\":\"https:\/\/tourtravelandmore.com\/fr\/tours\/\"},{\"@type\":\"ListItem\",\"position\":3,\"name\":\"Visite priv\u00e9e de Madrid et du Santiago Bernabeu\"}]},{\"@type\":\"WebSite\",\"@id\":\"https:\/\/tourtravelandmore.com\/fr\/#website\",\"url\":\"https:\/\/tourtravelandmore.com\/fr\/\",\"name\":\"Tour Travel And More\",\"description\":\"Private sightseeing tours and luxury transfers in Spain\",\"publisher\":{\"@id\":\"https:\/\/tourtravelandmore.com\/fr\/#organization\"},\"potentialAction\":[{\"@type\":\"SearchAction\",\"target\":{\"@type\":\"EntryPoint\",\"urlTemplate\":\"https:\/\/tourtravelandmore.com\/fr\/?s={search_term_string}\"},\"query-input\":{\"@type\":\"PropertyValueSpecification\",\"valueRequired\":true,\"valueName\":\"search_term_string\"}}],\"inLanguage\":\"fr-FR\"},{\"@type\":\"Organization\",\"@id\":\"https:\/\/tourtravelandmore.com\/fr\/#organization\",\"name\":\"Tour Travel And More\",\"url\":\"https:\/\/tourtravelandmore.com\/fr\/\",\"logo\":{\"@type\":\"ImageObject\",\"inLanguage\":\"fr-FR\",\"@id\":\"https:\/\/tourtravelandmore.com\/fr\/#\/schema\/logo\/image\/\",\"url\":\"https:\/\/tourtravelandmore.com\/wp-content\/uploads\/2022\/12\/cropped-logo-cabecera-new.png\",\"contentUrl\":\"https:\/\/tourtravelandmore.com\/wp-content\/uploads\/2022\/12\/cropped-logo-cabecera-new.png\",\"width\":430,\"height\":61,\"caption\":\"Tour Travel And More\"},\"image\":{\"@id\":\"https:\/\/tourtravelandmore.com\/fr\/#\/schema\/logo\/image\/\"},\"sameAs\":[\"https:\/\/www.facebook.com\/tourtravelandmore\/\",\"https:\/\/x.com\/TourTravel_More\"]}]}<\/script>\n<!-- \/ Yoast SEO Premium plugin. -->","yoast_head_json":{"title":"Visite priv\u00e9e du Real Madrid Bernabeu - Billets pour le mus\u00e9e inclus","description":"Profitez de cette occasion pour conna\u00eetre le stade de football du Real Madrid, Santiago Bernabeu, avec votre propre guide officiel priv\u00e9 lors de cette visite priv\u00e9e.","robots":{"index":"index","follow":"follow","max-snippet":"max-snippet:-1","max-image-preview":"max-image-preview:large","max-video-preview":"max-video-preview:-1"},"canonical":"https:\/\/tourtravelandmore.com\/fr\/tours\/espagne-fr\/madrid-fr\/tous-les-circuits-et-activites-prives\/visite-privee-du-real-madrid-bernabeu\/","og_locale":"fr_FR","og_type":"article","og_title":"Visite priv\u00e9e de Madrid et du Santiago Bernabeu","og_description":"Profitez de cette occasion pour conna\u00eetre le stade de football du Real Madrid, Santiago Bernabeu, avec votre propre guide officiel priv\u00e9 lors de cette visite priv\u00e9e.","og_url":"https:\/\/tourtravelandmore.com\/fr\/tours\/espagne-fr\/madrid-fr\/tous-les-circuits-et-activites-prives\/visite-privee-du-real-madrid-bernabeu\/","og_site_name":"Tour Travel And More","article_publisher":"https:\/\/www.facebook.com\/tourtravelandmore\/","article_modified_time":"2025-04-14T16:52:21+00:00","og_image":[{"width":1280,"height":851,"url":"https:\/\/tourtravelandmore.com\/wp-content\/uploads\/2016\/10\/madrid-1323406_1280.jpg","type":"image\/jpeg"}],"twitter_card":"summary_large_image","twitter_site":"@TourTravel_More","twitter_misc":{"Dur\u00e9e de lecture estim\u00e9e":"2 minutes"},"schema":{"@context":"https:\/\/schema.org","@graph":[{"@type":"WebPage","@id":"https:\/\/tourtravelandmore.com\/fr\/tours\/espagne-fr\/madrid-fr\/tous-les-circuits-et-activites-prives\/visite-privee-du-real-madrid-bernabeu\/","url":"https:\/\/tourtravelandmore.com\/fr\/tours\/espagne-fr\/madrid-fr\/tous-les-circuits-et-activites-prives\/visite-privee-du-real-madrid-bernabeu\/","name":"Visite priv\u00e9e du Real Madrid Bernabeu - Billets pour le mus\u00e9e inclus","isPartOf":{"@id":"https:\/\/tourtravelandmore.com\/fr\/#website"},"primaryImageOfPage":{"@id":"https:\/\/tourtravelandmore.com\/fr\/tours\/espagne-fr\/madrid-fr\/tous-les-circuits-et-activites-prives\/visite-privee-du-real-madrid-bernabeu\/#primaryimage"},"image":{"@id":"https:\/\/tourtravelandmore.com\/fr\/tours\/espagne-fr\/madrid-fr\/tous-les-circuits-et-activites-prives\/visite-privee-du-real-madrid-bernabeu\/#primaryimage"},"thumbnailUrl":"https:\/\/tourtravelandmore.com\/wp-content\/uploads\/2016\/10\/madrid-1323406_1280.jpg","datePublished":"2016-10-25T14:22:29+00:00","dateModified":"2025-04-14T16:52:21+00:00","description":"Profitez de cette occasion pour conna\u00eetre le stade de football du Real Madrid, Santiago Bernabeu, avec votre propre guide officiel priv\u00e9 lors de cette visite priv\u00e9e.","breadcrumb":{"@id":"https:\/\/tourtravelandmore.com\/fr\/tours\/espagne-fr\/madrid-fr\/tous-les-circuits-et-activites-prives\/visite-privee-du-real-madrid-bernabeu\/#breadcrumb"},"inLanguage":"fr-FR","potentialAction":[{"@type":"ReadAction","target":["https:\/\/tourtravelandmore.com\/fr\/tours\/espagne-fr\/madrid-fr\/tous-les-circuits-et-activites-prives\/visite-privee-du-real-madrid-bernabeu\/"]}]},{"@type":"ImageObject","inLanguage":"fr-FR","@id":"https:\/\/tourtravelandmore.com\/fr\/tours\/espagne-fr\/madrid-fr\/tous-les-circuits-et-activites-prives\/visite-privee-du-real-madrid-bernabeu\/#primaryimage","url":"https:\/\/tourtravelandmore.com\/wp-content\/uploads\/2016\/10\/madrid-1323406_1280.jpg","contentUrl":"https:\/\/tourtravelandmore.com\/wp-content\/uploads\/2016\/10\/madrid-1323406_1280.jpg","width":1280,"height":851},{"@type":"BreadcrumbList","@id":"https:\/\/tourtravelandmore.com\/fr\/tours\/espagne-fr\/madrid-fr\/tous-les-circuits-et-activites-prives\/visite-privee-du-real-madrid-bernabeu\/#breadcrumb","itemListElement":[{"@type":"ListItem","position":1,"name":"Home","item":"https:\/\/tourtravelandmore.com\/fr\/"},{"@type":"ListItem","position":2,"name":"Tours","item":"https:\/\/tourtravelandmore.com\/fr\/tours\/"},{"@type":"ListItem","position":3,"name":"Visite priv\u00e9e de Madrid et du Santiago Bernabeu"}]},{"@type":"WebSite","@id":"https:\/\/tourtravelandmore.com\/fr\/#website","url":"https:\/\/tourtravelandmore.com\/fr\/","name":"Tour Travel And More","description":"Private sightseeing tours and luxury transfers in Spain","publisher":{"@id":"https:\/\/tourtravelandmore.com\/fr\/#organization"},"potentialAction":[{"@type":"SearchAction","target":{"@type":"EntryPoint","urlTemplate":"https:\/\/tourtravelandmore.com\/fr\/?s={search_term_string}"},"query-input":{"@type":"PropertyValueSpecification","valueRequired":true,"valueName":"search_term_string"}}],"inLanguage":"fr-FR"},{"@type":"Organization","@id":"https:\/\/tourtravelandmore.com\/fr\/#organization","name":"Tour Travel And More","url":"https:\/\/tourtravelandmore.com\/fr\/","logo":{"@type":"ImageObject","inLanguage":"fr-FR","@id":"https:\/\/tourtravelandmore.com\/fr\/#\/schema\/logo\/image\/","url":"https:\/\/tourtravelandmore.com\/wp-content\/uploads\/2022\/12\/cropped-logo-cabecera-new.png","contentUrl":"https:\/\/tourtravelandmore.com\/wp-content\/uploads\/2022\/12\/cropped-logo-cabecera-new.png","width":430,"height":61,"caption":"Tour Travel And More"},"image":{"@id":"https:\/\/tourtravelandmore.com\/fr\/#\/schema\/logo\/image\/"},"sameAs":["https:\/\/www.facebook.com\/tourtravelandmore\/","https:\/\/x.com\/TourTravel_More"]}]}},"_links":{"self":[{"href":"https:\/\/tourtravelandmore.com\/fr\/wp-json\/wp\/v2\/product\/98766","targetHints":{"allow":["GET"]}}],"collection":[{"href":"https:\/\/tourtravelandmore.com\/fr\/wp-json\/wp\/v2\/product"}],"about":[{"href":"https:\/\/tourtravelandmore.com\/fr\/wp-json\/wp\/v2\/types\/product"}],"replies":[{"embeddable":true,"href":"https:\/\/tourtravelandmore.com\/fr\/wp-json\/wp\/v2\/comments?post=98766"}],"wp:featuredmedia":[{"embeddable":true,"href":"https:\/\/tourtravelandmore.com\/fr\/wp-json\/wp\/v2\/media\/182355"}],"wp:attachment":[{"href":"https:\/\/tourtravelandmore.com\/fr\/wp-json\/wp\/v2\/media?parent=98766"}],"wp:term":[{"taxonomy":"product_brand","embeddable":true,"href":"https:\/\/tourtravelandmore.com\/fr\/wp-json\/wp\/v2\/product_brand?post=98766"},{"taxonomy":"product_cat","embeddable":true,"href":"https:\/\/tourtravelandmore.com\/fr\/wp-json\/wp\/v2\/product_cat?post=98766"},{"taxonomy":"product_tag","embeddable":true,"href":"https:\/\/tourtravelandmore.com\/fr\/wp-json\/wp\/v2\/product_tag?post=98766"}],"curies":[{"name":"wp","href":"https:\/\/api.w.org\/{rel}","templated":true}]}}