{"id":98761,"date":"2016-10-25T14:01:12","date_gmt":"2016-10-25T12:01:12","guid":{"rendered":"https:\/\/tourtravelandmore.com\/tours\/non%20class\u00e9\/visite-privee-du-musee-du-prado\/"},"modified":"2025-10-24T19:45:08","modified_gmt":"2025-10-24T17:45:08","slug":"visite-privee-du-musee-du-prado","status":"publish","type":"product","link":"https:\/\/tourtravelandmore.com\/fr\/tours\/espagne-fr\/madrid-fr\/tous-les-circuits-et-activites-prives\/visite-privee-du-musee-du-prado\/","title":{"rendered":"Visite a pied priv\u00e9e du mus\u00e9e du Prado"},"content":{"rendered":"<h2><b><strong>Visite priv\u00e9e du mus\u00e9e du Prado Description<\/strong><\/b><\/h2>\n<p>Profitez de cette visite priv\u00e9e du mus\u00e9e du Prado avec votre propre guide officiel et d\u00e9couvrez l&#8217;un des mus\u00e9es les plus importants de Madrid.<\/p>\n<p>Le point de rendez-vous pour cette visite priv\u00e9e se trouve devant le mus\u00e9e du Prado. Veuillez contacter l&#8217;un de nos experts en voyages pour plus d&#8217;informations sur la mani\u00e8re de r\u00e9server votre visite priv\u00e9e \u00e0 pied du mus\u00e9e du Prado.<\/p>\n<p>La visite commencera devant le mus\u00e9e. Votre guide officiel priv\u00e9 sera \u00e0 votre disposition pendant 2 heures pour vous faire d\u00e9couvrir le mus\u00e9e du Prado.<\/p>\n<p>La visite se terminera l\u00e0 o\u00f9 elle a commenc\u00e9.<\/p>\n<h2><b><strong>Visite priv\u00e9e du mus\u00e9e du Prado | Points d&#8217;int\u00e9r\u00eat et monuments<\/strong><\/b><\/h2>\n<p>Voici une br\u00e8ve description de votre visite priv\u00e9e du mus\u00e9e du Prado. Le mus\u00e9e du Prado de Madrid est l&#8217;un des mus\u00e9es les plus connus non seulement de Madrid, mais aussi d&#8217;Espagne, et l&#8217;un des mus\u00e9es d&#8217;art les plus importants au monde.<\/p>\n<p>La collection du mus\u00e9e du Prado est principalement compos\u00e9e de peintures du XVIe au XIXe si\u00e8cle. Le mus\u00e9e comprend des \u0153uvres d&#8217;art majeures d&#8217;artistes tels que Vel\u00e1zquez, El Greco, Rubens, El Bosco ou Goya.<\/p>\n<p>Tour Travel &amp; More vous propose un guide priv\u00e9 pour enrichir votre visite pendant 2 heures avec un guide officiel sp\u00e9cialis\u00e9. C&#8217;est la meilleure fa\u00e7on de profiter du mus\u00e9e du Prado.<\/p>\n<p>Comme il s&#8217;agit d&#8217;une visite priv\u00e9e, vous d\u00e9cidez o\u00f9 vous souhaitez vous arr\u00eater, quelles \u0153uvres d&#8217;art sont les plus importantes et vous visitez le mus\u00e9e \u00e0 votre rythme.<\/p>\n<p>Le mus\u00e9e s&#8217;articule autour de 4 grands th\u00e8mes :<\/p>\n<ul>\n<li><b>La grande \u00e9volution : <\/b>D\u00e9couvrez les \u0153uvres d&#8217;art d&#8217;artistes c\u00e9l\u00e8bres tels que Fernando Ya\u00f1ez, Roger Van der Weyden, Hieronymus Bosch. Vous pourrez \u00e9galement admirer Jacob Tintoretto, Paolo Veronese, Titien, El Greco, Caravage, Rubens et Ribera. Vous d\u00e9couvrirez Vel\u00e1zquez, Murillo, Goya, Eduardo Rosales et Joaquin Sorolla.<\/li>\n<li><b>Vel\u00e1zquez et Goya : <\/b>profitez d&#8217;une visite approfondie des \u0153uvres d&#8217;art les plus importantes de ces artistes de g\u00e9nie.<\/li>\n<li><b>Les grands artistes du Si\u00e8cle d&#8217;or et Goya : <\/b>si vous appr\u00e9ciez l&#8217;\u00e9poque baroque, vous ne pouvez pas manquer cette aile du mus\u00e9e. Vous pourrez d\u00e9couvrir les \u0153uvres d&#8217;artistes tels que Ribera, Murillo, Vel\u00e1zquez. Et bien s\u00fbr, Goya, le peintre de, entre autres, La Familia Real de Carlos IV, Las Majas, Los fusilamientos del 3 de mayo ou Las Pinturas Negras.<\/li>\n<li><b>Les grands artistes espagnols du XIXe si\u00e8cle : <\/b>D\u00e9couvrez les grands artistes du XIXe si\u00e8cle en Espagne, parfois tomb\u00e9s dans l&#8217;oubli. Des artistes tels que les fr\u00e8res Madrazo, Eduardo Rosales, Mariano Fortuny, Pradilla, Antonio Mu\u00f1oz Degrain, Sorolla et bien d&#8217;autres.<\/li>\n<\/ul>\n<p>Cette visite peut inclure un service optionnel de prise en charge et de retour \u00e0 votre h\u00f4tel, et se terminera soit devant le mus\u00e9e du Prado, soit \u00e0 votre h\u00f4tel, selon l&#8217;option choisie.<\/p>\n<p>Consultez nos autres visites priv\u00e9es de Madrid <a href=\"https:\/\/tourtravelandmore.com\/fr\/city\/espagne-fr\/madrid-en\/\">ici<\/a> !<\/p>\n","protected":false},"excerpt":{"rendered":"<p>Guide priv\u00e9 pour l&#8217;un des mus\u00e9es les plus importants de Madrid, le mus\u00e9e du Prado. Visite priv\u00e9e du mus\u00e9e du Prado avec transport priv\u00e9 en option. Billets d&#8217;entr\u00e9e inclus.<\/p>\n","protected":false},"featured_media":93942,"comment_status":"open","ping_status":"closed","template":"","meta":{"_acf_changed":false},"product_brand":[],"product_cat":[5357,5379,3543,4028],"product_tag":[],"class_list":{"0":"post-98761","1":"product","2":"type-product","3":"status-publish","4":"has-post-thumbnail","6":"product_cat-best-sellers-fr-2","7":"product_cat-private-walking-tours-fr-15","8":"product_cat-madrid-fr","9":"product_cat-tous-les-circuits-et-activites-prives","11":"first","12":"instock","13":"shipping-taxable","14":"purchasable","15":"product-type-simple"},"acf":[],"yoast_head":"<!-- This site is optimized with the Yoast SEO Premium plugin v25.3.1 (Yoast SEO v25.3.1) - https:\/\/yoast.com\/wordpress\/plugins\/seo\/ -->\n<title>Visite priv\u00e9e du mus\u00e9e du Prado - Guide officiel priv\u00e9 et billets inclus<\/title>\n<meta name=\"description\" content=\"Guide priv\u00e9 pour l&#039;un des mus\u00e9es les plus importants de Madrid, le mus\u00e9e du Prado. Visite priv\u00e9e du mus\u00e9e du Prado avec transport priv\u00e9 en option.\" \/>\n<meta name=\"robots\" content=\"index, follow, max-snippet:-1, max-image-preview:large, max-video-preview:-1\" \/>\n<link rel=\"canonical\" href=\"https:\/\/tourtravelandmore.com\/fr\/tours\/espagne-fr\/madrid-fr\/tous-les-circuits-et-activites-prives\/visite-privee-du-musee-du-prado\/\" \/>\n<meta property=\"og:locale\" content=\"fr_FR\" \/>\n<meta property=\"og:type\" content=\"article\" \/>\n<meta property=\"og:title\" content=\"Visite a pied priv\u00e9e du mus\u00e9e du Prado\" \/>\n<meta property=\"og:description\" content=\"Guide priv\u00e9 pour l&#039;un des mus\u00e9es les plus importants de Madrid, le mus\u00e9e du Prado. Visite priv\u00e9e du mus\u00e9e du Prado avec transport priv\u00e9 en option.\" \/>\n<meta property=\"og:url\" content=\"https:\/\/tourtravelandmore.com\/fr\/tours\/espagne-fr\/madrid-fr\/tous-les-circuits-et-activites-prives\/visite-privee-du-musee-du-prado\/\" \/>\n<meta property=\"og:site_name\" content=\"Tour Travel And More\" \/>\n<meta property=\"article:publisher\" content=\"https:\/\/www.facebook.com\/tourtravelandmore\/\" \/>\n<meta property=\"article:modified_time\" content=\"2025-10-24T17:45:08+00:00\" \/>\n<meta property=\"og:image\" content=\"https:\/\/tourtravelandmore.com\/wp-content\/uploads\/2016\/10\/madrid-private-tour-8h-6.jpg\" \/>\n\t<meta property=\"og:image:width\" content=\"1440\" \/>\n\t<meta property=\"og:image:height\" content=\"1080\" \/>\n\t<meta property=\"og:image:type\" content=\"image\/jpeg\" \/>\n<meta name=\"twitter:card\" content=\"summary_large_image\" \/>\n<meta name=\"twitter:site\" content=\"@TourTravel_More\" \/>\n<meta name=\"twitter:label1\" content=\"Dur\u00e9e de lecture estim\u00e9e\" \/>\n\t<meta name=\"twitter:data1\" content=\"3 minutes\" \/>\n<script type=\"application\/ld+json\" class=\"yoast-schema-graph\">{\"@context\":\"https:\/\/schema.org\",\"@graph\":[{\"@type\":\"WebPage\",\"@id\":\"https:\/\/tourtravelandmore.com\/fr\/tours\/espagne-fr\/madrid-fr\/tous-les-circuits-et-activites-prives\/visite-privee-du-musee-du-prado\/\",\"url\":\"https:\/\/tourtravelandmore.com\/fr\/tours\/espagne-fr\/madrid-fr\/tous-les-circuits-et-activites-prives\/visite-privee-du-musee-du-prado\/\",\"name\":\"Visite priv\u00e9e du mus\u00e9e du Prado - Guide officiel priv\u00e9 et billets inclus\",\"isPartOf\":{\"@id\":\"https:\/\/tourtravelandmore.com\/fr\/#website\"},\"primaryImageOfPage\":{\"@id\":\"https:\/\/tourtravelandmore.com\/fr\/tours\/espagne-fr\/madrid-fr\/tous-les-circuits-et-activites-prives\/visite-privee-du-musee-du-prado\/#primaryimage\"},\"image\":{\"@id\":\"https:\/\/tourtravelandmore.com\/fr\/tours\/espagne-fr\/madrid-fr\/tous-les-circuits-et-activites-prives\/visite-privee-du-musee-du-prado\/#primaryimage\"},\"thumbnailUrl\":\"https:\/\/tourtravelandmore.com\/wp-content\/uploads\/2016\/10\/madrid-private-tour-8h-6.jpg\",\"datePublished\":\"2016-10-25T12:01:12+00:00\",\"dateModified\":\"2025-10-24T17:45:08+00:00\",\"description\":\"Guide priv\u00e9 pour l'un des mus\u00e9es les plus importants de Madrid, le mus\u00e9e du Prado. Visite priv\u00e9e du mus\u00e9e du Prado avec transport priv\u00e9 en option.\",\"breadcrumb\":{\"@id\":\"https:\/\/tourtravelandmore.com\/fr\/tours\/espagne-fr\/madrid-fr\/tous-les-circuits-et-activites-prives\/visite-privee-du-musee-du-prado\/#breadcrumb\"},\"inLanguage\":\"fr-FR\",\"potentialAction\":[{\"@type\":\"ReadAction\",\"target\":[\"https:\/\/tourtravelandmore.com\/fr\/tours\/espagne-fr\/madrid-fr\/tous-les-circuits-et-activites-prives\/visite-privee-du-musee-du-prado\/\"]}]},{\"@type\":\"ImageObject\",\"inLanguage\":\"fr-FR\",\"@id\":\"https:\/\/tourtravelandmore.com\/fr\/tours\/espagne-fr\/madrid-fr\/tous-les-circuits-et-activites-prives\/visite-privee-du-musee-du-prado\/#primaryimage\",\"url\":\"https:\/\/tourtravelandmore.com\/wp-content\/uploads\/2016\/10\/madrid-private-tour-8h-6.jpg\",\"contentUrl\":\"https:\/\/tourtravelandmore.com\/wp-content\/uploads\/2016\/10\/madrid-private-tour-8h-6.jpg\",\"width\":1440,\"height\":1080},{\"@type\":\"BreadcrumbList\",\"@id\":\"https:\/\/tourtravelandmore.com\/fr\/tours\/espagne-fr\/madrid-fr\/tous-les-circuits-et-activites-prives\/visite-privee-du-musee-du-prado\/#breadcrumb\",\"itemListElement\":[{\"@type\":\"ListItem\",\"position\":1,\"name\":\"Home\",\"item\":\"https:\/\/tourtravelandmore.com\/fr\/\"},{\"@type\":\"ListItem\",\"position\":2,\"name\":\"Tours\",\"item\":\"https:\/\/tourtravelandmore.com\/fr\/tours\/\"},{\"@type\":\"ListItem\",\"position\":3,\"name\":\"Visite a pied priv\u00e9e du mus\u00e9e du Prado\"}]},{\"@type\":\"WebSite\",\"@id\":\"https:\/\/tourtravelandmore.com\/fr\/#website\",\"url\":\"https:\/\/tourtravelandmore.com\/fr\/\",\"name\":\"Tour Travel And More\",\"description\":\"Private sightseeing tours and luxury transfers in Spain\",\"publisher\":{\"@id\":\"https:\/\/tourtravelandmore.com\/fr\/#organization\"},\"potentialAction\":[{\"@type\":\"SearchAction\",\"target\":{\"@type\":\"EntryPoint\",\"urlTemplate\":\"https:\/\/tourtravelandmore.com\/fr\/?s={search_term_string}\"},\"query-input\":{\"@type\":\"PropertyValueSpecification\",\"valueRequired\":true,\"valueName\":\"search_term_string\"}}],\"inLanguage\":\"fr-FR\"},{\"@type\":\"Organization\",\"@id\":\"https:\/\/tourtravelandmore.com\/fr\/#organization\",\"name\":\"Tour Travel And More\",\"url\":\"https:\/\/tourtravelandmore.com\/fr\/\",\"logo\":{\"@type\":\"ImageObject\",\"inLanguage\":\"fr-FR\",\"@id\":\"https:\/\/tourtravelandmore.com\/fr\/#\/schema\/logo\/image\/\",\"url\":\"https:\/\/tourtravelandmore.com\/wp-content\/uploads\/2022\/12\/cropped-logo-cabecera-new.png\",\"contentUrl\":\"https:\/\/tourtravelandmore.com\/wp-content\/uploads\/2022\/12\/cropped-logo-cabecera-new.png\",\"width\":430,\"height\":61,\"caption\":\"Tour Travel And More\"},\"image\":{\"@id\":\"https:\/\/tourtravelandmore.com\/fr\/#\/schema\/logo\/image\/\"},\"sameAs\":[\"https:\/\/www.facebook.com\/tourtravelandmore\/\",\"https:\/\/x.com\/TourTravel_More\"]}]}<\/script>\n<!-- \/ Yoast SEO Premium plugin. -->","yoast_head_json":{"title":"Visite priv\u00e9e du mus\u00e9e du Prado - Guide officiel priv\u00e9 et billets inclus","description":"Guide priv\u00e9 pour l'un des mus\u00e9es les plus importants de Madrid, le mus\u00e9e du Prado. Visite priv\u00e9e du mus\u00e9e du Prado avec transport priv\u00e9 en option.","robots":{"index":"index","follow":"follow","max-snippet":"max-snippet:-1","max-image-preview":"max-image-preview:large","max-video-preview":"max-video-preview:-1"},"canonical":"https:\/\/tourtravelandmore.com\/fr\/tours\/espagne-fr\/madrid-fr\/tous-les-circuits-et-activites-prives\/visite-privee-du-musee-du-prado\/","og_locale":"fr_FR","og_type":"article","og_title":"Visite a pied priv\u00e9e du mus\u00e9e du Prado","og_description":"Guide priv\u00e9 pour l'un des mus\u00e9es les plus importants de Madrid, le mus\u00e9e du Prado. Visite priv\u00e9e du mus\u00e9e du Prado avec transport priv\u00e9 en option.","og_url":"https:\/\/tourtravelandmore.com\/fr\/tours\/espagne-fr\/madrid-fr\/tous-les-circuits-et-activites-prives\/visite-privee-du-musee-du-prado\/","og_site_name":"Tour Travel And More","article_publisher":"https:\/\/www.facebook.com\/tourtravelandmore\/","article_modified_time":"2025-10-24T17:45:08+00:00","og_image":[{"width":1440,"height":1080,"url":"https:\/\/tourtravelandmore.com\/wp-content\/uploads\/2016\/10\/madrid-private-tour-8h-6.jpg","type":"image\/jpeg"}],"twitter_card":"summary_large_image","twitter_site":"@TourTravel_More","twitter_misc":{"Dur\u00e9e de lecture estim\u00e9e":"3 minutes"},"schema":{"@context":"https:\/\/schema.org","@graph":[{"@type":"WebPage","@id":"https:\/\/tourtravelandmore.com\/fr\/tours\/espagne-fr\/madrid-fr\/tous-les-circuits-et-activites-prives\/visite-privee-du-musee-du-prado\/","url":"https:\/\/tourtravelandmore.com\/fr\/tours\/espagne-fr\/madrid-fr\/tous-les-circuits-et-activites-prives\/visite-privee-du-musee-du-prado\/","name":"Visite priv\u00e9e du mus\u00e9e du Prado - Guide officiel priv\u00e9 et billets inclus","isPartOf":{"@id":"https:\/\/tourtravelandmore.com\/fr\/#website"},"primaryImageOfPage":{"@id":"https:\/\/tourtravelandmore.com\/fr\/tours\/espagne-fr\/madrid-fr\/tous-les-circuits-et-activites-prives\/visite-privee-du-musee-du-prado\/#primaryimage"},"image":{"@id":"https:\/\/tourtravelandmore.com\/fr\/tours\/espagne-fr\/madrid-fr\/tous-les-circuits-et-activites-prives\/visite-privee-du-musee-du-prado\/#primaryimage"},"thumbnailUrl":"https:\/\/tourtravelandmore.com\/wp-content\/uploads\/2016\/10\/madrid-private-tour-8h-6.jpg","datePublished":"2016-10-25T12:01:12+00:00","dateModified":"2025-10-24T17:45:08+00:00","description":"Guide priv\u00e9 pour l'un des mus\u00e9es les plus importants de Madrid, le mus\u00e9e du Prado. Visite priv\u00e9e du mus\u00e9e du Prado avec transport priv\u00e9 en option.","breadcrumb":{"@id":"https:\/\/tourtravelandmore.com\/fr\/tours\/espagne-fr\/madrid-fr\/tous-les-circuits-et-activites-prives\/visite-privee-du-musee-du-prado\/#breadcrumb"},"inLanguage":"fr-FR","potentialAction":[{"@type":"ReadAction","target":["https:\/\/tourtravelandmore.com\/fr\/tours\/espagne-fr\/madrid-fr\/tous-les-circuits-et-activites-prives\/visite-privee-du-musee-du-prado\/"]}]},{"@type":"ImageObject","inLanguage":"fr-FR","@id":"https:\/\/tourtravelandmore.com\/fr\/tours\/espagne-fr\/madrid-fr\/tous-les-circuits-et-activites-prives\/visite-privee-du-musee-du-prado\/#primaryimage","url":"https:\/\/tourtravelandmore.com\/wp-content\/uploads\/2016\/10\/madrid-private-tour-8h-6.jpg","contentUrl":"https:\/\/tourtravelandmore.com\/wp-content\/uploads\/2016\/10\/madrid-private-tour-8h-6.jpg","width":1440,"height":1080},{"@type":"BreadcrumbList","@id":"https:\/\/tourtravelandmore.com\/fr\/tours\/espagne-fr\/madrid-fr\/tous-les-circuits-et-activites-prives\/visite-privee-du-musee-du-prado\/#breadcrumb","itemListElement":[{"@type":"ListItem","position":1,"name":"Home","item":"https:\/\/tourtravelandmore.com\/fr\/"},{"@type":"ListItem","position":2,"name":"Tours","item":"https:\/\/tourtravelandmore.com\/fr\/tours\/"},{"@type":"ListItem","position":3,"name":"Visite a pied priv\u00e9e du mus\u00e9e du Prado"}]},{"@type":"WebSite","@id":"https:\/\/tourtravelandmore.com\/fr\/#website","url":"https:\/\/tourtravelandmore.com\/fr\/","name":"Tour Travel And More","description":"Private sightseeing tours and luxury transfers in Spain","publisher":{"@id":"https:\/\/tourtravelandmore.com\/fr\/#organization"},"potentialAction":[{"@type":"SearchAction","target":{"@type":"EntryPoint","urlTemplate":"https:\/\/tourtravelandmore.com\/fr\/?s={search_term_string}"},"query-input":{"@type":"PropertyValueSpecification","valueRequired":true,"valueName":"search_term_string"}}],"inLanguage":"fr-FR"},{"@type":"Organization","@id":"https:\/\/tourtravelandmore.com\/fr\/#organization","name":"Tour Travel And More","url":"https:\/\/tourtravelandmore.com\/fr\/","logo":{"@type":"ImageObject","inLanguage":"fr-FR","@id":"https:\/\/tourtravelandmore.com\/fr\/#\/schema\/logo\/image\/","url":"https:\/\/tourtravelandmore.com\/wp-content\/uploads\/2022\/12\/cropped-logo-cabecera-new.png","contentUrl":"https:\/\/tourtravelandmore.com\/wp-content\/uploads\/2022\/12\/cropped-logo-cabecera-new.png","width":430,"height":61,"caption":"Tour Travel And More"},"image":{"@id":"https:\/\/tourtravelandmore.com\/fr\/#\/schema\/logo\/image\/"},"sameAs":["https:\/\/www.facebook.com\/tourtravelandmore\/","https:\/\/x.com\/TourTravel_More"]}]}},"_links":{"self":[{"href":"https:\/\/tourtravelandmore.com\/fr\/wp-json\/wp\/v2\/product\/98761","targetHints":{"allow":["GET"]}}],"collection":[{"href":"https:\/\/tourtravelandmore.com\/fr\/wp-json\/wp\/v2\/product"}],"about":[{"href":"https:\/\/tourtravelandmore.com\/fr\/wp-json\/wp\/v2\/types\/product"}],"replies":[{"embeddable":true,"href":"https:\/\/tourtravelandmore.com\/fr\/wp-json\/wp\/v2\/comments?post=98761"}],"wp:featuredmedia":[{"embeddable":true,"href":"https:\/\/tourtravelandmore.com\/fr\/wp-json\/wp\/v2\/media\/93942"}],"wp:attachment":[{"href":"https:\/\/tourtravelandmore.com\/fr\/wp-json\/wp\/v2\/media?parent=98761"}],"wp:term":[{"taxonomy":"product_brand","embeddable":true,"href":"https:\/\/tourtravelandmore.com\/fr\/wp-json\/wp\/v2\/product_brand?post=98761"},{"taxonomy":"product_cat","embeddable":true,"href":"https:\/\/tourtravelandmore.com\/fr\/wp-json\/wp\/v2\/product_cat?post=98761"},{"taxonomy":"product_tag","embeddable":true,"href":"https:\/\/tourtravelandmore.com\/fr\/wp-json\/wp\/v2\/product_tag?post=98761"}],"curies":[{"name":"wp","href":"https:\/\/api.w.org\/{rel}","templated":true}]}}