{"id":98756,"date":"2016-10-25T13:50:42","date_gmt":"2016-10-25T11:50:42","guid":{"rendered":"https:\/\/tourtravelandmore.com\/tours\/non%20class\u00e9\/visite-privee-du-musee-thyssen-bornemisza-et-de-la-reina-sofia-de-madrid\/"},"modified":"2024-05-07T15:43:03","modified_gmt":"2024-05-07T13:43:03","slug":"visite-privee-du-musee-thyssen-bornemisza-et-de-la-reina-sofia-de-madrid","status":"publish","type":"product","link":"https:\/\/tourtravelandmore.com\/fr\/tours\/espagne-fr\/madrid-fr\/tous-les-circuits-et-activites-prives\/visite-privee-du-musee-thyssen-bornemisza-et-de-la-reina-sofia-de-madrid\/","title":{"rendered":"Visite priv\u00e9e du mus\u00e9e Thyssen-Bornemisza et de la Reina Sofia de Madrid"},"content":{"rendered":"<h2>La description<\/h2>\n<p>Prenez 4 heures pour d\u00e9couvrir le meilleur de deux des mus\u00e9es les plus importants de Madrid. Profitez de cette visite priv\u00e9e du mus\u00e9e Thyssen-Bornemisza et du mus\u00e9e Reina Sofia \u00e0 Madrid.<\/p>\n<p>Pour cet exemple de visite, nous n&#8217;avons pas inclus le transport. Vous vous retrouverez devant le mus\u00e9e Thyssen et vous vous dirigerez vers la Reina Sofia. La promenade d&#8217;un mus\u00e9e \u00e0 l&#8217;autre dure environ 15-20 minutes. La visite se terminera devant le mus\u00e9e Reina Sofia.<\/p>\n<p>Il y a toujours la possibilit\u00e9 d&#8217;ajouter un v\u00e9hicule de luxe priv\u00e9 avec chauffeur ou une exp\u00e9rience plus confortable. Le v\u00e9hicule priv\u00e9 serait \u00e0 votre disposition pendant les 4 heures de prise en charge \u00e0 votre h\u00f4tel pour vous d\u00e9poser. Faites-nous savoir si vous \u00eates int\u00e9ress\u00e9 et nous vous enverrons la proposition comprenant le transport priv\u00e9.<\/p>\n<p>Apprenez \u00e0 conna\u00eetre le mus\u00e9e Reina Sofia et le mus\u00e9e Thyssen-Bornemisza avec votre propre explication priv\u00e9e avec votre guide officiel.<\/p>\n<h2>Sites d&#8217;int\u00e9r\u00eat et monuments<\/h2>\n<p>Cette visite du mus\u00e9e priv\u00e9 est parfaite pour tous les amateurs d&#8217;art. C&#8217;est le meilleur moyen de conna\u00eetre deux des mus\u00e9es les plus importants de Madrid. Demandez \u00e0 votre guide officiel priv\u00e9 de vous guider dans les deux mus\u00e9es. Cette visite priv\u00e9e d\u00e9butera devant le mus\u00e9e Thyssen.<\/p>\n<h4>Le mus\u00e9e Thyssen-Bornemisza<\/h4>\n<p>Le mus\u00e9e Thyssen-Bornemisza vous proposera plus de 1000 \u0153uvres d&#8217;art et couvre des genres allant des \u0153uvres m\u00e9di\u00e9vales et gothiques aux avant-gardes exp\u00e9rimentales. Vous pourrez \u00e9galement profiter des impressionnistes et des cubistes. C&#8217;est une collection tr\u00e8s vaste et vaste. Cela vous donnera une vue imprenable sur certaines des \u0153uvres d&#8217;art les plus importantes du XXe si\u00e8cle.<\/p>\n<p>En explorant le mus\u00e9e, vous aurez votre guide priv\u00e9 \u00e0 votre disposition et vous pourrez porter votre attention sur les \u0153uvres d&#8217;art que vous aimez le plus. D\u00e9couvrez de superbes \u0153uvres d&#8217;art des meilleurs artistes et peintres. Cette visite est personnalis\u00e9e pour r\u00e9pondre \u00e0 vos besoins. Dites \u00e0 votre guide touristique exactement ce qui vous int\u00e9resse et o\u00f9 vous souhaitez passer plus de temps.<\/p>\n<p>Voir des \u0153uvres d&#8217;artistes tels que: Canaletto, Cezanne, Dal\u00ed, Kandisky, Matisse, Monet, Picasso, Rembrandt, Rubens et Van Gogh entre autres.<\/p>\n<p>Une fois votre visite termin\u00e9e au mus\u00e9e Thyssen-Bornemisza, votre guide priv\u00e9 vous emm\u00e8nera vers le mus\u00e9e Reina Sofia. La marche vers le mus\u00e9e Reina Sofia dure environ 15-20 minutes.<\/p>\n<h4>Le mus\u00e9e Reina Sofia<\/h4>\n<p>Le mus\u00e9e Reina Sofia se trouve dans un ancien b\u00e2timent hospitalier, ce qui en fait un lieu id\u00e9al pour d\u00e9couvrir les meilleurs artistes espagnols.<\/p>\n<p>Votre guide priv\u00e9 vous fera d\u00e9couvrir la grande et unique histoire non seulement du b\u00e2timent, mais aussi des nombreuses grandes \u0153uvres d&#8217;art. Le mus\u00e9e abrite un grand nombre d&#8217;\u0153uvres cr\u00e9\u00e9es par des artistes espagnols du XXe si\u00e8cle. Votre guide priv\u00e9 vous informera des informations les plus importantes que vous devriez apprendre et conna\u00eetre.<\/p>\n<p>D\u00e9couvrez des \u0153uvres d&#8217;art d&#8217;artistes comme Juan Gris, Joan Mir\u00f3, Picasso, Dal\u00ed, Julio Gonzalez, Antoni T\u00e0pies, Francis Bacon, Georges Braque et bien plus encore &#8230;<\/p>\n<p>La visite se terminera devant le dernier mus\u00e9e si aucun transport priv\u00e9 n&#8217;est pris. D\u00e9couvrez nos autres circuits priv\u00e9s \u00e0 Madrid ici!<\/p>\n","protected":false},"excerpt":{"rendered":"<p>Visite priv\u00e9e de deux des mus\u00e9es les plus importants de Madrid; le mus\u00e9e Thyssen-Bornemisza et Reina Sof\u00eda. Guide touristique officiel priv\u00e9 pour une exp\u00e9rience unique. Tous les billets d&#8217;entr\u00e9e inclus pour cette visite.<\/p>\n","protected":false},"featured_media":93977,"comment_status":"open","ping_status":"closed","template":"","meta":{"_acf_changed":false},"product_brand":[],"product_cat":[5379,3543,4028],"product_tag":[],"class_list":{"0":"post-98756","1":"product","2":"type-product","3":"status-publish","4":"has-post-thumbnail","6":"product_cat-private-walking-tours-fr-15","7":"product_cat-madrid-fr","8":"product_cat-tous-les-circuits-et-activites-prives","10":"first","11":"instock","12":"shipping-taxable","13":"purchasable","14":"product-type-simple"},"acf":[],"yoast_head":"<!-- This site is optimized with the Yoast SEO Premium plugin v25.3.1 (Yoast SEO v25.3.1) - https:\/\/yoast.com\/wordpress\/plugins\/seo\/ -->\n<title>Visite priv\u00e9e du mus\u00e9e Thyssen-Bornemisza et du mus\u00e9e Reina Sofia \u00e0 Madrid<\/title>\n<meta name=\"description\" content=\"Visite priv\u00e9e de deux des mus\u00e9es les plus importants de Madrid; le mus\u00e9e Thyssen-Bornemisza et Reina Sof\u00eda. Guide touristique officiel priv\u00e9 pour une exp\u00e9rience unique.\" \/>\n<meta name=\"robots\" content=\"index, follow, max-snippet:-1, max-image-preview:large, max-video-preview:-1\" \/>\n<link rel=\"canonical\" href=\"https:\/\/tourtravelandmore.com\/fr\/tours\/espagne-fr\/madrid-fr\/tous-les-circuits-et-activites-prives\/visite-privee-du-musee-thyssen-bornemisza-et-de-la-reina-sofia-de-madrid\/\" \/>\n<meta property=\"og:locale\" content=\"fr_FR\" \/>\n<meta property=\"og:type\" content=\"article\" \/>\n<meta property=\"og:title\" content=\"Visite priv\u00e9e du mus\u00e9e Thyssen-Bornemisza et de la Reina Sofia de Madrid\" \/>\n<meta property=\"og:description\" content=\"Visite priv\u00e9e de deux des mus\u00e9es les plus importants de Madrid; le mus\u00e9e Thyssen-Bornemisza et Reina Sof\u00eda. Guide touristique officiel priv\u00e9 pour une exp\u00e9rience unique.\" \/>\n<meta property=\"og:url\" content=\"https:\/\/tourtravelandmore.com\/fr\/tours\/espagne-fr\/madrid-fr\/tous-les-circuits-et-activites-prives\/visite-privee-du-musee-thyssen-bornemisza-et-de-la-reina-sofia-de-madrid\/\" \/>\n<meta property=\"og:site_name\" content=\"Tour Travel And More\" \/>\n<meta property=\"article:publisher\" content=\"https:\/\/www.facebook.com\/tourtravelandmore\/\" \/>\n<meta property=\"article:modified_time\" content=\"2024-05-07T13:43:03+00:00\" \/>\n<meta property=\"og:image\" content=\"https:\/\/tourtravelandmore.com\/wp-content\/uploads\/2016\/10\/thyssen-madrid-private-tour.jpg\" \/>\n\t<meta property=\"og:image:width\" content=\"1690\" \/>\n\t<meta property=\"og:image:height\" content=\"1080\" \/>\n\t<meta property=\"og:image:type\" content=\"image\/jpeg\" \/>\n<meta name=\"twitter:card\" content=\"summary_large_image\" \/>\n<meta name=\"twitter:site\" content=\"@TourTravel_More\" \/>\n<meta name=\"twitter:label1\" content=\"Dur\u00e9e de lecture estim\u00e9e\" \/>\n\t<meta name=\"twitter:data1\" content=\"3 minutes\" \/>\n<script type=\"application\/ld+json\" class=\"yoast-schema-graph\">{\"@context\":\"https:\/\/schema.org\",\"@graph\":[{\"@type\":\"WebPage\",\"@id\":\"https:\/\/tourtravelandmore.com\/fr\/tours\/espagne-fr\/madrid-fr\/tous-les-circuits-et-activites-prives\/visite-privee-du-musee-thyssen-bornemisza-et-de-la-reina-sofia-de-madrid\/\",\"url\":\"https:\/\/tourtravelandmore.com\/fr\/tours\/espagne-fr\/madrid-fr\/tous-les-circuits-et-activites-prives\/visite-privee-du-musee-thyssen-bornemisza-et-de-la-reina-sofia-de-madrid\/\",\"name\":\"Visite priv\u00e9e du mus\u00e9e Thyssen-Bornemisza et du mus\u00e9e Reina Sofia \u00e0 Madrid\",\"isPartOf\":{\"@id\":\"https:\/\/tourtravelandmore.com\/fr\/#website\"},\"primaryImageOfPage\":{\"@id\":\"https:\/\/tourtravelandmore.com\/fr\/tours\/espagne-fr\/madrid-fr\/tous-les-circuits-et-activites-prives\/visite-privee-du-musee-thyssen-bornemisza-et-de-la-reina-sofia-de-madrid\/#primaryimage\"},\"image\":{\"@id\":\"https:\/\/tourtravelandmore.com\/fr\/tours\/espagne-fr\/madrid-fr\/tous-les-circuits-et-activites-prives\/visite-privee-du-musee-thyssen-bornemisza-et-de-la-reina-sofia-de-madrid\/#primaryimage\"},\"thumbnailUrl\":\"https:\/\/tourtravelandmore.com\/wp-content\/uploads\/2016\/10\/thyssen-madrid-private-tour.jpg\",\"datePublished\":\"2016-10-25T11:50:42+00:00\",\"dateModified\":\"2024-05-07T13:43:03+00:00\",\"description\":\"Visite priv\u00e9e de deux des mus\u00e9es les plus importants de Madrid; le mus\u00e9e Thyssen-Bornemisza et Reina Sof\u00eda. Guide touristique officiel priv\u00e9 pour une exp\u00e9rience unique.\",\"breadcrumb\":{\"@id\":\"https:\/\/tourtravelandmore.com\/fr\/tours\/espagne-fr\/madrid-fr\/tous-les-circuits-et-activites-prives\/visite-privee-du-musee-thyssen-bornemisza-et-de-la-reina-sofia-de-madrid\/#breadcrumb\"},\"inLanguage\":\"fr-FR\",\"potentialAction\":[{\"@type\":\"ReadAction\",\"target\":[\"https:\/\/tourtravelandmore.com\/fr\/tours\/espagne-fr\/madrid-fr\/tous-les-circuits-et-activites-prives\/visite-privee-du-musee-thyssen-bornemisza-et-de-la-reina-sofia-de-madrid\/\"]}]},{\"@type\":\"ImageObject\",\"inLanguage\":\"fr-FR\",\"@id\":\"https:\/\/tourtravelandmore.com\/fr\/tours\/espagne-fr\/madrid-fr\/tous-les-circuits-et-activites-prives\/visite-privee-du-musee-thyssen-bornemisza-et-de-la-reina-sofia-de-madrid\/#primaryimage\",\"url\":\"https:\/\/tourtravelandmore.com\/wp-content\/uploads\/2016\/10\/thyssen-madrid-private-tour.jpg\",\"contentUrl\":\"https:\/\/tourtravelandmore.com\/wp-content\/uploads\/2016\/10\/thyssen-madrid-private-tour.jpg\",\"width\":1690,\"height\":1080},{\"@type\":\"BreadcrumbList\",\"@id\":\"https:\/\/tourtravelandmore.com\/fr\/tours\/espagne-fr\/madrid-fr\/tous-les-circuits-et-activites-prives\/visite-privee-du-musee-thyssen-bornemisza-et-de-la-reina-sofia-de-madrid\/#breadcrumb\",\"itemListElement\":[{\"@type\":\"ListItem\",\"position\":1,\"name\":\"Home\",\"item\":\"https:\/\/tourtravelandmore.com\/fr\/\"},{\"@type\":\"ListItem\",\"position\":2,\"name\":\"Tours\",\"item\":\"https:\/\/tourtravelandmore.com\/fr\/tours\/\"},{\"@type\":\"ListItem\",\"position\":3,\"name\":\"Visite priv\u00e9e du mus\u00e9e Thyssen-Bornemisza et de la Reina Sofia de Madrid\"}]},{\"@type\":\"WebSite\",\"@id\":\"https:\/\/tourtravelandmore.com\/fr\/#website\",\"url\":\"https:\/\/tourtravelandmore.com\/fr\/\",\"name\":\"Tour Travel And More\",\"description\":\"Private sightseeing tours and luxury transfers in Spain\",\"publisher\":{\"@id\":\"https:\/\/tourtravelandmore.com\/fr\/#organization\"},\"potentialAction\":[{\"@type\":\"SearchAction\",\"target\":{\"@type\":\"EntryPoint\",\"urlTemplate\":\"https:\/\/tourtravelandmore.com\/fr\/?s={search_term_string}\"},\"query-input\":{\"@type\":\"PropertyValueSpecification\",\"valueRequired\":true,\"valueName\":\"search_term_string\"}}],\"inLanguage\":\"fr-FR\"},{\"@type\":\"Organization\",\"@id\":\"https:\/\/tourtravelandmore.com\/fr\/#organization\",\"name\":\"Tour Travel And More\",\"url\":\"https:\/\/tourtravelandmore.com\/fr\/\",\"logo\":{\"@type\":\"ImageObject\",\"inLanguage\":\"fr-FR\",\"@id\":\"https:\/\/tourtravelandmore.com\/fr\/#\/schema\/logo\/image\/\",\"url\":\"https:\/\/tourtravelandmore.com\/wp-content\/uploads\/2022\/12\/cropped-logo-cabecera-new.png\",\"contentUrl\":\"https:\/\/tourtravelandmore.com\/wp-content\/uploads\/2022\/12\/cropped-logo-cabecera-new.png\",\"width\":430,\"height\":61,\"caption\":\"Tour Travel And More\"},\"image\":{\"@id\":\"https:\/\/tourtravelandmore.com\/fr\/#\/schema\/logo\/image\/\"},\"sameAs\":[\"https:\/\/www.facebook.com\/tourtravelandmore\/\",\"https:\/\/x.com\/TourTravel_More\"]}]}<\/script>\n<!-- \/ Yoast SEO Premium plugin. -->","yoast_head_json":{"title":"Visite priv\u00e9e du mus\u00e9e Thyssen-Bornemisza et du mus\u00e9e Reina Sofia \u00e0 Madrid","description":"Visite priv\u00e9e de deux des mus\u00e9es les plus importants de Madrid; le mus\u00e9e Thyssen-Bornemisza et Reina Sof\u00eda. Guide touristique officiel priv\u00e9 pour une exp\u00e9rience unique.","robots":{"index":"index","follow":"follow","max-snippet":"max-snippet:-1","max-image-preview":"max-image-preview:large","max-video-preview":"max-video-preview:-1"},"canonical":"https:\/\/tourtravelandmore.com\/fr\/tours\/espagne-fr\/madrid-fr\/tous-les-circuits-et-activites-prives\/visite-privee-du-musee-thyssen-bornemisza-et-de-la-reina-sofia-de-madrid\/","og_locale":"fr_FR","og_type":"article","og_title":"Visite priv\u00e9e du mus\u00e9e Thyssen-Bornemisza et de la Reina Sofia de Madrid","og_description":"Visite priv\u00e9e de deux des mus\u00e9es les plus importants de Madrid; le mus\u00e9e Thyssen-Bornemisza et Reina Sof\u00eda. Guide touristique officiel priv\u00e9 pour une exp\u00e9rience unique.","og_url":"https:\/\/tourtravelandmore.com\/fr\/tours\/espagne-fr\/madrid-fr\/tous-les-circuits-et-activites-prives\/visite-privee-du-musee-thyssen-bornemisza-et-de-la-reina-sofia-de-madrid\/","og_site_name":"Tour Travel And More","article_publisher":"https:\/\/www.facebook.com\/tourtravelandmore\/","article_modified_time":"2024-05-07T13:43:03+00:00","og_image":[{"width":1690,"height":1080,"url":"https:\/\/tourtravelandmore.com\/wp-content\/uploads\/2016\/10\/thyssen-madrid-private-tour.jpg","type":"image\/jpeg"}],"twitter_card":"summary_large_image","twitter_site":"@TourTravel_More","twitter_misc":{"Dur\u00e9e de lecture estim\u00e9e":"3 minutes"},"schema":{"@context":"https:\/\/schema.org","@graph":[{"@type":"WebPage","@id":"https:\/\/tourtravelandmore.com\/fr\/tours\/espagne-fr\/madrid-fr\/tous-les-circuits-et-activites-prives\/visite-privee-du-musee-thyssen-bornemisza-et-de-la-reina-sofia-de-madrid\/","url":"https:\/\/tourtravelandmore.com\/fr\/tours\/espagne-fr\/madrid-fr\/tous-les-circuits-et-activites-prives\/visite-privee-du-musee-thyssen-bornemisza-et-de-la-reina-sofia-de-madrid\/","name":"Visite priv\u00e9e du mus\u00e9e Thyssen-Bornemisza et du mus\u00e9e Reina Sofia \u00e0 Madrid","isPartOf":{"@id":"https:\/\/tourtravelandmore.com\/fr\/#website"},"primaryImageOfPage":{"@id":"https:\/\/tourtravelandmore.com\/fr\/tours\/espagne-fr\/madrid-fr\/tous-les-circuits-et-activites-prives\/visite-privee-du-musee-thyssen-bornemisza-et-de-la-reina-sofia-de-madrid\/#primaryimage"},"image":{"@id":"https:\/\/tourtravelandmore.com\/fr\/tours\/espagne-fr\/madrid-fr\/tous-les-circuits-et-activites-prives\/visite-privee-du-musee-thyssen-bornemisza-et-de-la-reina-sofia-de-madrid\/#primaryimage"},"thumbnailUrl":"https:\/\/tourtravelandmore.com\/wp-content\/uploads\/2016\/10\/thyssen-madrid-private-tour.jpg","datePublished":"2016-10-25T11:50:42+00:00","dateModified":"2024-05-07T13:43:03+00:00","description":"Visite priv\u00e9e de deux des mus\u00e9es les plus importants de Madrid; le mus\u00e9e Thyssen-Bornemisza et Reina Sof\u00eda. Guide touristique officiel priv\u00e9 pour une exp\u00e9rience unique.","breadcrumb":{"@id":"https:\/\/tourtravelandmore.com\/fr\/tours\/espagne-fr\/madrid-fr\/tous-les-circuits-et-activites-prives\/visite-privee-du-musee-thyssen-bornemisza-et-de-la-reina-sofia-de-madrid\/#breadcrumb"},"inLanguage":"fr-FR","potentialAction":[{"@type":"ReadAction","target":["https:\/\/tourtravelandmore.com\/fr\/tours\/espagne-fr\/madrid-fr\/tous-les-circuits-et-activites-prives\/visite-privee-du-musee-thyssen-bornemisza-et-de-la-reina-sofia-de-madrid\/"]}]},{"@type":"ImageObject","inLanguage":"fr-FR","@id":"https:\/\/tourtravelandmore.com\/fr\/tours\/espagne-fr\/madrid-fr\/tous-les-circuits-et-activites-prives\/visite-privee-du-musee-thyssen-bornemisza-et-de-la-reina-sofia-de-madrid\/#primaryimage","url":"https:\/\/tourtravelandmore.com\/wp-content\/uploads\/2016\/10\/thyssen-madrid-private-tour.jpg","contentUrl":"https:\/\/tourtravelandmore.com\/wp-content\/uploads\/2016\/10\/thyssen-madrid-private-tour.jpg","width":1690,"height":1080},{"@type":"BreadcrumbList","@id":"https:\/\/tourtravelandmore.com\/fr\/tours\/espagne-fr\/madrid-fr\/tous-les-circuits-et-activites-prives\/visite-privee-du-musee-thyssen-bornemisza-et-de-la-reina-sofia-de-madrid\/#breadcrumb","itemListElement":[{"@type":"ListItem","position":1,"name":"Home","item":"https:\/\/tourtravelandmore.com\/fr\/"},{"@type":"ListItem","position":2,"name":"Tours","item":"https:\/\/tourtravelandmore.com\/fr\/tours\/"},{"@type":"ListItem","position":3,"name":"Visite priv\u00e9e du mus\u00e9e Thyssen-Bornemisza et de la Reina Sofia de Madrid"}]},{"@type":"WebSite","@id":"https:\/\/tourtravelandmore.com\/fr\/#website","url":"https:\/\/tourtravelandmore.com\/fr\/","name":"Tour Travel And More","description":"Private sightseeing tours and luxury transfers in Spain","publisher":{"@id":"https:\/\/tourtravelandmore.com\/fr\/#organization"},"potentialAction":[{"@type":"SearchAction","target":{"@type":"EntryPoint","urlTemplate":"https:\/\/tourtravelandmore.com\/fr\/?s={search_term_string}"},"query-input":{"@type":"PropertyValueSpecification","valueRequired":true,"valueName":"search_term_string"}}],"inLanguage":"fr-FR"},{"@type":"Organization","@id":"https:\/\/tourtravelandmore.com\/fr\/#organization","name":"Tour Travel And More","url":"https:\/\/tourtravelandmore.com\/fr\/","logo":{"@type":"ImageObject","inLanguage":"fr-FR","@id":"https:\/\/tourtravelandmore.com\/fr\/#\/schema\/logo\/image\/","url":"https:\/\/tourtravelandmore.com\/wp-content\/uploads\/2022\/12\/cropped-logo-cabecera-new.png","contentUrl":"https:\/\/tourtravelandmore.com\/wp-content\/uploads\/2022\/12\/cropped-logo-cabecera-new.png","width":430,"height":61,"caption":"Tour Travel And More"},"image":{"@id":"https:\/\/tourtravelandmore.com\/fr\/#\/schema\/logo\/image\/"},"sameAs":["https:\/\/www.facebook.com\/tourtravelandmore\/","https:\/\/x.com\/TourTravel_More"]}]}},"_links":{"self":[{"href":"https:\/\/tourtravelandmore.com\/fr\/wp-json\/wp\/v2\/product\/98756","targetHints":{"allow":["GET"]}}],"collection":[{"href":"https:\/\/tourtravelandmore.com\/fr\/wp-json\/wp\/v2\/product"}],"about":[{"href":"https:\/\/tourtravelandmore.com\/fr\/wp-json\/wp\/v2\/types\/product"}],"replies":[{"embeddable":true,"href":"https:\/\/tourtravelandmore.com\/fr\/wp-json\/wp\/v2\/comments?post=98756"}],"wp:featuredmedia":[{"embeddable":true,"href":"https:\/\/tourtravelandmore.com\/fr\/wp-json\/wp\/v2\/media\/93977"}],"wp:attachment":[{"href":"https:\/\/tourtravelandmore.com\/fr\/wp-json\/wp\/v2\/media?parent=98756"}],"wp:term":[{"taxonomy":"product_brand","embeddable":true,"href":"https:\/\/tourtravelandmore.com\/fr\/wp-json\/wp\/v2\/product_brand?post=98756"},{"taxonomy":"product_cat","embeddable":true,"href":"https:\/\/tourtravelandmore.com\/fr\/wp-json\/wp\/v2\/product_cat?post=98756"},{"taxonomy":"product_tag","embeddable":true,"href":"https:\/\/tourtravelandmore.com\/fr\/wp-json\/wp\/v2\/product_tag?post=98756"}],"curies":[{"name":"wp","href":"https:\/\/api.w.org\/{rel}","templated":true}]}}