{"id":98750,"date":"2016-10-25T13:26:15","date_gmt":"2016-10-25T11:26:15","guid":{"rendered":"https:\/\/tourtravelandmore.com\/tours\/non%20class\u00e9\/visite-privee-de-tolede-au-depart-de-madrid\/"},"modified":"2024-04-29T19:08:53","modified_gmt":"2024-04-29T17:08:53","slug":"visite-privee-de-tolede-au-depart-de-madrid","status":"publish","type":"product","link":"https:\/\/tourtravelandmore.com\/fr\/tours\/espagne-fr\/madrid-fr\/tous-les-circuits-et-activites-prives\/visite-privee-de-tolede-au-depart-de-madrid\/","title":{"rendered":"Visite priv\u00e9e de Tol\u00e8de au d\u00e9part de Madrid"},"content":{"rendered":"<h2>Visite priv\u00e9e de Tol\u00e8de depuis Madrid Description<\/h2>\n<p>Profitez de cette visite priv\u00e9e de 8 heures avec votre guide officiel et rendez-vous \u00e0 Tol\u00e8de, site class\u00e9 au patrimoine mondial de l&#8217;UNESCO, tr\u00e8s confortablement dans votre v\u00e9hicule de luxe priv\u00e9 avec votre chauffeur.<\/p>\n<p>Il est absolument indispensable de prendre une journ\u00e9e dans votre emploi du temps \u00e0 Madrid pour visiter Tol\u00e8de.<\/p>\n<p>Tout d&#8217;abord, nous organiserons une prise en charge confortable depuis votre h\u00f4tel \u00e0 Madrid. Votre chauffeur anglophone vous attendra dans un v\u00e9hicule de luxe pour vous emmener \u00e0 Tol\u00e8de. Une fois \u00e0 Tol\u00e8de, vous rencontrerez votre guide officiel priv\u00e9 pour une visite de 3 heures.<\/p>\n<p>Tol\u00e8de est une ville qui se visite principalement \u00e0 pied, et vous aurez l&#8217;occasion de conna\u00eetre le meilleur de la ville de Tol\u00e8de.<\/p>\n<p>Ensuite, d\u00e8s notre arriv\u00e9e, nous nous dirigerons vers l&#8217;autre c\u00f4t\u00e9 de Tol\u00e8de pour avoir une vue panoramique de la ville. Ensuite, nous nous dirigerons vers le centre ville de Tol\u00e8de.<\/p>\n<p>Vous aurez du temps libre pour d\u00e9jeuner avant de retourner \u00e0 votre h\u00f4tel \u00e0 Madrid.<\/p>\n<h2>Visite priv\u00e9e de Tol\u00e8de depuis Madrid &#8211; Points d&#8217;int\u00e9r\u00eat et sites touristiques<\/h2>\n<p>Cette visite priv\u00e9e commence par une prise en charge \u00e0 l&#8217;h\u00f4tel \u00e0 Madrid. Si vous le souhaitez, vous pouvez \u00e9galement \u00eatre pris en charge \u00e0 l&#8217;a\u00e9roport. Avec votre chauffeur et notre v\u00e9hicule de luxe, nous nous dirigerons vers Tol\u00e8de.<\/p>\n<p>Tol\u00e8de est une ancienne ville class\u00e9e par l&#8217;UNESCO depuis 1986 pour son vaste patrimoine culturel et monumental et la coexistence historique des cultures chr\u00e9tienne, musulmane et juive.<\/p>\n<p>La visite sera organis\u00e9e en fonction de vos souhaits. La vieille ville de Tol\u00e8de vous offrira un nouveau fait historique \u00e0 chaque coin de rue !<\/p>\n<p>Voici un exemple des sites que la visite peut inclure, parmi d&#8217;autres options disponibles :<\/p>\n<ul>\n<li>Castillo de San Servando.<\/li>\n<li>Cath\u00e9drale primitive<\/li>\n<li>Santa Mar\u00eda la Blanca<\/li>\n<li>Mus\u00e9e du Greco<\/li>\n<li>Quartier juif<\/li>\n<li>Synagogue El Transito<\/li>\n<li>\u00c9glise de Santiago del Arrabal<\/li>\n<li>Le Cristo de la luz<\/li>\n<li>Mosqu\u00e9e de Toner\u00edas<\/li>\n<li>Forteresse de l&#8217;Alcazar<\/li>\n<li>Puerta de Bisagra Nueva<\/li>\n<li>Monast\u00e8re de San Juan de los Reyes<\/li>\n<li>Puerta de Bisagra<\/li>\n<li>Place de Zocodover<\/li>\n<li>Puerta del Sol<\/li>\n<li>Porte Bab al-Mardum<\/li>\n<li>Pont d&#8217;Alc\u00e1ntara<\/li>\n<li>Pont de San Martin<\/li>\n<\/ul>\n<p>En conclusion, d\u00e9couvrez le meilleur de Tol\u00e8de lors de cette excursion priv\u00e9e d&#8217;une journ\u00e9e au d\u00e9part de Madrid. C&#8217;est une occasion unique d&#8217;apprendre tous les joyaux cach\u00e9s et les faits historiques merveilleux de Tol\u00e8de \u00e0 c\u00f4t\u00e9 de votre guide touristique officiel priv\u00e9.<\/p>\n<p>Si vous pr\u00e9f\u00e9rez venir par vos propres moyens ou rencontrer votre guide directement \u00e0 Tol\u00e8de, vous pouvez vous renseigner sur la visite \u00e0 pied de Tol\u00e8de.<\/p>\n","protected":false},"excerpt":{"rendered":"<p>Visite priv\u00e9e de Tol\u00e8de au d\u00e9part de Madrid. V\u00e9hicule de luxe priv\u00e9 avec chauffeur pour une journ\u00e9e compl\u00e8te et guide officiel s\u00e9par\u00e9 \u00e0 Tol\u00e8de pendant 3 heures. La meilleure fa\u00e7on de profiter de la belle ville du PATRIMOINE MONDIAL UNESCO de Tol\u00e8de.<\/p>\n","protected":false},"featured_media":93974,"comment_status":"open","ping_status":"closed","template":"","meta":{"_acf_changed":false},"product_brand":[],"product_cat":[3543,4028,4029,3675],"product_tag":[],"class_list":{"0":"post-98750","1":"product","2":"type-product","3":"status-publish","4":"has-post-thumbnail","6":"product_cat-madrid-fr","7":"product_cat-tous-les-circuits-et-activites-prives","8":"product_cat-excursions-privees-dune-journee","9":"product_cat-toledo-fr","11":"first","12":"instock","13":"shipping-taxable","14":"purchasable","15":"product-type-simple"},"acf":[],"yoast_head":"<!-- This site is optimized with the Yoast SEO Premium plugin v25.3.1 (Yoast SEO v25.3.1) - https:\/\/yoast.com\/wordpress\/plugins\/seo\/ -->\n<title>Visite priv\u00e9e de Tol\u00e8de au d\u00e9part de Madrid - V\u00e9hicule de luxe avec chauffeur et guide<\/title>\n<meta name=\"description\" content=\"Visite priv\u00e9e de Tol\u00e8de au d\u00e9part de Madrid. V\u00e9hicule de luxe priv\u00e9 avec chauffeur pour une journ\u00e9e compl\u00e8te et guide officiel s\u00e9par\u00e9 \u00e0 Tol\u00e8de pendant 3 heures.\" \/>\n<meta name=\"robots\" content=\"index, follow, max-snippet:-1, max-image-preview:large, max-video-preview:-1\" \/>\n<link rel=\"canonical\" href=\"https:\/\/tourtravelandmore.com\/fr\/tours\/espagne-fr\/madrid-fr\/tous-les-circuits-et-activites-prives\/visite-privee-de-tolede-au-depart-de-madrid\/\" \/>\n<meta property=\"og:locale\" content=\"fr_FR\" \/>\n<meta property=\"og:type\" content=\"article\" \/>\n<meta property=\"og:title\" content=\"Visite priv\u00e9e de Tol\u00e8de au d\u00e9part de Madrid\" \/>\n<meta property=\"og:description\" content=\"Visite priv\u00e9e de Tol\u00e8de au d\u00e9part de Madrid. V\u00e9hicule de luxe priv\u00e9 avec chauffeur pour une journ\u00e9e compl\u00e8te et guide officiel s\u00e9par\u00e9 \u00e0 Tol\u00e8de pendant 3 heures.\" \/>\n<meta property=\"og:url\" content=\"https:\/\/tourtravelandmore.com\/fr\/tours\/espagne-fr\/madrid-fr\/tous-les-circuits-et-activites-prives\/visite-privee-de-tolede-au-depart-de-madrid\/\" \/>\n<meta property=\"og:site_name\" content=\"Tour Travel And More\" \/>\n<meta property=\"article:publisher\" content=\"https:\/\/www.facebook.com\/tourtravelandmore\/\" \/>\n<meta property=\"article:modified_time\" content=\"2024-04-29T17:08:53+00:00\" \/>\n<meta property=\"og:image\" content=\"https:\/\/tourtravelandmore.com\/wp-content\/uploads\/2016\/10\/toledo-private-tour-4.jpg\" \/>\n\t<meta property=\"og:image:width\" content=\"1920\" \/>\n\t<meta property=\"og:image:height\" content=\"912\" \/>\n\t<meta property=\"og:image:type\" content=\"image\/jpeg\" \/>\n<meta name=\"twitter:card\" content=\"summary_large_image\" \/>\n<meta name=\"twitter:site\" content=\"@TourTravel_More\" \/>\n<meta name=\"twitter:label1\" content=\"Dur\u00e9e de lecture estim\u00e9e\" \/>\n\t<meta name=\"twitter:data1\" content=\"2 minutes\" \/>\n<script type=\"application\/ld+json\" class=\"yoast-schema-graph\">{\"@context\":\"https:\/\/schema.org\",\"@graph\":[{\"@type\":\"WebPage\",\"@id\":\"https:\/\/tourtravelandmore.com\/fr\/tours\/espagne-fr\/madrid-fr\/tous-les-circuits-et-activites-prives\/visite-privee-de-tolede-au-depart-de-madrid\/\",\"url\":\"https:\/\/tourtravelandmore.com\/fr\/tours\/espagne-fr\/madrid-fr\/tous-les-circuits-et-activites-prives\/visite-privee-de-tolede-au-depart-de-madrid\/\",\"name\":\"Visite priv\u00e9e de Tol\u00e8de au d\u00e9part de Madrid - V\u00e9hicule de luxe avec chauffeur et guide\",\"isPartOf\":{\"@id\":\"https:\/\/tourtravelandmore.com\/fr\/#website\"},\"primaryImageOfPage\":{\"@id\":\"https:\/\/tourtravelandmore.com\/fr\/tours\/espagne-fr\/madrid-fr\/tous-les-circuits-et-activites-prives\/visite-privee-de-tolede-au-depart-de-madrid\/#primaryimage\"},\"image\":{\"@id\":\"https:\/\/tourtravelandmore.com\/fr\/tours\/espagne-fr\/madrid-fr\/tous-les-circuits-et-activites-prives\/visite-privee-de-tolede-au-depart-de-madrid\/#primaryimage\"},\"thumbnailUrl\":\"https:\/\/tourtravelandmore.com\/wp-content\/uploads\/2016\/10\/toledo-private-tour-4.jpg\",\"datePublished\":\"2016-10-25T11:26:15+00:00\",\"dateModified\":\"2024-04-29T17:08:53+00:00\",\"description\":\"Visite priv\u00e9e de Tol\u00e8de au d\u00e9part de Madrid. V\u00e9hicule de luxe priv\u00e9 avec chauffeur pour une journ\u00e9e compl\u00e8te et guide officiel s\u00e9par\u00e9 \u00e0 Tol\u00e8de pendant 3 heures.\",\"breadcrumb\":{\"@id\":\"https:\/\/tourtravelandmore.com\/fr\/tours\/espagne-fr\/madrid-fr\/tous-les-circuits-et-activites-prives\/visite-privee-de-tolede-au-depart-de-madrid\/#breadcrumb\"},\"inLanguage\":\"fr-FR\",\"potentialAction\":[{\"@type\":\"ReadAction\",\"target\":[\"https:\/\/tourtravelandmore.com\/fr\/tours\/espagne-fr\/madrid-fr\/tous-les-circuits-et-activites-prives\/visite-privee-de-tolede-au-depart-de-madrid\/\"]}]},{\"@type\":\"ImageObject\",\"inLanguage\":\"fr-FR\",\"@id\":\"https:\/\/tourtravelandmore.com\/fr\/tours\/espagne-fr\/madrid-fr\/tous-les-circuits-et-activites-prives\/visite-privee-de-tolede-au-depart-de-madrid\/#primaryimage\",\"url\":\"https:\/\/tourtravelandmore.com\/wp-content\/uploads\/2016\/10\/toledo-private-tour-4.jpg\",\"contentUrl\":\"https:\/\/tourtravelandmore.com\/wp-content\/uploads\/2016\/10\/toledo-private-tour-4.jpg\",\"width\":1920,\"height\":912},{\"@type\":\"BreadcrumbList\",\"@id\":\"https:\/\/tourtravelandmore.com\/fr\/tours\/espagne-fr\/madrid-fr\/tous-les-circuits-et-activites-prives\/visite-privee-de-tolede-au-depart-de-madrid\/#breadcrumb\",\"itemListElement\":[{\"@type\":\"ListItem\",\"position\":1,\"name\":\"Home\",\"item\":\"https:\/\/tourtravelandmore.com\/fr\/\"},{\"@type\":\"ListItem\",\"position\":2,\"name\":\"Tours\",\"item\":\"https:\/\/tourtravelandmore.com\/fr\/tours\/\"},{\"@type\":\"ListItem\",\"position\":3,\"name\":\"Visite priv\u00e9e de Tol\u00e8de au d\u00e9part de Madrid\"}]},{\"@type\":\"WebSite\",\"@id\":\"https:\/\/tourtravelandmore.com\/fr\/#website\",\"url\":\"https:\/\/tourtravelandmore.com\/fr\/\",\"name\":\"Tour Travel And More\",\"description\":\"Private sightseeing tours and luxury transfers in Spain\",\"publisher\":{\"@id\":\"https:\/\/tourtravelandmore.com\/fr\/#organization\"},\"potentialAction\":[{\"@type\":\"SearchAction\",\"target\":{\"@type\":\"EntryPoint\",\"urlTemplate\":\"https:\/\/tourtravelandmore.com\/fr\/?s={search_term_string}\"},\"query-input\":{\"@type\":\"PropertyValueSpecification\",\"valueRequired\":true,\"valueName\":\"search_term_string\"}}],\"inLanguage\":\"fr-FR\"},{\"@type\":\"Organization\",\"@id\":\"https:\/\/tourtravelandmore.com\/fr\/#organization\",\"name\":\"Tour Travel And More\",\"url\":\"https:\/\/tourtravelandmore.com\/fr\/\",\"logo\":{\"@type\":\"ImageObject\",\"inLanguage\":\"fr-FR\",\"@id\":\"https:\/\/tourtravelandmore.com\/fr\/#\/schema\/logo\/image\/\",\"url\":\"https:\/\/tourtravelandmore.com\/wp-content\/uploads\/2022\/12\/cropped-logo-cabecera-new.png\",\"contentUrl\":\"https:\/\/tourtravelandmore.com\/wp-content\/uploads\/2022\/12\/cropped-logo-cabecera-new.png\",\"width\":430,\"height\":61,\"caption\":\"Tour Travel And More\"},\"image\":{\"@id\":\"https:\/\/tourtravelandmore.com\/fr\/#\/schema\/logo\/image\/\"},\"sameAs\":[\"https:\/\/www.facebook.com\/tourtravelandmore\/\",\"https:\/\/x.com\/TourTravel_More\"]}]}<\/script>\n<!-- \/ Yoast SEO Premium plugin. -->","yoast_head_json":{"title":"Visite priv\u00e9e de Tol\u00e8de au d\u00e9part de Madrid - V\u00e9hicule de luxe avec chauffeur et guide","description":"Visite priv\u00e9e de Tol\u00e8de au d\u00e9part de Madrid. V\u00e9hicule de luxe priv\u00e9 avec chauffeur pour une journ\u00e9e compl\u00e8te et guide officiel s\u00e9par\u00e9 \u00e0 Tol\u00e8de pendant 3 heures.","robots":{"index":"index","follow":"follow","max-snippet":"max-snippet:-1","max-image-preview":"max-image-preview:large","max-video-preview":"max-video-preview:-1"},"canonical":"https:\/\/tourtravelandmore.com\/fr\/tours\/espagne-fr\/madrid-fr\/tous-les-circuits-et-activites-prives\/visite-privee-de-tolede-au-depart-de-madrid\/","og_locale":"fr_FR","og_type":"article","og_title":"Visite priv\u00e9e de Tol\u00e8de au d\u00e9part de Madrid","og_description":"Visite priv\u00e9e de Tol\u00e8de au d\u00e9part de Madrid. V\u00e9hicule de luxe priv\u00e9 avec chauffeur pour une journ\u00e9e compl\u00e8te et guide officiel s\u00e9par\u00e9 \u00e0 Tol\u00e8de pendant 3 heures.","og_url":"https:\/\/tourtravelandmore.com\/fr\/tours\/espagne-fr\/madrid-fr\/tous-les-circuits-et-activites-prives\/visite-privee-de-tolede-au-depart-de-madrid\/","og_site_name":"Tour Travel And More","article_publisher":"https:\/\/www.facebook.com\/tourtravelandmore\/","article_modified_time":"2024-04-29T17:08:53+00:00","og_image":[{"width":1920,"height":912,"url":"https:\/\/tourtravelandmore.com\/wp-content\/uploads\/2016\/10\/toledo-private-tour-4.jpg","type":"image\/jpeg"}],"twitter_card":"summary_large_image","twitter_site":"@TourTravel_More","twitter_misc":{"Dur\u00e9e de lecture estim\u00e9e":"2 minutes"},"schema":{"@context":"https:\/\/schema.org","@graph":[{"@type":"WebPage","@id":"https:\/\/tourtravelandmore.com\/fr\/tours\/espagne-fr\/madrid-fr\/tous-les-circuits-et-activites-prives\/visite-privee-de-tolede-au-depart-de-madrid\/","url":"https:\/\/tourtravelandmore.com\/fr\/tours\/espagne-fr\/madrid-fr\/tous-les-circuits-et-activites-prives\/visite-privee-de-tolede-au-depart-de-madrid\/","name":"Visite priv\u00e9e de Tol\u00e8de au d\u00e9part de Madrid - V\u00e9hicule de luxe avec chauffeur et guide","isPartOf":{"@id":"https:\/\/tourtravelandmore.com\/fr\/#website"},"primaryImageOfPage":{"@id":"https:\/\/tourtravelandmore.com\/fr\/tours\/espagne-fr\/madrid-fr\/tous-les-circuits-et-activites-prives\/visite-privee-de-tolede-au-depart-de-madrid\/#primaryimage"},"image":{"@id":"https:\/\/tourtravelandmore.com\/fr\/tours\/espagne-fr\/madrid-fr\/tous-les-circuits-et-activites-prives\/visite-privee-de-tolede-au-depart-de-madrid\/#primaryimage"},"thumbnailUrl":"https:\/\/tourtravelandmore.com\/wp-content\/uploads\/2016\/10\/toledo-private-tour-4.jpg","datePublished":"2016-10-25T11:26:15+00:00","dateModified":"2024-04-29T17:08:53+00:00","description":"Visite priv\u00e9e de Tol\u00e8de au d\u00e9part de Madrid. V\u00e9hicule de luxe priv\u00e9 avec chauffeur pour une journ\u00e9e compl\u00e8te et guide officiel s\u00e9par\u00e9 \u00e0 Tol\u00e8de pendant 3 heures.","breadcrumb":{"@id":"https:\/\/tourtravelandmore.com\/fr\/tours\/espagne-fr\/madrid-fr\/tous-les-circuits-et-activites-prives\/visite-privee-de-tolede-au-depart-de-madrid\/#breadcrumb"},"inLanguage":"fr-FR","potentialAction":[{"@type":"ReadAction","target":["https:\/\/tourtravelandmore.com\/fr\/tours\/espagne-fr\/madrid-fr\/tous-les-circuits-et-activites-prives\/visite-privee-de-tolede-au-depart-de-madrid\/"]}]},{"@type":"ImageObject","inLanguage":"fr-FR","@id":"https:\/\/tourtravelandmore.com\/fr\/tours\/espagne-fr\/madrid-fr\/tous-les-circuits-et-activites-prives\/visite-privee-de-tolede-au-depart-de-madrid\/#primaryimage","url":"https:\/\/tourtravelandmore.com\/wp-content\/uploads\/2016\/10\/toledo-private-tour-4.jpg","contentUrl":"https:\/\/tourtravelandmore.com\/wp-content\/uploads\/2016\/10\/toledo-private-tour-4.jpg","width":1920,"height":912},{"@type":"BreadcrumbList","@id":"https:\/\/tourtravelandmore.com\/fr\/tours\/espagne-fr\/madrid-fr\/tous-les-circuits-et-activites-prives\/visite-privee-de-tolede-au-depart-de-madrid\/#breadcrumb","itemListElement":[{"@type":"ListItem","position":1,"name":"Home","item":"https:\/\/tourtravelandmore.com\/fr\/"},{"@type":"ListItem","position":2,"name":"Tours","item":"https:\/\/tourtravelandmore.com\/fr\/tours\/"},{"@type":"ListItem","position":3,"name":"Visite priv\u00e9e de Tol\u00e8de au d\u00e9part de Madrid"}]},{"@type":"WebSite","@id":"https:\/\/tourtravelandmore.com\/fr\/#website","url":"https:\/\/tourtravelandmore.com\/fr\/","name":"Tour Travel And More","description":"Private sightseeing tours and luxury transfers in Spain","publisher":{"@id":"https:\/\/tourtravelandmore.com\/fr\/#organization"},"potentialAction":[{"@type":"SearchAction","target":{"@type":"EntryPoint","urlTemplate":"https:\/\/tourtravelandmore.com\/fr\/?s={search_term_string}"},"query-input":{"@type":"PropertyValueSpecification","valueRequired":true,"valueName":"search_term_string"}}],"inLanguage":"fr-FR"},{"@type":"Organization","@id":"https:\/\/tourtravelandmore.com\/fr\/#organization","name":"Tour Travel And More","url":"https:\/\/tourtravelandmore.com\/fr\/","logo":{"@type":"ImageObject","inLanguage":"fr-FR","@id":"https:\/\/tourtravelandmore.com\/fr\/#\/schema\/logo\/image\/","url":"https:\/\/tourtravelandmore.com\/wp-content\/uploads\/2022\/12\/cropped-logo-cabecera-new.png","contentUrl":"https:\/\/tourtravelandmore.com\/wp-content\/uploads\/2022\/12\/cropped-logo-cabecera-new.png","width":430,"height":61,"caption":"Tour Travel And More"},"image":{"@id":"https:\/\/tourtravelandmore.com\/fr\/#\/schema\/logo\/image\/"},"sameAs":["https:\/\/www.facebook.com\/tourtravelandmore\/","https:\/\/x.com\/TourTravel_More"]}]}},"_links":{"self":[{"href":"https:\/\/tourtravelandmore.com\/fr\/wp-json\/wp\/v2\/product\/98750","targetHints":{"allow":["GET"]}}],"collection":[{"href":"https:\/\/tourtravelandmore.com\/fr\/wp-json\/wp\/v2\/product"}],"about":[{"href":"https:\/\/tourtravelandmore.com\/fr\/wp-json\/wp\/v2\/types\/product"}],"replies":[{"embeddable":true,"href":"https:\/\/tourtravelandmore.com\/fr\/wp-json\/wp\/v2\/comments?post=98750"}],"wp:featuredmedia":[{"embeddable":true,"href":"https:\/\/tourtravelandmore.com\/fr\/wp-json\/wp\/v2\/media\/93974"}],"wp:attachment":[{"href":"https:\/\/tourtravelandmore.com\/fr\/wp-json\/wp\/v2\/media?parent=98750"}],"wp:term":[{"taxonomy":"product_brand","embeddable":true,"href":"https:\/\/tourtravelandmore.com\/fr\/wp-json\/wp\/v2\/product_brand?post=98750"},{"taxonomy":"product_cat","embeddable":true,"href":"https:\/\/tourtravelandmore.com\/fr\/wp-json\/wp\/v2\/product_cat?post=98750"},{"taxonomy":"product_tag","embeddable":true,"href":"https:\/\/tourtravelandmore.com\/fr\/wp-json\/wp\/v2\/product_tag?post=98750"}],"curies":[{"name":"wp","href":"https:\/\/api.w.org\/{rel}","templated":true}]}}