{"id":98734,"date":"2016-10-25T12:05:33","date_gmt":"2016-10-25T10:05:33","guid":{"rendered":"https:\/\/tourtravelandmore.com\/tours\/non%20class\u00e9\/visite-privee-de-lescorial-au-depart-de-madrid\/"},"modified":"2024-05-07T16:29:01","modified_gmt":"2024-05-07T14:29:01","slug":"visite-privee-de-lescorial-au-depart-de-madrid","status":"publish","type":"product","link":"https:\/\/tourtravelandmore.com\/fr\/tours\/espagne-fr\/madrid-fr\/tous-les-circuits-et-activites-prives\/visite-privee-de-lescorial-au-depart-de-madrid\/","title":{"rendered":"Visite priv\u00e9e de l&#8217;Escorial au d\u00e9part de Madrid"},"content":{"rendered":"<h2>La description<\/h2>\n<p>Allons-y et visitons la p\u00e9riph\u00e9rie de Madrid. Nous vous emm\u00e8nerons dans cette visite priv\u00e9e El Escorial au d\u00e9part de Madrid. Profitez de cette visite priv\u00e9e de 5 heures avec votre guide officiel et bien s\u00fbr d&#8217;un v\u00e9hicule de luxe avec chauffeur s\u00e9par\u00e9. Apprenez \u00e0 conna\u00eetre le monast\u00e8re de l&#8217;Escorial et la vall\u00e9e des morts tr\u00e8s confortablement dans votre v\u00e9hicule priv\u00e9 avec votre chauffeur.<\/p>\n<p>Cette visite priv\u00e9e El Escorial au d\u00e9part de Madrid partira de votre h\u00f4tel dans la ville de Madrid et vous commencerez \u00e0 explorer Madrid lors d&#8217;une rapide visite panoramique jusqu&#8217;\u00e0 votre premier arr\u00eat, le monast\u00e8re de l&#8217;Escorial. Tout d&#8217;abord, nous viendrons vous chercher \u00e0 votre h\u00f4tel avec votre chauffeur et votre guide s\u00e9par\u00e9.<\/p>\n<p>Comme toutes nos visites priv\u00e9es, cette visite peut \u00eatre personnalis\u00e9e.<\/p>\n<p>Deuxi\u00e8mement, nous vous emm\u00e8nerons vers le monast\u00e8re de l&#8217;Escorial. Les billets d&#8217;entr\u00e9e sont inclus pour une exp\u00e9rience facile. Vous visiterez le monast\u00e8re de l&#8217;Escorial avec votre guide officiel priv\u00e9. Apr\u00e8s avoir visit\u00e9 le monast\u00e8re, nous nous dirigerons vers la vall\u00e9e des morts. Notre chauffeur priv\u00e9 vous emm\u00e8nera, vous et votre guide, vers la vall\u00e9e des morts. Les billets d&#8217;entr\u00e9e sont \u00e9galement inclus. Votre guide priv\u00e9 officiel est \u00e0 votre disposition pendant toute la dur\u00e9e de la visite pour rendre cette exp\u00e9rience unique.<\/p>\n<p>Enfin, nous vous reconduirons vers votre h\u00f4tel \u00e0 Madrid.<\/p>\n<h2>Sites d&#8217;int\u00e9r\u00eat et monuments<\/h2>\n<p>Le monast\u00e8re de l&#8217;Escorial est \u00e9galement connu sous le nom de monast\u00e8re royal de San Lorenzo El Real. Il a \u00e9t\u00e9 construit au 16\u00e8me si\u00e8cle par le roi Philippe II. Aujourd&#8217;hui, il h\u00e9berge une grande collection d&#8217;art europ\u00e9en. Profitez de cette visite priv\u00e9e avec votre guide priv\u00e9 pour conna\u00eetre les informations et les d\u00e9tails les plus importants de ce monast\u00e8re. Vous pourrez appr\u00e9cier certaines des pi\u00e8ces de la collection ainsi que la visite du Panth\u00e9on des Rois et de la Basilique.<\/p>\n<p>Apr\u00e8s cela, la visite se poursuivra vers la vall\u00e9e des morts. Il est tr\u00e8s proche du monast\u00e8re de l&#8217;Escorial et abrite une grande histoire historique. Il a \u00e9t\u00e9 \u00e9rig\u00e9 par le dictateur g\u00e9n\u00e9ral Franco et a \u00e9t\u00e9 construit comme un monument aux morts de la guerre civile espagnole. Votre visite priv\u00e9e comprend une visite guid\u00e9e de la basilique ainsi que de la vall\u00e9e elle-m\u00eame et vous pourrez profiter des vues \u00e9tendues que la vall\u00e9e a \u00e0 offrir.<\/p>\n<p>Lorsque vous aurez termin\u00e9 de visiter ce site, votre guide et votre v\u00e9hicule priv\u00e9 avec chauffeur se dirigeront vers une visite panoramique de la ville de Madrid juste avant de vous ramener \u00e0 votre h\u00f4tel.<br \/>\nVotre visite est enti\u00e8rement personnalis\u00e9e pour r\u00e9pondre \u00e0 vos propres besoins. La visite sera organis\u00e9e en tenant compte de ce que vous voulez. Vous pouvez d\u00e9cider quels monuments vous voudriez voir \u00e0 Madrid apr\u00e8s avoir profit\u00e9 de la vall\u00e9e des morts.<br \/>\nUne fois votre visite termin\u00e9e, votre guide et votre v\u00e9hicule priv\u00e9 avec chauffeur vous ram\u00e8neront \u00e0 votre h\u00f4tel ou lieu de votre choix \u00e0 Madrid.<\/p>\n<p>D\u00e9couvrez toutes nos visites priv\u00e9es de Madrid.<\/p>\n","protected":false},"excerpt":{"rendered":"<p>Profitez de cette visite priv\u00e9e de 8 heures El Escorial au d\u00e9part de Madrid. V\u00e9hicule de luxe priv\u00e9 avec chauffeur et guide officiel s\u00e9par\u00e9. Billets d&#8217;entr\u00e9e \u00e0 l&#8217;Escorial et \u00e0 la Vall\u00e9e des morts inclus.<\/p>\n","protected":false},"featured_media":93961,"comment_status":"open","ping_status":"closed","template":"","meta":{"_acf_changed":false},"product_brand":[],"product_cat":[5357,5356,3543,4028,4029],"product_tag":[],"class_list":{"0":"post-98734","1":"product","2":"type-product","3":"status-publish","4":"has-post-thumbnail","6":"product_cat-best-sellers-fr-2","7":"product_cat-private-sightseeing-tours-fr-38","8":"product_cat-madrid-fr","9":"product_cat-tous-les-circuits-et-activites-prives","10":"product_cat-excursions-privees-dune-journee","12":"first","13":"instock","14":"shipping-taxable","15":"purchasable","16":"product-type-simple"},"acf":[],"yoast_head":"<!-- This site is optimized with the Yoast SEO Premium plugin v25.3.1 (Yoast SEO v25.3.1) - https:\/\/yoast.com\/wordpress\/plugins\/seo\/ -->\n<title>Visite priv\u00e9e de l&#039;Escorial au d\u00e9part de Madrid - Visite priv\u00e9e et billets inclus<\/title>\n<meta name=\"description\" content=\"Profitez de cette visite priv\u00e9e de 8 heures El Escorial au d\u00e9part de Madrid. V\u00e9hicule de luxe priv\u00e9 avec chauffeur et guide officiel s\u00e9par\u00e9.\" \/>\n<meta name=\"robots\" content=\"index, follow, max-snippet:-1, max-image-preview:large, max-video-preview:-1\" \/>\n<link rel=\"canonical\" href=\"https:\/\/tourtravelandmore.com\/fr\/tours\/espagne-fr\/madrid-fr\/tous-les-circuits-et-activites-prives\/visite-privee-de-lescorial-au-depart-de-madrid\/\" \/>\n<meta property=\"og:locale\" content=\"fr_FR\" \/>\n<meta property=\"og:type\" content=\"article\" \/>\n<meta property=\"og:title\" content=\"Visite priv\u00e9e de l&#039;Escorial au d\u00e9part de Madrid\" \/>\n<meta property=\"og:description\" content=\"Profitez de cette visite priv\u00e9e de 8 heures El Escorial au d\u00e9part de Madrid. V\u00e9hicule de luxe priv\u00e9 avec chauffeur et guide officiel s\u00e9par\u00e9.\" \/>\n<meta property=\"og:url\" content=\"https:\/\/tourtravelandmore.com\/fr\/tours\/espagne-fr\/madrid-fr\/tous-les-circuits-et-activites-prives\/visite-privee-de-lescorial-au-depart-de-madrid\/\" \/>\n<meta property=\"og:site_name\" content=\"Tour Travel And More\" \/>\n<meta property=\"article:publisher\" content=\"https:\/\/www.facebook.com\/tourtravelandmore\/\" \/>\n<meta property=\"article:modified_time\" content=\"2024-05-07T14:29:01+00:00\" \/>\n<meta property=\"og:image\" content=\"https:\/\/tourtravelandmore.com\/wp-content\/uploads\/2016\/10\/escorial-valle-caidos-private-tour.jpg\" \/>\n\t<meta property=\"og:image:width\" content=\"1394\" \/>\n\t<meta property=\"og:image:height\" content=\"939\" \/>\n\t<meta property=\"og:image:type\" content=\"image\/jpeg\" \/>\n<meta name=\"twitter:card\" content=\"summary_large_image\" \/>\n<meta name=\"twitter:site\" content=\"@TourTravel_More\" \/>\n<meta name=\"twitter:label1\" content=\"Dur\u00e9e de lecture estim\u00e9e\" \/>\n\t<meta name=\"twitter:data1\" content=\"3 minutes\" \/>\n<script type=\"application\/ld+json\" class=\"yoast-schema-graph\">{\"@context\":\"https:\/\/schema.org\",\"@graph\":[{\"@type\":\"WebPage\",\"@id\":\"https:\/\/tourtravelandmore.com\/fr\/tours\/espagne-fr\/madrid-fr\/tous-les-circuits-et-activites-prives\/visite-privee-de-lescorial-au-depart-de-madrid\/\",\"url\":\"https:\/\/tourtravelandmore.com\/fr\/tours\/espagne-fr\/madrid-fr\/tous-les-circuits-et-activites-prives\/visite-privee-de-lescorial-au-depart-de-madrid\/\",\"name\":\"Visite priv\u00e9e de l'Escorial au d\u00e9part de Madrid - Visite priv\u00e9e et billets inclus\",\"isPartOf\":{\"@id\":\"https:\/\/tourtravelandmore.com\/fr\/#website\"},\"primaryImageOfPage\":{\"@id\":\"https:\/\/tourtravelandmore.com\/fr\/tours\/espagne-fr\/madrid-fr\/tous-les-circuits-et-activites-prives\/visite-privee-de-lescorial-au-depart-de-madrid\/#primaryimage\"},\"image\":{\"@id\":\"https:\/\/tourtravelandmore.com\/fr\/tours\/espagne-fr\/madrid-fr\/tous-les-circuits-et-activites-prives\/visite-privee-de-lescorial-au-depart-de-madrid\/#primaryimage\"},\"thumbnailUrl\":\"https:\/\/tourtravelandmore.com\/wp-content\/uploads\/2016\/10\/escorial-valle-caidos-private-tour.jpg\",\"datePublished\":\"2016-10-25T10:05:33+00:00\",\"dateModified\":\"2024-05-07T14:29:01+00:00\",\"description\":\"Profitez de cette visite priv\u00e9e de 8 heures El Escorial au d\u00e9part de Madrid. V\u00e9hicule de luxe priv\u00e9 avec chauffeur et guide officiel s\u00e9par\u00e9.\",\"breadcrumb\":{\"@id\":\"https:\/\/tourtravelandmore.com\/fr\/tours\/espagne-fr\/madrid-fr\/tous-les-circuits-et-activites-prives\/visite-privee-de-lescorial-au-depart-de-madrid\/#breadcrumb\"},\"inLanguage\":\"fr-FR\",\"potentialAction\":[{\"@type\":\"ReadAction\",\"target\":[\"https:\/\/tourtravelandmore.com\/fr\/tours\/espagne-fr\/madrid-fr\/tous-les-circuits-et-activites-prives\/visite-privee-de-lescorial-au-depart-de-madrid\/\"]}]},{\"@type\":\"ImageObject\",\"inLanguage\":\"fr-FR\",\"@id\":\"https:\/\/tourtravelandmore.com\/fr\/tours\/espagne-fr\/madrid-fr\/tous-les-circuits-et-activites-prives\/visite-privee-de-lescorial-au-depart-de-madrid\/#primaryimage\",\"url\":\"https:\/\/tourtravelandmore.com\/wp-content\/uploads\/2016\/10\/escorial-valle-caidos-private-tour.jpg\",\"contentUrl\":\"https:\/\/tourtravelandmore.com\/wp-content\/uploads\/2016\/10\/escorial-valle-caidos-private-tour.jpg\",\"width\":1394,\"height\":939},{\"@type\":\"BreadcrumbList\",\"@id\":\"https:\/\/tourtravelandmore.com\/fr\/tours\/espagne-fr\/madrid-fr\/tous-les-circuits-et-activites-prives\/visite-privee-de-lescorial-au-depart-de-madrid\/#breadcrumb\",\"itemListElement\":[{\"@type\":\"ListItem\",\"position\":1,\"name\":\"Home\",\"item\":\"https:\/\/tourtravelandmore.com\/fr\/\"},{\"@type\":\"ListItem\",\"position\":2,\"name\":\"Tours\",\"item\":\"https:\/\/tourtravelandmore.com\/fr\/tours\/\"},{\"@type\":\"ListItem\",\"position\":3,\"name\":\"Visite priv\u00e9e de l&#8217;Escorial au d\u00e9part de Madrid\"}]},{\"@type\":\"WebSite\",\"@id\":\"https:\/\/tourtravelandmore.com\/fr\/#website\",\"url\":\"https:\/\/tourtravelandmore.com\/fr\/\",\"name\":\"Tour Travel And More\",\"description\":\"Private sightseeing tours and luxury transfers in Spain\",\"publisher\":{\"@id\":\"https:\/\/tourtravelandmore.com\/fr\/#organization\"},\"potentialAction\":[{\"@type\":\"SearchAction\",\"target\":{\"@type\":\"EntryPoint\",\"urlTemplate\":\"https:\/\/tourtravelandmore.com\/fr\/?s={search_term_string}\"},\"query-input\":{\"@type\":\"PropertyValueSpecification\",\"valueRequired\":true,\"valueName\":\"search_term_string\"}}],\"inLanguage\":\"fr-FR\"},{\"@type\":\"Organization\",\"@id\":\"https:\/\/tourtravelandmore.com\/fr\/#organization\",\"name\":\"Tour Travel And More\",\"url\":\"https:\/\/tourtravelandmore.com\/fr\/\",\"logo\":{\"@type\":\"ImageObject\",\"inLanguage\":\"fr-FR\",\"@id\":\"https:\/\/tourtravelandmore.com\/fr\/#\/schema\/logo\/image\/\",\"url\":\"https:\/\/tourtravelandmore.com\/wp-content\/uploads\/2022\/12\/cropped-logo-cabecera-new.png\",\"contentUrl\":\"https:\/\/tourtravelandmore.com\/wp-content\/uploads\/2022\/12\/cropped-logo-cabecera-new.png\",\"width\":430,\"height\":61,\"caption\":\"Tour Travel And More\"},\"image\":{\"@id\":\"https:\/\/tourtravelandmore.com\/fr\/#\/schema\/logo\/image\/\"},\"sameAs\":[\"https:\/\/www.facebook.com\/tourtravelandmore\/\",\"https:\/\/x.com\/TourTravel_More\"]}]}<\/script>\n<!-- \/ Yoast SEO Premium plugin. -->","yoast_head_json":{"title":"Visite priv\u00e9e de l'Escorial au d\u00e9part de Madrid - Visite priv\u00e9e et billets inclus","description":"Profitez de cette visite priv\u00e9e de 8 heures El Escorial au d\u00e9part de Madrid. V\u00e9hicule de luxe priv\u00e9 avec chauffeur et guide officiel s\u00e9par\u00e9.","robots":{"index":"index","follow":"follow","max-snippet":"max-snippet:-1","max-image-preview":"max-image-preview:large","max-video-preview":"max-video-preview:-1"},"canonical":"https:\/\/tourtravelandmore.com\/fr\/tours\/espagne-fr\/madrid-fr\/tous-les-circuits-et-activites-prives\/visite-privee-de-lescorial-au-depart-de-madrid\/","og_locale":"fr_FR","og_type":"article","og_title":"Visite priv\u00e9e de l'Escorial au d\u00e9part de Madrid","og_description":"Profitez de cette visite priv\u00e9e de 8 heures El Escorial au d\u00e9part de Madrid. V\u00e9hicule de luxe priv\u00e9 avec chauffeur et guide officiel s\u00e9par\u00e9.","og_url":"https:\/\/tourtravelandmore.com\/fr\/tours\/espagne-fr\/madrid-fr\/tous-les-circuits-et-activites-prives\/visite-privee-de-lescorial-au-depart-de-madrid\/","og_site_name":"Tour Travel And More","article_publisher":"https:\/\/www.facebook.com\/tourtravelandmore\/","article_modified_time":"2024-05-07T14:29:01+00:00","og_image":[{"width":1394,"height":939,"url":"https:\/\/tourtravelandmore.com\/wp-content\/uploads\/2016\/10\/escorial-valle-caidos-private-tour.jpg","type":"image\/jpeg"}],"twitter_card":"summary_large_image","twitter_site":"@TourTravel_More","twitter_misc":{"Dur\u00e9e de lecture estim\u00e9e":"3 minutes"},"schema":{"@context":"https:\/\/schema.org","@graph":[{"@type":"WebPage","@id":"https:\/\/tourtravelandmore.com\/fr\/tours\/espagne-fr\/madrid-fr\/tous-les-circuits-et-activites-prives\/visite-privee-de-lescorial-au-depart-de-madrid\/","url":"https:\/\/tourtravelandmore.com\/fr\/tours\/espagne-fr\/madrid-fr\/tous-les-circuits-et-activites-prives\/visite-privee-de-lescorial-au-depart-de-madrid\/","name":"Visite priv\u00e9e de l'Escorial au d\u00e9part de Madrid - Visite priv\u00e9e et billets inclus","isPartOf":{"@id":"https:\/\/tourtravelandmore.com\/fr\/#website"},"primaryImageOfPage":{"@id":"https:\/\/tourtravelandmore.com\/fr\/tours\/espagne-fr\/madrid-fr\/tous-les-circuits-et-activites-prives\/visite-privee-de-lescorial-au-depart-de-madrid\/#primaryimage"},"image":{"@id":"https:\/\/tourtravelandmore.com\/fr\/tours\/espagne-fr\/madrid-fr\/tous-les-circuits-et-activites-prives\/visite-privee-de-lescorial-au-depart-de-madrid\/#primaryimage"},"thumbnailUrl":"https:\/\/tourtravelandmore.com\/wp-content\/uploads\/2016\/10\/escorial-valle-caidos-private-tour.jpg","datePublished":"2016-10-25T10:05:33+00:00","dateModified":"2024-05-07T14:29:01+00:00","description":"Profitez de cette visite priv\u00e9e de 8 heures El Escorial au d\u00e9part de Madrid. V\u00e9hicule de luxe priv\u00e9 avec chauffeur et guide officiel s\u00e9par\u00e9.","breadcrumb":{"@id":"https:\/\/tourtravelandmore.com\/fr\/tours\/espagne-fr\/madrid-fr\/tous-les-circuits-et-activites-prives\/visite-privee-de-lescorial-au-depart-de-madrid\/#breadcrumb"},"inLanguage":"fr-FR","potentialAction":[{"@type":"ReadAction","target":["https:\/\/tourtravelandmore.com\/fr\/tours\/espagne-fr\/madrid-fr\/tous-les-circuits-et-activites-prives\/visite-privee-de-lescorial-au-depart-de-madrid\/"]}]},{"@type":"ImageObject","inLanguage":"fr-FR","@id":"https:\/\/tourtravelandmore.com\/fr\/tours\/espagne-fr\/madrid-fr\/tous-les-circuits-et-activites-prives\/visite-privee-de-lescorial-au-depart-de-madrid\/#primaryimage","url":"https:\/\/tourtravelandmore.com\/wp-content\/uploads\/2016\/10\/escorial-valle-caidos-private-tour.jpg","contentUrl":"https:\/\/tourtravelandmore.com\/wp-content\/uploads\/2016\/10\/escorial-valle-caidos-private-tour.jpg","width":1394,"height":939},{"@type":"BreadcrumbList","@id":"https:\/\/tourtravelandmore.com\/fr\/tours\/espagne-fr\/madrid-fr\/tous-les-circuits-et-activites-prives\/visite-privee-de-lescorial-au-depart-de-madrid\/#breadcrumb","itemListElement":[{"@type":"ListItem","position":1,"name":"Home","item":"https:\/\/tourtravelandmore.com\/fr\/"},{"@type":"ListItem","position":2,"name":"Tours","item":"https:\/\/tourtravelandmore.com\/fr\/tours\/"},{"@type":"ListItem","position":3,"name":"Visite priv\u00e9e de l&#8217;Escorial au d\u00e9part de Madrid"}]},{"@type":"WebSite","@id":"https:\/\/tourtravelandmore.com\/fr\/#website","url":"https:\/\/tourtravelandmore.com\/fr\/","name":"Tour Travel And More","description":"Private sightseeing tours and luxury transfers in Spain","publisher":{"@id":"https:\/\/tourtravelandmore.com\/fr\/#organization"},"potentialAction":[{"@type":"SearchAction","target":{"@type":"EntryPoint","urlTemplate":"https:\/\/tourtravelandmore.com\/fr\/?s={search_term_string}"},"query-input":{"@type":"PropertyValueSpecification","valueRequired":true,"valueName":"search_term_string"}}],"inLanguage":"fr-FR"},{"@type":"Organization","@id":"https:\/\/tourtravelandmore.com\/fr\/#organization","name":"Tour Travel And More","url":"https:\/\/tourtravelandmore.com\/fr\/","logo":{"@type":"ImageObject","inLanguage":"fr-FR","@id":"https:\/\/tourtravelandmore.com\/fr\/#\/schema\/logo\/image\/","url":"https:\/\/tourtravelandmore.com\/wp-content\/uploads\/2022\/12\/cropped-logo-cabecera-new.png","contentUrl":"https:\/\/tourtravelandmore.com\/wp-content\/uploads\/2022\/12\/cropped-logo-cabecera-new.png","width":430,"height":61,"caption":"Tour Travel And More"},"image":{"@id":"https:\/\/tourtravelandmore.com\/fr\/#\/schema\/logo\/image\/"},"sameAs":["https:\/\/www.facebook.com\/tourtravelandmore\/","https:\/\/x.com\/TourTravel_More"]}]}},"_links":{"self":[{"href":"https:\/\/tourtravelandmore.com\/fr\/wp-json\/wp\/v2\/product\/98734","targetHints":{"allow":["GET"]}}],"collection":[{"href":"https:\/\/tourtravelandmore.com\/fr\/wp-json\/wp\/v2\/product"}],"about":[{"href":"https:\/\/tourtravelandmore.com\/fr\/wp-json\/wp\/v2\/types\/product"}],"replies":[{"embeddable":true,"href":"https:\/\/tourtravelandmore.com\/fr\/wp-json\/wp\/v2\/comments?post=98734"}],"wp:featuredmedia":[{"embeddable":true,"href":"https:\/\/tourtravelandmore.com\/fr\/wp-json\/wp\/v2\/media\/93961"}],"wp:attachment":[{"href":"https:\/\/tourtravelandmore.com\/fr\/wp-json\/wp\/v2\/media?parent=98734"}],"wp:term":[{"taxonomy":"product_brand","embeddable":true,"href":"https:\/\/tourtravelandmore.com\/fr\/wp-json\/wp\/v2\/product_brand?post=98734"},{"taxonomy":"product_cat","embeddable":true,"href":"https:\/\/tourtravelandmore.com\/fr\/wp-json\/wp\/v2\/product_cat?post=98734"},{"taxonomy":"product_tag","embeddable":true,"href":"https:\/\/tourtravelandmore.com\/fr\/wp-json\/wp\/v2\/product_tag?post=98734"}],"curies":[{"name":"wp","href":"https:\/\/api.w.org\/{rel}","templated":true}]}}