{"id":98729,"date":"2016-10-25T11:51:57","date_gmt":"2016-10-25T09:51:57","guid":{"rendered":"https:\/\/tourtravelandmore.com\/tours\/non%20class\u00e9\/visite-privee-a-pied-de-madrid\/"},"modified":"2024-07-23T19:58:41","modified_gmt":"2024-07-23T17:58:41","slug":"visite-privee-a-pied-de-madrid","status":"publish","type":"product","link":"https:\/\/tourtravelandmore.com\/fr\/tours\/espagne-fr\/madrid-fr\/tous-les-circuits-et-activites-prives\/visite-privee-a-pied-de-madrid\/","title":{"rendered":"Visite priv\u00e9e de la ville : Les monuments embl\u00e9matiques de Madrid"},"content":{"rendered":"<h2><b><strong>Visite priv\u00e9e de la ville :<\/strong><\/b> <b><strong>Les monuments embl\u00e9matiques de Madrid Description<\/strong><\/b><\/h2>\n<p>Embarquez pour un voyage inoubliable au c\u0153ur de Madrid gr\u00e2ce \u00e0 l&#8217;excursion priv\u00e9e exclusive de Tour Travel &amp; More. Cette exp\u00e9rience m\u00e9ticuleusement con\u00e7ue pour les voyageurs exigeants offre une exploration compl\u00e8te des monuments les plus embl\u00e9matiques de Madrid. Avec le confort d&#8217;une voiture priv\u00e9e et l&#8217;expertise d&#8217;un guide d\u00e9vou\u00e9 pendant toute la dur\u00e9e de la visite de 10 heures, vous plongerez dans la riche histoire, la culture et la grandeur de la capitale de l&#8217;Espagne.<\/p>\n<p>Il s&#8217;agit d&#8217;une visite enti\u00e8rement personnalis\u00e9e. Vous pouvez personnaliser chaque visite en nous contactant. Voici un exemple des sites les plus importants pour vous donner une id\u00e9e, mais votre visite sera enti\u00e8rement personnalis\u00e9e pour r\u00e9pondre \u00e0 vos besoins exacts.<\/p>\n<p>Nous vous aiderons \u00e0 organiser votre <b><strong>exp\u00e9rience unique<\/strong><\/b> et personnalis\u00e9e \u00e0 <b><strong>Madrid<\/strong><\/b>.<\/p>\n<h2><b><strong>Points d&#8217;int\u00e9r\u00eat et monuments<\/strong><\/b><\/h2>\n<p>Votre aventure commence par une visite du l\u00e9gendaire stade Santiago Bernab\u00e9u, si\u00e8ge de la c\u00e9l\u00e8bre \u00e9quipe de football du Real Madrid. Vivez l&#8217;\u00e9motion de traverser le tunnel des joueurs, l&#8217;excitation du terrain et le luxe des zones VIP. Votre visite guid\u00e9e comprend l&#8217;acc\u00e8s exclusif \u00e0 la salle des troph\u00e9es, o\u00f9 vous pourrez admirer l&#8217;impressionnante collection d&#8217;argenterie et de souvenirs du club.<\/p>\n<p>Nous vous emmenons ensuite au Palais royal de Madrid, symbole de l&#8217;opulence et de l&#8217;histoire de la monarchie espagnole. Ce magnifique palais compte 3 418 pi\u00e8ces, ce qui en fait le plus grand palais royal d&#8217;Europe en activit\u00e9. Au cours de votre visite, vous explorerez la grandiose salle du tr\u00f4ne, la somptueuse armurerie royale et l&#8217;impressionnante chapelle royale. Les jardins m\u00e9ticuleusement am\u00e9nag\u00e9s offrent une toile de fond sereine, id\u00e9ale pour une promenade tranquille.<\/p>\n<p>Poursuivez votre immersion culturelle au mus\u00e9e du Prado, l&#8217;un des plus prestigieux mus\u00e9es d&#8217;art au monde. La vaste collection du Prado comprend des chefs-d&#8217;\u0153uvre d&#8217;artistes espagnols tels que Vel\u00e1zquez, Goya et El Greco, ainsi que des \u0153uvres d&#8217;artistes internationaux renomm\u00e9s. Votre guide vous conduira \u00e0 travers les pi\u00e8ces ma\u00eetresses du mus\u00e9e, en vous offrant des commentaires perspicaces sur la signification et l&#8217;histoire de chaque pi\u00e8ce.<\/p>\n<p>Outre ces attractions majeures, votre visite comprendra \u00e9galement des vues panoramiques et de brefs arr\u00eats \u00e0 d&#8217;autres points d&#8217;int\u00e9r\u00eat importants. Admirez la grandeur de la Plaza Mayor, le c\u0153ur anim\u00e9 du centre historique de Madrid. Passez devant l&#8217;embl\u00e9matique Puerta del Sol, connue comme le \u00ab kilom\u00e8tre z\u00e9ro \u00bb de l&#8217;Espagne, et admirez l&#8217;architecture \u00e9tonnante de la cath\u00e9drale de l&#8217;Almudena.<\/p>\n<p>Consultez notre visite priv\u00e9e de Madrid <a href=\"\u00ab\">ici<\/a>!<\/p>\n","protected":false},"excerpt":{"rendered":"<p>Embarquez pour un voyage inoubliable au c\u0153ur de Madrid gr\u00e2ce \u00e0 l&#8217;excursion priv\u00e9e exclusive de Tour Travel &amp; More. Cette exp\u00e9rience m\u00e9ticuleusement con\u00e7ue pour les voyageurs exigeants offre une exploration compl\u00e8te des monuments les plus embl\u00e9matiques de Madrid. Avec le confort d&#8217;une voiture priv\u00e9e et l&#8217;expertise d&#8217;un guide d\u00e9vou\u00e9 pendant toute la dur\u00e9e de la visite de 10 heures, vous plongerez dans la riche histoire, la culture et la grandeur de la capitale de l&#8217;Espagne.<\/p>\n","protected":false},"featured_media":81190,"comment_status":"open","ping_status":"closed","template":"","meta":{"_acf_changed":false},"product_brand":[],"product_cat":[5357,5379,3543,4028],"product_tag":[],"class_list":{"0":"post-98729","1":"product","2":"type-product","3":"status-publish","4":"has-post-thumbnail","6":"product_cat-best-sellers-fr-2","7":"product_cat-private-walking-tours-fr-15","8":"product_cat-madrid-fr","9":"product_cat-tous-les-circuits-et-activites-prives","11":"first","12":"instock","13":"shipping-taxable","14":"purchasable","15":"product-type-simple"},"acf":[],"yoast_head":"<!-- This site is optimized with the Yoast SEO Premium plugin v25.3.1 (Yoast SEO v25.3.1) - https:\/\/yoast.com\/wordpress\/plugins\/seo\/ -->\n<title>Visite priv\u00e9e \u00e0 pied de Madrid - Guide touristique officiel priv\u00e9<\/title>\n<meta name=\"description\" content=\"Visite priv\u00e9e \u00e0 pied enti\u00e8rement personnalis\u00e9e de Madrid et profitez de leurs monuments et sites les plus importants. Palais Royal, porte d&#039;Alcala, fontaine de Cibeles.\" \/>\n<meta name=\"robots\" content=\"index, follow, max-snippet:-1, max-image-preview:large, max-video-preview:-1\" \/>\n<link rel=\"canonical\" href=\"https:\/\/tourtravelandmore.com\/fr\/tours\/espagne-fr\/madrid-fr\/tous-les-circuits-et-activites-prives\/visite-privee-a-pied-de-madrid\/\" \/>\n<meta property=\"og:locale\" content=\"fr_FR\" \/>\n<meta property=\"og:type\" content=\"article\" \/>\n<meta property=\"og:title\" content=\"Visite priv\u00e9e de la ville : Les monuments embl\u00e9matiques de Madrid\" \/>\n<meta property=\"og:description\" content=\"Visite priv\u00e9e \u00e0 pied enti\u00e8rement personnalis\u00e9e de Madrid et profitez de leurs monuments et sites les plus importants. Palais Royal, porte d&#039;Alcala, fontaine de Cibeles.\" \/>\n<meta property=\"og:url\" content=\"https:\/\/tourtravelandmore.com\/fr\/tours\/espagne-fr\/madrid-fr\/tous-les-circuits-et-activites-prives\/visite-privee-a-pied-de-madrid\/\" \/>\n<meta property=\"og:site_name\" content=\"Tour Travel And More\" \/>\n<meta property=\"article:publisher\" content=\"https:\/\/www.facebook.com\/tourtravelandmore\/\" \/>\n<meta property=\"article:modified_time\" content=\"2024-07-23T17:58:41+00:00\" \/>\n<meta property=\"og:image\" content=\"https:\/\/tourtravelandmore.com\/wp-content\/uploads\/2016\/10\/Plazamayor-1.jpg\" \/>\n\t<meta property=\"og:image:width\" content=\"820\" \/>\n\t<meta property=\"og:image:height\" content=\"547\" \/>\n\t<meta property=\"og:image:type\" content=\"image\/jpeg\" \/>\n<meta name=\"twitter:card\" content=\"summary_large_image\" \/>\n<meta name=\"twitter:site\" content=\"@TourTravel_More\" \/>\n<meta name=\"twitter:label1\" content=\"Dur\u00e9e de lecture estim\u00e9e\" \/>\n\t<meta name=\"twitter:data1\" content=\"2 minutes\" \/>\n<script type=\"application\/ld+json\" class=\"yoast-schema-graph\">{\"@context\":\"https:\/\/schema.org\",\"@graph\":[{\"@type\":\"WebPage\",\"@id\":\"https:\/\/tourtravelandmore.com\/fr\/tours\/espagne-fr\/madrid-fr\/tous-les-circuits-et-activites-prives\/visite-privee-a-pied-de-madrid\/\",\"url\":\"https:\/\/tourtravelandmore.com\/fr\/tours\/espagne-fr\/madrid-fr\/tous-les-circuits-et-activites-prives\/visite-privee-a-pied-de-madrid\/\",\"name\":\"Visite priv\u00e9e \u00e0 pied de Madrid - Guide touristique officiel priv\u00e9\",\"isPartOf\":{\"@id\":\"https:\/\/tourtravelandmore.com\/fr\/#website\"},\"primaryImageOfPage\":{\"@id\":\"https:\/\/tourtravelandmore.com\/fr\/tours\/espagne-fr\/madrid-fr\/tous-les-circuits-et-activites-prives\/visite-privee-a-pied-de-madrid\/#primaryimage\"},\"image\":{\"@id\":\"https:\/\/tourtravelandmore.com\/fr\/tours\/espagne-fr\/madrid-fr\/tous-les-circuits-et-activites-prives\/visite-privee-a-pied-de-madrid\/#primaryimage\"},\"thumbnailUrl\":\"https:\/\/tourtravelandmore.com\/wp-content\/uploads\/2016\/10\/Plazamayor-1.jpg\",\"datePublished\":\"2016-10-25T09:51:57+00:00\",\"dateModified\":\"2024-07-23T17:58:41+00:00\",\"description\":\"Visite priv\u00e9e \u00e0 pied enti\u00e8rement personnalis\u00e9e de Madrid et profitez de leurs monuments et sites les plus importants. Palais Royal, porte d'Alcala, fontaine de Cibeles.\",\"breadcrumb\":{\"@id\":\"https:\/\/tourtravelandmore.com\/fr\/tours\/espagne-fr\/madrid-fr\/tous-les-circuits-et-activites-prives\/visite-privee-a-pied-de-madrid\/#breadcrumb\"},\"inLanguage\":\"fr-FR\",\"potentialAction\":[{\"@type\":\"ReadAction\",\"target\":[\"https:\/\/tourtravelandmore.com\/fr\/tours\/espagne-fr\/madrid-fr\/tous-les-circuits-et-activites-prives\/visite-privee-a-pied-de-madrid\/\"]}]},{\"@type\":\"ImageObject\",\"inLanguage\":\"fr-FR\",\"@id\":\"https:\/\/tourtravelandmore.com\/fr\/tours\/espagne-fr\/madrid-fr\/tous-les-circuits-et-activites-prives\/visite-privee-a-pied-de-madrid\/#primaryimage\",\"url\":\"https:\/\/tourtravelandmore.com\/wp-content\/uploads\/2016\/10\/Plazamayor-1.jpg\",\"contentUrl\":\"https:\/\/tourtravelandmore.com\/wp-content\/uploads\/2016\/10\/Plazamayor-1.jpg\",\"width\":820,\"height\":547,\"caption\":\"Plaza Mayor Madrid\"},{\"@type\":\"BreadcrumbList\",\"@id\":\"https:\/\/tourtravelandmore.com\/fr\/tours\/espagne-fr\/madrid-fr\/tous-les-circuits-et-activites-prives\/visite-privee-a-pied-de-madrid\/#breadcrumb\",\"itemListElement\":[{\"@type\":\"ListItem\",\"position\":1,\"name\":\"Home\",\"item\":\"https:\/\/tourtravelandmore.com\/fr\/\"},{\"@type\":\"ListItem\",\"position\":2,\"name\":\"Tours\",\"item\":\"https:\/\/tourtravelandmore.com\/fr\/tours\/\"},{\"@type\":\"ListItem\",\"position\":3,\"name\":\"Visite priv\u00e9e de la ville : Les monuments embl\u00e9matiques de Madrid\"}]},{\"@type\":\"WebSite\",\"@id\":\"https:\/\/tourtravelandmore.com\/fr\/#website\",\"url\":\"https:\/\/tourtravelandmore.com\/fr\/\",\"name\":\"Tour Travel And More\",\"description\":\"Private sightseeing tours and luxury transfers in Spain\",\"publisher\":{\"@id\":\"https:\/\/tourtravelandmore.com\/fr\/#organization\"},\"potentialAction\":[{\"@type\":\"SearchAction\",\"target\":{\"@type\":\"EntryPoint\",\"urlTemplate\":\"https:\/\/tourtravelandmore.com\/fr\/?s={search_term_string}\"},\"query-input\":{\"@type\":\"PropertyValueSpecification\",\"valueRequired\":true,\"valueName\":\"search_term_string\"}}],\"inLanguage\":\"fr-FR\"},{\"@type\":\"Organization\",\"@id\":\"https:\/\/tourtravelandmore.com\/fr\/#organization\",\"name\":\"Tour Travel And More\",\"url\":\"https:\/\/tourtravelandmore.com\/fr\/\",\"logo\":{\"@type\":\"ImageObject\",\"inLanguage\":\"fr-FR\",\"@id\":\"https:\/\/tourtravelandmore.com\/fr\/#\/schema\/logo\/image\/\",\"url\":\"https:\/\/tourtravelandmore.com\/wp-content\/uploads\/2022\/12\/cropped-logo-cabecera-new.png\",\"contentUrl\":\"https:\/\/tourtravelandmore.com\/wp-content\/uploads\/2022\/12\/cropped-logo-cabecera-new.png\",\"width\":430,\"height\":61,\"caption\":\"Tour Travel And More\"},\"image\":{\"@id\":\"https:\/\/tourtravelandmore.com\/fr\/#\/schema\/logo\/image\/\"},\"sameAs\":[\"https:\/\/www.facebook.com\/tourtravelandmore\/\",\"https:\/\/x.com\/TourTravel_More\"]}]}<\/script>\n<!-- \/ Yoast SEO Premium plugin. -->","yoast_head_json":{"title":"Visite priv\u00e9e \u00e0 pied de Madrid - Guide touristique officiel priv\u00e9","description":"Visite priv\u00e9e \u00e0 pied enti\u00e8rement personnalis\u00e9e de Madrid et profitez de leurs monuments et sites les plus importants. Palais Royal, porte d'Alcala, fontaine de Cibeles.","robots":{"index":"index","follow":"follow","max-snippet":"max-snippet:-1","max-image-preview":"max-image-preview:large","max-video-preview":"max-video-preview:-1"},"canonical":"https:\/\/tourtravelandmore.com\/fr\/tours\/espagne-fr\/madrid-fr\/tous-les-circuits-et-activites-prives\/visite-privee-a-pied-de-madrid\/","og_locale":"fr_FR","og_type":"article","og_title":"Visite priv\u00e9e de la ville : Les monuments embl\u00e9matiques de Madrid","og_description":"Visite priv\u00e9e \u00e0 pied enti\u00e8rement personnalis\u00e9e de Madrid et profitez de leurs monuments et sites les plus importants. Palais Royal, porte d'Alcala, fontaine de Cibeles.","og_url":"https:\/\/tourtravelandmore.com\/fr\/tours\/espagne-fr\/madrid-fr\/tous-les-circuits-et-activites-prives\/visite-privee-a-pied-de-madrid\/","og_site_name":"Tour Travel And More","article_publisher":"https:\/\/www.facebook.com\/tourtravelandmore\/","article_modified_time":"2024-07-23T17:58:41+00:00","og_image":[{"width":820,"height":547,"url":"https:\/\/tourtravelandmore.com\/wp-content\/uploads\/2016\/10\/Plazamayor-1.jpg","type":"image\/jpeg"}],"twitter_card":"summary_large_image","twitter_site":"@TourTravel_More","twitter_misc":{"Dur\u00e9e de lecture estim\u00e9e":"2 minutes"},"schema":{"@context":"https:\/\/schema.org","@graph":[{"@type":"WebPage","@id":"https:\/\/tourtravelandmore.com\/fr\/tours\/espagne-fr\/madrid-fr\/tous-les-circuits-et-activites-prives\/visite-privee-a-pied-de-madrid\/","url":"https:\/\/tourtravelandmore.com\/fr\/tours\/espagne-fr\/madrid-fr\/tous-les-circuits-et-activites-prives\/visite-privee-a-pied-de-madrid\/","name":"Visite priv\u00e9e \u00e0 pied de Madrid - Guide touristique officiel priv\u00e9","isPartOf":{"@id":"https:\/\/tourtravelandmore.com\/fr\/#website"},"primaryImageOfPage":{"@id":"https:\/\/tourtravelandmore.com\/fr\/tours\/espagne-fr\/madrid-fr\/tous-les-circuits-et-activites-prives\/visite-privee-a-pied-de-madrid\/#primaryimage"},"image":{"@id":"https:\/\/tourtravelandmore.com\/fr\/tours\/espagne-fr\/madrid-fr\/tous-les-circuits-et-activites-prives\/visite-privee-a-pied-de-madrid\/#primaryimage"},"thumbnailUrl":"https:\/\/tourtravelandmore.com\/wp-content\/uploads\/2016\/10\/Plazamayor-1.jpg","datePublished":"2016-10-25T09:51:57+00:00","dateModified":"2024-07-23T17:58:41+00:00","description":"Visite priv\u00e9e \u00e0 pied enti\u00e8rement personnalis\u00e9e de Madrid et profitez de leurs monuments et sites les plus importants. Palais Royal, porte d'Alcala, fontaine de Cibeles.","breadcrumb":{"@id":"https:\/\/tourtravelandmore.com\/fr\/tours\/espagne-fr\/madrid-fr\/tous-les-circuits-et-activites-prives\/visite-privee-a-pied-de-madrid\/#breadcrumb"},"inLanguage":"fr-FR","potentialAction":[{"@type":"ReadAction","target":["https:\/\/tourtravelandmore.com\/fr\/tours\/espagne-fr\/madrid-fr\/tous-les-circuits-et-activites-prives\/visite-privee-a-pied-de-madrid\/"]}]},{"@type":"ImageObject","inLanguage":"fr-FR","@id":"https:\/\/tourtravelandmore.com\/fr\/tours\/espagne-fr\/madrid-fr\/tous-les-circuits-et-activites-prives\/visite-privee-a-pied-de-madrid\/#primaryimage","url":"https:\/\/tourtravelandmore.com\/wp-content\/uploads\/2016\/10\/Plazamayor-1.jpg","contentUrl":"https:\/\/tourtravelandmore.com\/wp-content\/uploads\/2016\/10\/Plazamayor-1.jpg","width":820,"height":547,"caption":"Plaza Mayor Madrid"},{"@type":"BreadcrumbList","@id":"https:\/\/tourtravelandmore.com\/fr\/tours\/espagne-fr\/madrid-fr\/tous-les-circuits-et-activites-prives\/visite-privee-a-pied-de-madrid\/#breadcrumb","itemListElement":[{"@type":"ListItem","position":1,"name":"Home","item":"https:\/\/tourtravelandmore.com\/fr\/"},{"@type":"ListItem","position":2,"name":"Tours","item":"https:\/\/tourtravelandmore.com\/fr\/tours\/"},{"@type":"ListItem","position":3,"name":"Visite priv\u00e9e de la ville : Les monuments embl\u00e9matiques de Madrid"}]},{"@type":"WebSite","@id":"https:\/\/tourtravelandmore.com\/fr\/#website","url":"https:\/\/tourtravelandmore.com\/fr\/","name":"Tour Travel And More","description":"Private sightseeing tours and luxury transfers in Spain","publisher":{"@id":"https:\/\/tourtravelandmore.com\/fr\/#organization"},"potentialAction":[{"@type":"SearchAction","target":{"@type":"EntryPoint","urlTemplate":"https:\/\/tourtravelandmore.com\/fr\/?s={search_term_string}"},"query-input":{"@type":"PropertyValueSpecification","valueRequired":true,"valueName":"search_term_string"}}],"inLanguage":"fr-FR"},{"@type":"Organization","@id":"https:\/\/tourtravelandmore.com\/fr\/#organization","name":"Tour Travel And More","url":"https:\/\/tourtravelandmore.com\/fr\/","logo":{"@type":"ImageObject","inLanguage":"fr-FR","@id":"https:\/\/tourtravelandmore.com\/fr\/#\/schema\/logo\/image\/","url":"https:\/\/tourtravelandmore.com\/wp-content\/uploads\/2022\/12\/cropped-logo-cabecera-new.png","contentUrl":"https:\/\/tourtravelandmore.com\/wp-content\/uploads\/2022\/12\/cropped-logo-cabecera-new.png","width":430,"height":61,"caption":"Tour Travel And More"},"image":{"@id":"https:\/\/tourtravelandmore.com\/fr\/#\/schema\/logo\/image\/"},"sameAs":["https:\/\/www.facebook.com\/tourtravelandmore\/","https:\/\/x.com\/TourTravel_More"]}]}},"_links":{"self":[{"href":"https:\/\/tourtravelandmore.com\/fr\/wp-json\/wp\/v2\/product\/98729","targetHints":{"allow":["GET"]}}],"collection":[{"href":"https:\/\/tourtravelandmore.com\/fr\/wp-json\/wp\/v2\/product"}],"about":[{"href":"https:\/\/tourtravelandmore.com\/fr\/wp-json\/wp\/v2\/types\/product"}],"replies":[{"embeddable":true,"href":"https:\/\/tourtravelandmore.com\/fr\/wp-json\/wp\/v2\/comments?post=98729"}],"wp:featuredmedia":[{"embeddable":true,"href":"https:\/\/tourtravelandmore.com\/fr\/wp-json\/wp\/v2\/media\/81190"}],"wp:attachment":[{"href":"https:\/\/tourtravelandmore.com\/fr\/wp-json\/wp\/v2\/media?parent=98729"}],"wp:term":[{"taxonomy":"product_brand","embeddable":true,"href":"https:\/\/tourtravelandmore.com\/fr\/wp-json\/wp\/v2\/product_brand?post=98729"},{"taxonomy":"product_cat","embeddable":true,"href":"https:\/\/tourtravelandmore.com\/fr\/wp-json\/wp\/v2\/product_cat?post=98729"},{"taxonomy":"product_tag","embeddable":true,"href":"https:\/\/tourtravelandmore.com\/fr\/wp-json\/wp\/v2\/product_tag?post=98729"}],"curies":[{"name":"wp","href":"https:\/\/api.w.org\/{rel}","templated":true}]}}