{"id":98722,"date":"2016-10-25T11:41:21","date_gmt":"2016-10-25T09:41:21","guid":{"rendered":"https:\/\/tourtravelandmore.com\/tours\/non%20class\u00e9\/visite-privee-a-segovie-au-depart-de-madrid\/"},"modified":"2024-04-29T20:46:13","modified_gmt":"2024-04-29T18:46:13","slug":"visite-privee-a-segovie-au-depart-de-madrid","status":"publish","type":"product","link":"https:\/\/tourtravelandmore.com\/fr\/tours\/espagne-fr\/segovia-fr\/excursions-privees-dune-journee-fr\/visite-privee-a-segovie-au-depart-de-madrid\/","title":{"rendered":"Visite priv\u00e9e \u00e0 S\u00e9govie au d\u00e9part de Madrid"},"content":{"rendered":"<h2>La description<\/h2>\n<p>Profitez d&#8217;une journ\u00e9e de votre s\u00e9jour \u00e0 Madrid pour partir \u00e0 la d\u00e9couverte de S\u00e9govie. D\u00e9couvrez la ville historique de S\u00e9govie lors de cette visite priv\u00e9e de S\u00e9govie au d\u00e9part de Madrid. C&#8217;est le meilleur moyen de conna\u00eetre S\u00e9govie en une journ\u00e9e priv\u00e9e.<\/p>\n<p>Tout d&#8217;abord, votre v\u00e9hicule de luxe priv\u00e9 avec chauffeur vous attendra \u00e0 votre h\u00f4tel ou lieu de votre choix \u00e0 Madrid. Votre chauffeur viendra vous chercher et se dirigera confortablement vers S\u00e9govie. Le trajet dure environ 1 heure dans chaque sens.<\/p>\n<p>Une fois arriv\u00e9 \u00e0 S\u00e9govie, votre guide officiel priv\u00e9 vous attendra. Votre guide officiel priv\u00e9 vous fera visiter les sites les plus importants de la ville de S\u00e9govie. D\u00e9couvrez l&#8217;histoire de cette ville, notamment l&#8217;aqueduc romain, l&#8217;Alcazar et bien plus encore!<\/p>\n<p>Il s&#8217;agit d&#8217;une visite priv\u00e9e de 8 heures au d\u00e9part de Madrid. Votre guide officiel priv\u00e9 vous attendra pour une visite guid\u00e9e de 3 heures de S\u00e9govie. S\u00e9govie se fait principalement \u00e0 pied. Cela dit, votre v\u00e9hicule de luxe priv\u00e9 avec chauffeur restera \u00e0 votre disposition dans tous les cas.<\/p>\n<p>Si vous pr\u00e9f\u00e9rez vous rendre \u00e0 S\u00e9govie par vos propres moyens, consultez notre visite priv\u00e9e \u00e0 pied de S\u00e9govie.<\/p>\n<h2>Sites d&#8217;int\u00e9r\u00eat et monuments<\/h2>\n<p>La visite priv\u00e9e de S\u00e9govie au d\u00e9part de Madrid commencera par vous chercher \u00e0 votre h\u00f4tel ou lieu de votre choix dans le centre de Madrid, puis vous voyagerez confortablement jusqu&#8217;\u00e0 S\u00e9govie.<\/p>\n<p>S\u00e9govie est situ\u00e9e \u00e0 environ 90 km de Madrid, juste en face de la cha\u00eene de montagnes Guadarrama. Son site le plus embl\u00e9matique est l\u2019aqueduc romain, qui est l\u2019un des ouvrages d\u2019ing\u00e9nierie romains les plus parfaits au monde. Profitez \u00e9galement de son produit gastronomique le plus typique; agneau et porcelet grill\u00e9s.<\/p>\n<p>Comme tous nos circuits, ce circuit peut \u00eatre personnalis\u00e9.<\/p>\n<p>Voici un exemple de ce que certains des sites que la visite peut inclure, parmi les autres options disponibles:<\/p>\n<ul>\n<li><strong>Cath\u00e9drale de S\u00e9govie<\/strong><\/li>\n<li><strong>Alcazar de S\u00e9govie<\/strong><\/li>\n<li><strong>L&#8217;Alcazar date du XVIe si\u00e8cle.<\/strong><\/li>\n<li><strong>Aqueduc de S\u00e9govie<\/strong><\/li>\n<li><strong>L&#8217;aqueduc date du premier si\u00e8cle.<\/strong><\/li>\n<li><strong>La Muralla (Remparts)<\/strong><\/li>\n<li><strong>Mirador de la Pradera de San Marcos<\/strong><\/li>\n<li><strong>Vue \u00e0 la Casa de los Picos<\/strong><\/li>\n<li><strong>Calle Real de Segovia<\/strong><\/li>\n<li><strong>Plaza Medina del Campo<\/strong><\/li>\n<li><strong>Quartier juif de S\u00e9govie<\/strong><\/li>\n<li><strong>Beaucoup plus!<\/strong><\/li>\n<\/ul>\n<p>Nous pouvons organiser des billets d&#8217;entr\u00e9e pr\u00e9-r\u00e9serv\u00e9s ou \u00e9viter les files d&#8217;attente pour n&#8217;importe quel monument que vous souhaitez. Contactez nos experts en voyages pour avoir une meilleure id\u00e9e de ce \u00e0 quoi ressemblerait votre visite priv\u00e9e de S\u00e9govie au d\u00e9part de Madrid.<\/p>\n<p>Il y a une visite facultative \u00e0 La Granja. Il faudrait une heure suppl\u00e9mentaire pour votre visite.<\/p>\n<p>Une fois la visite guid\u00e9e termin\u00e9e avec votre guide officiel, vous aurez du temps pour manger avant de retourner vers Madrid. Votre chauffeur priv\u00e9 vous ram\u00e8nera confortablement \u00e0 Madrid apr\u00e8s votre visite \u00e0 S\u00e9govie.<\/p>\n","protected":false},"excerpt":{"rendered":"<p>Visite priv\u00e9e \u00e0 S\u00e9govie depuis Madrid. V\u00e9hicule de luxe avec chauffeur pendant 8 heures. Guide touristique officiel priv\u00e9 \u00e0 S\u00e9govie pour une visite guid\u00e9e de 3 heures. Meilleur moyen de profiter de la ville de S\u00e9govie.<\/p>\n","protected":false},"featured_media":81092,"comment_status":"open","ping_status":"closed","template":"","meta":{"_acf_changed":false},"product_brand":[],"product_cat":[3543,4028,4029,3677,4031,4032,4030],"product_tag":[],"class_list":{"0":"post-98722","1":"product","2":"type-product","3":"status-publish","4":"has-post-thumbnail","6":"product_cat-madrid-fr","7":"product_cat-tous-les-circuits-et-activites-prives","8":"product_cat-excursions-privees-dune-journee","9":"product_cat-segovia-fr","10":"product_cat-tous-les-circuits-et-activites-prives-fr","11":"product_cat-visites-guidees-privees","12":"product_cat-excursions-privees-dune-journee-fr","14":"first","15":"instock","16":"shipping-taxable","17":"purchasable","18":"product-type-simple"},"acf":[],"yoast_head":"<!-- This site is optimized with the Yoast SEO Premium plugin v25.3.1 (Yoast SEO v25.3.1) - https:\/\/yoast.com\/wordpress\/plugins\/seo\/ -->\n<title>Visite priv\u00e9e \u00e0 S\u00e9govie au d\u00e9part de Madrid - Voiture de luxe, chauffeur et guide \u00e0 S\u00e9govie<\/title>\n<meta name=\"description\" content=\"Visite priv\u00e9e \u00e0 S\u00e9govie depuis Madrid. V\u00e9hicule de luxe avec chauffeur pendant 8 heures. Guide touristique officiel priv\u00e9 \u00e0 S\u00e9govie pour une visite guid\u00e9e de 3 heures.\" \/>\n<meta name=\"robots\" content=\"index, follow, max-snippet:-1, max-image-preview:large, max-video-preview:-1\" \/>\n<link rel=\"canonical\" href=\"https:\/\/tourtravelandmore.com\/fr\/tours\/espagne-fr\/segovia-fr\/excursions-privees-dune-journee-fr\/visite-privee-a-segovie-au-depart-de-madrid\/\" \/>\n<meta property=\"og:locale\" content=\"fr_FR\" \/>\n<meta property=\"og:type\" content=\"article\" \/>\n<meta property=\"og:title\" content=\"Visite priv\u00e9e \u00e0 S\u00e9govie au d\u00e9part de Madrid\" \/>\n<meta property=\"og:description\" content=\"Visite priv\u00e9e \u00e0 S\u00e9govie depuis Madrid. V\u00e9hicule de luxe avec chauffeur pendant 8 heures. Guide touristique officiel priv\u00e9 \u00e0 S\u00e9govie pour une visite guid\u00e9e de 3 heures.\" \/>\n<meta property=\"og:url\" content=\"https:\/\/tourtravelandmore.com\/fr\/tours\/espagne-fr\/segovia-fr\/excursions-privees-dune-journee-fr\/visite-privee-a-segovie-au-depart-de-madrid\/\" \/>\n<meta property=\"og:site_name\" content=\"Tour Travel And More\" \/>\n<meta property=\"article:publisher\" content=\"https:\/\/www.facebook.com\/tourtravelandmore\/\" \/>\n<meta property=\"article:modified_time\" content=\"2024-04-29T18:46:13+00:00\" \/>\n<meta property=\"og:image\" content=\"https:\/\/tourtravelandmore.com\/wp-content\/uploads\/2016\/10\/Acueducto.jpg\" \/>\n\t<meta property=\"og:image:width\" content=\"512\" \/>\n\t<meta property=\"og:image:height\" content=\"342\" \/>\n\t<meta property=\"og:image:type\" content=\"image\/jpeg\" \/>\n<meta name=\"twitter:card\" content=\"summary_large_image\" \/>\n<meta name=\"twitter:site\" content=\"@TourTravel_More\" \/>\n<meta name=\"twitter:label1\" content=\"Dur\u00e9e de lecture estim\u00e9e\" \/>\n\t<meta name=\"twitter:data1\" content=\"3 minutes\" \/>\n<script type=\"application\/ld+json\" class=\"yoast-schema-graph\">{\"@context\":\"https:\/\/schema.org\",\"@graph\":[{\"@type\":\"WebPage\",\"@id\":\"https:\/\/tourtravelandmore.com\/fr\/tours\/espagne-fr\/segovia-fr\/excursions-privees-dune-journee-fr\/visite-privee-a-segovie-au-depart-de-madrid\/\",\"url\":\"https:\/\/tourtravelandmore.com\/fr\/tours\/espagne-fr\/segovia-fr\/excursions-privees-dune-journee-fr\/visite-privee-a-segovie-au-depart-de-madrid\/\",\"name\":\"Visite priv\u00e9e \u00e0 S\u00e9govie au d\u00e9part de Madrid - Voiture de luxe, chauffeur et guide \u00e0 S\u00e9govie\",\"isPartOf\":{\"@id\":\"https:\/\/tourtravelandmore.com\/fr\/#website\"},\"primaryImageOfPage\":{\"@id\":\"https:\/\/tourtravelandmore.com\/fr\/tours\/espagne-fr\/segovia-fr\/excursions-privees-dune-journee-fr\/visite-privee-a-segovie-au-depart-de-madrid\/#primaryimage\"},\"image\":{\"@id\":\"https:\/\/tourtravelandmore.com\/fr\/tours\/espagne-fr\/segovia-fr\/excursions-privees-dune-journee-fr\/visite-privee-a-segovie-au-depart-de-madrid\/#primaryimage\"},\"thumbnailUrl\":\"https:\/\/tourtravelandmore.com\/wp-content\/uploads\/2016\/10\/Acueducto.jpg\",\"datePublished\":\"2016-10-25T09:41:21+00:00\",\"dateModified\":\"2024-04-29T18:46:13+00:00\",\"description\":\"Visite priv\u00e9e \u00e0 S\u00e9govie depuis Madrid. V\u00e9hicule de luxe avec chauffeur pendant 8 heures. Guide touristique officiel priv\u00e9 \u00e0 S\u00e9govie pour une visite guid\u00e9e de 3 heures.\",\"breadcrumb\":{\"@id\":\"https:\/\/tourtravelandmore.com\/fr\/tours\/espagne-fr\/segovia-fr\/excursions-privees-dune-journee-fr\/visite-privee-a-segovie-au-depart-de-madrid\/#breadcrumb\"},\"inLanguage\":\"fr-FR\",\"potentialAction\":[{\"@type\":\"ReadAction\",\"target\":[\"https:\/\/tourtravelandmore.com\/fr\/tours\/espagne-fr\/segovia-fr\/excursions-privees-dune-journee-fr\/visite-privee-a-segovie-au-depart-de-madrid\/\"]}]},{\"@type\":\"ImageObject\",\"inLanguage\":\"fr-FR\",\"@id\":\"https:\/\/tourtravelandmore.com\/fr\/tours\/espagne-fr\/segovia-fr\/excursions-privees-dune-journee-fr\/visite-privee-a-segovie-au-depart-de-madrid\/#primaryimage\",\"url\":\"https:\/\/tourtravelandmore.com\/wp-content\/uploads\/2016\/10\/Acueducto.jpg\",\"contentUrl\":\"https:\/\/tourtravelandmore.com\/wp-content\/uploads\/2016\/10\/Acueducto.jpg\",\"width\":512,\"height\":342,\"caption\":\"Acueducto Segovia\"},{\"@type\":\"BreadcrumbList\",\"@id\":\"https:\/\/tourtravelandmore.com\/fr\/tours\/espagne-fr\/segovia-fr\/excursions-privees-dune-journee-fr\/visite-privee-a-segovie-au-depart-de-madrid\/#breadcrumb\",\"itemListElement\":[{\"@type\":\"ListItem\",\"position\":1,\"name\":\"Home\",\"item\":\"https:\/\/tourtravelandmore.com\/fr\/\"},{\"@type\":\"ListItem\",\"position\":2,\"name\":\"Tours\",\"item\":\"https:\/\/tourtravelandmore.com\/fr\/tours\/\"},{\"@type\":\"ListItem\",\"position\":3,\"name\":\"Visite priv\u00e9e \u00e0 S\u00e9govie au d\u00e9part de Madrid\"}]},{\"@type\":\"WebSite\",\"@id\":\"https:\/\/tourtravelandmore.com\/fr\/#website\",\"url\":\"https:\/\/tourtravelandmore.com\/fr\/\",\"name\":\"Tour Travel And More\",\"description\":\"Private sightseeing tours and luxury transfers in Spain\",\"publisher\":{\"@id\":\"https:\/\/tourtravelandmore.com\/fr\/#organization\"},\"potentialAction\":[{\"@type\":\"SearchAction\",\"target\":{\"@type\":\"EntryPoint\",\"urlTemplate\":\"https:\/\/tourtravelandmore.com\/fr\/?s={search_term_string}\"},\"query-input\":{\"@type\":\"PropertyValueSpecification\",\"valueRequired\":true,\"valueName\":\"search_term_string\"}}],\"inLanguage\":\"fr-FR\"},{\"@type\":\"Organization\",\"@id\":\"https:\/\/tourtravelandmore.com\/fr\/#organization\",\"name\":\"Tour Travel And More\",\"url\":\"https:\/\/tourtravelandmore.com\/fr\/\",\"logo\":{\"@type\":\"ImageObject\",\"inLanguage\":\"fr-FR\",\"@id\":\"https:\/\/tourtravelandmore.com\/fr\/#\/schema\/logo\/image\/\",\"url\":\"https:\/\/tourtravelandmore.com\/wp-content\/uploads\/2022\/12\/cropped-logo-cabecera-new.png\",\"contentUrl\":\"https:\/\/tourtravelandmore.com\/wp-content\/uploads\/2022\/12\/cropped-logo-cabecera-new.png\",\"width\":430,\"height\":61,\"caption\":\"Tour Travel And More\"},\"image\":{\"@id\":\"https:\/\/tourtravelandmore.com\/fr\/#\/schema\/logo\/image\/\"},\"sameAs\":[\"https:\/\/www.facebook.com\/tourtravelandmore\/\",\"https:\/\/x.com\/TourTravel_More\"]}]}<\/script>\n<!-- \/ Yoast SEO Premium plugin. -->","yoast_head_json":{"title":"Visite priv\u00e9e \u00e0 S\u00e9govie au d\u00e9part de Madrid - Voiture de luxe, chauffeur et guide \u00e0 S\u00e9govie","description":"Visite priv\u00e9e \u00e0 S\u00e9govie depuis Madrid. V\u00e9hicule de luxe avec chauffeur pendant 8 heures. Guide touristique officiel priv\u00e9 \u00e0 S\u00e9govie pour une visite guid\u00e9e de 3 heures.","robots":{"index":"index","follow":"follow","max-snippet":"max-snippet:-1","max-image-preview":"max-image-preview:large","max-video-preview":"max-video-preview:-1"},"canonical":"https:\/\/tourtravelandmore.com\/fr\/tours\/espagne-fr\/segovia-fr\/excursions-privees-dune-journee-fr\/visite-privee-a-segovie-au-depart-de-madrid\/","og_locale":"fr_FR","og_type":"article","og_title":"Visite priv\u00e9e \u00e0 S\u00e9govie au d\u00e9part de Madrid","og_description":"Visite priv\u00e9e \u00e0 S\u00e9govie depuis Madrid. V\u00e9hicule de luxe avec chauffeur pendant 8 heures. Guide touristique officiel priv\u00e9 \u00e0 S\u00e9govie pour une visite guid\u00e9e de 3 heures.","og_url":"https:\/\/tourtravelandmore.com\/fr\/tours\/espagne-fr\/segovia-fr\/excursions-privees-dune-journee-fr\/visite-privee-a-segovie-au-depart-de-madrid\/","og_site_name":"Tour Travel And More","article_publisher":"https:\/\/www.facebook.com\/tourtravelandmore\/","article_modified_time":"2024-04-29T18:46:13+00:00","og_image":[{"width":512,"height":342,"url":"https:\/\/tourtravelandmore.com\/wp-content\/uploads\/2016\/10\/Acueducto.jpg","type":"image\/jpeg"}],"twitter_card":"summary_large_image","twitter_site":"@TourTravel_More","twitter_misc":{"Dur\u00e9e de lecture estim\u00e9e":"3 minutes"},"schema":{"@context":"https:\/\/schema.org","@graph":[{"@type":"WebPage","@id":"https:\/\/tourtravelandmore.com\/fr\/tours\/espagne-fr\/segovia-fr\/excursions-privees-dune-journee-fr\/visite-privee-a-segovie-au-depart-de-madrid\/","url":"https:\/\/tourtravelandmore.com\/fr\/tours\/espagne-fr\/segovia-fr\/excursions-privees-dune-journee-fr\/visite-privee-a-segovie-au-depart-de-madrid\/","name":"Visite priv\u00e9e \u00e0 S\u00e9govie au d\u00e9part de Madrid - Voiture de luxe, chauffeur et guide \u00e0 S\u00e9govie","isPartOf":{"@id":"https:\/\/tourtravelandmore.com\/fr\/#website"},"primaryImageOfPage":{"@id":"https:\/\/tourtravelandmore.com\/fr\/tours\/espagne-fr\/segovia-fr\/excursions-privees-dune-journee-fr\/visite-privee-a-segovie-au-depart-de-madrid\/#primaryimage"},"image":{"@id":"https:\/\/tourtravelandmore.com\/fr\/tours\/espagne-fr\/segovia-fr\/excursions-privees-dune-journee-fr\/visite-privee-a-segovie-au-depart-de-madrid\/#primaryimage"},"thumbnailUrl":"https:\/\/tourtravelandmore.com\/wp-content\/uploads\/2016\/10\/Acueducto.jpg","datePublished":"2016-10-25T09:41:21+00:00","dateModified":"2024-04-29T18:46:13+00:00","description":"Visite priv\u00e9e \u00e0 S\u00e9govie depuis Madrid. V\u00e9hicule de luxe avec chauffeur pendant 8 heures. Guide touristique officiel priv\u00e9 \u00e0 S\u00e9govie pour une visite guid\u00e9e de 3 heures.","breadcrumb":{"@id":"https:\/\/tourtravelandmore.com\/fr\/tours\/espagne-fr\/segovia-fr\/excursions-privees-dune-journee-fr\/visite-privee-a-segovie-au-depart-de-madrid\/#breadcrumb"},"inLanguage":"fr-FR","potentialAction":[{"@type":"ReadAction","target":["https:\/\/tourtravelandmore.com\/fr\/tours\/espagne-fr\/segovia-fr\/excursions-privees-dune-journee-fr\/visite-privee-a-segovie-au-depart-de-madrid\/"]}]},{"@type":"ImageObject","inLanguage":"fr-FR","@id":"https:\/\/tourtravelandmore.com\/fr\/tours\/espagne-fr\/segovia-fr\/excursions-privees-dune-journee-fr\/visite-privee-a-segovie-au-depart-de-madrid\/#primaryimage","url":"https:\/\/tourtravelandmore.com\/wp-content\/uploads\/2016\/10\/Acueducto.jpg","contentUrl":"https:\/\/tourtravelandmore.com\/wp-content\/uploads\/2016\/10\/Acueducto.jpg","width":512,"height":342,"caption":"Acueducto Segovia"},{"@type":"BreadcrumbList","@id":"https:\/\/tourtravelandmore.com\/fr\/tours\/espagne-fr\/segovia-fr\/excursions-privees-dune-journee-fr\/visite-privee-a-segovie-au-depart-de-madrid\/#breadcrumb","itemListElement":[{"@type":"ListItem","position":1,"name":"Home","item":"https:\/\/tourtravelandmore.com\/fr\/"},{"@type":"ListItem","position":2,"name":"Tours","item":"https:\/\/tourtravelandmore.com\/fr\/tours\/"},{"@type":"ListItem","position":3,"name":"Visite priv\u00e9e \u00e0 S\u00e9govie au d\u00e9part de Madrid"}]},{"@type":"WebSite","@id":"https:\/\/tourtravelandmore.com\/fr\/#website","url":"https:\/\/tourtravelandmore.com\/fr\/","name":"Tour Travel And More","description":"Private sightseeing tours and luxury transfers in Spain","publisher":{"@id":"https:\/\/tourtravelandmore.com\/fr\/#organization"},"potentialAction":[{"@type":"SearchAction","target":{"@type":"EntryPoint","urlTemplate":"https:\/\/tourtravelandmore.com\/fr\/?s={search_term_string}"},"query-input":{"@type":"PropertyValueSpecification","valueRequired":true,"valueName":"search_term_string"}}],"inLanguage":"fr-FR"},{"@type":"Organization","@id":"https:\/\/tourtravelandmore.com\/fr\/#organization","name":"Tour Travel And More","url":"https:\/\/tourtravelandmore.com\/fr\/","logo":{"@type":"ImageObject","inLanguage":"fr-FR","@id":"https:\/\/tourtravelandmore.com\/fr\/#\/schema\/logo\/image\/","url":"https:\/\/tourtravelandmore.com\/wp-content\/uploads\/2022\/12\/cropped-logo-cabecera-new.png","contentUrl":"https:\/\/tourtravelandmore.com\/wp-content\/uploads\/2022\/12\/cropped-logo-cabecera-new.png","width":430,"height":61,"caption":"Tour Travel And More"},"image":{"@id":"https:\/\/tourtravelandmore.com\/fr\/#\/schema\/logo\/image\/"},"sameAs":["https:\/\/www.facebook.com\/tourtravelandmore\/","https:\/\/x.com\/TourTravel_More"]}]}},"_links":{"self":[{"href":"https:\/\/tourtravelandmore.com\/fr\/wp-json\/wp\/v2\/product\/98722","targetHints":{"allow":["GET"]}}],"collection":[{"href":"https:\/\/tourtravelandmore.com\/fr\/wp-json\/wp\/v2\/product"}],"about":[{"href":"https:\/\/tourtravelandmore.com\/fr\/wp-json\/wp\/v2\/types\/product"}],"replies":[{"embeddable":true,"href":"https:\/\/tourtravelandmore.com\/fr\/wp-json\/wp\/v2\/comments?post=98722"}],"wp:featuredmedia":[{"embeddable":true,"href":"https:\/\/tourtravelandmore.com\/fr\/wp-json\/wp\/v2\/media\/81092"}],"wp:attachment":[{"href":"https:\/\/tourtravelandmore.com\/fr\/wp-json\/wp\/v2\/media?parent=98722"}],"wp:term":[{"taxonomy":"product_brand","embeddable":true,"href":"https:\/\/tourtravelandmore.com\/fr\/wp-json\/wp\/v2\/product_brand?post=98722"},{"taxonomy":"product_cat","embeddable":true,"href":"https:\/\/tourtravelandmore.com\/fr\/wp-json\/wp\/v2\/product_cat?post=98722"},{"taxonomy":"product_tag","embeddable":true,"href":"https:\/\/tourtravelandmore.com\/fr\/wp-json\/wp\/v2\/product_tag?post=98722"}],"curies":[{"name":"wp","href":"https:\/\/api.w.org\/{rel}","templated":true}]}}