{"id":98715,"date":"2016-10-25T11:32:17","date_gmt":"2016-10-25T09:32:17","guid":{"rendered":"https:\/\/tourtravelandmore.com\/tours\/non%20class\u00e9\/visite-privee-de-madrid\/"},"modified":"2024-04-29T18:27:54","modified_gmt":"2024-04-29T16:27:54","slug":"visite-privee-de-madrid","status":"publish","type":"product","link":"https:\/\/tourtravelandmore.com\/fr\/tours\/espagne-fr\/madrid-fr\/tous-les-circuits-et-activites-prives\/visite-privee-de-madrid\/","title":{"rendered":"Visite priv\u00e9e de Madrid"},"content":{"rendered":"<h2>Visite priv\u00e9e de Madrid Description<\/h2>\n<p>C&#8217;est la meilleure fa\u00e7on de conna\u00eetre et d&#8217;appr\u00e9cier une ville. Cette visite priv\u00e9e de Madrid vous fera d\u00e9couvrir les sites les plus importants de cette ville unique.<\/p>\n<p>Madrid, capitale de l&#8217;Espagne, a tant \u00e0 offrir ! La meilleure fa\u00e7on de d\u00e9couvrir tous ses secrets et ses sites uniques est de participer \u00e0 cette visite priv\u00e9e de Madrid.<\/p>\n<p>Tout d&#8217;abord, nous organiserons une prise en charge confortable et sans tracas pour vous. Nous viendrons vous chercher \u00e0 votre h\u00f4tel ou \u00e0 l&#8217;endroit de votre choix. Nous pouvons \u00e9galement organiser une prise en charge \u00e0 l&#8217;a\u00e9roport ou \u00e0 la gare si vous n&#8217;avez pas beaucoup de temps. Une fois que nous vous aurons pris en charge, votre visite priv\u00e9e commencera. Votre guide officiel priv\u00e9 et, d&#8217;autre part, votre chauffeur priv\u00e9 dans notre v\u00e9hicule de luxe seront \u00e0 votre disposition du d\u00e9but \u00e0 la fin de la visite.<\/p>\n<p>Admirez tous les sites que Madrid a \u00e0 offrir. Enfin, l&#8217;excursion se terminera \u00e0 l&#8217;h\u00f4tel ou au restaurant de votre choix. Contactez nos experts en voyage pour personnaliser l&#8217;exp\u00e9rience en fonction de vos besoins.<\/p>\n<h2>Visite priv\u00e9e de Madrid &#8211; Points d&#8217;int\u00e9r\u00eat et sites touristiques<\/h2>\n<p>Cette visite priv\u00e9e de Madrid comprendra des arr\u00eats dans les sites les plus importants de la ville. Madrid est une ville pleine de culture et m\u00eame de vie ! Il est difficile de d\u00e9crire tout ce que vous appr\u00e9cierez ici. Il est \u00e9galement impossible de voir tout ce que Madrid a \u00e0 offrir en seulement 4 heures. C&#8217;est pourquoi la meilleure fa\u00e7on de maximiser votre temps dans la ville est d&#8217;organiser une visite priv\u00e9e.<\/p>\n<p>Voici quelques exemples des sites que vous visiterez lors de votre visite priv\u00e9e :<\/p>\n<ul>\n<li><strong>Mus\u00e9e du Prado<\/strong><\/li>\n<li><strong>Parc du Retiro<\/strong><\/li>\n<li><strong>Palais royal de Madrid<\/strong><\/li>\n<li><strong>Vue ext\u00e9rieure du stade Santiago Bernabeu<\/strong><\/li>\n<li><strong>Puerta del Sol<\/strong><\/li>\n<li><strong>Gran V\u00eda de Madrid<\/strong><\/li>\n<li><strong>Plaza Mayor<\/strong><\/li>\n<li><strong>Mercado de San Miguel<\/strong><\/li>\n<li><strong>Cath\u00e9drale de la Almudena<\/strong><\/li>\n<li><strong>Place de Cibeles<\/strong><\/li>\n<li><strong>Palais de Cybele<\/strong><\/li>\n<li><strong>Puerta de Alcal\u00e1<\/strong><\/li>\n<li><strong>Vue de la Plaza de Toros de Las Ventas<\/strong><\/li>\n<li><strong>Barrio La Latina<\/strong><\/li>\n<li><strong>Barrio de Salamanca<\/strong><\/li>\n<li><strong>Plaza de Oriente<\/strong><\/li>\n<li><strong>Et bien d&#8217;autres choses encore !<\/strong><\/li>\n<\/ul>\n<p>Pour cette visite et dans cet exemple, il n&#8217;y a pas de billets d&#8217;entr\u00e9e inclus. Nous pouvons vous fournir des billets d&#8217;entr\u00e9e pour ce circuit. Pour la visite de 4 heures, nous vous recommandons d&#8217;entrer dans un seul monument. De cette fa\u00e7on, vous pourrez profiter non seulement du monument de votre choix, mais aussi du reste de la ville de Madrid et de tout ce qu&#8217;elle a \u00e0 offrir.<\/p>\n<p>Jetez un coup d&#8217;\u0153il \u00e0 nos meilleures ventes d&#8217;excursions priv\u00e9es d&#8217;une journ\u00e9e \u00e0 Tol\u00e8de depuis Madrid.<\/p>\n","protected":false},"excerpt":{"rendered":"<p>Visite priv\u00e9e de Madrid. Profitez de leurs monuments et sites les plus importants. Exp\u00e9rience avec un guide officiel priv\u00e9 et un v\u00e9hicule priv\u00e9 avec chauffeur. Meilleur moyen de conna\u00eetre la capitale de l&#8217;Espagne et la ville de Madrid.<\/p>\n","protected":false},"featured_media":172618,"comment_status":"open","ping_status":"closed","template":"","meta":{"_acf_changed":false},"product_brand":[],"product_cat":[3543,4028],"product_tag":[],"class_list":{"0":"post-98715","1":"product","2":"type-product","3":"status-publish","4":"has-post-thumbnail","6":"product_cat-madrid-fr","7":"product_cat-tous-les-circuits-et-activites-prives","9":"first","10":"instock","11":"shipping-taxable","12":"purchasable","13":"product-type-simple"},"acf":[],"yoast_head":"<!-- This site is optimized with the Yoast SEO Premium plugin v25.3.1 (Yoast SEO v25.3.1) - https:\/\/yoast.com\/wordpress\/plugins\/seo\/ -->\n<title>Visite priv\u00e9e de Madrid - V\u00e9hicule de luxe avec chauffeur et guide officiel<\/title>\n<meta name=\"description\" content=\"Visite priv\u00e9e de Madrid. Profitez de leurs monuments et sites les plus importants. Exp\u00e9rience avec un guide officiel priv\u00e9 et un v\u00e9hicule priv\u00e9 avec chauffeur.\" \/>\n<meta name=\"robots\" content=\"index, follow, max-snippet:-1, max-image-preview:large, max-video-preview:-1\" \/>\n<link rel=\"canonical\" href=\"https:\/\/tourtravelandmore.com\/fr\/tours\/espagne-fr\/madrid-fr\/tous-les-circuits-et-activites-prives\/visite-privee-de-madrid\/\" \/>\n<meta property=\"og:locale\" content=\"fr_FR\" \/>\n<meta property=\"og:type\" content=\"article\" \/>\n<meta property=\"og:title\" content=\"Visite priv\u00e9e de Madrid\" \/>\n<meta property=\"og:description\" content=\"Visite priv\u00e9e de Madrid. Profitez de leurs monuments et sites les plus importants. Exp\u00e9rience avec un guide officiel priv\u00e9 et un v\u00e9hicule priv\u00e9 avec chauffeur.\" \/>\n<meta property=\"og:url\" content=\"https:\/\/tourtravelandmore.com\/fr\/tours\/espagne-fr\/madrid-fr\/tous-les-circuits-et-activites-prives\/visite-privee-de-madrid\/\" \/>\n<meta property=\"og:site_name\" content=\"Tour Travel And More\" \/>\n<meta property=\"article:publisher\" content=\"https:\/\/www.facebook.com\/tourtravelandmore\/\" \/>\n<meta property=\"article:modified_time\" content=\"2024-04-29T16:27:54+00:00\" \/>\n<meta property=\"og:image\" content=\"https:\/\/tourtravelandmore.com\/wp-content\/uploads\/2016\/10\/pexels-alex-azabache-3757144.jpg\" \/>\n\t<meta property=\"og:image:width\" content=\"1920\" \/>\n\t<meta property=\"og:image:height\" content=\"1280\" \/>\n\t<meta property=\"og:image:type\" content=\"image\/jpeg\" \/>\n<meta name=\"twitter:card\" content=\"summary_large_image\" \/>\n<meta name=\"twitter:site\" content=\"@TourTravel_More\" \/>\n<meta name=\"twitter:label1\" content=\"Dur\u00e9e de lecture estim\u00e9e\" \/>\n\t<meta name=\"twitter:data1\" content=\"2 minutes\" \/>\n<script type=\"application\/ld+json\" class=\"yoast-schema-graph\">{\"@context\":\"https:\/\/schema.org\",\"@graph\":[{\"@type\":\"WebPage\",\"@id\":\"https:\/\/tourtravelandmore.com\/fr\/tours\/espagne-fr\/madrid-fr\/tous-les-circuits-et-activites-prives\/visite-privee-de-madrid\/\",\"url\":\"https:\/\/tourtravelandmore.com\/fr\/tours\/espagne-fr\/madrid-fr\/tous-les-circuits-et-activites-prives\/visite-privee-de-madrid\/\",\"name\":\"Visite priv\u00e9e de Madrid - V\u00e9hicule de luxe avec chauffeur et guide officiel\",\"isPartOf\":{\"@id\":\"https:\/\/tourtravelandmore.com\/fr\/#website\"},\"primaryImageOfPage\":{\"@id\":\"https:\/\/tourtravelandmore.com\/fr\/tours\/espagne-fr\/madrid-fr\/tous-les-circuits-et-activites-prives\/visite-privee-de-madrid\/#primaryimage\"},\"image\":{\"@id\":\"https:\/\/tourtravelandmore.com\/fr\/tours\/espagne-fr\/madrid-fr\/tous-les-circuits-et-activites-prives\/visite-privee-de-madrid\/#primaryimage\"},\"thumbnailUrl\":\"https:\/\/tourtravelandmore.com\/wp-content\/uploads\/2016\/10\/pexels-alex-azabache-3757144.jpg\",\"datePublished\":\"2016-10-25T09:32:17+00:00\",\"dateModified\":\"2024-04-29T16:27:54+00:00\",\"description\":\"Visite priv\u00e9e de Madrid. Profitez de leurs monuments et sites les plus importants. Exp\u00e9rience avec un guide officiel priv\u00e9 et un v\u00e9hicule priv\u00e9 avec chauffeur.\",\"breadcrumb\":{\"@id\":\"https:\/\/tourtravelandmore.com\/fr\/tours\/espagne-fr\/madrid-fr\/tous-les-circuits-et-activites-prives\/visite-privee-de-madrid\/#breadcrumb\"},\"inLanguage\":\"fr-FR\",\"potentialAction\":[{\"@type\":\"ReadAction\",\"target\":[\"https:\/\/tourtravelandmore.com\/fr\/tours\/espagne-fr\/madrid-fr\/tous-les-circuits-et-activites-prives\/visite-privee-de-madrid\/\"]}]},{\"@type\":\"ImageObject\",\"inLanguage\":\"fr-FR\",\"@id\":\"https:\/\/tourtravelandmore.com\/fr\/tours\/espagne-fr\/madrid-fr\/tous-les-circuits-et-activites-prives\/visite-privee-de-madrid\/#primaryimage\",\"url\":\"https:\/\/tourtravelandmore.com\/wp-content\/uploads\/2016\/10\/pexels-alex-azabache-3757144.jpg\",\"contentUrl\":\"https:\/\/tourtravelandmore.com\/wp-content\/uploads\/2016\/10\/pexels-alex-azabache-3757144.jpg\",\"width\":1920,\"height\":1280},{\"@type\":\"BreadcrumbList\",\"@id\":\"https:\/\/tourtravelandmore.com\/fr\/tours\/espagne-fr\/madrid-fr\/tous-les-circuits-et-activites-prives\/visite-privee-de-madrid\/#breadcrumb\",\"itemListElement\":[{\"@type\":\"ListItem\",\"position\":1,\"name\":\"Home\",\"item\":\"https:\/\/tourtravelandmore.com\/fr\/\"},{\"@type\":\"ListItem\",\"position\":2,\"name\":\"Tours\",\"item\":\"https:\/\/tourtravelandmore.com\/fr\/tours\/\"},{\"@type\":\"ListItem\",\"position\":3,\"name\":\"Visite priv\u00e9e de Madrid\"}]},{\"@type\":\"WebSite\",\"@id\":\"https:\/\/tourtravelandmore.com\/fr\/#website\",\"url\":\"https:\/\/tourtravelandmore.com\/fr\/\",\"name\":\"Tour Travel And More\",\"description\":\"Private sightseeing tours and luxury transfers in Spain\",\"publisher\":{\"@id\":\"https:\/\/tourtravelandmore.com\/fr\/#organization\"},\"potentialAction\":[{\"@type\":\"SearchAction\",\"target\":{\"@type\":\"EntryPoint\",\"urlTemplate\":\"https:\/\/tourtravelandmore.com\/fr\/?s={search_term_string}\"},\"query-input\":{\"@type\":\"PropertyValueSpecification\",\"valueRequired\":true,\"valueName\":\"search_term_string\"}}],\"inLanguage\":\"fr-FR\"},{\"@type\":\"Organization\",\"@id\":\"https:\/\/tourtravelandmore.com\/fr\/#organization\",\"name\":\"Tour Travel And More\",\"url\":\"https:\/\/tourtravelandmore.com\/fr\/\",\"logo\":{\"@type\":\"ImageObject\",\"inLanguage\":\"fr-FR\",\"@id\":\"https:\/\/tourtravelandmore.com\/fr\/#\/schema\/logo\/image\/\",\"url\":\"https:\/\/tourtravelandmore.com\/wp-content\/uploads\/2022\/12\/cropped-logo-cabecera-new.png\",\"contentUrl\":\"https:\/\/tourtravelandmore.com\/wp-content\/uploads\/2022\/12\/cropped-logo-cabecera-new.png\",\"width\":430,\"height\":61,\"caption\":\"Tour Travel And More\"},\"image\":{\"@id\":\"https:\/\/tourtravelandmore.com\/fr\/#\/schema\/logo\/image\/\"},\"sameAs\":[\"https:\/\/www.facebook.com\/tourtravelandmore\/\",\"https:\/\/x.com\/TourTravel_More\"]}]}<\/script>\n<!-- \/ Yoast SEO Premium plugin. -->","yoast_head_json":{"title":"Visite priv\u00e9e de Madrid - V\u00e9hicule de luxe avec chauffeur et guide officiel","description":"Visite priv\u00e9e de Madrid. Profitez de leurs monuments et sites les plus importants. Exp\u00e9rience avec un guide officiel priv\u00e9 et un v\u00e9hicule priv\u00e9 avec chauffeur.","robots":{"index":"index","follow":"follow","max-snippet":"max-snippet:-1","max-image-preview":"max-image-preview:large","max-video-preview":"max-video-preview:-1"},"canonical":"https:\/\/tourtravelandmore.com\/fr\/tours\/espagne-fr\/madrid-fr\/tous-les-circuits-et-activites-prives\/visite-privee-de-madrid\/","og_locale":"fr_FR","og_type":"article","og_title":"Visite priv\u00e9e de Madrid","og_description":"Visite priv\u00e9e de Madrid. Profitez de leurs monuments et sites les plus importants. Exp\u00e9rience avec un guide officiel priv\u00e9 et un v\u00e9hicule priv\u00e9 avec chauffeur.","og_url":"https:\/\/tourtravelandmore.com\/fr\/tours\/espagne-fr\/madrid-fr\/tous-les-circuits-et-activites-prives\/visite-privee-de-madrid\/","og_site_name":"Tour Travel And More","article_publisher":"https:\/\/www.facebook.com\/tourtravelandmore\/","article_modified_time":"2024-04-29T16:27:54+00:00","og_image":[{"width":1920,"height":1280,"url":"https:\/\/tourtravelandmore.com\/wp-content\/uploads\/2016\/10\/pexels-alex-azabache-3757144.jpg","type":"image\/jpeg"}],"twitter_card":"summary_large_image","twitter_site":"@TourTravel_More","twitter_misc":{"Dur\u00e9e de lecture estim\u00e9e":"2 minutes"},"schema":{"@context":"https:\/\/schema.org","@graph":[{"@type":"WebPage","@id":"https:\/\/tourtravelandmore.com\/fr\/tours\/espagne-fr\/madrid-fr\/tous-les-circuits-et-activites-prives\/visite-privee-de-madrid\/","url":"https:\/\/tourtravelandmore.com\/fr\/tours\/espagne-fr\/madrid-fr\/tous-les-circuits-et-activites-prives\/visite-privee-de-madrid\/","name":"Visite priv\u00e9e de Madrid - V\u00e9hicule de luxe avec chauffeur et guide officiel","isPartOf":{"@id":"https:\/\/tourtravelandmore.com\/fr\/#website"},"primaryImageOfPage":{"@id":"https:\/\/tourtravelandmore.com\/fr\/tours\/espagne-fr\/madrid-fr\/tous-les-circuits-et-activites-prives\/visite-privee-de-madrid\/#primaryimage"},"image":{"@id":"https:\/\/tourtravelandmore.com\/fr\/tours\/espagne-fr\/madrid-fr\/tous-les-circuits-et-activites-prives\/visite-privee-de-madrid\/#primaryimage"},"thumbnailUrl":"https:\/\/tourtravelandmore.com\/wp-content\/uploads\/2016\/10\/pexels-alex-azabache-3757144.jpg","datePublished":"2016-10-25T09:32:17+00:00","dateModified":"2024-04-29T16:27:54+00:00","description":"Visite priv\u00e9e de Madrid. Profitez de leurs monuments et sites les plus importants. Exp\u00e9rience avec un guide officiel priv\u00e9 et un v\u00e9hicule priv\u00e9 avec chauffeur.","breadcrumb":{"@id":"https:\/\/tourtravelandmore.com\/fr\/tours\/espagne-fr\/madrid-fr\/tous-les-circuits-et-activites-prives\/visite-privee-de-madrid\/#breadcrumb"},"inLanguage":"fr-FR","potentialAction":[{"@type":"ReadAction","target":["https:\/\/tourtravelandmore.com\/fr\/tours\/espagne-fr\/madrid-fr\/tous-les-circuits-et-activites-prives\/visite-privee-de-madrid\/"]}]},{"@type":"ImageObject","inLanguage":"fr-FR","@id":"https:\/\/tourtravelandmore.com\/fr\/tours\/espagne-fr\/madrid-fr\/tous-les-circuits-et-activites-prives\/visite-privee-de-madrid\/#primaryimage","url":"https:\/\/tourtravelandmore.com\/wp-content\/uploads\/2016\/10\/pexels-alex-azabache-3757144.jpg","contentUrl":"https:\/\/tourtravelandmore.com\/wp-content\/uploads\/2016\/10\/pexels-alex-azabache-3757144.jpg","width":1920,"height":1280},{"@type":"BreadcrumbList","@id":"https:\/\/tourtravelandmore.com\/fr\/tours\/espagne-fr\/madrid-fr\/tous-les-circuits-et-activites-prives\/visite-privee-de-madrid\/#breadcrumb","itemListElement":[{"@type":"ListItem","position":1,"name":"Home","item":"https:\/\/tourtravelandmore.com\/fr\/"},{"@type":"ListItem","position":2,"name":"Tours","item":"https:\/\/tourtravelandmore.com\/fr\/tours\/"},{"@type":"ListItem","position":3,"name":"Visite priv\u00e9e de Madrid"}]},{"@type":"WebSite","@id":"https:\/\/tourtravelandmore.com\/fr\/#website","url":"https:\/\/tourtravelandmore.com\/fr\/","name":"Tour Travel And More","description":"Private sightseeing tours and luxury transfers in Spain","publisher":{"@id":"https:\/\/tourtravelandmore.com\/fr\/#organization"},"potentialAction":[{"@type":"SearchAction","target":{"@type":"EntryPoint","urlTemplate":"https:\/\/tourtravelandmore.com\/fr\/?s={search_term_string}"},"query-input":{"@type":"PropertyValueSpecification","valueRequired":true,"valueName":"search_term_string"}}],"inLanguage":"fr-FR"},{"@type":"Organization","@id":"https:\/\/tourtravelandmore.com\/fr\/#organization","name":"Tour Travel And More","url":"https:\/\/tourtravelandmore.com\/fr\/","logo":{"@type":"ImageObject","inLanguage":"fr-FR","@id":"https:\/\/tourtravelandmore.com\/fr\/#\/schema\/logo\/image\/","url":"https:\/\/tourtravelandmore.com\/wp-content\/uploads\/2022\/12\/cropped-logo-cabecera-new.png","contentUrl":"https:\/\/tourtravelandmore.com\/wp-content\/uploads\/2022\/12\/cropped-logo-cabecera-new.png","width":430,"height":61,"caption":"Tour Travel And More"},"image":{"@id":"https:\/\/tourtravelandmore.com\/fr\/#\/schema\/logo\/image\/"},"sameAs":["https:\/\/www.facebook.com\/tourtravelandmore\/","https:\/\/x.com\/TourTravel_More"]}]}},"_links":{"self":[{"href":"https:\/\/tourtravelandmore.com\/fr\/wp-json\/wp\/v2\/product\/98715","targetHints":{"allow":["GET"]}}],"collection":[{"href":"https:\/\/tourtravelandmore.com\/fr\/wp-json\/wp\/v2\/product"}],"about":[{"href":"https:\/\/tourtravelandmore.com\/fr\/wp-json\/wp\/v2\/types\/product"}],"replies":[{"embeddable":true,"href":"https:\/\/tourtravelandmore.com\/fr\/wp-json\/wp\/v2\/comments?post=98715"}],"wp:featuredmedia":[{"embeddable":true,"href":"https:\/\/tourtravelandmore.com\/fr\/wp-json\/wp\/v2\/media\/172618"}],"wp:attachment":[{"href":"https:\/\/tourtravelandmore.com\/fr\/wp-json\/wp\/v2\/media?parent=98715"}],"wp:term":[{"taxonomy":"product_brand","embeddable":true,"href":"https:\/\/tourtravelandmore.com\/fr\/wp-json\/wp\/v2\/product_brand?post=98715"},{"taxonomy":"product_cat","embeddable":true,"href":"https:\/\/tourtravelandmore.com\/fr\/wp-json\/wp\/v2\/product_cat?post=98715"},{"taxonomy":"product_tag","embeddable":true,"href":"https:\/\/tourtravelandmore.com\/fr\/wp-json\/wp\/v2\/product_tag?post=98715"}],"curies":[{"name":"wp","href":"https:\/\/api.w.org\/{rel}","templated":true}]}}