{"id":98685,"date":"2020-07-06T12:34:24","date_gmt":"2020-07-06T10:34:24","guid":{"rendered":"https:\/\/tourtravelandmore.com\/tours\/non%20class\u00e9\/visite-privee-a-tolede-et-segovie-au-depart-de-madrid\/"},"modified":"2024-05-02T19:28:56","modified_gmt":"2024-05-02T17:28:56","slug":"visite-privee-a-tolede-et-segovie-au-depart-de-madrid","status":"publish","type":"product","link":"https:\/\/tourtravelandmore.com\/fr\/tours\/espagne-fr\/segovia-fr\/excursions-privees-dune-journee-fr\/visite-privee-a-tolede-et-segovie-au-depart-de-madrid\/","title":{"rendered":"Visite priv\u00e9e \u00e0 Tol\u00e8de et S\u00e9govie au d\u00e9part de Madrid"},"content":{"rendered":"<h2>La description<\/h2>\n<p>Faites cette excursion d&#8217;une journ\u00e9e pour profiter de cette visite priv\u00e9e \u00e0 Tol\u00e8de et \u00e0 S\u00e9govie au d\u00e9part de Madrid. Vous ne pouvez pas visiter Madrid et ne pas aller \u00e0 S\u00e9govie et Tol\u00e8de. Il y a tellement de choses \u00e0 voir et \u00e0 appr\u00e9cier dans ces deux villes historiques.<\/p>\n<p>C&#8217;est une exp\u00e9rience d&#8217;une journ\u00e9e compl\u00e8te. Tol\u00e8de est un site du patrimoine mondial de l&#8217;UNESCO. Il y a 3 cultures dans la vieille ville. Apprenez tout ce que Toledo a \u00e0 offrir. Apprenez \u00e0 conna\u00eetre la culture juive, islamique et chr\u00e9tienne.<\/p>\n<p>S\u00e9govie a aussi une histoire m\u00e9di\u00e9vale, c&#8217;est une fa\u00e7on unique de profiter de cette ville lors de cette visite priv\u00e9e.<\/p>\n<p>Tout d&#8217;abord, nous organiserons une prise en charge priv\u00e9e depuis votre h\u00f4tel \u00e0 Madrid. Vous vous dirigerez confortablement vers S\u00e9govie et Tol\u00e8de.<\/p>\n<p>Une fois \u00e0 Tol\u00e8de, profitez d&#8217;une visite guid\u00e9e priv\u00e9e de 2 heures de la ville. Ce sera une visite \u00e0 pied. Vous d\u00e9gusterez plus tard une bouch\u00e9e rapide \u00e0 Tol\u00e8de avec une excellente recommandation de votre guide. Nous nous dirigerons ensuite vers S\u00e9govie. Une fois \u00e0 S\u00e9govie, profitez d&#8217;une visite guid\u00e9e priv\u00e9e de 2 heures de la ville.<\/p>\n<h2>Sites d&#8217;int\u00e9r\u00eat et monuments<\/h2>\n<p>Pour cette visite priv\u00e9e \u00e0 Tol\u00e8de et \u00e0 S\u00e9govie au d\u00e9part de Madrid, d\u00e9couvrez le meilleur de Tol\u00e8de et Avila.<\/p>\n<p>Tout d&#8217;abord, nous arriverons \u00e0 Tol\u00e8de. \u00c0 Tol\u00e8de, profitez d&#8217;une visite guid\u00e9e \u00e0 pied de 2 heures.<\/p>\n<p>Voici l&#8217;exemple de ce que vous appr\u00e9cierez \u00e0 Tol\u00e8de:<\/p>\n<ul>\n<li>Cath\u00e9drale de Tol\u00e8de: Catedral Primada<\/li>\n<li>Monast\u00e8re de San Juan de Los Reyes \u00e0 Tol\u00e8de<\/li>\n<li>Puerta del Sol: il s&#8217;agit de la porte nord de la ville de Tol\u00e8de<\/li>\n<li>Puente de San Mart\u00edn de Tol\u00e8de<\/li>\n<li>Vue du mus\u00e9e Greco de Tol\u00e8de<\/li>\n<li>Mirador del Valle: belle vue sur la ville de Tol\u00e8de<\/li>\n<li>Vue de l&#8217;Alcazar de Tol\u00e8de<\/li>\n<li>Puerta de Bisagra<\/li>\n<li>Vue de l&#8217;Iglesia de San Ildefonso<\/li>\n<li>Vue de l&#8217;Iglesia de Santo Tom\u00e9<\/li>\n<li>Puente de Alc\u00e1ntara de Toledo<\/li>\n<li>Synagogue d&#8217;El Transito: vue ext\u00e9rieure<\/li>\n<li>Plaza de Zocodover<\/li>\n<li>Beaucoup plus!<\/li>\n<\/ul>\n<p>Apr\u00e8s la visite avec votre guide \u00e0 Tol\u00e8de, nous partirons vers S\u00e9govie. Avant de partir en direction de S\u00e9govie, nous ferons un petit arr\u00eat pour le d\u00e9jeuner. Le trajet vers S\u00e9govie durera environ 1 heure.<\/p>\n<p>Deuxi\u00e8mement, partira ensuite vers S\u00e9govie. Une fois arriv\u00e9s \u00e0 S\u00e9govie, voici quelques sites que vous pouvez visiter:<\/p>\n<ul>\n<li>Aqueduc de S\u00e9govie. C&#8217;est un incontournable \u00e0 visiter. C&#8217;est l&#8217;ic\u00f4ne de S\u00e9govie. C&#8217;est un endroit vraiment remarquable \u00e0 visiter.<\/li>\n<li>Admirez l&#8217;Alcazar de S\u00e9govie. C&#8217;est un palais qui a des origines romaines et mauresques. Super arr\u00eat photo et souvenirs uniques \u00e0 rapporter \u00e0 la maison!<\/li>\n<li>Cath\u00e9drale de S\u00e9govie: Nouvelle cath\u00e9drale construite dans l&#8217;ancien quartier juif de S\u00e9govie.<\/li>\n<li>Murailles de S\u00e9govie<\/li>\n<li>Calle Real de Segovia<\/li>\n<li>Beaucoup plus!<\/li>\n<\/ul>\n<p>En conclusion, profitez du meilleur de la visite priv\u00e9e \u00e0 Tol\u00e8de et \u00e0 S\u00e9govie au d\u00e9part de Madrid.<\/p>\n<p>Voici toutes nos visites priv\u00e9es au d\u00e9part de Madrid. V\u00e9rifie-les!<\/p>\n","protected":false},"excerpt":{"rendered":"<p>Exp\u00e9rience priv\u00e9e d&#8217;une journ\u00e9e compl\u00e8te et visite de Tol\u00e8de et de S\u00e9govie au d\u00e9part de Madrid. V\u00e9hicule de luxe priv\u00e9 avec chauffeur et guide officiel du touor \u00e0 S\u00e9govie 2 heures et \u00e0 Tol\u00e8de 2 heures. Le meilleur des deux villes en une journ\u00e9e.<\/p>\n","protected":false},"featured_media":80993,"comment_status":"open","ping_status":"closed","template":"","meta":{"_acf_changed":false},"product_brand":[],"product_cat":[5375,5357,5374,5376,5356,3543,4028,4029,3677,4031,4032,4030,3675],"product_tag":[],"class_list":{"0":"post-98685","1":"product","2":"type-product","3":"status-publish","4":"has-post-thumbnail","6":"product_cat-all-private-tours-activities-fr-28","7":"product_cat-best-sellers-fr-2","8":"product_cat-private-day-trips-fr-17","9":"product_cat-private-sightseeing-tours-fr-39","10":"product_cat-private-sightseeing-tours-fr-38","11":"product_cat-madrid-fr","12":"product_cat-tous-les-circuits-et-activites-prives","13":"product_cat-excursions-privees-dune-journee","14":"product_cat-segovia-fr","15":"product_cat-tous-les-circuits-et-activites-prives-fr","16":"product_cat-visites-guidees-privees","17":"product_cat-excursions-privees-dune-journee-fr","18":"product_cat-toledo-fr","20":"first","21":"instock","22":"shipping-taxable","23":"purchasable","24":"product-type-simple"},"acf":[],"yoast_head":"<!-- This site is optimized with the Yoast SEO Premium plugin v25.3.1 (Yoast SEO v25.3.1) - https:\/\/yoast.com\/wordpress\/plugins\/seo\/ -->\n<title>V\u00e9hicule de luxe<\/title>\n<meta name=\"description\" content=\"Visite priv\u00e9e \u00e0 Tol\u00e8de et \u00e0 S\u00e9govie au d\u00e9part de Madrid. V\u00e9hicule de luxe priv\u00e9 avec chauffeur et guide officiel du touor \u00e0 S\u00e9govie 2 heures et \u00e0 Tol\u00e8de 2 heures.\" \/>\n<meta name=\"robots\" content=\"index, follow, max-snippet:-1, max-image-preview:large, max-video-preview:-1\" \/>\n<link rel=\"canonical\" href=\"https:\/\/tourtravelandmore.com\/fr\/tours\/espagne-fr\/segovia-fr\/excursions-privees-dune-journee-fr\/visite-privee-a-tolede-et-segovie-au-depart-de-madrid\/\" \/>\n<meta property=\"og:locale\" content=\"fr_FR\" \/>\n<meta property=\"og:type\" content=\"article\" \/>\n<meta property=\"og:title\" content=\"Visite priv\u00e9e \u00e0 Tol\u00e8de et S\u00e9govie au d\u00e9part de Madrid\" \/>\n<meta property=\"og:description\" content=\"Visite priv\u00e9e \u00e0 Tol\u00e8de et \u00e0 S\u00e9govie au d\u00e9part de Madrid. V\u00e9hicule de luxe priv\u00e9 avec chauffeur et guide officiel du touor \u00e0 S\u00e9govie 2 heures et \u00e0 Tol\u00e8de 2 heures.\" \/>\n<meta property=\"og:url\" content=\"https:\/\/tourtravelandmore.com\/fr\/tours\/espagne-fr\/segovia-fr\/excursions-privees-dune-journee-fr\/visite-privee-a-tolede-et-segovie-au-depart-de-madrid\/\" \/>\n<meta property=\"og:site_name\" content=\"Tour Travel And More\" \/>\n<meta property=\"article:publisher\" content=\"https:\/\/www.facebook.com\/tourtravelandmore\/\" \/>\n<meta property=\"article:modified_time\" content=\"2024-05-02T17:28:56+00:00\" \/>\n<meta property=\"og:image\" content=\"https:\/\/tourtravelandmore.com\/wp-content\/uploads\/2020\/07\/Toledo4.jpg\" \/>\n\t<meta property=\"og:image:width\" content=\"1920\" \/>\n\t<meta property=\"og:image:height\" content=\"1271\" \/>\n\t<meta property=\"og:image:type\" content=\"image\/jpeg\" \/>\n<meta name=\"twitter:card\" content=\"summary_large_image\" \/>\n<meta name=\"twitter:site\" content=\"@TourTravel_More\" \/>\n<meta name=\"twitter:label1\" content=\"Dur\u00e9e de lecture estim\u00e9e\" \/>\n\t<meta name=\"twitter:data1\" content=\"3 minutes\" \/>\n<script type=\"application\/ld+json\" class=\"yoast-schema-graph\">{\"@context\":\"https:\/\/schema.org\",\"@graph\":[{\"@type\":\"WebPage\",\"@id\":\"https:\/\/tourtravelandmore.com\/fr\/tours\/espagne-fr\/segovia-fr\/excursions-privees-dune-journee-fr\/visite-privee-a-tolede-et-segovie-au-depart-de-madrid\/\",\"url\":\"https:\/\/tourtravelandmore.com\/fr\/tours\/espagne-fr\/segovia-fr\/excursions-privees-dune-journee-fr\/visite-privee-a-tolede-et-segovie-au-depart-de-madrid\/\",\"name\":\"V\u00e9hicule de luxe\",\"isPartOf\":{\"@id\":\"https:\/\/tourtravelandmore.com\/fr\/#website\"},\"primaryImageOfPage\":{\"@id\":\"https:\/\/tourtravelandmore.com\/fr\/tours\/espagne-fr\/segovia-fr\/excursions-privees-dune-journee-fr\/visite-privee-a-tolede-et-segovie-au-depart-de-madrid\/#primaryimage\"},\"image\":{\"@id\":\"https:\/\/tourtravelandmore.com\/fr\/tours\/espagne-fr\/segovia-fr\/excursions-privees-dune-journee-fr\/visite-privee-a-tolede-et-segovie-au-depart-de-madrid\/#primaryimage\"},\"thumbnailUrl\":\"https:\/\/tourtravelandmore.com\/wp-content\/uploads\/2020\/07\/Toledo4.jpg\",\"datePublished\":\"2020-07-06T10:34:24+00:00\",\"dateModified\":\"2024-05-02T17:28:56+00:00\",\"description\":\"Visite priv\u00e9e \u00e0 Tol\u00e8de et \u00e0 S\u00e9govie au d\u00e9part de Madrid. V\u00e9hicule de luxe priv\u00e9 avec chauffeur et guide officiel du touor \u00e0 S\u00e9govie 2 heures et \u00e0 Tol\u00e8de 2 heures.\",\"breadcrumb\":{\"@id\":\"https:\/\/tourtravelandmore.com\/fr\/tours\/espagne-fr\/segovia-fr\/excursions-privees-dune-journee-fr\/visite-privee-a-tolede-et-segovie-au-depart-de-madrid\/#breadcrumb\"},\"inLanguage\":\"fr-FR\",\"potentialAction\":[{\"@type\":\"ReadAction\",\"target\":[\"https:\/\/tourtravelandmore.com\/fr\/tours\/espagne-fr\/segovia-fr\/excursions-privees-dune-journee-fr\/visite-privee-a-tolede-et-segovie-au-depart-de-madrid\/\"]}]},{\"@type\":\"ImageObject\",\"inLanguage\":\"fr-FR\",\"@id\":\"https:\/\/tourtravelandmore.com\/fr\/tours\/espagne-fr\/segovia-fr\/excursions-privees-dune-journee-fr\/visite-privee-a-tolede-et-segovie-au-depart-de-madrid\/#primaryimage\",\"url\":\"https:\/\/tourtravelandmore.com\/wp-content\/uploads\/2020\/07\/Toledo4.jpg\",\"contentUrl\":\"https:\/\/tourtravelandmore.com\/wp-content\/uploads\/2020\/07\/Toledo4.jpg\",\"width\":1920,\"height\":1271},{\"@type\":\"BreadcrumbList\",\"@id\":\"https:\/\/tourtravelandmore.com\/fr\/tours\/espagne-fr\/segovia-fr\/excursions-privees-dune-journee-fr\/visite-privee-a-tolede-et-segovie-au-depart-de-madrid\/#breadcrumb\",\"itemListElement\":[{\"@type\":\"ListItem\",\"position\":1,\"name\":\"Home\",\"item\":\"https:\/\/tourtravelandmore.com\/fr\/\"},{\"@type\":\"ListItem\",\"position\":2,\"name\":\"Tours\",\"item\":\"https:\/\/tourtravelandmore.com\/fr\/tours\/\"},{\"@type\":\"ListItem\",\"position\":3,\"name\":\"Visite priv\u00e9e \u00e0 Tol\u00e8de et S\u00e9govie au d\u00e9part de Madrid\"}]},{\"@type\":\"WebSite\",\"@id\":\"https:\/\/tourtravelandmore.com\/fr\/#website\",\"url\":\"https:\/\/tourtravelandmore.com\/fr\/\",\"name\":\"Tour Travel And More\",\"description\":\"Private sightseeing tours and luxury transfers in Spain\",\"publisher\":{\"@id\":\"https:\/\/tourtravelandmore.com\/fr\/#organization\"},\"potentialAction\":[{\"@type\":\"SearchAction\",\"target\":{\"@type\":\"EntryPoint\",\"urlTemplate\":\"https:\/\/tourtravelandmore.com\/fr\/?s={search_term_string}\"},\"query-input\":{\"@type\":\"PropertyValueSpecification\",\"valueRequired\":true,\"valueName\":\"search_term_string\"}}],\"inLanguage\":\"fr-FR\"},{\"@type\":\"Organization\",\"@id\":\"https:\/\/tourtravelandmore.com\/fr\/#organization\",\"name\":\"Tour Travel And More\",\"url\":\"https:\/\/tourtravelandmore.com\/fr\/\",\"logo\":{\"@type\":\"ImageObject\",\"inLanguage\":\"fr-FR\",\"@id\":\"https:\/\/tourtravelandmore.com\/fr\/#\/schema\/logo\/image\/\",\"url\":\"https:\/\/tourtravelandmore.com\/wp-content\/uploads\/2022\/12\/cropped-logo-cabecera-new.png\",\"contentUrl\":\"https:\/\/tourtravelandmore.com\/wp-content\/uploads\/2022\/12\/cropped-logo-cabecera-new.png\",\"width\":430,\"height\":61,\"caption\":\"Tour Travel And More\"},\"image\":{\"@id\":\"https:\/\/tourtravelandmore.com\/fr\/#\/schema\/logo\/image\/\"},\"sameAs\":[\"https:\/\/www.facebook.com\/tourtravelandmore\/\",\"https:\/\/x.com\/TourTravel_More\"]}]}<\/script>\n<!-- \/ Yoast SEO Premium plugin. -->","yoast_head_json":{"title":"V\u00e9hicule de luxe","description":"Visite priv\u00e9e \u00e0 Tol\u00e8de et \u00e0 S\u00e9govie au d\u00e9part de Madrid. V\u00e9hicule de luxe priv\u00e9 avec chauffeur et guide officiel du touor \u00e0 S\u00e9govie 2 heures et \u00e0 Tol\u00e8de 2 heures.","robots":{"index":"index","follow":"follow","max-snippet":"max-snippet:-1","max-image-preview":"max-image-preview:large","max-video-preview":"max-video-preview:-1"},"canonical":"https:\/\/tourtravelandmore.com\/fr\/tours\/espagne-fr\/segovia-fr\/excursions-privees-dune-journee-fr\/visite-privee-a-tolede-et-segovie-au-depart-de-madrid\/","og_locale":"fr_FR","og_type":"article","og_title":"Visite priv\u00e9e \u00e0 Tol\u00e8de et S\u00e9govie au d\u00e9part de Madrid","og_description":"Visite priv\u00e9e \u00e0 Tol\u00e8de et \u00e0 S\u00e9govie au d\u00e9part de Madrid. V\u00e9hicule de luxe priv\u00e9 avec chauffeur et guide officiel du touor \u00e0 S\u00e9govie 2 heures et \u00e0 Tol\u00e8de 2 heures.","og_url":"https:\/\/tourtravelandmore.com\/fr\/tours\/espagne-fr\/segovia-fr\/excursions-privees-dune-journee-fr\/visite-privee-a-tolede-et-segovie-au-depart-de-madrid\/","og_site_name":"Tour Travel And More","article_publisher":"https:\/\/www.facebook.com\/tourtravelandmore\/","article_modified_time":"2024-05-02T17:28:56+00:00","og_image":[{"width":1920,"height":1271,"url":"https:\/\/tourtravelandmore.com\/wp-content\/uploads\/2020\/07\/Toledo4.jpg","type":"image\/jpeg"}],"twitter_card":"summary_large_image","twitter_site":"@TourTravel_More","twitter_misc":{"Dur\u00e9e de lecture estim\u00e9e":"3 minutes"},"schema":{"@context":"https:\/\/schema.org","@graph":[{"@type":"WebPage","@id":"https:\/\/tourtravelandmore.com\/fr\/tours\/espagne-fr\/segovia-fr\/excursions-privees-dune-journee-fr\/visite-privee-a-tolede-et-segovie-au-depart-de-madrid\/","url":"https:\/\/tourtravelandmore.com\/fr\/tours\/espagne-fr\/segovia-fr\/excursions-privees-dune-journee-fr\/visite-privee-a-tolede-et-segovie-au-depart-de-madrid\/","name":"V\u00e9hicule de luxe","isPartOf":{"@id":"https:\/\/tourtravelandmore.com\/fr\/#website"},"primaryImageOfPage":{"@id":"https:\/\/tourtravelandmore.com\/fr\/tours\/espagne-fr\/segovia-fr\/excursions-privees-dune-journee-fr\/visite-privee-a-tolede-et-segovie-au-depart-de-madrid\/#primaryimage"},"image":{"@id":"https:\/\/tourtravelandmore.com\/fr\/tours\/espagne-fr\/segovia-fr\/excursions-privees-dune-journee-fr\/visite-privee-a-tolede-et-segovie-au-depart-de-madrid\/#primaryimage"},"thumbnailUrl":"https:\/\/tourtravelandmore.com\/wp-content\/uploads\/2020\/07\/Toledo4.jpg","datePublished":"2020-07-06T10:34:24+00:00","dateModified":"2024-05-02T17:28:56+00:00","description":"Visite priv\u00e9e \u00e0 Tol\u00e8de et \u00e0 S\u00e9govie au d\u00e9part de Madrid. V\u00e9hicule de luxe priv\u00e9 avec chauffeur et guide officiel du touor \u00e0 S\u00e9govie 2 heures et \u00e0 Tol\u00e8de 2 heures.","breadcrumb":{"@id":"https:\/\/tourtravelandmore.com\/fr\/tours\/espagne-fr\/segovia-fr\/excursions-privees-dune-journee-fr\/visite-privee-a-tolede-et-segovie-au-depart-de-madrid\/#breadcrumb"},"inLanguage":"fr-FR","potentialAction":[{"@type":"ReadAction","target":["https:\/\/tourtravelandmore.com\/fr\/tours\/espagne-fr\/segovia-fr\/excursions-privees-dune-journee-fr\/visite-privee-a-tolede-et-segovie-au-depart-de-madrid\/"]}]},{"@type":"ImageObject","inLanguage":"fr-FR","@id":"https:\/\/tourtravelandmore.com\/fr\/tours\/espagne-fr\/segovia-fr\/excursions-privees-dune-journee-fr\/visite-privee-a-tolede-et-segovie-au-depart-de-madrid\/#primaryimage","url":"https:\/\/tourtravelandmore.com\/wp-content\/uploads\/2020\/07\/Toledo4.jpg","contentUrl":"https:\/\/tourtravelandmore.com\/wp-content\/uploads\/2020\/07\/Toledo4.jpg","width":1920,"height":1271},{"@type":"BreadcrumbList","@id":"https:\/\/tourtravelandmore.com\/fr\/tours\/espagne-fr\/segovia-fr\/excursions-privees-dune-journee-fr\/visite-privee-a-tolede-et-segovie-au-depart-de-madrid\/#breadcrumb","itemListElement":[{"@type":"ListItem","position":1,"name":"Home","item":"https:\/\/tourtravelandmore.com\/fr\/"},{"@type":"ListItem","position":2,"name":"Tours","item":"https:\/\/tourtravelandmore.com\/fr\/tours\/"},{"@type":"ListItem","position":3,"name":"Visite priv\u00e9e \u00e0 Tol\u00e8de et S\u00e9govie au d\u00e9part de Madrid"}]},{"@type":"WebSite","@id":"https:\/\/tourtravelandmore.com\/fr\/#website","url":"https:\/\/tourtravelandmore.com\/fr\/","name":"Tour Travel And More","description":"Private sightseeing tours and luxury transfers in Spain","publisher":{"@id":"https:\/\/tourtravelandmore.com\/fr\/#organization"},"potentialAction":[{"@type":"SearchAction","target":{"@type":"EntryPoint","urlTemplate":"https:\/\/tourtravelandmore.com\/fr\/?s={search_term_string}"},"query-input":{"@type":"PropertyValueSpecification","valueRequired":true,"valueName":"search_term_string"}}],"inLanguage":"fr-FR"},{"@type":"Organization","@id":"https:\/\/tourtravelandmore.com\/fr\/#organization","name":"Tour Travel And More","url":"https:\/\/tourtravelandmore.com\/fr\/","logo":{"@type":"ImageObject","inLanguage":"fr-FR","@id":"https:\/\/tourtravelandmore.com\/fr\/#\/schema\/logo\/image\/","url":"https:\/\/tourtravelandmore.com\/wp-content\/uploads\/2022\/12\/cropped-logo-cabecera-new.png","contentUrl":"https:\/\/tourtravelandmore.com\/wp-content\/uploads\/2022\/12\/cropped-logo-cabecera-new.png","width":430,"height":61,"caption":"Tour Travel And More"},"image":{"@id":"https:\/\/tourtravelandmore.com\/fr\/#\/schema\/logo\/image\/"},"sameAs":["https:\/\/www.facebook.com\/tourtravelandmore\/","https:\/\/x.com\/TourTravel_More"]}]}},"_links":{"self":[{"href":"https:\/\/tourtravelandmore.com\/fr\/wp-json\/wp\/v2\/product\/98685","targetHints":{"allow":["GET"]}}],"collection":[{"href":"https:\/\/tourtravelandmore.com\/fr\/wp-json\/wp\/v2\/product"}],"about":[{"href":"https:\/\/tourtravelandmore.com\/fr\/wp-json\/wp\/v2\/types\/product"}],"replies":[{"embeddable":true,"href":"https:\/\/tourtravelandmore.com\/fr\/wp-json\/wp\/v2\/comments?post=98685"}],"wp:featuredmedia":[{"embeddable":true,"href":"https:\/\/tourtravelandmore.com\/fr\/wp-json\/wp\/v2\/media\/80993"}],"wp:attachment":[{"href":"https:\/\/tourtravelandmore.com\/fr\/wp-json\/wp\/v2\/media?parent=98685"}],"wp:term":[{"taxonomy":"product_brand","embeddable":true,"href":"https:\/\/tourtravelandmore.com\/fr\/wp-json\/wp\/v2\/product_brand?post=98685"},{"taxonomy":"product_cat","embeddable":true,"href":"https:\/\/tourtravelandmore.com\/fr\/wp-json\/wp\/v2\/product_cat?post=98685"},{"taxonomy":"product_tag","embeddable":true,"href":"https:\/\/tourtravelandmore.com\/fr\/wp-json\/wp\/v2\/product_tag?post=98685"}],"curies":[{"name":"wp","href":"https:\/\/api.w.org\/{rel}","templated":true}]}}