{"id":98676,"date":"2019-12-20T08:09:40","date_gmt":"2019-12-20T07:09:40","guid":{"rendered":"https:\/\/tourtravelandmore.com\/tours\/non%20class\u00e9\/visite-privee-de-salamanque-au-depart-de-madrid\/"},"modified":"2024-05-02T20:54:28","modified_gmt":"2024-05-02T18:54:28","slug":"visite-privee-de-salamanque-au-depart-de-madrid","status":"publish","type":"product","link":"https:\/\/tourtravelandmore.com\/fr\/tours\/espagne-fr\/madrid-fr\/tous-les-circuits-et-activites-prives\/visite-privee-de-salamanque-au-depart-de-madrid\/","title":{"rendered":"Visite priv\u00e9e de Salamanque au d\u00e9part de Madrid"},"content":{"rendered":"<h2>La description<\/h2>\n<p>Profitez de cette visite priv\u00e9e de Salamanque au d\u00e9part de Madrid. Il s&#8217;agit d&#8217;une excursion d&#8217;une journ\u00e9e compl\u00e8te qui vous emm\u00e8nera dans la ville unique de Salamanque.<\/p>\n<p>Si vous vivez ou pr\u00e9voyez de voyager \u00e0 Madrid, ne manquez pas cette occasion de d\u00e9couvrir l&#8217;une des villes historiques les plus belles et les plus int\u00e9ressantes d&#8217;Espagne. Une ville de Salamanque pleine de l\u00e9gendes et d&#8217;\u00e9v\u00e9nements mythiques.<\/p>\n<p>Embarquez pour un voyage exclusif de Madrid \u00e0 la ville historique de Salamanque avec Tour Travel &amp; More. Cette visite priv\u00e9e promet une exp\u00e9rience enrichissante, alliant le confort d&#8217;un voyage en voiture de luxe de 8 heures \u00e0 l&#8217;expertise d&#8217;un guide chevronn\u00e9. D\u00e9couvrez le charme intemporel de Salamanque, site class\u00e9 au patrimoine mondial de l&#8217;UNESCO et r\u00e9put\u00e9 pour ses merveilles architecturales et son riche patrimoine culturel.<\/p>\n<h2>Sites d&#8217;int\u00e9r\u00eat et monuments<\/h2>\n<p>Votre voyage commence par une prise en charge pratique \u00e0 votre h\u00f4tel ou \u00e0 l&#8217;endroit de votre choix \u00e0 Madrid. Installez-vous dans une voiture luxueuse dot\u00e9e d&#8217;\u00e9quipements modernes, garantissant une conduite confortable tout au long de l&#8217;excursion.<\/p>\n<p>Profitez des paysages pittoresques de la campagne espagnole pendant que vous vous dirigez vers Salamanque. Votre chauffeur bien inform\u00e9 naviguera sur l&#8217;itin\u00e9raire, vous donnant des informations sur les environs et les points d&#8217;int\u00e9r\u00eat notables le long du chemin.<\/p>\n<p>Admirez l&#8217;architecture impressionnante de la cath\u00e9drale de Salamanque, un chef-d&#8217;\u0153uvre du gothique et du baroque. Admirez ses fa\u00e7ades complexes, ses fl\u00e8ches \u00e9lanc\u00e9es et son int\u00e9rieur magnifique orn\u00e9 d&#8217;\u0153uvres d&#8217;art exquises.<\/p>\n<p>D\u00e9couvrez le c\u0153ur vibrant de Salamanque \u00e0 la Plaza Mayor, l&#8217;une des plus belles places d&#8217;Espagne. Profitez de l&#8217;atmosph\u00e8re anim\u00e9e en vous promenant sur la place, bord\u00e9e d&#8217;arcades \u00e9l\u00e9gantes, de caf\u00e9s charmants et de boutiques anim\u00e9es.<\/p>\n<p>Remontez le temps \u00e0 la prestigieuse universit\u00e9 de Salamanque, l&#8217;une des plus anciennes universit\u00e9s d&#8217;Europe. Explorez son campus historique, orn\u00e9 de fa\u00e7ades orn\u00e9es, de cours majestueuses et de la c\u00e9l\u00e8bre fa\u00e7ade plateresque des Escuelas Mayores.<\/p>\n<p>Plongez dans l&#8217;h\u00e9ritage acad\u00e9mique de Salamanque gr\u00e2ce \u00e0 un acc\u00e8s exclusif \u00e0 l&#8217;universit\u00e9. D\u00e9couvrez son pass\u00e9 illustre et son pr\u00e9sent dynamique en vous promenant dans ses salles sacr\u00e9es et en admirant ses tr\u00e9sors architecturaux.<\/p>\n<p>Apr\u00e8s une journ\u00e9e d&#8217;exploration bien remplie, d\u00e9tendez-vous sur le chemin du retour vers Madrid, en vous rem\u00e9morant vos exp\u00e9riences inoubliables \u00e0 Salamanque.<\/p>\n<p>Jetez un coup d&#8217;\u0153il \u00e0 nos visites priv\u00e9es \u00e0 Salamanque et \u00e0 nos visites priv\u00e9es au d\u00e9part de Madrid !<\/p>\n","protected":false},"excerpt":{"rendered":"<p>Visite priv\u00e9e de Salamanque au d\u00e9part de Madrid. V\u00e9hicule de luxe priv\u00e9 avec chauffeur pour une journ\u00e9e compl\u00e8te et guide officiel \u00e0 Salamanque pendant 3 heures. Profitez de la plaza mayor et des meilleurs quartiers de la c\u00e9l\u00e8bre ville de Salamanque.<\/p>\n","protected":false},"featured_media":81256,"comment_status":"open","ping_status":"closed","template":"","meta":{"_acf_changed":false},"product_brand":[],"product_cat":[5377,5378,5356,3541,3635,4028,4029],"product_tag":[],"class_list":{"0":"post-98676","1":"product","2":"type-product","3":"status-publish","4":"has-post-thumbnail","6":"product_cat-all-private-tours-activities-fr-29","7":"product_cat-private-day-trips-fr-18","8":"product_cat-private-sightseeing-tours-fr-38","9":"product_cat-espagne-fr","10":"product_cat-salamanca-fr","11":"product_cat-tous-les-circuits-et-activites-prives","12":"product_cat-excursions-privees-dune-journee","14":"first","15":"instock","16":"shipping-taxable","17":"purchasable","18":"product-type-simple"},"acf":[],"yoast_head":"<!-- This site is optimized with the Yoast SEO Premium plugin v25.3.1 (Yoast SEO v25.3.1) - https:\/\/yoast.com\/wordpress\/plugins\/seo\/ -->\n<title>Visite priv\u00e9e de Salamanque au d\u00e9part de Madrid - V\u00e9hicule de luxe priv\u00e9 avec chauffeur<\/title>\n<meta name=\"description\" content=\"Visite priv\u00e9e de Salamanque au d\u00e9part de Madrid. V\u00e9hicule de luxe priv\u00e9 avec chauffeur pour une journ\u00e9e compl\u00e8te et guide officiel \u00e0 Salamanque pendant 3 heures.\" \/>\n<meta name=\"robots\" content=\"index, follow, max-snippet:-1, max-image-preview:large, max-video-preview:-1\" \/>\n<link rel=\"canonical\" href=\"https:\/\/tourtravelandmore.com\/fr\/tours\/espagne-fr\/madrid-fr\/tous-les-circuits-et-activites-prives\/visite-privee-de-salamanque-au-depart-de-madrid\/\" \/>\n<meta property=\"og:locale\" content=\"fr_FR\" \/>\n<meta property=\"og:type\" content=\"article\" \/>\n<meta property=\"og:title\" content=\"Visite priv\u00e9e de Salamanque au d\u00e9part de Madrid\" \/>\n<meta property=\"og:description\" content=\"Visite priv\u00e9e de Salamanque au d\u00e9part de Madrid. V\u00e9hicule de luxe priv\u00e9 avec chauffeur pour une journ\u00e9e compl\u00e8te et guide officiel \u00e0 Salamanque pendant 3 heures.\" \/>\n<meta property=\"og:url\" content=\"https:\/\/tourtravelandmore.com\/fr\/tours\/espagne-fr\/madrid-fr\/tous-les-circuits-et-activites-prives\/visite-privee-de-salamanque-au-depart-de-madrid\/\" \/>\n<meta property=\"og:site_name\" content=\"Tour Travel And More\" \/>\n<meta property=\"article:publisher\" content=\"https:\/\/www.facebook.com\/tourtravelandmore\/\" \/>\n<meta property=\"article:modified_time\" content=\"2024-05-02T18:54:28+00:00\" \/>\n<meta property=\"og:image\" content=\"https:\/\/tourtravelandmore.com\/wp-content\/uploads\/2019\/12\/Universidad-Salamanca.jpg\" \/>\n\t<meta property=\"og:image:width\" content=\"918\" \/>\n\t<meta property=\"og:image:height\" content=\"603\" \/>\n\t<meta property=\"og:image:type\" content=\"image\/jpeg\" \/>\n<meta name=\"twitter:card\" content=\"summary_large_image\" \/>\n<meta name=\"twitter:site\" content=\"@TourTravel_More\" \/>\n<meta name=\"twitter:label1\" content=\"Dur\u00e9e de lecture estim\u00e9e\" \/>\n\t<meta name=\"twitter:data1\" content=\"2 minutes\" \/>\n<script type=\"application\/ld+json\" class=\"yoast-schema-graph\">{\"@context\":\"https:\/\/schema.org\",\"@graph\":[{\"@type\":\"WebPage\",\"@id\":\"https:\/\/tourtravelandmore.com\/fr\/tours\/espagne-fr\/madrid-fr\/tous-les-circuits-et-activites-prives\/visite-privee-de-salamanque-au-depart-de-madrid\/\",\"url\":\"https:\/\/tourtravelandmore.com\/fr\/tours\/espagne-fr\/madrid-fr\/tous-les-circuits-et-activites-prives\/visite-privee-de-salamanque-au-depart-de-madrid\/\",\"name\":\"Visite priv\u00e9e de Salamanque au d\u00e9part de Madrid - V\u00e9hicule de luxe priv\u00e9 avec chauffeur\",\"isPartOf\":{\"@id\":\"https:\/\/tourtravelandmore.com\/fr\/#website\"},\"primaryImageOfPage\":{\"@id\":\"https:\/\/tourtravelandmore.com\/fr\/tours\/espagne-fr\/madrid-fr\/tous-les-circuits-et-activites-prives\/visite-privee-de-salamanque-au-depart-de-madrid\/#primaryimage\"},\"image\":{\"@id\":\"https:\/\/tourtravelandmore.com\/fr\/tours\/espagne-fr\/madrid-fr\/tous-les-circuits-et-activites-prives\/visite-privee-de-salamanque-au-depart-de-madrid\/#primaryimage\"},\"thumbnailUrl\":\"https:\/\/tourtravelandmore.com\/wp-content\/uploads\/2019\/12\/Universidad-Salamanca.jpg\",\"datePublished\":\"2019-12-20T07:09:40+00:00\",\"dateModified\":\"2024-05-02T18:54:28+00:00\",\"description\":\"Visite priv\u00e9e de Salamanque au d\u00e9part de Madrid. V\u00e9hicule de luxe priv\u00e9 avec chauffeur pour une journ\u00e9e compl\u00e8te et guide officiel \u00e0 Salamanque pendant 3 heures.\",\"breadcrumb\":{\"@id\":\"https:\/\/tourtravelandmore.com\/fr\/tours\/espagne-fr\/madrid-fr\/tous-les-circuits-et-activites-prives\/visite-privee-de-salamanque-au-depart-de-madrid\/#breadcrumb\"},\"inLanguage\":\"fr-FR\",\"potentialAction\":[{\"@type\":\"ReadAction\",\"target\":[\"https:\/\/tourtravelandmore.com\/fr\/tours\/espagne-fr\/madrid-fr\/tous-les-circuits-et-activites-prives\/visite-privee-de-salamanque-au-depart-de-madrid\/\"]}]},{\"@type\":\"ImageObject\",\"inLanguage\":\"fr-FR\",\"@id\":\"https:\/\/tourtravelandmore.com\/fr\/tours\/espagne-fr\/madrid-fr\/tous-les-circuits-et-activites-prives\/visite-privee-de-salamanque-au-depart-de-madrid\/#primaryimage\",\"url\":\"https:\/\/tourtravelandmore.com\/wp-content\/uploads\/2019\/12\/Universidad-Salamanca.jpg\",\"contentUrl\":\"https:\/\/tourtravelandmore.com\/wp-content\/uploads\/2019\/12\/Universidad-Salamanca.jpg\",\"width\":918,\"height\":603,\"caption\":\"Universidad de Salamanca\"},{\"@type\":\"BreadcrumbList\",\"@id\":\"https:\/\/tourtravelandmore.com\/fr\/tours\/espagne-fr\/madrid-fr\/tous-les-circuits-et-activites-prives\/visite-privee-de-salamanque-au-depart-de-madrid\/#breadcrumb\",\"itemListElement\":[{\"@type\":\"ListItem\",\"position\":1,\"name\":\"Home\",\"item\":\"https:\/\/tourtravelandmore.com\/fr\/\"},{\"@type\":\"ListItem\",\"position\":2,\"name\":\"Tours\",\"item\":\"https:\/\/tourtravelandmore.com\/fr\/tours\/\"},{\"@type\":\"ListItem\",\"position\":3,\"name\":\"Visite priv\u00e9e de Salamanque au d\u00e9part de Madrid\"}]},{\"@type\":\"WebSite\",\"@id\":\"https:\/\/tourtravelandmore.com\/fr\/#website\",\"url\":\"https:\/\/tourtravelandmore.com\/fr\/\",\"name\":\"Tour Travel And More\",\"description\":\"Private sightseeing tours and luxury transfers in Spain\",\"publisher\":{\"@id\":\"https:\/\/tourtravelandmore.com\/fr\/#organization\"},\"potentialAction\":[{\"@type\":\"SearchAction\",\"target\":{\"@type\":\"EntryPoint\",\"urlTemplate\":\"https:\/\/tourtravelandmore.com\/fr\/?s={search_term_string}\"},\"query-input\":{\"@type\":\"PropertyValueSpecification\",\"valueRequired\":true,\"valueName\":\"search_term_string\"}}],\"inLanguage\":\"fr-FR\"},{\"@type\":\"Organization\",\"@id\":\"https:\/\/tourtravelandmore.com\/fr\/#organization\",\"name\":\"Tour Travel And More\",\"url\":\"https:\/\/tourtravelandmore.com\/fr\/\",\"logo\":{\"@type\":\"ImageObject\",\"inLanguage\":\"fr-FR\",\"@id\":\"https:\/\/tourtravelandmore.com\/fr\/#\/schema\/logo\/image\/\",\"url\":\"https:\/\/tourtravelandmore.com\/wp-content\/uploads\/2022\/12\/cropped-logo-cabecera-new.png\",\"contentUrl\":\"https:\/\/tourtravelandmore.com\/wp-content\/uploads\/2022\/12\/cropped-logo-cabecera-new.png\",\"width\":430,\"height\":61,\"caption\":\"Tour Travel And More\"},\"image\":{\"@id\":\"https:\/\/tourtravelandmore.com\/fr\/#\/schema\/logo\/image\/\"},\"sameAs\":[\"https:\/\/www.facebook.com\/tourtravelandmore\/\",\"https:\/\/x.com\/TourTravel_More\"]}]}<\/script>\n<!-- \/ Yoast SEO Premium plugin. -->","yoast_head_json":{"title":"Visite priv\u00e9e de Salamanque au d\u00e9part de Madrid - V\u00e9hicule de luxe priv\u00e9 avec chauffeur","description":"Visite priv\u00e9e de Salamanque au d\u00e9part de Madrid. V\u00e9hicule de luxe priv\u00e9 avec chauffeur pour une journ\u00e9e compl\u00e8te et guide officiel \u00e0 Salamanque pendant 3 heures.","robots":{"index":"index","follow":"follow","max-snippet":"max-snippet:-1","max-image-preview":"max-image-preview:large","max-video-preview":"max-video-preview:-1"},"canonical":"https:\/\/tourtravelandmore.com\/fr\/tours\/espagne-fr\/madrid-fr\/tous-les-circuits-et-activites-prives\/visite-privee-de-salamanque-au-depart-de-madrid\/","og_locale":"fr_FR","og_type":"article","og_title":"Visite priv\u00e9e de Salamanque au d\u00e9part de Madrid","og_description":"Visite priv\u00e9e de Salamanque au d\u00e9part de Madrid. V\u00e9hicule de luxe priv\u00e9 avec chauffeur pour une journ\u00e9e compl\u00e8te et guide officiel \u00e0 Salamanque pendant 3 heures.","og_url":"https:\/\/tourtravelandmore.com\/fr\/tours\/espagne-fr\/madrid-fr\/tous-les-circuits-et-activites-prives\/visite-privee-de-salamanque-au-depart-de-madrid\/","og_site_name":"Tour Travel And More","article_publisher":"https:\/\/www.facebook.com\/tourtravelandmore\/","article_modified_time":"2024-05-02T18:54:28+00:00","og_image":[{"width":918,"height":603,"url":"https:\/\/tourtravelandmore.com\/wp-content\/uploads\/2019\/12\/Universidad-Salamanca.jpg","type":"image\/jpeg"}],"twitter_card":"summary_large_image","twitter_site":"@TourTravel_More","twitter_misc":{"Dur\u00e9e de lecture estim\u00e9e":"2 minutes"},"schema":{"@context":"https:\/\/schema.org","@graph":[{"@type":"WebPage","@id":"https:\/\/tourtravelandmore.com\/fr\/tours\/espagne-fr\/madrid-fr\/tous-les-circuits-et-activites-prives\/visite-privee-de-salamanque-au-depart-de-madrid\/","url":"https:\/\/tourtravelandmore.com\/fr\/tours\/espagne-fr\/madrid-fr\/tous-les-circuits-et-activites-prives\/visite-privee-de-salamanque-au-depart-de-madrid\/","name":"Visite priv\u00e9e de Salamanque au d\u00e9part de Madrid - V\u00e9hicule de luxe priv\u00e9 avec chauffeur","isPartOf":{"@id":"https:\/\/tourtravelandmore.com\/fr\/#website"},"primaryImageOfPage":{"@id":"https:\/\/tourtravelandmore.com\/fr\/tours\/espagne-fr\/madrid-fr\/tous-les-circuits-et-activites-prives\/visite-privee-de-salamanque-au-depart-de-madrid\/#primaryimage"},"image":{"@id":"https:\/\/tourtravelandmore.com\/fr\/tours\/espagne-fr\/madrid-fr\/tous-les-circuits-et-activites-prives\/visite-privee-de-salamanque-au-depart-de-madrid\/#primaryimage"},"thumbnailUrl":"https:\/\/tourtravelandmore.com\/wp-content\/uploads\/2019\/12\/Universidad-Salamanca.jpg","datePublished":"2019-12-20T07:09:40+00:00","dateModified":"2024-05-02T18:54:28+00:00","description":"Visite priv\u00e9e de Salamanque au d\u00e9part de Madrid. V\u00e9hicule de luxe priv\u00e9 avec chauffeur pour une journ\u00e9e compl\u00e8te et guide officiel \u00e0 Salamanque pendant 3 heures.","breadcrumb":{"@id":"https:\/\/tourtravelandmore.com\/fr\/tours\/espagne-fr\/madrid-fr\/tous-les-circuits-et-activites-prives\/visite-privee-de-salamanque-au-depart-de-madrid\/#breadcrumb"},"inLanguage":"fr-FR","potentialAction":[{"@type":"ReadAction","target":["https:\/\/tourtravelandmore.com\/fr\/tours\/espagne-fr\/madrid-fr\/tous-les-circuits-et-activites-prives\/visite-privee-de-salamanque-au-depart-de-madrid\/"]}]},{"@type":"ImageObject","inLanguage":"fr-FR","@id":"https:\/\/tourtravelandmore.com\/fr\/tours\/espagne-fr\/madrid-fr\/tous-les-circuits-et-activites-prives\/visite-privee-de-salamanque-au-depart-de-madrid\/#primaryimage","url":"https:\/\/tourtravelandmore.com\/wp-content\/uploads\/2019\/12\/Universidad-Salamanca.jpg","contentUrl":"https:\/\/tourtravelandmore.com\/wp-content\/uploads\/2019\/12\/Universidad-Salamanca.jpg","width":918,"height":603,"caption":"Universidad de Salamanca"},{"@type":"BreadcrumbList","@id":"https:\/\/tourtravelandmore.com\/fr\/tours\/espagne-fr\/madrid-fr\/tous-les-circuits-et-activites-prives\/visite-privee-de-salamanque-au-depart-de-madrid\/#breadcrumb","itemListElement":[{"@type":"ListItem","position":1,"name":"Home","item":"https:\/\/tourtravelandmore.com\/fr\/"},{"@type":"ListItem","position":2,"name":"Tours","item":"https:\/\/tourtravelandmore.com\/fr\/tours\/"},{"@type":"ListItem","position":3,"name":"Visite priv\u00e9e de Salamanque au d\u00e9part de Madrid"}]},{"@type":"WebSite","@id":"https:\/\/tourtravelandmore.com\/fr\/#website","url":"https:\/\/tourtravelandmore.com\/fr\/","name":"Tour Travel And More","description":"Private sightseeing tours and luxury transfers in Spain","publisher":{"@id":"https:\/\/tourtravelandmore.com\/fr\/#organization"},"potentialAction":[{"@type":"SearchAction","target":{"@type":"EntryPoint","urlTemplate":"https:\/\/tourtravelandmore.com\/fr\/?s={search_term_string}"},"query-input":{"@type":"PropertyValueSpecification","valueRequired":true,"valueName":"search_term_string"}}],"inLanguage":"fr-FR"},{"@type":"Organization","@id":"https:\/\/tourtravelandmore.com\/fr\/#organization","name":"Tour Travel And More","url":"https:\/\/tourtravelandmore.com\/fr\/","logo":{"@type":"ImageObject","inLanguage":"fr-FR","@id":"https:\/\/tourtravelandmore.com\/fr\/#\/schema\/logo\/image\/","url":"https:\/\/tourtravelandmore.com\/wp-content\/uploads\/2022\/12\/cropped-logo-cabecera-new.png","contentUrl":"https:\/\/tourtravelandmore.com\/wp-content\/uploads\/2022\/12\/cropped-logo-cabecera-new.png","width":430,"height":61,"caption":"Tour Travel And More"},"image":{"@id":"https:\/\/tourtravelandmore.com\/fr\/#\/schema\/logo\/image\/"},"sameAs":["https:\/\/www.facebook.com\/tourtravelandmore\/","https:\/\/x.com\/TourTravel_More"]}]}},"_links":{"self":[{"href":"https:\/\/tourtravelandmore.com\/fr\/wp-json\/wp\/v2\/product\/98676","targetHints":{"allow":["GET"]}}],"collection":[{"href":"https:\/\/tourtravelandmore.com\/fr\/wp-json\/wp\/v2\/product"}],"about":[{"href":"https:\/\/tourtravelandmore.com\/fr\/wp-json\/wp\/v2\/types\/product"}],"replies":[{"embeddable":true,"href":"https:\/\/tourtravelandmore.com\/fr\/wp-json\/wp\/v2\/comments?post=98676"}],"wp:featuredmedia":[{"embeddable":true,"href":"https:\/\/tourtravelandmore.com\/fr\/wp-json\/wp\/v2\/media\/81256"}],"wp:attachment":[{"href":"https:\/\/tourtravelandmore.com\/fr\/wp-json\/wp\/v2\/media?parent=98676"}],"wp:term":[{"taxonomy":"product_brand","embeddable":true,"href":"https:\/\/tourtravelandmore.com\/fr\/wp-json\/wp\/v2\/product_brand?post=98676"},{"taxonomy":"product_cat","embeddable":true,"href":"https:\/\/tourtravelandmore.com\/fr\/wp-json\/wp\/v2\/product_cat?post=98676"},{"taxonomy":"product_tag","embeddable":true,"href":"https:\/\/tourtravelandmore.com\/fr\/wp-json\/wp\/v2\/product_tag?post=98676"}],"curies":[{"name":"wp","href":"https:\/\/api.w.org\/{rel}","templated":true}]}}