{"id":98668,"date":"2020-07-06T11:37:58","date_gmt":"2020-07-06T09:37:58","guid":{"rendered":"https:\/\/tourtravelandmore.com\/tours\/non%20class\u00e9\/visite-privee-davila-et-de-segovie-au-depart-de-madrid\/"},"modified":"2024-05-02T19:49:52","modified_gmt":"2024-05-02T17:49:52","slug":"visite-privee-davila-et-de-segovie-au-depart-de-madrid","status":"publish","type":"product","link":"https:\/\/tourtravelandmore.com\/fr\/tours\/espagne-fr\/segovia-fr\/excursions-privees-dune-journee-fr\/visite-privee-davila-et-de-segovie-au-depart-de-madrid\/","title":{"rendered":"Visite priv\u00e9e d&#8217;Avila et de S\u00e9govie au d\u00e9part de Madrid"},"content":{"rendered":"<h2>La description<\/h2>\n<p>Profitez de cette option d&#8217;une journ\u00e9e compl\u00e8te pour visiter Avila et S\u00e9govie lors de cette visite priv\u00e9e. C&#8217;est une exp\u00e9rience d&#8217;une journ\u00e9e compl\u00e8te pour vous faire d\u00e9couvrir l&#8217;histoire d&#8217;Avila et de S\u00e9govie.<\/p>\n<p>Les deux villes sont situ\u00e9es non loin du centre-ville de Madrid. Nous atteindrons d&#8217;abord S\u00e9govie dans environ 1 heure. Une fois arriv\u00e9s \u00e0 S\u00e9govie, vous profiterez d&#8217;une visite guid\u00e9e \u00e0 pied de 2 heures avec votre guide officiel priv\u00e9. La majeure partie du centre-ville de S\u00e9govie se fait \u00e0 pied. Vous aurez plus tard le temps de manger avant de nous diriger vers Avila. Vous pourrez d\u00e9guster le d\u00e9licieux porcelet si typique de S\u00e9govie pour votre pause d\u00e9jeuner!<\/p>\n<p>Apr\u00e8s avoir quitt\u00e9 S\u00e9govie, nous nous dirigerons vers Avila. Le trajet jusqu&#8217;\u00e0 Avila prendra environ 1 heure depuis S\u00e9govie. Une fois \u00e0 Avila, vous profiterez d&#8217;une visite \u00e0 pied de 2 heures d&#8217;Avila.<\/p>\n<p>Nous vous ram\u00e8nerons ensuite confortablement vers votre h\u00f4tel \u00e0 Madrid.<\/p>\n<h2>Sites d&#8217;int\u00e9r\u00eat et monuments<\/h2>\n<p>Cette excursion priv\u00e9e d&#8217;une journ\u00e9e comprendra les meilleurs sites d&#8217;Avila ainsi que de S\u00e9govie.<\/p>\n<p>Notre premier arr\u00eat sera S\u00e9govie. Il y a tellement de choses \u00e0 voir et \u00e0 appr\u00e9cier dans cette ville historique. Voici quelques exemples de ce que S\u00e9govie a \u00e0 offrir:<\/p>\n<ul>\n<li><strong>Aqueduc de S\u00e9govie. C&#8217;est un incontournable \u00e0 visiter. C&#8217;est l&#8217;ic\u00f4ne de S\u00e9govie. C&#8217;est un endroit vraiment remarquable \u00e0 visiter.<\/strong><\/li>\n<li><strong>Admirez l&#8217;Alcazar de S\u00e9govie. C&#8217;est un palais qui a des origines romaines et mauresques. Super arr\u00eat photo et souvenirs uniques \u00e0 rapporter \u00e0 la maison!<\/strong><\/li>\n<li><strong>Cath\u00e9drale de S\u00e9govie: Nouvelle cath\u00e9drale construite dans l&#8217;ancien quartier juif de S\u00e9govie.<\/strong><\/li>\n<li><strong>Murailles de S\u00e9govie<\/strong><\/li>\n<li><strong>Calle Real de Segovia<\/strong><\/li>\n<li><strong>Beaucoup plus!<\/strong><\/li>\n<\/ul>\n<p>Une fois que vous avez mang\u00e9 rapidement. Nous nous dirigerons vers Avila. Avila est \u00e9galement une ville m\u00e9di\u00e9vale, avec des murs m\u00e9di\u00e9vaux uniques. Voici quelques monuments que vous appr\u00e9cierez:<\/p>\n<ul>\n<li><strong>Les murs: murs class\u00e9s au patrimoine mondial de l&#8217;UNESCO situ\u00e9s \u00e0 Avila. Ces murs sont connus pour leurs d\u00e9fenses strat\u00e9giques. Il y a des murs de 3 m\u00e8tres d&#8217;\u00e9paisseur et le p\u00e9rim\u00e8tre des murs est de 2,5 kilom\u00e8tres! Une vraie merveille \u00e0 visiter.<\/strong><br \/>\n<strong>Gates of the Walls et bien plus encore!<\/strong><\/li>\n<li><strong>Les Postes Cuatro. Il s&#8217;agit d&#8217;un site de p\u00e8lerinage situ\u00e9 \u00e0 proximit\u00e9 de la ville.<\/strong><\/li>\n<li><strong>Basilique de San Vicente: architecture romane situ\u00e9e \u00e0 Avila.<\/strong><\/li>\n<li><strong>Real Monasterio de Santo Tomas<\/strong><\/li>\n<li><strong>Convento de Santa Teresa. Ce monument est d\u00e9di\u00e9 au saint le plus c\u00e9l\u00e8bre d&#8217;Avila. Santa Teresa.<\/strong><\/li>\n<li><strong>Vieille ville d&#8217;Avila<\/strong><\/li>\n<li><strong>Beaucoup plus!<\/strong><\/li>\n<\/ul>\n<p>Nous vous reconduirons ensuite confortablement \u00e0 votre h\u00f4tel \u00e0 Madrid avec votre chauffeur priv\u00e9.<\/p>\n<p>Consultez \u00e9galement notre excursion d&#8217;une journ\u00e9e \u00e0 Tol\u00e8de!<\/p>\n","protected":false},"excerpt":{"rendered":"<p>Exp\u00e9rience d&#8217;une journ\u00e9e compl\u00e8te \u00e0 Avila et Segovia Private Tour. V\u00e9hicule de luxe priv\u00e9 avec chauffeur et guide s\u00e9par\u00e9 \u00e0 Avila pendant 2 heures et \u00e0 S\u00e9govie pendant 2 heures. Moyen id\u00e9al pour conna\u00eetre S\u00e9govie et Avila.<\/p>\n","protected":false},"featured_media":80967,"comment_status":"open","ping_status":"closed","template":"","meta":{"_acf_changed":false},"product_brand":[],"product_cat":[5357,5358,5356,3562,3543,4028,4029,4031,4032,4030],"product_tag":[],"class_list":{"0":"post-98668","1":"product","2":"type-product","3":"status-publish","4":"has-post-thumbnail","6":"product_cat-best-sellers-fr-2","7":"product_cat-private-day-trips-fr-16","8":"product_cat-private-sightseeing-tours-fr-38","9":"product_cat-avila","10":"product_cat-madrid-fr","11":"product_cat-tous-les-circuits-et-activites-prives","12":"product_cat-excursions-privees-dune-journee","13":"product_cat-tous-les-circuits-et-activites-prives-fr","14":"product_cat-visites-guidees-privees","15":"product_cat-excursions-privees-dune-journee-fr","17":"first","18":"instock","19":"shipping-taxable","20":"purchasable","21":"product-type-simple"},"acf":[],"yoast_head":"<!-- This site is optimized with the Yoast SEO Premium plugin v25.3.1 (Yoast SEO v25.3.1) - https:\/\/yoast.com\/wordpress\/plugins\/seo\/ -->\n<title>V\u00e9hicule de luxe et guide touristique<\/title>\n<meta name=\"description\" content=\"Journ\u00e9e compl\u00e8te \u00e0 Avila et Segovia Private Tour. V\u00e9hicule de luxe priv\u00e9 avec chauffeur et guide s\u00e9par\u00e9 \u00e0 Avila pendant 2 heures et \u00e0 S\u00e9govie pendant 3 heures.\" \/>\n<meta name=\"robots\" content=\"index, follow, max-snippet:-1, max-image-preview:large, max-video-preview:-1\" \/>\n<link rel=\"canonical\" href=\"https:\/\/tourtravelandmore.com\/fr\/tours\/espagne-fr\/segovia-fr\/excursions-privees-dune-journee-fr\/visite-privee-davila-et-de-segovie-au-depart-de-madrid\/\" \/>\n<meta property=\"og:locale\" content=\"fr_FR\" \/>\n<meta property=\"og:type\" content=\"article\" \/>\n<meta property=\"og:title\" content=\"Visite priv\u00e9e d&#039;Avila et de S\u00e9govie au d\u00e9part de Madrid\" \/>\n<meta property=\"og:description\" content=\"Journ\u00e9e compl\u00e8te \u00e0 Avila et Segovia Private Tour. V\u00e9hicule de luxe priv\u00e9 avec chauffeur et guide s\u00e9par\u00e9 \u00e0 Avila pendant 2 heures et \u00e0 S\u00e9govie pendant 3 heures.\" \/>\n<meta property=\"og:url\" content=\"https:\/\/tourtravelandmore.com\/fr\/tours\/espagne-fr\/segovia-fr\/excursions-privees-dune-journee-fr\/visite-privee-davila-et-de-segovie-au-depart-de-madrid\/\" \/>\n<meta property=\"og:site_name\" content=\"Tour Travel And More\" \/>\n<meta property=\"article:publisher\" content=\"https:\/\/www.facebook.com\/tourtravelandmore\/\" \/>\n<meta property=\"article:modified_time\" content=\"2024-05-02T17:49:52+00:00\" \/>\n<meta property=\"og:image\" content=\"https:\/\/tourtravelandmore.com\/wp-content\/uploads\/2020\/07\/Segovia4.jpg\" \/>\n\t<meta property=\"og:image:width\" content=\"960\" \/>\n\t<meta property=\"og:image:height\" content=\"640\" \/>\n\t<meta property=\"og:image:type\" content=\"image\/jpeg\" \/>\n<meta name=\"twitter:card\" content=\"summary_large_image\" \/>\n<meta name=\"twitter:site\" content=\"@TourTravel_More\" \/>\n<meta name=\"twitter:label1\" content=\"Dur\u00e9e de lecture estim\u00e9e\" \/>\n\t<meta name=\"twitter:data1\" content=\"2 minutes\" \/>\n<script type=\"application\/ld+json\" class=\"yoast-schema-graph\">{\"@context\":\"https:\/\/schema.org\",\"@graph\":[{\"@type\":\"WebPage\",\"@id\":\"https:\/\/tourtravelandmore.com\/fr\/tours\/espagne-fr\/segovia-fr\/excursions-privees-dune-journee-fr\/visite-privee-davila-et-de-segovie-au-depart-de-madrid\/\",\"url\":\"https:\/\/tourtravelandmore.com\/fr\/tours\/espagne-fr\/segovia-fr\/excursions-privees-dune-journee-fr\/visite-privee-davila-et-de-segovie-au-depart-de-madrid\/\",\"name\":\"V\u00e9hicule de luxe et guide touristique\",\"isPartOf\":{\"@id\":\"https:\/\/tourtravelandmore.com\/fr\/#website\"},\"primaryImageOfPage\":{\"@id\":\"https:\/\/tourtravelandmore.com\/fr\/tours\/espagne-fr\/segovia-fr\/excursions-privees-dune-journee-fr\/visite-privee-davila-et-de-segovie-au-depart-de-madrid\/#primaryimage\"},\"image\":{\"@id\":\"https:\/\/tourtravelandmore.com\/fr\/tours\/espagne-fr\/segovia-fr\/excursions-privees-dune-journee-fr\/visite-privee-davila-et-de-segovie-au-depart-de-madrid\/#primaryimage\"},\"thumbnailUrl\":\"https:\/\/tourtravelandmore.com\/wp-content\/uploads\/2020\/07\/Segovia4.jpg\",\"datePublished\":\"2020-07-06T09:37:58+00:00\",\"dateModified\":\"2024-05-02T17:49:52+00:00\",\"description\":\"Journ\u00e9e compl\u00e8te \u00e0 Avila et Segovia Private Tour. V\u00e9hicule de luxe priv\u00e9 avec chauffeur et guide s\u00e9par\u00e9 \u00e0 Avila pendant 2 heures et \u00e0 S\u00e9govie pendant 3 heures.\",\"breadcrumb\":{\"@id\":\"https:\/\/tourtravelandmore.com\/fr\/tours\/espagne-fr\/segovia-fr\/excursions-privees-dune-journee-fr\/visite-privee-davila-et-de-segovie-au-depart-de-madrid\/#breadcrumb\"},\"inLanguage\":\"fr-FR\",\"potentialAction\":[{\"@type\":\"ReadAction\",\"target\":[\"https:\/\/tourtravelandmore.com\/fr\/tours\/espagne-fr\/segovia-fr\/excursions-privees-dune-journee-fr\/visite-privee-davila-et-de-segovie-au-depart-de-madrid\/\"]}]},{\"@type\":\"ImageObject\",\"inLanguage\":\"fr-FR\",\"@id\":\"https:\/\/tourtravelandmore.com\/fr\/tours\/espagne-fr\/segovia-fr\/excursions-privees-dune-journee-fr\/visite-privee-davila-et-de-segovie-au-depart-de-madrid\/#primaryimage\",\"url\":\"https:\/\/tourtravelandmore.com\/wp-content\/uploads\/2020\/07\/Segovia4.jpg\",\"contentUrl\":\"https:\/\/tourtravelandmore.com\/wp-content\/uploads\/2020\/07\/Segovia4.jpg\",\"width\":960,\"height\":640},{\"@type\":\"BreadcrumbList\",\"@id\":\"https:\/\/tourtravelandmore.com\/fr\/tours\/espagne-fr\/segovia-fr\/excursions-privees-dune-journee-fr\/visite-privee-davila-et-de-segovie-au-depart-de-madrid\/#breadcrumb\",\"itemListElement\":[{\"@type\":\"ListItem\",\"position\":1,\"name\":\"Home\",\"item\":\"https:\/\/tourtravelandmore.com\/fr\/\"},{\"@type\":\"ListItem\",\"position\":2,\"name\":\"Tours\",\"item\":\"https:\/\/tourtravelandmore.com\/fr\/tours\/\"},{\"@type\":\"ListItem\",\"position\":3,\"name\":\"Visite priv\u00e9e d&#8217;Avila et de S\u00e9govie au d\u00e9part de Madrid\"}]},{\"@type\":\"WebSite\",\"@id\":\"https:\/\/tourtravelandmore.com\/fr\/#website\",\"url\":\"https:\/\/tourtravelandmore.com\/fr\/\",\"name\":\"Tour Travel And More\",\"description\":\"Private sightseeing tours and luxury transfers in Spain\",\"publisher\":{\"@id\":\"https:\/\/tourtravelandmore.com\/fr\/#organization\"},\"potentialAction\":[{\"@type\":\"SearchAction\",\"target\":{\"@type\":\"EntryPoint\",\"urlTemplate\":\"https:\/\/tourtravelandmore.com\/fr\/?s={search_term_string}\"},\"query-input\":{\"@type\":\"PropertyValueSpecification\",\"valueRequired\":true,\"valueName\":\"search_term_string\"}}],\"inLanguage\":\"fr-FR\"},{\"@type\":\"Organization\",\"@id\":\"https:\/\/tourtravelandmore.com\/fr\/#organization\",\"name\":\"Tour Travel And More\",\"url\":\"https:\/\/tourtravelandmore.com\/fr\/\",\"logo\":{\"@type\":\"ImageObject\",\"inLanguage\":\"fr-FR\",\"@id\":\"https:\/\/tourtravelandmore.com\/fr\/#\/schema\/logo\/image\/\",\"url\":\"https:\/\/tourtravelandmore.com\/wp-content\/uploads\/2022\/12\/cropped-logo-cabecera-new.png\",\"contentUrl\":\"https:\/\/tourtravelandmore.com\/wp-content\/uploads\/2022\/12\/cropped-logo-cabecera-new.png\",\"width\":430,\"height\":61,\"caption\":\"Tour Travel And More\"},\"image\":{\"@id\":\"https:\/\/tourtravelandmore.com\/fr\/#\/schema\/logo\/image\/\"},\"sameAs\":[\"https:\/\/www.facebook.com\/tourtravelandmore\/\",\"https:\/\/x.com\/TourTravel_More\"]}]}<\/script>\n<!-- \/ Yoast SEO Premium plugin. -->","yoast_head_json":{"title":"V\u00e9hicule de luxe et guide touristique","description":"Journ\u00e9e compl\u00e8te \u00e0 Avila et Segovia Private Tour. V\u00e9hicule de luxe priv\u00e9 avec chauffeur et guide s\u00e9par\u00e9 \u00e0 Avila pendant 2 heures et \u00e0 S\u00e9govie pendant 3 heures.","robots":{"index":"index","follow":"follow","max-snippet":"max-snippet:-1","max-image-preview":"max-image-preview:large","max-video-preview":"max-video-preview:-1"},"canonical":"https:\/\/tourtravelandmore.com\/fr\/tours\/espagne-fr\/segovia-fr\/excursions-privees-dune-journee-fr\/visite-privee-davila-et-de-segovie-au-depart-de-madrid\/","og_locale":"fr_FR","og_type":"article","og_title":"Visite priv\u00e9e d'Avila et de S\u00e9govie au d\u00e9part de Madrid","og_description":"Journ\u00e9e compl\u00e8te \u00e0 Avila et Segovia Private Tour. V\u00e9hicule de luxe priv\u00e9 avec chauffeur et guide s\u00e9par\u00e9 \u00e0 Avila pendant 2 heures et \u00e0 S\u00e9govie pendant 3 heures.","og_url":"https:\/\/tourtravelandmore.com\/fr\/tours\/espagne-fr\/segovia-fr\/excursions-privees-dune-journee-fr\/visite-privee-davila-et-de-segovie-au-depart-de-madrid\/","og_site_name":"Tour Travel And More","article_publisher":"https:\/\/www.facebook.com\/tourtravelandmore\/","article_modified_time":"2024-05-02T17:49:52+00:00","og_image":[{"width":960,"height":640,"url":"https:\/\/tourtravelandmore.com\/wp-content\/uploads\/2020\/07\/Segovia4.jpg","type":"image\/jpeg"}],"twitter_card":"summary_large_image","twitter_site":"@TourTravel_More","twitter_misc":{"Dur\u00e9e de lecture estim\u00e9e":"2 minutes"},"schema":{"@context":"https:\/\/schema.org","@graph":[{"@type":"WebPage","@id":"https:\/\/tourtravelandmore.com\/fr\/tours\/espagne-fr\/segovia-fr\/excursions-privees-dune-journee-fr\/visite-privee-davila-et-de-segovie-au-depart-de-madrid\/","url":"https:\/\/tourtravelandmore.com\/fr\/tours\/espagne-fr\/segovia-fr\/excursions-privees-dune-journee-fr\/visite-privee-davila-et-de-segovie-au-depart-de-madrid\/","name":"V\u00e9hicule de luxe et guide touristique","isPartOf":{"@id":"https:\/\/tourtravelandmore.com\/fr\/#website"},"primaryImageOfPage":{"@id":"https:\/\/tourtravelandmore.com\/fr\/tours\/espagne-fr\/segovia-fr\/excursions-privees-dune-journee-fr\/visite-privee-davila-et-de-segovie-au-depart-de-madrid\/#primaryimage"},"image":{"@id":"https:\/\/tourtravelandmore.com\/fr\/tours\/espagne-fr\/segovia-fr\/excursions-privees-dune-journee-fr\/visite-privee-davila-et-de-segovie-au-depart-de-madrid\/#primaryimage"},"thumbnailUrl":"https:\/\/tourtravelandmore.com\/wp-content\/uploads\/2020\/07\/Segovia4.jpg","datePublished":"2020-07-06T09:37:58+00:00","dateModified":"2024-05-02T17:49:52+00:00","description":"Journ\u00e9e compl\u00e8te \u00e0 Avila et Segovia Private Tour. V\u00e9hicule de luxe priv\u00e9 avec chauffeur et guide s\u00e9par\u00e9 \u00e0 Avila pendant 2 heures et \u00e0 S\u00e9govie pendant 3 heures.","breadcrumb":{"@id":"https:\/\/tourtravelandmore.com\/fr\/tours\/espagne-fr\/segovia-fr\/excursions-privees-dune-journee-fr\/visite-privee-davila-et-de-segovie-au-depart-de-madrid\/#breadcrumb"},"inLanguage":"fr-FR","potentialAction":[{"@type":"ReadAction","target":["https:\/\/tourtravelandmore.com\/fr\/tours\/espagne-fr\/segovia-fr\/excursions-privees-dune-journee-fr\/visite-privee-davila-et-de-segovie-au-depart-de-madrid\/"]}]},{"@type":"ImageObject","inLanguage":"fr-FR","@id":"https:\/\/tourtravelandmore.com\/fr\/tours\/espagne-fr\/segovia-fr\/excursions-privees-dune-journee-fr\/visite-privee-davila-et-de-segovie-au-depart-de-madrid\/#primaryimage","url":"https:\/\/tourtravelandmore.com\/wp-content\/uploads\/2020\/07\/Segovia4.jpg","contentUrl":"https:\/\/tourtravelandmore.com\/wp-content\/uploads\/2020\/07\/Segovia4.jpg","width":960,"height":640},{"@type":"BreadcrumbList","@id":"https:\/\/tourtravelandmore.com\/fr\/tours\/espagne-fr\/segovia-fr\/excursions-privees-dune-journee-fr\/visite-privee-davila-et-de-segovie-au-depart-de-madrid\/#breadcrumb","itemListElement":[{"@type":"ListItem","position":1,"name":"Home","item":"https:\/\/tourtravelandmore.com\/fr\/"},{"@type":"ListItem","position":2,"name":"Tours","item":"https:\/\/tourtravelandmore.com\/fr\/tours\/"},{"@type":"ListItem","position":3,"name":"Visite priv\u00e9e d&#8217;Avila et de S\u00e9govie au d\u00e9part de Madrid"}]},{"@type":"WebSite","@id":"https:\/\/tourtravelandmore.com\/fr\/#website","url":"https:\/\/tourtravelandmore.com\/fr\/","name":"Tour Travel And More","description":"Private sightseeing tours and luxury transfers in Spain","publisher":{"@id":"https:\/\/tourtravelandmore.com\/fr\/#organization"},"potentialAction":[{"@type":"SearchAction","target":{"@type":"EntryPoint","urlTemplate":"https:\/\/tourtravelandmore.com\/fr\/?s={search_term_string}"},"query-input":{"@type":"PropertyValueSpecification","valueRequired":true,"valueName":"search_term_string"}}],"inLanguage":"fr-FR"},{"@type":"Organization","@id":"https:\/\/tourtravelandmore.com\/fr\/#organization","name":"Tour Travel And More","url":"https:\/\/tourtravelandmore.com\/fr\/","logo":{"@type":"ImageObject","inLanguage":"fr-FR","@id":"https:\/\/tourtravelandmore.com\/fr\/#\/schema\/logo\/image\/","url":"https:\/\/tourtravelandmore.com\/wp-content\/uploads\/2022\/12\/cropped-logo-cabecera-new.png","contentUrl":"https:\/\/tourtravelandmore.com\/wp-content\/uploads\/2022\/12\/cropped-logo-cabecera-new.png","width":430,"height":61,"caption":"Tour Travel And More"},"image":{"@id":"https:\/\/tourtravelandmore.com\/fr\/#\/schema\/logo\/image\/"},"sameAs":["https:\/\/www.facebook.com\/tourtravelandmore\/","https:\/\/x.com\/TourTravel_More"]}]}},"_links":{"self":[{"href":"https:\/\/tourtravelandmore.com\/fr\/wp-json\/wp\/v2\/product\/98668","targetHints":{"allow":["GET"]}}],"collection":[{"href":"https:\/\/tourtravelandmore.com\/fr\/wp-json\/wp\/v2\/product"}],"about":[{"href":"https:\/\/tourtravelandmore.com\/fr\/wp-json\/wp\/v2\/types\/product"}],"replies":[{"embeddable":true,"href":"https:\/\/tourtravelandmore.com\/fr\/wp-json\/wp\/v2\/comments?post=98668"}],"wp:featuredmedia":[{"embeddable":true,"href":"https:\/\/tourtravelandmore.com\/fr\/wp-json\/wp\/v2\/media\/80967"}],"wp:attachment":[{"href":"https:\/\/tourtravelandmore.com\/fr\/wp-json\/wp\/v2\/media?parent=98668"}],"wp:term":[{"taxonomy":"product_brand","embeddable":true,"href":"https:\/\/tourtravelandmore.com\/fr\/wp-json\/wp\/v2\/product_brand?post=98668"},{"taxonomy":"product_cat","embeddable":true,"href":"https:\/\/tourtravelandmore.com\/fr\/wp-json\/wp\/v2\/product_cat?post=98668"},{"taxonomy":"product_tag","embeddable":true,"href":"https:\/\/tourtravelandmore.com\/fr\/wp-json\/wp\/v2\/product_tag?post=98668"}],"curies":[{"name":"wp","href":"https:\/\/api.w.org\/{rel}","templated":true}]}}