{"id":98663,"date":"2020-09-16T10:56:16","date_gmt":"2020-09-16T08:56:16","guid":{"rendered":"https:\/\/tourtravelandmore.com\/tours\/non%20class\u00e9\/visite-privee-davila-et-de-salamanque-au-depart-de-madrid\/"},"modified":"2024-08-26T16:23:24","modified_gmt":"2024-08-26T14:23:24","slug":"visite-privee-davila-et-de-salamanque-au-depart-de-madrid","status":"publish","type":"product","link":"https:\/\/tourtravelandmore.com\/fr\/tours\/espagne-fr\/madrid-fr\/tous-les-circuits-et-activites-prives\/visite-privee-davila-et-de-salamanque-au-depart-de-madrid\/","title":{"rendered":"Visite priv\u00e9e d&#8217;Avila et de Salamanque au d\u00e9part de Madrid"},"content":{"rendered":"<h2>La description<\/h2>\n<p>Profitez de cette visite priv\u00e9e d&#8217;une journ\u00e9e compl\u00e8te d&#8217;Avila et de Salamanca Private Tour au d\u00e9part de Madrid. Profitez de cette excursion d&#8217;une journ\u00e9e compl\u00e8te pour vivre une exp\u00e9rience unique pour conna\u00eetre Salamanque et Avila.<\/p>\n<p>Les deux villes sont proches de Madrid et du centre-ville.<\/p>\n<p>Notre premier arr\u00eat dans cette visite priv\u00e9e d&#8217;Avila et de Salamanque au d\u00e9part de Madrid sera \u00e0 Avila. Le trajet durera environ 1h30 de Madrid. Vous profiterez d&#8217;une visite guid\u00e9e priv\u00e9e de 2 heures d&#8217;Avila.<\/p>\n<p>Apr\u00e8s avoir quitt\u00e9 Avila, nous nous dirigerons vers Salamanque. Le trajet jusqu&#8217;\u00e0 Salamanque prendra plus d&#8217;une heure depuis Avila. Une fois \u00e0 Salamanque, vous profiterez d&#8217;une visite \u00e0 pied exclusive de 2 heures.<\/p>\n<p>Enfin, nous vous reconduirons ensuite vers votre h\u00f4tel dans la ville de Madrid.<\/p>\n<h2>Sites d&#8217;int\u00e9r\u00eat et monuments<\/h2>\n<p>Cette exp\u00e9rience priv\u00e9e compl\u00e8te comprendra des visites dans les deux belles villes de Salamanque et Avila.<\/p>\n<p>Tout d&#8217;abord, notre arr\u00eat se fera \u00e0 Avila. Profitez d&#8217;une visite guid\u00e9e de 2 heures pour conna\u00eetre les sites les plus importants d&#8217;Avila.<\/p>\n<ul>\n<li>Les incroyables murs prot\u00e9g\u00e9s par l&#8217;UNESCO: les murs de l&#8217;UNESCO situ\u00e9s \u00e0 Avila. Une d\u00e9fense strat\u00e9gique incroyable. Les murs mesurent 3 m\u00e8tres de large et les murs mesurent 2,5 kilom\u00e8tres!<\/li>\n<li>Gates Walls et bien plus encore!<\/li>\n<li>Les Postes Cuatro. Situ\u00e9 \u00e0 proximit\u00e9 de la ville.<\/li>\n<li>Basilique de San Vicente: architecture romane situ\u00e9e \u00e0 Avila.<\/li>\n<li>Real Monasterio de Santo Tomas<\/li>\n<li>Convento de Santa Teresa.<\/li>\n<li>Vieille ville d&#8217;Avila<\/li>\n<li>Beaucoup plus!<\/li>\n<\/ul>\n<p>Nous prendrons \u00e9galement du temps pour manger un morceau! Apr\u00e8s cela, nous nous dirigerons vers Salamanque.<\/p>\n<p>Une fois \u00e0 Salamanque, nous organiserons une visite guid\u00e9e priv\u00e9e de 2 heures pour profiter des meilleurs sites!<\/p>\n<ul>\n<li>Plaza Mayor<\/li>\n<li>La Clerec\u00eda<\/li>\n<li>Casa de las Conchas<\/li>\n<li>Convento de San Esteban<\/li>\n<li>Catedral Vieja et Nueva<\/li>\n<li>Casa Lis<\/li>\n<li>Beaucoup plus!<\/li>\n<\/ul>\n<p>Enfin, nous vous reconduirons ensuite vers Madrid avec votre chauffeur priv\u00e9.<\/p>\n<p>D\u00e9couvrez toutes nos visites priv\u00e9es de Madrid!<\/p>\n","protected":false},"excerpt":{"rendered":"<p>Visite priv\u00e9e d&#8217;une journ\u00e9e \u00e0 Avila et Salamanque au d\u00e9part de Madrid. V\u00e9hicule de luxe priv\u00e9 avec chauffeur et guide s\u00e9par\u00e9 \u00e0 Avila pendant 2 heures et \u00e0 Salamanque pendant 2 heures.<\/p>\n","protected":false},"featured_media":94380,"comment_status":"open","ping_status":"closed","template":"","meta":{"_acf_changed":false},"product_brand":[],"product_cat":[5357,5358,5356,3562,3543,4028,4029],"product_tag":[],"class_list":{"0":"post-98663","1":"product","2":"type-product","3":"status-publish","4":"has-post-thumbnail","6":"product_cat-best-sellers-fr-2","7":"product_cat-private-day-trips-fr-16","8":"product_cat-private-sightseeing-tours-fr-38","9":"product_cat-avila","10":"product_cat-madrid-fr","11":"product_cat-tous-les-circuits-et-activites-prives","12":"product_cat-excursions-privees-dune-journee","14":"first","15":"instock","16":"shipping-taxable","17":"purchasable","18":"product-type-simple"},"acf":[],"yoast_head":"<!-- This site is optimized with the Yoast SEO Premium plugin v25.3.1 (Yoast SEO v25.3.1) - https:\/\/yoast.com\/wordpress\/plugins\/seo\/ -->\n<title>Visite priv\u00e9e d&#039;Avila et de Salamanque au d\u00e9part de Madrid - V\u00e9hicule priv\u00e9<\/title>\n<meta name=\"description\" content=\"Visite priv\u00e9e d&#039;une journ\u00e9e \u00e0 Avila et Salamanque au d\u00e9part de Madrid. V\u00e9hicule de luxe priv\u00e9 avec chauffeur et guide s\u00e9par\u00e9 \u00e0 Avila Salamanca.\" \/>\n<meta name=\"robots\" content=\"index, follow, max-snippet:-1, max-image-preview:large, max-video-preview:-1\" \/>\n<link rel=\"canonical\" href=\"https:\/\/tourtravelandmore.com\/fr\/tours\/espagne-fr\/madrid-fr\/tous-les-circuits-et-activites-prives\/visite-privee-davila-et-de-salamanque-au-depart-de-madrid\/\" \/>\n<meta property=\"og:locale\" content=\"fr_FR\" \/>\n<meta property=\"og:type\" content=\"article\" \/>\n<meta property=\"og:title\" content=\"Visite priv\u00e9e d&#039;Avila et de Salamanque au d\u00e9part de Madrid\" \/>\n<meta property=\"og:description\" content=\"Visite priv\u00e9e d&#039;une journ\u00e9e \u00e0 Avila et Salamanque au d\u00e9part de Madrid. V\u00e9hicule de luxe priv\u00e9 avec chauffeur et guide s\u00e9par\u00e9 \u00e0 Avila Salamanca.\" \/>\n<meta property=\"og:url\" content=\"https:\/\/tourtravelandmore.com\/fr\/tours\/espagne-fr\/madrid-fr\/tous-les-circuits-et-activites-prives\/visite-privee-davila-et-de-salamanque-au-depart-de-madrid\/\" \/>\n<meta property=\"og:site_name\" content=\"Tour Travel And More\" \/>\n<meta property=\"article:publisher\" content=\"https:\/\/www.facebook.com\/tourtravelandmore\/\" \/>\n<meta property=\"article:modified_time\" content=\"2024-08-26T14:23:24+00:00\" \/>\n<meta property=\"og:image\" content=\"https:\/\/tourtravelandmore.com\/wp-content\/uploads\/2017\/06\/avila_murallas-1024x680.jpg\" \/>\n\t<meta property=\"og:image:width\" content=\"1024\" \/>\n\t<meta property=\"og:image:height\" content=\"680\" \/>\n\t<meta property=\"og:image:type\" content=\"image\/jpeg\" \/>\n<meta name=\"twitter:card\" content=\"summary_large_image\" \/>\n<meta name=\"twitter:site\" content=\"@TourTravel_More\" \/>\n<meta name=\"twitter:label1\" content=\"Dur\u00e9e de lecture estim\u00e9e\" \/>\n\t<meta name=\"twitter:data1\" content=\"2 minutes\" \/>\n<script type=\"application\/ld+json\" class=\"yoast-schema-graph\">{\"@context\":\"https:\/\/schema.org\",\"@graph\":[{\"@type\":\"WebPage\",\"@id\":\"https:\/\/tourtravelandmore.com\/fr\/tours\/espagne-fr\/madrid-fr\/tous-les-circuits-et-activites-prives\/visite-privee-davila-et-de-salamanque-au-depart-de-madrid\/\",\"url\":\"https:\/\/tourtravelandmore.com\/fr\/tours\/espagne-fr\/madrid-fr\/tous-les-circuits-et-activites-prives\/visite-privee-davila-et-de-salamanque-au-depart-de-madrid\/\",\"name\":\"Visite priv\u00e9e d'Avila et de Salamanque au d\u00e9part de Madrid - V\u00e9hicule priv\u00e9\",\"isPartOf\":{\"@id\":\"https:\/\/tourtravelandmore.com\/fr\/#website\"},\"primaryImageOfPage\":{\"@id\":\"https:\/\/tourtravelandmore.com\/fr\/tours\/espagne-fr\/madrid-fr\/tous-les-circuits-et-activites-prives\/visite-privee-davila-et-de-salamanque-au-depart-de-madrid\/#primaryimage\"},\"image\":{\"@id\":\"https:\/\/tourtravelandmore.com\/fr\/tours\/espagne-fr\/madrid-fr\/tous-les-circuits-et-activites-prives\/visite-privee-davila-et-de-salamanque-au-depart-de-madrid\/#primaryimage\"},\"thumbnailUrl\":\"https:\/\/tourtravelandmore.com\/wp-content\/uploads\/2017\/06\/avila_murallas.jpg\",\"datePublished\":\"2020-09-16T08:56:16+00:00\",\"dateModified\":\"2024-08-26T14:23:24+00:00\",\"description\":\"Visite priv\u00e9e d'une journ\u00e9e \u00e0 Avila et Salamanque au d\u00e9part de Madrid. V\u00e9hicule de luxe priv\u00e9 avec chauffeur et guide s\u00e9par\u00e9 \u00e0 Avila Salamanca.\",\"breadcrumb\":{\"@id\":\"https:\/\/tourtravelandmore.com\/fr\/tours\/espagne-fr\/madrid-fr\/tous-les-circuits-et-activites-prives\/visite-privee-davila-et-de-salamanque-au-depart-de-madrid\/#breadcrumb\"},\"inLanguage\":\"fr-FR\",\"potentialAction\":[{\"@type\":\"ReadAction\",\"target\":[\"https:\/\/tourtravelandmore.com\/fr\/tours\/espagne-fr\/madrid-fr\/tous-les-circuits-et-activites-prives\/visite-privee-davila-et-de-salamanque-au-depart-de-madrid\/\"]}]},{\"@type\":\"ImageObject\",\"inLanguage\":\"fr-FR\",\"@id\":\"https:\/\/tourtravelandmore.com\/fr\/tours\/espagne-fr\/madrid-fr\/tous-les-circuits-et-activites-prives\/visite-privee-davila-et-de-salamanque-au-depart-de-madrid\/#primaryimage\",\"url\":\"https:\/\/tourtravelandmore.com\/wp-content\/uploads\/2017\/06\/avila_murallas.jpg\",\"contentUrl\":\"https:\/\/tourtravelandmore.com\/wp-content\/uploads\/2017\/06\/avila_murallas.jpg\",\"width\":3216,\"height\":2136},{\"@type\":\"BreadcrumbList\",\"@id\":\"https:\/\/tourtravelandmore.com\/fr\/tours\/espagne-fr\/madrid-fr\/tous-les-circuits-et-activites-prives\/visite-privee-davila-et-de-salamanque-au-depart-de-madrid\/#breadcrumb\",\"itemListElement\":[{\"@type\":\"ListItem\",\"position\":1,\"name\":\"Home\",\"item\":\"https:\/\/tourtravelandmore.com\/fr\/\"},{\"@type\":\"ListItem\",\"position\":2,\"name\":\"Tours\",\"item\":\"https:\/\/tourtravelandmore.com\/fr\/tours\/\"},{\"@type\":\"ListItem\",\"position\":3,\"name\":\"Visite priv\u00e9e d&#8217;Avila et de Salamanque au d\u00e9part de Madrid\"}]},{\"@type\":\"WebSite\",\"@id\":\"https:\/\/tourtravelandmore.com\/fr\/#website\",\"url\":\"https:\/\/tourtravelandmore.com\/fr\/\",\"name\":\"Tour Travel And More\",\"description\":\"Private sightseeing tours and luxury transfers in Spain\",\"publisher\":{\"@id\":\"https:\/\/tourtravelandmore.com\/fr\/#organization\"},\"potentialAction\":[{\"@type\":\"SearchAction\",\"target\":{\"@type\":\"EntryPoint\",\"urlTemplate\":\"https:\/\/tourtravelandmore.com\/fr\/?s={search_term_string}\"},\"query-input\":{\"@type\":\"PropertyValueSpecification\",\"valueRequired\":true,\"valueName\":\"search_term_string\"}}],\"inLanguage\":\"fr-FR\"},{\"@type\":\"Organization\",\"@id\":\"https:\/\/tourtravelandmore.com\/fr\/#organization\",\"name\":\"Tour Travel And More\",\"url\":\"https:\/\/tourtravelandmore.com\/fr\/\",\"logo\":{\"@type\":\"ImageObject\",\"inLanguage\":\"fr-FR\",\"@id\":\"https:\/\/tourtravelandmore.com\/fr\/#\/schema\/logo\/image\/\",\"url\":\"https:\/\/tourtravelandmore.com\/wp-content\/uploads\/2022\/12\/cropped-logo-cabecera-new.png\",\"contentUrl\":\"https:\/\/tourtravelandmore.com\/wp-content\/uploads\/2022\/12\/cropped-logo-cabecera-new.png\",\"width\":430,\"height\":61,\"caption\":\"Tour Travel And More\"},\"image\":{\"@id\":\"https:\/\/tourtravelandmore.com\/fr\/#\/schema\/logo\/image\/\"},\"sameAs\":[\"https:\/\/www.facebook.com\/tourtravelandmore\/\",\"https:\/\/x.com\/TourTravel_More\"]}]}<\/script>\n<!-- \/ Yoast SEO Premium plugin. -->","yoast_head_json":{"title":"Visite priv\u00e9e d'Avila et de Salamanque au d\u00e9part de Madrid - V\u00e9hicule priv\u00e9","description":"Visite priv\u00e9e d'une journ\u00e9e \u00e0 Avila et Salamanque au d\u00e9part de Madrid. V\u00e9hicule de luxe priv\u00e9 avec chauffeur et guide s\u00e9par\u00e9 \u00e0 Avila Salamanca.","robots":{"index":"index","follow":"follow","max-snippet":"max-snippet:-1","max-image-preview":"max-image-preview:large","max-video-preview":"max-video-preview:-1"},"canonical":"https:\/\/tourtravelandmore.com\/fr\/tours\/espagne-fr\/madrid-fr\/tous-les-circuits-et-activites-prives\/visite-privee-davila-et-de-salamanque-au-depart-de-madrid\/","og_locale":"fr_FR","og_type":"article","og_title":"Visite priv\u00e9e d'Avila et de Salamanque au d\u00e9part de Madrid","og_description":"Visite priv\u00e9e d'une journ\u00e9e \u00e0 Avila et Salamanque au d\u00e9part de Madrid. V\u00e9hicule de luxe priv\u00e9 avec chauffeur et guide s\u00e9par\u00e9 \u00e0 Avila Salamanca.","og_url":"https:\/\/tourtravelandmore.com\/fr\/tours\/espagne-fr\/madrid-fr\/tous-les-circuits-et-activites-prives\/visite-privee-davila-et-de-salamanque-au-depart-de-madrid\/","og_site_name":"Tour Travel And More","article_publisher":"https:\/\/www.facebook.com\/tourtravelandmore\/","article_modified_time":"2024-08-26T14:23:24+00:00","og_image":[{"width":1024,"height":680,"url":"https:\/\/tourtravelandmore.com\/wp-content\/uploads\/2017\/06\/avila_murallas-1024x680.jpg","type":"image\/jpeg"}],"twitter_card":"summary_large_image","twitter_site":"@TourTravel_More","twitter_misc":{"Dur\u00e9e de lecture estim\u00e9e":"2 minutes"},"schema":{"@context":"https:\/\/schema.org","@graph":[{"@type":"WebPage","@id":"https:\/\/tourtravelandmore.com\/fr\/tours\/espagne-fr\/madrid-fr\/tous-les-circuits-et-activites-prives\/visite-privee-davila-et-de-salamanque-au-depart-de-madrid\/","url":"https:\/\/tourtravelandmore.com\/fr\/tours\/espagne-fr\/madrid-fr\/tous-les-circuits-et-activites-prives\/visite-privee-davila-et-de-salamanque-au-depart-de-madrid\/","name":"Visite priv\u00e9e d'Avila et de Salamanque au d\u00e9part de Madrid - V\u00e9hicule priv\u00e9","isPartOf":{"@id":"https:\/\/tourtravelandmore.com\/fr\/#website"},"primaryImageOfPage":{"@id":"https:\/\/tourtravelandmore.com\/fr\/tours\/espagne-fr\/madrid-fr\/tous-les-circuits-et-activites-prives\/visite-privee-davila-et-de-salamanque-au-depart-de-madrid\/#primaryimage"},"image":{"@id":"https:\/\/tourtravelandmore.com\/fr\/tours\/espagne-fr\/madrid-fr\/tous-les-circuits-et-activites-prives\/visite-privee-davila-et-de-salamanque-au-depart-de-madrid\/#primaryimage"},"thumbnailUrl":"https:\/\/tourtravelandmore.com\/wp-content\/uploads\/2017\/06\/avila_murallas.jpg","datePublished":"2020-09-16T08:56:16+00:00","dateModified":"2024-08-26T14:23:24+00:00","description":"Visite priv\u00e9e d'une journ\u00e9e \u00e0 Avila et Salamanque au d\u00e9part de Madrid. V\u00e9hicule de luxe priv\u00e9 avec chauffeur et guide s\u00e9par\u00e9 \u00e0 Avila Salamanca.","breadcrumb":{"@id":"https:\/\/tourtravelandmore.com\/fr\/tours\/espagne-fr\/madrid-fr\/tous-les-circuits-et-activites-prives\/visite-privee-davila-et-de-salamanque-au-depart-de-madrid\/#breadcrumb"},"inLanguage":"fr-FR","potentialAction":[{"@type":"ReadAction","target":["https:\/\/tourtravelandmore.com\/fr\/tours\/espagne-fr\/madrid-fr\/tous-les-circuits-et-activites-prives\/visite-privee-davila-et-de-salamanque-au-depart-de-madrid\/"]}]},{"@type":"ImageObject","inLanguage":"fr-FR","@id":"https:\/\/tourtravelandmore.com\/fr\/tours\/espagne-fr\/madrid-fr\/tous-les-circuits-et-activites-prives\/visite-privee-davila-et-de-salamanque-au-depart-de-madrid\/#primaryimage","url":"https:\/\/tourtravelandmore.com\/wp-content\/uploads\/2017\/06\/avila_murallas.jpg","contentUrl":"https:\/\/tourtravelandmore.com\/wp-content\/uploads\/2017\/06\/avila_murallas.jpg","width":3216,"height":2136},{"@type":"BreadcrumbList","@id":"https:\/\/tourtravelandmore.com\/fr\/tours\/espagne-fr\/madrid-fr\/tous-les-circuits-et-activites-prives\/visite-privee-davila-et-de-salamanque-au-depart-de-madrid\/#breadcrumb","itemListElement":[{"@type":"ListItem","position":1,"name":"Home","item":"https:\/\/tourtravelandmore.com\/fr\/"},{"@type":"ListItem","position":2,"name":"Tours","item":"https:\/\/tourtravelandmore.com\/fr\/tours\/"},{"@type":"ListItem","position":3,"name":"Visite priv\u00e9e d&#8217;Avila et de Salamanque au d\u00e9part de Madrid"}]},{"@type":"WebSite","@id":"https:\/\/tourtravelandmore.com\/fr\/#website","url":"https:\/\/tourtravelandmore.com\/fr\/","name":"Tour Travel And More","description":"Private sightseeing tours and luxury transfers in Spain","publisher":{"@id":"https:\/\/tourtravelandmore.com\/fr\/#organization"},"potentialAction":[{"@type":"SearchAction","target":{"@type":"EntryPoint","urlTemplate":"https:\/\/tourtravelandmore.com\/fr\/?s={search_term_string}"},"query-input":{"@type":"PropertyValueSpecification","valueRequired":true,"valueName":"search_term_string"}}],"inLanguage":"fr-FR"},{"@type":"Organization","@id":"https:\/\/tourtravelandmore.com\/fr\/#organization","name":"Tour Travel And More","url":"https:\/\/tourtravelandmore.com\/fr\/","logo":{"@type":"ImageObject","inLanguage":"fr-FR","@id":"https:\/\/tourtravelandmore.com\/fr\/#\/schema\/logo\/image\/","url":"https:\/\/tourtravelandmore.com\/wp-content\/uploads\/2022\/12\/cropped-logo-cabecera-new.png","contentUrl":"https:\/\/tourtravelandmore.com\/wp-content\/uploads\/2022\/12\/cropped-logo-cabecera-new.png","width":430,"height":61,"caption":"Tour Travel And More"},"image":{"@id":"https:\/\/tourtravelandmore.com\/fr\/#\/schema\/logo\/image\/"},"sameAs":["https:\/\/www.facebook.com\/tourtravelandmore\/","https:\/\/x.com\/TourTravel_More"]}]}},"_links":{"self":[{"href":"https:\/\/tourtravelandmore.com\/fr\/wp-json\/wp\/v2\/product\/98663","targetHints":{"allow":["GET"]}}],"collection":[{"href":"https:\/\/tourtravelandmore.com\/fr\/wp-json\/wp\/v2\/product"}],"about":[{"href":"https:\/\/tourtravelandmore.com\/fr\/wp-json\/wp\/v2\/types\/product"}],"replies":[{"embeddable":true,"href":"https:\/\/tourtravelandmore.com\/fr\/wp-json\/wp\/v2\/comments?post=98663"}],"wp:featuredmedia":[{"embeddable":true,"href":"https:\/\/tourtravelandmore.com\/fr\/wp-json\/wp\/v2\/media\/94380"}],"wp:attachment":[{"href":"https:\/\/tourtravelandmore.com\/fr\/wp-json\/wp\/v2\/media?parent=98663"}],"wp:term":[{"taxonomy":"product_brand","embeddable":true,"href":"https:\/\/tourtravelandmore.com\/fr\/wp-json\/wp\/v2\/product_brand?post=98663"},{"taxonomy":"product_cat","embeddable":true,"href":"https:\/\/tourtravelandmore.com\/fr\/wp-json\/wp\/v2\/product_cat?post=98663"},{"taxonomy":"product_tag","embeddable":true,"href":"https:\/\/tourtravelandmore.com\/fr\/wp-json\/wp\/v2\/product_tag?post=98663"}],"curies":[{"name":"wp","href":"https:\/\/api.w.org\/{rel}","templated":true}]}}