{"id":98341,"date":"2020-09-10T11:53:41","date_gmt":"2020-09-10T09:53:41","guid":{"rendered":"https:\/\/tourtravelandmore.com\/tours\/non%20class\u00e9\/visite-privee-dalcala-de-henares-au-depart-de-madrid\/"},"modified":"2024-05-06T18:28:47","modified_gmt":"2024-05-06T16:28:47","slug":"visite-privee-dalcala-de-henares-au-depart-de-madrid","status":"publish","type":"product","link":"https:\/\/tourtravelandmore.com\/fr\/tours\/espagne-fr\/madrid-fr\/tous-les-circuits-et-activites-prives\/visite-privee-dalcala-de-henares-au-depart-de-madrid\/","title":{"rendered":"Visite priv\u00e9e d&#8217;Alcala de Henares au d\u00e9part de Madrid"},"content":{"rendered":"<h2>La description<\/h2>\n<p>Profitez d&#8217;une exp\u00e9rience d&#8217;une demi-journ\u00e9e pour d\u00e9couvrir le meilleur de la ville d&#8217;Alcala de Henares. Cette visite priv\u00e9e d&#8217;Alcala de Henares au d\u00e9part de Madrid vous fera vivre une exp\u00e9rience formidable. Profitez de cette belle ville \u00e0 seulement 45 minutes de Madrid.<\/p>\n<p>Cette visite priv\u00e9e d\u00e9butera depuis votre h\u00f4tel ou lieu de votre choix \u00e0 Madrid. Nous pouvons venir vous chercher \u00e0 n&#8217;importe quel endroit de votre choix. Nous vous attendrons dans votre hall ou dans votre immeuble et commencerons notre visite.<\/p>\n<p>Apr\u00e8s une prise en charge confortable, nous nous dirigerons, avec votre guide officiel et votre chauffeur s\u00e9par\u00e9, vers Alcala de Henares.<\/p>\n<p>Il s&#8217;agit d&#8217;une visite priv\u00e9e tout \u00e0 fait unique d&#8217;Alcala de Henares au d\u00e9part de Madrid.<\/p>\n<p>Une fois arriv\u00e9s \u00e0 Alcala de Henares, nous profiterons du meilleur de cette ville. Ce sera une visite guid\u00e9e de 4 heures de la prise en charge au retour.<\/p>\n<h2>Sites d&#8217;int\u00e9r\u00eat et monuments<\/h2>\n<p>Tout d&#8217;abord, nous viendrons vous chercher confortablement \u00e0 Madrid. Nous nous dirigerons plus tard vers Alcala de Henares. Votre chauffeur et votre guide officiel seront \u00e0 votre disposition pendant l&#8217;exp\u00e9rience d&#8217;une demi-journ\u00e9e.<br \/>\nVoici quelques monuments et sites que vous appr\u00e9cierez \u00e0 Alcala de Henares:<\/p>\n<ul>\n<li><strong>Plaza de Cervantes<\/strong><\/li>\n<li><strong>Vue ext\u00e9rieure du mus\u00e9e de la maison natale de Cervantes<\/strong><\/li>\n<li><strong>Palais de Laredo<\/strong><\/li>\n<li><strong>Calle Mayor<\/strong><\/li>\n<li><strong>Casa de Hippolytus<\/strong><\/li>\n<li><strong>Palais de l&#8217;archev\u00eaque d&#8217;Alcal\u00e1 de Henares<\/strong><\/li>\n<li><strong>Chapelle des auditeurs<\/strong><\/li>\n<li><strong>Murs d&#8217;Alcal\u00e1 de Henares<\/strong><\/li>\n<li><strong>Ancienne \u00e9glise de Santa Maria<\/strong><\/li>\n<li><strong>Torre de Santa Maria<\/strong><\/li>\n<li><strong>Beaucoup plus!<\/strong><\/li>\n<\/ul>\n<p>Vous profiterez d&#8217;environ 2 heures \u00e0 Alcal\u00e1 et nous retournerons vers Madrid. Nous pouvons organiser une visite plus longue si vous pr\u00e9f\u00e9rez. Nous pouvons modifier cette visite en fonction de vos besoins exacts. Contactez-nous et nous organiserons la proposition correspondante pour vous.<\/p>\n<p>Jetez un \u0153il \u00e0 toutes nos visites priv\u00e9es \u00e0 Madrid et dans les villes environnantes.<\/p>\n","protected":false},"excerpt":{"rendered":"<p>Visite priv\u00e9e d&#8217;Alcala de Henares au d\u00e9part de Madrid. D\u00e9couvrez le meilleur de cette ville unique \u00e0 quelques minutes de Madrid. V\u00e9hicule de luxe avec chauffeur \u00e0 r\u00e9cup\u00e9rer partout \u00e0 Madrid. Guide touristique officiel priv\u00e9 inclus.<\/p>\n","protected":false},"featured_media":83238,"comment_status":"open","ping_status":"closed","template":"","meta":{"_acf_changed":false},"product_brand":[],"product_cat":[5356,3543,4028,4029],"product_tag":[],"class_list":{"0":"post-98341","1":"product","2":"type-product","3":"status-publish","4":"has-post-thumbnail","6":"product_cat-private-sightseeing-tours-fr-38","7":"product_cat-madrid-fr","8":"product_cat-tous-les-circuits-et-activites-prives","9":"product_cat-excursions-privees-dune-journee","11":"first","12":"instock","13":"shipping-taxable","14":"purchasable","15":"product-type-simple"},"acf":[],"yoast_head":"<!-- This site is optimized with the Yoast SEO Premium plugin v25.3.1 (Yoast SEO v25.3.1) - https:\/\/yoast.com\/wordpress\/plugins\/seo\/ -->\n<title>Visite priv\u00e9e d&#039;Alcala de Henares au d\u00e9part de Madrid - Guide touristique officiel<\/title>\n<meta name=\"description\" content=\"Visite priv\u00e9e d&#039;Alcala de Henares au d\u00e9part de Madrid. V\u00e9hicule de luxe avec chauffeur \u00e0 r\u00e9cup\u00e9rer partout \u00e0 Madrid. Guide touristique officiel priv\u00e9 pendant 4 heures.\" \/>\n<meta name=\"robots\" content=\"index, follow, max-snippet:-1, max-image-preview:large, max-video-preview:-1\" \/>\n<link rel=\"canonical\" href=\"https:\/\/tourtravelandmore.com\/fr\/tours\/espagne-fr\/madrid-fr\/tous-les-circuits-et-activites-prives\/visite-privee-dalcala-de-henares-au-depart-de-madrid\/\" \/>\n<meta property=\"og:locale\" content=\"fr_FR\" \/>\n<meta property=\"og:type\" content=\"article\" \/>\n<meta property=\"og:title\" content=\"Visite priv\u00e9e d&#039;Alcala de Henares au d\u00e9part de Madrid\" \/>\n<meta property=\"og:description\" content=\"Visite priv\u00e9e d&#039;Alcala de Henares au d\u00e9part de Madrid. V\u00e9hicule de luxe avec chauffeur \u00e0 r\u00e9cup\u00e9rer partout \u00e0 Madrid. Guide touristique officiel priv\u00e9 pendant 4 heures.\" \/>\n<meta property=\"og:url\" content=\"https:\/\/tourtravelandmore.com\/fr\/tours\/espagne-fr\/madrid-fr\/tous-les-circuits-et-activites-prives\/visite-privee-dalcala-de-henares-au-depart-de-madrid\/\" \/>\n<meta property=\"og:site_name\" content=\"Tour Travel And More\" \/>\n<meta property=\"article:publisher\" content=\"https:\/\/www.facebook.com\/tourtravelandmore\/\" \/>\n<meta property=\"article:modified_time\" content=\"2024-05-06T16:28:47+00:00\" \/>\n<meta property=\"og:image\" content=\"https:\/\/tourtravelandmore.com\/wp-content\/uploads\/2020\/09\/alcala-2-1024x576.png\" \/>\n\t<meta property=\"og:image:width\" content=\"1024\" \/>\n\t<meta property=\"og:image:height\" content=\"576\" \/>\n\t<meta property=\"og:image:type\" content=\"image\/png\" \/>\n<meta name=\"twitter:card\" content=\"summary_large_image\" \/>\n<meta name=\"twitter:site\" content=\"@TourTravel_More\" \/>\n<meta name=\"twitter:label1\" content=\"Dur\u00e9e de lecture estim\u00e9e\" \/>\n\t<meta name=\"twitter:data1\" content=\"2 minutes\" \/>\n<script type=\"application\/ld+json\" class=\"yoast-schema-graph\">{\"@context\":\"https:\/\/schema.org\",\"@graph\":[{\"@type\":\"WebPage\",\"@id\":\"https:\/\/tourtravelandmore.com\/fr\/tours\/espagne-fr\/madrid-fr\/tous-les-circuits-et-activites-prives\/visite-privee-dalcala-de-henares-au-depart-de-madrid\/\",\"url\":\"https:\/\/tourtravelandmore.com\/fr\/tours\/espagne-fr\/madrid-fr\/tous-les-circuits-et-activites-prives\/visite-privee-dalcala-de-henares-au-depart-de-madrid\/\",\"name\":\"Visite priv\u00e9e d'Alcala de Henares au d\u00e9part de Madrid - Guide touristique officiel\",\"isPartOf\":{\"@id\":\"https:\/\/tourtravelandmore.com\/fr\/#website\"},\"primaryImageOfPage\":{\"@id\":\"https:\/\/tourtravelandmore.com\/fr\/tours\/espagne-fr\/madrid-fr\/tous-les-circuits-et-activites-prives\/visite-privee-dalcala-de-henares-au-depart-de-madrid\/#primaryimage\"},\"image\":{\"@id\":\"https:\/\/tourtravelandmore.com\/fr\/tours\/espagne-fr\/madrid-fr\/tous-les-circuits-et-activites-prives\/visite-privee-dalcala-de-henares-au-depart-de-madrid\/#primaryimage\"},\"thumbnailUrl\":\"https:\/\/tourtravelandmore.com\/wp-content\/uploads\/2020\/09\/alcala-2.png\",\"datePublished\":\"2020-09-10T09:53:41+00:00\",\"dateModified\":\"2024-05-06T16:28:47+00:00\",\"description\":\"Visite priv\u00e9e d'Alcala de Henares au d\u00e9part de Madrid. V\u00e9hicule de luxe avec chauffeur \u00e0 r\u00e9cup\u00e9rer partout \u00e0 Madrid. Guide touristique officiel priv\u00e9 pendant 4 heures.\",\"breadcrumb\":{\"@id\":\"https:\/\/tourtravelandmore.com\/fr\/tours\/espagne-fr\/madrid-fr\/tous-les-circuits-et-activites-prives\/visite-privee-dalcala-de-henares-au-depart-de-madrid\/#breadcrumb\"},\"inLanguage\":\"fr-FR\",\"potentialAction\":[{\"@type\":\"ReadAction\",\"target\":[\"https:\/\/tourtravelandmore.com\/fr\/tours\/espagne-fr\/madrid-fr\/tous-les-circuits-et-activites-prives\/visite-privee-dalcala-de-henares-au-depart-de-madrid\/\"]}]},{\"@type\":\"ImageObject\",\"inLanguage\":\"fr-FR\",\"@id\":\"https:\/\/tourtravelandmore.com\/fr\/tours\/espagne-fr\/madrid-fr\/tous-les-circuits-et-activites-prives\/visite-privee-dalcala-de-henares-au-depart-de-madrid\/#primaryimage\",\"url\":\"https:\/\/tourtravelandmore.com\/wp-content\/uploads\/2020\/09\/alcala-2.png\",\"contentUrl\":\"https:\/\/tourtravelandmore.com\/wp-content\/uploads\/2020\/09\/alcala-2.png\",\"width\":2560,\"height\":1439},{\"@type\":\"BreadcrumbList\",\"@id\":\"https:\/\/tourtravelandmore.com\/fr\/tours\/espagne-fr\/madrid-fr\/tous-les-circuits-et-activites-prives\/visite-privee-dalcala-de-henares-au-depart-de-madrid\/#breadcrumb\",\"itemListElement\":[{\"@type\":\"ListItem\",\"position\":1,\"name\":\"Home\",\"item\":\"https:\/\/tourtravelandmore.com\/fr\/\"},{\"@type\":\"ListItem\",\"position\":2,\"name\":\"Tours\",\"item\":\"https:\/\/tourtravelandmore.com\/fr\/tours\/\"},{\"@type\":\"ListItem\",\"position\":3,\"name\":\"Visite priv\u00e9e d&#8217;Alcala de Henares au d\u00e9part de Madrid\"}]},{\"@type\":\"WebSite\",\"@id\":\"https:\/\/tourtravelandmore.com\/fr\/#website\",\"url\":\"https:\/\/tourtravelandmore.com\/fr\/\",\"name\":\"Tour Travel And More\",\"description\":\"Private sightseeing tours and luxury transfers in Spain\",\"publisher\":{\"@id\":\"https:\/\/tourtravelandmore.com\/fr\/#organization\"},\"potentialAction\":[{\"@type\":\"SearchAction\",\"target\":{\"@type\":\"EntryPoint\",\"urlTemplate\":\"https:\/\/tourtravelandmore.com\/fr\/?s={search_term_string}\"},\"query-input\":{\"@type\":\"PropertyValueSpecification\",\"valueRequired\":true,\"valueName\":\"search_term_string\"}}],\"inLanguage\":\"fr-FR\"},{\"@type\":\"Organization\",\"@id\":\"https:\/\/tourtravelandmore.com\/fr\/#organization\",\"name\":\"Tour Travel And More\",\"url\":\"https:\/\/tourtravelandmore.com\/fr\/\",\"logo\":{\"@type\":\"ImageObject\",\"inLanguage\":\"fr-FR\",\"@id\":\"https:\/\/tourtravelandmore.com\/fr\/#\/schema\/logo\/image\/\",\"url\":\"https:\/\/tourtravelandmore.com\/wp-content\/uploads\/2022\/12\/cropped-logo-cabecera-new.png\",\"contentUrl\":\"https:\/\/tourtravelandmore.com\/wp-content\/uploads\/2022\/12\/cropped-logo-cabecera-new.png\",\"width\":430,\"height\":61,\"caption\":\"Tour Travel And More\"},\"image\":{\"@id\":\"https:\/\/tourtravelandmore.com\/fr\/#\/schema\/logo\/image\/\"},\"sameAs\":[\"https:\/\/www.facebook.com\/tourtravelandmore\/\",\"https:\/\/x.com\/TourTravel_More\"]}]}<\/script>\n<!-- \/ Yoast SEO Premium plugin. -->","yoast_head_json":{"title":"Visite priv\u00e9e d'Alcala de Henares au d\u00e9part de Madrid - Guide touristique officiel","description":"Visite priv\u00e9e d'Alcala de Henares au d\u00e9part de Madrid. V\u00e9hicule de luxe avec chauffeur \u00e0 r\u00e9cup\u00e9rer partout \u00e0 Madrid. Guide touristique officiel priv\u00e9 pendant 4 heures.","robots":{"index":"index","follow":"follow","max-snippet":"max-snippet:-1","max-image-preview":"max-image-preview:large","max-video-preview":"max-video-preview:-1"},"canonical":"https:\/\/tourtravelandmore.com\/fr\/tours\/espagne-fr\/madrid-fr\/tous-les-circuits-et-activites-prives\/visite-privee-dalcala-de-henares-au-depart-de-madrid\/","og_locale":"fr_FR","og_type":"article","og_title":"Visite priv\u00e9e d'Alcala de Henares au d\u00e9part de Madrid","og_description":"Visite priv\u00e9e d'Alcala de Henares au d\u00e9part de Madrid. V\u00e9hicule de luxe avec chauffeur \u00e0 r\u00e9cup\u00e9rer partout \u00e0 Madrid. Guide touristique officiel priv\u00e9 pendant 4 heures.","og_url":"https:\/\/tourtravelandmore.com\/fr\/tours\/espagne-fr\/madrid-fr\/tous-les-circuits-et-activites-prives\/visite-privee-dalcala-de-henares-au-depart-de-madrid\/","og_site_name":"Tour Travel And More","article_publisher":"https:\/\/www.facebook.com\/tourtravelandmore\/","article_modified_time":"2024-05-06T16:28:47+00:00","og_image":[{"width":1024,"height":576,"url":"https:\/\/tourtravelandmore.com\/wp-content\/uploads\/2020\/09\/alcala-2-1024x576.png","type":"image\/png"}],"twitter_card":"summary_large_image","twitter_site":"@TourTravel_More","twitter_misc":{"Dur\u00e9e de lecture estim\u00e9e":"2 minutes"},"schema":{"@context":"https:\/\/schema.org","@graph":[{"@type":"WebPage","@id":"https:\/\/tourtravelandmore.com\/fr\/tours\/espagne-fr\/madrid-fr\/tous-les-circuits-et-activites-prives\/visite-privee-dalcala-de-henares-au-depart-de-madrid\/","url":"https:\/\/tourtravelandmore.com\/fr\/tours\/espagne-fr\/madrid-fr\/tous-les-circuits-et-activites-prives\/visite-privee-dalcala-de-henares-au-depart-de-madrid\/","name":"Visite priv\u00e9e d'Alcala de Henares au d\u00e9part de Madrid - Guide touristique officiel","isPartOf":{"@id":"https:\/\/tourtravelandmore.com\/fr\/#website"},"primaryImageOfPage":{"@id":"https:\/\/tourtravelandmore.com\/fr\/tours\/espagne-fr\/madrid-fr\/tous-les-circuits-et-activites-prives\/visite-privee-dalcala-de-henares-au-depart-de-madrid\/#primaryimage"},"image":{"@id":"https:\/\/tourtravelandmore.com\/fr\/tours\/espagne-fr\/madrid-fr\/tous-les-circuits-et-activites-prives\/visite-privee-dalcala-de-henares-au-depart-de-madrid\/#primaryimage"},"thumbnailUrl":"https:\/\/tourtravelandmore.com\/wp-content\/uploads\/2020\/09\/alcala-2.png","datePublished":"2020-09-10T09:53:41+00:00","dateModified":"2024-05-06T16:28:47+00:00","description":"Visite priv\u00e9e d'Alcala de Henares au d\u00e9part de Madrid. V\u00e9hicule de luxe avec chauffeur \u00e0 r\u00e9cup\u00e9rer partout \u00e0 Madrid. Guide touristique officiel priv\u00e9 pendant 4 heures.","breadcrumb":{"@id":"https:\/\/tourtravelandmore.com\/fr\/tours\/espagne-fr\/madrid-fr\/tous-les-circuits-et-activites-prives\/visite-privee-dalcala-de-henares-au-depart-de-madrid\/#breadcrumb"},"inLanguage":"fr-FR","potentialAction":[{"@type":"ReadAction","target":["https:\/\/tourtravelandmore.com\/fr\/tours\/espagne-fr\/madrid-fr\/tous-les-circuits-et-activites-prives\/visite-privee-dalcala-de-henares-au-depart-de-madrid\/"]}]},{"@type":"ImageObject","inLanguage":"fr-FR","@id":"https:\/\/tourtravelandmore.com\/fr\/tours\/espagne-fr\/madrid-fr\/tous-les-circuits-et-activites-prives\/visite-privee-dalcala-de-henares-au-depart-de-madrid\/#primaryimage","url":"https:\/\/tourtravelandmore.com\/wp-content\/uploads\/2020\/09\/alcala-2.png","contentUrl":"https:\/\/tourtravelandmore.com\/wp-content\/uploads\/2020\/09\/alcala-2.png","width":2560,"height":1439},{"@type":"BreadcrumbList","@id":"https:\/\/tourtravelandmore.com\/fr\/tours\/espagne-fr\/madrid-fr\/tous-les-circuits-et-activites-prives\/visite-privee-dalcala-de-henares-au-depart-de-madrid\/#breadcrumb","itemListElement":[{"@type":"ListItem","position":1,"name":"Home","item":"https:\/\/tourtravelandmore.com\/fr\/"},{"@type":"ListItem","position":2,"name":"Tours","item":"https:\/\/tourtravelandmore.com\/fr\/tours\/"},{"@type":"ListItem","position":3,"name":"Visite priv\u00e9e d&#8217;Alcala de Henares au d\u00e9part de Madrid"}]},{"@type":"WebSite","@id":"https:\/\/tourtravelandmore.com\/fr\/#website","url":"https:\/\/tourtravelandmore.com\/fr\/","name":"Tour Travel And More","description":"Private sightseeing tours and luxury transfers in Spain","publisher":{"@id":"https:\/\/tourtravelandmore.com\/fr\/#organization"},"potentialAction":[{"@type":"SearchAction","target":{"@type":"EntryPoint","urlTemplate":"https:\/\/tourtravelandmore.com\/fr\/?s={search_term_string}"},"query-input":{"@type":"PropertyValueSpecification","valueRequired":true,"valueName":"search_term_string"}}],"inLanguage":"fr-FR"},{"@type":"Organization","@id":"https:\/\/tourtravelandmore.com\/fr\/#organization","name":"Tour Travel And More","url":"https:\/\/tourtravelandmore.com\/fr\/","logo":{"@type":"ImageObject","inLanguage":"fr-FR","@id":"https:\/\/tourtravelandmore.com\/fr\/#\/schema\/logo\/image\/","url":"https:\/\/tourtravelandmore.com\/wp-content\/uploads\/2022\/12\/cropped-logo-cabecera-new.png","contentUrl":"https:\/\/tourtravelandmore.com\/wp-content\/uploads\/2022\/12\/cropped-logo-cabecera-new.png","width":430,"height":61,"caption":"Tour Travel And More"},"image":{"@id":"https:\/\/tourtravelandmore.com\/fr\/#\/schema\/logo\/image\/"},"sameAs":["https:\/\/www.facebook.com\/tourtravelandmore\/","https:\/\/x.com\/TourTravel_More"]}]}},"_links":{"self":[{"href":"https:\/\/tourtravelandmore.com\/fr\/wp-json\/wp\/v2\/product\/98341","targetHints":{"allow":["GET"]}}],"collection":[{"href":"https:\/\/tourtravelandmore.com\/fr\/wp-json\/wp\/v2\/product"}],"about":[{"href":"https:\/\/tourtravelandmore.com\/fr\/wp-json\/wp\/v2\/types\/product"}],"replies":[{"embeddable":true,"href":"https:\/\/tourtravelandmore.com\/fr\/wp-json\/wp\/v2\/comments?post=98341"}],"wp:featuredmedia":[{"embeddable":true,"href":"https:\/\/tourtravelandmore.com\/fr\/wp-json\/wp\/v2\/media\/83238"}],"wp:attachment":[{"href":"https:\/\/tourtravelandmore.com\/fr\/wp-json\/wp\/v2\/media?parent=98341"}],"wp:term":[{"taxonomy":"product_brand","embeddable":true,"href":"https:\/\/tourtravelandmore.com\/fr\/wp-json\/wp\/v2\/product_brand?post=98341"},{"taxonomy":"product_cat","embeddable":true,"href":"https:\/\/tourtravelandmore.com\/fr\/wp-json\/wp\/v2\/product_cat?post=98341"},{"taxonomy":"product_tag","embeddable":true,"href":"https:\/\/tourtravelandmore.com\/fr\/wp-json\/wp\/v2\/product_tag?post=98341"}],"curies":[{"name":"wp","href":"https:\/\/api.w.org\/{rel}","templated":true}]}}