{"id":97106,"date":"2020-07-30T10:25:50","date_gmt":"2020-07-30T08:25:50","guid":{"rendered":"https:\/\/tourtravelandmore.com\/tours\/non%20class\u00e9\/visite-privee-de-cuenca-au-depart-de-madrid\/"},"modified":"2024-05-06T19:49:11","modified_gmt":"2024-05-06T17:49:11","slug":"visite-privee-de-cuenca-au-depart-de-madrid","status":"publish","type":"product","link":"https:\/\/tourtravelandmore.com\/fr\/tours\/espagne-fr\/madrid-fr\/tous-les-circuits-et-activites-prives\/visite-privee-de-cuenca-au-depart-de-madrid\/","title":{"rendered":"Visite priv\u00e9e de Cuenca au d\u00e9part de Madrid"},"content":{"rendered":"<h2>La description<\/h2>\n<p>Faites notre visite priv\u00e9e de Cuenca au d\u00e9part de Madrid pour d\u00e9couvrir la belle ville de Cuenca. Nous organiserons une prise en charge priv\u00e9e depuis votre h\u00f4tel \u00e0 Madrid.<\/p>\n<p>Tout d&#8217;abord, nous organiserons la prise en charge priv\u00e9e et commencerons la visite priv\u00e9e de Cuenca au d\u00e9part de Madrid. Une fois arriv\u00e9s \u00e0 Cuenca, retrouvez notre guide priv\u00e9 pour une visite guid\u00e9e de 4 heures.<\/p>\n<p>Apprenez \u00e0 conna\u00eetre Cuenca est une ville de Castille-La Manche. La ville est situ\u00e9e dans le centre de l&#8217;Espagne et c&#8217;est la capitale de la province de Cuenca.<\/p>\n<p>L&#8217;histoire de Cuenca remonte \u00e0 loin! Lorsque la p\u00e9ninsule ib\u00e9rique \u00e9tait avec les Romains dans l&#8217;Empire romain, Cuenca \u00e9tait une ville et un endroit inhabit\u00e9s. Environ en l&#8217;an 720, lorsque les musulmans ont captur\u00e9 la r\u00e9gion. Laissez notre guide priv\u00e9 \u00e0 Cuenca vous emmener vers les sites les plus importants de la ville, notamment la cath\u00e9drale, l&#8217;\u00e9glise Saint-Michel et bien plus encore!<\/p>\n<p>Vous profiterez de temps libre pour manger un morceau avant que notre chauffeur ne vous ram\u00e8ne \u00e0 votre h\u00f4tel \u00e0 Madrid.<\/p>\n<h2>Sites d&#8217;int\u00e9r\u00eat et monuments<\/h2>\n<p>Tout d&#8217;abord, nous organiserons une prise en charge priv\u00e9e depuis votre h\u00f4tel ou lieu de votre choix \u00e0 Madrid. Notre chauffeur priv\u00e9 et v\u00e9hicule de luxe viendront vous chercher et vous emm\u00e8neront \u00e0 Cuenca.<\/p>\n<p>Une fois arriv\u00e9s \u00e0 Cuenca, vous visiterez la ville historique fortifi\u00e9e et admirerez des sites incroyables comme les maisons suspendues. Vous rencontrerez votre guide priv\u00e9 et commencerez la visite priv\u00e9e de 4 heures.<\/p>\n<p>Profitez des sites les plus importants de la ville, y compris;<\/p>\n<ul>\n<li><strong>Maisons suspendues de Cuenca <\/strong><strong>beaux paysages<\/strong><\/li>\n<li><strong>Cath\u00e9drale de Cuenca<\/strong><\/li>\n<li><strong>Pont de San Pablo<\/strong><\/li>\n<li><strong>Plaza Mayor<\/strong><\/li>\n<li><strong>Tour de l&#8217;horloge: Torre de Mangana<\/strong><\/li>\n<li><strong>Convento de San Pablo<\/strong><\/li>\n<li><strong>Casas del Rey<\/strong><\/li>\n<li><strong>Iglesia San Pedro<\/strong><\/li>\n<li><strong>beaucoup plus!<\/strong><\/li>\n<\/ul>\n<p>Nous organiserons du temps libre pour manger un morceau avant de reprendre le v\u00e9hicule priv\u00e9 pour Madrid.<\/p>\n<p>Notre chauffeur priv\u00e9 vous ram\u00e8nera \u00e0 votre h\u00f4tel \u00e0 Madrid.<\/p>\n<p>Jetez un \u0153il \u00e0 nos visites priv\u00e9es \u00e0 Madrid et pour les excursions d&#8217;une journ\u00e9e.<\/p>\n","protected":false},"excerpt":{"rendered":"<p>Visite priv\u00e9e de Cuenca au d\u00e9part de Madrid. D\u00e9couvrez le meilleur de cette ville unique \u00e0 quelques heures de Madrid. V\u00e9hicule de luxe avec chauffeur \u00e0 r\u00e9cup\u00e9rer partout \u00e0 Madrid. Guide touristique officiel priv\u00e9 \u00e0 Cuenca pendant 4 heures.<\/p>\n","protected":false},"featured_media":81937,"comment_status":"open","ping_status":"closed","template":"","meta":{"_acf_changed":false},"product_brand":[],"product_cat":[5356,3543,4028,4029],"product_tag":[],"class_list":{"0":"post-97106","1":"product","2":"type-product","3":"status-publish","4":"has-post-thumbnail","6":"product_cat-private-sightseeing-tours-fr-38","7":"product_cat-madrid-fr","8":"product_cat-tous-les-circuits-et-activites-prives","9":"product_cat-excursions-privees-dune-journee","11":"first","12":"instock","13":"shipping-taxable","14":"purchasable","15":"product-type-simple"},"acf":[],"yoast_head":"<!-- This site is optimized with the Yoast SEO Premium plugin v25.3.1 (Yoast SEO v25.3.1) - https:\/\/yoast.com\/wordpress\/plugins\/seo\/ -->\n<title>Visite priv\u00e9e de Cuenca au d\u00e9part de Madrid - V\u00e9hicule de luxe - Guide officiel de Cuenca<\/title>\n<meta name=\"description\" content=\"Visite priv\u00e9e de Cuenca au d\u00e9part de Madrid. V\u00e9hicule de luxe avec chauffeur \u00e0 r\u00e9cup\u00e9rer partout \u00e0 Madrid. Guide touristique officiel priv\u00e9 \u00e0 Cuenca pendant 4 heures.\" \/>\n<meta name=\"robots\" content=\"index, follow, max-snippet:-1, max-image-preview:large, max-video-preview:-1\" \/>\n<link rel=\"canonical\" href=\"https:\/\/tourtravelandmore.com\/fr\/tours\/espagne-fr\/madrid-fr\/tous-les-circuits-et-activites-prives\/visite-privee-de-cuenca-au-depart-de-madrid\/\" \/>\n<meta property=\"og:locale\" content=\"fr_FR\" \/>\n<meta property=\"og:type\" content=\"article\" \/>\n<meta property=\"og:title\" content=\"Visite priv\u00e9e de Cuenca au d\u00e9part de Madrid\" \/>\n<meta property=\"og:description\" content=\"Visite priv\u00e9e de Cuenca au d\u00e9part de Madrid. V\u00e9hicule de luxe avec chauffeur \u00e0 r\u00e9cup\u00e9rer partout \u00e0 Madrid. Guide touristique officiel priv\u00e9 \u00e0 Cuenca pendant 4 heures.\" \/>\n<meta property=\"og:url\" content=\"https:\/\/tourtravelandmore.com\/fr\/tours\/espagne-fr\/madrid-fr\/tous-les-circuits-et-activites-prives\/visite-privee-de-cuenca-au-depart-de-madrid\/\" \/>\n<meta property=\"og:site_name\" content=\"Tour Travel And More\" \/>\n<meta property=\"article:publisher\" content=\"https:\/\/www.facebook.com\/tourtravelandmore\/\" \/>\n<meta property=\"article:modified_time\" content=\"2024-05-06T17:49:11+00:00\" \/>\n<meta property=\"og:image\" content=\"https:\/\/tourtravelandmore.com\/wp-content\/uploads\/2020\/07\/Cuenca-6.jpg\" \/>\n\t<meta property=\"og:image:width\" content=\"880\" \/>\n\t<meta property=\"og:image:height\" content=\"660\" \/>\n\t<meta property=\"og:image:type\" content=\"image\/jpeg\" \/>\n<meta name=\"twitter:card\" content=\"summary_large_image\" \/>\n<meta name=\"twitter:site\" content=\"@TourTravel_More\" \/>\n<meta name=\"twitter:label1\" content=\"Dur\u00e9e de lecture estim\u00e9e\" \/>\n\t<meta name=\"twitter:data1\" content=\"2 minutes\" \/>\n<script type=\"application\/ld+json\" class=\"yoast-schema-graph\">{\"@context\":\"https:\/\/schema.org\",\"@graph\":[{\"@type\":\"WebPage\",\"@id\":\"https:\/\/tourtravelandmore.com\/fr\/tours\/espagne-fr\/madrid-fr\/tous-les-circuits-et-activites-prives\/visite-privee-de-cuenca-au-depart-de-madrid\/\",\"url\":\"https:\/\/tourtravelandmore.com\/fr\/tours\/espagne-fr\/madrid-fr\/tous-les-circuits-et-activites-prives\/visite-privee-de-cuenca-au-depart-de-madrid\/\",\"name\":\"Visite priv\u00e9e de Cuenca au d\u00e9part de Madrid - V\u00e9hicule de luxe - Guide officiel de Cuenca\",\"isPartOf\":{\"@id\":\"https:\/\/tourtravelandmore.com\/fr\/#website\"},\"primaryImageOfPage\":{\"@id\":\"https:\/\/tourtravelandmore.com\/fr\/tours\/espagne-fr\/madrid-fr\/tous-les-circuits-et-activites-prives\/visite-privee-de-cuenca-au-depart-de-madrid\/#primaryimage\"},\"image\":{\"@id\":\"https:\/\/tourtravelandmore.com\/fr\/tours\/espagne-fr\/madrid-fr\/tous-les-circuits-et-activites-prives\/visite-privee-de-cuenca-au-depart-de-madrid\/#primaryimage\"},\"thumbnailUrl\":\"https:\/\/tourtravelandmore.com\/wp-content\/uploads\/2020\/07\/Cuenca-6.jpg\",\"datePublished\":\"2020-07-30T08:25:50+00:00\",\"dateModified\":\"2024-05-06T17:49:11+00:00\",\"description\":\"Visite priv\u00e9e de Cuenca au d\u00e9part de Madrid. V\u00e9hicule de luxe avec chauffeur \u00e0 r\u00e9cup\u00e9rer partout \u00e0 Madrid. Guide touristique officiel priv\u00e9 \u00e0 Cuenca pendant 4 heures.\",\"breadcrumb\":{\"@id\":\"https:\/\/tourtravelandmore.com\/fr\/tours\/espagne-fr\/madrid-fr\/tous-les-circuits-et-activites-prives\/visite-privee-de-cuenca-au-depart-de-madrid\/#breadcrumb\"},\"inLanguage\":\"fr-FR\",\"potentialAction\":[{\"@type\":\"ReadAction\",\"target\":[\"https:\/\/tourtravelandmore.com\/fr\/tours\/espagne-fr\/madrid-fr\/tous-les-circuits-et-activites-prives\/visite-privee-de-cuenca-au-depart-de-madrid\/\"]}]},{\"@type\":\"ImageObject\",\"inLanguage\":\"fr-FR\",\"@id\":\"https:\/\/tourtravelandmore.com\/fr\/tours\/espagne-fr\/madrid-fr\/tous-les-circuits-et-activites-prives\/visite-privee-de-cuenca-au-depart-de-madrid\/#primaryimage\",\"url\":\"https:\/\/tourtravelandmore.com\/wp-content\/uploads\/2020\/07\/Cuenca-6.jpg\",\"contentUrl\":\"https:\/\/tourtravelandmore.com\/wp-content\/uploads\/2020\/07\/Cuenca-6.jpg\",\"width\":880,\"height\":660},{\"@type\":\"BreadcrumbList\",\"@id\":\"https:\/\/tourtravelandmore.com\/fr\/tours\/espagne-fr\/madrid-fr\/tous-les-circuits-et-activites-prives\/visite-privee-de-cuenca-au-depart-de-madrid\/#breadcrumb\",\"itemListElement\":[{\"@type\":\"ListItem\",\"position\":1,\"name\":\"Home\",\"item\":\"https:\/\/tourtravelandmore.com\/fr\/\"},{\"@type\":\"ListItem\",\"position\":2,\"name\":\"Tours\",\"item\":\"https:\/\/tourtravelandmore.com\/fr\/tours\/\"},{\"@type\":\"ListItem\",\"position\":3,\"name\":\"Visite priv\u00e9e de Cuenca au d\u00e9part de Madrid\"}]},{\"@type\":\"WebSite\",\"@id\":\"https:\/\/tourtravelandmore.com\/fr\/#website\",\"url\":\"https:\/\/tourtravelandmore.com\/fr\/\",\"name\":\"Tour Travel And More\",\"description\":\"Private sightseeing tours and luxury transfers in Spain\",\"publisher\":{\"@id\":\"https:\/\/tourtravelandmore.com\/fr\/#organization\"},\"potentialAction\":[{\"@type\":\"SearchAction\",\"target\":{\"@type\":\"EntryPoint\",\"urlTemplate\":\"https:\/\/tourtravelandmore.com\/fr\/?s={search_term_string}\"},\"query-input\":{\"@type\":\"PropertyValueSpecification\",\"valueRequired\":true,\"valueName\":\"search_term_string\"}}],\"inLanguage\":\"fr-FR\"},{\"@type\":\"Organization\",\"@id\":\"https:\/\/tourtravelandmore.com\/fr\/#organization\",\"name\":\"Tour Travel And More\",\"url\":\"https:\/\/tourtravelandmore.com\/fr\/\",\"logo\":{\"@type\":\"ImageObject\",\"inLanguage\":\"fr-FR\",\"@id\":\"https:\/\/tourtravelandmore.com\/fr\/#\/schema\/logo\/image\/\",\"url\":\"https:\/\/tourtravelandmore.com\/wp-content\/uploads\/2022\/12\/cropped-logo-cabecera-new.png\",\"contentUrl\":\"https:\/\/tourtravelandmore.com\/wp-content\/uploads\/2022\/12\/cropped-logo-cabecera-new.png\",\"width\":430,\"height\":61,\"caption\":\"Tour Travel And More\"},\"image\":{\"@id\":\"https:\/\/tourtravelandmore.com\/fr\/#\/schema\/logo\/image\/\"},\"sameAs\":[\"https:\/\/www.facebook.com\/tourtravelandmore\/\",\"https:\/\/x.com\/TourTravel_More\"]}]}<\/script>\n<!-- \/ Yoast SEO Premium plugin. -->","yoast_head_json":{"title":"Visite priv\u00e9e de Cuenca au d\u00e9part de Madrid - V\u00e9hicule de luxe - Guide officiel de Cuenca","description":"Visite priv\u00e9e de Cuenca au d\u00e9part de Madrid. V\u00e9hicule de luxe avec chauffeur \u00e0 r\u00e9cup\u00e9rer partout \u00e0 Madrid. Guide touristique officiel priv\u00e9 \u00e0 Cuenca pendant 4 heures.","robots":{"index":"index","follow":"follow","max-snippet":"max-snippet:-1","max-image-preview":"max-image-preview:large","max-video-preview":"max-video-preview:-1"},"canonical":"https:\/\/tourtravelandmore.com\/fr\/tours\/espagne-fr\/madrid-fr\/tous-les-circuits-et-activites-prives\/visite-privee-de-cuenca-au-depart-de-madrid\/","og_locale":"fr_FR","og_type":"article","og_title":"Visite priv\u00e9e de Cuenca au d\u00e9part de Madrid","og_description":"Visite priv\u00e9e de Cuenca au d\u00e9part de Madrid. V\u00e9hicule de luxe avec chauffeur \u00e0 r\u00e9cup\u00e9rer partout \u00e0 Madrid. Guide touristique officiel priv\u00e9 \u00e0 Cuenca pendant 4 heures.","og_url":"https:\/\/tourtravelandmore.com\/fr\/tours\/espagne-fr\/madrid-fr\/tous-les-circuits-et-activites-prives\/visite-privee-de-cuenca-au-depart-de-madrid\/","og_site_name":"Tour Travel And More","article_publisher":"https:\/\/www.facebook.com\/tourtravelandmore\/","article_modified_time":"2024-05-06T17:49:11+00:00","og_image":[{"width":880,"height":660,"url":"https:\/\/tourtravelandmore.com\/wp-content\/uploads\/2020\/07\/Cuenca-6.jpg","type":"image\/jpeg"}],"twitter_card":"summary_large_image","twitter_site":"@TourTravel_More","twitter_misc":{"Dur\u00e9e de lecture estim\u00e9e":"2 minutes"},"schema":{"@context":"https:\/\/schema.org","@graph":[{"@type":"WebPage","@id":"https:\/\/tourtravelandmore.com\/fr\/tours\/espagne-fr\/madrid-fr\/tous-les-circuits-et-activites-prives\/visite-privee-de-cuenca-au-depart-de-madrid\/","url":"https:\/\/tourtravelandmore.com\/fr\/tours\/espagne-fr\/madrid-fr\/tous-les-circuits-et-activites-prives\/visite-privee-de-cuenca-au-depart-de-madrid\/","name":"Visite priv\u00e9e de Cuenca au d\u00e9part de Madrid - V\u00e9hicule de luxe - Guide officiel de Cuenca","isPartOf":{"@id":"https:\/\/tourtravelandmore.com\/fr\/#website"},"primaryImageOfPage":{"@id":"https:\/\/tourtravelandmore.com\/fr\/tours\/espagne-fr\/madrid-fr\/tous-les-circuits-et-activites-prives\/visite-privee-de-cuenca-au-depart-de-madrid\/#primaryimage"},"image":{"@id":"https:\/\/tourtravelandmore.com\/fr\/tours\/espagne-fr\/madrid-fr\/tous-les-circuits-et-activites-prives\/visite-privee-de-cuenca-au-depart-de-madrid\/#primaryimage"},"thumbnailUrl":"https:\/\/tourtravelandmore.com\/wp-content\/uploads\/2020\/07\/Cuenca-6.jpg","datePublished":"2020-07-30T08:25:50+00:00","dateModified":"2024-05-06T17:49:11+00:00","description":"Visite priv\u00e9e de Cuenca au d\u00e9part de Madrid. V\u00e9hicule de luxe avec chauffeur \u00e0 r\u00e9cup\u00e9rer partout \u00e0 Madrid. Guide touristique officiel priv\u00e9 \u00e0 Cuenca pendant 4 heures.","breadcrumb":{"@id":"https:\/\/tourtravelandmore.com\/fr\/tours\/espagne-fr\/madrid-fr\/tous-les-circuits-et-activites-prives\/visite-privee-de-cuenca-au-depart-de-madrid\/#breadcrumb"},"inLanguage":"fr-FR","potentialAction":[{"@type":"ReadAction","target":["https:\/\/tourtravelandmore.com\/fr\/tours\/espagne-fr\/madrid-fr\/tous-les-circuits-et-activites-prives\/visite-privee-de-cuenca-au-depart-de-madrid\/"]}]},{"@type":"ImageObject","inLanguage":"fr-FR","@id":"https:\/\/tourtravelandmore.com\/fr\/tours\/espagne-fr\/madrid-fr\/tous-les-circuits-et-activites-prives\/visite-privee-de-cuenca-au-depart-de-madrid\/#primaryimage","url":"https:\/\/tourtravelandmore.com\/wp-content\/uploads\/2020\/07\/Cuenca-6.jpg","contentUrl":"https:\/\/tourtravelandmore.com\/wp-content\/uploads\/2020\/07\/Cuenca-6.jpg","width":880,"height":660},{"@type":"BreadcrumbList","@id":"https:\/\/tourtravelandmore.com\/fr\/tours\/espagne-fr\/madrid-fr\/tous-les-circuits-et-activites-prives\/visite-privee-de-cuenca-au-depart-de-madrid\/#breadcrumb","itemListElement":[{"@type":"ListItem","position":1,"name":"Home","item":"https:\/\/tourtravelandmore.com\/fr\/"},{"@type":"ListItem","position":2,"name":"Tours","item":"https:\/\/tourtravelandmore.com\/fr\/tours\/"},{"@type":"ListItem","position":3,"name":"Visite priv\u00e9e de Cuenca au d\u00e9part de Madrid"}]},{"@type":"WebSite","@id":"https:\/\/tourtravelandmore.com\/fr\/#website","url":"https:\/\/tourtravelandmore.com\/fr\/","name":"Tour Travel And More","description":"Private sightseeing tours and luxury transfers in Spain","publisher":{"@id":"https:\/\/tourtravelandmore.com\/fr\/#organization"},"potentialAction":[{"@type":"SearchAction","target":{"@type":"EntryPoint","urlTemplate":"https:\/\/tourtravelandmore.com\/fr\/?s={search_term_string}"},"query-input":{"@type":"PropertyValueSpecification","valueRequired":true,"valueName":"search_term_string"}}],"inLanguage":"fr-FR"},{"@type":"Organization","@id":"https:\/\/tourtravelandmore.com\/fr\/#organization","name":"Tour Travel And More","url":"https:\/\/tourtravelandmore.com\/fr\/","logo":{"@type":"ImageObject","inLanguage":"fr-FR","@id":"https:\/\/tourtravelandmore.com\/fr\/#\/schema\/logo\/image\/","url":"https:\/\/tourtravelandmore.com\/wp-content\/uploads\/2022\/12\/cropped-logo-cabecera-new.png","contentUrl":"https:\/\/tourtravelandmore.com\/wp-content\/uploads\/2022\/12\/cropped-logo-cabecera-new.png","width":430,"height":61,"caption":"Tour Travel And More"},"image":{"@id":"https:\/\/tourtravelandmore.com\/fr\/#\/schema\/logo\/image\/"},"sameAs":["https:\/\/www.facebook.com\/tourtravelandmore\/","https:\/\/x.com\/TourTravel_More"]}]}},"_links":{"self":[{"href":"https:\/\/tourtravelandmore.com\/fr\/wp-json\/wp\/v2\/product\/97106","targetHints":{"allow":["GET"]}}],"collection":[{"href":"https:\/\/tourtravelandmore.com\/fr\/wp-json\/wp\/v2\/product"}],"about":[{"href":"https:\/\/tourtravelandmore.com\/fr\/wp-json\/wp\/v2\/types\/product"}],"replies":[{"embeddable":true,"href":"https:\/\/tourtravelandmore.com\/fr\/wp-json\/wp\/v2\/comments?post=97106"}],"wp:featuredmedia":[{"embeddable":true,"href":"https:\/\/tourtravelandmore.com\/fr\/wp-json\/wp\/v2\/media\/81937"}],"wp:attachment":[{"href":"https:\/\/tourtravelandmore.com\/fr\/wp-json\/wp\/v2\/media?parent=97106"}],"wp:term":[{"taxonomy":"product_brand","embeddable":true,"href":"https:\/\/tourtravelandmore.com\/fr\/wp-json\/wp\/v2\/product_brand?post=97106"},{"taxonomy":"product_cat","embeddable":true,"href":"https:\/\/tourtravelandmore.com\/fr\/wp-json\/wp\/v2\/product_cat?post=97106"},{"taxonomy":"product_tag","embeddable":true,"href":"https:\/\/tourtravelandmore.com\/fr\/wp-json\/wp\/v2\/product_tag?post=97106"}],"curies":[{"name":"wp","href":"https:\/\/api.w.org\/{rel}","templated":true}]}}