{"id":94246,"date":"2016-10-20T16:46:24","date_gmt":"2016-10-20T14:46:24","guid":{"rendered":"https:\/\/tourtravelandmore.com\/tours\/non class\u00e9\/shopping-prive-a-la-roca-village-au-depart-de-barcelone\/"},"modified":"2016-10-20T16:46:24","modified_gmt":"2016-10-20T14:46:24","slug":"shopping-prive-a-la-roca-village-au-depart-de-barcelone","status":"publish","type":"product","link":"https:\/\/tourtravelandmore.com\/fr\/tours\/espagne-fr\/barcelone-fr\/shopping-prive-a-la-roca-village-au-depart-de-barcelone\/","title":{"rendered":"Shopping priv\u00e9 \u00e0 La Roca Village au d\u00e9part de Barcelone"},"content":{"rendered":"<h2>La description<\/h2>\n<p>Profitez de cette visite priv\u00e9e avec votre guide officiel et d\u00e9couvrez les superbes boutiques de La Roca Village au d\u00e9part de Barcelone.<br \/>\nNous viendrons vous chercher \u00e0 votre h\u00f4tel ou au lieu de votre choix et vous emm\u00e8nerons dans cette exp\u00e9rience de magasinage priv\u00e9e de La Roca Village.<br \/>\nNous vous aiderons \u00e0 organiser votre exp\u00e9rience totalement personnalis\u00e9e et unique \u00e0 Barcelone.<br \/>\nDans la visite suivante, nous avons inclus un v\u00e9hicule de luxe priv\u00e9 et un chauffeur. Si vous avez \u00e9galement besoin d&#8217;un guide pour vous accompagner, veuillez nous en informer et nous pourrons modifier la proposition.<br \/>\nSites et monuments les plus importants de cette visite priv\u00e9e<\/p>\n<p>Nous viendrons vous chercher \u00e0 votre h\u00f4tel \u00e0 Barcelone et nous dirigerons vers La Roca Village. Cet espace de shopping en plein air offre une exp\u00e9rience unique \u00e0 Barcelone, avec plus de 130 boutiques de marques de luxe internationales et nationales, o\u00f9 ils proposent des v\u00eatements, des accessoires et des cosm\u00e9tiques de la saison derni\u00e8re avec des r\u00e9ductions allant jusqu&#8217;\u00e0 60% sur le prix de d\u00e9tail.<br \/>\nProfitez de marques comme Armani, Loewe, Carolina Herera, Gucci, BDBA, Bimba &amp; Lola, Calvin Klein Jeans, Diesel, Hugo Boss, Michael Kors, Moncler, Ralph Lauren, Ray-Ban, Sita Murt, Tag Heur, Versace Company Store, Ermenegildo Zegna et bien plus encore.<br \/>\nLorsque le temps est \u00e9coul\u00e9, votre guide officiel priv\u00e9 et chauffeur avec v\u00e9hicule vous ram\u00e8nera \u00e0 votre h\u00f4tel ou lieu de votre choix \u00e0 Barcelone.<br \/>\nNous pouvons organiser la dur\u00e9e exacte de l&#8217;exp\u00e9rience en fonction de vos propres besoins. Nous avons sugg\u00e9r\u00e9 5 heures, si vous avez besoin de plus de temps, veuillez nous en informer.<\/p>\n<h2>Ville de Barcelone<\/h2>\n<p>Barcelone est une ville et une province d&#8217;Espagne au sein de la communaut\u00e9 autonome de Catalogne. Historiquement, c&#8217;\u00e9tait la capitale du principal de la Catalogne. Les habitants de Barcelone sont plus de 1 600 000 habitants. Apr\u00e8s Madrid, c\u2019est la ville la plus peupl\u00e9e d\u2019Espagne. Les beaut\u00e9s de Barcelone, entre autres, comprennent la mer M\u00e9diterran\u00e9e et \u00e0 120 km des Pyr\u00e9n\u00e9es. L&#8217;un des moments les plus importants de la ville a \u00e9t\u00e9 les Jeux Olympiques de 1992. Son port est \u00e9galement tr\u00e8s important et attire des millions de touristes chaque ann\u00e9e.<br \/>\nNos visites priv\u00e9es et exp\u00e9riences chez Tour Travel &amp; More<\/p>\n<p>Tour Travel &amp; More propose des visites priv\u00e9es personnalis\u00e9es pour les familles, les groupes d&#8217;amis ou m\u00eame des incentives. Nous adaptons nos circuits \u00e0 vos besoins personnels. Nous comprenons \u00e9galement les besoins de chaque client pendant ses vacances et nous faisons tout notre possible pour rendre votre s\u00e9jour et votre exp\u00e9rience inoubliables. Tous nos v\u00e9hicules sont des v\u00e9hicules de luxe priv\u00e9s, des mini bus et des bus. Nos guides sont dans tous les cas des guides touristiques officiels priv\u00e9s, agr\u00e9\u00e9s et ont tous de grandes connaissances pour rendre votre exp\u00e9rience m\u00e9morable. Nous avons des guides officiels dans un grand nombre de langues: anglais, espagnol, fran\u00e7ais, italien, polonais, n\u00e9erlandais, chinois, russe, japonais, allemand, grec et portugais entre autres.<\/p>\n","protected":false},"excerpt":{"rendered":"<p>Profitez de cette exp\u00e9rience compl\u00e8tement priv\u00e9e \u00e0 La Roca Village de Barcelone. Profitez de cette occasion pour d\u00e9couvrir cette grande exp\u00e9rience de magasinage d&#8217;usine de La Roca Village avec votre propre v\u00e9hicule priv\u00e9 avec chauffeur. Vous aurez une journ\u00e9e compl\u00e8te pour faire du shopping \u00e0 La Roca Village avec de nombreuses marques de v\u00eatements. Personnalisez votre propre exp\u00e9rience.<\/p>\n","protected":false},"featured_media":93878,"comment_status":"open","ping_status":"closed","template":"","meta":{"_acf_changed":false},"product_brand":[],"product_cat":[3538],"product_tag":[],"class_list":{"0":"post-94246","1":"product","2":"type-product","3":"status-publish","4":"has-post-thumbnail","6":"product_cat-barcelone-fr","8":"first","9":"instock","10":"shipping-taxable","11":"purchasable","12":"product-type-simple"},"acf":[],"yoast_head":"<!-- This site is optimized with the Yoast SEO Premium plugin v25.3.1 (Yoast SEO v25.3.1) - https:\/\/yoast.com\/wordpress\/plugins\/seo\/ -->\n<title>Shopping priv\u00e9 \u00e0 La Roca Village - VISITE PRIV\u00c9E DE BARCELONE<\/title>\n<meta name=\"description\" content=\"Exp\u00e9rience de shopping Outlet de La Roca Village avec votre propre v\u00e9hicule priv\u00e9 avec chauffeur. Visite priv\u00e9e du village de La Roca au d\u00e9part de Barcelone.\" \/>\n<meta name=\"robots\" content=\"index, follow, max-snippet:-1, max-image-preview:large, max-video-preview:-1\" \/>\n<link rel=\"canonical\" href=\"https:\/\/tourtravelandmore.com\/fr\/tours\/espagne-fr\/barcelone-fr\/shopping-prive-a-la-roca-village-au-depart-de-barcelone\/\" \/>\n<meta property=\"og:locale\" content=\"fr_FR\" \/>\n<meta property=\"og:type\" content=\"article\" \/>\n<meta property=\"og:title\" content=\"Shopping priv\u00e9 \u00e0 La Roca Village au d\u00e9part de Barcelone\" \/>\n<meta property=\"og:description\" content=\"Exp\u00e9rience de shopping Outlet de La Roca Village avec votre propre v\u00e9hicule priv\u00e9 avec chauffeur. Visite priv\u00e9e du village de La Roca au d\u00e9part de Barcelone.\" \/>\n<meta property=\"og:url\" content=\"https:\/\/tourtravelandmore.com\/fr\/tours\/espagne-fr\/barcelone-fr\/shopping-prive-a-la-roca-village-au-depart-de-barcelone\/\" \/>\n<meta property=\"og:site_name\" content=\"Tour Travel And More\" \/>\n<meta property=\"article:publisher\" content=\"https:\/\/www.facebook.com\/tourtravelandmore\/\" \/>\n<meta property=\"og:image\" content=\"https:\/\/tourtravelandmore.com\/wp-content\/uploads\/2016\/10\/costa-brava-la-roca-village-private-tour-5.jpg\" \/>\n\t<meta property=\"og:image:width\" content=\"960\" \/>\n\t<meta property=\"og:image:height\" content=\"719\" \/>\n\t<meta property=\"og:image:type\" content=\"image\/jpeg\" \/>\n<meta name=\"twitter:card\" content=\"summary_large_image\" \/>\n<meta name=\"twitter:site\" content=\"@TourTravel_More\" \/>\n<meta name=\"twitter:label1\" content=\"Dur\u00e9e de lecture estim\u00e9e\" \/>\n\t<meta name=\"twitter:data1\" content=\"3 minutes\" \/>\n<script type=\"application\/ld+json\" class=\"yoast-schema-graph\">{\"@context\":\"https:\/\/schema.org\",\"@graph\":[{\"@type\":\"WebPage\",\"@id\":\"https:\/\/tourtravelandmore.com\/fr\/tours\/espagne-fr\/barcelone-fr\/shopping-prive-a-la-roca-village-au-depart-de-barcelone\/\",\"url\":\"https:\/\/tourtravelandmore.com\/fr\/tours\/espagne-fr\/barcelone-fr\/shopping-prive-a-la-roca-village-au-depart-de-barcelone\/\",\"name\":\"Shopping priv\u00e9 \u00e0 La Roca Village - VISITE PRIV\u00c9E DE BARCELONE\",\"isPartOf\":{\"@id\":\"https:\/\/tourtravelandmore.com\/fr\/#website\"},\"primaryImageOfPage\":{\"@id\":\"https:\/\/tourtravelandmore.com\/fr\/tours\/espagne-fr\/barcelone-fr\/shopping-prive-a-la-roca-village-au-depart-de-barcelone\/#primaryimage\"},\"image\":{\"@id\":\"https:\/\/tourtravelandmore.com\/fr\/tours\/espagne-fr\/barcelone-fr\/shopping-prive-a-la-roca-village-au-depart-de-barcelone\/#primaryimage\"},\"thumbnailUrl\":\"https:\/\/tourtravelandmore.com\/wp-content\/uploads\/2016\/10\/costa-brava-la-roca-village-private-tour-5.jpg\",\"datePublished\":\"2016-10-20T14:46:24+00:00\",\"description\":\"Exp\u00e9rience de shopping Outlet de La Roca Village avec votre propre v\u00e9hicule priv\u00e9 avec chauffeur. Visite priv\u00e9e du village de La Roca au d\u00e9part de Barcelone.\",\"breadcrumb\":{\"@id\":\"https:\/\/tourtravelandmore.com\/fr\/tours\/espagne-fr\/barcelone-fr\/shopping-prive-a-la-roca-village-au-depart-de-barcelone\/#breadcrumb\"},\"inLanguage\":\"fr-FR\",\"potentialAction\":[{\"@type\":\"ReadAction\",\"target\":[\"https:\/\/tourtravelandmore.com\/fr\/tours\/espagne-fr\/barcelone-fr\/shopping-prive-a-la-roca-village-au-depart-de-barcelone\/\"]}]},{\"@type\":\"ImageObject\",\"inLanguage\":\"fr-FR\",\"@id\":\"https:\/\/tourtravelandmore.com\/fr\/tours\/espagne-fr\/barcelone-fr\/shopping-prive-a-la-roca-village-au-depart-de-barcelone\/#primaryimage\",\"url\":\"https:\/\/tourtravelandmore.com\/wp-content\/uploads\/2016\/10\/costa-brava-la-roca-village-private-tour-5.jpg\",\"contentUrl\":\"https:\/\/tourtravelandmore.com\/wp-content\/uploads\/2016\/10\/costa-brava-la-roca-village-private-tour-5.jpg\",\"width\":960,\"height\":719},{\"@type\":\"BreadcrumbList\",\"@id\":\"https:\/\/tourtravelandmore.com\/fr\/tours\/espagne-fr\/barcelone-fr\/shopping-prive-a-la-roca-village-au-depart-de-barcelone\/#breadcrumb\",\"itemListElement\":[{\"@type\":\"ListItem\",\"position\":1,\"name\":\"Home\",\"item\":\"https:\/\/tourtravelandmore.com\/fr\/\"},{\"@type\":\"ListItem\",\"position\":2,\"name\":\"Tours\",\"item\":\"https:\/\/tourtravelandmore.com\/fr\/tours\/\"},{\"@type\":\"ListItem\",\"position\":3,\"name\":\"Shopping priv\u00e9 \u00e0 La Roca Village au d\u00e9part de Barcelone\"}]},{\"@type\":\"WebSite\",\"@id\":\"https:\/\/tourtravelandmore.com\/fr\/#website\",\"url\":\"https:\/\/tourtravelandmore.com\/fr\/\",\"name\":\"Tour Travel And More\",\"description\":\"Private sightseeing tours and luxury transfers in Spain\",\"publisher\":{\"@id\":\"https:\/\/tourtravelandmore.com\/fr\/#organization\"},\"potentialAction\":[{\"@type\":\"SearchAction\",\"target\":{\"@type\":\"EntryPoint\",\"urlTemplate\":\"https:\/\/tourtravelandmore.com\/fr\/?s={search_term_string}\"},\"query-input\":{\"@type\":\"PropertyValueSpecification\",\"valueRequired\":true,\"valueName\":\"search_term_string\"}}],\"inLanguage\":\"fr-FR\"},{\"@type\":\"Organization\",\"@id\":\"https:\/\/tourtravelandmore.com\/fr\/#organization\",\"name\":\"Tour Travel And More\",\"url\":\"https:\/\/tourtravelandmore.com\/fr\/\",\"logo\":{\"@type\":\"ImageObject\",\"inLanguage\":\"fr-FR\",\"@id\":\"https:\/\/tourtravelandmore.com\/fr\/#\/schema\/logo\/image\/\",\"url\":\"https:\/\/tourtravelandmore.com\/wp-content\/uploads\/2022\/12\/cropped-logo-cabecera-new.png\",\"contentUrl\":\"https:\/\/tourtravelandmore.com\/wp-content\/uploads\/2022\/12\/cropped-logo-cabecera-new.png\",\"width\":430,\"height\":61,\"caption\":\"Tour Travel And More\"},\"image\":{\"@id\":\"https:\/\/tourtravelandmore.com\/fr\/#\/schema\/logo\/image\/\"},\"sameAs\":[\"https:\/\/www.facebook.com\/tourtravelandmore\/\",\"https:\/\/x.com\/TourTravel_More\"]}]}<\/script>\n<!-- \/ Yoast SEO Premium plugin. -->","yoast_head_json":{"title":"Shopping priv\u00e9 \u00e0 La Roca Village - VISITE PRIV\u00c9E DE BARCELONE","description":"Exp\u00e9rience de shopping Outlet de La Roca Village avec votre propre v\u00e9hicule priv\u00e9 avec chauffeur. Visite priv\u00e9e du village de La Roca au d\u00e9part de Barcelone.","robots":{"index":"index","follow":"follow","max-snippet":"max-snippet:-1","max-image-preview":"max-image-preview:large","max-video-preview":"max-video-preview:-1"},"canonical":"https:\/\/tourtravelandmore.com\/fr\/tours\/espagne-fr\/barcelone-fr\/shopping-prive-a-la-roca-village-au-depart-de-barcelone\/","og_locale":"fr_FR","og_type":"article","og_title":"Shopping priv\u00e9 \u00e0 La Roca Village au d\u00e9part de Barcelone","og_description":"Exp\u00e9rience de shopping Outlet de La Roca Village avec votre propre v\u00e9hicule priv\u00e9 avec chauffeur. Visite priv\u00e9e du village de La Roca au d\u00e9part de Barcelone.","og_url":"https:\/\/tourtravelandmore.com\/fr\/tours\/espagne-fr\/barcelone-fr\/shopping-prive-a-la-roca-village-au-depart-de-barcelone\/","og_site_name":"Tour Travel And More","article_publisher":"https:\/\/www.facebook.com\/tourtravelandmore\/","og_image":[{"width":960,"height":719,"url":"https:\/\/tourtravelandmore.com\/wp-content\/uploads\/2016\/10\/costa-brava-la-roca-village-private-tour-5.jpg","type":"image\/jpeg"}],"twitter_card":"summary_large_image","twitter_site":"@TourTravel_More","twitter_misc":{"Dur\u00e9e de lecture estim\u00e9e":"3 minutes"},"schema":{"@context":"https:\/\/schema.org","@graph":[{"@type":"WebPage","@id":"https:\/\/tourtravelandmore.com\/fr\/tours\/espagne-fr\/barcelone-fr\/shopping-prive-a-la-roca-village-au-depart-de-barcelone\/","url":"https:\/\/tourtravelandmore.com\/fr\/tours\/espagne-fr\/barcelone-fr\/shopping-prive-a-la-roca-village-au-depart-de-barcelone\/","name":"Shopping priv\u00e9 \u00e0 La Roca Village - VISITE PRIV\u00c9E DE BARCELONE","isPartOf":{"@id":"https:\/\/tourtravelandmore.com\/fr\/#website"},"primaryImageOfPage":{"@id":"https:\/\/tourtravelandmore.com\/fr\/tours\/espagne-fr\/barcelone-fr\/shopping-prive-a-la-roca-village-au-depart-de-barcelone\/#primaryimage"},"image":{"@id":"https:\/\/tourtravelandmore.com\/fr\/tours\/espagne-fr\/barcelone-fr\/shopping-prive-a-la-roca-village-au-depart-de-barcelone\/#primaryimage"},"thumbnailUrl":"https:\/\/tourtravelandmore.com\/wp-content\/uploads\/2016\/10\/costa-brava-la-roca-village-private-tour-5.jpg","datePublished":"2016-10-20T14:46:24+00:00","description":"Exp\u00e9rience de shopping Outlet de La Roca Village avec votre propre v\u00e9hicule priv\u00e9 avec chauffeur. Visite priv\u00e9e du village de La Roca au d\u00e9part de Barcelone.","breadcrumb":{"@id":"https:\/\/tourtravelandmore.com\/fr\/tours\/espagne-fr\/barcelone-fr\/shopping-prive-a-la-roca-village-au-depart-de-barcelone\/#breadcrumb"},"inLanguage":"fr-FR","potentialAction":[{"@type":"ReadAction","target":["https:\/\/tourtravelandmore.com\/fr\/tours\/espagne-fr\/barcelone-fr\/shopping-prive-a-la-roca-village-au-depart-de-barcelone\/"]}]},{"@type":"ImageObject","inLanguage":"fr-FR","@id":"https:\/\/tourtravelandmore.com\/fr\/tours\/espagne-fr\/barcelone-fr\/shopping-prive-a-la-roca-village-au-depart-de-barcelone\/#primaryimage","url":"https:\/\/tourtravelandmore.com\/wp-content\/uploads\/2016\/10\/costa-brava-la-roca-village-private-tour-5.jpg","contentUrl":"https:\/\/tourtravelandmore.com\/wp-content\/uploads\/2016\/10\/costa-brava-la-roca-village-private-tour-5.jpg","width":960,"height":719},{"@type":"BreadcrumbList","@id":"https:\/\/tourtravelandmore.com\/fr\/tours\/espagne-fr\/barcelone-fr\/shopping-prive-a-la-roca-village-au-depart-de-barcelone\/#breadcrumb","itemListElement":[{"@type":"ListItem","position":1,"name":"Home","item":"https:\/\/tourtravelandmore.com\/fr\/"},{"@type":"ListItem","position":2,"name":"Tours","item":"https:\/\/tourtravelandmore.com\/fr\/tours\/"},{"@type":"ListItem","position":3,"name":"Shopping priv\u00e9 \u00e0 La Roca Village au d\u00e9part de Barcelone"}]},{"@type":"WebSite","@id":"https:\/\/tourtravelandmore.com\/fr\/#website","url":"https:\/\/tourtravelandmore.com\/fr\/","name":"Tour Travel And More","description":"Private sightseeing tours and luxury transfers in Spain","publisher":{"@id":"https:\/\/tourtravelandmore.com\/fr\/#organization"},"potentialAction":[{"@type":"SearchAction","target":{"@type":"EntryPoint","urlTemplate":"https:\/\/tourtravelandmore.com\/fr\/?s={search_term_string}"},"query-input":{"@type":"PropertyValueSpecification","valueRequired":true,"valueName":"search_term_string"}}],"inLanguage":"fr-FR"},{"@type":"Organization","@id":"https:\/\/tourtravelandmore.com\/fr\/#organization","name":"Tour Travel And More","url":"https:\/\/tourtravelandmore.com\/fr\/","logo":{"@type":"ImageObject","inLanguage":"fr-FR","@id":"https:\/\/tourtravelandmore.com\/fr\/#\/schema\/logo\/image\/","url":"https:\/\/tourtravelandmore.com\/wp-content\/uploads\/2022\/12\/cropped-logo-cabecera-new.png","contentUrl":"https:\/\/tourtravelandmore.com\/wp-content\/uploads\/2022\/12\/cropped-logo-cabecera-new.png","width":430,"height":61,"caption":"Tour Travel And More"},"image":{"@id":"https:\/\/tourtravelandmore.com\/fr\/#\/schema\/logo\/image\/"},"sameAs":["https:\/\/www.facebook.com\/tourtravelandmore\/","https:\/\/x.com\/TourTravel_More"]}]}},"_links":{"self":[{"href":"https:\/\/tourtravelandmore.com\/fr\/wp-json\/wp\/v2\/product\/94246","targetHints":{"allow":["GET"]}}],"collection":[{"href":"https:\/\/tourtravelandmore.com\/fr\/wp-json\/wp\/v2\/product"}],"about":[{"href":"https:\/\/tourtravelandmore.com\/fr\/wp-json\/wp\/v2\/types\/product"}],"replies":[{"embeddable":true,"href":"https:\/\/tourtravelandmore.com\/fr\/wp-json\/wp\/v2\/comments?post=94246"}],"wp:featuredmedia":[{"embeddable":true,"href":"https:\/\/tourtravelandmore.com\/fr\/wp-json\/wp\/v2\/media\/93878"}],"wp:attachment":[{"href":"https:\/\/tourtravelandmore.com\/fr\/wp-json\/wp\/v2\/media?parent=94246"}],"wp:term":[{"taxonomy":"product_brand","embeddable":true,"href":"https:\/\/tourtravelandmore.com\/fr\/wp-json\/wp\/v2\/product_brand?post=94246"},{"taxonomy":"product_cat","embeddable":true,"href":"https:\/\/tourtravelandmore.com\/fr\/wp-json\/wp\/v2\/product_cat?post=94246"},{"taxonomy":"product_tag","embeddable":true,"href":"https:\/\/tourtravelandmore.com\/fr\/wp-json\/wp\/v2\/product_tag?post=94246"}],"curies":[{"name":"wp","href":"https:\/\/api.w.org\/{rel}","templated":true}]}}